{"id":9262,"date":"2023-11-11T18:33:51","date_gmt":"2023-11-11T10:33:51","guid":{"rendered":"http:\/\/www.rooderchina.com\/index.php\/product\/china-electric-bike-r809-with-16-inch-tires-aluminum-alloy-frame-and-removable-lithium-battery-14kgs-only\/"},"modified":"2023-11-11T18:35:07","modified_gmt":"2023-11-11T10:35:07","slug":"china-electric-bike-r809-with-16-inch-tires-aluminum-alloy-frame-and-removable-lithium-battery-14kgs-only","status":"publish","type":"product","link":"https:\/\/www.rooderchina.com\/pt\/produto\/china-electric-bike-r809-with-16-inch-tires-aluminum-alloy-frame-and-removable-lithium-battery-14kgs-only\/","title":{"rendered":"bicicleta el\u00e9trica china r809 com pneus de 16 polegadas, quadro de liga de alum\u00ednio e bateria de l\u00edtio remov\u00edvel de apenas 14 kg"},"content":{"rendered":"<p>Temos uma equipe profissional de design de produtos e uma equipe de design de ilumina\u00e7\u00e3o, que podem oferecer as melhores solu\u00e7\u00f5es de transporte pessoal e de economia de energia. Agora, fomos homenageados como National Hi-tech Enterprise, Shenzhen Top-branded Enterprise e China Advanced Enterprise in Harmonious Labor Relations.<\/p>\n<p><strong><a href=\"https:\/\/www.rooderchina.com\/pt\/tag\/china-electric-bike\/\" title=\"Ver todos os posts em china electric bike\" target=\"_blank\" rel=\"noopener\">bicicleta el\u00e9trica da china<\/a> com pneus de 16 polegadas, estrutura de liga de alum\u00ednio e bateria de l\u00edtio remov\u00edvel de 14 kg somente da Rooder <a href=\"https:\/\/www.rooderchina.com\/pt\/tag\/china-lightweight-electric-bike-manufacturers\/\" title=\"Ver todos os posts em fabricantes de bicicletas el\u00e9tricas leves da china\" target=\"_blank\" rel=\"noopener\">fabricantes de bicicletas el\u00e9tricas leves da china<\/a><\/strong><\/p>\n<p>\nmodelo: r809<br \/>\nTamanho da roda: 16 polegadas<br \/>\nestrutura: estrutura de alum\u00ednio<br \/>\nmotor: Motor sem engrenagens de 36v250w<br \/>\nBateria: 36v5.2a<br \/>\nTempo de carga: 3-4 horas<br \/>\nfreio: freio a disco dianteiro e traseiro<br \/>\nCortador de aro 13g36h<br \/>\nTela: tela de lcd<br \/>\ncarga m\u00e1xima: 100 kg<br \/>\nalcance: 50 km<br \/>\nTempo de carga: 3-4 horas<br \/>\nVelocidade m\u00e1xima: 25km\/h<br \/>\nTamanho da embalagem: 1320*650*260mm<br \/>\nPeso l\u00edquido: 14 kg<br \/>\nPeso bruto: 18 kg<\/p>","protected":false},"excerpt":{"rendered":"<h3>Descri\u00e7\u00e3o resumida:<\/h3>\n<p><p>Encomende uma bicicleta el\u00e9trica chinesa de alta qualidade, venda por atacado uma bicicleta el\u00e9trica chinesa barata de fabricantes de bicicletas el\u00e9tricas chinesas da Rooder, f\u00e1bricas, fornecedores e exportadores<\/p>\n<p>16 polegadas,<br \/>\nmotor potente,<br \/>\nBateria remov\u00edvel,<br \/>\nEstrutura em liga de alum\u00ednio,<br \/>\npeso leve<\/p>\n<\/p>\n<p><\/p>\n<li><em>Marca: <\/em> OEM\/ODM\/ROODER<\/li>\n<li><em>Quantidade m\u00ednima do pedido: <\/em> 10 pe\u00e7as\/pe\u00e7as<\/li>\n<li><em>Capacidade de fornecimento: <\/em> 10000 pe\u00e7as\/pe\u00e7as por m\u00eas<\/li>\n<li><em>Porto: <\/em> Shenzhen<\/li>\n<li><em>Condi\u00e7\u00f5es de pagamento: <\/em> T\/T, L\/C, D\/A, D\/P<\/li>","protected":false},"featured_media":9264,"comment_status":"closed","ping_status":"open","template":"","meta":[],"product_brand":[],"product_cat":[574],"product_tag":[575,576,577,578,579,580,581,582,583,584,585,586,587,588,589,590,591,592],"class_list":{"0":"post-9262","1":"product","2":"type-product","3":"status-publish","4":"has-post-thumbnail","6":"product_cat-electric-bicycles","7":"product_tag-8000watt-e-bike","8":"product_tag-big-tire-mini-bike","9":"product_tag-brushless-motor-bike","10":"product_tag-buy-electric-motorbike","11":"product_tag-china-electric-bike","12":"product_tag-china-lightweight-electric-bike-manufacturers","13":"product_tag-china-motorbike","14":"product_tag-chinese-electric-bike-manufacturers","15":"product_tag-e-bike-chopper","16":"product_tag-electric-chopper-bike","17":"product_tag-electric-one-wheel-bike","18":"product_tag-electric-scooter-bike-for-adults","19":"product_tag-harley-electric-bike","20":"product_tag-harley-mini-bike-for-sale","21":"product_tag-skillful-folding-electric-bike-supplier","22":"product_tag-stigo-bike","23":"product_tag-wholesale-carbon-fiber-mountain-bike-rims-factory","24":"product_tag-xiaomi-bike","26":"first","27":"instock","28":"product-type-simple"},"yoast_head":"<!-- This site is optimized with the Yoast SEO plugin v21.7 - https:\/\/yoast.com\/wordpress\/plugins\/seo\/ -->\n<title>china electric bike r809 with 16 inch tires aluminum alloy frame and removable lithium battery 14kgs only - Electric Scooters Bikes Citycoco Manufacturer<\/title>\n<meta name=\"robots\" content=\"index, follow, max-snippet:-1, max-image-preview:large, max-video-preview:-1\" \/>\n<link rel=\"canonical\" href=\"https:\/\/www.rooderchina.com\/pt\/produto\/china-electric-bike-r809-with-16-inch-tires-aluminum-alloy-frame-and-removable-lithium-battery-14kgs-only\/\" \/>\n<meta property=\"og:locale\" content=\"pt_BR\" \/>\n<meta property=\"og:type\" content=\"article\" \/>\n<meta property=\"og:title\" content=\"china electric bike r809 with 16 inch tires aluminum alloy frame and removable lithium battery 14kgs only - Electric Scooters Bikes Citycoco Manufacturer\" \/>\n<meta property=\"og:description\" content=\"Short Description: Order high quality\u00a0chinese electric bike, wholesale cheap\u00a0chinese electric bike from Rooder\u00a0chinese electric bike manufacturers\u00a0factories suppliers exporters companies 16inch, powerful motor, removable battery, aluminum alloy frame, light weight    Brand: OEM\/ODM\/ROODER   Min.Order Quantity: 10 Piece\/Pieces   Supply Ability: 10000 Piece\/Pieces per Month   Port: Shenzhen   Payment Terms: T\/T, L\/C, D\/A, D\/P\" \/>\n<meta property=\"og:url\" content=\"https:\/\/www.rooderchina.com\/pt\/produto\/china-electric-bike-r809-with-16-inch-tires-aluminum-alloy-frame-and-removable-lithium-battery-14kgs-only\/\" \/>\n<meta property=\"og:site_name\" content=\"Electric Scooters Bikes Citycoco Manufacturer\" \/>\n<meta property=\"article:publisher\" content=\"https:\/\/www.facebook.com\/rooder.tec\" \/>\n<meta property=\"article:modified_time\" content=\"2023-11-11T10:35:07+00:00\" \/>\n<meta property=\"og:image\" content=\"https:\/\/www.rooderchina.com\/wp-content\/uploads\/2023\/11\/3289183d.jpg\" \/>\n\t<meta property=\"og:image:width\" content=\"750\" \/>\n\t<meta property=\"og:image:height\" content=\"750\" \/>\n\t<meta property=\"og:image:type\" content=\"image\/jpeg\" \/>\n<meta name=\"twitter:card\" content=\"summary_large_image\" \/>\n<meta name=\"twitter:site\" content=\"@RooderTec\" \/>\n<meta name=\"twitter:label1\" content=\"Est. tempo de leitura\" \/>\n\t<meta name=\"twitter:data1\" content=\"1 minuto\" \/>\n<script type=\"application\/ld+json\" class=\"yoast-schema-graph\">{\"@context\":\"https:\/\/schema.org\",\"@graph\":[{\"@type\":\"WebPage\",\"@id\":\"https:\/\/www.rooderchina.com\/product\/china-electric-bike-r809-with-16-inch-tires-aluminum-alloy-frame-and-removable-lithium-battery-14kgs-only\/\",\"url\":\"https:\/\/www.rooderchina.com\/product\/china-electric-bike-r809-with-16-inch-tires-aluminum-alloy-frame-and-removable-lithium-battery-14kgs-only\/\",\"name\":\"china electric bike r809 with 16 inch tires aluminum alloy frame and removable lithium battery 14kgs only - Electric Scooters Bikes Citycoco Manufacturer\",\"isPartOf\":{\"@id\":\"https:\/\/www.rooderchina.com\/#website\"},\"datePublished\":\"2023-11-11T10:33:51+00:00\",\"dateModified\":\"2023-11-11T10:35:07+00:00\",\"breadcrumb\":{\"@id\":\"https:\/\/www.rooderchina.com\/product\/china-electric-bike-r809-with-16-inch-tires-aluminum-alloy-frame-and-removable-lithium-battery-14kgs-only\/#breadcrumb\"},\"inLanguage\":\"pt-BR\",\"potentialAction\":[{\"@type\":\"ReadAction\",\"target\":[\"https:\/\/www.rooderchina.com\/product\/china-electric-bike-r809-with-16-inch-tires-aluminum-alloy-frame-and-removable-lithium-battery-14kgs-only\/\"]}]},{\"@type\":\"BreadcrumbList\",\"@id\":\"https:\/\/www.rooderchina.com\/product\/china-electric-bike-r809-with-16-inch-tires-aluminum-alloy-frame-and-removable-lithium-battery-14kgs-only\/#breadcrumb\",\"itemListElement\":[{\"@type\":\"ListItem\",\"position\":1,\"name\":\"HOME\",\"item\":\"https:\/\/www.rooderchina.com\/\"},{\"@type\":\"ListItem\",\"position\":2,\"name\":\"Shop\",\"item\":\"https:\/\/www.rooderchina.com\/shop\/\"},{\"@type\":\"ListItem\",\"position\":3,\"name\":\"china electric bike r809 with 16 inch tires aluminum alloy frame and removable lithium battery 14kgs only\"}]},{\"@type\":\"WebSite\",\"@id\":\"https:\/\/www.rooderchina.com\/#website\",\"url\":\"https:\/\/www.rooderchina.com\/\",\"name\":\"Electric Scooters Bikes Citycoco Manufacturer\",\"description\":\"Rooder Technology Limited\",\"publisher\":{\"@id\":\"https:\/\/www.rooderchina.com\/#organization\"},\"potentialAction\":[{\"@type\":\"SearchAction\",\"target\":{\"@type\":\"EntryPoint\",\"urlTemplate\":\"https:\/\/www.rooderchina.com\/?s={search_term_string}\"},\"query-input\":\"required name=search_term_string\"}],\"inLanguage\":\"pt-BR\"},{\"@type\":\"Organization\",\"@id\":\"https:\/\/www.rooderchina.com\/#organization\",\"name\":\"Electric Scooters Bikes Citycoco Manufacturer\",\"url\":\"https:\/\/www.rooderchina.com\/\",\"logo\":{\"@type\":\"ImageObject\",\"inLanguage\":\"pt-BR\",\"@id\":\"https:\/\/www.rooderchina.com\/#\/schema\/logo\/image\/\",\"url\":\"https:\/\/www.rooderchina.com\/wp-content\/uploads\/2023\/12\/rooder2.jpg\",\"contentUrl\":\"https:\/\/www.rooderchina.com\/wp-content\/uploads\/2023\/12\/rooder2.jpg\",\"width\":1723,\"height\":1037,\"caption\":\"Electric Scooters Bikes Citycoco Manufacturer\"},\"image\":{\"@id\":\"https:\/\/www.rooderchina.com\/#\/schema\/logo\/image\/\"},\"sameAs\":[\"https:\/\/www.facebook.com\/rooder.tec\",\"https:\/\/twitter.com\/RooderTec\"]}]}<\/script>\n<!-- \/ Yoast SEO plugin. -->","yoast_head_json":{"title":"china electric bike r809 with 16 inch tires aluminum alloy frame and removable lithium battery 14kgs only - Electric Scooters Bikes Citycoco Manufacturer","robots":{"index":"index","follow":"follow","max-snippet":"max-snippet:-1","max-image-preview":"max-image-preview:large","max-video-preview":"max-video-preview:-1"},"canonical":"https:\/\/www.rooderchina.com\/pt\/produto\/china-electric-bike-r809-with-16-inch-tires-aluminum-alloy-frame-and-removable-lithium-battery-14kgs-only\/","og_locale":"pt_BR","og_type":"article","og_title":"china electric bike r809 with 16 inch tires aluminum alloy frame and removable lithium battery 14kgs only - Electric Scooters Bikes Citycoco Manufacturer","og_description":"Short Description: Order high quality\u00a0chinese electric bike, wholesale cheap\u00a0chinese electric bike from Rooder\u00a0chinese electric bike manufacturers\u00a0factories suppliers exporters companies 16inch, powerful motor, removable battery, aluminum alloy frame, light weight    Brand: OEM\/ODM\/ROODER   Min.Order Quantity: 10 Piece\/Pieces   Supply Ability: 10000 Piece\/Pieces per Month   Port: Shenzhen   Payment Terms: T\/T, L\/C, D\/A, D\/P","og_url":"https:\/\/www.rooderchina.com\/pt\/produto\/china-electric-bike-r809-with-16-inch-tires-aluminum-alloy-frame-and-removable-lithium-battery-14kgs-only\/","og_site_name":"Electric Scooters Bikes Citycoco Manufacturer","article_publisher":"https:\/\/www.facebook.com\/rooder.tec","article_modified_time":"2023-11-11T10:35:07+00:00","og_image":[{"width":750,"height":750,"url":"https:\/\/www.rooderchina.com\/wp-content\/uploads\/2023\/11\/3289183d.jpg","type":"image\/jpeg"}],"twitter_card":"summary_large_image","twitter_site":"@RooderTec","twitter_misc":{"Est. tempo de leitura":"1 minuto"},"schema":{"@context":"https:\/\/schema.org","@graph":[{"@type":"WebPage","@id":"https:\/\/www.rooderchina.com\/product\/china-electric-bike-r809-with-16-inch-tires-aluminum-alloy-frame-and-removable-lithium-battery-14kgs-only\/","url":"https:\/\/www.rooderchina.com\/product\/china-electric-bike-r809-with-16-inch-tires-aluminum-alloy-frame-and-removable-lithium-battery-14kgs-only\/","name":"china electric bike r809 with 16 inch tires aluminum alloy frame and removable lithium battery 14kgs only - Electric Scooters Bikes Citycoco Manufacturer","isPartOf":{"@id":"https:\/\/www.rooderchina.com\/#website"},"datePublished":"2023-11-11T10:33:51+00:00","dateModified":"2023-11-11T10:35:07+00:00","breadcrumb":{"@id":"https:\/\/www.rooderchina.com\/product\/china-electric-bike-r809-with-16-inch-tires-aluminum-alloy-frame-and-removable-lithium-battery-14kgs-only\/#breadcrumb"},"inLanguage":"pt-BR","potentialAction":[{"@type":"ReadAction","target":["https:\/\/www.rooderchina.com\/product\/china-electric-bike-r809-with-16-inch-tires-aluminum-alloy-frame-and-removable-lithium-battery-14kgs-only\/"]}]},{"@type":"BreadcrumbList","@id":"https:\/\/www.rooderchina.com\/product\/china-electric-bike-r809-with-16-inch-tires-aluminum-alloy-frame-and-removable-lithium-battery-14kgs-only\/#breadcrumb","itemListElement":[{"@type":"ListItem","position":1,"name":"HOME","item":"https:\/\/www.rooderchina.com\/"},{"@type":"ListItem","position":2,"name":"Shop","item":"https:\/\/www.rooderchina.com\/shop\/"},{"@type":"ListItem","position":3,"name":"china electric bike r809 with 16 inch tires aluminum alloy frame and removable lithium battery 14kgs only"}]},{"@type":"WebSite","@id":"https:\/\/www.rooderchina.com\/#website","url":"https:\/\/www.rooderchina.com\/","name":"Electric Scooters Bikes Citycoco Manufacturer","description":"Rooder Technology Limited","publisher":{"@id":"https:\/\/www.rooderchina.com\/#organization"},"potentialAction":[{"@type":"SearchAction","target":{"@type":"EntryPoint","urlTemplate":"https:\/\/www.rooderchina.com\/?s={search_term_string}"},"query-input":"required name=search_term_string"}],"inLanguage":"pt-BR"},{"@type":"Organization","@id":"https:\/\/www.rooderchina.com\/#organization","name":"Electric Scooters Bikes Citycoco Manufacturer","url":"https:\/\/www.rooderchina.com\/","logo":{"@type":"ImageObject","inLanguage":"pt-BR","@id":"https:\/\/www.rooderchina.com\/#\/schema\/logo\/image\/","url":"https:\/\/www.rooderchina.com\/wp-content\/uploads\/2023\/12\/rooder2.jpg","contentUrl":"https:\/\/www.rooderchina.com\/wp-content\/uploads\/2023\/12\/rooder2.jpg","width":1723,"height":1037,"caption":"Electric Scooters Bikes Citycoco Manufacturer"},"image":{"@id":"https:\/\/www.rooderchina.com\/#\/schema\/logo\/image\/"},"sameAs":["https:\/\/www.facebook.com\/rooder.tec","https:\/\/twitter.com\/RooderTec"]}]}},"_links":{"self":[{"href":"https:\/\/www.rooderchina.com\/pt\/wp-json\/wp\/v2\/product\/9262","targetHints":{"allow":["GET"]}}],"collection":[{"href":"https:\/\/www.rooderchina.com\/pt\/wp-json\/wp\/v2\/product"}],"about":[{"href":"https:\/\/www.rooderchina.com\/pt\/wp-json\/wp\/v2\/types\/product"}],"replies":[{"embeddable":true,"href":"https:\/\/www.rooderchina.com\/pt\/wp-json\/wp\/v2\/comments?post=9262"}],"version-history":[{"count":1,"href":"https:\/\/www.rooderchina.com\/pt\/wp-json\/wp\/v2\/product\/9262\/revisions"}],"predecessor-version":[{"id":9263,"href":"https:\/\/www.rooderchina.com\/pt\/wp-json\/wp\/v2\/product\/9262\/revisions\/9263"}],"wp:featuredmedia":[{"embeddable":true,"href":"https:\/\/www.rooderchina.com\/pt\/wp-json\/wp\/v2\/media\/9264"}],"wp:attachment":[{"href":"https:\/\/www.rooderchina.com\/pt\/wp-json\/wp\/v2\/media?parent=9262"}],"wp:term":[{"taxonomy":"product_brand","embeddable":true,"href":"https:\/\/www.rooderchina.com\/pt\/wp-json\/wp\/v2\/product_brand?post=9262"},{"taxonomy":"product_cat","embeddable":true,"href":"https:\/\/www.rooderchina.com\/pt\/wp-json\/wp\/v2\/product_cat?post=9262"},{"taxonomy":"product_tag","embeddable":true,"href":"https:\/\/www.rooderchina.com\/pt\/wp-json\/wp\/v2\/product_tag?post=9262"}],"curies":[{"name":"wp","href":"https:\/\/api.w.org\/{rel}","templated":true}]}}