{"id":9213,"date":"2023-11-11T18:33:51","date_gmt":"2023-11-11T10:33:51","guid":{"rendered":"http:\/\/www.rooderchina.com\/index.php\/product\/eec-coc-citycoco-electric-scooter-%e2%98%86r36cp1000ja000002%e2%98%86-with-removable-battery\/"},"modified":"2023-11-11T18:34:48","modified_gmt":"2023-11-11T10:34:48","slug":"eec-coc-citycoco-electric-scooter-%e2%98%86r36cp1000ja000002%e2%98%86-with-removable-battery","status":"publish","type":"product","link":"https:\/\/www.rooderchina.com\/pt\/produto\/eec-coc-citycoco-electric-scooter-%e2%98%86r36cp1000ja000002%e2%98%86-with-removable-battery\/","title":{"rendered":"EEC &amp; COC scooter el\u00e9trica citycoco \u2606R36CP1000JA000002\u2606 com bateria remov\u00edvel"},"content":{"rendered":"<p><span style=\"font-size: large;\">EEC &amp; COC citycoco electric scooter \u2606R36CP1000JA000002\u2606 with removable battery from\u00a0 Rooder Europe Road legal citycoco electric scooter factory that one and only EEC approval citycoco with two removable battery design supplier.<\/span><\/p>\n<p>Scooter el\u00e9trico de roda grande EEC<\/p>\n<p>COC scooter el\u00e9trica china<\/p>\n<p>Scooter el\u00e9trico EEC para adultos<\/p>\n<p>EEC citycoco harley scooter<\/p>\n<p>&nbsp;<\/p>\n<\/p>\n<p><span style=\"font-size: medium;\">More details of EEC citycoco electric scooter<\/span><\/p>\n<\/p>\n<section>\n<section>\n<section>\n<section>\n<section>\n<section>We are only one has double removable battery design.In our daily life, we probably need to go somewhere with long distant.&nbsp;<\/p>\n<p>Bateria de 12 AH: 35-40km\/h<\/p>\n<p>Bateria de 20 AH: 55-65km\/h<\/p>\n<p>&nbsp;<\/p>\n<p>We can imagine, how doesn\u2019t battery power enough to go to the place with long distant and coming back ?\u00a0 Sometimes, the cruising distance deviation because of the loading weight.<\/p>\n<\/section>\n<\/section>\n<\/section>\n<\/section>\n<\/section>\n<\/section>\n<p>Model: r804s-EEC<br \/>\nTamanho do pneu: 18\u00d79,5 polegadas<br \/>\nModo de freio : Freio a disco<br \/>\nSubida m\u00e1xima: 18 graus<br \/>\nTorque m\u00e1ximo: 95N\/M<br \/>\nQuilometragem m\u00e1xima: 35-40 km<br \/>\nVelocidade m\u00e1xima: 45km\/h<br \/>\nCarga m\u00e1xima: 200KG<br \/>\nBateria remov\u00edvel: bateria de l\u00edtio de 60V12AH<br \/>\nTempo de carregamento: 4 a 6 horas<br \/>\nPot\u00eancia do motor: 1500W<br \/>\nSuspens\u00e3o com amortecedor dianteiro: sim<br \/>\nSuspens\u00e3o do amortecedor traseiro: sim<br \/>\nHorn: sim.<br \/>\nLuzes de giro traseiras: sim<br \/>\nSem\u00e1foro de parada: sim<br \/>\nTela de LED: sim<br \/>\nassento duplo: sim<br \/>\nNW: 65KG GW: 70KG<\/p>\n<p>&nbsp;<\/p>\n<section>\n<section>\n<section>\n<section>\n<section>\n<section>Package information<\/section>\n<section>1PC\/caixa<\/section>\n<section>carton size:1850*420*870mmNW:65kg, GW:70kg<\/p>\n<p>0.676CBM\/pcs<\/p>\n<\/p>\n<\/section>\n<\/section>\n<\/section>\n<\/section>\n<\/section>\n<\/section>","protected":false},"excerpt":{"rendered":"<h3>Descri\u00e7\u00e3o resumida:<\/h3>\n<p><p>Encontrando a scooter el\u00e9trica citycoco EEC &amp; COC \u2606R36CP1000JA000002\u2606 com bateria remov\u00edvel da Rooder Europe Road legal citycoco electric scooter factory que \u00e9 o \u00fanico fornecedor de scooter el\u00e9trica citycoco com aprova\u00e7\u00e3o EEC e design de duas baterias remov\u00edveis.<\/p>\n<p>Scooter el\u00e9trico de roda grande EEC<\/p>\n<p>COC scooter el\u00e9trica china<\/p>\n<p>Scooter el\u00e9trico EEC para adultos<\/p>\n<p>EEC citycoco harley scooter<\/p>\n<\/p>\n<p><\/p>\n<li><em>Marca: <\/em> OEM\/ODM\/ROODER<\/li>\n<li><em>Quantidade m\u00ednima do pedido: <\/em> 10 pe\u00e7as\/pe\u00e7as<\/li>\n<li><em>Capacidade de fornecimento: <\/em> 10000 pe\u00e7as\/pe\u00e7as por m\u00eas<\/li>\n<li><em>Porto: <\/em> Shenzhen<\/li>\n<li><em>Condi\u00e7\u00f5es de pagamento: <\/em> T\/T, L\/C, D\/A, D\/P<\/li>\n<li><em>Motor: <\/em> 1500W<\/li>\n<li><em>Bateria: <\/em> 12ah, 20ah<\/li>","protected":false},"featured_media":9215,"comment_status":"closed","ping_status":"open","template":"","meta":[],"product_brand":[],"product_cat":[464],"product_tag":[],"class_list":{"0":"post-9213","1":"product","2":"type-product","3":"status-publish","4":"has-post-thumbnail","6":"product_cat-citycoco-choppers","8":"first","9":"instock","10":"product-type-simple"},"yoast_head":"<!-- This site is optimized with the Yoast SEO plugin v21.7 - https:\/\/yoast.com\/wordpress\/plugins\/seo\/ -->\n<title>EEC &amp; COC citycoco electric scooter \u2606R36CP1000JA000002\u2606 with removable battery - Electric Scooters Bikes Citycoco Manufacturer<\/title>\n<meta name=\"robots\" content=\"index, follow, max-snippet:-1, max-image-preview:large, max-video-preview:-1\" \/>\n<link rel=\"canonical\" href=\"https:\/\/www.rooderchina.com\/pt\/produto\/eec-coc-citycoco-electric-scooter-\u2606r36cp1000ja000002\u2606-with-removable-battery\/\" \/>\n<meta property=\"og:locale\" content=\"pt_BR\" \/>\n<meta property=\"og:type\" content=\"article\" \/>\n<meta property=\"og:title\" content=\"EEC &amp; COC citycoco electric scooter \u2606R36CP1000JA000002\u2606 with removable battery - Electric Scooters Bikes Citycoco Manufacturer\" \/>\n<meta property=\"og:description\" content=\"Short Description: Finding\u00a0EEC &amp; COC citycoco electric scooter \u2606R36CP1000JA000002\u2606 with removable battery from\u00a0 Rooder Europe Road legal citycoco electric scooter factory that one and only EEC approval citycoco with two removable battery design supplier. EEC big wheel electric scooter COC electric scooter china EEC electric scooter for adults EEC citycoco harley scooter    Brand: OEM\/ODM\/ROODER   Min.Order Quantity: 10 Piece\/Pieces   Supply Ability: 10000 Piece\/Pieces per Month   Port: Shenzhen   Payment Terms: T\/T, L\/C, D\/A, D\/P   Motor: 1500W   Battery: 12ah, 20ah\" \/>\n<meta property=\"og:url\" content=\"https:\/\/www.rooderchina.com\/pt\/produto\/eec-coc-citycoco-electric-scooter-\u2606r36cp1000ja000002\u2606-with-removable-battery\/\" \/>\n<meta property=\"og:site_name\" content=\"Electric Scooters Bikes Citycoco Manufacturer\" \/>\n<meta property=\"article:publisher\" content=\"https:\/\/www.facebook.com\/rooder.tec\" \/>\n<meta property=\"article:modified_time\" content=\"2023-11-11T10:34:48+00:00\" \/>\n<meta property=\"og:image\" content=\"https:\/\/www.rooderchina.com\/wp-content\/uploads\/2023\/11\/97589968.jpg\" \/>\n\t<meta property=\"og:image:width\" content=\"960\" \/>\n\t<meta property=\"og:image:height\" content=\"958\" \/>\n\t<meta property=\"og:image:type\" content=\"image\/jpeg\" \/>\n<meta name=\"twitter:card\" content=\"summary_large_image\" \/>\n<meta name=\"twitter:site\" content=\"@RooderTec\" \/>\n<meta name=\"twitter:label1\" content=\"Est. tempo de leitura\" \/>\n\t<meta name=\"twitter:data1\" content=\"1 minuto\" \/>\n<script type=\"application\/ld+json\" class=\"yoast-schema-graph\">{\"@context\":\"https:\/\/schema.org\",\"@graph\":[{\"@type\":\"WebPage\",\"@id\":\"https:\/\/www.rooderchina.com\/product\/eec-coc-citycoco-electric-scooter-%e2%98%86r36cp1000ja000002%e2%98%86-with-removable-battery\/\",\"url\":\"https:\/\/www.rooderchina.com\/product\/eec-coc-citycoco-electric-scooter-%e2%98%86r36cp1000ja000002%e2%98%86-with-removable-battery\/\",\"name\":\"EEC &amp; COC citycoco electric scooter \u2606R36CP1000JA000002\u2606 with removable battery - Electric Scooters Bikes Citycoco Manufacturer\",\"isPartOf\":{\"@id\":\"https:\/\/www.rooderchina.com\/#website\"},\"datePublished\":\"2023-11-11T10:33:51+00:00\",\"dateModified\":\"2023-11-11T10:34:48+00:00\",\"breadcrumb\":{\"@id\":\"https:\/\/www.rooderchina.com\/product\/eec-coc-citycoco-electric-scooter-%e2%98%86r36cp1000ja000002%e2%98%86-with-removable-battery\/#breadcrumb\"},\"inLanguage\":\"pt-BR\",\"potentialAction\":[{\"@type\":\"ReadAction\",\"target\":[\"https:\/\/www.rooderchina.com\/product\/eec-coc-citycoco-electric-scooter-%e2%98%86r36cp1000ja000002%e2%98%86-with-removable-battery\/\"]}]},{\"@type\":\"BreadcrumbList\",\"@id\":\"https:\/\/www.rooderchina.com\/product\/eec-coc-citycoco-electric-scooter-%e2%98%86r36cp1000ja000002%e2%98%86-with-removable-battery\/#breadcrumb\",\"itemListElement\":[{\"@type\":\"ListItem\",\"position\":1,\"name\":\"HOME\",\"item\":\"https:\/\/www.rooderchina.com\/\"},{\"@type\":\"ListItem\",\"position\":2,\"name\":\"Shop\",\"item\":\"https:\/\/www.rooderchina.com\/shop\/\"},{\"@type\":\"ListItem\",\"position\":3,\"name\":\"EEC &amp; COC citycoco electric scooter \u2606R36CP1000JA000002\u2606 with removable battery\"}]},{\"@type\":\"WebSite\",\"@id\":\"https:\/\/www.rooderchina.com\/#website\",\"url\":\"https:\/\/www.rooderchina.com\/\",\"name\":\"Electric Scooters Bikes Citycoco Manufacturer\",\"description\":\"Rooder Technology Limited\",\"publisher\":{\"@id\":\"https:\/\/www.rooderchina.com\/#organization\"},\"potentialAction\":[{\"@type\":\"SearchAction\",\"target\":{\"@type\":\"EntryPoint\",\"urlTemplate\":\"https:\/\/www.rooderchina.com\/?s={search_term_string}\"},\"query-input\":\"required name=search_term_string\"}],\"inLanguage\":\"pt-BR\"},{\"@type\":\"Organization\",\"@id\":\"https:\/\/www.rooderchina.com\/#organization\",\"name\":\"Electric Scooters Bikes Citycoco Manufacturer\",\"url\":\"https:\/\/www.rooderchina.com\/\",\"logo\":{\"@type\":\"ImageObject\",\"inLanguage\":\"pt-BR\",\"@id\":\"https:\/\/www.rooderchina.com\/#\/schema\/logo\/image\/\",\"url\":\"https:\/\/www.rooderchina.com\/wp-content\/uploads\/2023\/12\/rooder2.jpg\",\"contentUrl\":\"https:\/\/www.rooderchina.com\/wp-content\/uploads\/2023\/12\/rooder2.jpg\",\"width\":1723,\"height\":1037,\"caption\":\"Electric Scooters Bikes Citycoco Manufacturer\"},\"image\":{\"@id\":\"https:\/\/www.rooderchina.com\/#\/schema\/logo\/image\/\"},\"sameAs\":[\"https:\/\/www.facebook.com\/rooder.tec\",\"https:\/\/twitter.com\/RooderTec\"]}]}<\/script>\n<!-- \/ Yoast SEO plugin. -->","yoast_head_json":{"title":"EEC &amp; COC citycoco electric scooter \u2606R36CP1000JA000002\u2606 with removable battery - Electric Scooters Bikes Citycoco Manufacturer","robots":{"index":"index","follow":"follow","max-snippet":"max-snippet:-1","max-image-preview":"max-image-preview:large","max-video-preview":"max-video-preview:-1"},"canonical":"https:\/\/www.rooderchina.com\/pt\/produto\/eec-coc-citycoco-electric-scooter-\u2606r36cp1000ja000002\u2606-with-removable-battery\/","og_locale":"pt_BR","og_type":"article","og_title":"EEC &amp; COC citycoco electric scooter \u2606R36CP1000JA000002\u2606 with removable battery - Electric Scooters Bikes Citycoco Manufacturer","og_description":"Short Description: Finding\u00a0EEC &amp; COC citycoco electric scooter \u2606R36CP1000JA000002\u2606 with removable battery from\u00a0 Rooder Europe Road legal citycoco electric scooter factory that one and only EEC approval citycoco with two removable battery design supplier. EEC big wheel electric scooter COC electric scooter china EEC electric scooter for adults EEC citycoco harley scooter    Brand: OEM\/ODM\/ROODER   Min.Order Quantity: 10 Piece\/Pieces   Supply Ability: 10000 Piece\/Pieces per Month   Port: Shenzhen   Payment Terms: T\/T, L\/C, D\/A, D\/P   Motor: 1500W   Battery: 12ah, 20ah","og_url":"https:\/\/www.rooderchina.com\/pt\/produto\/eec-coc-citycoco-electric-scooter-\u2606r36cp1000ja000002\u2606-with-removable-battery\/","og_site_name":"Electric Scooters Bikes Citycoco Manufacturer","article_publisher":"https:\/\/www.facebook.com\/rooder.tec","article_modified_time":"2023-11-11T10:34:48+00:00","og_image":[{"width":960,"height":958,"url":"https:\/\/www.rooderchina.com\/wp-content\/uploads\/2023\/11\/97589968.jpg","type":"image\/jpeg"}],"twitter_card":"summary_large_image","twitter_site":"@RooderTec","twitter_misc":{"Est. tempo de leitura":"1 minuto"},"schema":{"@context":"https:\/\/schema.org","@graph":[{"@type":"WebPage","@id":"https:\/\/www.rooderchina.com\/product\/eec-coc-citycoco-electric-scooter-%e2%98%86r36cp1000ja000002%e2%98%86-with-removable-battery\/","url":"https:\/\/www.rooderchina.com\/product\/eec-coc-citycoco-electric-scooter-%e2%98%86r36cp1000ja000002%e2%98%86-with-removable-battery\/","name":"EEC &amp; COC citycoco electric scooter \u2606R36CP1000JA000002\u2606 with removable battery - Electric Scooters Bikes Citycoco Manufacturer","isPartOf":{"@id":"https:\/\/www.rooderchina.com\/#website"},"datePublished":"2023-11-11T10:33:51+00:00","dateModified":"2023-11-11T10:34:48+00:00","breadcrumb":{"@id":"https:\/\/www.rooderchina.com\/product\/eec-coc-citycoco-electric-scooter-%e2%98%86r36cp1000ja000002%e2%98%86-with-removable-battery\/#breadcrumb"},"inLanguage":"pt-BR","potentialAction":[{"@type":"ReadAction","target":["https:\/\/www.rooderchina.com\/product\/eec-coc-citycoco-electric-scooter-%e2%98%86r36cp1000ja000002%e2%98%86-with-removable-battery\/"]}]},{"@type":"BreadcrumbList","@id":"https:\/\/www.rooderchina.com\/product\/eec-coc-citycoco-electric-scooter-%e2%98%86r36cp1000ja000002%e2%98%86-with-removable-battery\/#breadcrumb","itemListElement":[{"@type":"ListItem","position":1,"name":"HOME","item":"https:\/\/www.rooderchina.com\/"},{"@type":"ListItem","position":2,"name":"Shop","item":"https:\/\/www.rooderchina.com\/shop\/"},{"@type":"ListItem","position":3,"name":"EEC &amp; COC citycoco electric scooter \u2606R36CP1000JA000002\u2606 with removable battery"}]},{"@type":"WebSite","@id":"https:\/\/www.rooderchina.com\/#website","url":"https:\/\/www.rooderchina.com\/","name":"Electric Scooters Bikes Citycoco Manufacturer","description":"Rooder Technology Limited","publisher":{"@id":"https:\/\/www.rooderchina.com\/#organization"},"potentialAction":[{"@type":"SearchAction","target":{"@type":"EntryPoint","urlTemplate":"https:\/\/www.rooderchina.com\/?s={search_term_string}"},"query-input":"required name=search_term_string"}],"inLanguage":"pt-BR"},{"@type":"Organization","@id":"https:\/\/www.rooderchina.com\/#organization","name":"Electric Scooters Bikes Citycoco Manufacturer","url":"https:\/\/www.rooderchina.com\/","logo":{"@type":"ImageObject","inLanguage":"pt-BR","@id":"https:\/\/www.rooderchina.com\/#\/schema\/logo\/image\/","url":"https:\/\/www.rooderchina.com\/wp-content\/uploads\/2023\/12\/rooder2.jpg","contentUrl":"https:\/\/www.rooderchina.com\/wp-content\/uploads\/2023\/12\/rooder2.jpg","width":1723,"height":1037,"caption":"Electric Scooters Bikes Citycoco Manufacturer"},"image":{"@id":"https:\/\/www.rooderchina.com\/#\/schema\/logo\/image\/"},"sameAs":["https:\/\/www.facebook.com\/rooder.tec","https:\/\/twitter.com\/RooderTec"]}]}},"_links":{"self":[{"href":"https:\/\/www.rooderchina.com\/pt\/wp-json\/wp\/v2\/product\/9213","targetHints":{"allow":["GET"]}}],"collection":[{"href":"https:\/\/www.rooderchina.com\/pt\/wp-json\/wp\/v2\/product"}],"about":[{"href":"https:\/\/www.rooderchina.com\/pt\/wp-json\/wp\/v2\/types\/product"}],"replies":[{"embeddable":true,"href":"https:\/\/www.rooderchina.com\/pt\/wp-json\/wp\/v2\/comments?post=9213"}],"version-history":[{"count":1,"href":"https:\/\/www.rooderchina.com\/pt\/wp-json\/wp\/v2\/product\/9213\/revisions"}],"predecessor-version":[{"id":9214,"href":"https:\/\/www.rooderchina.com\/pt\/wp-json\/wp\/v2\/product\/9213\/revisions\/9214"}],"wp:featuredmedia":[{"embeddable":true,"href":"https:\/\/www.rooderchina.com\/pt\/wp-json\/wp\/v2\/media\/9215"}],"wp:attachment":[{"href":"https:\/\/www.rooderchina.com\/pt\/wp-json\/wp\/v2\/media?parent=9213"}],"wp:term":[{"taxonomy":"product_brand","embeddable":true,"href":"https:\/\/www.rooderchina.com\/pt\/wp-json\/wp\/v2\/product_brand?post=9213"},{"taxonomy":"product_cat","embeddable":true,"href":"https:\/\/www.rooderchina.com\/pt\/wp-json\/wp\/v2\/product_cat?post=9213"},{"taxonomy":"product_tag","embeddable":true,"href":"https:\/\/www.rooderchina.com\/pt\/wp-json\/wp\/v2\/product_tag?post=9213"}],"curies":[{"name":"wp","href":"https:\/\/api.w.org\/{rel}","templated":true}]}}