{"id":9153,"date":"2023-11-11T18:33:51","date_gmt":"2023-11-11T10:33:51","guid":{"rendered":"http:\/\/www.rooderchina.com\/index.php\/product\/citycoco-harley-electric-scooter-r804-with-ce-1000w-60v-lithium-battery-and-2-big-wheel-fat-tire-for-adult-from-china-cheap-city-coco-harley-electric-motorcycle-bike-rooder-factory\/"},"modified":"2023-11-11T18:34:28","modified_gmt":"2023-11-11T10:34:28","slug":"citycoco-harley-electric-scooter-r804-with-ce-1000w-60v-lithium-battery-and-2-big-wheel-fat-tire-for-adult-from-china-cheap-city-coco-harley-electric-motorcycle-bike-rooder-factory","status":"publish","type":"product","link":"https:\/\/www.rooderchina.com\/pt\/produto\/citycoco-harley-electric-scooter-r804-with-ce-1000w-60v-lithium-battery-and-2-big-wheel-fat-tire-for-adult-from-china-cheap-city-coco-harley-electric-motorcycle-bike-rooder-factory\/","title":{"rendered":"scooter el\u00e9trica citycoco harley r804 com bateria de l\u00edtio CE 1000w 60v e 2 pneus grandes para adultos da f\u00e1brica chinesa de motocicletas el\u00e9tricas city coco harley baratas Rooder"},"content":{"rendered":"<p>Shenzhen Rooder Technology Co., Ltd. specializes in producing <a href=\"https:\/\/www.rooderchina.com\/pt\/tag\/60v-electric-scooter\/\" title=\"View all posts in 60v Electric Scooter\" target=\"_blank\" rel=\"noopener\">60v Electric Scooter<\/a>, <a href=\"https:\/\/www.rooderchina.com\/pt\/tag\/adult-electric-motorcycle\/\" title=\"View all posts in Adult Electric Motorcycle\" target=\"_blank\" rel=\"noopener\">Motocicleta el\u00e9trica para adultos<\/a>, <a href=\"https:\/\/www.rooderchina.com\/pt\/tag\/city-coco\/\" title=\"View all posts in City coco\" target=\"_blank\" rel=\"noopener\">Cidade coco<\/a> and e-scooter citycoco with front shock absorption, it is located in shenzhen Guangdong. We enjoy convenient transportation of air, land and sea.<\/p>\n<p>Our company has passed the ISO9001 quality system certification, and our products have have obtained CE, FCC and Rohs certifications. We own the perfect modern management system, first-class testing equipment, high quality science and technology group, and sound tracking service system. Our products are widely marketed in the domestic market, and also exported to the worldwide market.<\/p>\n<p>&nbsp;<\/p>\n<p><strong>scooter el\u00e9trica citycoco harley r804 com bateria de l\u00edtio CE 1000w 60v e 2 pneus grandes para adultos da f\u00e1brica chinesa de motocicletas el\u00e9tricas city coco harley baratas Rooder\u00a0<\/strong><\/p>\n<\/p>\n<p>A scooter el\u00e9trica citycoco harley foi projetada com o estilo mais moderno. Oferecemos mais de sessenta cores para voc\u00ea escolher. Voc\u00ea tamb\u00e9m pode entrar em contato conosco pelo <a title=\"scooter el\u00e9trica citycoco harley r804 com bateria de l\u00edtio CE 1000w 60v e 2 pneus grandes para adultos da f\u00e1brica chinesa de motocicletas el\u00e9tricas city coco harley baratas Rooder \" href=\"https:\/\/www.RooderChina.com\" target=\"_blank\" rel=\"noopener\">www.RooderChina.com<\/a> para criar seu pr\u00f3prio estilo de cor.<\/p>\n<p>Essa scooter el\u00e9trica \/ motocicleta \/ moto \/ bicicleta \/ bicicleta da cidade Coco Harley tem um cora\u00e7\u00e3o potente no chassi, bateria de \u00edon-l\u00edtio de 60 voltagens, para suportar 35-40 quil\u00f4metros de condu\u00e7\u00e3o. Al\u00e9m disso, a dureza e a resist\u00eancia ao desgaste do pneu o tornam um ve\u00edculo para todos os tipos de terreno. A velocidade m\u00e1xima pode chegar a 35 km\/h e lev\u00e1-lo ao seu destino a tempo.<\/p>\n<\/p>\n<p>Model:r804<br \/>\nLength : 1756mm<br \/>\nWidth : 750mm<br \/>\nWeight : 50kg<br \/>\nTire size : 18\u00d79.5inch<br \/>\nModo de freio : Freio a disco<br \/>\nSubida m\u00e1xima: 18 graus<br \/>\nTorque m\u00e1ximo: 95N\/M<br \/>\nQuilometragem m\u00e1xima: 35-40 km<br \/>\nCarga m\u00e1xima: 200KG<br \/>\nBattery specification : 60V8.8AH lithium battery<br \/>\nTempo de carregamento: 4 horas<br \/>\nMotor power : 800W<\/p>\n<p>1 pe\u00e7a\/caixa<br \/>\nTamanho da caixa: 1850*420*870mm<br \/>\nGW:60kg, NW:51kg<br \/>\n0,676CBM\/pc<\/p>\n<p>Pedido de cont\u00eaineres:<br \/>\n43pcs em 20GP<br \/>\n92pcs em 40GP<br \/>\n104pcs em 40HC<\/p>\n<\/p>\n<p>&nbsp;<\/p>\n<p>find high quality cheap citycoco,\u00a0 60v electric scooter, harley electric scooter and fat tire electric scooter from Rooder e-scooter citycoco with front shock absorption, cheap electric motorcycle, electric scooter citycoco\u00a0manufacturer<\/p>\n<p>&nbsp;<\/p>\n<p>&nbsp;<\/p>\n<p>&nbsp;<\/p>\n<\/p>\n<p>&nbsp;<\/p>","protected":false},"excerpt":{"rendered":"<h3>Descri\u00e7\u00e3o resumida:<\/h3>\n<p><p>A scooter el\u00e9trica citycoco harley foi projetada com o estilo mais moderno. Oferecemos mais de sessenta cores para voc\u00ea escolher. Voc\u00ea tamb\u00e9m pode entrar em contato conosco pelo\u00a0<a title=\"scooter el\u00e9trica citycoco harley r804 com bateria de l\u00edtio CE 1000w 60v e 2 pneus grandes para adultos da f\u00e1brica chinesa de motocicletas el\u00e9tricas city coco harley baratas Rooder \" href=\"http:\/\/www.RooderChina.com\" target=\"_blank\" rel=\"noopener\">www.RooderChina.com<\/a>\u00a0para criar seu pr\u00f3prio estilo de cor.<\/p>\n<p>Essa scooter el\u00e9trica \/ motocicleta \/ moto \/ bicicleta \/ bicicleta da cidade Coco Harley tem um cora\u00e7\u00e3o potente no chassi, bateria de \u00edon-l\u00edtio de 60 voltagens, para suportar 35-40 quil\u00f4metros de condu\u00e7\u00e3o. Al\u00e9m disso, a dureza e a resist\u00eancia ao desgaste do pneu o tornam um ve\u00edculo para todos os tipos de terreno. A velocidade m\u00e1xima pode chegar a 35 km\/h e lev\u00e1-lo ao seu destino a tempo.<\/p>\n<\/p>\n<p><\/p>\n<li><em>Marca: <\/em> OEM\/ODM\/ROODER<\/li>\n<li><em>Quantidade m\u00ednima do pedido: <\/em> 10 pe\u00e7as\/pe\u00e7as<\/li>\n<li><em>Capacidade de fornecimento: <\/em> 10000 pe\u00e7as\/pe\u00e7as por m\u00eas<\/li>\n<li><em>Porto: <\/em> Shenzhen<\/li>\n<li><em>Condi\u00e7\u00f5es de pagamento: <\/em> T\/T, L\/C, D\/A, D\/P<\/li>","protected":false},"featured_media":9155,"comment_status":"closed","ping_status":"open","template":"","meta":[],"product_brand":[],"product_cat":[464],"product_tag":[523,524,525,526,468,513,527,469,528,489,529,530,531,496,510],"class_list":{"0":"post-9153","1":"product","2":"type-product","3":"status-publish","4":"has-post-thumbnail","6":"product_cat-citycoco-choppers","7":"product_tag-60v-electric-scooter","8":"product_tag-adult-electric-motorcycle","9":"product_tag-cheap-electric-motorcycle","10":"product_tag-city-coco","11":"product_tag-citycoco","12":"product_tag-citycoco-electric-scooter","13":"product_tag-citycoco-factory","14":"product_tag-citycoco-harley-scooter","15":"product_tag-citycoco-manufacturer","16":"product_tag-citycoco-seev-woqu","17":"product_tag-e-scooter-citycoco-with-front-shock-absorption","18":"product_tag-electric-scooter","19":"product_tag-electric-scooter-citycoco","20":"product_tag-fat-tire-electric-scooter","21":"product_tag-harley-electric-scooter","23":"first","24":"instock","25":"product-type-simple"},"yoast_head":"<!-- This site is optimized with the Yoast SEO plugin v21.7 - https:\/\/yoast.com\/wordpress\/plugins\/seo\/ -->\n<title>citycoco harley electric scooter r804 with CE 1000w 60v lithium battery and 2 big wheel fat tire for adult from China cheap city coco harley electric motorcycle bike Rooder factory - Electric Scooters Bikes Citycoco Manufacturer<\/title>\n<meta name=\"robots\" content=\"index, follow, max-snippet:-1, max-image-preview:large, max-video-preview:-1\" \/>\n<link rel=\"canonical\" href=\"https:\/\/www.rooderchina.com\/pt\/produit\/citycoco-harley-electric-scooter-r804-with-ce-1000w-60v-lithium-battery-and-2-big-wheel-fat-tire-for-adult-from-china-cheap-city-coco-harley-electric-motorcycle-bike-rooder-factory\/\" \/>\n<meta property=\"og:locale\" content=\"pt_BR\" \/>\n<meta property=\"og:type\" content=\"article\" \/>\n<meta property=\"og:title\" content=\"citycoco harley electric scooter r804 with CE 1000w 60v lithium battery and 2 big wheel fat tire for adult from China cheap city coco harley electric motorcycle bike Rooder factory - Electric Scooters Bikes Citycoco Manufacturer\" \/>\n<meta property=\"og:description\" content=\"Short Description: The citycoco harley electric scooter is designed with the latest style. We provide more than sixty colors for you to choose. You can also contact with us on\u00a0www.RooderChina.com\u00a0to design your own color style. This city coco harley electric scooter \/ motorcycle \/ bike \/ bicycle\u00a0 has a powerful heart at the chassis, 60 Voltage lithium-ion battery, to support 35-40 kilometers riding. it comes with 18\u00d79.5 inch super wide tires make the scooter balanced and stable. Also, the toughness and wear resistance of the tire enable it an all terrain vehicle.The highest speed can arrive 35 km\/h, and take you to your destination on time.    Brand: OEM\/ODM\/ROODER   Min.Order Quantity: 10 Piece\/Pieces   Supply Ability: 10000 Piece\/Pieces per Month   Port: Shenzhen   Payment Terms: T\/T, L\/C, D\/A, D\/P\" \/>\n<meta property=\"og:url\" content=\"https:\/\/www.rooderchina.com\/pt\/produit\/citycoco-harley-electric-scooter-r804-with-ce-1000w-60v-lithium-battery-and-2-big-wheel-fat-tire-for-adult-from-china-cheap-city-coco-harley-electric-motorcycle-bike-rooder-factory\/\" \/>\n<meta property=\"og:site_name\" content=\"Electric Scooters Bikes Citycoco Manufacturer\" \/>\n<meta property=\"article:publisher\" content=\"https:\/\/www.facebook.com\/rooder.tec\" \/>\n<meta property=\"article:modified_time\" content=\"2023-11-11T10:34:28+00:00\" \/>\n<meta property=\"og:image\" content=\"https:\/\/www.rooderchina.com\/wp-content\/uploads\/2023\/11\/def45d85.jpg\" \/>\n\t<meta property=\"og:image:width\" content=\"750\" \/>\n\t<meta property=\"og:image:height\" content=\"750\" \/>\n\t<meta property=\"og:image:type\" content=\"image\/jpeg\" \/>\n<meta name=\"twitter:card\" content=\"summary_large_image\" \/>\n<meta name=\"twitter:site\" content=\"@RooderTec\" \/>\n<meta name=\"twitter:label1\" content=\"Est. tempo de leitura\" \/>\n\t<meta name=\"twitter:data1\" content=\"2 minutos\" \/>\n<script type=\"application\/ld+json\" class=\"yoast-schema-graph\">{\"@context\":\"https:\/\/schema.org\",\"@graph\":[{\"@type\":\"WebPage\",\"@id\":\"https:\/\/www.rooderchina.com\/fr\/produit\/citycoco-harley-electric-scooter-r804-with-ce-1000w-60v-lithium-battery-and-2-big-wheel-fat-tire-for-adult-from-china-cheap-city-coco-harley-electric-motorcycle-bike-rooder-factory\/\",\"url\":\"https:\/\/www.rooderchina.com\/fr\/produit\/citycoco-harley-electric-scooter-r804-with-ce-1000w-60v-lithium-battery-and-2-big-wheel-fat-tire-for-adult-from-china-cheap-city-coco-harley-electric-motorcycle-bike-rooder-factory\/\",\"name\":\"citycoco harley electric scooter r804 with CE 1000w 60v lithium battery and 2 big wheel fat tire for adult from China cheap city coco harley electric motorcycle bike Rooder factory - Electric Scooters Bikes Citycoco Manufacturer\",\"isPartOf\":{\"@id\":\"https:\/\/www.rooderchina.com\/#website\"},\"datePublished\":\"2023-11-11T10:33:51+00:00\",\"dateModified\":\"2023-11-11T10:34:28+00:00\",\"breadcrumb\":{\"@id\":\"https:\/\/www.rooderchina.com\/fr\/produit\/citycoco-harley-electric-scooter-r804-with-ce-1000w-60v-lithium-battery-and-2-big-wheel-fat-tire-for-adult-from-china-cheap-city-coco-harley-electric-motorcycle-bike-rooder-factory\/#breadcrumb\"},\"inLanguage\":\"pt-BR\",\"potentialAction\":[{\"@type\":\"ReadAction\",\"target\":[\"https:\/\/www.rooderchina.com\/fr\/produit\/citycoco-harley-electric-scooter-r804-with-ce-1000w-60v-lithium-battery-and-2-big-wheel-fat-tire-for-adult-from-china-cheap-city-coco-harley-electric-motorcycle-bike-rooder-factory\/\"]}]},{\"@type\":\"BreadcrumbList\",\"@id\":\"https:\/\/www.rooderchina.com\/fr\/produit\/citycoco-harley-electric-scooter-r804-with-ce-1000w-60v-lithium-battery-and-2-big-wheel-fat-tire-for-adult-from-china-cheap-city-coco-harley-electric-motorcycle-bike-rooder-factory\/#breadcrumb\",\"itemListElement\":[{\"@type\":\"ListItem\",\"position\":1,\"name\":\"HOME\",\"item\":\"https:\/\/www.rooderchina.com\/\"},{\"@type\":\"ListItem\",\"position\":2,\"name\":\"Shop\",\"item\":\"https:\/\/www.rooderchina.com\/shop\/\"},{\"@type\":\"ListItem\",\"position\":3,\"name\":\"citycoco harley electric scooter r804 with CE 1000w 60v lithium battery and 2 big wheel fat tire for adult from China cheap city coco harley electric motorcycle bike Rooder factory\"}]},{\"@type\":\"WebSite\",\"@id\":\"https:\/\/www.rooderchina.com\/#website\",\"url\":\"https:\/\/www.rooderchina.com\/\",\"name\":\"Electric Scooters Bikes Citycoco Manufacturer\",\"description\":\"Rooder Technology Limited\",\"publisher\":{\"@id\":\"https:\/\/www.rooderchina.com\/#organization\"},\"potentialAction\":[{\"@type\":\"SearchAction\",\"target\":{\"@type\":\"EntryPoint\",\"urlTemplate\":\"https:\/\/www.rooderchina.com\/?s={search_term_string}\"},\"query-input\":\"required name=search_term_string\"}],\"inLanguage\":\"pt-BR\"},{\"@type\":\"Organization\",\"@id\":\"https:\/\/www.rooderchina.com\/#organization\",\"name\":\"Electric Scooters Bikes Citycoco Manufacturer\",\"url\":\"https:\/\/www.rooderchina.com\/\",\"logo\":{\"@type\":\"ImageObject\",\"inLanguage\":\"pt-BR\",\"@id\":\"https:\/\/www.rooderchina.com\/#\/schema\/logo\/image\/\",\"url\":\"https:\/\/www.rooderchina.com\/wp-content\/uploads\/2023\/12\/rooder2.jpg\",\"contentUrl\":\"https:\/\/www.rooderchina.com\/wp-content\/uploads\/2023\/12\/rooder2.jpg\",\"width\":1723,\"height\":1037,\"caption\":\"Electric Scooters Bikes Citycoco Manufacturer\"},\"image\":{\"@id\":\"https:\/\/www.rooderchina.com\/#\/schema\/logo\/image\/\"},\"sameAs\":[\"https:\/\/www.facebook.com\/rooder.tec\",\"https:\/\/twitter.com\/RooderTec\"]}]}<\/script>\n<!-- \/ Yoast SEO plugin. -->","yoast_head_json":{"title":"citycoco harley electric scooter r804 with CE 1000w 60v lithium battery and 2 big wheel fat tire for adult from China cheap city coco harley electric motorcycle bike Rooder factory - Electric Scooters Bikes Citycoco Manufacturer","robots":{"index":"index","follow":"follow","max-snippet":"max-snippet:-1","max-image-preview":"max-image-preview:large","max-video-preview":"max-video-preview:-1"},"canonical":"https:\/\/www.rooderchina.com\/pt\/produit\/citycoco-harley-electric-scooter-r804-with-ce-1000w-60v-lithium-battery-and-2-big-wheel-fat-tire-for-adult-from-china-cheap-city-coco-harley-electric-motorcycle-bike-rooder-factory\/","og_locale":"pt_BR","og_type":"article","og_title":"citycoco harley electric scooter r804 with CE 1000w 60v lithium battery and 2 big wheel fat tire for adult from China cheap city coco harley electric motorcycle bike Rooder factory - Electric Scooters Bikes Citycoco Manufacturer","og_description":"Short Description: The citycoco harley electric scooter is designed with the latest style. We provide more than sixty colors for you to choose. You can also contact with us on\u00a0www.RooderChina.com\u00a0to design your own color style. This city coco harley electric scooter \/ motorcycle \/ bike \/ bicycle\u00a0 has a powerful heart at the chassis, 60 Voltage lithium-ion battery, to support 35-40 kilometers riding. it comes with 18\u00d79.5 inch super wide tires make the scooter balanced and stable. Also, the toughness and wear resistance of the tire enable it an all terrain vehicle.The highest speed can arrive 35 km\/h, and take you to your destination on time.    Brand: OEM\/ODM\/ROODER   Min.Order Quantity: 10 Piece\/Pieces   Supply Ability: 10000 Piece\/Pieces per Month   Port: Shenzhen   Payment Terms: T\/T, L\/C, D\/A, D\/P","og_url":"https:\/\/www.rooderchina.com\/pt\/produit\/citycoco-harley-electric-scooter-r804-with-ce-1000w-60v-lithium-battery-and-2-big-wheel-fat-tire-for-adult-from-china-cheap-city-coco-harley-electric-motorcycle-bike-rooder-factory\/","og_site_name":"Electric Scooters Bikes Citycoco Manufacturer","article_publisher":"https:\/\/www.facebook.com\/rooder.tec","article_modified_time":"2023-11-11T10:34:28+00:00","og_image":[{"width":750,"height":750,"url":"https:\/\/www.rooderchina.com\/wp-content\/uploads\/2023\/11\/def45d85.jpg","type":"image\/jpeg"}],"twitter_card":"summary_large_image","twitter_site":"@RooderTec","twitter_misc":{"Est. tempo de leitura":"2 minutos"},"schema":{"@context":"https:\/\/schema.org","@graph":[{"@type":"WebPage","@id":"https:\/\/www.rooderchina.com\/fr\/produit\/citycoco-harley-electric-scooter-r804-with-ce-1000w-60v-lithium-battery-and-2-big-wheel-fat-tire-for-adult-from-china-cheap-city-coco-harley-electric-motorcycle-bike-rooder-factory\/","url":"https:\/\/www.rooderchina.com\/fr\/produit\/citycoco-harley-electric-scooter-r804-with-ce-1000w-60v-lithium-battery-and-2-big-wheel-fat-tire-for-adult-from-china-cheap-city-coco-harley-electric-motorcycle-bike-rooder-factory\/","name":"citycoco harley electric scooter r804 with CE 1000w 60v lithium battery and 2 big wheel fat tire for adult from China cheap city coco harley electric motorcycle bike Rooder factory - Electric Scooters Bikes Citycoco Manufacturer","isPartOf":{"@id":"https:\/\/www.rooderchina.com\/#website"},"datePublished":"2023-11-11T10:33:51+00:00","dateModified":"2023-11-11T10:34:28+00:00","breadcrumb":{"@id":"https:\/\/www.rooderchina.com\/fr\/produit\/citycoco-harley-electric-scooter-r804-with-ce-1000w-60v-lithium-battery-and-2-big-wheel-fat-tire-for-adult-from-china-cheap-city-coco-harley-electric-motorcycle-bike-rooder-factory\/#breadcrumb"},"inLanguage":"pt-BR","potentialAction":[{"@type":"ReadAction","target":["https:\/\/www.rooderchina.com\/fr\/produit\/citycoco-harley-electric-scooter-r804-with-ce-1000w-60v-lithium-battery-and-2-big-wheel-fat-tire-for-adult-from-china-cheap-city-coco-harley-electric-motorcycle-bike-rooder-factory\/"]}]},{"@type":"BreadcrumbList","@id":"https:\/\/www.rooderchina.com\/fr\/produit\/citycoco-harley-electric-scooter-r804-with-ce-1000w-60v-lithium-battery-and-2-big-wheel-fat-tire-for-adult-from-china-cheap-city-coco-harley-electric-motorcycle-bike-rooder-factory\/#breadcrumb","itemListElement":[{"@type":"ListItem","position":1,"name":"HOME","item":"https:\/\/www.rooderchina.com\/"},{"@type":"ListItem","position":2,"name":"Shop","item":"https:\/\/www.rooderchina.com\/shop\/"},{"@type":"ListItem","position":3,"name":"citycoco harley electric scooter r804 with CE 1000w 60v lithium battery and 2 big wheel fat tire for adult from China cheap city coco harley electric motorcycle bike Rooder factory"}]},{"@type":"WebSite","@id":"https:\/\/www.rooderchina.com\/#website","url":"https:\/\/www.rooderchina.com\/","name":"Electric Scooters Bikes Citycoco Manufacturer","description":"Rooder Technology Limited","publisher":{"@id":"https:\/\/www.rooderchina.com\/#organization"},"potentialAction":[{"@type":"SearchAction","target":{"@type":"EntryPoint","urlTemplate":"https:\/\/www.rooderchina.com\/?s={search_term_string}"},"query-input":"required name=search_term_string"}],"inLanguage":"pt-BR"},{"@type":"Organization","@id":"https:\/\/www.rooderchina.com\/#organization","name":"Electric Scooters Bikes Citycoco Manufacturer","url":"https:\/\/www.rooderchina.com\/","logo":{"@type":"ImageObject","inLanguage":"pt-BR","@id":"https:\/\/www.rooderchina.com\/#\/schema\/logo\/image\/","url":"https:\/\/www.rooderchina.com\/wp-content\/uploads\/2023\/12\/rooder2.jpg","contentUrl":"https:\/\/www.rooderchina.com\/wp-content\/uploads\/2023\/12\/rooder2.jpg","width":1723,"height":1037,"caption":"Electric Scooters Bikes Citycoco Manufacturer"},"image":{"@id":"https:\/\/www.rooderchina.com\/#\/schema\/logo\/image\/"},"sameAs":["https:\/\/www.facebook.com\/rooder.tec","https:\/\/twitter.com\/RooderTec"]}]}},"_links":{"self":[{"href":"https:\/\/www.rooderchina.com\/pt\/wp-json\/wp\/v2\/product\/9153","targetHints":{"allow":["GET"]}}],"collection":[{"href":"https:\/\/www.rooderchina.com\/pt\/wp-json\/wp\/v2\/product"}],"about":[{"href":"https:\/\/www.rooderchina.com\/pt\/wp-json\/wp\/v2\/types\/product"}],"replies":[{"embeddable":true,"href":"https:\/\/www.rooderchina.com\/pt\/wp-json\/wp\/v2\/comments?post=9153"}],"version-history":[{"count":1,"href":"https:\/\/www.rooderchina.com\/pt\/wp-json\/wp\/v2\/product\/9153\/revisions"}],"predecessor-version":[{"id":9154,"href":"https:\/\/www.rooderchina.com\/pt\/wp-json\/wp\/v2\/product\/9153\/revisions\/9154"}],"wp:featuredmedia":[{"embeddable":true,"href":"https:\/\/www.rooderchina.com\/pt\/wp-json\/wp\/v2\/media\/9155"}],"wp:attachment":[{"href":"https:\/\/www.rooderchina.com\/pt\/wp-json\/wp\/v2\/media?parent=9153"}],"wp:term":[{"taxonomy":"product_brand","embeddable":true,"href":"https:\/\/www.rooderchina.com\/pt\/wp-json\/wp\/v2\/product_brand?post=9153"},{"taxonomy":"product_cat","embeddable":true,"href":"https:\/\/www.rooderchina.com\/pt\/wp-json\/wp\/v2\/product_cat?post=9153"},{"taxonomy":"product_tag","embeddable":true,"href":"https:\/\/www.rooderchina.com\/pt\/wp-json\/wp\/v2\/product_tag?post=9153"}],"curies":[{"name":"wp","href":"https:\/\/api.w.org\/{rel}","templated":true}]}}