{"id":24754,"date":"2023-12-24T18:09:13","date_gmt":"2023-12-24T10:09:13","guid":{"rendered":"https:\/\/www.rooderchina.com\/?post_type=product&#038;p=24754"},"modified":"2023-12-24T18:09:14","modified_gmt":"2023-12-24T10:09:14","slug":"electric-bike-r809-s8-26inch-ce-fcc-wholesale","status":"publish","type":"product","link":"https:\/\/www.rooderchina.com\/pt\/produto\/electric-bike-r809-s8-26inch-ce-fcc-wholesale\/","title":{"rendered":"Bicicleta el\u00e9trica r809-s8 26inch CE FCC Atacado"},"content":{"rendered":"<h4>Bicicleta el\u00e9trica r809-s8 26inch CE FCC Atacado<\/h4>\n<p>Nome da marca\uff1aRooder<br \/>\nN\u00famero do modelo: r809-s1<br \/>\nMaterial da estrutura: Liga de alum\u00ednio<br \/>\nCor: preto<br \/>\nBateria\uff1a15AH<br \/>\nTens\u00e3o da bateria: 48 V (54 V)<br \/>\nTens\u00e3o do carregador: 100-240V 2A<br \/>\nPlugue redondo padr\u00e3o europeu<br \/>\nPot\u00eancia do motor: 750 W<br \/>\nEngrenagens: cinco engrenagens<br \/>\nPneu\uff1aCST 20*4.0<br \/>\nFreio: freio a disco<br \/>\nCapacidade de nivelamento\uff1a 30\u00b0<br \/>\nVelocidade m\u00e1xima: 45 km\/h<br \/>\nQuilometragem do el\u00e9trico puro: 40-60 km<br \/>\nQuilometragem da assist\u00eancia\uff1a70-110KM<\/p>","protected":false},"excerpt":{"rendered":"<p>Rooder ebike r809-s8, vem com quadro de liga de alum\u00ednio, peso l\u00edquido de apenas 27 kg, tamanho da caixa de embalagem: 160\u00d724\u00d786 cm,<\/p>\n<p>Peso bruto de 37 kg com bateria de l\u00edtio remov\u00edvel. \u00c9 poss\u00edvel carregar 82 pe\u00e7as em um cont\u00eainer 20GP e 205 pe\u00e7as em um cont\u00eainer 40HQ.<\/p>\n<p>A quilometragem da bateria de 15a \u00e9 de 40 a 60 km, o motor de 500w com velocidade de bloqueio de 25 km\/h ou velocidade m\u00e1xima de 38 a 42 km\/h.<\/p>","protected":false},"featured_media":24760,"comment_status":"open","ping_status":"closed","template":"","meta":[],"product_brand":[],"product_cat":[574],"product_tag":[538,1221,1222],"class_list":{"0":"post-24754","1":"product","2":"type-product","3":"status-publish","4":"has-post-thumbnail","6":"product_cat-electric-bicycles","7":"product_tag-electric-bike","8":"product_tag-electric-bike-r809-s8","9":"product_tag-r809-s8","11":"first","12":"instock","13":"shipping-taxable","14":"product-type-simple"},"yoast_head":"<!-- This site is optimized with the Yoast SEO plugin v21.7 - https:\/\/yoast.com\/wordpress\/plugins\/seo\/ -->\n<title>Electric Bike r809-s8 26inch CE FCC Wholesale - Rooder Factory<\/title>\n<meta name=\"description\" content=\"Rooder ebike r809-s8, it will come with aluminum alloy frame, net weight 27kgs only, packing carton size: 160\u00d724\u00d786cm,gross weight 37kgs with removable\" \/>\n<meta name=\"robots\" content=\"index, follow, max-snippet:-1, max-image-preview:large, max-video-preview:-1\" \/>\n<link rel=\"canonical\" href=\"https:\/\/www.rooderchina.com\/pt\/produto\/electric-bike-r809-s8-26inch-ce-fcc-wholesale\/\" \/>\n<meta property=\"og:locale\" content=\"pt_BR\" \/>\n<meta property=\"og:type\" content=\"article\" \/>\n<meta property=\"og:title\" content=\"Electric Bike r809-s8 26inch CE FCC Wholesale - Rooder Factory\" \/>\n<meta property=\"og:description\" content=\"Rooder ebike r809-s8, it will come with aluminum alloy frame, net weight 27kgs only, packing carton size: 160\u00d724\u00d786cm,gross weight 37kgs with removable\" \/>\n<meta property=\"og:url\" content=\"https:\/\/www.rooderchina.com\/pt\/produto\/electric-bike-r809-s8-26inch-ce-fcc-wholesale\/\" \/>\n<meta property=\"og:site_name\" content=\"Electric Scooters Bikes Citycoco Manufacturer\" \/>\n<meta property=\"article:publisher\" content=\"https:\/\/www.facebook.com\/rooder.tec\" \/>\n<meta property=\"article:modified_time\" content=\"2023-12-24T10:09:14+00:00\" \/>\n<meta property=\"og:image\" content=\"https:\/\/www.rooderchina.com\/wp-content\/uploads\/2023\/12\/Electric-Bike-r809-s8-26inch-CE-FCC-Wholesale-6.jpg\" \/>\n\t<meta property=\"og:image:width\" content=\"1024\" \/>\n\t<meta property=\"og:image:height\" content=\"1024\" \/>\n\t<meta property=\"og:image:type\" content=\"image\/jpeg\" \/>\n<meta name=\"twitter:card\" content=\"summary_large_image\" \/>\n<meta name=\"twitter:site\" content=\"@RooderTec\" \/>\n<meta name=\"twitter:label1\" content=\"Est. tempo de leitura\" \/>\n\t<meta name=\"twitter:data1\" content=\"1 minuto\" \/>\n<script type=\"application\/ld+json\" class=\"yoast-schema-graph\">{\"@context\":\"https:\/\/schema.org\",\"@graph\":[{\"@type\":\"WebPage\",\"@id\":\"https:\/\/www.rooderchina.com\/product\/electric-bike-r809-s8-26inch-ce-fcc-wholesale\/\",\"url\":\"https:\/\/www.rooderchina.com\/product\/electric-bike-r809-s8-26inch-ce-fcc-wholesale\/\",\"name\":\"Electric Bike r809-s8 26inch CE FCC Wholesale - Rooder Factory\",\"isPartOf\":{\"@id\":\"https:\/\/www.rooderchina.com\/#website\"},\"datePublished\":\"2023-12-24T10:09:13+00:00\",\"dateModified\":\"2023-12-24T10:09:14+00:00\",\"description\":\"Rooder ebike r809-s8, it will come with aluminum alloy frame, net weight 27kgs only, packing carton size: 160\u00d724\u00d786cm,gross weight 37kgs with removable\",\"breadcrumb\":{\"@id\":\"https:\/\/www.rooderchina.com\/product\/electric-bike-r809-s8-26inch-ce-fcc-wholesale\/#breadcrumb\"},\"inLanguage\":\"pt-BR\",\"potentialAction\":[{\"@type\":\"ReadAction\",\"target\":[\"https:\/\/www.rooderchina.com\/product\/electric-bike-r809-s8-26inch-ce-fcc-wholesale\/\"]}]},{\"@type\":\"BreadcrumbList\",\"@id\":\"https:\/\/www.rooderchina.com\/product\/electric-bike-r809-s8-26inch-ce-fcc-wholesale\/#breadcrumb\",\"itemListElement\":[{\"@type\":\"ListItem\",\"position\":1,\"name\":\"HOME\",\"item\":\"https:\/\/www.rooderchina.com\/\"},{\"@type\":\"ListItem\",\"position\":2,\"name\":\"Shop\",\"item\":\"https:\/\/www.rooderchina.com\/shop\/\"},{\"@type\":\"ListItem\",\"position\":3,\"name\":\"Electric Bike r809-s8 26inch CE FCC Wholesale\"}]},{\"@type\":\"WebSite\",\"@id\":\"https:\/\/www.rooderchina.com\/#website\",\"url\":\"https:\/\/www.rooderchina.com\/\",\"name\":\"Electric Scooters Bikes Citycoco Manufacturer\",\"description\":\"Rooder Technology Limited\",\"publisher\":{\"@id\":\"https:\/\/www.rooderchina.com\/#organization\"},\"potentialAction\":[{\"@type\":\"SearchAction\",\"target\":{\"@type\":\"EntryPoint\",\"urlTemplate\":\"https:\/\/www.rooderchina.com\/?s={search_term_string}\"},\"query-input\":\"required name=search_term_string\"}],\"inLanguage\":\"pt-BR\"},{\"@type\":\"Organization\",\"@id\":\"https:\/\/www.rooderchina.com\/#organization\",\"name\":\"Electric Scooters Bikes Citycoco Manufacturer\",\"url\":\"https:\/\/www.rooderchina.com\/\",\"logo\":{\"@type\":\"ImageObject\",\"inLanguage\":\"pt-BR\",\"@id\":\"https:\/\/www.rooderchina.com\/#\/schema\/logo\/image\/\",\"url\":\"https:\/\/www.rooderchina.com\/wp-content\/uploads\/2023\/12\/rooder2.jpg\",\"contentUrl\":\"https:\/\/www.rooderchina.com\/wp-content\/uploads\/2023\/12\/rooder2.jpg\",\"width\":1723,\"height\":1037,\"caption\":\"Electric Scooters Bikes Citycoco Manufacturer\"},\"image\":{\"@id\":\"https:\/\/www.rooderchina.com\/#\/schema\/logo\/image\/\"},\"sameAs\":[\"https:\/\/www.facebook.com\/rooder.tec\",\"https:\/\/twitter.com\/RooderTec\"]}]}<\/script>\n<!-- \/ Yoast SEO plugin. -->","yoast_head_json":{"title":"Electric Bike r809-s8 26inch CE FCC Wholesale - Rooder Factory","description":"Rooder ebike r809-s8, it will come with aluminum alloy frame, net weight 27kgs only, packing carton size: 160\u00d724\u00d786cm,gross weight 37kgs with removable","robots":{"index":"index","follow":"follow","max-snippet":"max-snippet:-1","max-image-preview":"max-image-preview:large","max-video-preview":"max-video-preview:-1"},"canonical":"https:\/\/www.rooderchina.com\/pt\/produto\/electric-bike-r809-s8-26inch-ce-fcc-wholesale\/","og_locale":"pt_BR","og_type":"article","og_title":"Electric Bike r809-s8 26inch CE FCC Wholesale - Rooder Factory","og_description":"Rooder ebike r809-s8, it will come with aluminum alloy frame, net weight 27kgs only, packing carton size: 160\u00d724\u00d786cm,gross weight 37kgs with removable","og_url":"https:\/\/www.rooderchina.com\/pt\/produto\/electric-bike-r809-s8-26inch-ce-fcc-wholesale\/","og_site_name":"Electric Scooters Bikes Citycoco Manufacturer","article_publisher":"https:\/\/www.facebook.com\/rooder.tec","article_modified_time":"2023-12-24T10:09:14+00:00","og_image":[{"width":1024,"height":1024,"url":"https:\/\/www.rooderchina.com\/wp-content\/uploads\/2023\/12\/Electric-Bike-r809-s8-26inch-CE-FCC-Wholesale-6.jpg","type":"image\/jpeg"}],"twitter_card":"summary_large_image","twitter_site":"@RooderTec","twitter_misc":{"Est. tempo de leitura":"1 minuto"},"schema":{"@context":"https:\/\/schema.org","@graph":[{"@type":"WebPage","@id":"https:\/\/www.rooderchina.com\/product\/electric-bike-r809-s8-26inch-ce-fcc-wholesale\/","url":"https:\/\/www.rooderchina.com\/product\/electric-bike-r809-s8-26inch-ce-fcc-wholesale\/","name":"Electric Bike r809-s8 26inch CE FCC Wholesale - Rooder Factory","isPartOf":{"@id":"https:\/\/www.rooderchina.com\/#website"},"datePublished":"2023-12-24T10:09:13+00:00","dateModified":"2023-12-24T10:09:14+00:00","description":"Rooder ebike r809-s8, it will come with aluminum alloy frame, net weight 27kgs only, packing carton size: 160\u00d724\u00d786cm,gross weight 37kgs with removable","breadcrumb":{"@id":"https:\/\/www.rooderchina.com\/product\/electric-bike-r809-s8-26inch-ce-fcc-wholesale\/#breadcrumb"},"inLanguage":"pt-BR","potentialAction":[{"@type":"ReadAction","target":["https:\/\/www.rooderchina.com\/product\/electric-bike-r809-s8-26inch-ce-fcc-wholesale\/"]}]},{"@type":"BreadcrumbList","@id":"https:\/\/www.rooderchina.com\/product\/electric-bike-r809-s8-26inch-ce-fcc-wholesale\/#breadcrumb","itemListElement":[{"@type":"ListItem","position":1,"name":"HOME","item":"https:\/\/www.rooderchina.com\/"},{"@type":"ListItem","position":2,"name":"Shop","item":"https:\/\/www.rooderchina.com\/shop\/"},{"@type":"ListItem","position":3,"name":"Electric Bike r809-s8 26inch CE FCC Wholesale"}]},{"@type":"WebSite","@id":"https:\/\/www.rooderchina.com\/#website","url":"https:\/\/www.rooderchina.com\/","name":"Electric Scooters Bikes Citycoco Manufacturer","description":"Rooder Technology Limited","publisher":{"@id":"https:\/\/www.rooderchina.com\/#organization"},"potentialAction":[{"@type":"SearchAction","target":{"@type":"EntryPoint","urlTemplate":"https:\/\/www.rooderchina.com\/?s={search_term_string}"},"query-input":"required name=search_term_string"}],"inLanguage":"pt-BR"},{"@type":"Organization","@id":"https:\/\/www.rooderchina.com\/#organization","name":"Electric Scooters Bikes Citycoco Manufacturer","url":"https:\/\/www.rooderchina.com\/","logo":{"@type":"ImageObject","inLanguage":"pt-BR","@id":"https:\/\/www.rooderchina.com\/#\/schema\/logo\/image\/","url":"https:\/\/www.rooderchina.com\/wp-content\/uploads\/2023\/12\/rooder2.jpg","contentUrl":"https:\/\/www.rooderchina.com\/wp-content\/uploads\/2023\/12\/rooder2.jpg","width":1723,"height":1037,"caption":"Electric Scooters Bikes Citycoco Manufacturer"},"image":{"@id":"https:\/\/www.rooderchina.com\/#\/schema\/logo\/image\/"},"sameAs":["https:\/\/www.facebook.com\/rooder.tec","https:\/\/twitter.com\/RooderTec"]}]}},"_links":{"self":[{"href":"https:\/\/www.rooderchina.com\/pt\/wp-json\/wp\/v2\/product\/24754","targetHints":{"allow":["GET"]}}],"collection":[{"href":"https:\/\/www.rooderchina.com\/pt\/wp-json\/wp\/v2\/product"}],"about":[{"href":"https:\/\/www.rooderchina.com\/pt\/wp-json\/wp\/v2\/types\/product"}],"replies":[{"embeddable":true,"href":"https:\/\/www.rooderchina.com\/pt\/wp-json\/wp\/v2\/comments?post=24754"}],"version-history":[{"count":1,"href":"https:\/\/www.rooderchina.com\/pt\/wp-json\/wp\/v2\/product\/24754\/revisions"}],"predecessor-version":[{"id":24763,"href":"https:\/\/www.rooderchina.com\/pt\/wp-json\/wp\/v2\/product\/24754\/revisions\/24763"}],"wp:featuredmedia":[{"embeddable":true,"href":"https:\/\/www.rooderchina.com\/pt\/wp-json\/wp\/v2\/media\/24760"}],"wp:attachment":[{"href":"https:\/\/www.rooderchina.com\/pt\/wp-json\/wp\/v2\/media?parent=24754"}],"wp:term":[{"taxonomy":"product_brand","embeddable":true,"href":"https:\/\/www.rooderchina.com\/pt\/wp-json\/wp\/v2\/product_brand?post=24754"},{"taxonomy":"product_cat","embeddable":true,"href":"https:\/\/www.rooderchina.com\/pt\/wp-json\/wp\/v2\/product_cat?post=24754"},{"taxonomy":"product_tag","embeddable":true,"href":"https:\/\/www.rooderchina.com\/pt\/wp-json\/wp\/v2\/product_tag?post=24754"}],"curies":[{"name":"wp","href":"https:\/\/api.w.org\/{rel}","templated":true}]}}