{"id":19195,"date":"2023-12-15T18:35:42","date_gmt":"2023-12-15T10:35:42","guid":{"rendered":"https:\/\/www.rooderchina.com\/?post_type=product&#038;p=19195"},"modified":"2023-12-17T12:09:14","modified_gmt":"2023-12-17T04:09:14","slug":"rooder-electric-mountain-bike-mocha-750w-35ah-for-sale","status":"publish","type":"product","link":"https:\/\/www.rooderchina.com\/pt\/produto\/rooder-electric-mountain-bike-mocha-750w-35ah-for-sale\/","title":{"rendered":"Vende-se bicicleta el\u00e9trica de montanha Rooder mocha 750w 35ah"},"content":{"rendered":"<div data-elementor-type=\"product-post\" data-elementor-id=\"19195\" class=\"elementor elementor-19195\">\n\t\t\t\t\t\t\t\t\t<section class=\"wd-negative-gap elementor-section elementor-top-section elementor-element elementor-element-373c0dcb elementor-section-boxed elementor-section-height-default elementor-section-height-default wd-section-disabled\" data-id=\"373c0dcb\" data-element_type=\"section\">\n\t\t\t\t\t\t<div class=\"elementor-container elementor-column-gap-default\">\n\t\t\t\t\t<div class=\"elementor-column elementor-col-100 elementor-top-column elementor-element elementor-element-255d4874\" data-id=\"255d4874\" data-element_type=\"column\">\n\t\t\t<div class=\"elementor-widget-wrap elementor-element-populated\">\n\t\t\t\t\t\t\t\t<div class=\"elementor-element elementor-element-65de5c2a color-scheme-inherit text-left elementor-widget elementor-widget-text-editor\" data-id=\"65de5c2a\" data-element_type=\"widget\" data-widget_type=\"text-editor.default\">\n\t\t\t\t<div class=\"elementor-widget-container\">\n\t\t\t<style>\/*! elementor - v3.7.8 - 02-10-2022 *\/\n.elementor-widget-text-editor.elementor-drop-cap-view-stacked .elementor-drop-cap{background-color:#818a91;color:#fff}.elementor-widget-text-editor.elementor-drop-cap-view-framed .elementor-drop-cap{color:#818a91;border:3px solid;background-color:transparent}.elementor-widget-text-editor:not(.elementor-drop-cap-view-default) .elementor-drop-cap{margin-top:8px}.elementor-widget-text-editor:not(.elementor-drop-cap-view-default) .elementor-drop-cap-letter{width:1em;height:1em}.elementor-widget-text-editor .elementor-drop-cap{float:left;text-align:center;line-height:1;font-size:50px}.elementor-widget-text-editor .elementor-drop-cap-letter{display:inline-block}<\/style>\t\t\t\t<h2>Bicicleta el\u00e9trica de montanha Rooder Mocha 750W 35Ah para venda: A combina\u00e7\u00e3o perfeita de pot\u00eancia e estilo<\/h2><div><p>Voc\u00ea est\u00e1 em busca do produto perfeito? <a href=\"https:\/\/www.rooderchina.com\/pt\/shop\/\">mountain bike<\/a> que combine pot\u00eancia, estilo e confiabilidade? N\u00e3o procure mais: a Rooder Mountain Bike Mocha 750W 35Ah. Essa excepcional bicicleta el\u00e9trica foi projetada para levar suas aventuras off-road a novos patamares.<\/p><p>Alimentada por um robusto motor de 750 W, a Rooder Mountain Bike Mocha vence sem esfor\u00e7o colinas \u00edngremes e terrenos desafiadores. Com sua bateria de 35Ah, voc\u00ea pode desfrutar de longos passeios sem se preocupar com a falta de energia. Quer esteja explorando a natureza selvagem ou se deslocando pela cidade, essa bicicleta oferece um passeio suave e estimulante.<\/p><p>O que diferencia a Rooder Mountain Bike Mocha \u00e9 seu design elegante e moderno. Feita com aten\u00e7\u00e3o aos detalhes, essa bicicleta chama a aten\u00e7\u00e3o onde quer que voc\u00ea v\u00e1. Seu quadro na cor mocha exala eleg\u00e2ncia, enquanto a constru\u00e7\u00e3o robusta garante durabilidade e estabilidade.<\/p><p>Equipada com recursos avan\u00e7ados, a Rooder Mountain Bike Mocha prioriza sua seguran\u00e7a e conveni\u00eancia. Os freios a disco dianteiro e traseiro proporcionam uma for\u00e7a de parada confi\u00e1vel, enquanto o farol de LED ilumina o seu caminho, mesmo em condi\u00e7\u00f5es de pouca luz. O visor LCD da bicicleta o mant\u00e9m informado sobre sua velocidade, dist\u00e2ncia e dura\u00e7\u00e3o da bateria.<\/p><p>Na Rooder, entendemos a import\u00e2ncia da qualidade e da satisfa\u00e7\u00e3o do cliente. \u00c9 por isso que nossas mountain bikes passam por testes rigorosos e seguem os mais altos padr\u00f5es. Ao escolher a Rooder Mountain Bike Mocha 750W 35Ah, voc\u00ea pode confiar em seu desempenho e confiabilidade.<\/p><p>N\u00e3o perca a oportunidade de ter essa excepcional mountain bike el\u00e9trica. Visite nosso site ou entre em contato conosco hoje mesmo para saber mais sobre a Rooder Mountain Bike Mocha 750W 35Ah \u00e0 venda. Experimente a emo\u00e7\u00e3o das aventuras off-road com a combina\u00e7\u00e3o perfeita de pot\u00eancia e estilo.<\/p><p>Modelo: Mocha<br \/>Estrutura: AL6061<br \/>Garfo dianteiro: Garfo dianteiro de liga de alum\u00ednio de 20\u2033 Tubo vertical sem dentes, tubo interno preto, curso do tubo vertical de 60 mm<br \/>Correia de choque de press\u00e3o de \u00f3leo de engrenagem aberta Freio a disco de coluna preta fosca com ombro de alum\u00ednio de travamento.\"<br \/>Freio: Freio a \u00f3leo dianteiro e traseiro, com disco de 180 mm, 2,3 mm de espessura<br \/>Roda dentada e manivela: 1\/8*52T*160L, BED de ferro, pernas de alum\u00ednio, al\u00e7a em preto areia cozida sem etiqueta, tampa dupla BK<br \/>Haste\/guid\u00e3o: Alum\u00ednio com spray preto e serrilhado Alum\u00ednio com spray preto<br \/>C\u00e2mbio: velocidade \u00fanica<br \/>Pneus: 20\u00d74.0 Snow Tire Black<br \/>Pedal: 9\/16 'AL6061 Prata<br \/>Sela: espuma de alta elasticidade<br \/>Estojo de bateria: Bateria externa remov\u00edvel<br \/>Bateria: Bateria Samsung 48V 35AH (25ah+10ah)<br \/>Motor: Motor de alta velocidade de 48V 750W, torque m\u00e1ximo de 80NM<br \/>Tela: Instrumento LCD<br \/>Controlador: 48V25A-12 tubos<br \/>Sensor: Sensor de velocidade Dual Hall de 12 sinais<br \/>Carregador: L\u00edtio AC 110V-240V3A (plugue padr\u00e3o dos EUA ou plugue da UE) 54,6V3A O cabo \u00e0 prova d'\u00e1gua UL62368 atende \u00e0 certifica\u00e7\u00e3o UL para os EUA ou CE para a Europa<br \/>Cabo: cabo \u00e0 prova d'\u00e1gua com conector integrado<br \/>Luz: Luz frontal<br \/>Lanterna traseira: Luzes de corrida de LED Luzes de freio<br \/>Modo de dire\u00e7\u00e3o: 1. modo el\u00e9trico; 2. modo assistente;<br \/>Velocidade: 1. modo el\u00e9trico: 45 km\/h (30 mph); 2. modo assistente: 55 km\/h (34 mph);<br \/>Cubo dianteiro: 3\/8\u2033 12GX36HX135WX155L Freio a disco com 6 pinos de trava sem libera\u00e7\u00e3o r\u00e1pida de trava padr\u00e3o em alum\u00ednio anodizado preto de alta qualidade<br \/>Polia de passo: volante de velocidade \u00fanica de a\u00e7o cromo molibd\u00eanio de alta resist\u00eancia 1\/2*1\/8*16T som ED ingl\u00eas completo<br \/>Aros: Duplo 20\u2033X12GX36H Freio a disco com bocal A\/V AL6061 Spray preto<br \/>Tubo interno: Borracha but\u00edlica 20X4.0 Bocal AV 48 mm<br \/>suporte: 20 polegadas e 200 mm de comprimento, escada lateral traseira AL6061 preto areia<br \/>Raios: Raios 12G em a\u00e7o inoxid\u00e1vel preto<br \/>Corrente: Corrente de velocidade \u00fanica 1\/8 136 n\u00f3s de velocidade<br \/>Embalagem: SKD 85%.<\/p><div class=\"main-page-wrapper\"><div class=\"container\"><div class=\"row content-layout-wrapper align-items-start\"><div class=\"site-content col-lg-12 col-12 col-md-12\" role=\"main\"><article id=\"post-4400\" class=\"post-4400 page type-page status-publish hentry\"><div class=\"entry-content\"><div class=\"elementor elementor-4400\" data-elementor-type=\"wp-page\" data-elementor-id=\"4400\"><section class=\"wd-negative-gap elementor-section elementor-top-section elementor-element elementor-element-2ed1e94 elementor-section-boxed elementor-section-height-default elementor-section-height-default wd-section-disabled\" data-id=\"2ed1e94\" data-element_type=\"section\"><div class=\"elementor-container elementor-column-gap-default\"><div class=\"elementor-column elementor-col-100 elementor-top-column elementor-element elementor-element-55314ed\" data-id=\"55314ed\" data-element_type=\"column\"><div class=\"elementor-widget-wrap elementor-element-populated\"><div class=\"elementor-element elementor-element-c1707e1 color-scheme-inherit text-left elementor-widget elementor-widget-text-editor\" data-id=\"c1707e1\" data-element_type=\"widget\" data-widget_type=\"text-editor.default\"><div class=\"elementor-widget-container\"><p>Por favor, inscreva-se em nosso canal para conhecer os novos modelos, a lista de pre\u00e7os e as novidades da Rooder em primeira m\u00e3o, obrigado.\u00a0<a title=\"Canal do youtube da Rooder\" href=\"https:\/\/www.youtube.com\/@rooder2010?sub_confirmation=1\" target=\"_blank\" rel=\"noopener\">https:\/\/www.youtube.com\/@rooder2010?sub_confirmation=1<\/a><\/p><\/div><\/div><\/div><\/div><\/div><\/section><\/div><\/div><\/article><\/div><\/div><\/div><\/div><\/div>\t\t\t\t\t\t<\/div>\n\t\t\t\t<\/div>\n\t\t\t\t\t<\/div>\n\t\t<\/div>\n\t\t\t\t\t\t\t<\/div>\n\t\t<\/section>\n\t\t\t\t<section class=\"wd-negative-gap elementor-section elementor-top-section elementor-element elementor-element-37d71e6 elementor-section-boxed elementor-section-height-default elementor-section-height-default wd-section-disabled\" data-id=\"37d71e6\" data-element_type=\"section\">\n\t\t\t\t\t\t<div class=\"elementor-container elementor-column-gap-default\">\n\t\t\t\t\t<div class=\"elementor-column elementor-col-100 elementor-top-column elementor-element elementor-element-cac279d\" data-id=\"cac279d\" data-element_type=\"column\">\n\t\t\t<div class=\"elementor-widget-wrap elementor-element-populated\">\n\t\t\t\t\t\t\t\t<div class=\"elementor-element elementor-element-2983794 elementor-aspect-ratio-169 elementor-widget elementor-widget-video\" data-id=\"2983794\" data-element_type=\"widget\" data-settings=\"{&quot;youtube_url&quot;:&quot;https:\\\/\\\/www.youtube.com\\\/watch?v=keAsCDjfmkM&quot;,&quot;video_type&quot;:&quot;youtube&quot;,&quot;controls&quot;:&quot;yes&quot;,&quot;aspect_ratio&quot;:&quot;169&quot;}\" data-widget_type=\"video.default\">\n\t\t\t\t<div class=\"elementor-widget-container\">\n\t\t\t<style>\/*! elementor - v3.7.8 - 02-10-2022 *\/\n.elementor-widget-video .elementor-widget-container{overflow:hidden;-webkit-transform:translateZ(0);transform:translateZ(0)}.elementor-widget-video .elementor-open-inline .elementor-custom-embed-image-overlay{position:absolute;top:0;left:0;width:100%;height:100%;background-size:cover;background-position:50%}.elementor-widget-video .elementor-custom-embed-image-overlay{cursor:pointer;text-align:center}.elementor-widget-video .elementor-custom-embed-image-overlay:hover .elementor-custom-embed-play i{opacity:1}.elementor-widget-video .elementor-custom-embed-image-overlay img{display:block;width:100%}.elementor-widget-video .e-hosted-video .elementor-video{-o-object-fit:cover;object-fit:cover}.e-container>.elementor-widget-video{width:var(--container-widget-width,100%)}<\/style>\t\t<div class=\"elementor-wrapper elementor-fit-aspect-ratio elementor-open-inline\">\n\t\t\t<div class=\"elementor-video\"><\/div>\t\t<\/div>\n\t\t\t\t<\/div>\n\t\t\t\t<\/div>\n\t\t\t\t\t<\/div>\n\t\t<\/div>\n\t\t\t\t\t\t\t<\/div>\n\t\t<\/section>\n\t\t\t\t\t\t\t<\/div>","protected":false},"excerpt":{"rendered":"<p>Est\u00e1 em busca da mountain bike perfeita que combine pot\u00eancia, estilo e confiabilidade? N\u00e3o precisa procurar mais: a Rooder Mountain Bike Mocha 750W 35Ah. Essa excepcional bicicleta el\u00e9trica foi projetada para levar suas aventuras off-road a novos patamares. Alimentada por um robusto motor de 750 W, a Rooder Mountain Bike Mocha vence sem esfor\u00e7o colinas \u00edngremes e terrenos desafiadores. Com sua bateria de 35Ah, voc\u00ea pode desfrutar de longos passeios sem se preocupar com a falta de energia. Quer esteja explorando a natureza selvagem ou se deslocando pela cidade, essa bicicleta oferece um passeio suave e estimulante. Equipada com recursos avan\u00e7ados, a Rooder Mountain Bike Mocha prioriza sua seguran\u00e7a e conveni\u00eancia. N\u00e3o perca a oportunidade de ter essa excepcional mountain bike el\u00e9trica. Visite nosso site ou entre em contato conosco hoje mesmo para saber mais sobre a Rooder Mountain Bike Mocha 750W 35Ah \u00e0 venda. Experimente a emo\u00e7\u00e3o das aventuras off-road com a combina\u00e7\u00e3o perfeita de pot\u00eancia e estilo.<\/p>","protected":false},"featured_media":19209,"comment_status":"open","ping_status":"closed","template":"","meta":[],"product_brand":[],"product_cat":[574],"product_tag":[844,1195,1197,1196,847,1198],"class_list":{"0":"post-19195","1":"product","2":"type-product","3":"status-publish","4":"has-post-thumbnail","6":"product_cat-electric-bicycles","7":"product_tag-bike","8":"product_tag-electric-mountain-bike","9":"product_tag-mocha","10":"product_tag-mountain-bike","11":"product_tag-rooder-bike","12":"product_tag-rooder-mocha","14":"first","15":"instock","16":"featured","17":"shipping-taxable","18":"product-type-simple"},"yoast_head":"<!-- This site is optimized with the Yoast SEO plugin v21.7 - https:\/\/yoast.com\/wordpress\/plugins\/seo\/ -->\n<title>Rooder electric mountain bike mocha 750w 35ah for sale - Electric Scooters Bikes Citycoco Manufacturer<\/title>\n<meta name=\"description\" content=\"Rooder electric mountain bike mocha 750w 35ah for sale from China Rooder factory, the perfect mountain bike that combines power, style, and reliability.\" \/>\n<meta name=\"robots\" content=\"index, follow, max-snippet:-1, max-image-preview:large, max-video-preview:-1\" \/>\n<link rel=\"canonical\" href=\"https:\/\/www.rooderchina.com\/pt\/produto\/rooder-electric-mountain-bike-mocha-750w-35ah-for-sale\/\" \/>\n<meta property=\"og:locale\" content=\"pt_BR\" \/>\n<meta property=\"og:type\" content=\"article\" \/>\n<meta property=\"og:title\" content=\"Rooder electric mountain bike mocha 750w 35ah for sale - Electric Scooters Bikes Citycoco Manufacturer\" \/>\n<meta property=\"og:description\" content=\"Rooder electric mountain bike mocha 750w 35ah for sale from China Rooder factory, the perfect mountain bike that combines power, style, and reliability.\" \/>\n<meta property=\"og:url\" content=\"https:\/\/www.rooderchina.com\/pt\/produto\/rooder-electric-mountain-bike-mocha-750w-35ah-for-sale\/\" \/>\n<meta property=\"og:site_name\" content=\"Electric Scooters Bikes Citycoco Manufacturer\" \/>\n<meta property=\"article:publisher\" content=\"https:\/\/www.facebook.com\/rooder.tec\" \/>\n<meta property=\"article:modified_time\" content=\"2023-12-17T04:09:14+00:00\" \/>\n<meta property=\"og:image\" content=\"https:\/\/www.rooderchina.com\/wp-content\/uploads\/2023\/12\/Rooder-electric-mountain-bike-mocha-750w-35ah-for-sale-4.jpg\" \/>\n\t<meta property=\"og:image:width\" content=\"1204\" \/>\n\t<meta property=\"og:image:height\" content=\"1204\" \/>\n\t<meta property=\"og:image:type\" content=\"image\/jpeg\" \/>\n<meta name=\"twitter:card\" content=\"summary_large_image\" \/>\n<meta name=\"twitter:site\" content=\"@RooderTec\" \/>\n<script type=\"application\/ld+json\" class=\"yoast-schema-graph\">{\"@context\":\"https:\/\/schema.org\",\"@graph\":[{\"@type\":\"WebPage\",\"@id\":\"https:\/\/www.rooderchina.com\/product\/rooder-electric-mountain-bike-mocha-750w-35ah-for-sale\/\",\"url\":\"https:\/\/www.rooderchina.com\/product\/rooder-electric-mountain-bike-mocha-750w-35ah-for-sale\/\",\"name\":\"Rooder electric mountain bike mocha 750w 35ah for sale - Electric Scooters Bikes Citycoco Manufacturer\",\"isPartOf\":{\"@id\":\"https:\/\/www.rooderchina.com\/#website\"},\"datePublished\":\"2023-12-15T10:35:42+00:00\",\"dateModified\":\"2023-12-17T04:09:14+00:00\",\"description\":\"Rooder electric mountain bike mocha 750w 35ah for sale from China Rooder factory, the perfect mountain bike that combines power, style, and reliability.\",\"breadcrumb\":{\"@id\":\"https:\/\/www.rooderchina.com\/product\/rooder-electric-mountain-bike-mocha-750w-35ah-for-sale\/#breadcrumb\"},\"inLanguage\":\"pt-BR\",\"potentialAction\":[{\"@type\":\"ReadAction\",\"target\":[\"https:\/\/www.rooderchina.com\/product\/rooder-electric-mountain-bike-mocha-750w-35ah-for-sale\/\"]}]},{\"@type\":\"BreadcrumbList\",\"@id\":\"https:\/\/www.rooderchina.com\/product\/rooder-electric-mountain-bike-mocha-750w-35ah-for-sale\/#breadcrumb\",\"itemListElement\":[{\"@type\":\"ListItem\",\"position\":1,\"name\":\"HOME\",\"item\":\"https:\/\/www.rooderchina.com\/\"},{\"@type\":\"ListItem\",\"position\":2,\"name\":\"Shop\",\"item\":\"https:\/\/www.rooderchina.com\/shop\/\"},{\"@type\":\"ListItem\",\"position\":3,\"name\":\"Rooder electric mountain bike mocha 750w 35ah for sale\"}]},{\"@type\":\"WebSite\",\"@id\":\"https:\/\/www.rooderchina.com\/#website\",\"url\":\"https:\/\/www.rooderchina.com\/\",\"name\":\"Electric Scooters Bikes Citycoco Manufacturer\",\"description\":\"Rooder Technology Limited\",\"publisher\":{\"@id\":\"https:\/\/www.rooderchina.com\/#organization\"},\"potentialAction\":[{\"@type\":\"SearchAction\",\"target\":{\"@type\":\"EntryPoint\",\"urlTemplate\":\"https:\/\/www.rooderchina.com\/?s={search_term_string}\"},\"query-input\":\"required name=search_term_string\"}],\"inLanguage\":\"pt-BR\"},{\"@type\":\"Organization\",\"@id\":\"https:\/\/www.rooderchina.com\/#organization\",\"name\":\"Electric Scooters Bikes Citycoco Manufacturer\",\"url\":\"https:\/\/www.rooderchina.com\/\",\"logo\":{\"@type\":\"ImageObject\",\"inLanguage\":\"pt-BR\",\"@id\":\"https:\/\/www.rooderchina.com\/#\/schema\/logo\/image\/\",\"url\":\"https:\/\/www.rooderchina.com\/wp-content\/uploads\/2023\/12\/rooder2.jpg\",\"contentUrl\":\"https:\/\/www.rooderchina.com\/wp-content\/uploads\/2023\/12\/rooder2.jpg\",\"width\":1723,\"height\":1037,\"caption\":\"Electric Scooters Bikes Citycoco Manufacturer\"},\"image\":{\"@id\":\"https:\/\/www.rooderchina.com\/#\/schema\/logo\/image\/\"},\"sameAs\":[\"https:\/\/www.facebook.com\/rooder.tec\",\"https:\/\/twitter.com\/RooderTec\"]}]}<\/script>\n<!-- \/ Yoast SEO plugin. -->","yoast_head_json":{"title":"Rooder electric mountain bike mocha 750w 35ah for sale - Electric Scooters Bikes Citycoco Manufacturer","description":"Rooder electric mountain bike mocha 750w 35ah for sale from China Rooder factory, the perfect mountain bike that combines power, style, and reliability.","robots":{"index":"index","follow":"follow","max-snippet":"max-snippet:-1","max-image-preview":"max-image-preview:large","max-video-preview":"max-video-preview:-1"},"canonical":"https:\/\/www.rooderchina.com\/pt\/produto\/rooder-electric-mountain-bike-mocha-750w-35ah-for-sale\/","og_locale":"pt_BR","og_type":"article","og_title":"Rooder electric mountain bike mocha 750w 35ah for sale - Electric Scooters Bikes Citycoco Manufacturer","og_description":"Rooder electric mountain bike mocha 750w 35ah for sale from China Rooder factory, the perfect mountain bike that combines power, style, and reliability.","og_url":"https:\/\/www.rooderchina.com\/pt\/produto\/rooder-electric-mountain-bike-mocha-750w-35ah-for-sale\/","og_site_name":"Electric Scooters Bikes Citycoco Manufacturer","article_publisher":"https:\/\/www.facebook.com\/rooder.tec","article_modified_time":"2023-12-17T04:09:14+00:00","og_image":[{"width":1204,"height":1204,"url":"https:\/\/www.rooderchina.com\/wp-content\/uploads\/2023\/12\/Rooder-electric-mountain-bike-mocha-750w-35ah-for-sale-4.jpg","type":"image\/jpeg"}],"twitter_card":"summary_large_image","twitter_site":"@RooderTec","schema":{"@context":"https:\/\/schema.org","@graph":[{"@type":"WebPage","@id":"https:\/\/www.rooderchina.com\/product\/rooder-electric-mountain-bike-mocha-750w-35ah-for-sale\/","url":"https:\/\/www.rooderchina.com\/product\/rooder-electric-mountain-bike-mocha-750w-35ah-for-sale\/","name":"Rooder electric mountain bike mocha 750w 35ah for sale - Electric Scooters Bikes Citycoco Manufacturer","isPartOf":{"@id":"https:\/\/www.rooderchina.com\/#website"},"datePublished":"2023-12-15T10:35:42+00:00","dateModified":"2023-12-17T04:09:14+00:00","description":"Rooder electric mountain bike mocha 750w 35ah for sale from China Rooder factory, the perfect mountain bike that combines power, style, and reliability.","breadcrumb":{"@id":"https:\/\/www.rooderchina.com\/product\/rooder-electric-mountain-bike-mocha-750w-35ah-for-sale\/#breadcrumb"},"inLanguage":"pt-BR","potentialAction":[{"@type":"ReadAction","target":["https:\/\/www.rooderchina.com\/product\/rooder-electric-mountain-bike-mocha-750w-35ah-for-sale\/"]}]},{"@type":"BreadcrumbList","@id":"https:\/\/www.rooderchina.com\/product\/rooder-electric-mountain-bike-mocha-750w-35ah-for-sale\/#breadcrumb","itemListElement":[{"@type":"ListItem","position":1,"name":"HOME","item":"https:\/\/www.rooderchina.com\/"},{"@type":"ListItem","position":2,"name":"Shop","item":"https:\/\/www.rooderchina.com\/shop\/"},{"@type":"ListItem","position":3,"name":"Rooder electric mountain bike mocha 750w 35ah for sale"}]},{"@type":"WebSite","@id":"https:\/\/www.rooderchina.com\/#website","url":"https:\/\/www.rooderchina.com\/","name":"Electric Scooters Bikes Citycoco Manufacturer","description":"Rooder Technology Limited","publisher":{"@id":"https:\/\/www.rooderchina.com\/#organization"},"potentialAction":[{"@type":"SearchAction","target":{"@type":"EntryPoint","urlTemplate":"https:\/\/www.rooderchina.com\/?s={search_term_string}"},"query-input":"required name=search_term_string"}],"inLanguage":"pt-BR"},{"@type":"Organization","@id":"https:\/\/www.rooderchina.com\/#organization","name":"Electric Scooters Bikes Citycoco Manufacturer","url":"https:\/\/www.rooderchina.com\/","logo":{"@type":"ImageObject","inLanguage":"pt-BR","@id":"https:\/\/www.rooderchina.com\/#\/schema\/logo\/image\/","url":"https:\/\/www.rooderchina.com\/wp-content\/uploads\/2023\/12\/rooder2.jpg","contentUrl":"https:\/\/www.rooderchina.com\/wp-content\/uploads\/2023\/12\/rooder2.jpg","width":1723,"height":1037,"caption":"Electric Scooters Bikes Citycoco Manufacturer"},"image":{"@id":"https:\/\/www.rooderchina.com\/#\/schema\/logo\/image\/"},"sameAs":["https:\/\/www.facebook.com\/rooder.tec","https:\/\/twitter.com\/RooderTec"]}]}},"_links":{"self":[{"href":"https:\/\/www.rooderchina.com\/pt\/wp-json\/wp\/v2\/product\/19195","targetHints":{"allow":["GET"]}}],"collection":[{"href":"https:\/\/www.rooderchina.com\/pt\/wp-json\/wp\/v2\/product"}],"about":[{"href":"https:\/\/www.rooderchina.com\/pt\/wp-json\/wp\/v2\/types\/product"}],"replies":[{"embeddable":true,"href":"https:\/\/www.rooderchina.com\/pt\/wp-json\/wp\/v2\/comments?post=19195"}],"version-history":[{"count":20,"href":"https:\/\/www.rooderchina.com\/pt\/wp-json\/wp\/v2\/product\/19195\/revisions"}],"predecessor-version":[{"id":19235,"href":"https:\/\/www.rooderchina.com\/pt\/wp-json\/wp\/v2\/product\/19195\/revisions\/19235"}],"wp:featuredmedia":[{"embeddable":true,"href":"https:\/\/www.rooderchina.com\/pt\/wp-json\/wp\/v2\/media\/19209"}],"wp:attachment":[{"href":"https:\/\/www.rooderchina.com\/pt\/wp-json\/wp\/v2\/media?parent=19195"}],"wp:term":[{"taxonomy":"product_brand","embeddable":true,"href":"https:\/\/www.rooderchina.com\/pt\/wp-json\/wp\/v2\/product_brand?post=19195"},{"taxonomy":"product_cat","embeddable":true,"href":"https:\/\/www.rooderchina.com\/pt\/wp-json\/wp\/v2\/product_cat?post=19195"},{"taxonomy":"product_tag","embeddable":true,"href":"https:\/\/www.rooderchina.com\/pt\/wp-json\/wp\/v2\/product_tag?post=19195"}],"curies":[{"name":"wp","href":"https:\/\/api.w.org\/{rel}","templated":true}]}}