{"id":10461,"date":"2023-11-11T19:12:16","date_gmt":"2023-11-11T11:12:16","guid":{"rendered":"http:\/\/www.rooderchina.com\/index.php\/product\/smart-self-balancing-electric-scooter-r805n-with-10-inch-fat-wheel-48v-lithium-battery-85kg-max-load\/"},"modified":"2023-11-20T01:44:09","modified_gmt":"2023-11-19T17:44:09","slug":"smart-self-balancing-electric-scooter-r805n-with-10-inch-fat-wheel-48v-lithium-battery-85kg-max-load","status":"publish","type":"product","link":"https:\/\/www.rooderchina.com\/pt\/produto\/smart-self-balancing-electric-scooter-r805n-with-10-inch-fat-wheel-48v-lithium-battery-85kg-max-load\/","title":{"rendered":"scooter el\u00e9trica inteligente de autoequil\u00edbrio r805n com roda de 10 polegadas e bateria de l\u00edtio de 48v com carga m\u00e1xima de 85 kg"},"content":{"rendered":"<p>The company since its establishment has been focused on electric scooters product development and management, has always been adhering to the &#8220;leading electric scooters, succeed in quality&#8221; of the enterprise mission, and strive for professional excellence. The international advanced equipment, excellent R &amp; D personnel, within a short period of time, Rooder develops rapidly, become the leading technical level of lithium vehicle professional production enterprises.<\/p>\n<p><strong><a href=\"https:\/\/www.rooderchina.com\/pt\/tag\/smart-self-balancing-electric-scooter\/\" title=\"View all posts in smart self balancing electric scooter\" target=\"_blank\" rel=\"noopener\">smart self balancing electric scooter<\/a> r805n with 10 inch fat wheel 48v lithium battery 85kg max load from Rooder exporter company supplier factory<\/strong><\/p>\n<\/p>\n<p>&nbsp;<\/p>\n<p>model: r805n<br \/>\nsize: 71*25.4*22cm<br \/>\nnet weight: 10kg<br \/>\nmotor:rated 250w<br \/>\nmax incline: 30\u00b0<br \/>\ntyre: 10*6.oo-5.5<br \/>\nmax load:85kg<br \/>\nbattery: 48v 4.4ah lithium battery<br \/>\nmax speed: 20km\/h<br \/>\nrange:12km<br \/>\ncharge time: 2h<br \/>\ninput: ac110-240v 50\/60hz<br \/>\noutput: +54.6v dc 2a<br \/>\ntemperature: 0-40c\u00b0<br \/>\npackage size: 72*39*29cm<br \/>\ngross weight: 13.5 kg<\/p>\n<p>1 pe\u00e7a\/caixa<br \/>\nPeso l\u00edquido: 10 kg<br \/>\ngw:13.5kg<br \/>\ncarton size:72*39*29cm<br \/>\n0.081cbm\/piece<\/p>\n<p>ordem do cont\u00eainer:<br \/>\n356pcs in 20gp<br \/>\n761pcs in 40gp<br \/>\n860pcs in 40hc<\/p>","protected":false},"excerpt":{"rendered":"<h3>Descri\u00e7\u00e3o resumida:<\/h3>\n<p><p>Buy high quality\u00a0high quality self balancing scooter, wholesale cheap price\u00a0high quality self balancing scooter from Rooder\u00a0high quality self balancing scooter manufacturer factory supplier exporter company<\/p>\n<p>10 polegadas,<br \/>\nfat tire,<br \/>\nmotor potente,<br \/>\nbateria de l\u00edtio,<br \/>\nhigh quality,<br \/>\npre\u00e7o de atacado<\/p>\n<\/p>\n<p><\/p>\n<li><em>Marca: <\/em> OEM\/ODM\/ROODER<\/li>\n<li><em>Quantidade m\u00ednima do pedido: <\/em> 10 pe\u00e7as\/pe\u00e7as<\/li>\n<li><em>Capacidade de fornecimento: <\/em> 10000 pe\u00e7as\/pe\u00e7as por m\u00eas<\/li>\n<li><em>Porto: <\/em> Shenzhen<\/li>\n<li><em>Condi\u00e7\u00f5es de pagamento: <\/em> T\/T, L\/C, D\/A, D\/P<\/li>","protected":false},"featured_media":10463,"comment_status":"closed","ping_status":"closed","template":"","meta":[],"product_brand":[],"product_cat":[556],"product_tag":[1144,1145,1146,1147,1148,1149,1150,1151,1152,1153],"class_list":{"0":"post-10461","1":"product","2":"type-product","3":"status-publish","4":"has-post-thumbnail","6":"product_cat-others","7":"product_tag-8-5-inch-2-wheel-hoverboard","8":"product_tag-electric-golf-cart-scooter","9":"product_tag-fashion-2-wheel-electric-standing-scooter","10":"product_tag-high-quality-self-balancing-scooter","11":"product_tag-in-speakers-and-3-speed-mode-rover-hoverboard","12":"product_tag-newest-self-balancing-scooter","13":"product_tag-scooter-with-music","14":"product_tag-smart-self-balancing-electric-scooter","15":"product_tag-urban-art-smart-balance-scooter","16":"product_tag-with-ul-2272-with-anti-fire-material","18":"first","19":"instock","20":"product-type-simple"},"yoast_head":"<!-- This site is optimized with the Yoast SEO plugin v21.7 - https:\/\/yoast.com\/wordpress\/plugins\/seo\/ -->\n<title>smart self balancing electric scooter r805n with 10 inch fat wheel 48v lithium battery 85kg max load - Electric Scooters Bikes Citycoco Manufacturer<\/title>\n<meta name=\"robots\" content=\"index, follow, max-snippet:-1, max-image-preview:large, max-video-preview:-1\" \/>\n<link rel=\"canonical\" href=\"https:\/\/www.rooderchina.com\/pt\/produto\/smart-self-balancing-electric-scooter-r805n-with-10-inch-fat-wheel-48v-lithium-battery-85kg-max-load\/\" \/>\n<meta property=\"og:locale\" content=\"pt_BR\" \/>\n<meta property=\"og:type\" content=\"article\" \/>\n<meta property=\"og:title\" content=\"smart self balancing electric scooter r805n with 10 inch fat wheel 48v lithium battery 85kg max load - Electric Scooters Bikes Citycoco Manufacturer\" \/>\n<meta property=\"og:description\" content=\"Short Description: Buy high quality\u00a0high quality self balancing scooter, wholesale cheap price\u00a0high quality self balancing scooter from Rooder\u00a0high quality self balancing scooter manufacturer factory supplier exporter company 10inch, fat tire, powerful motor, lithium battery, high quality, wholesale price    Brand: OEM\/ODM\/ROODER   Min.Order Quantity: 10 Piece\/Pieces   Supply Ability: 10000 Piece\/Pieces per Month   Port: Shenzhen   Payment Terms: T\/T, L\/C, D\/A, D\/P\" \/>\n<meta property=\"og:url\" content=\"https:\/\/www.rooderchina.com\/pt\/produto\/smart-self-balancing-electric-scooter-r805n-with-10-inch-fat-wheel-48v-lithium-battery-85kg-max-load\/\" \/>\n<meta property=\"og:site_name\" content=\"Electric Scooters Bikes Citycoco Manufacturer\" \/>\n<meta property=\"article:publisher\" content=\"https:\/\/www.facebook.com\/rooder.tec\" \/>\n<meta property=\"article:modified_time\" content=\"2023-11-19T17:44:09+00:00\" \/>\n<meta property=\"og:image\" content=\"https:\/\/www.rooderchina.com\/wp-content\/uploads\/2023\/11\/f89b2333.jpg\" \/>\n\t<meta property=\"og:image:width\" content=\"750\" \/>\n\t<meta property=\"og:image:height\" content=\"750\" \/>\n\t<meta property=\"og:image:type\" content=\"image\/jpeg\" \/>\n<meta name=\"twitter:card\" content=\"summary_large_image\" \/>\n<meta name=\"twitter:site\" content=\"@RooderTec\" \/>\n<meta name=\"twitter:label1\" content=\"Est. tempo de leitura\" \/>\n\t<meta name=\"twitter:data1\" content=\"1 minuto\" \/>\n<script type=\"application\/ld+json\" class=\"yoast-schema-graph\">{\"@context\":\"https:\/\/schema.org\",\"@graph\":[{\"@type\":\"WebPage\",\"@id\":\"https:\/\/www.rooderchina.com\/product\/smart-self-balancing-electric-scooter-r805n-with-10-inch-fat-wheel-48v-lithium-battery-85kg-max-load\/\",\"url\":\"https:\/\/www.rooderchina.com\/product\/smart-self-balancing-electric-scooter-r805n-with-10-inch-fat-wheel-48v-lithium-battery-85kg-max-load\/\",\"name\":\"smart self balancing electric scooter r805n with 10 inch fat wheel 48v lithium battery 85kg max load - Electric Scooters Bikes Citycoco Manufacturer\",\"isPartOf\":{\"@id\":\"https:\/\/www.rooderchina.com\/#website\"},\"datePublished\":\"2023-11-11T11:12:16+00:00\",\"dateModified\":\"2023-11-19T17:44:09+00:00\",\"breadcrumb\":{\"@id\":\"https:\/\/www.rooderchina.com\/product\/smart-self-balancing-electric-scooter-r805n-with-10-inch-fat-wheel-48v-lithium-battery-85kg-max-load\/#breadcrumb\"},\"inLanguage\":\"pt-BR\",\"potentialAction\":[{\"@type\":\"ReadAction\",\"target\":[\"https:\/\/www.rooderchina.com\/product\/smart-self-balancing-electric-scooter-r805n-with-10-inch-fat-wheel-48v-lithium-battery-85kg-max-load\/\"]}]},{\"@type\":\"BreadcrumbList\",\"@id\":\"https:\/\/www.rooderchina.com\/product\/smart-self-balancing-electric-scooter-r805n-with-10-inch-fat-wheel-48v-lithium-battery-85kg-max-load\/#breadcrumb\",\"itemListElement\":[{\"@type\":\"ListItem\",\"position\":1,\"name\":\"HOME\",\"item\":\"https:\/\/www.rooderchina.com\/\"},{\"@type\":\"ListItem\",\"position\":2,\"name\":\"Shop\",\"item\":\"https:\/\/www.rooderchina.com\/shop\/\"},{\"@type\":\"ListItem\",\"position\":3,\"name\":\"smart self balancing electric scooter r805n with 10 inch fat wheel 48v lithium battery 85kg max load\"}]},{\"@type\":\"WebSite\",\"@id\":\"https:\/\/www.rooderchina.com\/#website\",\"url\":\"https:\/\/www.rooderchina.com\/\",\"name\":\"Electric Scooters Bikes Citycoco Manufacturer\",\"description\":\"Rooder Technology Limited\",\"publisher\":{\"@id\":\"https:\/\/www.rooderchina.com\/#organization\"},\"potentialAction\":[{\"@type\":\"SearchAction\",\"target\":{\"@type\":\"EntryPoint\",\"urlTemplate\":\"https:\/\/www.rooderchina.com\/?s={search_term_string}\"},\"query-input\":\"required name=search_term_string\"}],\"inLanguage\":\"pt-BR\"},{\"@type\":\"Organization\",\"@id\":\"https:\/\/www.rooderchina.com\/#organization\",\"name\":\"Electric Scooters Bikes Citycoco Manufacturer\",\"url\":\"https:\/\/www.rooderchina.com\/\",\"logo\":{\"@type\":\"ImageObject\",\"inLanguage\":\"pt-BR\",\"@id\":\"https:\/\/www.rooderchina.com\/#\/schema\/logo\/image\/\",\"url\":\"https:\/\/www.rooderchina.com\/wp-content\/uploads\/2023\/12\/rooder2.jpg\",\"contentUrl\":\"https:\/\/www.rooderchina.com\/wp-content\/uploads\/2023\/12\/rooder2.jpg\",\"width\":1723,\"height\":1037,\"caption\":\"Electric Scooters Bikes Citycoco Manufacturer\"},\"image\":{\"@id\":\"https:\/\/www.rooderchina.com\/#\/schema\/logo\/image\/\"},\"sameAs\":[\"https:\/\/www.facebook.com\/rooder.tec\",\"https:\/\/twitter.com\/RooderTec\"]}]}<\/script>\n<!-- \/ Yoast SEO plugin. -->","yoast_head_json":{"title":"smart self balancing electric scooter r805n with 10 inch fat wheel 48v lithium battery 85kg max load - Electric Scooters Bikes Citycoco Manufacturer","robots":{"index":"index","follow":"follow","max-snippet":"max-snippet:-1","max-image-preview":"max-image-preview:large","max-video-preview":"max-video-preview:-1"},"canonical":"https:\/\/www.rooderchina.com\/pt\/produto\/smart-self-balancing-electric-scooter-r805n-with-10-inch-fat-wheel-48v-lithium-battery-85kg-max-load\/","og_locale":"pt_BR","og_type":"article","og_title":"smart self balancing electric scooter r805n with 10 inch fat wheel 48v lithium battery 85kg max load - Electric Scooters Bikes Citycoco Manufacturer","og_description":"Short Description: Buy high quality\u00a0high quality self balancing scooter, wholesale cheap price\u00a0high quality self balancing scooter from Rooder\u00a0high quality self balancing scooter manufacturer factory supplier exporter company 10inch, fat tire, powerful motor, lithium battery, high quality, wholesale price    Brand: OEM\/ODM\/ROODER   Min.Order Quantity: 10 Piece\/Pieces   Supply Ability: 10000 Piece\/Pieces per Month   Port: Shenzhen   Payment Terms: T\/T, L\/C, D\/A, D\/P","og_url":"https:\/\/www.rooderchina.com\/pt\/produto\/smart-self-balancing-electric-scooter-r805n-with-10-inch-fat-wheel-48v-lithium-battery-85kg-max-load\/","og_site_name":"Electric Scooters Bikes Citycoco Manufacturer","article_publisher":"https:\/\/www.facebook.com\/rooder.tec","article_modified_time":"2023-11-19T17:44:09+00:00","og_image":[{"width":750,"height":750,"url":"https:\/\/www.rooderchina.com\/wp-content\/uploads\/2023\/11\/f89b2333.jpg","type":"image\/jpeg"}],"twitter_card":"summary_large_image","twitter_site":"@RooderTec","twitter_misc":{"Est. tempo de leitura":"1 minuto"},"schema":{"@context":"https:\/\/schema.org","@graph":[{"@type":"WebPage","@id":"https:\/\/www.rooderchina.com\/product\/smart-self-balancing-electric-scooter-r805n-with-10-inch-fat-wheel-48v-lithium-battery-85kg-max-load\/","url":"https:\/\/www.rooderchina.com\/product\/smart-self-balancing-electric-scooter-r805n-with-10-inch-fat-wheel-48v-lithium-battery-85kg-max-load\/","name":"smart self balancing electric scooter r805n with 10 inch fat wheel 48v lithium battery 85kg max load - Electric Scooters Bikes Citycoco Manufacturer","isPartOf":{"@id":"https:\/\/www.rooderchina.com\/#website"},"datePublished":"2023-11-11T11:12:16+00:00","dateModified":"2023-11-19T17:44:09+00:00","breadcrumb":{"@id":"https:\/\/www.rooderchina.com\/product\/smart-self-balancing-electric-scooter-r805n-with-10-inch-fat-wheel-48v-lithium-battery-85kg-max-load\/#breadcrumb"},"inLanguage":"pt-BR","potentialAction":[{"@type":"ReadAction","target":["https:\/\/www.rooderchina.com\/product\/smart-self-balancing-electric-scooter-r805n-with-10-inch-fat-wheel-48v-lithium-battery-85kg-max-load\/"]}]},{"@type":"BreadcrumbList","@id":"https:\/\/www.rooderchina.com\/product\/smart-self-balancing-electric-scooter-r805n-with-10-inch-fat-wheel-48v-lithium-battery-85kg-max-load\/#breadcrumb","itemListElement":[{"@type":"ListItem","position":1,"name":"HOME","item":"https:\/\/www.rooderchina.com\/"},{"@type":"ListItem","position":2,"name":"Shop","item":"https:\/\/www.rooderchina.com\/shop\/"},{"@type":"ListItem","position":3,"name":"smart self balancing electric scooter r805n with 10 inch fat wheel 48v lithium battery 85kg max load"}]},{"@type":"WebSite","@id":"https:\/\/www.rooderchina.com\/#website","url":"https:\/\/www.rooderchina.com\/","name":"Electric Scooters Bikes Citycoco Manufacturer","description":"Rooder Technology Limited","publisher":{"@id":"https:\/\/www.rooderchina.com\/#organization"},"potentialAction":[{"@type":"SearchAction","target":{"@type":"EntryPoint","urlTemplate":"https:\/\/www.rooderchina.com\/?s={search_term_string}"},"query-input":"required name=search_term_string"}],"inLanguage":"pt-BR"},{"@type":"Organization","@id":"https:\/\/www.rooderchina.com\/#organization","name":"Electric Scooters Bikes Citycoco Manufacturer","url":"https:\/\/www.rooderchina.com\/","logo":{"@type":"ImageObject","inLanguage":"pt-BR","@id":"https:\/\/www.rooderchina.com\/#\/schema\/logo\/image\/","url":"https:\/\/www.rooderchina.com\/wp-content\/uploads\/2023\/12\/rooder2.jpg","contentUrl":"https:\/\/www.rooderchina.com\/wp-content\/uploads\/2023\/12\/rooder2.jpg","width":1723,"height":1037,"caption":"Electric Scooters Bikes Citycoco Manufacturer"},"image":{"@id":"https:\/\/www.rooderchina.com\/#\/schema\/logo\/image\/"},"sameAs":["https:\/\/www.facebook.com\/rooder.tec","https:\/\/twitter.com\/RooderTec"]}]}},"_links":{"self":[{"href":"https:\/\/www.rooderchina.com\/pt\/wp-json\/wp\/v2\/product\/10461","targetHints":{"allow":["GET"]}}],"collection":[{"href":"https:\/\/www.rooderchina.com\/pt\/wp-json\/wp\/v2\/product"}],"about":[{"href":"https:\/\/www.rooderchina.com\/pt\/wp-json\/wp\/v2\/types\/product"}],"replies":[{"embeddable":true,"href":"https:\/\/www.rooderchina.com\/pt\/wp-json\/wp\/v2\/comments?post=10461"}],"version-history":[{"count":1,"href":"https:\/\/www.rooderchina.com\/pt\/wp-json\/wp\/v2\/product\/10461\/revisions"}],"predecessor-version":[{"id":10462,"href":"https:\/\/www.rooderchina.com\/pt\/wp-json\/wp\/v2\/product\/10461\/revisions\/10462"}],"wp:featuredmedia":[{"embeddable":true,"href":"https:\/\/www.rooderchina.com\/pt\/wp-json\/wp\/v2\/media\/10463"}],"wp:attachment":[{"href":"https:\/\/www.rooderchina.com\/pt\/wp-json\/wp\/v2\/media?parent=10461"}],"wp:term":[{"taxonomy":"product_brand","embeddable":true,"href":"https:\/\/www.rooderchina.com\/pt\/wp-json\/wp\/v2\/product_brand?post=10461"},{"taxonomy":"product_cat","embeddable":true,"href":"https:\/\/www.rooderchina.com\/pt\/wp-json\/wp\/v2\/product_cat?post=10461"},{"taxonomy":"product_tag","embeddable":true,"href":"https:\/\/www.rooderchina.com\/pt\/wp-json\/wp\/v2\/product_tag?post=10461"}],"curies":[{"name":"wp","href":"https:\/\/api.w.org\/{rel}","templated":true}]}}