{"id":10382,"date":"2023-11-11T19:11:04","date_gmt":"2023-11-11T11:11:04","guid":{"rendered":"http:\/\/www.rooderchina.com\/index.php\/product\/electric-scooter-hoverboard-r807h-with-10-inch-off-road-xiaomi-wheel-front-rear-led-light-for-sale-from-rooder-technolgoy-electric-scooter-hoverboard-factory\/"},"modified":"2023-11-11T19:11:05","modified_gmt":"2023-11-11T11:11:05","slug":"electric-scooter-hoverboard-r807h-with-10-inch-off-road-xiaomi-wheel-front-rear-led-light-for-sale-from-rooder-technolgoy-electric-scooter-hoverboard-factory","status":"publish","type":"product","link":"https:\/\/www.rooderchina.com\/pt\/produto\/electric-scooter-hoverboard-r807h-with-10-inch-off-road-xiaomi-wheel-front-rear-led-light-for-sale-from-rooder-technolgoy-electric-scooter-hoverboard-factory\/","title":{"rendered":"scooter el\u00e9trica hoverboard r807h com roda xiaomi de 10 polegadas off road, luz de led traseira dianteira para venda na f\u00e1brica de scooter el\u00e9trica hoverboard da Rooder technolgoy"},"content":{"rendered":"<p>Rooder technology limited has established more than 7 years, we professionally manufactured <a href=\"https:\/\/www.rooderchina.com\/pt\/tag\/electric-scooter-hoverboard\/\" title=\"View all posts in electric scooter hoverboard\" target=\"_blank\" rel=\"noopener\">electric scooter hoverboard<\/a>. Factory located in Guangdong, occupied over 3000 squared meters, more than 200 employees for the beginning. we have own tech. developing and designing team, focus on stable and professional quality and competitive cost correspond with international market.<\/p>\n<p><strong>scooter el\u00e9trica hoverboard r807h com roda xiaomi de 10 polegadas off road, luz de led traseira dianteira para venda na f\u00e1brica de scooter el\u00e9trica hoverboard da Rooder technolgoy<\/strong><\/p>\n<\/p>\n<p>model: r807h<br \/>\nbattery: built-in li-ion battery (36v, 4.4 ah) samsung<br \/>\nmax mileage: 20km<br \/>\nmotor power:350w*2<br \/>\ncharging requirements:ac100-240v\/50-60hz<br \/>\nrange per charger:15-20km<br \/>\nmax speed:10km\/h<br \/>\nmax loading: 120kg<br \/>\nmax climb:\u226415 degree<br \/>\nnet weight: 13.5kg<br \/>\ntire size: 10 inch<br \/>\npadel height: 270mm<br \/>\npower show: led light<br \/>\ncolor option: black, white, blue, green, red<br \/>\ncarton size: 71cm x 35cm x 36cm<br \/>\ngw: 15kgs<br \/>\nop\u00e7\u00e3o: bluetooth \/ controle remoto<\/p>\n<p>1 pe\u00e7a\/caixa<br \/>\nnet weight:12kg<br \/>\ngw:15kg<br \/>\ncarton size:71cm x 35cm x 36cm<br \/>\n0.089cbm\/pc<\/p>\n<p>ordem do cont\u00eainer:<br \/>\n324pcs in 20gp<br \/>\n693pcs in 40gp<br \/>\n782pcs in 40hc<\/p>\n<p>c\u00f3digo hs: 8711600010<\/p><\/p>","protected":false},"excerpt":{"rendered":"<h3>Descri\u00e7\u00e3o resumida:<\/h3>\n<p><p>Venda por atacado de hoverboard de scooter el\u00e9trico de alta qualidade e baixo pre\u00e7o, compre hoverboard de scooter el\u00e9trico da Rooder, fornecedor de f\u00e1brica de scooter el\u00e9trico, fabricante e exportador em www.RooderChina.com<\/p>\n<p>10,5 polegadas<br \/>\npneu fora de estrada<br \/>\ntodo terreno<br \/>\nLuzes de LED dianteiras e traseiras<br \/>\naplicativo taotao<br \/>\nbluetooth<\/p>\n<\/p>\n<p><\/p>\n<li><em>Marca: <\/em> OEM\/ODM\/ROODER<\/li>\n<li><em>Quantidade m\u00ednima do pedido: <\/em> 10 pe\u00e7as\/pe\u00e7as<\/li>\n<li><em>Capacidade de fornecimento: <\/em> 10000 pe\u00e7as\/pe\u00e7as por m\u00eas<\/li>\n<li><em>Porto: <\/em> Shenzhen<\/li>\n<li><em>Condi\u00e7\u00f5es de pagamento: <\/em> T\/T, L\/C, D\/A, D\/P<\/li>","protected":false},"featured_media":10384,"comment_status":"closed","ping_status":"open","template":"","meta":[],"product_brand":[],"product_cat":[556],"product_tag":[1095,666,1096,1097,1098,1099,1100,1101,1102,1103,1104,1105,1106,1107,1108,699],"class_list":{"0":"post-10382","1":"product","2":"type-product","3":"status-publish","4":"has-post-thumbnail","6":"product_cat-others","7":"product_tag-airboard-hoverboard","8":"product_tag-electric-scooter-hoverboard","9":"product_tag-gold-hoverboard","10":"product_tag-hoverboard-app","11":"product_tag-hoverboard-balancing-scooter","12":"product_tag-hoverboard-blue","13":"product_tag-hoverboard-for-sale","14":"product_tag-hoverboard-for-sale-price","15":"product_tag-hoverboard-segway","16":"product_tag-hoverboard-shop","17":"product_tag-hoverboard-wheels","18":"product_tag-hoverboards-on-sale","19":"product_tag-make-a-hoverboard","20":"product_tag-safe-cheap-hoverboards","21":"product_tag-segway-hoverboard-price","22":"product_tag-self-balancing-hoverboard","24":"first","25":"instock","26":"product-type-simple"},"yoast_head":"<!-- This site is optimized with the Yoast SEO plugin v21.7 - https:\/\/yoast.com\/wordpress\/plugins\/seo\/ -->\n<title>electric scooter hoverboard r807h with 10 inch off road xiaomi wheel front rear led light for sale from Rooder technolgoy electric scooter hoverboard factory - Electric Scooters Bikes Citycoco Manufacturer<\/title>\n<meta name=\"robots\" content=\"index, follow, max-snippet:-1, max-image-preview:large, max-video-preview:-1\" \/>\n<link rel=\"canonical\" href=\"https:\/\/www.rooderchina.com\/pt\/produto\/electric-scooter-hoverboard-r807h-with-10-inch-off-road-xiaomi-wheel-front-rear-led-light-for-sale-from-rooder-technolgoy-electric-scooter-hoverboard-factory\/\" \/>\n<meta property=\"og:locale\" content=\"pt_BR\" \/>\n<meta property=\"og:type\" content=\"article\" \/>\n<meta property=\"og:title\" content=\"electric scooter hoverboard r807h with 10 inch off road xiaomi wheel front rear led light for sale from Rooder technolgoy electric scooter hoverboard factory - Electric Scooters Bikes Citycoco Manufacturer\" \/>\n<meta property=\"og:description\" content=\"Short Description: wholesale high quality low price\u00a0electric scooter hoverboard, buy\u00a0electric scooter hoverboard from Rooder\u00a0electric scooter hoverboard supplier factory manufacturer exporter company on www.RooderChina.com 10.5 inch off road tire all terrain front and rear led lights taotao app bluetooth    Brand: OEM\/ODM\/ROODER   Min.Order Quantity: 10 Piece\/Pieces   Supply Ability: 10000 Piece\/Pieces per Month   Port: Shenzhen   Payment Terms: T\/T, L\/C, D\/A, D\/P\" \/>\n<meta property=\"og:url\" content=\"https:\/\/www.rooderchina.com\/pt\/produto\/electric-scooter-hoverboard-r807h-with-10-inch-off-road-xiaomi-wheel-front-rear-led-light-for-sale-from-rooder-technolgoy-electric-scooter-hoverboard-factory\/\" \/>\n<meta property=\"og:site_name\" content=\"Electric Scooters Bikes Citycoco Manufacturer\" \/>\n<meta property=\"article:publisher\" content=\"https:\/\/www.facebook.com\/rooder.tec\" \/>\n<meta property=\"article:modified_time\" content=\"2023-11-11T11:11:05+00:00\" \/>\n<meta property=\"og:image\" content=\"https:\/\/www.rooderchina.com\/wp-content\/uploads\/2023\/11\/d9e52280.jpg\" \/>\n\t<meta property=\"og:image:width\" content=\"750\" \/>\n\t<meta property=\"og:image:height\" content=\"750\" \/>\n\t<meta property=\"og:image:type\" content=\"image\/jpeg\" \/>\n<meta name=\"twitter:card\" content=\"summary_large_image\" \/>\n<meta name=\"twitter:site\" content=\"@RooderTec\" \/>\n<meta name=\"twitter:label1\" content=\"Est. tempo de leitura\" \/>\n\t<meta name=\"twitter:data1\" content=\"1 minuto\" \/>\n<script type=\"application\/ld+json\" class=\"yoast-schema-graph\">{\"@context\":\"https:\/\/schema.org\",\"@graph\":[{\"@type\":\"WebPage\",\"@id\":\"https:\/\/www.rooderchina.com\/product\/electric-scooter-hoverboard-r807h-with-10-inch-off-road-xiaomi-wheel-front-rear-led-light-for-sale-from-rooder-technolgoy-electric-scooter-hoverboard-factory\/\",\"url\":\"https:\/\/www.rooderchina.com\/product\/electric-scooter-hoverboard-r807h-with-10-inch-off-road-xiaomi-wheel-front-rear-led-light-for-sale-from-rooder-technolgoy-electric-scooter-hoverboard-factory\/\",\"name\":\"electric scooter hoverboard r807h with 10 inch off road xiaomi wheel front rear led light for sale from Rooder technolgoy electric scooter hoverboard factory - Electric Scooters Bikes Citycoco Manufacturer\",\"isPartOf\":{\"@id\":\"https:\/\/www.rooderchina.com\/#website\"},\"datePublished\":\"2023-11-11T11:11:04+00:00\",\"dateModified\":\"2023-11-11T11:11:05+00:00\",\"breadcrumb\":{\"@id\":\"https:\/\/www.rooderchina.com\/product\/electric-scooter-hoverboard-r807h-with-10-inch-off-road-xiaomi-wheel-front-rear-led-light-for-sale-from-rooder-technolgoy-electric-scooter-hoverboard-factory\/#breadcrumb\"},\"inLanguage\":\"pt-BR\",\"potentialAction\":[{\"@type\":\"ReadAction\",\"target\":[\"https:\/\/www.rooderchina.com\/product\/electric-scooter-hoverboard-r807h-with-10-inch-off-road-xiaomi-wheel-front-rear-led-light-for-sale-from-rooder-technolgoy-electric-scooter-hoverboard-factory\/\"]}]},{\"@type\":\"BreadcrumbList\",\"@id\":\"https:\/\/www.rooderchina.com\/product\/electric-scooter-hoverboard-r807h-with-10-inch-off-road-xiaomi-wheel-front-rear-led-light-for-sale-from-rooder-technolgoy-electric-scooter-hoverboard-factory\/#breadcrumb\",\"itemListElement\":[{\"@type\":\"ListItem\",\"position\":1,\"name\":\"HOME\",\"item\":\"https:\/\/www.rooderchina.com\/\"},{\"@type\":\"ListItem\",\"position\":2,\"name\":\"Shop\",\"item\":\"https:\/\/www.rooderchina.com\/shop\/\"},{\"@type\":\"ListItem\",\"position\":3,\"name\":\"electric scooter hoverboard r807h with 10 inch off road xiaomi wheel front rear led light for sale from Rooder technolgoy electric scooter hoverboard factory\"}]},{\"@type\":\"WebSite\",\"@id\":\"https:\/\/www.rooderchina.com\/#website\",\"url\":\"https:\/\/www.rooderchina.com\/\",\"name\":\"Electric Scooters Bikes Citycoco Manufacturer\",\"description\":\"Rooder Technology Limited\",\"publisher\":{\"@id\":\"https:\/\/www.rooderchina.com\/#organization\"},\"potentialAction\":[{\"@type\":\"SearchAction\",\"target\":{\"@type\":\"EntryPoint\",\"urlTemplate\":\"https:\/\/www.rooderchina.com\/?s={search_term_string}\"},\"query-input\":\"required name=search_term_string\"}],\"inLanguage\":\"pt-BR\"},{\"@type\":\"Organization\",\"@id\":\"https:\/\/www.rooderchina.com\/#organization\",\"name\":\"Electric Scooters Bikes Citycoco Manufacturer\",\"url\":\"https:\/\/www.rooderchina.com\/\",\"logo\":{\"@type\":\"ImageObject\",\"inLanguage\":\"pt-BR\",\"@id\":\"https:\/\/www.rooderchina.com\/#\/schema\/logo\/image\/\",\"url\":\"https:\/\/www.rooderchina.com\/wp-content\/uploads\/2023\/12\/rooder2.jpg\",\"contentUrl\":\"https:\/\/www.rooderchina.com\/wp-content\/uploads\/2023\/12\/rooder2.jpg\",\"width\":1723,\"height\":1037,\"caption\":\"Electric Scooters Bikes Citycoco Manufacturer\"},\"image\":{\"@id\":\"https:\/\/www.rooderchina.com\/#\/schema\/logo\/image\/\"},\"sameAs\":[\"https:\/\/www.facebook.com\/rooder.tec\",\"https:\/\/twitter.com\/RooderTec\"]}]}<\/script>\n<!-- \/ Yoast SEO plugin. -->","yoast_head_json":{"title":"electric scooter hoverboard r807h with 10 inch off road xiaomi wheel front rear led light for sale from Rooder technolgoy electric scooter hoverboard factory - Electric Scooters Bikes Citycoco Manufacturer","robots":{"index":"index","follow":"follow","max-snippet":"max-snippet:-1","max-image-preview":"max-image-preview:large","max-video-preview":"max-video-preview:-1"},"canonical":"https:\/\/www.rooderchina.com\/pt\/produto\/electric-scooter-hoverboard-r807h-with-10-inch-off-road-xiaomi-wheel-front-rear-led-light-for-sale-from-rooder-technolgoy-electric-scooter-hoverboard-factory\/","og_locale":"pt_BR","og_type":"article","og_title":"electric scooter hoverboard r807h with 10 inch off road xiaomi wheel front rear led light for sale from Rooder technolgoy electric scooter hoverboard factory - Electric Scooters Bikes Citycoco Manufacturer","og_description":"Short Description: wholesale high quality low price\u00a0electric scooter hoverboard, buy\u00a0electric scooter hoverboard from Rooder\u00a0electric scooter hoverboard supplier factory manufacturer exporter company on www.RooderChina.com 10.5 inch off road tire all terrain front and rear led lights taotao app bluetooth    Brand: OEM\/ODM\/ROODER   Min.Order Quantity: 10 Piece\/Pieces   Supply Ability: 10000 Piece\/Pieces per Month   Port: Shenzhen   Payment Terms: T\/T, L\/C, D\/A, D\/P","og_url":"https:\/\/www.rooderchina.com\/pt\/produto\/electric-scooter-hoverboard-r807h-with-10-inch-off-road-xiaomi-wheel-front-rear-led-light-for-sale-from-rooder-technolgoy-electric-scooter-hoverboard-factory\/","og_site_name":"Electric Scooters Bikes Citycoco Manufacturer","article_publisher":"https:\/\/www.facebook.com\/rooder.tec","article_modified_time":"2023-11-11T11:11:05+00:00","og_image":[{"width":750,"height":750,"url":"https:\/\/www.rooderchina.com\/wp-content\/uploads\/2023\/11\/d9e52280.jpg","type":"image\/jpeg"}],"twitter_card":"summary_large_image","twitter_site":"@RooderTec","twitter_misc":{"Est. tempo de leitura":"1 minuto"},"schema":{"@context":"https:\/\/schema.org","@graph":[{"@type":"WebPage","@id":"https:\/\/www.rooderchina.com\/product\/electric-scooter-hoverboard-r807h-with-10-inch-off-road-xiaomi-wheel-front-rear-led-light-for-sale-from-rooder-technolgoy-electric-scooter-hoverboard-factory\/","url":"https:\/\/www.rooderchina.com\/product\/electric-scooter-hoverboard-r807h-with-10-inch-off-road-xiaomi-wheel-front-rear-led-light-for-sale-from-rooder-technolgoy-electric-scooter-hoverboard-factory\/","name":"electric scooter hoverboard r807h with 10 inch off road xiaomi wheel front rear led light for sale from Rooder technolgoy electric scooter hoverboard factory - Electric Scooters Bikes Citycoco Manufacturer","isPartOf":{"@id":"https:\/\/www.rooderchina.com\/#website"},"datePublished":"2023-11-11T11:11:04+00:00","dateModified":"2023-11-11T11:11:05+00:00","breadcrumb":{"@id":"https:\/\/www.rooderchina.com\/product\/electric-scooter-hoverboard-r807h-with-10-inch-off-road-xiaomi-wheel-front-rear-led-light-for-sale-from-rooder-technolgoy-electric-scooter-hoverboard-factory\/#breadcrumb"},"inLanguage":"pt-BR","potentialAction":[{"@type":"ReadAction","target":["https:\/\/www.rooderchina.com\/product\/electric-scooter-hoverboard-r807h-with-10-inch-off-road-xiaomi-wheel-front-rear-led-light-for-sale-from-rooder-technolgoy-electric-scooter-hoverboard-factory\/"]}]},{"@type":"BreadcrumbList","@id":"https:\/\/www.rooderchina.com\/product\/electric-scooter-hoverboard-r807h-with-10-inch-off-road-xiaomi-wheel-front-rear-led-light-for-sale-from-rooder-technolgoy-electric-scooter-hoverboard-factory\/#breadcrumb","itemListElement":[{"@type":"ListItem","position":1,"name":"HOME","item":"https:\/\/www.rooderchina.com\/"},{"@type":"ListItem","position":2,"name":"Shop","item":"https:\/\/www.rooderchina.com\/shop\/"},{"@type":"ListItem","position":3,"name":"electric scooter hoverboard r807h with 10 inch off road xiaomi wheel front rear led light for sale from Rooder technolgoy electric scooter hoverboard factory"}]},{"@type":"WebSite","@id":"https:\/\/www.rooderchina.com\/#website","url":"https:\/\/www.rooderchina.com\/","name":"Electric Scooters Bikes Citycoco Manufacturer","description":"Rooder Technology Limited","publisher":{"@id":"https:\/\/www.rooderchina.com\/#organization"},"potentialAction":[{"@type":"SearchAction","target":{"@type":"EntryPoint","urlTemplate":"https:\/\/www.rooderchina.com\/?s={search_term_string}"},"query-input":"required name=search_term_string"}],"inLanguage":"pt-BR"},{"@type":"Organization","@id":"https:\/\/www.rooderchina.com\/#organization","name":"Electric Scooters Bikes Citycoco Manufacturer","url":"https:\/\/www.rooderchina.com\/","logo":{"@type":"ImageObject","inLanguage":"pt-BR","@id":"https:\/\/www.rooderchina.com\/#\/schema\/logo\/image\/","url":"https:\/\/www.rooderchina.com\/wp-content\/uploads\/2023\/12\/rooder2.jpg","contentUrl":"https:\/\/www.rooderchina.com\/wp-content\/uploads\/2023\/12\/rooder2.jpg","width":1723,"height":1037,"caption":"Electric Scooters Bikes Citycoco Manufacturer"},"image":{"@id":"https:\/\/www.rooderchina.com\/#\/schema\/logo\/image\/"},"sameAs":["https:\/\/www.facebook.com\/rooder.tec","https:\/\/twitter.com\/RooderTec"]}]}},"_links":{"self":[{"href":"https:\/\/www.rooderchina.com\/pt\/wp-json\/wp\/v2\/product\/10382","targetHints":{"allow":["GET"]}}],"collection":[{"href":"https:\/\/www.rooderchina.com\/pt\/wp-json\/wp\/v2\/product"}],"about":[{"href":"https:\/\/www.rooderchina.com\/pt\/wp-json\/wp\/v2\/types\/product"}],"replies":[{"embeddable":true,"href":"https:\/\/www.rooderchina.com\/pt\/wp-json\/wp\/v2\/comments?post=10382"}],"version-history":[{"count":1,"href":"https:\/\/www.rooderchina.com\/pt\/wp-json\/wp\/v2\/product\/10382\/revisions"}],"predecessor-version":[{"id":10383,"href":"https:\/\/www.rooderchina.com\/pt\/wp-json\/wp\/v2\/product\/10382\/revisions\/10383"}],"wp:featuredmedia":[{"embeddable":true,"href":"https:\/\/www.rooderchina.com\/pt\/wp-json\/wp\/v2\/media\/10384"}],"wp:attachment":[{"href":"https:\/\/www.rooderchina.com\/pt\/wp-json\/wp\/v2\/media?parent=10382"}],"wp:term":[{"taxonomy":"product_brand","embeddable":true,"href":"https:\/\/www.rooderchina.com\/pt\/wp-json\/wp\/v2\/product_brand?post=10382"},{"taxonomy":"product_cat","embeddable":true,"href":"https:\/\/www.rooderchina.com\/pt\/wp-json\/wp\/v2\/product_cat?post=10382"},{"taxonomy":"product_tag","embeddable":true,"href":"https:\/\/www.rooderchina.com\/pt\/wp-json\/wp\/v2\/product_tag?post=10382"}],"curies":[{"name":"wp","href":"https:\/\/api.w.org\/{rel}","templated":true}]}}