{"id":10206,"date":"2023-11-11T19:07:53","date_gmt":"2023-11-11T11:07:53","guid":{"rendered":"http:\/\/www.rooderchina.com\/index.php\/product\/mini-4-wheel-electric-skateboard-r800n-with-24v-lithium-battery-3kgs-only-wholesale-price\/"},"modified":"2023-11-20T01:44:35","modified_gmt":"2023-11-19T17:44:35","slug":"mini-4-wheel-electric-skateboard-r800n-with-24v-lithium-battery-3kgs-only-wholesale-price","status":"publish","type":"product","link":"https:\/\/www.rooderchina.com\/pt\/produto\/mini-4-wheel-electric-skateboard-r800n-with-24v-lithium-battery-3kgs-only-wholesale-price\/","title":{"rendered":"Mini skate el\u00e9trico de 4 rodas r800n com bateria de l\u00edtio de 24v 3kgs apenas pre\u00e7o de atacado"},"content":{"rendered":"<p>we are a company with over than 5 years rich experience which specializing in R&amp;Dmanufacturer and sales of plastic products, Located in Longhua District, Shenzhen City. Have over 3000 square meters plant with a group of skillful and experience workforce.<\/p>\n<p>Due to the expanding of the production, we extended the <a href=\"https:\/\/www.rooderchina.com\/pt\/tag\/electric-skateboard-hoverboard\/\" title=\"View all posts in electric skateboard hoverboard\" target=\"_blank\" rel=\"noopener\">electric skateboard hoverboard<\/a> products since 2014. to supply new and hot style self balancing scooter to customers all over the world with our competitive factory price. Monthly production capacity is over 10000 pieces. All its products pass many international quality standard certification, such as ROHS, CE, FCC, etc.<\/p>\n<p>We assure excellent quality, high-efficient capabilities with on-time production. To fulfill our customer&#8217;s needs.<\/p>\n<p><strong>mini 4 wheel <a href=\"https:\/\/www.rooderchina.com\/pt\/tag\/electric-skateboard\/\" title=\"View all posts in electric skateboard\" target=\"_blank\" rel=\"noopener\">skate el\u00e9trico<\/a> r800n with 24v lithium battery 3kgs only wholesale price<\/strong><\/p>\n<\/p>\n<p>&nbsp;<\/p>\n<p>model: r800n<br \/>\nmileage: 10 km<br \/>\ntop speed: 15km\/h<br \/>\nclimbing ability: 18 degrees<br \/>\nCarga m\u00e1xima: 100 kg<br \/>\nTemperatura de trabalho: -40 graus a 70 graus<br \/>\nmotor power: 150w<br \/>\nbattery : 24v 2.2ah lithium battery.<br \/>\ncharging time: 1.5 hours<br \/>\nTemperatura de carregamento: 0-45 graus<br \/>\nProte\u00e7\u00e3o contra sobrecarga: sim<br \/>\nCarregador: 90-240v 50-60hz<br \/>\nvehicle dimensions: 430*160cm<br \/>\ntire type: pu solid tires<br \/>\ntire size: 72*51mm<br \/>\npacking size: 44cm*24cm*17cm<br \/>\nnw: 3kg, gw: 5kg<br \/>\nLista de pacotes: skate, carregador, controle remoto<\/p>\n<p>1 pe\u00e7a\/caixa<br \/>\ncarton size: 44*24*17cm<br \/>\ngw:3kg, nw:5kg<br \/>\n0.018cbm\/piece<\/p>\n<p>ordem do cont\u00eainer:<br \/>\n1615pcs in 20gp<br \/>\n3454pcs in 40gp<br \/>\n389pcs in 40hc<\/p>","protected":false},"excerpt":{"rendered":"<h3>Descri\u00e7\u00e3o resumida:<\/h3>\n<p><p>wholesale 4 wheel electric scooter, find high quality cheap price 4 wheel electric scooter from 4 wheel electric scooter factory manufacturer supplier exporter company Rooder Technology Limited www.RooderChina.com<br \/>\nbateria de l\u00edtio,<br \/>\npu wheels,<br \/>\n24v motor,<br \/>\n3kgs only,<br \/>\nbackpack skateboard<\/p>\n<p>&nbsp;<\/p>\n<\/p>\n<p><\/p>\n<li><em>Marca: <\/em> OEM\/ODM\/ROODER<\/li>\n<li><em>Quantidade m\u00ednima do pedido: <\/em> 10 pe\u00e7as\/pe\u00e7as<\/li>\n<li><em>Capacidade de fornecimento: <\/em> 10000 pe\u00e7as\/pe\u00e7as por m\u00eas<\/li>\n<li><em>Porto: <\/em> Shenzhen<\/li>\n<li><em>Condi\u00e7\u00f5es de pagamento: <\/em> T\/T, L\/C, D\/A, D\/P<\/li>","protected":false},"featured_media":10208,"comment_status":"closed","ping_status":"closed","template":"","meta":[],"product_brand":[],"product_cat":[556],"product_tag":[1028,1029,1030,650,1031,1032,1033,1034,1035],"class_list":{"0":"post-10206","1":"product","2":"type-product","3":"status-publish","4":"has-post-thumbnail","6":"product_cat-others","7":"product_tag-adult-electric-skateboard","8":"product_tag-electric-longboard-skateboard","9":"product_tag-electric-motor-skateboard","10":"product_tag-electric-skateboard","11":"product_tag-electric-skateboard-hoverboard","12":"product_tag-motor-skateboard","13":"product_tag-oem-electric-skateboard","14":"product_tag-skateboard-electric","15":"product_tag-skateboard-electric-scooter","17":"first","18":"instock","19":"product-type-simple"},"yoast_head":"<!-- This site is optimized with the Yoast SEO plugin v21.7 - https:\/\/yoast.com\/wordpress\/plugins\/seo\/ -->\n<title>mini 4 wheel electric skateboard r800n with 24v lithium battery 3kgs only wholesale price - Electric Scooters Bikes Citycoco Manufacturer<\/title>\n<meta name=\"robots\" content=\"index, follow, max-snippet:-1, max-image-preview:large, max-video-preview:-1\" \/>\n<link rel=\"canonical\" href=\"https:\/\/www.rooderchina.com\/pt\/produto\/mini-4-wheel-electric-skateboard-r800n-with-24v-lithium-battery-3kgs-only-wholesale-price\/\" \/>\n<meta property=\"og:locale\" content=\"pt_BR\" \/>\n<meta property=\"og:type\" content=\"article\" \/>\n<meta property=\"og:title\" content=\"mini 4 wheel electric skateboard r800n with 24v lithium battery 3kgs only wholesale price - Electric Scooters Bikes Citycoco Manufacturer\" \/>\n<meta property=\"og:description\" content=\"Short Description: wholesale 4 wheel electric scooter, find high quality cheap price 4 wheel electric scooter from 4 wheel electric scooter factory manufacturer supplier exporter company Rooder Technology Limited www.RooderChina.com lithium battery, pu wheels, 24v motor, 3kgs only, backpack skateboard &nbsp;    Brand: OEM\/ODM\/ROODER   Min.Order Quantity: 10 Piece\/Pieces   Supply Ability: 10000 Piece\/Pieces per Month   Port: Shenzhen   Payment Terms: T\/T, L\/C, D\/A, D\/P\" \/>\n<meta property=\"og:url\" content=\"https:\/\/www.rooderchina.com\/pt\/produto\/mini-4-wheel-electric-skateboard-r800n-with-24v-lithium-battery-3kgs-only-wholesale-price\/\" \/>\n<meta property=\"og:site_name\" content=\"Electric Scooters Bikes Citycoco Manufacturer\" \/>\n<meta property=\"article:publisher\" content=\"https:\/\/www.facebook.com\/rooder.tec\" \/>\n<meta property=\"article:modified_time\" content=\"2023-11-19T17:44:35+00:00\" \/>\n<meta property=\"og:image\" content=\"https:\/\/www.rooderchina.com\/wp-content\/uploads\/2023\/11\/2220c1f3.jpg\" \/>\n\t<meta property=\"og:image:width\" content=\"750\" \/>\n\t<meta property=\"og:image:height\" content=\"750\" \/>\n\t<meta property=\"og:image:type\" content=\"image\/jpeg\" \/>\n<meta name=\"twitter:card\" content=\"summary_large_image\" \/>\n<meta name=\"twitter:site\" content=\"@RooderTec\" \/>\n<meta name=\"twitter:label1\" content=\"Est. tempo de leitura\" \/>\n\t<meta name=\"twitter:data1\" content=\"1 minuto\" \/>\n<script type=\"application\/ld+json\" class=\"yoast-schema-graph\">{\"@context\":\"https:\/\/schema.org\",\"@graph\":[{\"@type\":\"WebPage\",\"@id\":\"https:\/\/www.rooderchina.com\/pt\/produto\/mini-4-wheel-electric-skateboard-r800n-with-24v-lithium-battery-3kgs-only-wholesale-price\/\",\"url\":\"https:\/\/www.rooderchina.com\/pt\/produto\/mini-4-wheel-electric-skateboard-r800n-with-24v-lithium-battery-3kgs-only-wholesale-price\/\",\"name\":\"mini 4 wheel electric skateboard r800n with 24v lithium battery 3kgs only wholesale price - Electric Scooters Bikes Citycoco Manufacturer\",\"isPartOf\":{\"@id\":\"https:\/\/www.rooderchina.com\/#website\"},\"datePublished\":\"2023-11-11T11:07:53+00:00\",\"dateModified\":\"2023-11-19T17:44:35+00:00\",\"breadcrumb\":{\"@id\":\"https:\/\/www.rooderchina.com\/pt\/produto\/mini-4-wheel-electric-skateboard-r800n-with-24v-lithium-battery-3kgs-only-wholesale-price\/#breadcrumb\"},\"inLanguage\":\"pt-BR\",\"potentialAction\":[{\"@type\":\"ReadAction\",\"target\":[\"https:\/\/www.rooderchina.com\/pt\/produto\/mini-4-wheel-electric-skateboard-r800n-with-24v-lithium-battery-3kgs-only-wholesale-price\/\"]}]},{\"@type\":\"BreadcrumbList\",\"@id\":\"https:\/\/www.rooderchina.com\/pt\/produto\/mini-4-wheel-electric-skateboard-r800n-with-24v-lithium-battery-3kgs-only-wholesale-price\/#breadcrumb\",\"itemListElement\":[{\"@type\":\"ListItem\",\"position\":1,\"name\":\"HOME\",\"item\":\"https:\/\/www.rooderchina.com\/\"},{\"@type\":\"ListItem\",\"position\":2,\"name\":\"Shop\",\"item\":\"https:\/\/www.rooderchina.com\/shop\/\"},{\"@type\":\"ListItem\",\"position\":3,\"name\":\"mini 4 wheel electric skateboard r800n with 24v lithium battery 3kgs only wholesale price\"}]},{\"@type\":\"WebSite\",\"@id\":\"https:\/\/www.rooderchina.com\/#website\",\"url\":\"https:\/\/www.rooderchina.com\/\",\"name\":\"Electric Scooters Bikes Citycoco Manufacturer\",\"description\":\"Rooder Technology Limited\",\"publisher\":{\"@id\":\"https:\/\/www.rooderchina.com\/#organization\"},\"potentialAction\":[{\"@type\":\"SearchAction\",\"target\":{\"@type\":\"EntryPoint\",\"urlTemplate\":\"https:\/\/www.rooderchina.com\/?s={search_term_string}\"},\"query-input\":\"required name=search_term_string\"}],\"inLanguage\":\"pt-BR\"},{\"@type\":\"Organization\",\"@id\":\"https:\/\/www.rooderchina.com\/#organization\",\"name\":\"Electric Scooters Bikes Citycoco Manufacturer\",\"url\":\"https:\/\/www.rooderchina.com\/\",\"logo\":{\"@type\":\"ImageObject\",\"inLanguage\":\"pt-BR\",\"@id\":\"https:\/\/www.rooderchina.com\/#\/schema\/logo\/image\/\",\"url\":\"https:\/\/www.rooderchina.com\/wp-content\/uploads\/2023\/12\/rooder2.jpg\",\"contentUrl\":\"https:\/\/www.rooderchina.com\/wp-content\/uploads\/2023\/12\/rooder2.jpg\",\"width\":1723,\"height\":1037,\"caption\":\"Electric Scooters Bikes Citycoco Manufacturer\"},\"image\":{\"@id\":\"https:\/\/www.rooderchina.com\/#\/schema\/logo\/image\/\"},\"sameAs\":[\"https:\/\/www.facebook.com\/rooder.tec\",\"https:\/\/twitter.com\/RooderTec\"]}]}<\/script>\n<!-- \/ Yoast SEO plugin. -->","yoast_head_json":{"title":"mini 4 wheel electric skateboard r800n with 24v lithium battery 3kgs only wholesale price - Electric Scooters Bikes Citycoco Manufacturer","robots":{"index":"index","follow":"follow","max-snippet":"max-snippet:-1","max-image-preview":"max-image-preview:large","max-video-preview":"max-video-preview:-1"},"canonical":"https:\/\/www.rooderchina.com\/pt\/produto\/mini-4-wheel-electric-skateboard-r800n-with-24v-lithium-battery-3kgs-only-wholesale-price\/","og_locale":"pt_BR","og_type":"article","og_title":"mini 4 wheel electric skateboard r800n with 24v lithium battery 3kgs only wholesale price - Electric Scooters Bikes Citycoco Manufacturer","og_description":"Short Description: wholesale 4 wheel electric scooter, find high quality cheap price 4 wheel electric scooter from 4 wheel electric scooter factory manufacturer supplier exporter company Rooder Technology Limited www.RooderChina.com lithium battery, pu wheels, 24v motor, 3kgs only, backpack skateboard &nbsp;    Brand: OEM\/ODM\/ROODER   Min.Order Quantity: 10 Piece\/Pieces   Supply Ability: 10000 Piece\/Pieces per Month   Port: Shenzhen   Payment Terms: T\/T, L\/C, D\/A, D\/P","og_url":"https:\/\/www.rooderchina.com\/pt\/produto\/mini-4-wheel-electric-skateboard-r800n-with-24v-lithium-battery-3kgs-only-wholesale-price\/","og_site_name":"Electric Scooters Bikes Citycoco Manufacturer","article_publisher":"https:\/\/www.facebook.com\/rooder.tec","article_modified_time":"2023-11-19T17:44:35+00:00","og_image":[{"width":750,"height":750,"url":"https:\/\/www.rooderchina.com\/wp-content\/uploads\/2023\/11\/2220c1f3.jpg","type":"image\/jpeg"}],"twitter_card":"summary_large_image","twitter_site":"@RooderTec","twitter_misc":{"Est. tempo de leitura":"1 minuto"},"schema":{"@context":"https:\/\/schema.org","@graph":[{"@type":"WebPage","@id":"https:\/\/www.rooderchina.com\/pt\/produto\/mini-4-wheel-electric-skateboard-r800n-with-24v-lithium-battery-3kgs-only-wholesale-price\/","url":"https:\/\/www.rooderchina.com\/pt\/produto\/mini-4-wheel-electric-skateboard-r800n-with-24v-lithium-battery-3kgs-only-wholesale-price\/","name":"mini 4 wheel electric skateboard r800n with 24v lithium battery 3kgs only wholesale price - Electric Scooters Bikes Citycoco Manufacturer","isPartOf":{"@id":"https:\/\/www.rooderchina.com\/#website"},"datePublished":"2023-11-11T11:07:53+00:00","dateModified":"2023-11-19T17:44:35+00:00","breadcrumb":{"@id":"https:\/\/www.rooderchina.com\/pt\/produto\/mini-4-wheel-electric-skateboard-r800n-with-24v-lithium-battery-3kgs-only-wholesale-price\/#breadcrumb"},"inLanguage":"pt-BR","potentialAction":[{"@type":"ReadAction","target":["https:\/\/www.rooderchina.com\/pt\/produto\/mini-4-wheel-electric-skateboard-r800n-with-24v-lithium-battery-3kgs-only-wholesale-price\/"]}]},{"@type":"BreadcrumbList","@id":"https:\/\/www.rooderchina.com\/pt\/produto\/mini-4-wheel-electric-skateboard-r800n-with-24v-lithium-battery-3kgs-only-wholesale-price\/#breadcrumb","itemListElement":[{"@type":"ListItem","position":1,"name":"HOME","item":"https:\/\/www.rooderchina.com\/"},{"@type":"ListItem","position":2,"name":"Shop","item":"https:\/\/www.rooderchina.com\/shop\/"},{"@type":"ListItem","position":3,"name":"mini 4 wheel electric skateboard r800n with 24v lithium battery 3kgs only wholesale price"}]},{"@type":"WebSite","@id":"https:\/\/www.rooderchina.com\/#website","url":"https:\/\/www.rooderchina.com\/","name":"Electric Scooters Bikes Citycoco Manufacturer","description":"Rooder Technology Limited","publisher":{"@id":"https:\/\/www.rooderchina.com\/#organization"},"potentialAction":[{"@type":"SearchAction","target":{"@type":"EntryPoint","urlTemplate":"https:\/\/www.rooderchina.com\/?s={search_term_string}"},"query-input":"required name=search_term_string"}],"inLanguage":"pt-BR"},{"@type":"Organization","@id":"https:\/\/www.rooderchina.com\/#organization","name":"Electric Scooters Bikes Citycoco Manufacturer","url":"https:\/\/www.rooderchina.com\/","logo":{"@type":"ImageObject","inLanguage":"pt-BR","@id":"https:\/\/www.rooderchina.com\/#\/schema\/logo\/image\/","url":"https:\/\/www.rooderchina.com\/wp-content\/uploads\/2023\/12\/rooder2.jpg","contentUrl":"https:\/\/www.rooderchina.com\/wp-content\/uploads\/2023\/12\/rooder2.jpg","width":1723,"height":1037,"caption":"Electric Scooters Bikes Citycoco Manufacturer"},"image":{"@id":"https:\/\/www.rooderchina.com\/#\/schema\/logo\/image\/"},"sameAs":["https:\/\/www.facebook.com\/rooder.tec","https:\/\/twitter.com\/RooderTec"]}]}},"_links":{"self":[{"href":"https:\/\/www.rooderchina.com\/pt\/wp-json\/wp\/v2\/product\/10206","targetHints":{"allow":["GET"]}}],"collection":[{"href":"https:\/\/www.rooderchina.com\/pt\/wp-json\/wp\/v2\/product"}],"about":[{"href":"https:\/\/www.rooderchina.com\/pt\/wp-json\/wp\/v2\/types\/product"}],"replies":[{"embeddable":true,"href":"https:\/\/www.rooderchina.com\/pt\/wp-json\/wp\/v2\/comments?post=10206"}],"version-history":[{"count":1,"href":"https:\/\/www.rooderchina.com\/pt\/wp-json\/wp\/v2\/product\/10206\/revisions"}],"predecessor-version":[{"id":10207,"href":"https:\/\/www.rooderchina.com\/pt\/wp-json\/wp\/v2\/product\/10206\/revisions\/10207"}],"wp:featuredmedia":[{"embeddable":true,"href":"https:\/\/www.rooderchina.com\/pt\/wp-json\/wp\/v2\/media\/10208"}],"wp:attachment":[{"href":"https:\/\/www.rooderchina.com\/pt\/wp-json\/wp\/v2\/media?parent=10206"}],"wp:term":[{"taxonomy":"product_brand","embeddable":true,"href":"https:\/\/www.rooderchina.com\/pt\/wp-json\/wp\/v2\/product_brand?post=10206"},{"taxonomy":"product_cat","embeddable":true,"href":"https:\/\/www.rooderchina.com\/pt\/wp-json\/wp\/v2\/product_cat?post=10206"},{"taxonomy":"product_tag","embeddable":true,"href":"https:\/\/www.rooderchina.com\/pt\/wp-json\/wp\/v2\/product_tag?post=10206"}],"curies":[{"name":"wp","href":"https:\/\/api.w.org\/{rel}","templated":true}]}}