{"id":10046,"date":"2023-11-11T19:04:35","date_gmt":"2023-11-11T11:04:35","guid":{"rendered":"http:\/\/www.rooderchina.com\/index.php\/product\/folding-electric-scooter-r803b-for-adult-with-8-inch-brushless-motor-wheel-lcd-screen-black-white-blue-color-for-sale\/"},"modified":"2023-11-11T19:04:57","modified_gmt":"2023-11-11T11:04:57","slug":"folding-electric-scooter-r803b-for-adult-with-8-inch-brushless-motor-wheel-lcd-screen-black-white-blue-color-for-sale","status":"publish","type":"product","link":"https:\/\/www.rooderchina.com\/pt\/produto\/folding-electric-scooter-r803b-for-adult-with-8-inch-brushless-motor-wheel-lcd-screen-black-white-blue-color-for-sale\/","title":{"rendered":"scooter el\u00e9trica dobr\u00e1vel r803b para adultos com motor sem escova de 8 polegadas, roda com tela de lcd preta, branca e azul para venda"},"content":{"rendered":"<p>Somos especializados na fabrica\u00e7\u00e3o e exporta\u00e7\u00e3o de v\u00e1rios produtos para esportes ao ar livre com servi\u00e7os de ODM e OEM, oferecendo produtos de nossas pr\u00f3prias f\u00e1bricas e de nossas empresas de fabrica\u00e7\u00e3o afiliadas em toda a China. Gra\u00e7as ao rigoroso controle de qualidade e aos pre\u00e7os moderados, anualmente, milh\u00f5es de d\u00f3lares de nossos produtos chegam ao mercado mundial, al\u00e9m do mercado interno chin\u00eas, incluindo Europa, Am\u00e9rica do Norte, Am\u00e9rica do Sul e Coreia.<\/p>\n<p>Nossas vantagens:<\/p>\n<p>1. Com 3 f\u00e1bricas subordinadas, com foco em diferentes \u00e1reas por mais de 5 anos.<br \/>\n2. Especializada em patinetes, patinetes el\u00e9tricos e skates.<br \/>\n3. Fornecer a melhor qualidade, o melhor servi\u00e7o e pre\u00e7o competitivo.<\/p>\n<p>Mais servi\u00e7os que podemos oferecer:<\/p>\n<p>1. Design profissional gratuito.<br \/>\n2. Suporte OEM.<br \/>\n3. Baixo MOQ.<br \/>\n4. Entrega r\u00e1pida.<br \/>\n5. Servi\u00e7o porta a porta.<\/p>\n<p>Se estiver procurando por um fabricante confi\u00e1vel, \u00e1gil e de alta qualidade, voc\u00ea veio ao lugar certo. Entre em contato conosco e deixe-nos ganhar sua confian\u00e7a, transformando meras palavras em a\u00e7\u00e3o. Temos certeza de que voc\u00ea nunca olhar\u00e1 para tr\u00e1s.<\/p>\n<p><strong><a href=\"https:\/\/www.rooderchina.com\/pt\/tag\/folding-electric-scooter\/\" title=\"Ver todas as mensagens em scooter el\u00e9trico dobr\u00e1vel\" target=\"_blank\" rel=\"noopener\">scooter el\u00e9trico dobr\u00e1vel<\/a> r803b para adultos com motor sem escova de 8 polegadas e tela lcd preta branca azul para venda<\/strong><\/p>\n<\/p>\n<p>&nbsp;<\/p>\n<p>modelo: r803b<br \/>\n<a href=\"https:\/\/www.rooderchina.com\/pt\/tag\/folding-electric-scooter\/\" title=\"Ver todas as mensagens em scooter el\u00e9trico dobr\u00e1vel\" target=\"_blank\" rel=\"noopener\">scooter el\u00e9trico dobr\u00e1vel<\/a> com liga de alum\u00ednio<br \/>\nbateria:36v8ah<br \/>\nTempo de carga: 3-4h<br \/>\nPot\u00eancia:350w<br \/>\nVelocidade m\u00e1xima: 35km\/h<br \/>\nalcance: 25 km<br \/>\nCapacidade de inclina\u00e7\u00e3o: 25\u00b0 (depende do peso do motociclista e das condi\u00e7\u00f5es da estrada)<br \/>\ntradu\u00e7\u00f5es alternativas:earmarked to accelerate<br \/>\nSuspens\u00e3o de mola dianteira e traseira: sim<br \/>\nTamanho do pneu: 8 polegadas<br \/>\nCarga m\u00e1xima: 120 kg<br \/>\nPeso l\u00edquido: 11,5 kg<br \/>\nPeso bruto: 15 kg<br \/>\nMedida dobrada: 94x15x33cm<br \/>\nMedidas da embalagem: 104x22x41cm<\/p>","protected":false},"excerpt":{"rendered":"<h3>Descri\u00e7\u00e3o resumida:<\/h3>\n<p><p>Encontre scooter el\u00e9trica dobr\u00e1vel para adultos de alta qualidade e pre\u00e7o barato, scooter el\u00e9trica dobr\u00e1vel para adultos no atacado da Rooder alibaba gold supplier scooter el\u00e9trica dobr\u00e1vel para adultos em www.RooderChina.com<\/p>\n<p>scooter el\u00e9trico dobr\u00e1vel,<br \/>\nMotor de 8 polegadas,<br \/>\nbateria de l\u00edtio,<br \/>\ndiretamente da f\u00e1brica,<br \/>\npre\u00e7o de atacado<\/p>\n<\/p>\n<p><\/p>\n<li><em>Marca: <\/em> OEM\/ODM\/ROODER<\/li>\n<li><em>Quantidade m\u00ednima do pedido: <\/em> 10 pe\u00e7as\/pe\u00e7as<\/li>\n<li><em>Capacidade de fornecimento: <\/em> 10000 pe\u00e7as\/pe\u00e7as por m\u00eas<\/li>\n<li><em>Porto: <\/em> Shenzhen<\/li>\n<li><em>Condi\u00e7\u00f5es de pagamento: <\/em> T\/T, L\/C, D\/A, D\/P<\/li>","protected":false},"featured_media":10048,"comment_status":"closed","ping_status":"open","template":"","meta":[],"product_brand":[],"product_cat":[829],"product_tag":[932,933,934,935,936,937,938,939,940,941,942,554,943,568],"class_list":{"0":"post-10046","1":"product","2":"type-product","3":"status-publish","4":"has-post-thumbnail","6":"product_cat-electric-scooters","7":"product_tag-500w-electric-scooter","8":"product_tag-best-electric-scooter-for-adults","9":"product_tag-big-wheelers-electric-scooter","10":"product_tag-cheap-electric-scooter-for-adults","11":"product_tag-cheap-motor-scooter","12":"product_tag-electric-motor-scooters-for-adults","13":"product_tag-electric-scooter-350w","14":"product_tag-electric-scooter-for-adult","15":"product_tag-electric-scooter-for-adults-kids","16":"product_tag-electric-scooter-with-damper","17":"product_tag-electric-stand-up-scooter","18":"product_tag-folding-electric-scooter","19":"product_tag-folding-electric-scooter-for-adult","20":"product_tag-two-wheel-electric-scooter","22":"first","23":"instock","24":"product-type-simple"},"yoast_head":"<!-- This site is optimized with the Yoast SEO plugin v21.7 - https:\/\/yoast.com\/wordpress\/plugins\/seo\/ -->\n<title>folding electric scooter r803b for adult with 8 inch brushless motor wheel lcd screen black white blue color for sale - Electric Scooters Bikes Citycoco Manufacturer<\/title>\n<meta name=\"robots\" content=\"index, follow, max-snippet:-1, max-image-preview:large, max-video-preview:-1\" \/>\n<link rel=\"canonical\" href=\"https:\/\/www.rooderchina.com\/pt\/produto\/folding-electric-scooter-r803b-for-adult-with-8-inch-brushless-motor-wheel-lcd-screen-black-white-blue-color-for-sale\/\" \/>\n<meta property=\"og:locale\" content=\"pt_BR\" \/>\n<meta property=\"og:type\" content=\"article\" \/>\n<meta property=\"og:title\" content=\"folding electric scooter r803b for adult with 8 inch brushless motor wheel lcd screen black white blue color for sale - Electric Scooters Bikes Citycoco Manufacturer\" \/>\n<meta property=\"og:description\" content=\"Short Description: find high quality and cheap price\u00a0folding electric scooter for adult, wholesale\u00a0folding electric scooter for adult from Rooder alibaba gold supplier\u00a0folding electric scooter for adult on www.RooderChina.com folding electric scooter, 8 inch motor, lithium battery, factory directly, wholesale price    Brand: OEM\/ODM\/ROODER   Min.Order Quantity: 10 Piece\/Pieces   Supply Ability: 10000 Piece\/Pieces per Month   Port: Shenzhen   Payment Terms: T\/T, L\/C, D\/A, D\/P\" \/>\n<meta property=\"og:url\" content=\"https:\/\/www.rooderchina.com\/pt\/produto\/folding-electric-scooter-r803b-for-adult-with-8-inch-brushless-motor-wheel-lcd-screen-black-white-blue-color-for-sale\/\" \/>\n<meta property=\"og:site_name\" content=\"Electric Scooters Bikes Citycoco Manufacturer\" \/>\n<meta property=\"article:publisher\" content=\"https:\/\/www.facebook.com\/rooder.tec\" \/>\n<meta property=\"article:modified_time\" content=\"2023-11-11T11:04:57+00:00\" \/>\n<meta property=\"og:image\" content=\"https:\/\/www.rooderchina.com\/wp-content\/uploads\/2023\/11\/aa3af7c8.jpg\" \/>\n\t<meta property=\"og:image:width\" content=\"750\" \/>\n\t<meta property=\"og:image:height\" content=\"750\" \/>\n\t<meta property=\"og:image:type\" content=\"image\/jpeg\" \/>\n<meta name=\"twitter:card\" content=\"summary_large_image\" \/>\n<meta name=\"twitter:site\" content=\"@RooderTec\" \/>\n<meta name=\"twitter:label1\" content=\"Est. tempo de leitura\" \/>\n\t<meta name=\"twitter:data1\" content=\"1 minuto\" \/>\n<script type=\"application\/ld+json\" class=\"yoast-schema-graph\">{\"@context\":\"https:\/\/schema.org\",\"@graph\":[{\"@type\":\"WebPage\",\"@id\":\"https:\/\/www.rooderchina.com\/product\/folding-electric-scooter-r803b-for-adult-with-8-inch-brushless-motor-wheel-lcd-screen-black-white-blue-color-for-sale\/\",\"url\":\"https:\/\/www.rooderchina.com\/product\/folding-electric-scooter-r803b-for-adult-with-8-inch-brushless-motor-wheel-lcd-screen-black-white-blue-color-for-sale\/\",\"name\":\"folding electric scooter r803b for adult with 8 inch brushless motor wheel lcd screen black white blue color for sale - Electric Scooters Bikes Citycoco Manufacturer\",\"isPartOf\":{\"@id\":\"https:\/\/www.rooderchina.com\/#website\"},\"datePublished\":\"2023-11-11T11:04:35+00:00\",\"dateModified\":\"2023-11-11T11:04:57+00:00\",\"breadcrumb\":{\"@id\":\"https:\/\/www.rooderchina.com\/product\/folding-electric-scooter-r803b-for-adult-with-8-inch-brushless-motor-wheel-lcd-screen-black-white-blue-color-for-sale\/#breadcrumb\"},\"inLanguage\":\"pt-BR\",\"potentialAction\":[{\"@type\":\"ReadAction\",\"target\":[\"https:\/\/www.rooderchina.com\/product\/folding-electric-scooter-r803b-for-adult-with-8-inch-brushless-motor-wheel-lcd-screen-black-white-blue-color-for-sale\/\"]}]},{\"@type\":\"BreadcrumbList\",\"@id\":\"https:\/\/www.rooderchina.com\/product\/folding-electric-scooter-r803b-for-adult-with-8-inch-brushless-motor-wheel-lcd-screen-black-white-blue-color-for-sale\/#breadcrumb\",\"itemListElement\":[{\"@type\":\"ListItem\",\"position\":1,\"name\":\"HOME\",\"item\":\"https:\/\/www.rooderchina.com\/\"},{\"@type\":\"ListItem\",\"position\":2,\"name\":\"Shop\",\"item\":\"https:\/\/www.rooderchina.com\/shop\/\"},{\"@type\":\"ListItem\",\"position\":3,\"name\":\"folding electric scooter r803b for adult with 8 inch brushless motor wheel lcd screen black white blue color for sale\"}]},{\"@type\":\"WebSite\",\"@id\":\"https:\/\/www.rooderchina.com\/#website\",\"url\":\"https:\/\/www.rooderchina.com\/\",\"name\":\"Electric Scooters Bikes Citycoco Manufacturer\",\"description\":\"Rooder Technology Limited\",\"publisher\":{\"@id\":\"https:\/\/www.rooderchina.com\/#organization\"},\"potentialAction\":[{\"@type\":\"SearchAction\",\"target\":{\"@type\":\"EntryPoint\",\"urlTemplate\":\"https:\/\/www.rooderchina.com\/?s={search_term_string}\"},\"query-input\":\"required name=search_term_string\"}],\"inLanguage\":\"pt-BR\"},{\"@type\":\"Organization\",\"@id\":\"https:\/\/www.rooderchina.com\/#organization\",\"name\":\"Electric Scooters Bikes Citycoco Manufacturer\",\"url\":\"https:\/\/www.rooderchina.com\/\",\"logo\":{\"@type\":\"ImageObject\",\"inLanguage\":\"pt-BR\",\"@id\":\"https:\/\/www.rooderchina.com\/#\/schema\/logo\/image\/\",\"url\":\"https:\/\/www.rooderchina.com\/wp-content\/uploads\/2023\/12\/rooder2.jpg\",\"contentUrl\":\"https:\/\/www.rooderchina.com\/wp-content\/uploads\/2023\/12\/rooder2.jpg\",\"width\":1723,\"height\":1037,\"caption\":\"Electric Scooters Bikes Citycoco Manufacturer\"},\"image\":{\"@id\":\"https:\/\/www.rooderchina.com\/#\/schema\/logo\/image\/\"},\"sameAs\":[\"https:\/\/www.facebook.com\/rooder.tec\",\"https:\/\/twitter.com\/RooderTec\"]}]}<\/script>\n<!-- \/ Yoast SEO plugin. -->","yoast_head_json":{"title":"folding electric scooter r803b for adult with 8 inch brushless motor wheel lcd screen black white blue color for sale - Electric Scooters Bikes Citycoco Manufacturer","robots":{"index":"index","follow":"follow","max-snippet":"max-snippet:-1","max-image-preview":"max-image-preview:large","max-video-preview":"max-video-preview:-1"},"canonical":"https:\/\/www.rooderchina.com\/pt\/produto\/folding-electric-scooter-r803b-for-adult-with-8-inch-brushless-motor-wheel-lcd-screen-black-white-blue-color-for-sale\/","og_locale":"pt_BR","og_type":"article","og_title":"folding electric scooter r803b for adult with 8 inch brushless motor wheel lcd screen black white blue color for sale - Electric Scooters Bikes Citycoco Manufacturer","og_description":"Short Description: find high quality and cheap price\u00a0folding electric scooter for adult, wholesale\u00a0folding electric scooter for adult from Rooder alibaba gold supplier\u00a0folding electric scooter for adult on www.RooderChina.com folding electric scooter, 8 inch motor, lithium battery, factory directly, wholesale price    Brand: OEM\/ODM\/ROODER   Min.Order Quantity: 10 Piece\/Pieces   Supply Ability: 10000 Piece\/Pieces per Month   Port: Shenzhen   Payment Terms: T\/T, L\/C, D\/A, D\/P","og_url":"https:\/\/www.rooderchina.com\/pt\/produto\/folding-electric-scooter-r803b-for-adult-with-8-inch-brushless-motor-wheel-lcd-screen-black-white-blue-color-for-sale\/","og_site_name":"Electric Scooters Bikes Citycoco Manufacturer","article_publisher":"https:\/\/www.facebook.com\/rooder.tec","article_modified_time":"2023-11-11T11:04:57+00:00","og_image":[{"width":750,"height":750,"url":"https:\/\/www.rooderchina.com\/wp-content\/uploads\/2023\/11\/aa3af7c8.jpg","type":"image\/jpeg"}],"twitter_card":"summary_large_image","twitter_site":"@RooderTec","twitter_misc":{"Est. tempo de leitura":"1 minuto"},"schema":{"@context":"https:\/\/schema.org","@graph":[{"@type":"WebPage","@id":"https:\/\/www.rooderchina.com\/product\/folding-electric-scooter-r803b-for-adult-with-8-inch-brushless-motor-wheel-lcd-screen-black-white-blue-color-for-sale\/","url":"https:\/\/www.rooderchina.com\/product\/folding-electric-scooter-r803b-for-adult-with-8-inch-brushless-motor-wheel-lcd-screen-black-white-blue-color-for-sale\/","name":"folding electric scooter r803b for adult with 8 inch brushless motor wheel lcd screen black white blue color for sale - Electric Scooters Bikes Citycoco Manufacturer","isPartOf":{"@id":"https:\/\/www.rooderchina.com\/#website"},"datePublished":"2023-11-11T11:04:35+00:00","dateModified":"2023-11-11T11:04:57+00:00","breadcrumb":{"@id":"https:\/\/www.rooderchina.com\/product\/folding-electric-scooter-r803b-for-adult-with-8-inch-brushless-motor-wheel-lcd-screen-black-white-blue-color-for-sale\/#breadcrumb"},"inLanguage":"pt-BR","potentialAction":[{"@type":"ReadAction","target":["https:\/\/www.rooderchina.com\/product\/folding-electric-scooter-r803b-for-adult-with-8-inch-brushless-motor-wheel-lcd-screen-black-white-blue-color-for-sale\/"]}]},{"@type":"BreadcrumbList","@id":"https:\/\/www.rooderchina.com\/product\/folding-electric-scooter-r803b-for-adult-with-8-inch-brushless-motor-wheel-lcd-screen-black-white-blue-color-for-sale\/#breadcrumb","itemListElement":[{"@type":"ListItem","position":1,"name":"HOME","item":"https:\/\/www.rooderchina.com\/"},{"@type":"ListItem","position":2,"name":"Shop","item":"https:\/\/www.rooderchina.com\/shop\/"},{"@type":"ListItem","position":3,"name":"folding electric scooter r803b for adult with 8 inch brushless motor wheel lcd screen black white blue color for sale"}]},{"@type":"WebSite","@id":"https:\/\/www.rooderchina.com\/#website","url":"https:\/\/www.rooderchina.com\/","name":"Electric Scooters Bikes Citycoco Manufacturer","description":"Rooder Technology Limited","publisher":{"@id":"https:\/\/www.rooderchina.com\/#organization"},"potentialAction":[{"@type":"SearchAction","target":{"@type":"EntryPoint","urlTemplate":"https:\/\/www.rooderchina.com\/?s={search_term_string}"},"query-input":"required name=search_term_string"}],"inLanguage":"pt-BR"},{"@type":"Organization","@id":"https:\/\/www.rooderchina.com\/#organization","name":"Electric Scooters Bikes Citycoco Manufacturer","url":"https:\/\/www.rooderchina.com\/","logo":{"@type":"ImageObject","inLanguage":"pt-BR","@id":"https:\/\/www.rooderchina.com\/#\/schema\/logo\/image\/","url":"https:\/\/www.rooderchina.com\/wp-content\/uploads\/2023\/12\/rooder2.jpg","contentUrl":"https:\/\/www.rooderchina.com\/wp-content\/uploads\/2023\/12\/rooder2.jpg","width":1723,"height":1037,"caption":"Electric Scooters Bikes Citycoco Manufacturer"},"image":{"@id":"https:\/\/www.rooderchina.com\/#\/schema\/logo\/image\/"},"sameAs":["https:\/\/www.facebook.com\/rooder.tec","https:\/\/twitter.com\/RooderTec"]}]}},"_links":{"self":[{"href":"https:\/\/www.rooderchina.com\/pt\/wp-json\/wp\/v2\/product\/10046","targetHints":{"allow":["GET"]}}],"collection":[{"href":"https:\/\/www.rooderchina.com\/pt\/wp-json\/wp\/v2\/product"}],"about":[{"href":"https:\/\/www.rooderchina.com\/pt\/wp-json\/wp\/v2\/types\/product"}],"replies":[{"embeddable":true,"href":"https:\/\/www.rooderchina.com\/pt\/wp-json\/wp\/v2\/comments?post=10046"}],"version-history":[{"count":1,"href":"https:\/\/www.rooderchina.com\/pt\/wp-json\/wp\/v2\/product\/10046\/revisions"}],"predecessor-version":[{"id":10047,"href":"https:\/\/www.rooderchina.com\/pt\/wp-json\/wp\/v2\/product\/10046\/revisions\/10047"}],"wp:featuredmedia":[{"embeddable":true,"href":"https:\/\/www.rooderchina.com\/pt\/wp-json\/wp\/v2\/media\/10048"}],"wp:attachment":[{"href":"https:\/\/www.rooderchina.com\/pt\/wp-json\/wp\/v2\/media?parent=10046"}],"wp:term":[{"taxonomy":"product_brand","embeddable":true,"href":"https:\/\/www.rooderchina.com\/pt\/wp-json\/wp\/v2\/product_brand?post=10046"},{"taxonomy":"product_cat","embeddable":true,"href":"https:\/\/www.rooderchina.com\/pt\/wp-json\/wp\/v2\/product_cat?post=10046"},{"taxonomy":"product_tag","embeddable":true,"href":"https:\/\/www.rooderchina.com\/pt\/wp-json\/wp\/v2\/product_tag?post=10046"}],"curies":[{"name":"wp","href":"https:\/\/api.w.org\/{rel}","templated":true}]}}