{"id":9919,"date":"2023-11-11T18:54:33","date_gmt":"2023-11-11T10:54:33","guid":{"rendered":"http:\/\/www.rooderchina.com\/index.php\/product\/rooder-803o12-large-wheel-e-scooter-60v-6000w-38ah\/"},"modified":"2023-12-08T00:58:05","modified_gmt":"2023-12-07T16:58:05","slug":"rooder-803o12-large-wheel-e-scooter-60v-6000w-38ah","status":"publish","type":"product","link":"https:\/\/www.rooderchina.com\/fr\/produit\/rooder-803o12-large-wheel-e-scooter-60v-6000w-38ah\/","title":{"rendered":"rooder 803o12 large wheel e scooter 60v 6000w 38ah"},"content":{"rendered":"<table style=\"width: 411px;\" border=\"0\" cellspacing=\"0\" cellpadding=\"0\">\n<colgroup>\n<col width=\"149\" \/>\n<col width=\"262\" \/> <\/colgroup>\n<tbody>\n<tr>\n<td width=\"149\" height=\"19\">Mod\u00e8le<\/td>\n<td width=\"262\">\u00a0<a title=\"Voir tous les messages de r803o12\" href=\"https:\/\/www.rooderchina.com\/fr\/tag\/r803o12\/\" target=\"_blank\" rel=\"noopener\">r803o12<\/a><\/td>\n<\/tr>\n<tr>\n<td height=\"19\">NW<\/td>\n<td>\u00a045 kg<\/td>\n<\/tr>\n<tr>\n<td height=\"19\">Pneu<\/td>\n<td>\u00a0Pneus de 11 pouces, (4.5\/10.0-6)<\/td>\n<\/tr>\n<tr>\n<td height=\"19\">Charge maximale<\/td>\n<td>\u00a0200KG<\/td>\n<\/tr>\n<tr>\n<td height=\"19\">Moteur<\/td>\n<td>\u00a060V3KW*2<\/td>\n<\/tr>\n<tr>\n<td height=\"19\">Vitesse maximale<\/td>\n<td>\u00a070-80km\/h<\/td>\n<\/tr>\n<tr>\n<td height=\"19\">Contr\u00f4leur<\/td>\n<td>\u00a0deux contr\u00f4leurs de 45A<\/td>\n<\/tr>\n<tr>\n<td height=\"19\">Freins<\/td>\n<td>\u00a0Freins hydrauliques \u00e0 huile avant et arri\u00e8re<\/td>\n<\/tr>\n<tr>\n<td height=\"19\">Absorbe les chocs<\/td>\n<td>\u00a0Amortisseurs \u00e0 ressort \u00e0 l'avant et \u00e0 l'arri\u00e8re<\/td>\n<\/tr>\n<tr>\n<td height=\"19\">Lumi\u00e8res<\/td>\n<td>\u00a02*U7 lumi\u00e8res + klaxons moto<\/td>\n<\/tr>\n<tr>\n<td height=\"19\">Affichage<\/td>\n<td>\u00a0vitesse, batterie et kilom\u00e9trage<\/td>\n<\/tr>\n<tr>\n<td height=\"19\">Chargeur<\/td>\n<td>\u00a0Chargeur 2A<\/td>\n<\/tr>\n<tr>\n<td height=\"19\">Pente d'escalade<\/td>\n<td>\u00a0environ 30 degr\u00e9s<\/td>\n<\/tr>\n<tr>\n<td height=\"19\">Niveau d'\u00e9tanch\u00e9it\u00e9<\/td>\n<td>\u00a0IP54<\/td>\n<\/tr>\n<tr>\n<td height=\"19\">Tension d'entr\u00e9e du chargeur<\/td>\n<td>\u00a0100 - 240V, 50 \/ 60Hz<\/td>\n<\/tr>\n<tr>\n<td height=\"19\">Batterie<\/td>\n<td>\u00a0Batterie au lithium 60v38ah<\/td>\n<\/tr>\n<tr>\n<td height=\"19\">Temps de charge<\/td>\n<td>\u00a08-10 heures<\/td>\n<\/tr>\n<tr>\n<td height=\"19\">Taille de d\u00e9pliage<\/td>\n<td>\u00a0126*28*130cm<\/td>\n<\/tr>\n<tr>\n<td height=\"19\">Taille de pliage<\/td>\n<td>\u00a0127*28*51cm<\/td>\n<\/tr>\n<tr>\n<td height=\"19\">Taille de l'emballage<\/td>\n<td>\u00a0137*36*57cm<\/td>\n<\/tr>\n<tr>\n<td height=\"19\">GW<\/td>\n<td>\u00a050 kg<\/td>\n<\/tr>\n<\/tbody>\n<\/table>\n<p>&nbsp;<\/p>\n<p>&nbsp;<\/p>\n<p><iframe loading=\"lazy\" title=\"scooter \u00e9lectrique\" src=\"https:\/\/www.youtube.com\/embed\/1pXT9Z9ovSc?rel=0&amp;autoplay=0\" width=\"385\" height=\"318\" frameborder=\"0\" allowfullscreen=\"allowfullscreen\"><\/iframe><\/p>","protected":false},"excerpt":{"rendered":"<h3>Description succincte :<\/h3>\n<p>Rooder Group Co. est un fabricant de moteur, plus de 14 ans d'exp\u00e9rience dans le domaine du scooter \u00e9lectrique, du kit de conversion ebike et de l'ebike. Nous fournissons principalement des kits de moteur de moyeu, des kits de moteur bafang et des v\u00e9los \u00e9lectriques. Tous nos produits ont pass\u00e9 la certification de qualit\u00e9 de produit requise. Nos clients sont les distributeurs de marques de v\u00e9los \u00e9lectriques, les magasins de v\u00e9los, les clubs de cyclisme, les cyclistes, les fabricants de roues, les usines de v\u00e9los \u00e9lectriques ou les constructeurs de v\u00e9los \u00e9lectriques, etc. Nous fabriquons, vendons en gros et fournissons des pi\u00e8ces de performance pour v\u00e9los. Avec une \u00e9quipe professionnelle de sourcing et de techniciens, Rooder offre toujours une bonne qualit\u00e9 et un bon service \u00e0 un prix comp\u00e9titif. Nous esp\u00e9rons sinc\u00e8rement \u00e9tablir des relations d'affaires \u00e0 long terme avec vous !<\/p>\n<p>&nbsp;<\/p>\n<p>&nbsp;<\/p>\n<ul>\n<li><em>Marque : <\/em> OEM\/ODM\/ROODER<\/li>\n<li><em>Quantit\u00e9 minimale de commande : <\/em> 10 pi\u00e8ces\/pi\u00e8ces<\/li>\n<li><em>Capacit\u00e9 d'approvisionnement : <\/em> 10000 pi\u00e8ces par mois<\/li>\n<li><em>Port : <\/em> Shenzhen<\/li>\n<li><em>Conditions de paiement : <\/em> T\/T, L\/C, D\/A, D\/P<\/li>\n<\/ul>\n<p>&nbsp;<\/p>","protected":false},"featured_media":9921,"comment_status":"open","ping_status":"closed","template":"","meta":[],"product_brand":[],"product_cat":[829],"product_tag":[530,882,883,745,884],"class_list":{"0":"post-9919","1":"product","2":"type-product","3":"status-publish","4":"has-post-thumbnail","6":"product_cat-electric-scooters","7":"product_tag-electric-scooter","8":"product_tag-large-wheel-e-scooter","9":"product_tag-r803o12","10":"product_tag-rooder","11":"product_tag-rooder-r803o12","13":"first","14":"instock","15":"featured","16":"product-type-simple"},"yoast_head":"<!-- This site is optimized with the Yoast SEO plugin v21.7 - https:\/\/yoast.com\/wordpress\/plugins\/seo\/ -->\n<title>rooder 803o12 large wheel e scooter 60v 6000w 38ah - Electric Scooters Bikes Citycoco Manufacturer<\/title>\n<meta name=\"robots\" content=\"index, follow, max-snippet:-1, max-image-preview:large, max-video-preview:-1\" \/>\n<link rel=\"canonical\" href=\"https:\/\/www.rooderchina.com\/fr\/produit\/rooder-803o12-large-wheel-e-scooter-60v-6000w-38ah\/\" \/>\n<meta property=\"og:locale\" content=\"fr_FR\" \/>\n<meta property=\"og:type\" content=\"article\" \/>\n<meta property=\"og:title\" content=\"rooder 803o12 large wheel e scooter 60v 6000w 38ah - Electric Scooters Bikes Citycoco Manufacturer\" \/>\n<meta property=\"og:description\" content=\"Short Description: Rooder Group Co., Ltd is a motor manufacturer, more than 14 years of experience in electric scooter, ebike conversion kits and ebike field. We mainly supply hub motor kits, bafang mid motor kits and ebikes. All of our products have passed the certification of product quality required. Our customer groups: ebike brands distributors, bike shop, cycling clubs, riders, wheels makers, ebike factory or ebike builders etc. We manufacture, wholesale and supply bicycle performance parts. With professional sourcing and technician team, Rooder always offer good quality and service with competitive price. Sincerely look for long-term business relationship with you!  &nbsp;  &nbsp;   Brand: OEM\/ODM\/ROODER  Min.Order Quantity: 10 Piece\/Pieces  Supply Ability: 10000 Piece\/Pieces per Month  Port: Shenzhen  Payment Terms: T\/T, L\/C, D\/A, D\/P  &nbsp;\" \/>\n<meta property=\"og:url\" content=\"https:\/\/www.rooderchina.com\/fr\/produit\/rooder-803o12-large-wheel-e-scooter-60v-6000w-38ah\/\" \/>\n<meta property=\"og:site_name\" content=\"Electric Scooters Bikes Citycoco Manufacturer\" \/>\n<meta property=\"article:publisher\" content=\"https:\/\/www.facebook.com\/rooder.tec\" \/>\n<meta property=\"article:modified_time\" content=\"2023-12-07T16:58:05+00:00\" \/>\n<meta property=\"og:image\" content=\"https:\/\/www.rooderchina.com\/wp-content\/uploads\/2023\/11\/rooder-803o12-large-wheel-e-scooter-60v-6000w-38ah-1.jpg\" \/>\n\t<meta property=\"og:image:width\" content=\"1000\" \/>\n\t<meta property=\"og:image:height\" content=\"1000\" \/>\n\t<meta property=\"og:image:type\" content=\"image\/jpeg\" \/>\n<meta name=\"twitter:card\" content=\"summary_large_image\" \/>\n<meta name=\"twitter:site\" content=\"@RooderTec\" \/>\n<script type=\"application\/ld+json\" class=\"yoast-schema-graph\">{\"@context\":\"https:\/\/schema.org\",\"@graph\":[{\"@type\":\"WebPage\",\"@id\":\"https:\/\/www.rooderchina.com\/product\/rooder-803o12-large-wheel-e-scooter-60v-6000w-38ah\/\",\"url\":\"https:\/\/www.rooderchina.com\/product\/rooder-803o12-large-wheel-e-scooter-60v-6000w-38ah\/\",\"name\":\"rooder 803o12 large wheel e scooter 60v 6000w 38ah - Electric Scooters Bikes Citycoco Manufacturer\",\"isPartOf\":{\"@id\":\"https:\/\/www.rooderchina.com\/#website\"},\"datePublished\":\"2023-11-11T10:54:33+00:00\",\"dateModified\":\"2023-12-07T16:58:05+00:00\",\"breadcrumb\":{\"@id\":\"https:\/\/www.rooderchina.com\/product\/rooder-803o12-large-wheel-e-scooter-60v-6000w-38ah\/#breadcrumb\"},\"inLanguage\":\"fr-FR\",\"potentialAction\":[{\"@type\":\"ReadAction\",\"target\":[\"https:\/\/www.rooderchina.com\/product\/rooder-803o12-large-wheel-e-scooter-60v-6000w-38ah\/\"]}]},{\"@type\":\"BreadcrumbList\",\"@id\":\"https:\/\/www.rooderchina.com\/product\/rooder-803o12-large-wheel-e-scooter-60v-6000w-38ah\/#breadcrumb\",\"itemListElement\":[{\"@type\":\"ListItem\",\"position\":1,\"name\":\"HOME\",\"item\":\"https:\/\/www.rooderchina.com\/\"},{\"@type\":\"ListItem\",\"position\":2,\"name\":\"Shop\",\"item\":\"https:\/\/www.rooderchina.com\/shop\/\"},{\"@type\":\"ListItem\",\"position\":3,\"name\":\"rooder 803o12 large wheel e scooter 60v 6000w 38ah\"}]},{\"@type\":\"WebSite\",\"@id\":\"https:\/\/www.rooderchina.com\/#website\",\"url\":\"https:\/\/www.rooderchina.com\/\",\"name\":\"Electric Scooters Bikes Citycoco Manufacturer\",\"description\":\"Rooder Technology Limited\",\"publisher\":{\"@id\":\"https:\/\/www.rooderchina.com\/#organization\"},\"potentialAction\":[{\"@type\":\"SearchAction\",\"target\":{\"@type\":\"EntryPoint\",\"urlTemplate\":\"https:\/\/www.rooderchina.com\/?s={search_term_string}\"},\"query-input\":\"required name=search_term_string\"}],\"inLanguage\":\"fr-FR\"},{\"@type\":\"Organization\",\"@id\":\"https:\/\/www.rooderchina.com\/#organization\",\"name\":\"Electric Scooters Bikes Citycoco Manufacturer\",\"url\":\"https:\/\/www.rooderchina.com\/\",\"logo\":{\"@type\":\"ImageObject\",\"inLanguage\":\"fr-FR\",\"@id\":\"https:\/\/www.rooderchina.com\/#\/schema\/logo\/image\/\",\"url\":\"https:\/\/www.rooderchina.com\/wp-content\/uploads\/2023\/12\/rooder2.jpg\",\"contentUrl\":\"https:\/\/www.rooderchina.com\/wp-content\/uploads\/2023\/12\/rooder2.jpg\",\"width\":1723,\"height\":1037,\"caption\":\"Electric Scooters Bikes Citycoco Manufacturer\"},\"image\":{\"@id\":\"https:\/\/www.rooderchina.com\/#\/schema\/logo\/image\/\"},\"sameAs\":[\"https:\/\/www.facebook.com\/rooder.tec\",\"https:\/\/twitter.com\/RooderTec\"]}]}<\/script>\n<!-- \/ Yoast SEO plugin. -->","yoast_head_json":{"title":"rooder 803o12 large wheel e scooter 60v 6000w 38ah - Electric Scooters Bikes Citycoco Manufacturer","robots":{"index":"index","follow":"follow","max-snippet":"max-snippet:-1","max-image-preview":"max-image-preview:large","max-video-preview":"max-video-preview:-1"},"canonical":"https:\/\/www.rooderchina.com\/fr\/produit\/rooder-803o12-large-wheel-e-scooter-60v-6000w-38ah\/","og_locale":"fr_FR","og_type":"article","og_title":"rooder 803o12 large wheel e scooter 60v 6000w 38ah - Electric Scooters Bikes Citycoco Manufacturer","og_description":"Short Description: Rooder Group Co., Ltd is a motor manufacturer, more than 14 years of experience in electric scooter, ebike conversion kits and ebike field. We mainly supply hub motor kits, bafang mid motor kits and ebikes. All of our products have passed the certification of product quality required. Our customer groups: ebike brands distributors, bike shop, cycling clubs, riders, wheels makers, ebike factory or ebike builders etc. We manufacture, wholesale and supply bicycle performance parts. With professional sourcing and technician team, Rooder always offer good quality and service with competitive price. Sincerely look for long-term business relationship with you!  &nbsp;  &nbsp;   Brand: OEM\/ODM\/ROODER  Min.Order Quantity: 10 Piece\/Pieces  Supply Ability: 10000 Piece\/Pieces per Month  Port: Shenzhen  Payment Terms: T\/T, L\/C, D\/A, D\/P  &nbsp;","og_url":"https:\/\/www.rooderchina.com\/fr\/produit\/rooder-803o12-large-wheel-e-scooter-60v-6000w-38ah\/","og_site_name":"Electric Scooters Bikes Citycoco Manufacturer","article_publisher":"https:\/\/www.facebook.com\/rooder.tec","article_modified_time":"2023-12-07T16:58:05+00:00","og_image":[{"width":1000,"height":1000,"url":"https:\/\/www.rooderchina.com\/wp-content\/uploads\/2023\/11\/rooder-803o12-large-wheel-e-scooter-60v-6000w-38ah-1.jpg","type":"image\/jpeg"}],"twitter_card":"summary_large_image","twitter_site":"@RooderTec","schema":{"@context":"https:\/\/schema.org","@graph":[{"@type":"WebPage","@id":"https:\/\/www.rooderchina.com\/product\/rooder-803o12-large-wheel-e-scooter-60v-6000w-38ah\/","url":"https:\/\/www.rooderchina.com\/product\/rooder-803o12-large-wheel-e-scooter-60v-6000w-38ah\/","name":"rooder 803o12 large wheel e scooter 60v 6000w 38ah - Electric Scooters Bikes Citycoco Manufacturer","isPartOf":{"@id":"https:\/\/www.rooderchina.com\/#website"},"datePublished":"2023-11-11T10:54:33+00:00","dateModified":"2023-12-07T16:58:05+00:00","breadcrumb":{"@id":"https:\/\/www.rooderchina.com\/product\/rooder-803o12-large-wheel-e-scooter-60v-6000w-38ah\/#breadcrumb"},"inLanguage":"fr-FR","potentialAction":[{"@type":"ReadAction","target":["https:\/\/www.rooderchina.com\/product\/rooder-803o12-large-wheel-e-scooter-60v-6000w-38ah\/"]}]},{"@type":"BreadcrumbList","@id":"https:\/\/www.rooderchina.com\/product\/rooder-803o12-large-wheel-e-scooter-60v-6000w-38ah\/#breadcrumb","itemListElement":[{"@type":"ListItem","position":1,"name":"HOME","item":"https:\/\/www.rooderchina.com\/"},{"@type":"ListItem","position":2,"name":"Shop","item":"https:\/\/www.rooderchina.com\/shop\/"},{"@type":"ListItem","position":3,"name":"rooder 803o12 large wheel e scooter 60v 6000w 38ah"}]},{"@type":"WebSite","@id":"https:\/\/www.rooderchina.com\/#website","url":"https:\/\/www.rooderchina.com\/","name":"Electric Scooters Bikes Citycoco Manufacturer","description":"Rooder Technology Limited","publisher":{"@id":"https:\/\/www.rooderchina.com\/#organization"},"potentialAction":[{"@type":"SearchAction","target":{"@type":"EntryPoint","urlTemplate":"https:\/\/www.rooderchina.com\/?s={search_term_string}"},"query-input":"required name=search_term_string"}],"inLanguage":"fr-FR"},{"@type":"Organization","@id":"https:\/\/www.rooderchina.com\/#organization","name":"Electric Scooters Bikes Citycoco Manufacturer","url":"https:\/\/www.rooderchina.com\/","logo":{"@type":"ImageObject","inLanguage":"fr-FR","@id":"https:\/\/www.rooderchina.com\/#\/schema\/logo\/image\/","url":"https:\/\/www.rooderchina.com\/wp-content\/uploads\/2023\/12\/rooder2.jpg","contentUrl":"https:\/\/www.rooderchina.com\/wp-content\/uploads\/2023\/12\/rooder2.jpg","width":1723,"height":1037,"caption":"Electric Scooters Bikes Citycoco Manufacturer"},"image":{"@id":"https:\/\/www.rooderchina.com\/#\/schema\/logo\/image\/"},"sameAs":["https:\/\/www.facebook.com\/rooder.tec","https:\/\/twitter.com\/RooderTec"]}]}},"_links":{"self":[{"href":"https:\/\/www.rooderchina.com\/fr\/wp-json\/wp\/v2\/product\/9919","targetHints":{"allow":["GET"]}}],"collection":[{"href":"https:\/\/www.rooderchina.com\/fr\/wp-json\/wp\/v2\/product"}],"about":[{"href":"https:\/\/www.rooderchina.com\/fr\/wp-json\/wp\/v2\/types\/product"}],"replies":[{"embeddable":true,"href":"https:\/\/www.rooderchina.com\/fr\/wp-json\/wp\/v2\/comments?post=9919"}],"version-history":[{"count":2,"href":"https:\/\/www.rooderchina.com\/fr\/wp-json\/wp\/v2\/product\/9919\/revisions"}],"predecessor-version":[{"id":18109,"href":"https:\/\/www.rooderchina.com\/fr\/wp-json\/wp\/v2\/product\/9919\/revisions\/18109"}],"wp:featuredmedia":[{"embeddable":true,"href":"https:\/\/www.rooderchina.com\/fr\/wp-json\/wp\/v2\/media\/9921"}],"wp:attachment":[{"href":"https:\/\/www.rooderchina.com\/fr\/wp-json\/wp\/v2\/media?parent=9919"}],"wp:term":[{"taxonomy":"product_brand","embeddable":true,"href":"https:\/\/www.rooderchina.com\/fr\/wp-json\/wp\/v2\/product_brand?post=9919"},{"taxonomy":"product_cat","embeddable":true,"href":"https:\/\/www.rooderchina.com\/fr\/wp-json\/wp\/v2\/product_cat?post=9919"},{"taxonomy":"product_tag","embeddable":true,"href":"https:\/\/www.rooderchina.com\/fr\/wp-json\/wp\/v2\/product_tag?post=9919"}],"curies":[{"name":"wp","href":"https:\/\/api.w.org\/{rel}","templated":true}]}}