{"id":9898,"date":"2023-11-11T18:54:09","date_gmt":"2023-11-11T10:54:09","guid":{"rendered":"http:\/\/www.rooderchina.com\/index.php\/product\/rooder-r803o13-e-scooter-best-range-60v-5600w-38ah\/"},"modified":"2023-11-11T18:54:10","modified_gmt":"2023-11-11T10:54:10","slug":"rooder-r803o13-e-scooter-best-range-60v-5600w-38ah","status":"publish","type":"product","link":"https:\/\/www.rooderchina.com\/fr\/produit\/rooder-r803o13-e-scooter-best-range-60v-5600w-38ah\/","title":{"rendered":"Rooder r803o13 e scooter best range 60v 5600w 38ah"},"content":{"rendered":"<table style=\"width: 424px;\" border=\"0\" cellspacing=\"0\" cellpadding=\"0\">\n<colgroup>\n<col width=\"149\" \/>\n<col width=\"275\" \/> <\/colgroup>\n<tbody>\n<tr>\n<td width=\"149\" height=\"19\">Mod\u00e8le<\/td>\n<td width=\"275\">\u00a0<a href=\"https:\/\/www.rooderchina.com\/fr\/tag\/r803o13\/\" title=\"View all posts in r803o13\" target=\"_blank\" rel=\"noopener\">r803o13<\/a><\/td>\n<\/tr>\n<tr>\n<td height=\"19\">NW<\/td>\n<td>\u00a046kgs<\/td>\n<\/tr>\n<tr>\n<td height=\"19\">Pneu<\/td>\n<td>\u00a014inches tires, (14*5.0-6.5)<\/td>\n<\/tr>\n<tr>\n<td height=\"19\">Charge maximale<\/td>\n<td>\u00a0170KG<\/td>\n<\/tr>\n<tr>\n<td height=\"19\">Moteur<\/td>\n<td>\u00a060V2.8KW*2<\/td>\n<\/tr>\n<tr>\n<td height=\"19\">Vitesse maximale<\/td>\n<td>\u00a070-80km\/h<\/td>\n<\/tr>\n<tr>\n<td height=\"19\">Contr\u00f4leur<\/td>\n<td>\u00a0deux contr\u00f4leurs de 45A<\/td>\n<\/tr>\n<tr>\n<td height=\"19\">Freins<\/td>\n<td>\u00a0Freins hydrauliques \u00e0 huile avant et arri\u00e8re<\/td>\n<\/tr>\n<tr>\n<td height=\"19\">Absorbe les chocs<\/td>\n<td>\u00a0Amortisseurs \u00e0 ressort \u00e0 l'avant et \u00e0 l'arri\u00e8re<\/td>\n<\/tr>\n<tr>\n<td height=\"19\">Lumi\u00e8res<\/td>\n<td>\u00a02*U7 lumi\u00e8res + klaxons moto<\/td>\n<\/tr>\n<tr>\n<td height=\"19\">Affichage<\/td>\n<td>\u00a0Affichage LCD de la vitesse, de la batterie et du kilom\u00e9trage<\/td>\n<\/tr>\n<tr>\n<td height=\"19\">Chargeur<\/td>\n<td>\u00a0Chargeur 4A<\/td>\n<\/tr>\n<tr>\n<td height=\"19\">Pente d'escalade<\/td>\n<td>\u00a0environ 30 degr\u00e9s<\/td>\n<\/tr>\n<tr>\n<td height=\"19\">Niveau d'\u00e9tanch\u00e9it\u00e9<\/td>\n<td>\u00a0IP54<\/td>\n<\/tr>\n<tr>\n<td height=\"19\">Tension d'entr\u00e9e du chargeur<\/td>\n<td>\u00a0100 - 240V, 50 \/ 60Hz<\/td>\n<\/tr>\n<tr>\n<td height=\"19\">Batterie<\/td>\n<td>\u00a0Batterie au lithium 60v38ah<\/td>\n<\/tr>\n<tr>\n<td height=\"19\">Temps de charge<\/td>\n<td>\u00a05-10 hours<\/td>\n<\/tr>\n<tr>\n<td height=\"19\">Taille de d\u00e9pliage<\/td>\n<td>\u00a0138*30*140cm<\/td>\n<\/tr>\n<tr>\n<td height=\"19\">Taille de pliage<\/td>\n<td>\u00a0138*30*47cm<\/td>\n<\/tr>\n<tr>\n<td height=\"19\">Taille de l'emballage<\/td>\n<td>\u00a0140*34*53cm<\/td>\n<\/tr>\n<tr>\n<td height=\"19\">GW<\/td>\n<td>\u00a050 kg<\/td>\n<\/tr>\n<\/tbody>\n<\/table>\n<p>&nbsp;<\/p>\n<p>&nbsp;<\/p>\n<p><iframe loading=\"lazy\" title=\"scooter \u00e9lectrique\" src=\"https:\/\/www.youtube.com\/embed\/mGf0_OLftnk?rel=0&amp;autoplay=0\" height=\"318\" width=\"385\" allowfullscreen=\"\" frameborder=\"0\"><\/iframe><\/p>","protected":false},"excerpt":{"rendered":"<h3>Description succincte :<\/h3>\n<p><p>Rooder Technology Co. est une entreprise qui int\u00e8gre la recherche et le d\u00e9veloppement, la fabrication, la distribution et le service \u00e0 la client\u00e8le. L'entreprise a accumul\u00e9 une riche exp\u00e9rience en mati\u00e8re de recherche et d\u00e9veloppement technologique, de gestion de la production et de vente. Nous sommes d\u00e9termin\u00e9s \u00e0 vendre nos produits dans diff\u00e9rents pays. Nous avons obtenu les certifications 3C et ISO. En fonction des besoins de d\u00e9veloppement du march\u00e9 et des concepts de vie des consommateurs, nous accordons la priorit\u00e9 \u00e0 la qualit\u00e9 des produits. Chaque ann\u00e9e, nous mettons sur le march\u00e9 plus de 80 produits de d\u00e9veloppement ind\u00e9pendant pour r\u00e9pondre aux besoins quotidiens des consommateurs.<\/p>\n<\/p>\n<p><\/p>\n<li><em>Marque : <\/em> OEM\/ODM\/ROODER<\/li>\n<li><em>Quantit\u00e9 minimale de commande : <\/em> 10 pi\u00e8ces\/pi\u00e8ces<\/li>\n<li><em>Capacit\u00e9 d'approvisionnement : <\/em> 10000 pi\u00e8ces par mois<\/li>\n<li><em>Port : <\/em> Shenzhen<\/li>\n<li><em>Conditions de paiement : <\/em> T\/T, L\/C, D\/A, D\/P<\/li>","protected":false},"featured_media":9900,"comment_status":"closed","ping_status":"open","template":"","meta":[],"product_brand":[],"product_cat":[829],"product_tag":[876,530,877,745,878],"class_list":{"0":"post-9898","1":"product","2":"type-product","3":"status-publish","4":"has-post-thumbnail","6":"product_cat-electric-scooters","7":"product_tag-e-scooter-best-range","8":"product_tag-electric-scooter","9":"product_tag-r803o13","10":"product_tag-rooder","11":"product_tag-rooder-r803o13","13":"first","14":"instock","15":"product-type-simple"},"yoast_head":"<!-- This site is optimized with the Yoast SEO plugin v21.7 - https:\/\/yoast.com\/wordpress\/plugins\/seo\/ -->\n<title>Rooder r803o13 e scooter best range 60v 5600w 38ah - Electric Scooters Bikes Citycoco Manufacturer<\/title>\n<meta name=\"robots\" content=\"index, follow, max-snippet:-1, max-image-preview:large, max-video-preview:-1\" \/>\n<link rel=\"canonical\" href=\"https:\/\/www.rooderchina.com\/fr\/produit\/rooder-r803o13-e-scooter-best-range-60v-5600w-38ah\/\" \/>\n<meta property=\"og:locale\" content=\"fr_FR\" \/>\n<meta property=\"og:type\" content=\"article\" \/>\n<meta property=\"og:title\" content=\"Rooder r803o13 e scooter best range 60v 5600w 38ah - Electric Scooters Bikes Citycoco Manufacturer\" \/>\n<meta property=\"og:description\" content=\"Short Description: Rooder Technology Co., Ltd. is a integration of R &amp; D, manufacturing, circulation, and customer service. The company has accumulated rich experience in technology research and development, production management, and sales. We are determined to sell products to various countries. We have passed 3C and ISO certifications. According to market development needs and consumer life concepts, we put product quality first. Each year we put more than 80 independent development products into the market to meet the daily needs of consumers.    Brand: OEM\/ODM\/ROODER   Min.Order Quantity: 10 Piece\/Pieces   Supply Ability: 10000 Piece\/Pieces per Month   Port: Shenzhen   Payment Terms: T\/T, L\/C, D\/A, D\/P\" \/>\n<meta property=\"og:url\" content=\"https:\/\/www.rooderchina.com\/fr\/produit\/rooder-r803o13-e-scooter-best-range-60v-5600w-38ah\/\" \/>\n<meta property=\"og:site_name\" content=\"Electric Scooters Bikes Citycoco Manufacturer\" \/>\n<meta property=\"article:publisher\" content=\"https:\/\/www.facebook.com\/rooder.tec\" \/>\n<meta property=\"article:modified_time\" content=\"2023-11-11T10:54:10+00:00\" \/>\n<meta property=\"og:image\" content=\"https:\/\/www.rooderchina.com\/wp-content\/uploads\/2023\/11\/Rooder-r803o13-e-scooter-best-range-60v-5600w-38ah-1.jpg\" \/>\n\t<meta property=\"og:image:width\" content=\"1000\" \/>\n\t<meta property=\"og:image:height\" content=\"1000\" \/>\n\t<meta property=\"og:image:type\" content=\"image\/jpeg\" \/>\n<meta name=\"twitter:card\" content=\"summary_large_image\" \/>\n<meta name=\"twitter:site\" content=\"@RooderTec\" \/>\n<script type=\"application\/ld+json\" class=\"yoast-schema-graph\">{\"@context\":\"https:\/\/schema.org\",\"@graph\":[{\"@type\":\"WebPage\",\"@id\":\"https:\/\/www.rooderchina.com\/product\/rooder-r803o13-e-scooter-best-range-60v-5600w-38ah\/\",\"url\":\"https:\/\/www.rooderchina.com\/product\/rooder-r803o13-e-scooter-best-range-60v-5600w-38ah\/\",\"name\":\"Rooder r803o13 e scooter best range 60v 5600w 38ah - Electric Scooters Bikes Citycoco Manufacturer\",\"isPartOf\":{\"@id\":\"https:\/\/www.rooderchina.com\/#website\"},\"datePublished\":\"2023-11-11T10:54:09+00:00\",\"dateModified\":\"2023-11-11T10:54:10+00:00\",\"breadcrumb\":{\"@id\":\"https:\/\/www.rooderchina.com\/product\/rooder-r803o13-e-scooter-best-range-60v-5600w-38ah\/#breadcrumb\"},\"inLanguage\":\"fr-FR\",\"potentialAction\":[{\"@type\":\"ReadAction\",\"target\":[\"https:\/\/www.rooderchina.com\/product\/rooder-r803o13-e-scooter-best-range-60v-5600w-38ah\/\"]}]},{\"@type\":\"BreadcrumbList\",\"@id\":\"https:\/\/www.rooderchina.com\/product\/rooder-r803o13-e-scooter-best-range-60v-5600w-38ah\/#breadcrumb\",\"itemListElement\":[{\"@type\":\"ListItem\",\"position\":1,\"name\":\"HOME\",\"item\":\"https:\/\/www.rooderchina.com\/\"},{\"@type\":\"ListItem\",\"position\":2,\"name\":\"Shop\",\"item\":\"https:\/\/www.rooderchina.com\/shop\/\"},{\"@type\":\"ListItem\",\"position\":3,\"name\":\"Rooder r803o13 e scooter best range 60v 5600w 38ah\"}]},{\"@type\":\"WebSite\",\"@id\":\"https:\/\/www.rooderchina.com\/#website\",\"url\":\"https:\/\/www.rooderchina.com\/\",\"name\":\"Electric Scooters Bikes Citycoco Manufacturer\",\"description\":\"Rooder Technology Limited\",\"publisher\":{\"@id\":\"https:\/\/www.rooderchina.com\/#organization\"},\"potentialAction\":[{\"@type\":\"SearchAction\",\"target\":{\"@type\":\"EntryPoint\",\"urlTemplate\":\"https:\/\/www.rooderchina.com\/?s={search_term_string}\"},\"query-input\":\"required name=search_term_string\"}],\"inLanguage\":\"fr-FR\"},{\"@type\":\"Organization\",\"@id\":\"https:\/\/www.rooderchina.com\/#organization\",\"name\":\"Electric Scooters Bikes Citycoco Manufacturer\",\"url\":\"https:\/\/www.rooderchina.com\/\",\"logo\":{\"@type\":\"ImageObject\",\"inLanguage\":\"fr-FR\",\"@id\":\"https:\/\/www.rooderchina.com\/#\/schema\/logo\/image\/\",\"url\":\"https:\/\/www.rooderchina.com\/wp-content\/uploads\/2023\/12\/rooder2.jpg\",\"contentUrl\":\"https:\/\/www.rooderchina.com\/wp-content\/uploads\/2023\/12\/rooder2.jpg\",\"width\":1723,\"height\":1037,\"caption\":\"Electric Scooters Bikes Citycoco Manufacturer\"},\"image\":{\"@id\":\"https:\/\/www.rooderchina.com\/#\/schema\/logo\/image\/\"},\"sameAs\":[\"https:\/\/www.facebook.com\/rooder.tec\",\"https:\/\/twitter.com\/RooderTec\"]}]}<\/script>\n<!-- \/ Yoast SEO plugin. -->","yoast_head_json":{"title":"Rooder r803o13 e scooter best range 60v 5600w 38ah - Electric Scooters Bikes Citycoco Manufacturer","robots":{"index":"index","follow":"follow","max-snippet":"max-snippet:-1","max-image-preview":"max-image-preview:large","max-video-preview":"max-video-preview:-1"},"canonical":"https:\/\/www.rooderchina.com\/fr\/produit\/rooder-r803o13-e-scooter-best-range-60v-5600w-38ah\/","og_locale":"fr_FR","og_type":"article","og_title":"Rooder r803o13 e scooter best range 60v 5600w 38ah - Electric Scooters Bikes Citycoco Manufacturer","og_description":"Short Description: Rooder Technology Co., Ltd. is a integration of R &amp; D, manufacturing, circulation, and customer service. The company has accumulated rich experience in technology research and development, production management, and sales. We are determined to sell products to various countries. We have passed 3C and ISO certifications. According to market development needs and consumer life concepts, we put product quality first. Each year we put more than 80 independent development products into the market to meet the daily needs of consumers.    Brand: OEM\/ODM\/ROODER   Min.Order Quantity: 10 Piece\/Pieces   Supply Ability: 10000 Piece\/Pieces per Month   Port: Shenzhen   Payment Terms: T\/T, L\/C, D\/A, D\/P","og_url":"https:\/\/www.rooderchina.com\/fr\/produit\/rooder-r803o13-e-scooter-best-range-60v-5600w-38ah\/","og_site_name":"Electric Scooters Bikes Citycoco Manufacturer","article_publisher":"https:\/\/www.facebook.com\/rooder.tec","article_modified_time":"2023-11-11T10:54:10+00:00","og_image":[{"width":1000,"height":1000,"url":"https:\/\/www.rooderchina.com\/wp-content\/uploads\/2023\/11\/Rooder-r803o13-e-scooter-best-range-60v-5600w-38ah-1.jpg","type":"image\/jpeg"}],"twitter_card":"summary_large_image","twitter_site":"@RooderTec","schema":{"@context":"https:\/\/schema.org","@graph":[{"@type":"WebPage","@id":"https:\/\/www.rooderchina.com\/product\/rooder-r803o13-e-scooter-best-range-60v-5600w-38ah\/","url":"https:\/\/www.rooderchina.com\/product\/rooder-r803o13-e-scooter-best-range-60v-5600w-38ah\/","name":"Rooder r803o13 e scooter best range 60v 5600w 38ah - Electric Scooters Bikes Citycoco Manufacturer","isPartOf":{"@id":"https:\/\/www.rooderchina.com\/#website"},"datePublished":"2023-11-11T10:54:09+00:00","dateModified":"2023-11-11T10:54:10+00:00","breadcrumb":{"@id":"https:\/\/www.rooderchina.com\/product\/rooder-r803o13-e-scooter-best-range-60v-5600w-38ah\/#breadcrumb"},"inLanguage":"fr-FR","potentialAction":[{"@type":"ReadAction","target":["https:\/\/www.rooderchina.com\/product\/rooder-r803o13-e-scooter-best-range-60v-5600w-38ah\/"]}]},{"@type":"BreadcrumbList","@id":"https:\/\/www.rooderchina.com\/product\/rooder-r803o13-e-scooter-best-range-60v-5600w-38ah\/#breadcrumb","itemListElement":[{"@type":"ListItem","position":1,"name":"HOME","item":"https:\/\/www.rooderchina.com\/"},{"@type":"ListItem","position":2,"name":"Shop","item":"https:\/\/www.rooderchina.com\/shop\/"},{"@type":"ListItem","position":3,"name":"Rooder r803o13 e scooter best range 60v 5600w 38ah"}]},{"@type":"WebSite","@id":"https:\/\/www.rooderchina.com\/#website","url":"https:\/\/www.rooderchina.com\/","name":"Electric Scooters Bikes Citycoco Manufacturer","description":"Rooder Technology Limited","publisher":{"@id":"https:\/\/www.rooderchina.com\/#organization"},"potentialAction":[{"@type":"SearchAction","target":{"@type":"EntryPoint","urlTemplate":"https:\/\/www.rooderchina.com\/?s={search_term_string}"},"query-input":"required name=search_term_string"}],"inLanguage":"fr-FR"},{"@type":"Organization","@id":"https:\/\/www.rooderchina.com\/#organization","name":"Electric Scooters Bikes Citycoco Manufacturer","url":"https:\/\/www.rooderchina.com\/","logo":{"@type":"ImageObject","inLanguage":"fr-FR","@id":"https:\/\/www.rooderchina.com\/#\/schema\/logo\/image\/","url":"https:\/\/www.rooderchina.com\/wp-content\/uploads\/2023\/12\/rooder2.jpg","contentUrl":"https:\/\/www.rooderchina.com\/wp-content\/uploads\/2023\/12\/rooder2.jpg","width":1723,"height":1037,"caption":"Electric Scooters Bikes Citycoco Manufacturer"},"image":{"@id":"https:\/\/www.rooderchina.com\/#\/schema\/logo\/image\/"},"sameAs":["https:\/\/www.facebook.com\/rooder.tec","https:\/\/twitter.com\/RooderTec"]}]}},"_links":{"self":[{"href":"https:\/\/www.rooderchina.com\/fr\/wp-json\/wp\/v2\/product\/9898","targetHints":{"allow":["GET"]}}],"collection":[{"href":"https:\/\/www.rooderchina.com\/fr\/wp-json\/wp\/v2\/product"}],"about":[{"href":"https:\/\/www.rooderchina.com\/fr\/wp-json\/wp\/v2\/types\/product"}],"replies":[{"embeddable":true,"href":"https:\/\/www.rooderchina.com\/fr\/wp-json\/wp\/v2\/comments?post=9898"}],"version-history":[{"count":1,"href":"https:\/\/www.rooderchina.com\/fr\/wp-json\/wp\/v2\/product\/9898\/revisions"}],"predecessor-version":[{"id":9899,"href":"https:\/\/www.rooderchina.com\/fr\/wp-json\/wp\/v2\/product\/9898\/revisions\/9899"}],"wp:featuredmedia":[{"embeddable":true,"href":"https:\/\/www.rooderchina.com\/fr\/wp-json\/wp\/v2\/media\/9900"}],"wp:attachment":[{"href":"https:\/\/www.rooderchina.com\/fr\/wp-json\/wp\/v2\/media?parent=9898"}],"wp:term":[{"taxonomy":"product_brand","embeddable":true,"href":"https:\/\/www.rooderchina.com\/fr\/wp-json\/wp\/v2\/product_brand?post=9898"},{"taxonomy":"product_cat","embeddable":true,"href":"https:\/\/www.rooderchina.com\/fr\/wp-json\/wp\/v2\/product_cat?post=9898"},{"taxonomy":"product_tag","embeddable":true,"href":"https:\/\/www.rooderchina.com\/fr\/wp-json\/wp\/v2\/product_tag?post=9898"}],"curies":[{"name":"wp","href":"https:\/\/api.w.org\/{rel}","templated":true}]}}