{"id":9888,"date":"2023-11-11T18:53:38","date_gmt":"2023-11-11T10:53:38","guid":{"rendered":"http:\/\/www.rooderchina.com\/index.php\/product\/rooder-r803o15b-folding-escooter-72v-8000w-50ah\/"},"modified":"2023-11-20T01:57:41","modified_gmt":"2023-11-19T17:57:41","slug":"rooder-r803o15b-folding-escooter-72v-8000w-50ah","status":"publish","type":"product","link":"https:\/\/www.rooderchina.com\/fr\/produit\/rooder-r803o15b-folding-escooter-72v-8000w-50ah\/","title":{"rendered":"Rooder r803o15b escooter pliant 72v 8000w 50ah"},"content":{"rendered":"<table style=\"width: 456px;\" border=\"0\" cellspacing=\"0\" cellpadding=\"0\">\n<colgroup>\n<col width=\"167\" \/>\n<col width=\"289\" \/> <\/colgroup>\n<tbody>\n<tr>\n<td width=\"167\" height=\"19\">Mod\u00e8le<\/td>\n<td width=\"289\">\u00a0<a href=\"https:\/\/www.rooderchina.com\/fr\/tag\/r803o15b\/\" title=\"Voir tous les messages de r803o15b\" target=\"_blank\" rel=\"noopener\">r803o15b<\/a><\/td>\n<\/tr>\n<tr>\n<td height=\"19\">NW<\/td>\n<td>\u00a071kgs<\/td>\n<\/tr>\n<tr>\n<td height=\"19\">Pneu<\/td>\n<td>\u00a0Pneus de 11 pouces, (100\/65-6.5)<\/td>\n<\/tr>\n<tr>\n<td height=\"19\">Charge maximale<\/td>\n<td>\u00a0170KG<\/td>\n<\/tr>\n<tr>\n<td height=\"19\">Moteur<\/td>\n<td>\u00a072V4KW*2<\/td>\n<\/tr>\n<tr>\n<td height=\"19\">Vitesse maximale<\/td>\n<td>\u00a080-90km\/h<\/td>\n<\/tr>\n<tr>\n<td height=\"19\">Contr\u00f4leur<\/td>\n<td>\u00a0doubles contr\u00f4leurs<\/td>\n<\/tr>\n<tr>\n<td height=\"19\">Freins<\/td>\n<td>\u00a0Freins hydrauliques \u00e0 huile avant et arri\u00e8re<\/td>\n<\/tr>\n<tr>\n<td height=\"19\">Absorbe les chocs<\/td>\n<td>\u00a0Amortisseurs \u00e0 ressort \u00e0 l'avant et \u00e0 l'arri\u00e8re<\/td>\n<\/tr>\n<tr>\n<td height=\"19\">Lumi\u00e8res<\/td>\n<td>\u00a02pcs lumi\u00e8res + klaxons moto<\/td>\n<\/tr>\n<tr>\n<td height=\"19\">affichage<\/td>\n<td>\u00a0Affichage LCD de la vitesse, de la batterie et du kilom\u00e9trage<\/td>\n<\/tr>\n<tr>\n<td height=\"19\">Chargeur<\/td>\n<td>\u00a0Chargeur 4A<\/td>\n<\/tr>\n<tr>\n<td height=\"19\">Pente d'escalade<\/td>\n<td>\u00a0environ 60 degr\u00e9s<\/td>\n<\/tr>\n<tr>\n<td height=\"19\">Niveau d'\u00e9tanch\u00e9it\u00e9<\/td>\n<td>\u00a0IP54<\/td>\n<\/tr>\n<tr>\n<td height=\"19\">Tension d'entr\u00e9e du chargeur<\/td>\n<td>\u00a0100 - 240V, 50 \/ 60Hz<\/td>\n<\/tr>\n<tr>\n<td height=\"19\">Batterie<\/td>\n<td>\u00a0Batterie au lithium 72v50ah<\/td>\n<\/tr>\n<tr>\n<td height=\"19\">Temps de charge<\/td>\n<td>\u00a06-12,5 heures<\/td>\n<\/tr>\n<tr>\n<td height=\"19\">Taille de d\u00e9pliage<\/td>\n<td>\u00a0135*74*122cm<\/td>\n<\/tr>\n<tr>\n<td height=\"19\">Taille de pliage<\/td>\n<td>\u00a0140*30*50cm<\/td>\n<\/tr>\n<tr>\n<td height=\"19\">Taille de l'emballage<\/td>\n<td>\u00a0161*39.5*60cm<\/td>\n<\/tr>\n<tr>\n<td height=\"19\">GW<\/td>\n<td>\u00a078kgs<\/td>\n<\/tr>\n<\/tbody>\n<\/table>\n<p>&nbsp;<\/p>\n<p>&nbsp;<\/p>\n<p><iframe loading=\"lazy\" title=\"scooter \u00e9lectrique\" src=\"https:\/\/www.youtube.com\/embed\/ZcY7csgdjYE?rel=0&amp;autoplay=0\" height=\"318\" width=\"385\" allowfullscreen=\"\" frameborder=\"0\"><\/iframe><\/p>","protected":false},"excerpt":{"rendered":"<h3>Description succincte :<\/h3>\n<p><p>Rooder Technology Co. est une entreprise qui int\u00e8gre la R&amp;D, la production et la vente. Elle est situ\u00e9e \u00e0 Shenzhen, en Chine. Elle emploie environ 150 personnes, dont 20 personnes charg\u00e9es de la recherche et du d\u00e9veloppement. L'entreprise se consacre principalement \u00e0 la production de scooters \u00e9lectriques, de motos \u00e9lectriques et de bicyclettes \u00e9lectriques. Elle peut r\u00e9aliser des productions OEM pour ses clients et r\u00e9pondre \u00e0 leurs besoins sp\u00e9cifiques.<\/p>\n<p>Nous sommes un agent autoris\u00e9 de certaines marques bien connues. Les produits comprennent des motos \u00e9lectriques, des v\u00e9los \u00e9lectriques, des scooters \u00e9lectriques, des v\u00e9los d'\u00e9quilibre \u00e9lectriques, des karts \u00e9lectriques, des matelas gonflables, des piscines et d'autres produits de sports nautiques. Rooder Technology Co. Ltd. a toujours poursuivi la culture d'entreprise et la philosophie commerciale \"int\u00e9grit\u00e9, gagnant-gagnant, efficacit\u00e9 et gratitude\", et fournira constamment aux clients du monde entier les meilleurs produits et les meilleurs services, et deviendra la soci\u00e9t\u00e9 de services cross-board la plus digne de confiance pour les clients.<\/p>\n<\/p>\n<p><\/p>\n<li><em>Marque : <\/em> OEM\/ODM\/ROODER<\/li>\n<li><em>Quantit\u00e9 minimale de commande : <\/em> 10 pi\u00e8ces\/pi\u00e8ces<\/li>\n<li><em>Capacit\u00e9 d'approvisionnement : <\/em> 10000 pi\u00e8ces par mois<\/li>\n<li><em>Port : <\/em> Shenzhen<\/li>\n<li><em>Conditions de paiement : <\/em> T\/T, L\/C, D\/A, D\/P<\/li>","protected":false},"featured_media":9890,"comment_status":"closed","ping_status":"open","template":"","meta":[],"product_brand":[],"product_cat":[829],"product_tag":[530,873,874,745,875],"class_list":{"0":"post-9888","1":"product","2":"type-product","3":"status-publish","4":"has-post-thumbnail","6":"product_cat-electric-scooters","7":"product_tag-electric-scooter","8":"product_tag-folding-escooter","9":"product_tag-r803o15b","10":"product_tag-rooder","11":"product_tag-rooder-r803o15b","13":"first","14":"instock","15":"featured","16":"product-type-simple"},"yoast_head":"<!-- This site is optimized with the Yoast SEO plugin v21.7 - https:\/\/yoast.com\/wordpress\/plugins\/seo\/ -->\n<title>Rooder r803o15b folding escooter 72v 8000w 50ah - Electric Scooters Bikes Citycoco Manufacturer<\/title>\n<meta name=\"robots\" content=\"index, follow, max-snippet:-1, max-image-preview:large, max-video-preview:-1\" \/>\n<link rel=\"canonical\" href=\"https:\/\/www.rooderchina.com\/fr\/produit\/rooder-r803o15b-folding-escooter-72v-8000w-50ah\/\" \/>\n<meta property=\"og:locale\" content=\"fr_FR\" \/>\n<meta property=\"og:type\" content=\"article\" \/>\n<meta property=\"og:title\" content=\"Rooder r803o15b folding escooter 72v 8000w 50ah - Electric Scooters Bikes Citycoco Manufacturer\" \/>\n<meta property=\"og:description\" content=\"Short Description: Rooder Technology Co., Ltd. is a company integrating R&amp;D, production and sales. It&#8217;s located in Shenzhen China. There are about 150 employees, including 20 R&amp;D personnel. The company&#8217;s main business scope is the production of electric scooters, electric motorcycles and electric bicycles, which can realize OEM production for customers and also meet the customized needs of them. We are an authorized agent of some well-known brands. The products involve electric motorcycle, electric bicycles, electric scooters, electric balance bikes, electric go-karts, inflatable mattresses, pools and other water sports products. Rooder Technology Co,. Ltd. has always pursued the corporate culture and business philosophy of &#8221; integrity, win-win, efficiency, and gratitude&#8221;, and will consistently provide global customers with the best products and best services, and become the most trusted cross-board service company for customers.    Brand: OEM\/ODM\/ROODER   Min.Order Quantity: 10 Piece\/Pieces   Supply Ability: 10000 Piece\/Pieces per Month   Port: Shenzhen   Payment Terms: T\/T, L\/C, D\/A, D\/P\" \/>\n<meta property=\"og:url\" content=\"https:\/\/www.rooderchina.com\/fr\/produit\/rooder-r803o15b-folding-escooter-72v-8000w-50ah\/\" \/>\n<meta property=\"og:site_name\" content=\"Electric Scooters Bikes Citycoco Manufacturer\" \/>\n<meta property=\"article:publisher\" content=\"https:\/\/www.facebook.com\/rooder.tec\" \/>\n<meta property=\"article:modified_time\" content=\"2023-11-19T17:57:41+00:00\" \/>\n<meta property=\"og:image\" content=\"https:\/\/www.rooderchina.com\/wp-content\/uploads\/2023\/11\/Rooder-r803o15b-folding-escooter-72v-8000w-50ah-1.jpg\" \/>\n\t<meta property=\"og:image:width\" content=\"1000\" \/>\n\t<meta property=\"og:image:height\" content=\"1000\" \/>\n\t<meta property=\"og:image:type\" content=\"image\/jpeg\" \/>\n<meta name=\"twitter:card\" content=\"summary_large_image\" \/>\n<meta name=\"twitter:site\" content=\"@RooderTec\" \/>\n<script type=\"application\/ld+json\" class=\"yoast-schema-graph\">{\"@context\":\"https:\/\/schema.org\",\"@graph\":[{\"@type\":\"WebPage\",\"@id\":\"https:\/\/www.rooderchina.com\/product\/rooder-r803o15b-folding-escooter-72v-8000w-50ah\/\",\"url\":\"https:\/\/www.rooderchina.com\/product\/rooder-r803o15b-folding-escooter-72v-8000w-50ah\/\",\"name\":\"Rooder r803o15b folding escooter 72v 8000w 50ah - Electric Scooters Bikes Citycoco Manufacturer\",\"isPartOf\":{\"@id\":\"https:\/\/www.rooderchina.com\/#website\"},\"datePublished\":\"2023-11-11T10:53:38+00:00\",\"dateModified\":\"2023-11-19T17:57:41+00:00\",\"breadcrumb\":{\"@id\":\"https:\/\/www.rooderchina.com\/product\/rooder-r803o15b-folding-escooter-72v-8000w-50ah\/#breadcrumb\"},\"inLanguage\":\"fr-FR\",\"potentialAction\":[{\"@type\":\"ReadAction\",\"target\":[\"https:\/\/www.rooderchina.com\/product\/rooder-r803o15b-folding-escooter-72v-8000w-50ah\/\"]}]},{\"@type\":\"BreadcrumbList\",\"@id\":\"https:\/\/www.rooderchina.com\/product\/rooder-r803o15b-folding-escooter-72v-8000w-50ah\/#breadcrumb\",\"itemListElement\":[{\"@type\":\"ListItem\",\"position\":1,\"name\":\"HOME\",\"item\":\"https:\/\/www.rooderchina.com\/\"},{\"@type\":\"ListItem\",\"position\":2,\"name\":\"Shop\",\"item\":\"https:\/\/www.rooderchina.com\/shop\/\"},{\"@type\":\"ListItem\",\"position\":3,\"name\":\"Rooder r803o15b folding escooter 72v 8000w 50ah\"}]},{\"@type\":\"WebSite\",\"@id\":\"https:\/\/www.rooderchina.com\/#website\",\"url\":\"https:\/\/www.rooderchina.com\/\",\"name\":\"Electric Scooters Bikes Citycoco Manufacturer\",\"description\":\"Rooder Technology Limited\",\"publisher\":{\"@id\":\"https:\/\/www.rooderchina.com\/#organization\"},\"potentialAction\":[{\"@type\":\"SearchAction\",\"target\":{\"@type\":\"EntryPoint\",\"urlTemplate\":\"https:\/\/www.rooderchina.com\/?s={search_term_string}\"},\"query-input\":\"required name=search_term_string\"}],\"inLanguage\":\"fr-FR\"},{\"@type\":\"Organization\",\"@id\":\"https:\/\/www.rooderchina.com\/#organization\",\"name\":\"Electric Scooters Bikes Citycoco Manufacturer\",\"url\":\"https:\/\/www.rooderchina.com\/\",\"logo\":{\"@type\":\"ImageObject\",\"inLanguage\":\"fr-FR\",\"@id\":\"https:\/\/www.rooderchina.com\/#\/schema\/logo\/image\/\",\"url\":\"https:\/\/www.rooderchina.com\/wp-content\/uploads\/2023\/12\/rooder2.jpg\",\"contentUrl\":\"https:\/\/www.rooderchina.com\/wp-content\/uploads\/2023\/12\/rooder2.jpg\",\"width\":1723,\"height\":1037,\"caption\":\"Electric Scooters Bikes Citycoco Manufacturer\"},\"image\":{\"@id\":\"https:\/\/www.rooderchina.com\/#\/schema\/logo\/image\/\"},\"sameAs\":[\"https:\/\/www.facebook.com\/rooder.tec\",\"https:\/\/twitter.com\/RooderTec\"]}]}<\/script>\n<!-- \/ Yoast SEO plugin. -->","yoast_head_json":{"title":"Rooder r803o15b folding escooter 72v 8000w 50ah - Electric Scooters Bikes Citycoco Manufacturer","robots":{"index":"index","follow":"follow","max-snippet":"max-snippet:-1","max-image-preview":"max-image-preview:large","max-video-preview":"max-video-preview:-1"},"canonical":"https:\/\/www.rooderchina.com\/fr\/produit\/rooder-r803o15b-folding-escooter-72v-8000w-50ah\/","og_locale":"fr_FR","og_type":"article","og_title":"Rooder r803o15b folding escooter 72v 8000w 50ah - Electric Scooters Bikes Citycoco Manufacturer","og_description":"Short Description: Rooder Technology Co., Ltd. is a company integrating R&amp;D, production and sales. It&#8217;s located in Shenzhen China. There are about 150 employees, including 20 R&amp;D personnel. The company&#8217;s main business scope is the production of electric scooters, electric motorcycles and electric bicycles, which can realize OEM production for customers and also meet the customized needs of them. We are an authorized agent of some well-known brands. The products involve electric motorcycle, electric bicycles, electric scooters, electric balance bikes, electric go-karts, inflatable mattresses, pools and other water sports products. Rooder Technology Co,. Ltd. has always pursued the corporate culture and business philosophy of &#8221; integrity, win-win, efficiency, and gratitude&#8221;, and will consistently provide global customers with the best products and best services, and become the most trusted cross-board service company for customers.    Brand: OEM\/ODM\/ROODER   Min.Order Quantity: 10 Piece\/Pieces   Supply Ability: 10000 Piece\/Pieces per Month   Port: Shenzhen   Payment Terms: T\/T, L\/C, D\/A, D\/P","og_url":"https:\/\/www.rooderchina.com\/fr\/produit\/rooder-r803o15b-folding-escooter-72v-8000w-50ah\/","og_site_name":"Electric Scooters Bikes Citycoco Manufacturer","article_publisher":"https:\/\/www.facebook.com\/rooder.tec","article_modified_time":"2023-11-19T17:57:41+00:00","og_image":[{"width":1000,"height":1000,"url":"https:\/\/www.rooderchina.com\/wp-content\/uploads\/2023\/11\/Rooder-r803o15b-folding-escooter-72v-8000w-50ah-1.jpg","type":"image\/jpeg"}],"twitter_card":"summary_large_image","twitter_site":"@RooderTec","schema":{"@context":"https:\/\/schema.org","@graph":[{"@type":"WebPage","@id":"https:\/\/www.rooderchina.com\/product\/rooder-r803o15b-folding-escooter-72v-8000w-50ah\/","url":"https:\/\/www.rooderchina.com\/product\/rooder-r803o15b-folding-escooter-72v-8000w-50ah\/","name":"Rooder r803o15b folding escooter 72v 8000w 50ah - Electric Scooters Bikes Citycoco Manufacturer","isPartOf":{"@id":"https:\/\/www.rooderchina.com\/#website"},"datePublished":"2023-11-11T10:53:38+00:00","dateModified":"2023-11-19T17:57:41+00:00","breadcrumb":{"@id":"https:\/\/www.rooderchina.com\/product\/rooder-r803o15b-folding-escooter-72v-8000w-50ah\/#breadcrumb"},"inLanguage":"fr-FR","potentialAction":[{"@type":"ReadAction","target":["https:\/\/www.rooderchina.com\/product\/rooder-r803o15b-folding-escooter-72v-8000w-50ah\/"]}]},{"@type":"BreadcrumbList","@id":"https:\/\/www.rooderchina.com\/product\/rooder-r803o15b-folding-escooter-72v-8000w-50ah\/#breadcrumb","itemListElement":[{"@type":"ListItem","position":1,"name":"HOME","item":"https:\/\/www.rooderchina.com\/"},{"@type":"ListItem","position":2,"name":"Shop","item":"https:\/\/www.rooderchina.com\/shop\/"},{"@type":"ListItem","position":3,"name":"Rooder r803o15b folding escooter 72v 8000w 50ah"}]},{"@type":"WebSite","@id":"https:\/\/www.rooderchina.com\/#website","url":"https:\/\/www.rooderchina.com\/","name":"Electric Scooters Bikes Citycoco Manufacturer","description":"Rooder Technology Limited","publisher":{"@id":"https:\/\/www.rooderchina.com\/#organization"},"potentialAction":[{"@type":"SearchAction","target":{"@type":"EntryPoint","urlTemplate":"https:\/\/www.rooderchina.com\/?s={search_term_string}"},"query-input":"required name=search_term_string"}],"inLanguage":"fr-FR"},{"@type":"Organization","@id":"https:\/\/www.rooderchina.com\/#organization","name":"Electric Scooters Bikes Citycoco Manufacturer","url":"https:\/\/www.rooderchina.com\/","logo":{"@type":"ImageObject","inLanguage":"fr-FR","@id":"https:\/\/www.rooderchina.com\/#\/schema\/logo\/image\/","url":"https:\/\/www.rooderchina.com\/wp-content\/uploads\/2023\/12\/rooder2.jpg","contentUrl":"https:\/\/www.rooderchina.com\/wp-content\/uploads\/2023\/12\/rooder2.jpg","width":1723,"height":1037,"caption":"Electric Scooters Bikes Citycoco Manufacturer"},"image":{"@id":"https:\/\/www.rooderchina.com\/#\/schema\/logo\/image\/"},"sameAs":["https:\/\/www.facebook.com\/rooder.tec","https:\/\/twitter.com\/RooderTec"]}]}},"_links":{"self":[{"href":"https:\/\/www.rooderchina.com\/fr\/wp-json\/wp\/v2\/product\/9888","targetHints":{"allow":["GET"]}}],"collection":[{"href":"https:\/\/www.rooderchina.com\/fr\/wp-json\/wp\/v2\/product"}],"about":[{"href":"https:\/\/www.rooderchina.com\/fr\/wp-json\/wp\/v2\/types\/product"}],"replies":[{"embeddable":true,"href":"https:\/\/www.rooderchina.com\/fr\/wp-json\/wp\/v2\/comments?post=9888"}],"version-history":[{"count":1,"href":"https:\/\/www.rooderchina.com\/fr\/wp-json\/wp\/v2\/product\/9888\/revisions"}],"predecessor-version":[{"id":9889,"href":"https:\/\/www.rooderchina.com\/fr\/wp-json\/wp\/v2\/product\/9888\/revisions\/9889"}],"wp:featuredmedia":[{"embeddable":true,"href":"https:\/\/www.rooderchina.com\/fr\/wp-json\/wp\/v2\/media\/9890"}],"wp:attachment":[{"href":"https:\/\/www.rooderchina.com\/fr\/wp-json\/wp\/v2\/media?parent=9888"}],"wp:term":[{"taxonomy":"product_brand","embeddable":true,"href":"https:\/\/www.rooderchina.com\/fr\/wp-json\/wp\/v2\/product_brand?post=9888"},{"taxonomy":"product_cat","embeddable":true,"href":"https:\/\/www.rooderchina.com\/fr\/wp-json\/wp\/v2\/product_cat?post=9888"},{"taxonomy":"product_tag","embeddable":true,"href":"https:\/\/www.rooderchina.com\/fr\/wp-json\/wp\/v2\/product_tag?post=9888"}],"curies":[{"name":"wp","href":"https:\/\/api.w.org\/{rel}","templated":true}]}}