{"id":9844,"date":"2023-11-11T18:50:34","date_gmt":"2023-11-11T10:50:34","guid":{"rendered":"http:\/\/www.rooderchina.com\/index.php\/product\/rooder-gt01-cheap-best-range-electric-scooter-48v-6000w-23ah\/"},"modified":"2023-11-11T18:51:11","modified_gmt":"2023-11-11T10:51:11","slug":"rooder-gt01-cheap-best-range-electric-scooter-48v-6000w-23ah","status":"publish","type":"product","link":"https:\/\/www.rooderchina.com\/fr\/produit\/rooder-gt01-cheap-best-range-electric-scooter-48v-6000w-23ah\/","title":{"rendered":"Rooder gt01 scooter \u00e9lectrique pas cher 48v 6000w 23ah"},"content":{"rendered":"<table style=\"width: 465px;\" border=\"0\" cellspacing=\"0\" cellpadding=\"0\">\n<colgroup>\n<col width=\"149\" \/>\n<col width=\"316\" \/> <\/colgroup>\n<tbody>\n<tr>\n<td width=\"149\" height=\"19\">Mod\u00e8le<\/td>\n<td width=\"316\">\u00a0GT01<\/td>\n<\/tr>\n<tr>\n<td height=\"19\">NW<\/td>\n<td>\u00a030 kg<\/td>\n<\/tr>\n<tr>\n<td height=\"19\">Pneu<\/td>\n<td>\u00a0Pneus de 10 pouces<\/td>\n<\/tr>\n<tr>\n<td height=\"19\">Charge maximale<\/td>\n<td>\u00a0200KG<\/td>\n<\/tr>\n<tr>\n<td height=\"19\">Moteur<\/td>\n<td>\u00a048V3000KW*2<\/td>\n<\/tr>\n<tr>\n<td height=\"19\">Vitesse maximale<\/td>\n<td>\u00a060-70km\/h<\/td>\n<\/tr>\n<tr>\n<td height=\"19\">Contr\u00f4leur<\/td>\n<td>\u00a0deux contr\u00f4leurs de 30A<\/td>\n<\/tr>\n<tr>\n<td height=\"19\">Freins<\/td>\n<td>\u00a0Freins avant et arri\u00e8re<\/td>\n<\/tr>\n<tr>\n<td height=\"19\">Absorbe les chocs<\/td>\n<td>\u00a0Amortisseurs \u00e0 ressort \u00e0 l'avant et \u00e0 l'arri\u00e8re<\/td>\n<\/tr>\n<tr>\n<td height=\"19\">Lumi\u00e8res<\/td>\n<td>\u00a0feux avant+arri\u00e8re+lat\u00e9raux + klaxon moto<\/td>\n<\/tr>\n<tr>\n<td height=\"19\">Affichage<\/td>\n<td>\u00a0vitesse, batterie et kilom\u00e9trage<\/td>\n<\/tr>\n<tr>\n<td height=\"19\">Chargeur<\/td>\n<td>\u00a0Chargeur 2A<\/td>\n<\/tr>\n<tr>\n<td height=\"19\">Pente d'escalade<\/td>\n<td>\u00a0environ 30 degr\u00e9s<\/td>\n<\/tr>\n<tr>\n<td height=\"19\">Niveau d'\u00e9tanch\u00e9it\u00e9<\/td>\n<td>\u00a0IP54<\/td>\n<\/tr>\n<tr>\n<td height=\"19\">Tension d'entr\u00e9e du chargeur<\/td>\n<td>\u00a0100 - 240V, 50 \/ 60Hz<\/td>\n<\/tr>\n<tr>\n<td height=\"19\">Batterie<\/td>\n<td>\u00a0Batterie au lithium 48v23ah<\/td>\n<\/tr>\n<tr>\n<td height=\"19\">Temps de charge<\/td>\n<td>\u00a08-10 heures<\/td>\n<\/tr>\n<tr>\n<td height=\"19\">Batterie amovible<\/td>\n<td>\u00a0oui<\/td>\n<\/tr>\n<tr>\n<td height=\"19\">Pliable<\/td>\n<td>\u00a0non, mais option<\/td>\n<\/tr>\n<tr>\n<td height=\"19\">Taille de d\u00e9pliage<\/td>\n<td>\u00a0117*25*129cm<\/td>\n<\/tr>\n<tr>\n<td height=\"19\">Taille de pliage<\/td>\n<td>\u00a0117*25*45cm<\/td>\n<\/tr>\n<tr>\n<td height=\"19\">Taille de l'emballage<\/td>\n<td>\u00a0120*28*49cm<\/td>\n<\/tr>\n<tr>\n<td height=\"19\">GW<\/td>\n<td>\u00a035 kg<\/td>\n<\/tr>\n<tr>\n<td height=\"19\">Option<\/td>\n<td>\u00a0partie transportable, USB, si\u00e8ge, logo, chargeur suppl\u00e9mentaire<\/td>\n<\/tr>\n<\/tbody>\n<\/table>\n<p>&nbsp;<\/p>\n<p>&nbsp;<\/p>\n<p><iframe loading=\"lazy\" title=\"scooter \u00e9lectrique\" src=\"https:\/\/www.youtube.com\/embed\/mGf0_OLftnk?rel=0&amp;autoplay=0\" height=\"318\" width=\"385\" allowfullscreen=\"\" frameborder=\"0\"><\/iframe><\/p>","protected":false},"excerpt":{"rendered":"<h3>Description succincte :<\/h3>\n<p><p>Fond\u00e9e en 2010, Rooder technology Co. est l'un des principaux fabricants de scooters \u00e9lectriques, de scooters auto-\u00e9quilibr\u00e9s et de v\u00e9los \u00e9lectriques, int\u00e9grant la recherche et le d\u00e9veloppement, la production, la vente et le service. Avec plus de 8 ans d'exp\u00e9rience dans la conception et la production d'outils de circulation, nous sommes s\u00fbrs d'avoir les capacit\u00e9s n\u00e9cessaires pour construire une marque prestigieuse au niveau national et international. Nous sommes au service de divers clients dans le monde entier, notamment en Europe, aux \u00c9tats-Unis, en Am\u00e9rique du Sud, au Moyen-Orient, au Japon et en Cor\u00e9e, etc. Nos produits ont obtenu les certifications ROHS, CE et UL. Tous les types de commandes OEM et ODM sont les bienvenus !<\/p>\n<\/p>\n<p><\/p>\n<li><em>Marque : <\/em> OEM\/ODM\/ROODER<\/li>\n<li><em>Quantit\u00e9 minimale de commande : <\/em> 10 pi\u00e8ces\/pi\u00e8ces<\/li>\n<li><em>Capacit\u00e9 d'approvisionnement : <\/em> 10000 pi\u00e8ces par mois<\/li>\n<li><em>Port : <\/em> Shenzhen<\/li>\n<li><em>Conditions de paiement : <\/em> T\/T, L\/C, D\/A, D\/P<\/li>","protected":false},"featured_media":9846,"comment_status":"closed","ping_status":"open","template":"","meta":[],"product_brand":[],"product_cat":[829],"product_tag":[864,530,830,745,833],"class_list":{"0":"post-9844","1":"product","2":"type-product","3":"status-publish","4":"has-post-thumbnail","6":"product_cat-electric-scooters","7":"product_tag-cheap-electric-scooter","8":"product_tag-electric-scooter","9":"product_tag-gt01","10":"product_tag-rooder","11":"product_tag-rooder-gt01","13":"first","14":"instock","15":"product-type-simple"},"yoast_head":"<!-- This site is optimized with the Yoast SEO plugin v21.7 - https:\/\/yoast.com\/wordpress\/plugins\/seo\/ -->\n<title>Rooder gt01 cheap best range electric scooter 48v 6000w 23ah - Electric Scooters Bikes Citycoco Manufacturer<\/title>\n<meta name=\"robots\" content=\"index, follow, max-snippet:-1, max-image-preview:large, max-video-preview:-1\" \/>\n<link rel=\"canonical\" href=\"https:\/\/www.rooderchina.com\/fr\/produit\/rooder-gt01-cheap-best-range-electric-scooter-48v-6000w-23ah\/\" \/>\n<meta property=\"og:locale\" content=\"fr_FR\" \/>\n<meta property=\"og:type\" content=\"article\" \/>\n<meta property=\"og:title\" content=\"Rooder gt01 cheap best range electric scooter 48v 6000w 23ah - Electric Scooters Bikes Citycoco Manufacturer\" \/>\n<meta property=\"og:description\" content=\"Short Description: Founded in 2010, Rooder technology Co., Ltd. is one of a leading manufacturers of electric scooter, self-balance scooter, e-bike, integrating R&amp;D, production, sales and service. With more than 8 years experience in riding traffic tools design and production, we are confident that we have the capabilities to build up a prestigious brand domestically and worldwide. We have been serving various customers all over the world like Europe, USA, South America, the Middle East, Japan and Korea etc. Our products passed ROHS, CE, UL certification. All kinds of OEM &amp; ODM orders are welcomed !    Brand: OEM\/ODM\/ROODER   Min.Order Quantity: 10 Piece\/Pieces   Supply Ability: 10000 Piece\/Pieces per Month   Port: Shenzhen   Payment Terms: T\/T, L\/C, D\/A, D\/P\" \/>\n<meta property=\"og:url\" content=\"https:\/\/www.rooderchina.com\/fr\/produit\/rooder-gt01-cheap-best-range-electric-scooter-48v-6000w-23ah\/\" \/>\n<meta property=\"og:site_name\" content=\"Electric Scooters Bikes Citycoco Manufacturer\" \/>\n<meta property=\"article:publisher\" content=\"https:\/\/www.facebook.com\/rooder.tec\" \/>\n<meta property=\"article:modified_time\" content=\"2023-11-11T10:51:11+00:00\" \/>\n<meta property=\"og:image\" content=\"https:\/\/www.rooderchina.com\/wp-content\/uploads\/2023\/11\/Rooder-gt01-cheap-best-range-electric-scooter-48v-6000w-23ah-1.jpg\" \/>\n\t<meta property=\"og:image:width\" content=\"1000\" \/>\n\t<meta property=\"og:image:height\" content=\"1000\" \/>\n\t<meta property=\"og:image:type\" content=\"image\/jpeg\" \/>\n<meta name=\"twitter:card\" content=\"summary_large_image\" \/>\n<meta name=\"twitter:site\" content=\"@RooderTec\" \/>\n<script type=\"application\/ld+json\" class=\"yoast-schema-graph\">{\"@context\":\"https:\/\/schema.org\",\"@graph\":[{\"@type\":\"WebPage\",\"@id\":\"https:\/\/www.rooderchina.com\/product\/rooder-gt01-cheap-best-range-electric-scooter-48v-6000w-23ah\/\",\"url\":\"https:\/\/www.rooderchina.com\/product\/rooder-gt01-cheap-best-range-electric-scooter-48v-6000w-23ah\/\",\"name\":\"Rooder gt01 cheap best range electric scooter 48v 6000w 23ah - Electric Scooters Bikes Citycoco Manufacturer\",\"isPartOf\":{\"@id\":\"https:\/\/www.rooderchina.com\/#website\"},\"datePublished\":\"2023-11-11T10:50:34+00:00\",\"dateModified\":\"2023-11-11T10:51:11+00:00\",\"breadcrumb\":{\"@id\":\"https:\/\/www.rooderchina.com\/product\/rooder-gt01-cheap-best-range-electric-scooter-48v-6000w-23ah\/#breadcrumb\"},\"inLanguage\":\"fr-FR\",\"potentialAction\":[{\"@type\":\"ReadAction\",\"target\":[\"https:\/\/www.rooderchina.com\/product\/rooder-gt01-cheap-best-range-electric-scooter-48v-6000w-23ah\/\"]}]},{\"@type\":\"BreadcrumbList\",\"@id\":\"https:\/\/www.rooderchina.com\/product\/rooder-gt01-cheap-best-range-electric-scooter-48v-6000w-23ah\/#breadcrumb\",\"itemListElement\":[{\"@type\":\"ListItem\",\"position\":1,\"name\":\"HOME\",\"item\":\"https:\/\/www.rooderchina.com\/\"},{\"@type\":\"ListItem\",\"position\":2,\"name\":\"Shop\",\"item\":\"https:\/\/www.rooderchina.com\/shop\/\"},{\"@type\":\"ListItem\",\"position\":3,\"name\":\"Rooder gt01 cheap best range electric scooter 48v 6000w 23ah\"}]},{\"@type\":\"WebSite\",\"@id\":\"https:\/\/www.rooderchina.com\/#website\",\"url\":\"https:\/\/www.rooderchina.com\/\",\"name\":\"Electric Scooters Bikes Citycoco Manufacturer\",\"description\":\"Rooder Technology Limited\",\"publisher\":{\"@id\":\"https:\/\/www.rooderchina.com\/#organization\"},\"potentialAction\":[{\"@type\":\"SearchAction\",\"target\":{\"@type\":\"EntryPoint\",\"urlTemplate\":\"https:\/\/www.rooderchina.com\/?s={search_term_string}\"},\"query-input\":\"required name=search_term_string\"}],\"inLanguage\":\"fr-FR\"},{\"@type\":\"Organization\",\"@id\":\"https:\/\/www.rooderchina.com\/#organization\",\"name\":\"Electric Scooters Bikes Citycoco Manufacturer\",\"url\":\"https:\/\/www.rooderchina.com\/\",\"logo\":{\"@type\":\"ImageObject\",\"inLanguage\":\"fr-FR\",\"@id\":\"https:\/\/www.rooderchina.com\/#\/schema\/logo\/image\/\",\"url\":\"https:\/\/www.rooderchina.com\/wp-content\/uploads\/2023\/12\/rooder2.jpg\",\"contentUrl\":\"https:\/\/www.rooderchina.com\/wp-content\/uploads\/2023\/12\/rooder2.jpg\",\"width\":1723,\"height\":1037,\"caption\":\"Electric Scooters Bikes Citycoco Manufacturer\"},\"image\":{\"@id\":\"https:\/\/www.rooderchina.com\/#\/schema\/logo\/image\/\"},\"sameAs\":[\"https:\/\/www.facebook.com\/rooder.tec\",\"https:\/\/twitter.com\/RooderTec\"]}]}<\/script>\n<!-- \/ Yoast SEO plugin. -->","yoast_head_json":{"title":"Rooder gt01 cheap best range electric scooter 48v 6000w 23ah - Electric Scooters Bikes Citycoco Manufacturer","robots":{"index":"index","follow":"follow","max-snippet":"max-snippet:-1","max-image-preview":"max-image-preview:large","max-video-preview":"max-video-preview:-1"},"canonical":"https:\/\/www.rooderchina.com\/fr\/produit\/rooder-gt01-cheap-best-range-electric-scooter-48v-6000w-23ah\/","og_locale":"fr_FR","og_type":"article","og_title":"Rooder gt01 cheap best range electric scooter 48v 6000w 23ah - Electric Scooters Bikes Citycoco Manufacturer","og_description":"Short Description: Founded in 2010, Rooder technology Co., Ltd. is one of a leading manufacturers of electric scooter, self-balance scooter, e-bike, integrating R&amp;D, production, sales and service. With more than 8 years experience in riding traffic tools design and production, we are confident that we have the capabilities to build up a prestigious brand domestically and worldwide. We have been serving various customers all over the world like Europe, USA, South America, the Middle East, Japan and Korea etc. Our products passed ROHS, CE, UL certification. All kinds of OEM &amp; ODM orders are welcomed !    Brand: OEM\/ODM\/ROODER   Min.Order Quantity: 10 Piece\/Pieces   Supply Ability: 10000 Piece\/Pieces per Month   Port: Shenzhen   Payment Terms: T\/T, L\/C, D\/A, D\/P","og_url":"https:\/\/www.rooderchina.com\/fr\/produit\/rooder-gt01-cheap-best-range-electric-scooter-48v-6000w-23ah\/","og_site_name":"Electric Scooters Bikes Citycoco Manufacturer","article_publisher":"https:\/\/www.facebook.com\/rooder.tec","article_modified_time":"2023-11-11T10:51:11+00:00","og_image":[{"width":1000,"height":1000,"url":"https:\/\/www.rooderchina.com\/wp-content\/uploads\/2023\/11\/Rooder-gt01-cheap-best-range-electric-scooter-48v-6000w-23ah-1.jpg","type":"image\/jpeg"}],"twitter_card":"summary_large_image","twitter_site":"@RooderTec","schema":{"@context":"https:\/\/schema.org","@graph":[{"@type":"WebPage","@id":"https:\/\/www.rooderchina.com\/product\/rooder-gt01-cheap-best-range-electric-scooter-48v-6000w-23ah\/","url":"https:\/\/www.rooderchina.com\/product\/rooder-gt01-cheap-best-range-electric-scooter-48v-6000w-23ah\/","name":"Rooder gt01 cheap best range electric scooter 48v 6000w 23ah - Electric Scooters Bikes Citycoco Manufacturer","isPartOf":{"@id":"https:\/\/www.rooderchina.com\/#website"},"datePublished":"2023-11-11T10:50:34+00:00","dateModified":"2023-11-11T10:51:11+00:00","breadcrumb":{"@id":"https:\/\/www.rooderchina.com\/product\/rooder-gt01-cheap-best-range-electric-scooter-48v-6000w-23ah\/#breadcrumb"},"inLanguage":"fr-FR","potentialAction":[{"@type":"ReadAction","target":["https:\/\/www.rooderchina.com\/product\/rooder-gt01-cheap-best-range-electric-scooter-48v-6000w-23ah\/"]}]},{"@type":"BreadcrumbList","@id":"https:\/\/www.rooderchina.com\/product\/rooder-gt01-cheap-best-range-electric-scooter-48v-6000w-23ah\/#breadcrumb","itemListElement":[{"@type":"ListItem","position":1,"name":"HOME","item":"https:\/\/www.rooderchina.com\/"},{"@type":"ListItem","position":2,"name":"Shop","item":"https:\/\/www.rooderchina.com\/shop\/"},{"@type":"ListItem","position":3,"name":"Rooder gt01 cheap best range electric scooter 48v 6000w 23ah"}]},{"@type":"WebSite","@id":"https:\/\/www.rooderchina.com\/#website","url":"https:\/\/www.rooderchina.com\/","name":"Electric Scooters Bikes Citycoco Manufacturer","description":"Rooder Technology Limited","publisher":{"@id":"https:\/\/www.rooderchina.com\/#organization"},"potentialAction":[{"@type":"SearchAction","target":{"@type":"EntryPoint","urlTemplate":"https:\/\/www.rooderchina.com\/?s={search_term_string}"},"query-input":"required name=search_term_string"}],"inLanguage":"fr-FR"},{"@type":"Organization","@id":"https:\/\/www.rooderchina.com\/#organization","name":"Electric Scooters Bikes Citycoco Manufacturer","url":"https:\/\/www.rooderchina.com\/","logo":{"@type":"ImageObject","inLanguage":"fr-FR","@id":"https:\/\/www.rooderchina.com\/#\/schema\/logo\/image\/","url":"https:\/\/www.rooderchina.com\/wp-content\/uploads\/2023\/12\/rooder2.jpg","contentUrl":"https:\/\/www.rooderchina.com\/wp-content\/uploads\/2023\/12\/rooder2.jpg","width":1723,"height":1037,"caption":"Electric Scooters Bikes Citycoco Manufacturer"},"image":{"@id":"https:\/\/www.rooderchina.com\/#\/schema\/logo\/image\/"},"sameAs":["https:\/\/www.facebook.com\/rooder.tec","https:\/\/twitter.com\/RooderTec"]}]}},"_links":{"self":[{"href":"https:\/\/www.rooderchina.com\/fr\/wp-json\/wp\/v2\/product\/9844","targetHints":{"allow":["GET"]}}],"collection":[{"href":"https:\/\/www.rooderchina.com\/fr\/wp-json\/wp\/v2\/product"}],"about":[{"href":"https:\/\/www.rooderchina.com\/fr\/wp-json\/wp\/v2\/types\/product"}],"replies":[{"embeddable":true,"href":"https:\/\/www.rooderchina.com\/fr\/wp-json\/wp\/v2\/comments?post=9844"}],"version-history":[{"count":1,"href":"https:\/\/www.rooderchina.com\/fr\/wp-json\/wp\/v2\/product\/9844\/revisions"}],"predecessor-version":[{"id":9845,"href":"https:\/\/www.rooderchina.com\/fr\/wp-json\/wp\/v2\/product\/9844\/revisions\/9845"}],"wp:featuredmedia":[{"embeddable":true,"href":"https:\/\/www.rooderchina.com\/fr\/wp-json\/wp\/v2\/media\/9846"}],"wp:attachment":[{"href":"https:\/\/www.rooderchina.com\/fr\/wp-json\/wp\/v2\/media?parent=9844"}],"wp:term":[{"taxonomy":"product_brand","embeddable":true,"href":"https:\/\/www.rooderchina.com\/fr\/wp-json\/wp\/v2\/product_brand?post=9844"},{"taxonomy":"product_cat","embeddable":true,"href":"https:\/\/www.rooderchina.com\/fr\/wp-json\/wp\/v2\/product_cat?post=9844"},{"taxonomy":"product_tag","embeddable":true,"href":"https:\/\/www.rooderchina.com\/fr\/wp-json\/wp\/v2\/product_tag?post=9844"}],"curies":[{"name":"wp","href":"https:\/\/api.w.org\/{rel}","templated":true}]}}