{"id":9831,"date":"2023-11-11T18:50:34","date_gmt":"2023-11-11T10:50:34","guid":{"rendered":"http:\/\/www.rooderchina.com\/index.php\/product\/rooder-xs09-best-electric-scooter-10000w-belt-motor-110km-h\/"},"modified":"2023-12-15T18:53:20","modified_gmt":"2023-12-15T10:53:20","slug":"rooder-xs09-best-electric-scooter-10000w-belt-motor-110km-h","status":"publish","type":"product","link":"https:\/\/www.rooderchina.com\/fr\/produit\/rooder-xs09-best-electric-scooter-10000w-belt-motor-110km-h\/","title":{"rendered":"Rooder xs09 scooter \u00e9lectrique 10000w belt motor 110km\/h"},"content":{"rendered":"<table style=\"width: 424px;\" border=\"0\" cellspacing=\"0\" cellpadding=\"0\">\n<colgroup>\n<col width=\"149\" \/>\n<col width=\"275\" \/> <\/colgroup>\n<tbody>\n<tr>\n<td width=\"149\" height=\"19\">Mod\u00e8le<\/td>\n<td width=\"275\">\u00a0e-Cruiser <a href=\"https:\/\/www.rooderchina.com\/fr\/tag\/xs09\/\" title=\"Voir tous les messages de xs09\" target=\"_blank\" rel=\"noopener\">xs09<\/a><\/td>\n<\/tr>\n<tr>\n<td height=\"19\">NW<\/td>\n<td>\u00a058kgs<\/td>\n<\/tr>\n<tr>\n<td height=\"19\">Pneu<\/td>\n<td>Pneus de 11 pouces, (90\/65-6.5)<\/td>\n<\/tr>\n<tr>\n<td height=\"19\">Charge maximale<\/td>\n<td>170KG<\/td>\n<\/tr>\n<tr>\n<td height=\"19\">Moteur<\/td>\n<td>\u00a072V10000w<\/td>\n<\/tr>\n<tr>\n<td height=\"19\">Vitesse maximale<\/td>\n<td>100-110km\/h<\/td>\n<\/tr>\n<tr>\n<td height=\"19\">Freins<\/td>\n<td>\u00a0Freins hydrauliques \u00e0 huile avant et arri\u00e8re<\/td>\n<\/tr>\n<tr>\n<td height=\"19\">Absorbe les chocs<\/td>\n<td>\u00a0Amortisseurs \u00e0 ressort \u00e0 l'avant et \u00e0 l'arri\u00e8re<\/td>\n<\/tr>\n<tr>\n<td height=\"19\">Lumi\u00e8res<\/td>\n<td>\u00a02pcs lumi\u00e8res + klaxons moto<\/td>\n<\/tr>\n<tr>\n<td height=\"19\">Affichage<\/td>\n<td>\u00a0Affichage LCD de la vitesse, de la batterie et du kilom\u00e9trage<\/td>\n<\/tr>\n<tr>\n<td height=\"19\">Chargeur<\/td>\n<td>\u00a0Chargeur 84v5A<\/td>\n<\/tr>\n<tr>\n<td height=\"19\">Pente d'escalade<\/td>\n<td>\u00a0environ 25 degr\u00e9s<\/td>\n<\/tr>\n<tr>\n<td height=\"19\">Niveau d'\u00e9tanch\u00e9it\u00e9<\/td>\n<td>\u00a0IP54<\/td>\n<\/tr>\n<tr>\n<td height=\"19\">Tension d'entr\u00e9e du chargeur<\/td>\n<td>\u00a0100 - 240V, 50 \/ 60Hz<\/td>\n<\/tr>\n<tr>\n<td height=\"19\">Batterie<\/td>\n<td>\u00a0Batterie au lithium 72v40ah<\/td>\n<\/tr>\n<tr>\n<td height=\"19\">Temps de charge<\/td>\n<td>\u00a06-8 heures<\/td>\n<\/tr>\n<tr>\n<td height=\"19\">Taille de d\u00e9pliage<\/td>\n<td>\u00a0150*69*125cm<\/td>\n<\/tr>\n<tr>\n<td height=\"19\">Taille de l'emballage<\/td>\n<td>\u00a0153*37*58cm<\/td>\n<\/tr>\n<tr>\n<td height=\"19\">GW<\/td>\n<td>\u00a062kgs<\/td>\n<\/tr>\n<tr>\n<td height=\"19\">option<\/td>\n<td>\u00a0LOGO LED<\/td>\n<\/tr>\n<\/tbody>\n<\/table>\n<p>&nbsp;<\/p>\n<p>&nbsp;<\/p>\n<p><iframe loading=\"lazy\" title=\"scooter \u00e9lectrique\" src=\"https:\/\/www.youtube.com\/embed\/ZSSNQ3rzfUc?rel=0&amp;autoplay=0\" height=\"318\" width=\"385\" allowfullscreen=\"\" frameborder=\"0\"><\/iframe><\/p>","protected":false},"excerpt":{"rendered":"<h3>Description succincte :<\/h3>\n<p><p>Fond\u00e9e en septembre 2010, Rooder Technology Co. est une entreprise sp\u00e9cialis\u00e9e dans la production de scooters et de v\u00e9los \u00e9lectriques. Elle emploie 50 personnes. Elle fournit des produits personnalis\u00e9s \u00e0 de nombreux fournisseurs d'Amazon, AliExpress, eBay, fournisseurs d'Alibaba, soci\u00e9t\u00e9s de commerce ext\u00e9rieur, grossistes en scooter \u00e9lectrique et usines, et soutient le d\u00e9veloppement et la conception d'OEM\/ODM\/OBM. Bon march\u00e9 Nos clients viennent du monde entier, comme l'Am\u00e9rique du Nord, l'Union europ\u00e9enne, l'Australie et le Canada.<\/p>\n<p>Nous disposons d'une \u00e9quipe de recherche et d\u00e9veloppement de grande qualit\u00e9. Nous disposons d'une \u00e9quipe de recherche et d\u00e9veloppement de haute qualit\u00e9 qui lance un nouveau produit tous les six mois. Nous pouvons proc\u00e9der \u00e0 des mises \u00e0 niveau en fonction des exigences des clients. Nous avons obtenu la certification du syst\u00e8me de gestion de la qualit\u00e9 ISO9001 et la certification d'usine BSCI, et nos produits ont obtenu les certifications CE, RoHS et FCC. Nous continuons \u00e0 coop\u00e9rer avec des partenaires nationaux et \u00e9trangers pour renforcer l'influence de notre marque. Nous sommes impatients d'\u00e9tablir une relation commerciale \u00e0 long terme avec vous. Si vous \u00eates int\u00e9ress\u00e9 par l'un de nos produits, n'h\u00e9sitez pas \u00e0 nous contacter !<\/p>\n<\/p>\n<p><\/p>\n<li><em>Marque : <\/em> OEM\/ODM\/ROODER<\/li>\n<li><em>Quantit\u00e9 minimale de commande : <\/em> 10 pi\u00e8ces\/pi\u00e8ces<\/li>\n<li><em>Capacit\u00e9 d'approvisionnement : <\/em> 10000 pi\u00e8ces par mois<\/li>\n<li><em>Port : <\/em> Shenzhen<\/li>\n<li><em>Conditions de paiement : <\/em> T\/T, L\/C, D\/A, D\/P<\/li>","protected":false},"featured_media":9833,"comment_status":"closed","ping_status":"open","template":"","meta":[],"product_brand":[],"product_cat":[829],"product_tag":[861,530,745,862,863],"class_list":{"0":"post-9831","1":"product","2":"type-product","3":"status-publish","4":"has-post-thumbnail","6":"product_cat-electric-scooters","7":"product_tag-best-electric-scooter","8":"product_tag-electric-scooter","9":"product_tag-rooder","10":"product_tag-rooder-xs09","11":"product_tag-xs09","13":"first","14":"instock","15":"product-type-simple"},"yoast_head":"<!-- This site is optimized with the Yoast SEO plugin v21.7 - https:\/\/yoast.com\/wordpress\/plugins\/seo\/ -->\n<title>Rooder xs09 best electric scooter 10000w belt motor 110km\/h - Electric Scooters Bikes Citycoco Manufacturer<\/title>\n<meta name=\"robots\" content=\"index, follow, max-snippet:-1, max-image-preview:large, max-video-preview:-1\" \/>\n<link rel=\"canonical\" href=\"https:\/\/www.rooderchina.com\/fr\/produit\/rooder-xs09-best-electric-scooter-10000w-belt-motor-110km-h\/\" \/>\n<meta property=\"og:locale\" content=\"fr_FR\" \/>\n<meta property=\"og:type\" content=\"article\" \/>\n<meta property=\"og:title\" content=\"Rooder xs09 best electric scooter 10000w belt motor 110km\/h - Electric Scooters Bikes Citycoco Manufacturer\" \/>\n<meta property=\"og:description\" content=\"Short Description: Founded in September 2010, Rooder Technology Co., Ltd. is a company specializing in the production of electric scooters and electric bicycles. It has 50 employees. It provides customized products for many Amazon suppliers, AliExpress, eBay, Alibaba suppliers, foreign trade companies, electric scooter wholesale, and factories, and supports the development and design of OEM\/ODM\/OBM. Cheapness Our customers come from all over the world, such as North America, the European Union, Australia, and Canada. We have a high-quality research and development team. We have a high-quality research and development team that launches a new product every six months. We can upgrade according to customer requirements. We have passed ISO9001 quality management system certification and BSCI factory certification, and our products have passed CE, RoHS, and FCC certification. We continue to cooperate with domestic and foreign partners to enhance our brand influence. We look forward to establishing a long-term business relationship with you. If you are interested in any product, please feel free to contact us!    Brand: OEM\/ODM\/ROODER   Min.Order Quantity: 10 Piece\/Pieces   Supply Ability: 10000 Piece\/Pieces per Month   Port: Shenzhen   Payment Terms: T\/T, L\/C, D\/A, D\/P\" \/>\n<meta property=\"og:url\" content=\"https:\/\/www.rooderchina.com\/fr\/produit\/rooder-xs09-best-electric-scooter-10000w-belt-motor-110km-h\/\" \/>\n<meta property=\"og:site_name\" content=\"Electric Scooters Bikes Citycoco Manufacturer\" \/>\n<meta property=\"article:publisher\" content=\"https:\/\/www.facebook.com\/rooder.tec\" \/>\n<meta property=\"article:modified_time\" content=\"2023-12-15T10:53:20+00:00\" \/>\n<meta property=\"og:image\" content=\"https:\/\/www.rooderchina.com\/wp-content\/uploads\/2023\/11\/Rooder-xs09-best-electric-scooter-10000w-belt-motor-110kmh-1.jpg\" \/>\n\t<meta property=\"og:image:width\" content=\"1000\" \/>\n\t<meta property=\"og:image:height\" content=\"1000\" \/>\n\t<meta property=\"og:image:type\" content=\"image\/jpeg\" \/>\n<meta name=\"twitter:card\" content=\"summary_large_image\" \/>\n<meta name=\"twitter:site\" content=\"@RooderTec\" \/>\n<script type=\"application\/ld+json\" class=\"yoast-schema-graph\">{\"@context\":\"https:\/\/schema.org\",\"@graph\":[{\"@type\":\"WebPage\",\"@id\":\"https:\/\/www.rooderchina.com\/product\/rooder-xs09-best-electric-scooter-10000w-belt-motor-110km-h\/\",\"url\":\"https:\/\/www.rooderchina.com\/product\/rooder-xs09-best-electric-scooter-10000w-belt-motor-110km-h\/\",\"name\":\"Rooder xs09 best electric scooter 10000w belt motor 110km\/h - Electric Scooters Bikes Citycoco Manufacturer\",\"isPartOf\":{\"@id\":\"https:\/\/www.rooderchina.com\/#website\"},\"datePublished\":\"2023-11-11T10:50:34+00:00\",\"dateModified\":\"2023-12-15T10:53:20+00:00\",\"breadcrumb\":{\"@id\":\"https:\/\/www.rooderchina.com\/product\/rooder-xs09-best-electric-scooter-10000w-belt-motor-110km-h\/#breadcrumb\"},\"inLanguage\":\"fr-FR\",\"potentialAction\":[{\"@type\":\"ReadAction\",\"target\":[\"https:\/\/www.rooderchina.com\/product\/rooder-xs09-best-electric-scooter-10000w-belt-motor-110km-h\/\"]}]},{\"@type\":\"BreadcrumbList\",\"@id\":\"https:\/\/www.rooderchina.com\/product\/rooder-xs09-best-electric-scooter-10000w-belt-motor-110km-h\/#breadcrumb\",\"itemListElement\":[{\"@type\":\"ListItem\",\"position\":1,\"name\":\"HOME\",\"item\":\"https:\/\/www.rooderchina.com\/\"},{\"@type\":\"ListItem\",\"position\":2,\"name\":\"Shop\",\"item\":\"https:\/\/www.rooderchina.com\/shop\/\"},{\"@type\":\"ListItem\",\"position\":3,\"name\":\"Rooder xs09 best electric scooter 10000w belt motor 110km\/h\"}]},{\"@type\":\"WebSite\",\"@id\":\"https:\/\/www.rooderchina.com\/#website\",\"url\":\"https:\/\/www.rooderchina.com\/\",\"name\":\"Electric Scooters Bikes Citycoco Manufacturer\",\"description\":\"Rooder Technology Limited\",\"publisher\":{\"@id\":\"https:\/\/www.rooderchina.com\/#organization\"},\"potentialAction\":[{\"@type\":\"SearchAction\",\"target\":{\"@type\":\"EntryPoint\",\"urlTemplate\":\"https:\/\/www.rooderchina.com\/?s={search_term_string}\"},\"query-input\":\"required name=search_term_string\"}],\"inLanguage\":\"fr-FR\"},{\"@type\":\"Organization\",\"@id\":\"https:\/\/www.rooderchina.com\/#organization\",\"name\":\"Electric Scooters Bikes Citycoco Manufacturer\",\"url\":\"https:\/\/www.rooderchina.com\/\",\"logo\":{\"@type\":\"ImageObject\",\"inLanguage\":\"fr-FR\",\"@id\":\"https:\/\/www.rooderchina.com\/#\/schema\/logo\/image\/\",\"url\":\"https:\/\/www.rooderchina.com\/wp-content\/uploads\/2023\/12\/rooder2.jpg\",\"contentUrl\":\"https:\/\/www.rooderchina.com\/wp-content\/uploads\/2023\/12\/rooder2.jpg\",\"width\":1723,\"height\":1037,\"caption\":\"Electric Scooters Bikes Citycoco Manufacturer\"},\"image\":{\"@id\":\"https:\/\/www.rooderchina.com\/#\/schema\/logo\/image\/\"},\"sameAs\":[\"https:\/\/www.facebook.com\/rooder.tec\",\"https:\/\/twitter.com\/RooderTec\"]}]}<\/script>\n<!-- \/ Yoast SEO plugin. -->","yoast_head_json":{"title":"Rooder xs09 best electric scooter 10000w belt motor 110km\/h - Electric Scooters Bikes Citycoco Manufacturer","robots":{"index":"index","follow":"follow","max-snippet":"max-snippet:-1","max-image-preview":"max-image-preview:large","max-video-preview":"max-video-preview:-1"},"canonical":"https:\/\/www.rooderchina.com\/fr\/produit\/rooder-xs09-best-electric-scooter-10000w-belt-motor-110km-h\/","og_locale":"fr_FR","og_type":"article","og_title":"Rooder xs09 best electric scooter 10000w belt motor 110km\/h - Electric Scooters Bikes Citycoco Manufacturer","og_description":"Short Description: Founded in September 2010, Rooder Technology Co., Ltd. is a company specializing in the production of electric scooters and electric bicycles. It has 50 employees. It provides customized products for many Amazon suppliers, AliExpress, eBay, Alibaba suppliers, foreign trade companies, electric scooter wholesale, and factories, and supports the development and design of OEM\/ODM\/OBM. Cheapness Our customers come from all over the world, such as North America, the European Union, Australia, and Canada. We have a high-quality research and development team. We have a high-quality research and development team that launches a new product every six months. We can upgrade according to customer requirements. We have passed ISO9001 quality management system certification and BSCI factory certification, and our products have passed CE, RoHS, and FCC certification. We continue to cooperate with domestic and foreign partners to enhance our brand influence. We look forward to establishing a long-term business relationship with you. If you are interested in any product, please feel free to contact us!    Brand: OEM\/ODM\/ROODER   Min.Order Quantity: 10 Piece\/Pieces   Supply Ability: 10000 Piece\/Pieces per Month   Port: Shenzhen   Payment Terms: T\/T, L\/C, D\/A, D\/P","og_url":"https:\/\/www.rooderchina.com\/fr\/produit\/rooder-xs09-best-electric-scooter-10000w-belt-motor-110km-h\/","og_site_name":"Electric Scooters Bikes Citycoco Manufacturer","article_publisher":"https:\/\/www.facebook.com\/rooder.tec","article_modified_time":"2023-12-15T10:53:20+00:00","og_image":[{"width":1000,"height":1000,"url":"https:\/\/www.rooderchina.com\/wp-content\/uploads\/2023\/11\/Rooder-xs09-best-electric-scooter-10000w-belt-motor-110kmh-1.jpg","type":"image\/jpeg"}],"twitter_card":"summary_large_image","twitter_site":"@RooderTec","schema":{"@context":"https:\/\/schema.org","@graph":[{"@type":"WebPage","@id":"https:\/\/www.rooderchina.com\/product\/rooder-xs09-best-electric-scooter-10000w-belt-motor-110km-h\/","url":"https:\/\/www.rooderchina.com\/product\/rooder-xs09-best-electric-scooter-10000w-belt-motor-110km-h\/","name":"Rooder xs09 best electric scooter 10000w belt motor 110km\/h - Electric Scooters Bikes Citycoco Manufacturer","isPartOf":{"@id":"https:\/\/www.rooderchina.com\/#website"},"datePublished":"2023-11-11T10:50:34+00:00","dateModified":"2023-12-15T10:53:20+00:00","breadcrumb":{"@id":"https:\/\/www.rooderchina.com\/product\/rooder-xs09-best-electric-scooter-10000w-belt-motor-110km-h\/#breadcrumb"},"inLanguage":"fr-FR","potentialAction":[{"@type":"ReadAction","target":["https:\/\/www.rooderchina.com\/product\/rooder-xs09-best-electric-scooter-10000w-belt-motor-110km-h\/"]}]},{"@type":"BreadcrumbList","@id":"https:\/\/www.rooderchina.com\/product\/rooder-xs09-best-electric-scooter-10000w-belt-motor-110km-h\/#breadcrumb","itemListElement":[{"@type":"ListItem","position":1,"name":"HOME","item":"https:\/\/www.rooderchina.com\/"},{"@type":"ListItem","position":2,"name":"Shop","item":"https:\/\/www.rooderchina.com\/shop\/"},{"@type":"ListItem","position":3,"name":"Rooder xs09 best electric scooter 10000w belt motor 110km\/h"}]},{"@type":"WebSite","@id":"https:\/\/www.rooderchina.com\/#website","url":"https:\/\/www.rooderchina.com\/","name":"Electric Scooters Bikes Citycoco Manufacturer","description":"Rooder Technology Limited","publisher":{"@id":"https:\/\/www.rooderchina.com\/#organization"},"potentialAction":[{"@type":"SearchAction","target":{"@type":"EntryPoint","urlTemplate":"https:\/\/www.rooderchina.com\/?s={search_term_string}"},"query-input":"required name=search_term_string"}],"inLanguage":"fr-FR"},{"@type":"Organization","@id":"https:\/\/www.rooderchina.com\/#organization","name":"Electric Scooters Bikes Citycoco Manufacturer","url":"https:\/\/www.rooderchina.com\/","logo":{"@type":"ImageObject","inLanguage":"fr-FR","@id":"https:\/\/www.rooderchina.com\/#\/schema\/logo\/image\/","url":"https:\/\/www.rooderchina.com\/wp-content\/uploads\/2023\/12\/rooder2.jpg","contentUrl":"https:\/\/www.rooderchina.com\/wp-content\/uploads\/2023\/12\/rooder2.jpg","width":1723,"height":1037,"caption":"Electric Scooters Bikes Citycoco Manufacturer"},"image":{"@id":"https:\/\/www.rooderchina.com\/#\/schema\/logo\/image\/"},"sameAs":["https:\/\/www.facebook.com\/rooder.tec","https:\/\/twitter.com\/RooderTec"]}]}},"_links":{"self":[{"href":"https:\/\/www.rooderchina.com\/fr\/wp-json\/wp\/v2\/product\/9831","targetHints":{"allow":["GET"]}}],"collection":[{"href":"https:\/\/www.rooderchina.com\/fr\/wp-json\/wp\/v2\/product"}],"about":[{"href":"https:\/\/www.rooderchina.com\/fr\/wp-json\/wp\/v2\/types\/product"}],"replies":[{"embeddable":true,"href":"https:\/\/www.rooderchina.com\/fr\/wp-json\/wp\/v2\/comments?post=9831"}],"version-history":[{"count":1,"href":"https:\/\/www.rooderchina.com\/fr\/wp-json\/wp\/v2\/product\/9831\/revisions"}],"predecessor-version":[{"id":9832,"href":"https:\/\/www.rooderchina.com\/fr\/wp-json\/wp\/v2\/product\/9831\/revisions\/9832"}],"wp:featuredmedia":[{"embeddable":true,"href":"https:\/\/www.rooderchina.com\/fr\/wp-json\/wp\/v2\/media\/9833"}],"wp:attachment":[{"href":"https:\/\/www.rooderchina.com\/fr\/wp-json\/wp\/v2\/media?parent=9831"}],"wp:term":[{"taxonomy":"product_brand","embeddable":true,"href":"https:\/\/www.rooderchina.com\/fr\/wp-json\/wp\/v2\/product_brand?post=9831"},{"taxonomy":"product_cat","embeddable":true,"href":"https:\/\/www.rooderchina.com\/fr\/wp-json\/wp\/v2\/product_cat?post=9831"},{"taxonomy":"product_tag","embeddable":true,"href":"https:\/\/www.rooderchina.com\/fr\/wp-json\/wp\/v2\/product_tag?post=9831"}],"curies":[{"name":"wp","href":"https:\/\/api.w.org\/{rel}","templated":true}]}}