{"id":9765,"date":"2023-11-11T18:49:12","date_gmt":"2023-11-11T10:49:12","guid":{"rendered":"http:\/\/www.rooderchina.com\/index.php\/product\/citycoco-chopper-electric-scooter-rooder-m1p-custom-2000w-wholesale-price\/"},"modified":"2023-11-11T18:49:12","modified_gmt":"2023-11-11T10:49:12","slug":"citycoco-chopper-electric-scooter-rooder-m1p-custom-2000w-wholesale-price","status":"publish","type":"product","link":"https:\/\/www.rooderchina.com\/fr\/produit\/citycoco-chopper-electric-scooter-rooder-m1p-custom-2000w-wholesale-price\/","title":{"rendered":"citycoco chopper scooter \u00e9lectrique Rooder m1p custom 2000w wholesale price"},"content":{"rendered":"<p>Rooder Technology Co. Ltd. est une entreprise int\u00e9gr\u00e9e de haute technologie sp\u00e9cialis\u00e9e dans la recherche et le d\u00e9veloppement, la production, la vente et le service. <a href=\"https:\/\/www.rooderchina.com\/fr\/tag\/citycoco-chopper\/\" title=\"Voir tous les messages de citycoco chopper\" target=\"_blank\" rel=\"noopener\">citycoco chopper<\/a> escooter. Les principaux produits sont les motos \u00e9lectriques, les scooters de ville et les scooters \u00e9lectriques.<a href=\"https:\/\/www.rooderchina.com\/fr\/tag\/chopper\/\" title=\"Voir tous les messages de chopper\" target=\"_blank\" rel=\"noopener\">hacheur<\/a>.<\/p>\n<p>L'entreprise dispose d'un personnel professionnel et technique de d\u00e9veloppement et de fonctionnement avanc\u00e9, de nombreuses ann\u00e9es d'exp\u00e9rience et d'un grand nombre de personnes bien form\u00e9es et qualifi\u00e9es. Les entreprises appliquent strictement le syst\u00e8me de contr\u00f4le de la qualit\u00e9 ISO9001:2000, le produit national existant a couvert une grande partie du march\u00e9 \u00e0 et \u00e0 l'\u00e9tranger, a gagn\u00e9 la reconnaissance et l'\u00e9loge des utilisateurs de tous les horizons, a cr\u00e9\u00e9 une bonne marque d'entreprise et une grande visibilit\u00e9, les produits sont disponibles en quantit\u00e9 limit\u00e9e.<\/p>\n<p>L'excellente qualit\u00e9, la r\u00e9putation honn\u00eate et le service parfait sont les objectifs permanents de Cheng Sheng, qui adh\u00e8re \u00e0 long terme aux principes commerciaux suivants : \"un march\u00e9 de haute qualit\u00e9, un bon service pour gagner des clients, tous les efforts pour cr\u00e9er de l'efficacit\u00e9\". Nous souhaitons \u00e0 tous mes coll\u00e8gues une coop\u00e9ration sinc\u00e8re et brillante.<\/p>\n<\/p>\n<p>&nbsp;<\/p>\n<p>citycoco <a href=\"https:\/\/www.rooderchina.com\/fr\/tag\/chopper\/\" title=\"Voir tous les messages de chopper\" target=\"_blank\" rel=\"noopener\">hacheur<\/a> revoir la vid\u00e9o youtube :<\/p>\n<p><iframe loading=\"lazy\" title=\"citycoco chopper \" src=\"https:\/\/www.youtube.com\/embed\/Pn90zgkh5ew?rel=0&amp;autoplay=0\" height=\"270\" width=\"480\" allowfullscreen=\"\" frameborder=\"0\"><\/iframe><\/p>\n<p>Le chopper citycoco est fabriqu\u00e9 par l'usine Rooder de Shenzhen Guangdong en Chine.<\/p>\n<p><iframe loading=\"lazy\" title=\"citycoco chopper factory\" src=\"https:\/\/www.youtube.com\/embed\/uk7SKZr9NGg?rel=0&amp;autoplay=0\" height=\"270\" width=\"480\" allowfullscreen=\"\" frameborder=\"0\"><\/iframe><\/p>","protected":false},"excerpt":{"rendered":"<h3>Description succincte :<\/h3>\n<p><p>Le Citycoco Chopper est un scooter \u00e9lectrique disponible pour les hommes et les femmes. Le scooter est \u00e9quip\u00e9 d'une batterie au lithium et sa vitesse maximale est de 45 km\/h.<\/p>\n<p>Il peut transporter des charges allant jusqu'\u00e0 200 kg et a une capacit\u00e9 d'escalade de plus de 25 degr\u00e9s.<\/p>\n<p>Le Citycoco Chopper est disponible en diff\u00e9rents mod\u00e8les, dont le super m1, le arrow m1p, le runner m8, l'alligator m2, le sara m1ps, le knight m8s et bien d'autres encore.<\/p>\n<p>Vous pouvez acheter le citycoco chopper aupr\u00e8s du fournisseur Rooder, num\u00e9ro d'entreprise WA : +8613632905138.<\/p>\n<p>Rooder Technology Limited est une entreprise de Shenzhen, en Chine, qui fabrique des scooters \u00e9lectriques depuis 10 ans. Elle fabrique \u00e9galement des motos \u00e9lectriques, des scooters d'\u00e9quilibre, etc.<\/p>\n<p>&nbsp;<\/p>\n<\/p>\n<p><\/p>\n<li><em>Marque : <\/em> OEM\/ODM\/ROODER<\/li>\n<li><em>Quantit\u00e9 minimale de commande : <\/em> 10 pi\u00e8ces\/pi\u00e8ces<\/li>\n<li><em>Capacit\u00e9 d'approvisionnement : <\/em> 10000 pi\u00e8ces par mois<\/li>\n<li><em>Port : <\/em> Shenzhen<\/li>\n<li><em>Conditions de paiement : <\/em> T\/T, L\/C, D\/A, D\/P<\/li>","protected":false},"featured_media":9767,"comment_status":"closed","ping_status":"open","template":"","meta":[],"product_brand":[],"product_cat":[464],"product_tag":[750,468,487,751,843,836,841,756],"class_list":{"0":"post-9765","1":"product","2":"type-product","3":"status-publish","4":"has-post-thumbnail","6":"product_cat-citycoco-choppers","7":"product_tag-chopper","8":"product_tag-citycoco","9":"product_tag-citycoco-2000w","10":"product_tag-citycoco-chopper","11":"product_tag-citycoco-chopper-electric-scooter","12":"product_tag-citycoco-m1p","13":"product_tag-m1p-scooter","14":"product_tag-rooder-citycoco","16":"first","17":"instock","18":"product-type-simple"},"yoast_head":"<!-- This site is optimized with the Yoast SEO plugin v21.7 - https:\/\/yoast.com\/wordpress\/plugins\/seo\/ -->\n<title>citycoco chopper electric scooter Rooder m1p custom 2000w wholesale price - Electric Scooters Bikes Citycoco Manufacturer<\/title>\n<meta name=\"robots\" content=\"index, follow, max-snippet:-1, max-image-preview:large, max-video-preview:-1\" \/>\n<link rel=\"canonical\" href=\"https:\/\/www.rooderchina.com\/fr\/produit\/citycoco-chopper-electric-scooter-rooder-m1p-custom-2000w-wholesale-price\/\" \/>\n<meta property=\"og:locale\" content=\"fr_FR\" \/>\n<meta property=\"og:type\" content=\"article\" \/>\n<meta property=\"og:title\" content=\"citycoco chopper electric scooter Rooder m1p custom 2000w wholesale price - Electric Scooters Bikes Citycoco Manufacturer\" \/>\n<meta property=\"og:description\" content=\"Short Description: The Citycoco Chopper is an electric scooter that&#8217;s available for men and women. The scooter has a lithium battery and a top speed of 45 km\/h. It can carry loads of up to 200 kg and has a climbing capacity of more than 25 degrees. The Citycoco Chopper is available in different models, including the super m1, arrow m1p, runner m8, alligator m2, sara m1ps, knight m8s and more. You can buy citycoco chopper from Rooder suppplier, WA business number: +8613632905138. Rooder Technology Limited is a company in Shenzhen, China that has been making electric scooters for 10 years. They also make electric motorcycles, balance scooters, and more. &nbsp;    Brand: OEM\/ODM\/ROODER   Min.Order Quantity: 10 Piece\/Pieces   Supply Ability: 10000 Piece\/Pieces per Month   Port: Shenzhen   Payment Terms: T\/T, L\/C, D\/A, D\/P\" \/>\n<meta property=\"og:url\" content=\"https:\/\/www.rooderchina.com\/fr\/produit\/citycoco-chopper-electric-scooter-rooder-m1p-custom-2000w-wholesale-price\/\" \/>\n<meta property=\"og:site_name\" content=\"Electric Scooters Bikes Citycoco Manufacturer\" \/>\n<meta property=\"article:publisher\" content=\"https:\/\/www.facebook.com\/rooder.tec\" \/>\n<meta property=\"og:image\" content=\"https:\/\/www.rooderchina.com\/wp-content\/uploads\/2023\/11\/citycoco-chopper-electric-scooter-Rooder-m1p-custom-2000w-wholesale-price-1.jpg\" \/>\n\t<meta property=\"og:image:width\" content=\"1000\" \/>\n\t<meta property=\"og:image:height\" content=\"1000\" \/>\n\t<meta property=\"og:image:type\" content=\"image\/jpeg\" \/>\n<meta name=\"twitter:card\" content=\"summary_large_image\" \/>\n<meta name=\"twitter:site\" content=\"@RooderTec\" \/>\n<meta name=\"twitter:label1\" content=\"Dur\u00e9e de lecture estim\u00e9e\" \/>\n\t<meta name=\"twitter:data1\" content=\"1 minute\" \/>\n<script type=\"application\/ld+json\" class=\"yoast-schema-graph\">{\"@context\":\"https:\/\/schema.org\",\"@graph\":[{\"@type\":\"WebPage\",\"@id\":\"https:\/\/www.rooderchina.com\/product\/citycoco-chopper-electric-scooter-rooder-m1p-custom-2000w-wholesale-price\/\",\"url\":\"https:\/\/www.rooderchina.com\/product\/citycoco-chopper-electric-scooter-rooder-m1p-custom-2000w-wholesale-price\/\",\"name\":\"citycoco chopper electric scooter Rooder m1p custom 2000w wholesale price - Electric Scooters Bikes Citycoco Manufacturer\",\"isPartOf\":{\"@id\":\"https:\/\/www.rooderchina.com\/#website\"},\"datePublished\":\"2023-11-11T10:49:12+00:00\",\"dateModified\":\"2023-11-11T10:49:12+00:00\",\"breadcrumb\":{\"@id\":\"https:\/\/www.rooderchina.com\/product\/citycoco-chopper-electric-scooter-rooder-m1p-custom-2000w-wholesale-price\/#breadcrumb\"},\"inLanguage\":\"fr-FR\",\"potentialAction\":[{\"@type\":\"ReadAction\",\"target\":[\"https:\/\/www.rooderchina.com\/product\/citycoco-chopper-electric-scooter-rooder-m1p-custom-2000w-wholesale-price\/\"]}]},{\"@type\":\"BreadcrumbList\",\"@id\":\"https:\/\/www.rooderchina.com\/product\/citycoco-chopper-electric-scooter-rooder-m1p-custom-2000w-wholesale-price\/#breadcrumb\",\"itemListElement\":[{\"@type\":\"ListItem\",\"position\":1,\"name\":\"HOME\",\"item\":\"https:\/\/www.rooderchina.com\/\"},{\"@type\":\"ListItem\",\"position\":2,\"name\":\"Shop\",\"item\":\"https:\/\/www.rooderchina.com\/shop\/\"},{\"@type\":\"ListItem\",\"position\":3,\"name\":\"citycoco chopper electric scooter Rooder m1p custom 2000w wholesale price\"}]},{\"@type\":\"WebSite\",\"@id\":\"https:\/\/www.rooderchina.com\/#website\",\"url\":\"https:\/\/www.rooderchina.com\/\",\"name\":\"Electric Scooters Bikes Citycoco Manufacturer\",\"description\":\"Rooder Technology Limited\",\"publisher\":{\"@id\":\"https:\/\/www.rooderchina.com\/#organization\"},\"potentialAction\":[{\"@type\":\"SearchAction\",\"target\":{\"@type\":\"EntryPoint\",\"urlTemplate\":\"https:\/\/www.rooderchina.com\/?s={search_term_string}\"},\"query-input\":\"required name=search_term_string\"}],\"inLanguage\":\"fr-FR\"},{\"@type\":\"Organization\",\"@id\":\"https:\/\/www.rooderchina.com\/#organization\",\"name\":\"Electric Scooters Bikes Citycoco Manufacturer\",\"url\":\"https:\/\/www.rooderchina.com\/\",\"logo\":{\"@type\":\"ImageObject\",\"inLanguage\":\"fr-FR\",\"@id\":\"https:\/\/www.rooderchina.com\/#\/schema\/logo\/image\/\",\"url\":\"https:\/\/www.rooderchina.com\/wp-content\/uploads\/2023\/12\/rooder2.jpg\",\"contentUrl\":\"https:\/\/www.rooderchina.com\/wp-content\/uploads\/2023\/12\/rooder2.jpg\",\"width\":1723,\"height\":1037,\"caption\":\"Electric Scooters Bikes Citycoco Manufacturer\"},\"image\":{\"@id\":\"https:\/\/www.rooderchina.com\/#\/schema\/logo\/image\/\"},\"sameAs\":[\"https:\/\/www.facebook.com\/rooder.tec\",\"https:\/\/twitter.com\/RooderTec\"]}]}<\/script>\n<!-- \/ Yoast SEO plugin. -->","yoast_head_json":{"title":"citycoco chopper electric scooter Rooder m1p custom 2000w wholesale price - Electric Scooters Bikes Citycoco Manufacturer","robots":{"index":"index","follow":"follow","max-snippet":"max-snippet:-1","max-image-preview":"max-image-preview:large","max-video-preview":"max-video-preview:-1"},"canonical":"https:\/\/www.rooderchina.com\/fr\/produit\/citycoco-chopper-electric-scooter-rooder-m1p-custom-2000w-wholesale-price\/","og_locale":"fr_FR","og_type":"article","og_title":"citycoco chopper electric scooter Rooder m1p custom 2000w wholesale price - Electric Scooters Bikes Citycoco Manufacturer","og_description":"Short Description: The Citycoco Chopper is an electric scooter that&#8217;s available for men and women. The scooter has a lithium battery and a top speed of 45 km\/h. It can carry loads of up to 200 kg and has a climbing capacity of more than 25 degrees. The Citycoco Chopper is available in different models, including the super m1, arrow m1p, runner m8, alligator m2, sara m1ps, knight m8s and more. You can buy citycoco chopper from Rooder suppplier, WA business number: +8613632905138. Rooder Technology Limited is a company in Shenzhen, China that has been making electric scooters for 10 years. They also make electric motorcycles, balance scooters, and more. &nbsp;    Brand: OEM\/ODM\/ROODER   Min.Order Quantity: 10 Piece\/Pieces   Supply Ability: 10000 Piece\/Pieces per Month   Port: Shenzhen   Payment Terms: T\/T, L\/C, D\/A, D\/P","og_url":"https:\/\/www.rooderchina.com\/fr\/produit\/citycoco-chopper-electric-scooter-rooder-m1p-custom-2000w-wholesale-price\/","og_site_name":"Electric Scooters Bikes Citycoco Manufacturer","article_publisher":"https:\/\/www.facebook.com\/rooder.tec","og_image":[{"width":1000,"height":1000,"url":"https:\/\/www.rooderchina.com\/wp-content\/uploads\/2023\/11\/citycoco-chopper-electric-scooter-Rooder-m1p-custom-2000w-wholesale-price-1.jpg","type":"image\/jpeg"}],"twitter_card":"summary_large_image","twitter_site":"@RooderTec","twitter_misc":{"Dur\u00e9e de lecture estim\u00e9e":"1 minute"},"schema":{"@context":"https:\/\/schema.org","@graph":[{"@type":"WebPage","@id":"https:\/\/www.rooderchina.com\/product\/citycoco-chopper-electric-scooter-rooder-m1p-custom-2000w-wholesale-price\/","url":"https:\/\/www.rooderchina.com\/product\/citycoco-chopper-electric-scooter-rooder-m1p-custom-2000w-wholesale-price\/","name":"citycoco chopper electric scooter Rooder m1p custom 2000w wholesale price - Electric Scooters Bikes Citycoco Manufacturer","isPartOf":{"@id":"https:\/\/www.rooderchina.com\/#website"},"datePublished":"2023-11-11T10:49:12+00:00","dateModified":"2023-11-11T10:49:12+00:00","breadcrumb":{"@id":"https:\/\/www.rooderchina.com\/product\/citycoco-chopper-electric-scooter-rooder-m1p-custom-2000w-wholesale-price\/#breadcrumb"},"inLanguage":"fr-FR","potentialAction":[{"@type":"ReadAction","target":["https:\/\/www.rooderchina.com\/product\/citycoco-chopper-electric-scooter-rooder-m1p-custom-2000w-wholesale-price\/"]}]},{"@type":"BreadcrumbList","@id":"https:\/\/www.rooderchina.com\/product\/citycoco-chopper-electric-scooter-rooder-m1p-custom-2000w-wholesale-price\/#breadcrumb","itemListElement":[{"@type":"ListItem","position":1,"name":"HOME","item":"https:\/\/www.rooderchina.com\/"},{"@type":"ListItem","position":2,"name":"Shop","item":"https:\/\/www.rooderchina.com\/shop\/"},{"@type":"ListItem","position":3,"name":"citycoco chopper electric scooter Rooder m1p custom 2000w wholesale price"}]},{"@type":"WebSite","@id":"https:\/\/www.rooderchina.com\/#website","url":"https:\/\/www.rooderchina.com\/","name":"Electric Scooters Bikes Citycoco Manufacturer","description":"Rooder Technology Limited","publisher":{"@id":"https:\/\/www.rooderchina.com\/#organization"},"potentialAction":[{"@type":"SearchAction","target":{"@type":"EntryPoint","urlTemplate":"https:\/\/www.rooderchina.com\/?s={search_term_string}"},"query-input":"required name=search_term_string"}],"inLanguage":"fr-FR"},{"@type":"Organization","@id":"https:\/\/www.rooderchina.com\/#organization","name":"Electric Scooters Bikes Citycoco Manufacturer","url":"https:\/\/www.rooderchina.com\/","logo":{"@type":"ImageObject","inLanguage":"fr-FR","@id":"https:\/\/www.rooderchina.com\/#\/schema\/logo\/image\/","url":"https:\/\/www.rooderchina.com\/wp-content\/uploads\/2023\/12\/rooder2.jpg","contentUrl":"https:\/\/www.rooderchina.com\/wp-content\/uploads\/2023\/12\/rooder2.jpg","width":1723,"height":1037,"caption":"Electric Scooters Bikes Citycoco Manufacturer"},"image":{"@id":"https:\/\/www.rooderchina.com\/#\/schema\/logo\/image\/"},"sameAs":["https:\/\/www.facebook.com\/rooder.tec","https:\/\/twitter.com\/RooderTec"]}]}},"_links":{"self":[{"href":"https:\/\/www.rooderchina.com\/fr\/wp-json\/wp\/v2\/product\/9765","targetHints":{"allow":["GET"]}}],"collection":[{"href":"https:\/\/www.rooderchina.com\/fr\/wp-json\/wp\/v2\/product"}],"about":[{"href":"https:\/\/www.rooderchina.com\/fr\/wp-json\/wp\/v2\/types\/product"}],"replies":[{"embeddable":true,"href":"https:\/\/www.rooderchina.com\/fr\/wp-json\/wp\/v2\/comments?post=9765"}],"version-history":[{"count":1,"href":"https:\/\/www.rooderchina.com\/fr\/wp-json\/wp\/v2\/product\/9765\/revisions"}],"predecessor-version":[{"id":9766,"href":"https:\/\/www.rooderchina.com\/fr\/wp-json\/wp\/v2\/product\/9765\/revisions\/9766"}],"wp:featuredmedia":[{"embeddable":true,"href":"https:\/\/www.rooderchina.com\/fr\/wp-json\/wp\/v2\/media\/9767"}],"wp:attachment":[{"href":"https:\/\/www.rooderchina.com\/fr\/wp-json\/wp\/v2\/media?parent=9765"}],"wp:term":[{"taxonomy":"product_brand","embeddable":true,"href":"https:\/\/www.rooderchina.com\/fr\/wp-json\/wp\/v2\/product_brand?post=9765"},{"taxonomy":"product_cat","embeddable":true,"href":"https:\/\/www.rooderchina.com\/fr\/wp-json\/wp\/v2\/product_cat?post=9765"},{"taxonomy":"product_tag","embeddable":true,"href":"https:\/\/www.rooderchina.com\/fr\/wp-json\/wp\/v2\/product_tag?post=9765"}],"curies":[{"name":"wp","href":"https:\/\/api.w.org\/{rel}","templated":true}]}}