{"id":9745,"date":"2023-11-11T18:48:04","date_gmt":"2023-11-11T10:48:04","guid":{"rendered":"http:\/\/www.rooderchina.com\/index.php\/product\/citycoco-m1p-rooder-road-legal-electric-scooter-for-sale\/"},"modified":"2023-11-11T18:48:26","modified_gmt":"2023-11-11T10:48:26","slug":"citycoco-m1p-rooder-road-legal-electric-scooter-for-sale","status":"publish","type":"product","link":"https:\/\/www.rooderchina.com\/fr\/produit\/citycoco-m1p-rooder-road-legal-electric-scooter-for-sale\/","title":{"rendered":"citycoco m1p Rooder scooter \u00e9lectrique l\u00e9gal pour la route \u00e0 vendre"},"content":{"rendered":"<p>Shenzhen Rooder Technology Co. Ltd is a hi-tech company specializing in the research, production and construction of <a href=\"https:\/\/www.rooderchina.com\/fr\/tag\/citycoco-m1p\/\" title=\"View all posts in citycoco m1p\" target=\"_blank\" rel=\"noopener\">citycoco m1p<\/a> escooter, ebike, citycoco chopper products. Since 2000, we began to exploit overseas markets and now have special channels for export business. We sell our products to all over the world such as US, Germany, Saudi Arabia, South Korea, Spain, Austria, Israel, Egypt and Turkey etc, benefiting big buyers such as Amazon and Walmat etc.<\/p>\n<p>All scooters carry CE, FCC and RoHS marks, thanks to strict QC processes in an ISO 9001-certified factory. We use key materials from reliable suppliers such as QS motor, Yuma motor, xinge controller, chifeng controller, lg or Samsung battery . Furthermore, we provide comprehensive services to our customers, for more information, contact us today.<\/p>\n<\/p>\n<p><a href=\"https:\/\/www.rooderchina.com\/fr\/tag\/citycoco-m1p\/\" title=\"View all posts in citycoco m1p\" target=\"_blank\" rel=\"noopener\">citycoco m1p<\/a> revoir la vid\u00e9o youtube :<\/p>\n<p><iframe loading=\"lazy\" title=\"citycoco m1p\" src=\"https:\/\/www.youtube.com\/embed\/Pn90zgkh5ew?rel=0&amp;autoplay=0\" height=\"270\" width=\"480\" allowfullscreen=\"\" frameborder=\"0\"><\/iframe><\/p>\n<p>citycoco <a href=\"https:\/\/www.rooderchina.com\/fr\/tag\/m1p\/\" title=\"View all posts in m1p\" target=\"_blank\" rel=\"noopener\">m1p<\/a> is made by Rooder factory in Shenzhen Guangdong China<\/p>\n<p><iframe loading=\"lazy\" title=\"citycoco m1p factory\" src=\"https:\/\/www.youtube.com\/embed\/uk7SKZr9NGg?rel=0&amp;autoplay=0\" height=\"270\" width=\"480\" allowfullscreen=\"\" frameborder=\"0\"><\/iframe><\/p>","protected":false},"excerpt":{"rendered":"<h3>Description succincte :<\/h3>\n<p><p>Le Citycoco M1P est un scooter \u00e9lectrique Rooder homologu\u00e9 pour la circulation routi\u00e8re, dot\u00e9 d'un moteur de 2000 W et d'une vitesse de pointe de 45 km\/h.<br \/>\nIl a une autonomie de plus de 40 miles et peut grimper des collines avec une pente de plus de 25 degr\u00e9s.<br \/>\nLe M1P est \u00e9quip\u00e9 d'une batterie au lithium qui peut \u00eatre recharg\u00e9e sur n'importe quelle prise de courant.<br \/>\nCitycoco m1p est fabriqu\u00e9 par le groupe Rooder dans le Guangdong, en Chine.<br \/>\nVous pouvez contacter WA au num\u00e9ro +8613632905138 ou rooder@roodergroup.com pour obtenir le meilleur prix de gros pour les commandes group\u00e9es.<\/p>\n<\/p>\n<p><\/p>\n<li><em>Marque : <\/em> OEM\/ODM\/ROODER<\/li>\n<li><em>Quantit\u00e9 minimale de commande : <\/em> 10 pi\u00e8ces\/pi\u00e8ces<\/li>\n<li><em>Capacit\u00e9 d'approvisionnement : <\/em> 10000 pi\u00e8ces par mois<\/li>\n<li><em>Port : <\/em> Shenzhen<\/li>\n<li><em>Conditions de paiement : <\/em> T\/T, L\/C, D\/A, D\/P<\/li>","protected":false},"featured_media":9747,"comment_status":"closed","ping_status":"open","template":"","meta":[],"product_brand":[],"product_cat":[464],"product_tag":[468,835,836,530,837,745,756,838],"class_list":{"0":"post-9745","1":"product","2":"type-product","3":"status-publish","4":"has-post-thumbnail","6":"product_cat-citycoco-choppers","7":"product_tag-citycoco","8":"product_tag-citycoco-for-sale","9":"product_tag-citycoco-m1p","10":"product_tag-electric-scooter","11":"product_tag-m1p","12":"product_tag-rooder","13":"product_tag-rooder-citycoco","14":"product_tag-rooder-m1p","16":"first","17":"instock","18":"product-type-simple"},"yoast_head":"<!-- This site is optimized with the Yoast SEO plugin v21.7 - https:\/\/yoast.com\/wordpress\/plugins\/seo\/ -->\n<title>citycoco m1p Rooder road legal electric scooter for sale - Electric Scooters Bikes Citycoco Manufacturer<\/title>\n<meta name=\"robots\" content=\"index, follow, max-snippet:-1, max-image-preview:large, max-video-preview:-1\" \/>\n<link rel=\"canonical\" href=\"https:\/\/www.rooderchina.com\/fr\/produit\/citycoco-m1p-rooder-road-legal-electric-scooter-for-sale\/\" \/>\n<meta property=\"og:locale\" content=\"fr_FR\" \/>\n<meta property=\"og:type\" content=\"article\" \/>\n<meta property=\"og:title\" content=\"citycoco m1p Rooder road legal electric scooter for sale - Electric Scooters Bikes Citycoco Manufacturer\" \/>\n<meta property=\"og:description\" content=\"Short Description: The Citycoco M1P is a street legal Rooder electric scooter with a 2000W motor and a top speed of 45km\/h. It has a range of over 40 miles and can climb hills with a gradient of over 25 degrees. The M1P has a lithium battery that can be charged at any power outlet. Citycoco m1p is made by Rooder Group in Guangdong China. You can contact WA number +8613632905138 or rooder@roodergroup.com to get the best wholesale price for bulk order.    Brand: OEM\/ODM\/ROODER   Min.Order Quantity: 10 Piece\/Pieces   Supply Ability: 10000 Piece\/Pieces per Month   Port: Shenzhen   Payment Terms: T\/T, L\/C, D\/A, D\/P\" \/>\n<meta property=\"og:url\" content=\"https:\/\/www.rooderchina.com\/fr\/produit\/citycoco-m1p-rooder-road-legal-electric-scooter-for-sale\/\" \/>\n<meta property=\"og:site_name\" content=\"Electric Scooters Bikes Citycoco Manufacturer\" \/>\n<meta property=\"article:publisher\" content=\"https:\/\/www.facebook.com\/rooder.tec\" \/>\n<meta property=\"article:modified_time\" content=\"2023-11-11T10:48:26+00:00\" \/>\n<meta property=\"og:image\" content=\"https:\/\/www.rooderchina.com\/wp-content\/uploads\/2023\/11\/citycoco-m1p-Rooder-road-legal-electric-scooter-for-sale-1.jpg\" \/>\n\t<meta property=\"og:image:width\" content=\"1000\" \/>\n\t<meta property=\"og:image:height\" content=\"1000\" \/>\n\t<meta property=\"og:image:type\" content=\"image\/jpeg\" \/>\n<meta name=\"twitter:card\" content=\"summary_large_image\" \/>\n<meta name=\"twitter:site\" content=\"@RooderTec\" \/>\n<meta name=\"twitter:label1\" content=\"Dur\u00e9e de lecture estim\u00e9e\" \/>\n\t<meta name=\"twitter:data1\" content=\"1 minute\" \/>\n<script type=\"application\/ld+json\" class=\"yoast-schema-graph\">{\"@context\":\"https:\/\/schema.org\",\"@graph\":[{\"@type\":\"WebPage\",\"@id\":\"https:\/\/www.rooderchina.com\/product\/citycoco-m1p-rooder-road-legal-electric-scooter-for-sale\/\",\"url\":\"https:\/\/www.rooderchina.com\/product\/citycoco-m1p-rooder-road-legal-electric-scooter-for-sale\/\",\"name\":\"citycoco m1p Rooder road legal electric scooter for sale - Electric Scooters Bikes Citycoco Manufacturer\",\"isPartOf\":{\"@id\":\"https:\/\/www.rooderchina.com\/#website\"},\"datePublished\":\"2023-11-11T10:48:04+00:00\",\"dateModified\":\"2023-11-11T10:48:26+00:00\",\"breadcrumb\":{\"@id\":\"https:\/\/www.rooderchina.com\/product\/citycoco-m1p-rooder-road-legal-electric-scooter-for-sale\/#breadcrumb\"},\"inLanguage\":\"fr-FR\",\"potentialAction\":[{\"@type\":\"ReadAction\",\"target\":[\"https:\/\/www.rooderchina.com\/product\/citycoco-m1p-rooder-road-legal-electric-scooter-for-sale\/\"]}]},{\"@type\":\"BreadcrumbList\",\"@id\":\"https:\/\/www.rooderchina.com\/product\/citycoco-m1p-rooder-road-legal-electric-scooter-for-sale\/#breadcrumb\",\"itemListElement\":[{\"@type\":\"ListItem\",\"position\":1,\"name\":\"HOME\",\"item\":\"https:\/\/www.rooderchina.com\/\"},{\"@type\":\"ListItem\",\"position\":2,\"name\":\"Shop\",\"item\":\"https:\/\/www.rooderchina.com\/shop\/\"},{\"@type\":\"ListItem\",\"position\":3,\"name\":\"citycoco m1p Rooder road legal electric scooter for sale\"}]},{\"@type\":\"WebSite\",\"@id\":\"https:\/\/www.rooderchina.com\/#website\",\"url\":\"https:\/\/www.rooderchina.com\/\",\"name\":\"Electric Scooters Bikes Citycoco Manufacturer\",\"description\":\"Rooder Technology Limited\",\"publisher\":{\"@id\":\"https:\/\/www.rooderchina.com\/#organization\"},\"potentialAction\":[{\"@type\":\"SearchAction\",\"target\":{\"@type\":\"EntryPoint\",\"urlTemplate\":\"https:\/\/www.rooderchina.com\/?s={search_term_string}\"},\"query-input\":\"required name=search_term_string\"}],\"inLanguage\":\"fr-FR\"},{\"@type\":\"Organization\",\"@id\":\"https:\/\/www.rooderchina.com\/#organization\",\"name\":\"Electric Scooters Bikes Citycoco Manufacturer\",\"url\":\"https:\/\/www.rooderchina.com\/\",\"logo\":{\"@type\":\"ImageObject\",\"inLanguage\":\"fr-FR\",\"@id\":\"https:\/\/www.rooderchina.com\/#\/schema\/logo\/image\/\",\"url\":\"https:\/\/www.rooderchina.com\/wp-content\/uploads\/2023\/12\/rooder2.jpg\",\"contentUrl\":\"https:\/\/www.rooderchina.com\/wp-content\/uploads\/2023\/12\/rooder2.jpg\",\"width\":1723,\"height\":1037,\"caption\":\"Electric Scooters Bikes Citycoco Manufacturer\"},\"image\":{\"@id\":\"https:\/\/www.rooderchina.com\/#\/schema\/logo\/image\/\"},\"sameAs\":[\"https:\/\/www.facebook.com\/rooder.tec\",\"https:\/\/twitter.com\/RooderTec\"]}]}<\/script>\n<!-- \/ Yoast SEO plugin. -->","yoast_head_json":{"title":"citycoco m1p Rooder road legal electric scooter for sale - Electric Scooters Bikes Citycoco Manufacturer","robots":{"index":"index","follow":"follow","max-snippet":"max-snippet:-1","max-image-preview":"max-image-preview:large","max-video-preview":"max-video-preview:-1"},"canonical":"https:\/\/www.rooderchina.com\/fr\/produit\/citycoco-m1p-rooder-road-legal-electric-scooter-for-sale\/","og_locale":"fr_FR","og_type":"article","og_title":"citycoco m1p Rooder road legal electric scooter for sale - Electric Scooters Bikes Citycoco Manufacturer","og_description":"Short Description: The Citycoco M1P is a street legal Rooder electric scooter with a 2000W motor and a top speed of 45km\/h. It has a range of over 40 miles and can climb hills with a gradient of over 25 degrees. The M1P has a lithium battery that can be charged at any power outlet. Citycoco m1p is made by Rooder Group in Guangdong China. You can contact WA number +8613632905138 or rooder@roodergroup.com to get the best wholesale price for bulk order.    Brand: OEM\/ODM\/ROODER   Min.Order Quantity: 10 Piece\/Pieces   Supply Ability: 10000 Piece\/Pieces per Month   Port: Shenzhen   Payment Terms: T\/T, L\/C, D\/A, D\/P","og_url":"https:\/\/www.rooderchina.com\/fr\/produit\/citycoco-m1p-rooder-road-legal-electric-scooter-for-sale\/","og_site_name":"Electric Scooters Bikes Citycoco Manufacturer","article_publisher":"https:\/\/www.facebook.com\/rooder.tec","article_modified_time":"2023-11-11T10:48:26+00:00","og_image":[{"width":1000,"height":1000,"url":"https:\/\/www.rooderchina.com\/wp-content\/uploads\/2023\/11\/citycoco-m1p-Rooder-road-legal-electric-scooter-for-sale-1.jpg","type":"image\/jpeg"}],"twitter_card":"summary_large_image","twitter_site":"@RooderTec","twitter_misc":{"Dur\u00e9e de lecture estim\u00e9e":"1 minute"},"schema":{"@context":"https:\/\/schema.org","@graph":[{"@type":"WebPage","@id":"https:\/\/www.rooderchina.com\/product\/citycoco-m1p-rooder-road-legal-electric-scooter-for-sale\/","url":"https:\/\/www.rooderchina.com\/product\/citycoco-m1p-rooder-road-legal-electric-scooter-for-sale\/","name":"citycoco m1p Rooder road legal electric scooter for sale - Electric Scooters Bikes Citycoco Manufacturer","isPartOf":{"@id":"https:\/\/www.rooderchina.com\/#website"},"datePublished":"2023-11-11T10:48:04+00:00","dateModified":"2023-11-11T10:48:26+00:00","breadcrumb":{"@id":"https:\/\/www.rooderchina.com\/product\/citycoco-m1p-rooder-road-legal-electric-scooter-for-sale\/#breadcrumb"},"inLanguage":"fr-FR","potentialAction":[{"@type":"ReadAction","target":["https:\/\/www.rooderchina.com\/product\/citycoco-m1p-rooder-road-legal-electric-scooter-for-sale\/"]}]},{"@type":"BreadcrumbList","@id":"https:\/\/www.rooderchina.com\/product\/citycoco-m1p-rooder-road-legal-electric-scooter-for-sale\/#breadcrumb","itemListElement":[{"@type":"ListItem","position":1,"name":"HOME","item":"https:\/\/www.rooderchina.com\/"},{"@type":"ListItem","position":2,"name":"Shop","item":"https:\/\/www.rooderchina.com\/shop\/"},{"@type":"ListItem","position":3,"name":"citycoco m1p Rooder road legal electric scooter for sale"}]},{"@type":"WebSite","@id":"https:\/\/www.rooderchina.com\/#website","url":"https:\/\/www.rooderchina.com\/","name":"Electric Scooters Bikes Citycoco Manufacturer","description":"Rooder Technology Limited","publisher":{"@id":"https:\/\/www.rooderchina.com\/#organization"},"potentialAction":[{"@type":"SearchAction","target":{"@type":"EntryPoint","urlTemplate":"https:\/\/www.rooderchina.com\/?s={search_term_string}"},"query-input":"required name=search_term_string"}],"inLanguage":"fr-FR"},{"@type":"Organization","@id":"https:\/\/www.rooderchina.com\/#organization","name":"Electric Scooters Bikes Citycoco Manufacturer","url":"https:\/\/www.rooderchina.com\/","logo":{"@type":"ImageObject","inLanguage":"fr-FR","@id":"https:\/\/www.rooderchina.com\/#\/schema\/logo\/image\/","url":"https:\/\/www.rooderchina.com\/wp-content\/uploads\/2023\/12\/rooder2.jpg","contentUrl":"https:\/\/www.rooderchina.com\/wp-content\/uploads\/2023\/12\/rooder2.jpg","width":1723,"height":1037,"caption":"Electric Scooters Bikes Citycoco Manufacturer"},"image":{"@id":"https:\/\/www.rooderchina.com\/#\/schema\/logo\/image\/"},"sameAs":["https:\/\/www.facebook.com\/rooder.tec","https:\/\/twitter.com\/RooderTec"]}]}},"_links":{"self":[{"href":"https:\/\/www.rooderchina.com\/fr\/wp-json\/wp\/v2\/product\/9745","targetHints":{"allow":["GET"]}}],"collection":[{"href":"https:\/\/www.rooderchina.com\/fr\/wp-json\/wp\/v2\/product"}],"about":[{"href":"https:\/\/www.rooderchina.com\/fr\/wp-json\/wp\/v2\/types\/product"}],"replies":[{"embeddable":true,"href":"https:\/\/www.rooderchina.com\/fr\/wp-json\/wp\/v2\/comments?post=9745"}],"version-history":[{"count":1,"href":"https:\/\/www.rooderchina.com\/fr\/wp-json\/wp\/v2\/product\/9745\/revisions"}],"predecessor-version":[{"id":9746,"href":"https:\/\/www.rooderchina.com\/fr\/wp-json\/wp\/v2\/product\/9745\/revisions\/9746"}],"wp:featuredmedia":[{"embeddable":true,"href":"https:\/\/www.rooderchina.com\/fr\/wp-json\/wp\/v2\/media\/9747"}],"wp:attachment":[{"href":"https:\/\/www.rooderchina.com\/fr\/wp-json\/wp\/v2\/media?parent=9745"}],"wp:term":[{"taxonomy":"product_brand","embeddable":true,"href":"https:\/\/www.rooderchina.com\/fr\/wp-json\/wp\/v2\/product_brand?post=9745"},{"taxonomy":"product_cat","embeddable":true,"href":"https:\/\/www.rooderchina.com\/fr\/wp-json\/wp\/v2\/product_cat?post=9745"},{"taxonomy":"product_tag","embeddable":true,"href":"https:\/\/www.rooderchina.com\/fr\/wp-json\/wp\/v2\/product_tag?post=9745"}],"curies":[{"name":"wp","href":"https:\/\/api.w.org\/{rel}","templated":true}]}}