{"id":9732,"date":"2023-11-11T18:48:04","date_gmt":"2023-11-11T10:48:04","guid":{"rendered":"http:\/\/www.rooderchina.com\/index.php\/product\/new-electric-scooter-rooder-gt01-dual-motor-48v20ah-for-sale\/"},"modified":"2024-02-28T16:31:10","modified_gmt":"2024-02-28T08:31:10","slug":"new-electric-scooter-rooder-gt01-dual-motor-48v20ah-for-sale","status":"publish","type":"product","link":"https:\/\/www.rooderchina.com\/fr\/produit\/new-electric-scooter-rooder-gt01-dual-motor-48v20ah-for-sale\/","title":{"rendered":"nouveau scooter \u00e9lectrique Rooder gt01 dual motor 48v20ah \u00e0 vendre"},"content":{"rendered":"<p><a href=\"https:\/\/www.rooderchina.com\/fr\/tag\/new-electric-scooter\/\" title=\"Voir tous les messages dans nouveau scooter \u00e9lectrique\" target=\"_blank\" rel=\"noopener\">nouveau scooter \u00e9lectrique<\/a> vid\u00e9o d'\u00e9valuation :<\/p>\n<p><iframe loading=\"lazy\" title=\"nouveau scooter \u00e9lectrique\" src=\"https:\/\/www.youtube.com\/embed\/tbxP5f-EORQ?rel=0&amp;autoplay=0\" height=\"270\" width=\"480\" allowfullscreen=\"\" frameborder=\"0\"><\/iframe><\/p>\n<p>Horodatage :<\/p>\n<p><a tabindex=\"0\" href=\"https:\/\/www.youtube.com\/watch?v=tbxP5f-EORQ&amp;t=0s\" target=\"\" rel=\"nofollow noopener\">00:00<\/a>\u00a0Rooder haute qualit\u00e9 prix bon march\u00e9 nouveau\u00a0<a title=\"Voir tous les articles dans scooter \u00e9lectrique\" href=\"https:\/\/www.roodergroup.com\/tag\/electric-scooter\/\" target=\"_blank\" rel=\"noopener\">scooter \u00e9lectrique<\/a>\u00a0<a title=\"Voir tous les messages de gt01\" href=\"https:\/\/www.roodergroup.com\/tag\/gt01\/\" target=\"_blank\" rel=\"noopener\">gt01<\/a>.<\/p>\n<p><a tabindex=\"0\" href=\"https:\/\/www.youtube.com\/watch?v=tbxP5f-EORQ&amp;t=7s\" target=\"\" rel=\"nofollow noopener\">00:07<\/a>\u00a0phare avec klaxon cach\u00e9 \u00e0 l'int\u00e9rieur et clignotant avant.<\/p>\n<p><a tabindex=\"0\" href=\"https:\/\/www.youtube.com\/watch?v=tbxP5f-EORQ&amp;t=9s\" target=\"\" rel=\"nofollow noopener\">00:09<\/a>\u00a0Grosses roues de 10 pouces avec suspensions avant rouges.<\/p>\n<p><a tabindex=\"0\" href=\"https:\/\/www.youtube.com\/watch?v=tbxP5f-EORQ&amp;t=10s\" target=\"\" rel=\"nofollow noopener\">00:10<\/a>\u00a0Une seconde de pliage rapide.<\/p>\n<p><a tabindex=\"0\" href=\"https:\/\/www.youtube.com\/watch?v=tbxP5f-EORQ&amp;t=11s\" target=\"\" rel=\"nofollow noopener\">00:11<\/a>\u00a0Papier de verre \u00e0 la mode avec un joli design, nous pouvons y apposer votre logo. OEM disponible pour les commandes en gros.<\/p>\n<p><a tabindex=\"0\" href=\"https:\/\/www.youtube.com\/watch?v=tbxP5f-EORQ&amp;t=12s\" target=\"\" rel=\"nofollow noopener\">00:12<\/a>\u00a0b\u00e9quille de haute qualit\u00e9 avec ressort.<\/p>\n<p><a tabindex=\"0\" href=\"https:\/\/www.youtube.com\/watch?v=tbxP5f-EORQ&amp;t=14s\" target=\"\" rel=\"nofollow noopener\">00:14<\/a>\u00a0Le v\u00e9hicule est \u00e9quip\u00e9 d'un feu arri\u00e8re rouge, de clignotants et de doubles suspensions.<\/p>\n<p><a tabindex=\"0\" href=\"https:\/\/www.youtube.com\/watch?v=tbxP5f-EORQ&amp;t=15s\" target=\"\" rel=\"nofollow noopener\">00:15<\/a>\u00a0garde-boue arri\u00e8re en m\u00e9tal.<\/p>\n<p><a tabindex=\"0\" href=\"https:\/\/www.youtube.com\/watch?v=tbxP5f-EORQ&amp;t=16s\" target=\"\" rel=\"nofollow noopener\">00:16<\/a>\u00a0Moteur arri\u00e8re de 1650W avec fat tire 90\/55-6 et frein \u00e0 disque.<\/p>\n<p><a tabindex=\"0\" href=\"https:\/\/www.youtube.com\/watch?v=tbxP5f-EORQ&amp;t=17s\" target=\"\" rel=\"nofollow noopener\">00:17<\/a>\u00a0trous pour l'option si\u00e8ge.<\/p>\n<p><a tabindex=\"0\" href=\"https:\/\/www.youtube.com\/watch?v=tbxP5f-EORQ&amp;t=18s\" target=\"\" rel=\"nofollow noopener\">00:18<\/a>\u00a0les c\u00e2bles du contr\u00f4leur.<\/p>\n<p><a tabindex=\"0\" href=\"https:\/\/www.youtube.com\/watch?v=tbxP5f-EORQ&amp;t=19s\" target=\"\" rel=\"nofollow noopener\">00:19<\/a>\u00a0pour le r\u00e9glage de la hauteur.<\/p>\n<p><a tabindex=\"0\" href=\"https:\/\/www.youtube.com\/watch?v=tbxP5f-EORQ&amp;t=20s\" target=\"\" rel=\"nofollow noopener\">00:20<\/a>\u00a0igition, bouton de vitesse, \u00e9cran de tension, acc\u00e9l\u00e9rateur, bouton ECO turbo et bouton moteur simple\/double.<\/p>\n<p><a tabindex=\"0\" href=\"https:\/\/www.youtube.com\/watch?v=tbxP5f-EORQ&amp;t=21s\" target=\"\" rel=\"nofollow noopener\">00:21<\/a>\u00a0L'\u00e9cran LCD affiche la temp\u00e9rature, la tension, l'\u00e9clairage, la vitesse, le kilom\u00e9trage, les informations g\u00e9n\u00e9rales, etc.<\/p>\n<p><a tabindex=\"0\" href=\"https:\/\/www.youtube.com\/watch?v=tbxP5f-EORQ&amp;t=22s\" target=\"\" rel=\"nofollow noopener\">00:22<\/a>\u00a0support de t\u00e9l\u00e9phone avec port USB.<\/p>\n<p><a tabindex=\"0\" href=\"https:\/\/www.youtube.com\/watch?v=tbxP5f-EORQ&amp;t=23s\" target=\"\" rel=\"nofollow noopener\">00:23<\/a>\u00a0allumage\/extinction de l'\u00e9clairage avant, bouton des feux de signalisation et bouton du klaxon<\/p>\n<p><a tabindex=\"0\" href=\"https:\/\/www.youtube.com\/watch?v=tbxP5f-EORQ&amp;t=25s\" target=\"\" rel=\"nofollow noopener\">00:25<\/a>\u00a0verrouillage de la batterie avec mot de passe<\/p>\n<p><a tabindex=\"0\" href=\"https:\/\/www.youtube.com\/watch?v=tbxP5f-EORQ&amp;t=28s\" target=\"\" rel=\"nofollow noopener\">00:28<\/a>\u00a0p\u00e9dale avec papier de verre, accepte les logos ou tout autre dessin.<\/p>\n<p><a tabindex=\"0\" href=\"https:\/\/www.youtube.com\/watch?v=tbxP5f-EORQ&amp;t=33s\" target=\"\" rel=\"nofollow noopener\">00:33<\/a>\u00a0pliage<\/p>\n<p><a tabindex=\"0\" href=\"https:\/\/www.youtube.com\/watch?v=tbxP5f-EORQ&amp;t=34s\" target=\"\" rel=\"nofollow noopener\">00:34<\/a>\u00a0Les feux lat\u00e9raux, le logo ou les feux de site web sont en option.<\/p>\n<p><a tabindex=\"0\" href=\"https:\/\/www.youtube.com\/watch?v=tbxP5f-EORQ&amp;t=35s\" target=\"\" rel=\"nofollow noopener\">00:35<\/a>\u00a0Gavin Lee du groupe Rooder.<\/p>\n<p><a tabindex=\"0\" href=\"https:\/\/www.youtube.com\/watch?v=tbxP5f-EORQ&amp;t=37s\" target=\"\" rel=\"nofollow noopener\">00:37<\/a>\u00a0Option si\u00e8ge<\/p>\n<p><a tabindex=\"0\" href=\"https:\/\/www.youtube.com\/watch?v=tbxP5f-EORQ&amp;t=41s\" target=\"\" rel=\"nofollow noopener\">00:41<\/a>\u00a0cavalier sur le si\u00e8ge<\/p>\n<p><a tabindex=\"0\" href=\"https:\/\/www.youtube.com\/watch?v=tbxP5f-EORQ&amp;t=44s\" target=\"\" rel=\"nofollow noopener\">00:44<\/a>\u00a0tout terrain<\/p>\n<p><a tabindex=\"0\" href=\"https:\/\/www.youtube.com\/watch?v=tbxP5f-EORQ&amp;t=48s\" target=\"\" rel=\"nofollow noopener\">00:48<\/a>\u00a0rouler sur les routes de la ville, veuillez porter un casque.<\/p>\n<p><a tabindex=\"0\" href=\"https:\/\/www.youtube.com\/watch?v=tbxP5f-EORQ&amp;t=56s\" target=\"\" rel=\"nofollow noopener\">00:56<\/a>\u00a0Vitesse maximale 70km\/h<\/p>\n<p><a tabindex=\"0\" href=\"https:\/\/www.youtube.com\/watch?v=tbxP5f-EORQ&amp;t=60s\" target=\"\" rel=\"nofollow noopener\">01:00<\/a>\u00a0distance de freinage<\/p>\n<p><a tabindex=\"0\" href=\"https:\/\/www.youtube.com\/watch?v=tbxP5f-EORQ&amp;t=70s\" target=\"\" rel=\"nofollow noopener\">01:10<\/a>\u00a0la mise en place de l'\u00e9chelon<\/p>\n<p><a tabindex=\"0\" href=\"https:\/\/www.youtube.com\/watch?v=tbxP5f-EORQ&amp;t=75s\" target=\"\" rel=\"nofollow noopener\">01:15<\/a>\u00a0Lumi\u00e8res RVB et ensemble, <a href=\"https:\/\/www.rooderchina.com\/fr\/tag\/gt01\/\" title=\"Voir tous les messages de gt01\" target=\"_blank\" rel=\"noopener\">gt01<\/a> scooter, batterie, chargeur, outils et manuel \u00e0 l'int\u00e9rieur.<\/p>\n<p><a tabindex=\"0\" href=\"https:\/\/www.youtube.com\/watch?v=tbxP5f-EORQ&amp;t=80s\" target=\"\" rel=\"nofollow noopener\">01:20<\/a>\u00a0Des photos HD, des vid\u00e9os et les meilleurs prix de whoelsae sont disponibles pour le marketing.<\/p>\n<p><a tabindex=\"0\" href=\"https:\/\/www.youtube.com\/watch?v=tbxP5f-EORQ&amp;t=88s\" target=\"\" rel=\"nofollow noopener\">01:28<\/a>\u00a0Contactez Rooder WA au num\u00e9ro d'entreprise : +8613632905138.<\/p>\n<\/p>\n<p>Mod\u00e8le : GT01 (double moteur)<br \/>\nNW : 40kgs<br \/>\nPneus : pneus de 10 pouces 90\/55-6<br \/>\nCharge maximale :150KG<br \/>\nMoteur : 48V1650W*2 apparent\u00e9<br \/>\nVitesse maximale : 60-70km\/h<br \/>\nContr\u00f4leur : deux contr\u00f4leurs de 30 A<br \/>\nFreins : Freins avant et arri\u00e8re<br \/>\nAmortisseurs : Amortisseurs \u00e0 ressort \u00e0 l'avant et \u00e0 l'arri\u00e8re<br \/>\n\u00c9clairage : feux avant+arri\u00e8re+lat\u00e9raux + klaxon de la moto<br \/>\nAffichage : vitesse, batterie et kilom\u00e9trage<br \/>\nChargeur : chargeur 2A<br \/>\nD\u00e9nivel\u00e9 : environ 30 degr\u00e9s<br \/>\nDegr\u00e9 d'\u00e9tanch\u00e9it\u00e9 : IP54<br \/>\nTension d'entr\u00e9e du chargeur : 100 - 240V, 50 \/ 60Hz<br \/>\nBatterie : batterie au lithium 48v20ah<br \/>\nTemps de charge : 8-10 heures<br \/>\nBatterie amovible : oui<br \/>\nPliable : non, mais en option<br \/>\nTaille de d\u00e9pliage : 117*25*129cm<br \/>\nTaille de pliage : 117*25*45cm<br \/>\nTaille de l'emballage : 128*33*55cm<br \/>\nGW : 46kgs<br \/>\n<strong>Option : <\/strong><\/p>\n<p>fodable, USB, si\u00e8ge, logo LED,<br \/>\nEncore un chargeur 2A.<\/p>\n<p>1PC\/carton<br \/>\ntaille du carton : 128*33*55cm<br \/>\nNW:40kg, GW:46kg<br \/>\n0,17CBM\/pc<\/p>\n<p>120pcs en 20GP<br \/>\n293pcs en 40HQ<br \/>\n336pcs en 45HQ<\/p>\n<p>&nbsp;<\/p>","protected":false},"excerpt":{"rendered":"<h3>Description succincte :<\/h3>\n<p><p>nouveau scooter \u00e9lectrique Rooder gt01<\/p>\n<p>1. Am\u00e9liorer les amortisseurs en les rempla\u00e7ant par des amortisseurs de meilleure qualit\u00e9 et ajuster les angles.<br \/>\n2. Augmentation de la hauteur de la p\u00e9dale \u00e0 17 cm.<br \/>\n3. Cacher le klaxon dans le phare pour rendre le design plus agr\u00e9able.<br \/>\n4. Mettez \u00e0 niveau la serrure \u00e0 combinaison GT01 du couvercle de la batterie.<br \/>\n5. Remettre \u00e0 niveau le bo\u00eetier et le connecteur de la batterie.<br \/>\n6. Am\u00e9liorer les feux lat\u00e9raux<br \/>\n7. Am\u00e9liorer le mat\u00e9riau de l'aile arri\u00e8re.<br \/>\n8. Renforcer la partie pli\u00e9e.<br \/>\n9. Mise \u00e0 niveau de l'\u00e9cran d'affichage LCD<br \/>\n10. Ajuster les couleurs des \u00e9l\u00e9ments d\u00e9coratifs<br \/>\n11. Remplacer le papier de verre.<\/p>\n<\/p>\n<p><\/p>\n<li><em>Marque : <\/em> OEM\/ODM\/ROODER<\/li>\n<li><em>Quantit\u00e9 minimale de commande : <\/em> 10 pi\u00e8ces\/pi\u00e8ces<\/li>\n<li><em>Capacit\u00e9 d'approvisionnement : <\/em> 10000 pi\u00e8ces par mois<\/li>\n<li><em>Port : <\/em> Shenzhen<\/li>\n<li><em>Conditions de paiement : <\/em> T\/T, L\/C, D\/A, D\/P<\/li>","protected":false},"featured_media":9734,"comment_status":"closed","ping_status":"closed","template":"","meta":[],"product_brand":[],"product_cat":[829],"product_tag":[530,1223,830,1224,831,832,745,833,834],"class_list":{"0":"post-9732","1":"product","2":"type-product","3":"status-publish","4":"has-post-thumbnail","6":"product_cat-electric-scooters","7":"product_tag-electric-scooter","8":"product_tag-electric-scooter-factory","9":"product_tag-gt01","10":"product_tag-long-range-electric-scooter","11":"product_tag-new-electric-scooter","12":"product_tag-new-scooter","13":"product_tag-rooder","14":"product_tag-rooder-gt01","15":"product_tag-rooder-scooter","17":"first","18":"instock","19":"product-type-simple"},"yoast_head":"<!-- This site is optimized with the Yoast SEO plugin v21.7 - https:\/\/yoast.com\/wordpress\/plugins\/seo\/ -->\n<title>new electric scooter Rooder gt01 dual motor 48v20ah for sale - Electric Scooters Bikes Citycoco Manufacturer<\/title>\n<meta name=\"robots\" content=\"index, follow, max-snippet:-1, max-image-preview:large, max-video-preview:-1\" \/>\n<link rel=\"canonical\" href=\"https:\/\/www.rooderchina.com\/fr\/produit\/new-electric-scooter-rooder-gt01-dual-motor-48v20ah-for-sale\/\" \/>\n<meta property=\"og:locale\" content=\"fr_FR\" \/>\n<meta property=\"og:type\" content=\"article\" \/>\n<meta property=\"og:title\" content=\"new electric scooter Rooder gt01 dual motor 48v20ah for sale - Electric Scooters Bikes Citycoco Manufacturer\" \/>\n<meta property=\"og:description\" content=\"Short Description: new electric scooter Rooder gt01 1. Upgrade the shock absorbers to better quality ones, and adjust the angles. 2. Upgrade the pedal heighth to 17cm. 3. Hide the horn to the headlight to make it more nice design. 4. Upgrade the GT01 combination lock of the battery cover. 5. Upgrade the battery box and connector. 6. Upgrade the side lights 7. Upgrade the material of the rear fender. 8. Make the fold part stronger. 9. Upgrade the LCD display screen 10. Adjust the colors of the decorative parts 11. Upgrade the sandpaper.     Brand: OEM\/ODM\/ROODER   Min.Order Quantity: 10 Piece\/Pieces   Supply Ability: 10000 Piece\/Pieces per Month   Port: Shenzhen   Payment Terms: T\/T, L\/C, D\/A, D\/P\" \/>\n<meta property=\"og:url\" content=\"https:\/\/www.rooderchina.com\/fr\/produit\/new-electric-scooter-rooder-gt01-dual-motor-48v20ah-for-sale\/\" \/>\n<meta property=\"og:site_name\" content=\"Electric Scooters Bikes Citycoco Manufacturer\" \/>\n<meta property=\"article:publisher\" content=\"https:\/\/www.facebook.com\/rooder.tec\" \/>\n<meta property=\"article:modified_time\" content=\"2024-02-28T08:31:10+00:00\" \/>\n<meta property=\"og:image\" content=\"https:\/\/www.rooderchina.com\/wp-content\/uploads\/2023\/11\/new-electric-scooter-Rooder-gt01-dual-motor-48v20ah-for-sale-1.jpg\" \/>\n\t<meta property=\"og:image:width\" content=\"1000\" \/>\n\t<meta property=\"og:image:height\" content=\"1000\" \/>\n\t<meta property=\"og:image:type\" content=\"image\/jpeg\" \/>\n<meta name=\"twitter:card\" content=\"summary_large_image\" \/>\n<meta name=\"twitter:site\" content=\"@RooderTec\" \/>\n<meta name=\"twitter:label1\" content=\"Dur\u00e9e de lecture estim\u00e9e\" \/>\n\t<meta name=\"twitter:data1\" content=\"2 minutes\" \/>\n<script type=\"application\/ld+json\" class=\"yoast-schema-graph\">{\"@context\":\"https:\/\/schema.org\",\"@graph\":[{\"@type\":\"WebPage\",\"@id\":\"https:\/\/www.rooderchina.com\/product\/new-electric-scooter-rooder-gt01-dual-motor-48v20ah-for-sale\/\",\"url\":\"https:\/\/www.rooderchina.com\/product\/new-electric-scooter-rooder-gt01-dual-motor-48v20ah-for-sale\/\",\"name\":\"new electric scooter Rooder gt01 dual motor 48v20ah for sale - Electric Scooters Bikes Citycoco Manufacturer\",\"isPartOf\":{\"@id\":\"https:\/\/www.rooderchina.com\/#website\"},\"datePublished\":\"2023-11-11T10:48:04+00:00\",\"dateModified\":\"2024-02-28T08:31:10+00:00\",\"breadcrumb\":{\"@id\":\"https:\/\/www.rooderchina.com\/product\/new-electric-scooter-rooder-gt01-dual-motor-48v20ah-for-sale\/#breadcrumb\"},\"inLanguage\":\"fr-FR\",\"potentialAction\":[{\"@type\":\"ReadAction\",\"target\":[\"https:\/\/www.rooderchina.com\/product\/new-electric-scooter-rooder-gt01-dual-motor-48v20ah-for-sale\/\"]}]},{\"@type\":\"BreadcrumbList\",\"@id\":\"https:\/\/www.rooderchina.com\/product\/new-electric-scooter-rooder-gt01-dual-motor-48v20ah-for-sale\/#breadcrumb\",\"itemListElement\":[{\"@type\":\"ListItem\",\"position\":1,\"name\":\"HOME\",\"item\":\"https:\/\/www.rooderchina.com\/\"},{\"@type\":\"ListItem\",\"position\":2,\"name\":\"Shop\",\"item\":\"https:\/\/www.rooderchina.com\/shop\/\"},{\"@type\":\"ListItem\",\"position\":3,\"name\":\"new electric scooter Rooder gt01 dual motor 48v20ah for sale\"}]},{\"@type\":\"WebSite\",\"@id\":\"https:\/\/www.rooderchina.com\/#website\",\"url\":\"https:\/\/www.rooderchina.com\/\",\"name\":\"Electric Scooters Bikes Citycoco Manufacturer\",\"description\":\"Rooder Technology Limited\",\"publisher\":{\"@id\":\"https:\/\/www.rooderchina.com\/#organization\"},\"potentialAction\":[{\"@type\":\"SearchAction\",\"target\":{\"@type\":\"EntryPoint\",\"urlTemplate\":\"https:\/\/www.rooderchina.com\/?s={search_term_string}\"},\"query-input\":\"required name=search_term_string\"}],\"inLanguage\":\"fr-FR\"},{\"@type\":\"Organization\",\"@id\":\"https:\/\/www.rooderchina.com\/#organization\",\"name\":\"Electric Scooters Bikes Citycoco Manufacturer\",\"url\":\"https:\/\/www.rooderchina.com\/\",\"logo\":{\"@type\":\"ImageObject\",\"inLanguage\":\"fr-FR\",\"@id\":\"https:\/\/www.rooderchina.com\/#\/schema\/logo\/image\/\",\"url\":\"https:\/\/www.rooderchina.com\/wp-content\/uploads\/2023\/12\/rooder2.jpg\",\"contentUrl\":\"https:\/\/www.rooderchina.com\/wp-content\/uploads\/2023\/12\/rooder2.jpg\",\"width\":1723,\"height\":1037,\"caption\":\"Electric Scooters Bikes Citycoco Manufacturer\"},\"image\":{\"@id\":\"https:\/\/www.rooderchina.com\/#\/schema\/logo\/image\/\"},\"sameAs\":[\"https:\/\/www.facebook.com\/rooder.tec\",\"https:\/\/twitter.com\/RooderTec\"]}]}<\/script>\n<!-- \/ Yoast SEO plugin. -->","yoast_head_json":{"title":"new electric scooter Rooder gt01 dual motor 48v20ah for sale - Electric Scooters Bikes Citycoco Manufacturer","robots":{"index":"index","follow":"follow","max-snippet":"max-snippet:-1","max-image-preview":"max-image-preview:large","max-video-preview":"max-video-preview:-1"},"canonical":"https:\/\/www.rooderchina.com\/fr\/produit\/new-electric-scooter-rooder-gt01-dual-motor-48v20ah-for-sale\/","og_locale":"fr_FR","og_type":"article","og_title":"new electric scooter Rooder gt01 dual motor 48v20ah for sale - Electric Scooters Bikes Citycoco Manufacturer","og_description":"Short Description: new electric scooter Rooder gt01 1. Upgrade the shock absorbers to better quality ones, and adjust the angles. 2. Upgrade the pedal heighth to 17cm. 3. Hide the horn to the headlight to make it more nice design. 4. Upgrade the GT01 combination lock of the battery cover. 5. Upgrade the battery box and connector. 6. Upgrade the side lights 7. Upgrade the material of the rear fender. 8. Make the fold part stronger. 9. Upgrade the LCD display screen 10. Adjust the colors of the decorative parts 11. Upgrade the sandpaper.     Brand: OEM\/ODM\/ROODER   Min.Order Quantity: 10 Piece\/Pieces   Supply Ability: 10000 Piece\/Pieces per Month   Port: Shenzhen   Payment Terms: T\/T, L\/C, D\/A, D\/P","og_url":"https:\/\/www.rooderchina.com\/fr\/produit\/new-electric-scooter-rooder-gt01-dual-motor-48v20ah-for-sale\/","og_site_name":"Electric Scooters Bikes Citycoco Manufacturer","article_publisher":"https:\/\/www.facebook.com\/rooder.tec","article_modified_time":"2024-02-28T08:31:10+00:00","og_image":[{"width":1000,"height":1000,"url":"https:\/\/www.rooderchina.com\/wp-content\/uploads\/2023\/11\/new-electric-scooter-Rooder-gt01-dual-motor-48v20ah-for-sale-1.jpg","type":"image\/jpeg"}],"twitter_card":"summary_large_image","twitter_site":"@RooderTec","twitter_misc":{"Dur\u00e9e de lecture estim\u00e9e":"2 minutes"},"schema":{"@context":"https:\/\/schema.org","@graph":[{"@type":"WebPage","@id":"https:\/\/www.rooderchina.com\/product\/new-electric-scooter-rooder-gt01-dual-motor-48v20ah-for-sale\/","url":"https:\/\/www.rooderchina.com\/product\/new-electric-scooter-rooder-gt01-dual-motor-48v20ah-for-sale\/","name":"new electric scooter Rooder gt01 dual motor 48v20ah for sale - Electric Scooters Bikes Citycoco Manufacturer","isPartOf":{"@id":"https:\/\/www.rooderchina.com\/#website"},"datePublished":"2023-11-11T10:48:04+00:00","dateModified":"2024-02-28T08:31:10+00:00","breadcrumb":{"@id":"https:\/\/www.rooderchina.com\/product\/new-electric-scooter-rooder-gt01-dual-motor-48v20ah-for-sale\/#breadcrumb"},"inLanguage":"fr-FR","potentialAction":[{"@type":"ReadAction","target":["https:\/\/www.rooderchina.com\/product\/new-electric-scooter-rooder-gt01-dual-motor-48v20ah-for-sale\/"]}]},{"@type":"BreadcrumbList","@id":"https:\/\/www.rooderchina.com\/product\/new-electric-scooter-rooder-gt01-dual-motor-48v20ah-for-sale\/#breadcrumb","itemListElement":[{"@type":"ListItem","position":1,"name":"HOME","item":"https:\/\/www.rooderchina.com\/"},{"@type":"ListItem","position":2,"name":"Shop","item":"https:\/\/www.rooderchina.com\/shop\/"},{"@type":"ListItem","position":3,"name":"new electric scooter Rooder gt01 dual motor 48v20ah for sale"}]},{"@type":"WebSite","@id":"https:\/\/www.rooderchina.com\/#website","url":"https:\/\/www.rooderchina.com\/","name":"Electric Scooters Bikes Citycoco Manufacturer","description":"Rooder Technology Limited","publisher":{"@id":"https:\/\/www.rooderchina.com\/#organization"},"potentialAction":[{"@type":"SearchAction","target":{"@type":"EntryPoint","urlTemplate":"https:\/\/www.rooderchina.com\/?s={search_term_string}"},"query-input":"required name=search_term_string"}],"inLanguage":"fr-FR"},{"@type":"Organization","@id":"https:\/\/www.rooderchina.com\/#organization","name":"Electric Scooters Bikes Citycoco Manufacturer","url":"https:\/\/www.rooderchina.com\/","logo":{"@type":"ImageObject","inLanguage":"fr-FR","@id":"https:\/\/www.rooderchina.com\/#\/schema\/logo\/image\/","url":"https:\/\/www.rooderchina.com\/wp-content\/uploads\/2023\/12\/rooder2.jpg","contentUrl":"https:\/\/www.rooderchina.com\/wp-content\/uploads\/2023\/12\/rooder2.jpg","width":1723,"height":1037,"caption":"Electric Scooters Bikes Citycoco Manufacturer"},"image":{"@id":"https:\/\/www.rooderchina.com\/#\/schema\/logo\/image\/"},"sameAs":["https:\/\/www.facebook.com\/rooder.tec","https:\/\/twitter.com\/RooderTec"]}]}},"_links":{"self":[{"href":"https:\/\/www.rooderchina.com\/fr\/wp-json\/wp\/v2\/product\/9732","targetHints":{"allow":["GET"]}}],"collection":[{"href":"https:\/\/www.rooderchina.com\/fr\/wp-json\/wp\/v2\/product"}],"about":[{"href":"https:\/\/www.rooderchina.com\/fr\/wp-json\/wp\/v2\/types\/product"}],"replies":[{"embeddable":true,"href":"https:\/\/www.rooderchina.com\/fr\/wp-json\/wp\/v2\/comments?post=9732"}],"version-history":[{"count":1,"href":"https:\/\/www.rooderchina.com\/fr\/wp-json\/wp\/v2\/product\/9732\/revisions"}],"predecessor-version":[{"id":9733,"href":"https:\/\/www.rooderchina.com\/fr\/wp-json\/wp\/v2\/product\/9732\/revisions\/9733"}],"wp:featuredmedia":[{"embeddable":true,"href":"https:\/\/www.rooderchina.com\/fr\/wp-json\/wp\/v2\/media\/9734"}],"wp:attachment":[{"href":"https:\/\/www.rooderchina.com\/fr\/wp-json\/wp\/v2\/media?parent=9732"}],"wp:term":[{"taxonomy":"product_brand","embeddable":true,"href":"https:\/\/www.rooderchina.com\/fr\/wp-json\/wp\/v2\/product_brand?post=9732"},{"taxonomy":"product_cat","embeddable":true,"href":"https:\/\/www.rooderchina.com\/fr\/wp-json\/wp\/v2\/product_cat?post=9732"},{"taxonomy":"product_tag","embeddable":true,"href":"https:\/\/www.rooderchina.com\/fr\/wp-json\/wp\/v2\/product_tag?post=9732"}],"curies":[{"name":"wp","href":"https:\/\/api.w.org\/{rel}","templated":true}]}}