{"id":9718,"date":"2023-11-11T18:47:36","date_gmt":"2023-11-11T10:47:36","guid":{"rendered":"http:\/\/www.rooderchina.com\/index.php\/product\/eec-coc-harley-citycoco-electric-scooter-with-two-removable-battery\/"},"modified":"2023-11-20T01:47:46","modified_gmt":"2023-11-19T17:47:46","slug":"eec-coc-harley-citycoco-electric-scooter-with-two-removable-battery","status":"publish","type":"product","link":"https:\/\/www.rooderchina.com\/fr\/produit\/eec-coc-harley-citycoco-electric-scooter-with-two-removable-battery\/","title":{"rendered":"EEC &amp; COC harley citycoco scooter \u00e9lectrique avec deux batteries amovibles"},"content":{"rendered":"<p><span style=\"font-size: large;\">Rooder EEC &amp; COC\u00a0 harley citycoco electric scooter with two removable battery, VIN number :\u00a0\u2606R36CP1000JA000001\u2606<\/span><\/p>\n<p>&nbsp;<\/p>\n<section>\n<section>\n<section>\n<article>\n<section>\n<section>\n<section>\n<article>Model: R804r-EECMotor: 1500WBattery: 12AH or 20 AH ( removable )<\/p>\n<p>Front &amp; back suspension<\/p>\n<p>LED big light<\/p>\n<p>Stop lights &amp; turning lights<\/p>\n<p>LCD meter screen<\/p>\n<p>&nbsp;<\/p>\n<p>Let\u2019s look this new design EEC model.<\/p>\n<p><iframe loading=\"lazy\" src=\"https:\/\/www.youtube.com\/embed\/PWTFxOo0i5w?rel=0\" height=\"576\" width=\"1024\" allowfullscreen=\"\" frameborder=\"0\"><\/iframe><\/p>\n<\/p>\n<section>\n<section>\n<section>\n<article>\n<section>\n<section>\n<section>\n<article>\n<section>\n<section>\n<section>\n<article><\/article>\n<article><span style=\"font-size: medium;\">More detail picture about EEC citycoco R804R<\/span><\/article>\n<article><\/article>\n<article><\/p>\n<section>\n<section>\n<section>\n<section>\n<section>\n<section>\n<section>\n<section>\n<section>\n<section>\n<section>\n<section><\/section>\n<section><\/section>\n<section><span style=\"font-size: medium;\">Nous sommes les seuls \u00e0 disposer d'une double batterie amovible. Dans notre vie quotidienne, nous avons probablement besoin d'aller quelque part sur une longue distance.\u00a0<\/span><span style=\"font-size: medium;\">Batterie 12 AH : 35-40km\/h<\/span><\/p>\n<p><span style=\"font-size: medium;\">Batterie 20 AH : 55-65km\/h<\/span><\/p>\n<p><span style=\"font-size: medium;\">\u00a0On peut imaginer que la batterie n'est pas assez puissante pour aller \u00e0 un endroit tr\u00e8s \u00e9loign\u00e9 et revenir ?  Parfois, la distance de croisi\u00e8re d\u00e9vie en raison du poids du chargement.<\/span><\/p>\n<p>&nbsp;<\/p>\n<\/section>\n<\/section>\n<\/section>\n<\/section>\n<\/section>\n<\/section>\n<\/section>\n<\/section>\n<\/section>\n<\/section>\n<\/section>\n<\/section>\n<\/article>\n<article>\n<section>\n<section>\n<section>\n<section>\n<section>\n<section>\n<section>\n<section>\n<section>\n<section>\n<section>\n<section><span style=\"font-size: medium;\">Informations sur le paquet<\/span><\/section>\n<section><\/section>\n<section>1PC\/carton<\/section>\n<section>Taille du carton : 1850*420*870mmNW:65kg, GW:70kg0.676CBM\/pcs<\/p>\n<\/p>\n<\/section>\n<\/section>\n<\/section>\n<\/section>\n<\/section>\n<\/section>\n<\/section>\n<\/section>\n<\/section>\n<\/section>\n<\/section>\n<\/section>\n<\/article>\n<\/section>\n<\/section>\n<\/section>\n<\/article>\n<\/section>\n<\/section>\n<\/section>\n<\/article>\n<\/section>\n<\/section>\n<\/section>\n<\/article>\n<\/section>\n<\/section>\n<\/section>\n<\/article>\n<\/section>\n<\/section>\n<\/section>","protected":false},"excerpt":{"rendered":"<h3>Description succincte :<\/h3>\n<p><p>Trouver un scooter \u00e9lectrique harley citycoco EEC &amp; COC avec deux batteries amovibles de Rooder EEC citycoco factory, fabricant de scooter \u00e9lectrique harley en Chine.<\/p>\n<p>&nbsp;<\/p>\n<\/p>\n<p><\/p>\n<li><em>Marque : <\/em> OEM\/ODM\/ROODER<\/li>\n<li><em>Quantit\u00e9 minimale de commande : <\/em> 10 pi\u00e8ces\/pi\u00e8ces<\/li>\n<li><em>Capacit\u00e9 d'approvisionnement : <\/em> 10000 pi\u00e8ces par mois<\/li>\n<li><em>Port : <\/em> Shenzhen<\/li>\n<li><em>Conditions de paiement : <\/em> T\/T, L\/C, D\/A, D\/P<\/li>\n<li><em>Num\u00e9ro de mod\u00e8le : <\/em> EEC-R804r<\/li>\n<li><em>Moteur : <\/em> 1500W<\/li>\n<li><em>Batterie amovible : <\/em> 12AH ou 20AH<\/li>","protected":false},"featured_media":9720,"comment_status":"closed","ping_status":"closed","template":"","meta":[],"product_brand":[],"product_cat":[464],"product_tag":[527,825,822,548,493],"class_list":{"0":"post-9718","1":"product","2":"type-product","3":"status-publish","4":"has-post-thumbnail","6":"product_cat-citycoco-choppers","7":"product_tag-citycoco-factory","8":"product_tag-coc-citycoco-harley-scooter","9":"product_tag-eec-approval-citycoco","10":"product_tag-eec-citycoco-electric-scooter","11":"product_tag-electric-harley-scooter","13":"first","14":"instock","15":"product-type-simple"},"yoast_head":"<!-- This site is optimized with the Yoast SEO plugin v21.7 - https:\/\/yoast.com\/wordpress\/plugins\/seo\/ -->\n<title>EEC &amp; COC harley citycoco electric scooter with two removable battery - Electric Scooters Bikes Citycoco Manufacturer<\/title>\n<meta name=\"robots\" content=\"index, follow, max-snippet:-1, max-image-preview:large, max-video-preview:-1\" \/>\n<link rel=\"canonical\" href=\"https:\/\/www.rooderchina.com\/fr\/produit\/eec-coc-harley-citycoco-electric-scooter-with-two-removable-battery\/\" \/>\n<meta property=\"og:locale\" content=\"fr_FR\" \/>\n<meta property=\"og:type\" content=\"article\" \/>\n<meta property=\"og:title\" content=\"EEC &amp; COC harley citycoco electric scooter with two removable battery - Electric Scooters Bikes Citycoco Manufacturer\" \/>\n<meta property=\"og:description\" content=\"Short Description: Finding\u00a0EEC &amp; COC\u00a0 harley citycoco electric scooter with two removable battery from Rooder EEC citycoco factory, harley electric scooter manufacturer\u00a0 in China. &nbsp;    Brand: OEM\/ODM\/ROODER   Min.Order Quantity: 10 Piece\/Pieces   Supply Ability: 10000 Piece\/Pieces per Month   Port: Shenzhen   Payment Terms: T\/T, L\/C, D\/A, D\/P   Model No.: EEC-R804r   Motor: 1500W   Removable battery: 12AH or 20AH\" \/>\n<meta property=\"og:url\" content=\"https:\/\/www.rooderchina.com\/fr\/produit\/eec-coc-harley-citycoco-electric-scooter-with-two-removable-battery\/\" \/>\n<meta property=\"og:site_name\" content=\"Electric Scooters Bikes Citycoco Manufacturer\" \/>\n<meta property=\"article:publisher\" content=\"https:\/\/www.facebook.com\/rooder.tec\" \/>\n<meta property=\"article:modified_time\" content=\"2023-11-19T17:47:46+00:00\" \/>\n<meta property=\"og:image\" content=\"https:\/\/www.rooderchina.com\/wp-content\/uploads\/2023\/11\/62c2cf0f.jpg\" \/>\n\t<meta property=\"og:image:width\" content=\"960\" \/>\n\t<meta property=\"og:image:height\" content=\"960\" \/>\n\t<meta property=\"og:image:type\" content=\"image\/jpeg\" \/>\n<meta name=\"twitter:card\" content=\"summary_large_image\" \/>\n<meta name=\"twitter:site\" content=\"@RooderTec\" \/>\n<meta name=\"twitter:label1\" content=\"Dur\u00e9e de lecture estim\u00e9e\" \/>\n\t<meta name=\"twitter:data1\" content=\"1 minute\" \/>\n<script type=\"application\/ld+json\" class=\"yoast-schema-graph\">{\"@context\":\"https:\/\/schema.org\",\"@graph\":[{\"@type\":\"WebPage\",\"@id\":\"https:\/\/www.rooderchina.com\/product\/eec-coc-harley-citycoco-electric-scooter-with-two-removable-battery\/\",\"url\":\"https:\/\/www.rooderchina.com\/product\/eec-coc-harley-citycoco-electric-scooter-with-two-removable-battery\/\",\"name\":\"EEC &amp; COC harley citycoco electric scooter with two removable battery - Electric Scooters Bikes Citycoco Manufacturer\",\"isPartOf\":{\"@id\":\"https:\/\/www.rooderchina.com\/#website\"},\"datePublished\":\"2023-11-11T10:47:36+00:00\",\"dateModified\":\"2023-11-19T17:47:46+00:00\",\"breadcrumb\":{\"@id\":\"https:\/\/www.rooderchina.com\/product\/eec-coc-harley-citycoco-electric-scooter-with-two-removable-battery\/#breadcrumb\"},\"inLanguage\":\"fr-FR\",\"potentialAction\":[{\"@type\":\"ReadAction\",\"target\":[\"https:\/\/www.rooderchina.com\/product\/eec-coc-harley-citycoco-electric-scooter-with-two-removable-battery\/\"]}]},{\"@type\":\"BreadcrumbList\",\"@id\":\"https:\/\/www.rooderchina.com\/product\/eec-coc-harley-citycoco-electric-scooter-with-two-removable-battery\/#breadcrumb\",\"itemListElement\":[{\"@type\":\"ListItem\",\"position\":1,\"name\":\"HOME\",\"item\":\"https:\/\/www.rooderchina.com\/\"},{\"@type\":\"ListItem\",\"position\":2,\"name\":\"Shop\",\"item\":\"https:\/\/www.rooderchina.com\/shop\/\"},{\"@type\":\"ListItem\",\"position\":3,\"name\":\"EEC &amp; COC harley citycoco electric scooter with two removable battery\"}]},{\"@type\":\"WebSite\",\"@id\":\"https:\/\/www.rooderchina.com\/#website\",\"url\":\"https:\/\/www.rooderchina.com\/\",\"name\":\"Electric Scooters Bikes Citycoco Manufacturer\",\"description\":\"Rooder Technology Limited\",\"publisher\":{\"@id\":\"https:\/\/www.rooderchina.com\/#organization\"},\"potentialAction\":[{\"@type\":\"SearchAction\",\"target\":{\"@type\":\"EntryPoint\",\"urlTemplate\":\"https:\/\/www.rooderchina.com\/?s={search_term_string}\"},\"query-input\":\"required name=search_term_string\"}],\"inLanguage\":\"fr-FR\"},{\"@type\":\"Organization\",\"@id\":\"https:\/\/www.rooderchina.com\/#organization\",\"name\":\"Electric Scooters Bikes Citycoco Manufacturer\",\"url\":\"https:\/\/www.rooderchina.com\/\",\"logo\":{\"@type\":\"ImageObject\",\"inLanguage\":\"fr-FR\",\"@id\":\"https:\/\/www.rooderchina.com\/#\/schema\/logo\/image\/\",\"url\":\"https:\/\/www.rooderchina.com\/wp-content\/uploads\/2023\/12\/rooder2.jpg\",\"contentUrl\":\"https:\/\/www.rooderchina.com\/wp-content\/uploads\/2023\/12\/rooder2.jpg\",\"width\":1723,\"height\":1037,\"caption\":\"Electric Scooters Bikes Citycoco Manufacturer\"},\"image\":{\"@id\":\"https:\/\/www.rooderchina.com\/#\/schema\/logo\/image\/\"},\"sameAs\":[\"https:\/\/www.facebook.com\/rooder.tec\",\"https:\/\/twitter.com\/RooderTec\"]}]}<\/script>\n<!-- \/ Yoast SEO plugin. -->","yoast_head_json":{"title":"EEC &amp; COC harley citycoco electric scooter with two removable battery - Electric Scooters Bikes Citycoco Manufacturer","robots":{"index":"index","follow":"follow","max-snippet":"max-snippet:-1","max-image-preview":"max-image-preview:large","max-video-preview":"max-video-preview:-1"},"canonical":"https:\/\/www.rooderchina.com\/fr\/produit\/eec-coc-harley-citycoco-electric-scooter-with-two-removable-battery\/","og_locale":"fr_FR","og_type":"article","og_title":"EEC &amp; COC harley citycoco electric scooter with two removable battery - Electric Scooters Bikes Citycoco Manufacturer","og_description":"Short Description: Finding\u00a0EEC &amp; COC\u00a0 harley citycoco electric scooter with two removable battery from Rooder EEC citycoco factory, harley electric scooter manufacturer\u00a0 in China. &nbsp;    Brand: OEM\/ODM\/ROODER   Min.Order Quantity: 10 Piece\/Pieces   Supply Ability: 10000 Piece\/Pieces per Month   Port: Shenzhen   Payment Terms: T\/T, L\/C, D\/A, D\/P   Model No.: EEC-R804r   Motor: 1500W   Removable battery: 12AH or 20AH","og_url":"https:\/\/www.rooderchina.com\/fr\/produit\/eec-coc-harley-citycoco-electric-scooter-with-two-removable-battery\/","og_site_name":"Electric Scooters Bikes Citycoco Manufacturer","article_publisher":"https:\/\/www.facebook.com\/rooder.tec","article_modified_time":"2023-11-19T17:47:46+00:00","og_image":[{"width":960,"height":960,"url":"https:\/\/www.rooderchina.com\/wp-content\/uploads\/2023\/11\/62c2cf0f.jpg","type":"image\/jpeg"}],"twitter_card":"summary_large_image","twitter_site":"@RooderTec","twitter_misc":{"Dur\u00e9e de lecture estim\u00e9e":"1 minute"},"schema":{"@context":"https:\/\/schema.org","@graph":[{"@type":"WebPage","@id":"https:\/\/www.rooderchina.com\/product\/eec-coc-harley-citycoco-electric-scooter-with-two-removable-battery\/","url":"https:\/\/www.rooderchina.com\/product\/eec-coc-harley-citycoco-electric-scooter-with-two-removable-battery\/","name":"EEC &amp; COC harley citycoco electric scooter with two removable battery - Electric Scooters Bikes Citycoco Manufacturer","isPartOf":{"@id":"https:\/\/www.rooderchina.com\/#website"},"datePublished":"2023-11-11T10:47:36+00:00","dateModified":"2023-11-19T17:47:46+00:00","breadcrumb":{"@id":"https:\/\/www.rooderchina.com\/product\/eec-coc-harley-citycoco-electric-scooter-with-two-removable-battery\/#breadcrumb"},"inLanguage":"fr-FR","potentialAction":[{"@type":"ReadAction","target":["https:\/\/www.rooderchina.com\/product\/eec-coc-harley-citycoco-electric-scooter-with-two-removable-battery\/"]}]},{"@type":"BreadcrumbList","@id":"https:\/\/www.rooderchina.com\/product\/eec-coc-harley-citycoco-electric-scooter-with-two-removable-battery\/#breadcrumb","itemListElement":[{"@type":"ListItem","position":1,"name":"HOME","item":"https:\/\/www.rooderchina.com\/"},{"@type":"ListItem","position":2,"name":"Shop","item":"https:\/\/www.rooderchina.com\/shop\/"},{"@type":"ListItem","position":3,"name":"EEC &amp; COC harley citycoco electric scooter with two removable battery"}]},{"@type":"WebSite","@id":"https:\/\/www.rooderchina.com\/#website","url":"https:\/\/www.rooderchina.com\/","name":"Electric Scooters Bikes Citycoco Manufacturer","description":"Rooder Technology Limited","publisher":{"@id":"https:\/\/www.rooderchina.com\/#organization"},"potentialAction":[{"@type":"SearchAction","target":{"@type":"EntryPoint","urlTemplate":"https:\/\/www.rooderchina.com\/?s={search_term_string}"},"query-input":"required name=search_term_string"}],"inLanguage":"fr-FR"},{"@type":"Organization","@id":"https:\/\/www.rooderchina.com\/#organization","name":"Electric Scooters Bikes Citycoco Manufacturer","url":"https:\/\/www.rooderchina.com\/","logo":{"@type":"ImageObject","inLanguage":"fr-FR","@id":"https:\/\/www.rooderchina.com\/#\/schema\/logo\/image\/","url":"https:\/\/www.rooderchina.com\/wp-content\/uploads\/2023\/12\/rooder2.jpg","contentUrl":"https:\/\/www.rooderchina.com\/wp-content\/uploads\/2023\/12\/rooder2.jpg","width":1723,"height":1037,"caption":"Electric Scooters Bikes Citycoco Manufacturer"},"image":{"@id":"https:\/\/www.rooderchina.com\/#\/schema\/logo\/image\/"},"sameAs":["https:\/\/www.facebook.com\/rooder.tec","https:\/\/twitter.com\/RooderTec"]}]}},"_links":{"self":[{"href":"https:\/\/www.rooderchina.com\/fr\/wp-json\/wp\/v2\/product\/9718","targetHints":{"allow":["GET"]}}],"collection":[{"href":"https:\/\/www.rooderchina.com\/fr\/wp-json\/wp\/v2\/product"}],"about":[{"href":"https:\/\/www.rooderchina.com\/fr\/wp-json\/wp\/v2\/types\/product"}],"replies":[{"embeddable":true,"href":"https:\/\/www.rooderchina.com\/fr\/wp-json\/wp\/v2\/comments?post=9718"}],"version-history":[{"count":1,"href":"https:\/\/www.rooderchina.com\/fr\/wp-json\/wp\/v2\/product\/9718\/revisions"}],"predecessor-version":[{"id":9719,"href":"https:\/\/www.rooderchina.com\/fr\/wp-json\/wp\/v2\/product\/9718\/revisions\/9719"}],"wp:featuredmedia":[{"embeddable":true,"href":"https:\/\/www.rooderchina.com\/fr\/wp-json\/wp\/v2\/media\/9720"}],"wp:attachment":[{"href":"https:\/\/www.rooderchina.com\/fr\/wp-json\/wp\/v2\/media?parent=9718"}],"wp:term":[{"taxonomy":"product_brand","embeddable":true,"href":"https:\/\/www.rooderchina.com\/fr\/wp-json\/wp\/v2\/product_brand?post=9718"},{"taxonomy":"product_cat","embeddable":true,"href":"https:\/\/www.rooderchina.com\/fr\/wp-json\/wp\/v2\/product_cat?post=9718"},{"taxonomy":"product_tag","embeddable":true,"href":"https:\/\/www.rooderchina.com\/fr\/wp-json\/wp\/v2\/product_tag?post=9718"}],"curies":[{"name":"wp","href":"https:\/\/api.w.org\/{rel}","templated":true}]}}