{"id":9711,"date":"2023-11-11T18:47:36","date_gmt":"2023-11-11T10:47:36","guid":{"rendered":"http:\/\/www.rooderchina.com\/index.php\/product\/eec-approval-moto-citycoco-electric-scooter-with-coc-document-vin-from-china\/"},"modified":"2023-11-11T18:47:36","modified_gmt":"2023-11-11T10:47:36","slug":"eec-approval-moto-citycoco-electric-scooter-with-coc-document-vin-from-china","status":"publish","type":"product","link":"https:\/\/www.rooderchina.com\/fr\/produit\/eec-approval-moto-citycoco-electric-scooter-with-coc-document-vin-from-china\/","title":{"rendered":"Homologation CEE moto citycoco scooter \u00e9lectrique avec document COC VIN de Chine"},"content":{"rendered":"<p><span style=\"font-size: large;\">Homologation CEE moto citycoco scooter \u00e9lectrique avec document COC VIN de Chine<\/span><\/p>\n<section>\n<section>\n<section>\n<section>\n<section>\n<section>L'application du certificat CEE est appr\u00e9ci\u00e9e par de nombreux clients europ\u00e9ens. Le scooter \u00e9lectrique \u00e0 grandes roues EEC est le meilleur choix pour l'importateur. Le scooter \u00e9lectrique \u00e0 grande roue EEC est le meilleur choix pour l'importateur.\u00a0<\/p>\n<section>\n<section>\n<section>\n<section>\n<section>\n<section>Mod\u00e8le:r804x<br \/>\nMat\u00e9riau : tube d'acier<br \/>\nBatterie : Batterie Li-on 60V 12AH<br \/>\nPuissance du moteur : 1000W<br \/>\nFrein avant :Frein \u00e0 huile + Frein \u00e0 disque<br \/>\nVitesse maximale : 30-50km\/h<br \/>\nAutonomie par charge : 30-40KM<br \/>\nCharge maximale :200KGS<br \/>\nTemp\u00e9rature de fonctionnement :10-40 degr\u00e9s<iframe loading=\"lazy\" src=\"https:\/\/www.youtube.com\/embed\/XSOCUyU0qJg?rel=0\" height=\"576\" width=\"1024\" allowfullscreen=\"\" frameborder=\"0\"><\/iframe><span style=\"font-size: large;\">Voyons le citycoco de la CEE.<\/span><\/p>\n<\/p>\n<section>\n<section>\n<section>\n<section>\n<section>\n<section>\n<section>\n<section>\n<section>\n<article>\n<section>\n<section>\n<section>\n<article>\n<section>\n<section>\n<section>\n<article>\n<section>\n<section>\n<section>\n<article>\n<section>\n<section>\n<section>\n<article>\n<section>\n<section>\n<section>\n<section>\n<section>\n<section>\n<section>\n<section>\n<section>\n<section>\n<section>\n<section>   <\/section>\n<section><\/section>\n<section><span style=\"font-size: medium;\">Informations sur le paquet<\/span><\/section>\n<section><\/section>\n<section><span style=\"font-size: medium;\">1PC\/carton<\/span><\/section>\n<section><span style=\"font-size: medium;\">Taille du carton : 1850*420*870mmNW:65kg, GW:70kg0.676CBM\/pcs<\/span><\/section>\n<section><\/section>\n<section>   <\/section>\n<\/section>\n<\/section>\n<\/section>\n<\/section>\n<\/section>\n<\/section>\n<\/section>\n<\/section>\n<\/section>\n<\/section>\n<\/section>\n<\/article>\n<\/section>\n<\/section>\n<\/section>\n<\/article>\n<\/section>\n<\/section>\n<\/section>\n<\/article>\n<\/section>\n<\/section>\n<\/section>\n<\/article>\n<\/section>\n<\/section>\n<\/section>\n<\/article>\n<\/section>\n<\/section>\n<\/section>\n<\/section>\n<\/section>\n<\/section>\n<\/section>\n<\/section>\n<\/section>\n<\/section>\n<\/section>\n<\/section>\n<\/section>\n<\/section>\n<\/section>\n<\/section>\n<\/section>\n<\/section>\n<\/section>\n<\/section>\n<\/section>","protected":false},"excerpt":{"rendered":"<h3>Description succincte :<\/h3>\n<p><p>Trouver l'approbation EEC moto citycoco scooter \u00e9lectrique avec le document COC VIN de la Chine Rooder EEC citycoco scooter factory , fournisseur de harley de qualit\u00e9 exportant EEC citycoco partout dans le monde.<\/p>\n<\/p>\n<p><\/p>\n<li><em>Marque : <\/em> OEM\/ODM\/ROODER<\/li>\n<li><em>Quantit\u00e9 minimale de commande : <\/em> 10 pi\u00e8ces\/pi\u00e8ces<\/li>\n<li><em>Capacit\u00e9 d'approvisionnement : <\/em> 10000 pi\u00e8ces par mois<\/li>\n<li><em>Port : <\/em> Shenzhen<\/li>\n<li><em>Conditions de paiement : <\/em> T\/T, L\/C, D\/A, D\/P<\/li>","protected":false},"featured_media":9713,"comment_status":"closed","ping_status":"open","template":"","meta":[],"product_brand":[],"product_cat":[464],"product_tag":[527,825,822,548,493],"class_list":{"0":"post-9711","1":"product","2":"type-product","3":"status-publish","4":"has-post-thumbnail","6":"product_cat-citycoco-choppers","7":"product_tag-citycoco-factory","8":"product_tag-coc-citycoco-harley-scooter","9":"product_tag-eec-approval-citycoco","10":"product_tag-eec-citycoco-electric-scooter","11":"product_tag-electric-harley-scooter","13":"first","14":"instock","15":"product-type-simple"},"yoast_head":"<!-- This site is optimized with the Yoast SEO plugin v21.7 - https:\/\/yoast.com\/wordpress\/plugins\/seo\/ -->\n<title>EEC approval moto citycoco electric scooter with COC document VIN from China - Electric Scooters Bikes Citycoco Manufacturer<\/title>\n<meta name=\"robots\" content=\"index, follow, max-snippet:-1, max-image-preview:large, max-video-preview:-1\" \/>\n<link rel=\"canonical\" href=\"https:\/\/www.rooderchina.com\/fr\/produit\/eec-approval-moto-citycoco-electric-scooter-with-coc-document-vin-from-china\/\" \/>\n<meta property=\"og:locale\" content=\"fr_FR\" \/>\n<meta property=\"og:type\" content=\"article\" \/>\n<meta property=\"og:title\" content=\"EEC approval moto citycoco electric scooter with COC document VIN from China - Electric Scooters Bikes Citycoco Manufacturer\" \/>\n<meta property=\"og:description\" content=\"Short Description: Finding\u00a0EEC approval moto citycoco electric scooter with COC document VIN from China Rooder EEC citycoco scooter factory , quality harley supplier exporting EEC citycoco all over the world.    Brand: OEM\/ODM\/ROODER   Min.Order Quantity: 10 Piece\/Pieces   Supply Ability: 10000 Piece\/Pieces per Month   Port: Shenzhen   Payment Terms: T\/T, L\/C, D\/A, D\/P\" \/>\n<meta property=\"og:url\" content=\"https:\/\/www.rooderchina.com\/fr\/produit\/eec-approval-moto-citycoco-electric-scooter-with-coc-document-vin-from-china\/\" \/>\n<meta property=\"og:site_name\" content=\"Electric Scooters Bikes Citycoco Manufacturer\" \/>\n<meta property=\"article:publisher\" content=\"https:\/\/www.facebook.com\/rooder.tec\" \/>\n<meta property=\"og:image\" content=\"https:\/\/www.rooderchina.com\/wp-content\/uploads\/2023\/11\/6d88d4d81.jpg\" \/>\n\t<meta property=\"og:image:width\" content=\"960\" \/>\n\t<meta property=\"og:image:height\" content=\"960\" \/>\n\t<meta property=\"og:image:type\" content=\"image\/jpeg\" \/>\n<meta name=\"twitter:card\" content=\"summary_large_image\" \/>\n<meta name=\"twitter:site\" content=\"@RooderTec\" \/>\n<script type=\"application\/ld+json\" class=\"yoast-schema-graph\">{\"@context\":\"https:\/\/schema.org\",\"@graph\":[{\"@type\":\"WebPage\",\"@id\":\"https:\/\/www.rooderchina.com\/product\/eec-approval-moto-citycoco-electric-scooter-with-coc-document-vin-from-china\/\",\"url\":\"https:\/\/www.rooderchina.com\/product\/eec-approval-moto-citycoco-electric-scooter-with-coc-document-vin-from-china\/\",\"name\":\"EEC approval moto citycoco electric scooter with COC document VIN from China - Electric Scooters Bikes Citycoco Manufacturer\",\"isPartOf\":{\"@id\":\"https:\/\/www.rooderchina.com\/#website\"},\"datePublished\":\"2023-11-11T10:47:36+00:00\",\"dateModified\":\"2023-11-11T10:47:36+00:00\",\"breadcrumb\":{\"@id\":\"https:\/\/www.rooderchina.com\/product\/eec-approval-moto-citycoco-electric-scooter-with-coc-document-vin-from-china\/#breadcrumb\"},\"inLanguage\":\"fr-FR\",\"potentialAction\":[{\"@type\":\"ReadAction\",\"target\":[\"https:\/\/www.rooderchina.com\/product\/eec-approval-moto-citycoco-electric-scooter-with-coc-document-vin-from-china\/\"]}]},{\"@type\":\"BreadcrumbList\",\"@id\":\"https:\/\/www.rooderchina.com\/product\/eec-approval-moto-citycoco-electric-scooter-with-coc-document-vin-from-china\/#breadcrumb\",\"itemListElement\":[{\"@type\":\"ListItem\",\"position\":1,\"name\":\"HOME\",\"item\":\"https:\/\/www.rooderchina.com\/\"},{\"@type\":\"ListItem\",\"position\":2,\"name\":\"Shop\",\"item\":\"https:\/\/www.rooderchina.com\/shop\/\"},{\"@type\":\"ListItem\",\"position\":3,\"name\":\"EEC approval moto citycoco electric scooter with COC document VIN from China\"}]},{\"@type\":\"WebSite\",\"@id\":\"https:\/\/www.rooderchina.com\/#website\",\"url\":\"https:\/\/www.rooderchina.com\/\",\"name\":\"Electric Scooters Bikes Citycoco Manufacturer\",\"description\":\"Rooder Technology Limited\",\"publisher\":{\"@id\":\"https:\/\/www.rooderchina.com\/#organization\"},\"potentialAction\":[{\"@type\":\"SearchAction\",\"target\":{\"@type\":\"EntryPoint\",\"urlTemplate\":\"https:\/\/www.rooderchina.com\/?s={search_term_string}\"},\"query-input\":\"required name=search_term_string\"}],\"inLanguage\":\"fr-FR\"},{\"@type\":\"Organization\",\"@id\":\"https:\/\/www.rooderchina.com\/#organization\",\"name\":\"Electric Scooters Bikes Citycoco Manufacturer\",\"url\":\"https:\/\/www.rooderchina.com\/\",\"logo\":{\"@type\":\"ImageObject\",\"inLanguage\":\"fr-FR\",\"@id\":\"https:\/\/www.rooderchina.com\/#\/schema\/logo\/image\/\",\"url\":\"https:\/\/www.rooderchina.com\/wp-content\/uploads\/2023\/12\/rooder2.jpg\",\"contentUrl\":\"https:\/\/www.rooderchina.com\/wp-content\/uploads\/2023\/12\/rooder2.jpg\",\"width\":1723,\"height\":1037,\"caption\":\"Electric Scooters Bikes Citycoco Manufacturer\"},\"image\":{\"@id\":\"https:\/\/www.rooderchina.com\/#\/schema\/logo\/image\/\"},\"sameAs\":[\"https:\/\/www.facebook.com\/rooder.tec\",\"https:\/\/twitter.com\/RooderTec\"]}]}<\/script>\n<!-- \/ Yoast SEO plugin. -->","yoast_head_json":{"title":"EEC approval moto citycoco electric scooter with COC document VIN from China - Electric Scooters Bikes Citycoco Manufacturer","robots":{"index":"index","follow":"follow","max-snippet":"max-snippet:-1","max-image-preview":"max-image-preview:large","max-video-preview":"max-video-preview:-1"},"canonical":"https:\/\/www.rooderchina.com\/fr\/produit\/eec-approval-moto-citycoco-electric-scooter-with-coc-document-vin-from-china\/","og_locale":"fr_FR","og_type":"article","og_title":"EEC approval moto citycoco electric scooter with COC document VIN from China - Electric Scooters Bikes Citycoco Manufacturer","og_description":"Short Description: Finding\u00a0EEC approval moto citycoco electric scooter with COC document VIN from China Rooder EEC citycoco scooter factory , quality harley supplier exporting EEC citycoco all over the world.    Brand: OEM\/ODM\/ROODER   Min.Order Quantity: 10 Piece\/Pieces   Supply Ability: 10000 Piece\/Pieces per Month   Port: Shenzhen   Payment Terms: T\/T, L\/C, D\/A, D\/P","og_url":"https:\/\/www.rooderchina.com\/fr\/produit\/eec-approval-moto-citycoco-electric-scooter-with-coc-document-vin-from-china\/","og_site_name":"Electric Scooters Bikes Citycoco Manufacturer","article_publisher":"https:\/\/www.facebook.com\/rooder.tec","og_image":[{"width":960,"height":960,"url":"https:\/\/www.rooderchina.com\/wp-content\/uploads\/2023\/11\/6d88d4d81.jpg","type":"image\/jpeg"}],"twitter_card":"summary_large_image","twitter_site":"@RooderTec","schema":{"@context":"https:\/\/schema.org","@graph":[{"@type":"WebPage","@id":"https:\/\/www.rooderchina.com\/product\/eec-approval-moto-citycoco-electric-scooter-with-coc-document-vin-from-china\/","url":"https:\/\/www.rooderchina.com\/product\/eec-approval-moto-citycoco-electric-scooter-with-coc-document-vin-from-china\/","name":"EEC approval moto citycoco electric scooter with COC document VIN from China - Electric Scooters Bikes Citycoco Manufacturer","isPartOf":{"@id":"https:\/\/www.rooderchina.com\/#website"},"datePublished":"2023-11-11T10:47:36+00:00","dateModified":"2023-11-11T10:47:36+00:00","breadcrumb":{"@id":"https:\/\/www.rooderchina.com\/product\/eec-approval-moto-citycoco-electric-scooter-with-coc-document-vin-from-china\/#breadcrumb"},"inLanguage":"fr-FR","potentialAction":[{"@type":"ReadAction","target":["https:\/\/www.rooderchina.com\/product\/eec-approval-moto-citycoco-electric-scooter-with-coc-document-vin-from-china\/"]}]},{"@type":"BreadcrumbList","@id":"https:\/\/www.rooderchina.com\/product\/eec-approval-moto-citycoco-electric-scooter-with-coc-document-vin-from-china\/#breadcrumb","itemListElement":[{"@type":"ListItem","position":1,"name":"HOME","item":"https:\/\/www.rooderchina.com\/"},{"@type":"ListItem","position":2,"name":"Shop","item":"https:\/\/www.rooderchina.com\/shop\/"},{"@type":"ListItem","position":3,"name":"EEC approval moto citycoco electric scooter with COC document VIN from China"}]},{"@type":"WebSite","@id":"https:\/\/www.rooderchina.com\/#website","url":"https:\/\/www.rooderchina.com\/","name":"Electric Scooters Bikes Citycoco Manufacturer","description":"Rooder Technology Limited","publisher":{"@id":"https:\/\/www.rooderchina.com\/#organization"},"potentialAction":[{"@type":"SearchAction","target":{"@type":"EntryPoint","urlTemplate":"https:\/\/www.rooderchina.com\/?s={search_term_string}"},"query-input":"required name=search_term_string"}],"inLanguage":"fr-FR"},{"@type":"Organization","@id":"https:\/\/www.rooderchina.com\/#organization","name":"Electric Scooters Bikes Citycoco Manufacturer","url":"https:\/\/www.rooderchina.com\/","logo":{"@type":"ImageObject","inLanguage":"fr-FR","@id":"https:\/\/www.rooderchina.com\/#\/schema\/logo\/image\/","url":"https:\/\/www.rooderchina.com\/wp-content\/uploads\/2023\/12\/rooder2.jpg","contentUrl":"https:\/\/www.rooderchina.com\/wp-content\/uploads\/2023\/12\/rooder2.jpg","width":1723,"height":1037,"caption":"Electric Scooters Bikes Citycoco Manufacturer"},"image":{"@id":"https:\/\/www.rooderchina.com\/#\/schema\/logo\/image\/"},"sameAs":["https:\/\/www.facebook.com\/rooder.tec","https:\/\/twitter.com\/RooderTec"]}]}},"_links":{"self":[{"href":"https:\/\/www.rooderchina.com\/fr\/wp-json\/wp\/v2\/product\/9711","targetHints":{"allow":["GET"]}}],"collection":[{"href":"https:\/\/www.rooderchina.com\/fr\/wp-json\/wp\/v2\/product"}],"about":[{"href":"https:\/\/www.rooderchina.com\/fr\/wp-json\/wp\/v2\/types\/product"}],"replies":[{"embeddable":true,"href":"https:\/\/www.rooderchina.com\/fr\/wp-json\/wp\/v2\/comments?post=9711"}],"version-history":[{"count":1,"href":"https:\/\/www.rooderchina.com\/fr\/wp-json\/wp\/v2\/product\/9711\/revisions"}],"predecessor-version":[{"id":9712,"href":"https:\/\/www.rooderchina.com\/fr\/wp-json\/wp\/v2\/product\/9711\/revisions\/9712"}],"wp:featuredmedia":[{"embeddable":true,"href":"https:\/\/www.rooderchina.com\/fr\/wp-json\/wp\/v2\/media\/9713"}],"wp:attachment":[{"href":"https:\/\/www.rooderchina.com\/fr\/wp-json\/wp\/v2\/media?parent=9711"}],"wp:term":[{"taxonomy":"product_brand","embeddable":true,"href":"https:\/\/www.rooderchina.com\/fr\/wp-json\/wp\/v2\/product_brand?post=9711"},{"taxonomy":"product_cat","embeddable":true,"href":"https:\/\/www.rooderchina.com\/fr\/wp-json\/wp\/v2\/product_cat?post=9711"},{"taxonomy":"product_tag","embeddable":true,"href":"https:\/\/www.rooderchina.com\/fr\/wp-json\/wp\/v2\/product_tag?post=9711"}],"curies":[{"name":"wp","href":"https:\/\/api.w.org\/{rel}","templated":true}]}}