{"id":9697,"date":"2023-11-11T18:46:12","date_gmt":"2023-11-11T10:46:12","guid":{"rendered":"http:\/\/www.rooderchina.com\/index.php\/product\/china-harley-citycoco-scooter-with-eec-coc-approval\/"},"modified":"2023-11-20T01:43:17","modified_gmt":"2023-11-19T17:43:17","slug":"china-harley-citycoco-scooter-with-eec-coc-approval","status":"publish","type":"product","link":"https:\/\/www.rooderchina.com\/fr\/produit\/china-harley-citycoco-scooter-with-eec-coc-approval\/","title":{"rendered":"Scooter chinois Harley citycoco avec approbation CEE et COC"},"content":{"rendered":"<p><span style=\"font-size: large;\">Scooter chinois Harley citycoco avec approbation CEE et COC\u00a0<\/span><\/p>\n<p>&nbsp;<\/p>\n<p>Le groupe Rooder est pr\u00e9sent dans l'industrie du scooter \u00e9lectrique depuis 5 ans. L'usine se concentre sur le scooter \u00e9lectrique EEC et COC, le scooter d'\u00e9quilibre et le scooter de course.  Nous exportons des scooters \u00e9lectriques de haute qualit\u00e9 dans le monde entier, ce qui nous a permis d'acqu\u00e9rir une bonne r\u00e9putation. La marque Rooder repr\u00e9sente la haute qualit\u00e9 et le bon service.<\/p>\n<p>&nbsp;<\/p>\n<p>Regardons cet excellent citycoco EEC &amp; COC.<\/p>\n<p><iframe loading=\"lazy\" src=\"https:\/\/www.youtube.com\/embed\/XSOCUyU0qJg?rel=0\" height=\"560\" width=\"1025\" allowfullscreen=\"\" frameborder=\"0\"><\/iframe><\/p>\n<p>Taille du produit : 1756x700x1200mm<br \/>\nTaille des pneus : 18\u00d79.5inch<br \/>\nmode de freinage : Frein \u00e0 disque<br \/>\nMont\u00e9e maximale : 30 degr\u00e9s<br \/>\nCouple maximum : 95N\/M<br \/>\nKilom\u00e9trage maximum : 35-40KM<br \/>\nVitesse maximale : 45 km\/h<br \/>\nCharge maximale : 200KG<br \/>\nBatterie amovible : batterie au lithium 60V12AH<br \/>\nTemps de charge : 6 heures<br \/>\nPuissance du moteur : 1000W<\/p>\n<\/p>\n<p><span style=\"font-size: large;\">Argument de vente<\/span><\/p>\n<\/p>\n<p>Batterie \u00e0 deux options pour ce citycoco<\/p>\n<p>Dans notre vie quotidienne, nous avons probablement besoin d'aller quelque part avec une longue distance.<\/p>\n<p>Batterie 12 AH : 35-40km\/h<\/p>\n<p>Batterie 20 AH : 55-65km\/h<\/p>\n<\/p>\n<p><span style=\"font-size: large;\">En ce qui concerne le document du COC, veuillez regarder l'image ci-dessous<\/span><\/p>\n<\/p>\n<p><span style=\"font-size: large;\">Informations sur l'emballage\u00a0<\/span><\/p>\n<p>1PC\/carton<\/p>\n<p>Taille du carton : 1850*420*870mm<\/p>\n<p>NW:65kg, GW:70kg<\/p>\n<p>0,676CBM\/pc<\/p>\n<p>Commande de conteneurs :<\/p>\n<p>43pcs en 20GP<\/p>\n<p>92pcs en 40GP<\/p>\n<p>104pcs en 40HC<\/p>\n<\/p>\n<p>&nbsp;<\/p>","protected":false},"excerpt":{"rendered":"<h3>Description succincte :<\/h3>\n<p><p>Trouver un scooter Harley citycoco en Chine avec l'approbation EEC &amp; COC de Rooder EEC &amp; COC approval Citycoco factory qui est un fournisseur professionnel de scooter Harley citycoco COC en Chine, vendant citycoco \u00e0 travers le monde entier.<\/p>\n<\/p>\n<p><\/p>\n<li><em>Marque : <\/em> OEM\/ODM\/ROODER<\/li>\n<li><em>Quantit\u00e9 minimale de commande : <\/em> 10 pi\u00e8ces\/pi\u00e8ces<\/li>\n<li><em>Capacit\u00e9 d'approvisionnement : <\/em> 10000 pi\u00e8ces par mois<\/li>\n<li><em>Port : <\/em> Shenzhen<\/li>\n<li><em>Conditions de paiement : <\/em> T\/T, L\/C, D\/A, D\/P<\/li>\n<li><em>Mod\u00e8le : <\/em> R804x-EEC<\/li>","protected":false},"featured_media":9699,"comment_status":"closed","ping_status":"closed","template":"","meta":[],"product_brand":[],"product_cat":[464],"product_tag":[512,1161,513,839,472,821,547,822,823,1162],"class_list":{"0":"post-9697","1":"product","2":"type-product","3":"status-publish","4":"has-post-thumbnail","6":"product_cat-citycoco-choppers","7":"product_tag-big-wheel-electric-scooter","8":"product_tag-citycoco-1500w","9":"product_tag-citycoco-electric-scooter","10":"product_tag-citycoco-harley","11":"product_tag-citycoco-scooter","12":"product_tag-coc-approval-citycoco","13":"product_tag-coc-citycoco-factory","14":"product_tag-eec-approval-citycoco","15":"product_tag-eec-citycoco-factory","16":"product_tag-electric-scoo","18":"first","19":"instock","20":"product-type-simple"},"yoast_head":"<!-- This site is optimized with the Yoast SEO plugin v21.7 - https:\/\/yoast.com\/wordpress\/plugins\/seo\/ -->\n<title>China Harley citycoco scooter with EEC &amp; COC approval - Electric Scooters Bikes Citycoco Manufacturer<\/title>\n<meta name=\"robots\" content=\"index, follow, max-snippet:-1, max-image-preview:large, max-video-preview:-1\" \/>\n<link rel=\"canonical\" href=\"https:\/\/www.rooderchina.com\/fr\/produit\/china-harley-citycoco-scooter-with-eec-coc-approval\/\" \/>\n<meta property=\"og:locale\" content=\"fr_FR\" \/>\n<meta property=\"og:type\" content=\"article\" \/>\n<meta property=\"og:title\" content=\"China Harley citycoco scooter with EEC &amp; COC approval - Electric Scooters Bikes Citycoco Manufacturer\" \/>\n<meta property=\"og:description\" content=\"Short Description: Finding\u00a0China Harley citycoco scooter with EEC &amp; COC approval from Rooder EEC &amp; COC approval Citycoco factory which is professional COC harlet citycoco scooter supplier in China, selling citycoco to all around the world.    Brand: OEM\/ODM\/ROODER   Min.Order Quantity: 10 Piece\/Pieces   Supply Ability: 10000 Piece\/Pieces per Month   Port: Shenzhen   Payment Terms: T\/T, L\/C, D\/A, D\/P   Model : R804x-EEC\" \/>\n<meta property=\"og:url\" content=\"https:\/\/www.rooderchina.com\/fr\/produit\/china-harley-citycoco-scooter-with-eec-coc-approval\/\" \/>\n<meta property=\"og:site_name\" content=\"Electric Scooters Bikes Citycoco Manufacturer\" \/>\n<meta property=\"article:publisher\" content=\"https:\/\/www.facebook.com\/rooder.tec\" \/>\n<meta property=\"article:modified_time\" content=\"2023-11-19T17:43:17+00:00\" \/>\n<meta property=\"og:image\" content=\"https:\/\/www.rooderchina.com\/wp-content\/uploads\/2023\/11\/f2e2575f2.jpg\" \/>\n\t<meta property=\"og:image:width\" content=\"960\" \/>\n\t<meta property=\"og:image:height\" content=\"960\" \/>\n\t<meta property=\"og:image:type\" content=\"image\/jpeg\" \/>\n<meta name=\"twitter:card\" content=\"summary_large_image\" \/>\n<meta name=\"twitter:site\" content=\"@RooderTec\" \/>\n<meta name=\"twitter:label1\" content=\"Dur\u00e9e de lecture estim\u00e9e\" \/>\n\t<meta name=\"twitter:data1\" content=\"1 minute\" \/>\n<script type=\"application\/ld+json\" class=\"yoast-schema-graph\">{\"@context\":\"https:\/\/schema.org\",\"@graph\":[{\"@type\":\"WebPage\",\"@id\":\"https:\/\/www.rooderchina.com\/product\/china-harley-citycoco-scooter-with-eec-coc-approval\/\",\"url\":\"https:\/\/www.rooderchina.com\/product\/china-harley-citycoco-scooter-with-eec-coc-approval\/\",\"name\":\"China Harley citycoco scooter with EEC &amp; COC approval - Electric Scooters Bikes Citycoco Manufacturer\",\"isPartOf\":{\"@id\":\"https:\/\/www.rooderchina.com\/#website\"},\"datePublished\":\"2023-11-11T10:46:12+00:00\",\"dateModified\":\"2023-11-19T17:43:17+00:00\",\"breadcrumb\":{\"@id\":\"https:\/\/www.rooderchina.com\/product\/china-harley-citycoco-scooter-with-eec-coc-approval\/#breadcrumb\"},\"inLanguage\":\"fr-FR\",\"potentialAction\":[{\"@type\":\"ReadAction\",\"target\":[\"https:\/\/www.rooderchina.com\/product\/china-harley-citycoco-scooter-with-eec-coc-approval\/\"]}]},{\"@type\":\"BreadcrumbList\",\"@id\":\"https:\/\/www.rooderchina.com\/product\/china-harley-citycoco-scooter-with-eec-coc-approval\/#breadcrumb\",\"itemListElement\":[{\"@type\":\"ListItem\",\"position\":1,\"name\":\"HOME\",\"item\":\"https:\/\/www.rooderchina.com\/\"},{\"@type\":\"ListItem\",\"position\":2,\"name\":\"Shop\",\"item\":\"https:\/\/www.rooderchina.com\/shop\/\"},{\"@type\":\"ListItem\",\"position\":3,\"name\":\"China Harley citycoco scooter with EEC &amp; COC approval\"}]},{\"@type\":\"WebSite\",\"@id\":\"https:\/\/www.rooderchina.com\/#website\",\"url\":\"https:\/\/www.rooderchina.com\/\",\"name\":\"Electric Scooters Bikes Citycoco Manufacturer\",\"description\":\"Rooder Technology Limited\",\"publisher\":{\"@id\":\"https:\/\/www.rooderchina.com\/#organization\"},\"potentialAction\":[{\"@type\":\"SearchAction\",\"target\":{\"@type\":\"EntryPoint\",\"urlTemplate\":\"https:\/\/www.rooderchina.com\/?s={search_term_string}\"},\"query-input\":\"required name=search_term_string\"}],\"inLanguage\":\"fr-FR\"},{\"@type\":\"Organization\",\"@id\":\"https:\/\/www.rooderchina.com\/#organization\",\"name\":\"Electric Scooters Bikes Citycoco Manufacturer\",\"url\":\"https:\/\/www.rooderchina.com\/\",\"logo\":{\"@type\":\"ImageObject\",\"inLanguage\":\"fr-FR\",\"@id\":\"https:\/\/www.rooderchina.com\/#\/schema\/logo\/image\/\",\"url\":\"https:\/\/www.rooderchina.com\/wp-content\/uploads\/2023\/12\/rooder2.jpg\",\"contentUrl\":\"https:\/\/www.rooderchina.com\/wp-content\/uploads\/2023\/12\/rooder2.jpg\",\"width\":1723,\"height\":1037,\"caption\":\"Electric Scooters Bikes Citycoco Manufacturer\"},\"image\":{\"@id\":\"https:\/\/www.rooderchina.com\/#\/schema\/logo\/image\/\"},\"sameAs\":[\"https:\/\/www.facebook.com\/rooder.tec\",\"https:\/\/twitter.com\/RooderTec\"]}]}<\/script>\n<!-- \/ Yoast SEO plugin. -->","yoast_head_json":{"title":"China Harley citycoco scooter with EEC &amp; COC approval - Electric Scooters Bikes Citycoco Manufacturer","robots":{"index":"index","follow":"follow","max-snippet":"max-snippet:-1","max-image-preview":"max-image-preview:large","max-video-preview":"max-video-preview:-1"},"canonical":"https:\/\/www.rooderchina.com\/fr\/produit\/china-harley-citycoco-scooter-with-eec-coc-approval\/","og_locale":"fr_FR","og_type":"article","og_title":"China Harley citycoco scooter with EEC &amp; COC approval - Electric Scooters Bikes Citycoco Manufacturer","og_description":"Short Description: Finding\u00a0China Harley citycoco scooter with EEC &amp; COC approval from Rooder EEC &amp; COC approval Citycoco factory which is professional COC harlet citycoco scooter supplier in China, selling citycoco to all around the world.    Brand: OEM\/ODM\/ROODER   Min.Order Quantity: 10 Piece\/Pieces   Supply Ability: 10000 Piece\/Pieces per Month   Port: Shenzhen   Payment Terms: T\/T, L\/C, D\/A, D\/P   Model : R804x-EEC","og_url":"https:\/\/www.rooderchina.com\/fr\/produit\/china-harley-citycoco-scooter-with-eec-coc-approval\/","og_site_name":"Electric Scooters Bikes Citycoco Manufacturer","article_publisher":"https:\/\/www.facebook.com\/rooder.tec","article_modified_time":"2023-11-19T17:43:17+00:00","og_image":[{"width":960,"height":960,"url":"https:\/\/www.rooderchina.com\/wp-content\/uploads\/2023\/11\/f2e2575f2.jpg","type":"image\/jpeg"}],"twitter_card":"summary_large_image","twitter_site":"@RooderTec","twitter_misc":{"Dur\u00e9e de lecture estim\u00e9e":"1 minute"},"schema":{"@context":"https:\/\/schema.org","@graph":[{"@type":"WebPage","@id":"https:\/\/www.rooderchina.com\/product\/china-harley-citycoco-scooter-with-eec-coc-approval\/","url":"https:\/\/www.rooderchina.com\/product\/china-harley-citycoco-scooter-with-eec-coc-approval\/","name":"China Harley citycoco scooter with EEC &amp; COC approval - Electric Scooters Bikes Citycoco Manufacturer","isPartOf":{"@id":"https:\/\/www.rooderchina.com\/#website"},"datePublished":"2023-11-11T10:46:12+00:00","dateModified":"2023-11-19T17:43:17+00:00","breadcrumb":{"@id":"https:\/\/www.rooderchina.com\/product\/china-harley-citycoco-scooter-with-eec-coc-approval\/#breadcrumb"},"inLanguage":"fr-FR","potentialAction":[{"@type":"ReadAction","target":["https:\/\/www.rooderchina.com\/product\/china-harley-citycoco-scooter-with-eec-coc-approval\/"]}]},{"@type":"BreadcrumbList","@id":"https:\/\/www.rooderchina.com\/product\/china-harley-citycoco-scooter-with-eec-coc-approval\/#breadcrumb","itemListElement":[{"@type":"ListItem","position":1,"name":"HOME","item":"https:\/\/www.rooderchina.com\/"},{"@type":"ListItem","position":2,"name":"Shop","item":"https:\/\/www.rooderchina.com\/shop\/"},{"@type":"ListItem","position":3,"name":"China Harley citycoco scooter with EEC &amp; COC approval"}]},{"@type":"WebSite","@id":"https:\/\/www.rooderchina.com\/#website","url":"https:\/\/www.rooderchina.com\/","name":"Electric Scooters Bikes Citycoco Manufacturer","description":"Rooder Technology Limited","publisher":{"@id":"https:\/\/www.rooderchina.com\/#organization"},"potentialAction":[{"@type":"SearchAction","target":{"@type":"EntryPoint","urlTemplate":"https:\/\/www.rooderchina.com\/?s={search_term_string}"},"query-input":"required name=search_term_string"}],"inLanguage":"fr-FR"},{"@type":"Organization","@id":"https:\/\/www.rooderchina.com\/#organization","name":"Electric Scooters Bikes Citycoco Manufacturer","url":"https:\/\/www.rooderchina.com\/","logo":{"@type":"ImageObject","inLanguage":"fr-FR","@id":"https:\/\/www.rooderchina.com\/#\/schema\/logo\/image\/","url":"https:\/\/www.rooderchina.com\/wp-content\/uploads\/2023\/12\/rooder2.jpg","contentUrl":"https:\/\/www.rooderchina.com\/wp-content\/uploads\/2023\/12\/rooder2.jpg","width":1723,"height":1037,"caption":"Electric Scooters Bikes Citycoco Manufacturer"},"image":{"@id":"https:\/\/www.rooderchina.com\/#\/schema\/logo\/image\/"},"sameAs":["https:\/\/www.facebook.com\/rooder.tec","https:\/\/twitter.com\/RooderTec"]}]}},"_links":{"self":[{"href":"https:\/\/www.rooderchina.com\/fr\/wp-json\/wp\/v2\/product\/9697","targetHints":{"allow":["GET"]}}],"collection":[{"href":"https:\/\/www.rooderchina.com\/fr\/wp-json\/wp\/v2\/product"}],"about":[{"href":"https:\/\/www.rooderchina.com\/fr\/wp-json\/wp\/v2\/types\/product"}],"replies":[{"embeddable":true,"href":"https:\/\/www.rooderchina.com\/fr\/wp-json\/wp\/v2\/comments?post=9697"}],"version-history":[{"count":1,"href":"https:\/\/www.rooderchina.com\/fr\/wp-json\/wp\/v2\/product\/9697\/revisions"}],"predecessor-version":[{"id":9698,"href":"https:\/\/www.rooderchina.com\/fr\/wp-json\/wp\/v2\/product\/9697\/revisions\/9698"}],"wp:featuredmedia":[{"embeddable":true,"href":"https:\/\/www.rooderchina.com\/fr\/wp-json\/wp\/v2\/media\/9699"}],"wp:attachment":[{"href":"https:\/\/www.rooderchina.com\/fr\/wp-json\/wp\/v2\/media?parent=9697"}],"wp:term":[{"taxonomy":"product_brand","embeddable":true,"href":"https:\/\/www.rooderchina.com\/fr\/wp-json\/wp\/v2\/product_brand?post=9697"},{"taxonomy":"product_cat","embeddable":true,"href":"https:\/\/www.rooderchina.com\/fr\/wp-json\/wp\/v2\/product_cat?post=9697"},{"taxonomy":"product_tag","embeddable":true,"href":"https:\/\/www.rooderchina.com\/fr\/wp-json\/wp\/v2\/product_tag?post=9697"}],"curies":[{"name":"wp","href":"https:\/\/api.w.org\/{rel}","templated":true}]}}