{"id":9689,"date":"2023-11-11T18:46:12","date_gmt":"2023-11-11T10:46:12","guid":{"rendered":"http:\/\/www.rooderchina.com\/index.php\/product\/newest-big-wheel-citycoco-electric-scooter-with-seat-for-adult\/"},"modified":"2023-11-11T18:46:12","modified_gmt":"2023-11-11T10:46:12","slug":"newest-big-wheel-citycoco-electric-scooter-with-seat-for-adult","status":"publish","type":"product","link":"https:\/\/www.rooderchina.com\/fr\/produit\/newest-big-wheel-citycoco-electric-scooter-with-seat-for-adult\/","title":{"rendered":"Nouvelle trottinette \u00e9lectrique citycoco avec si\u00e8ge pour adulte"},"content":{"rendered":"<p><span style=\"font-size: large;\">Nouvelle trottinette \u00e9lectrique citycoco avec si\u00e8ge pour adulte<\/span><\/p>\n<p>Le groupe Rooder est pr\u00e9sent dans l'industrie du scooter \u00e9lectrique depuis 5 ans. L'usine se concentre sur le citycoco, le scooter d'\u00e9quilibre et le kick scooter.  Nous exportons des scooters \u00e9lectriques de haute qualit\u00e9 dans le monde entier, ce qui nous a permis d'acqu\u00e9rir une bonne r\u00e9putation. La marque Rooder repr\u00e9sente la haute qualit\u00e9 et le bon service.<\/p>\n<p>&nbsp;<\/p>\n<p>Jetons un coup d'\u0153il \u00e0 cet excellent scooter \u00e9lectrique citycoco<\/p>\n<p><iframe loading=\"lazy\" src=\"https:\/\/www.youtube.com\/embed\/Oip0Y3Z9gk8?rel=0\" height=\"550\" width=\"1025\" allowfullscreen=\"\" frameborder=\"0\"><\/iframe><\/p>\n<p>Mod\u00e8le:r804o<br \/>\nLongueur : 1756mm*750mm*50mm<br \/>\nTaille des pneus : 18\u00d79.5inch<br \/>\nmode de freinage : Frein \u00e0 disque<br \/>\nMont\u00e9e maximale : 18 degr\u00e9s<br \/>\nCouple maximum : 95N\/M<br \/>\nKilom\u00e9trage maximum : 35-40KM<br \/>\nVitesse maximale : 50 km\/h<br \/>\nCharge maximale : 200KG<br \/>\nBatterie amovible : batterie au lithium 60V12AH<br \/>\nTemps de charge : 6 heures<br \/>\nPuissance du moteur : 2000W<br \/>\nSuspension avant : oui<br \/>\nSuspension arri\u00e8re : oui<br \/>\nHorn : oui.<br \/>\nFeux de virage arri\u00e8re : oui<br \/>\nFeu d'arr\u00eat : oui<br \/>\n\u00c9cran LED : oui<br \/>\ndouble si\u00e8ge : oui<br \/>\nsupport de t\u00e9l\u00e9phone avec port USB : oui<br \/>\nbo\u00eete arri\u00e8re : oui<br \/>\nhaut-parleur moto : oui<br \/>\nfeux lat\u00e9raux avant : oui<br \/>\npneus tout-terrain : oui<br \/>\nmiroirs : oui\n       <\/p>\n<\/p>\n<p><span style=\"font-size: large;\">Informations sur l'emballage<\/span><\/p>\n<p>&nbsp;<\/p>\n<p>1PC\/carton<\/p>\n<p>Taille du carton : 1850*420*870mm<\/p>\n<p>NW:65kg, GW:70kg<\/p>\n<p>0,676CBM\/pc<\/p>\n<p>&nbsp;<\/p>\n<p>Commande de conteneurs :<\/p>\n<p>43pcs en 20GP<\/p>\n<p>92pcs en 40GP<\/p>\n<p>104pcs en 40HC<\/p>\n<\/p>\n<p>&nbsp;<\/p>","protected":false},"excerpt":{"rendered":"<h3>Description succincte :<\/h3>\n<p><p>Le scooter \u00e9lectrique citycoco \u00e0 grande roue avec si\u00e8ge pour adulte de Rooder citycoco est un scooter \u00e9lectrique \u00e0 grande roue qui est export\u00e9 dans le monde entier.<\/p>\n<\/p>\n<p><\/p>\n<li><em>Marque : <\/em> OEM\/ODM\/ROODER<\/li>\n<li><em>Quantit\u00e9 minimale de commande : <\/em> 10 pi\u00e8ces\/pi\u00e8ces<\/li>\n<li><em>Capacit\u00e9 d'approvisionnement : <\/em> 10000 pi\u00e8ces par mois<\/li>\n<li><em>Port : <\/em> Shenzhen<\/li>\n<li><em>Conditions de paiement : <\/em> T\/T, L\/C, D\/A, D\/P<\/li>\n<li><em>Mod\u00e8le : <\/em> R804o<\/li>","protected":false},"featured_media":9691,"comment_status":"closed","ping_status":"open","template":"","meta":[],"product_brand":[],"product_cat":[464],"product_tag":[820],"class_list":{"0":"post-9689","1":"product","2":"type-product","3":"status-publish","4":"has-post-thumbnail","6":"product_cat-citycoco-choppers","7":"product_tag-big-wheel-electric-scootercitycoco-1500wcitycoco-electric-scootercitycoco-harleycitycoco-scootercoc-approval-citycocococ-citycoco-factory","9":"first","10":"instock","11":"product-type-simple"},"yoast_head":"<!-- This site is optimized with the Yoast SEO plugin v21.7 - https:\/\/yoast.com\/wordpress\/plugins\/seo\/ -->\n<title>Newest Big wheel citycoco electric scooter with seat for adult - Electric Scooters Bikes Citycoco Manufacturer<\/title>\n<meta name=\"robots\" content=\"index, follow, max-snippet:-1, max-image-preview:large, max-video-preview:-1\" \/>\n<link rel=\"canonical\" href=\"https:\/\/www.rooderchina.com\/fr\/produit\/newest-big-wheel-citycoco-electric-scooter-with-seat-for-adult\/\" \/>\n<meta property=\"og:locale\" content=\"fr_FR\" \/>\n<meta property=\"og:type\" content=\"article\" \/>\n<meta property=\"og:title\" content=\"Newest Big wheel citycoco electric scooter with seat for adult - Electric Scooters Bikes Citycoco Manufacturer\" \/>\n<meta property=\"og:description\" content=\"Short Description: Finding\u00a0Newest Big wheel citycoco electric scooter with seat for adult from Rooder citycoco scooter factory, big wheel electric scooter supplier, exporting citycoco all\u00a0 around the world.    Brand: OEM\/ODM\/ROODER   Min.Order Quantity: 10 Piece\/Pieces   Supply Ability: 10000 Piece\/Pieces per Month   Port: Shenzhen   Payment Terms: T\/T, L\/C, D\/A, D\/P   Model: R804o\" \/>\n<meta property=\"og:url\" content=\"https:\/\/www.rooderchina.com\/fr\/produit\/newest-big-wheel-citycoco-electric-scooter-with-seat-for-adult\/\" \/>\n<meta property=\"og:site_name\" content=\"Electric Scooters Bikes Citycoco Manufacturer\" \/>\n<meta property=\"article:publisher\" content=\"https:\/\/www.facebook.com\/rooder.tec\" \/>\n<meta property=\"og:image\" content=\"https:\/\/www.rooderchina.com\/wp-content\/uploads\/2023\/11\/c7a1cbaa.jpg\" \/>\n\t<meta property=\"og:image:width\" content=\"1025\" \/>\n\t<meta property=\"og:image:height\" content=\"1025\" \/>\n\t<meta property=\"og:image:type\" content=\"image\/jpeg\" \/>\n<meta name=\"twitter:card\" content=\"summary_large_image\" \/>\n<meta name=\"twitter:site\" content=\"@RooderTec\" \/>\n<meta name=\"twitter:label1\" content=\"Dur\u00e9e de lecture estim\u00e9e\" \/>\n\t<meta name=\"twitter:data1\" content=\"1 minute\" \/>\n<script type=\"application\/ld+json\" class=\"yoast-schema-graph\">{\"@context\":\"https:\/\/schema.org\",\"@graph\":[{\"@type\":\"WebPage\",\"@id\":\"https:\/\/www.rooderchina.com\/product\/newest-big-wheel-citycoco-electric-scooter-with-seat-for-adult\/\",\"url\":\"https:\/\/www.rooderchina.com\/product\/newest-big-wheel-citycoco-electric-scooter-with-seat-for-adult\/\",\"name\":\"Newest Big wheel citycoco electric scooter with seat for adult - Electric Scooters Bikes Citycoco Manufacturer\",\"isPartOf\":{\"@id\":\"https:\/\/www.rooderchina.com\/#website\"},\"datePublished\":\"2023-11-11T10:46:12+00:00\",\"dateModified\":\"2023-11-11T10:46:12+00:00\",\"breadcrumb\":{\"@id\":\"https:\/\/www.rooderchina.com\/product\/newest-big-wheel-citycoco-electric-scooter-with-seat-for-adult\/#breadcrumb\"},\"inLanguage\":\"fr-FR\",\"potentialAction\":[{\"@type\":\"ReadAction\",\"target\":[\"https:\/\/www.rooderchina.com\/product\/newest-big-wheel-citycoco-electric-scooter-with-seat-for-adult\/\"]}]},{\"@type\":\"BreadcrumbList\",\"@id\":\"https:\/\/www.rooderchina.com\/product\/newest-big-wheel-citycoco-electric-scooter-with-seat-for-adult\/#breadcrumb\",\"itemListElement\":[{\"@type\":\"ListItem\",\"position\":1,\"name\":\"HOME\",\"item\":\"https:\/\/www.rooderchina.com\/\"},{\"@type\":\"ListItem\",\"position\":2,\"name\":\"Shop\",\"item\":\"https:\/\/www.rooderchina.com\/shop\/\"},{\"@type\":\"ListItem\",\"position\":3,\"name\":\"Newest Big wheel citycoco electric scooter with seat for adult\"}]},{\"@type\":\"WebSite\",\"@id\":\"https:\/\/www.rooderchina.com\/#website\",\"url\":\"https:\/\/www.rooderchina.com\/\",\"name\":\"Electric Scooters Bikes Citycoco Manufacturer\",\"description\":\"Rooder Technology Limited\",\"publisher\":{\"@id\":\"https:\/\/www.rooderchina.com\/#organization\"},\"potentialAction\":[{\"@type\":\"SearchAction\",\"target\":{\"@type\":\"EntryPoint\",\"urlTemplate\":\"https:\/\/www.rooderchina.com\/?s={search_term_string}\"},\"query-input\":\"required name=search_term_string\"}],\"inLanguage\":\"fr-FR\"},{\"@type\":\"Organization\",\"@id\":\"https:\/\/www.rooderchina.com\/#organization\",\"name\":\"Electric Scooters Bikes Citycoco Manufacturer\",\"url\":\"https:\/\/www.rooderchina.com\/\",\"logo\":{\"@type\":\"ImageObject\",\"inLanguage\":\"fr-FR\",\"@id\":\"https:\/\/www.rooderchina.com\/#\/schema\/logo\/image\/\",\"url\":\"https:\/\/www.rooderchina.com\/wp-content\/uploads\/2023\/12\/rooder2.jpg\",\"contentUrl\":\"https:\/\/www.rooderchina.com\/wp-content\/uploads\/2023\/12\/rooder2.jpg\",\"width\":1723,\"height\":1037,\"caption\":\"Electric Scooters Bikes Citycoco Manufacturer\"},\"image\":{\"@id\":\"https:\/\/www.rooderchina.com\/#\/schema\/logo\/image\/\"},\"sameAs\":[\"https:\/\/www.facebook.com\/rooder.tec\",\"https:\/\/twitter.com\/RooderTec\"]}]}<\/script>\n<!-- \/ Yoast SEO plugin. -->","yoast_head_json":{"title":"Newest Big wheel citycoco electric scooter with seat for adult - Electric Scooters Bikes Citycoco Manufacturer","robots":{"index":"index","follow":"follow","max-snippet":"max-snippet:-1","max-image-preview":"max-image-preview:large","max-video-preview":"max-video-preview:-1"},"canonical":"https:\/\/www.rooderchina.com\/fr\/produit\/newest-big-wheel-citycoco-electric-scooter-with-seat-for-adult\/","og_locale":"fr_FR","og_type":"article","og_title":"Newest Big wheel citycoco electric scooter with seat for adult - Electric Scooters Bikes Citycoco Manufacturer","og_description":"Short Description: Finding\u00a0Newest Big wheel citycoco electric scooter with seat for adult from Rooder citycoco scooter factory, big wheel electric scooter supplier, exporting citycoco all\u00a0 around the world.    Brand: OEM\/ODM\/ROODER   Min.Order Quantity: 10 Piece\/Pieces   Supply Ability: 10000 Piece\/Pieces per Month   Port: Shenzhen   Payment Terms: T\/T, L\/C, D\/A, D\/P   Model: R804o","og_url":"https:\/\/www.rooderchina.com\/fr\/produit\/newest-big-wheel-citycoco-electric-scooter-with-seat-for-adult\/","og_site_name":"Electric Scooters Bikes Citycoco Manufacturer","article_publisher":"https:\/\/www.facebook.com\/rooder.tec","og_image":[{"width":1025,"height":1025,"url":"https:\/\/www.rooderchina.com\/wp-content\/uploads\/2023\/11\/c7a1cbaa.jpg","type":"image\/jpeg"}],"twitter_card":"summary_large_image","twitter_site":"@RooderTec","twitter_misc":{"Dur\u00e9e de lecture estim\u00e9e":"1 minute"},"schema":{"@context":"https:\/\/schema.org","@graph":[{"@type":"WebPage","@id":"https:\/\/www.rooderchina.com\/product\/newest-big-wheel-citycoco-electric-scooter-with-seat-for-adult\/","url":"https:\/\/www.rooderchina.com\/product\/newest-big-wheel-citycoco-electric-scooter-with-seat-for-adult\/","name":"Newest Big wheel citycoco electric scooter with seat for adult - Electric Scooters Bikes Citycoco Manufacturer","isPartOf":{"@id":"https:\/\/www.rooderchina.com\/#website"},"datePublished":"2023-11-11T10:46:12+00:00","dateModified":"2023-11-11T10:46:12+00:00","breadcrumb":{"@id":"https:\/\/www.rooderchina.com\/product\/newest-big-wheel-citycoco-electric-scooter-with-seat-for-adult\/#breadcrumb"},"inLanguage":"fr-FR","potentialAction":[{"@type":"ReadAction","target":["https:\/\/www.rooderchina.com\/product\/newest-big-wheel-citycoco-electric-scooter-with-seat-for-adult\/"]}]},{"@type":"BreadcrumbList","@id":"https:\/\/www.rooderchina.com\/product\/newest-big-wheel-citycoco-electric-scooter-with-seat-for-adult\/#breadcrumb","itemListElement":[{"@type":"ListItem","position":1,"name":"HOME","item":"https:\/\/www.rooderchina.com\/"},{"@type":"ListItem","position":2,"name":"Shop","item":"https:\/\/www.rooderchina.com\/shop\/"},{"@type":"ListItem","position":3,"name":"Newest Big wheel citycoco electric scooter with seat for adult"}]},{"@type":"WebSite","@id":"https:\/\/www.rooderchina.com\/#website","url":"https:\/\/www.rooderchina.com\/","name":"Electric Scooters Bikes Citycoco Manufacturer","description":"Rooder Technology Limited","publisher":{"@id":"https:\/\/www.rooderchina.com\/#organization"},"potentialAction":[{"@type":"SearchAction","target":{"@type":"EntryPoint","urlTemplate":"https:\/\/www.rooderchina.com\/?s={search_term_string}"},"query-input":"required name=search_term_string"}],"inLanguage":"fr-FR"},{"@type":"Organization","@id":"https:\/\/www.rooderchina.com\/#organization","name":"Electric Scooters Bikes Citycoco Manufacturer","url":"https:\/\/www.rooderchina.com\/","logo":{"@type":"ImageObject","inLanguage":"fr-FR","@id":"https:\/\/www.rooderchina.com\/#\/schema\/logo\/image\/","url":"https:\/\/www.rooderchina.com\/wp-content\/uploads\/2023\/12\/rooder2.jpg","contentUrl":"https:\/\/www.rooderchina.com\/wp-content\/uploads\/2023\/12\/rooder2.jpg","width":1723,"height":1037,"caption":"Electric Scooters Bikes Citycoco Manufacturer"},"image":{"@id":"https:\/\/www.rooderchina.com\/#\/schema\/logo\/image\/"},"sameAs":["https:\/\/www.facebook.com\/rooder.tec","https:\/\/twitter.com\/RooderTec"]}]}},"_links":{"self":[{"href":"https:\/\/www.rooderchina.com\/fr\/wp-json\/wp\/v2\/product\/9689","targetHints":{"allow":["GET"]}}],"collection":[{"href":"https:\/\/www.rooderchina.com\/fr\/wp-json\/wp\/v2\/product"}],"about":[{"href":"https:\/\/www.rooderchina.com\/fr\/wp-json\/wp\/v2\/types\/product"}],"replies":[{"embeddable":true,"href":"https:\/\/www.rooderchina.com\/fr\/wp-json\/wp\/v2\/comments?post=9689"}],"version-history":[{"count":1,"href":"https:\/\/www.rooderchina.com\/fr\/wp-json\/wp\/v2\/product\/9689\/revisions"}],"predecessor-version":[{"id":9690,"href":"https:\/\/www.rooderchina.com\/fr\/wp-json\/wp\/v2\/product\/9689\/revisions\/9690"}],"wp:featuredmedia":[{"embeddable":true,"href":"https:\/\/www.rooderchina.com\/fr\/wp-json\/wp\/v2\/media\/9691"}],"wp:attachment":[{"href":"https:\/\/www.rooderchina.com\/fr\/wp-json\/wp\/v2\/media?parent=9689"}],"wp:term":[{"taxonomy":"product_brand","embeddable":true,"href":"https:\/\/www.rooderchina.com\/fr\/wp-json\/wp\/v2\/product_brand?post=9689"},{"taxonomy":"product_cat","embeddable":true,"href":"https:\/\/www.rooderchina.com\/fr\/wp-json\/wp\/v2\/product_cat?post=9689"},{"taxonomy":"product_tag","embeddable":true,"href":"https:\/\/www.rooderchina.com\/fr\/wp-json\/wp\/v2\/product_tag?post=9689"}],"curies":[{"name":"wp","href":"https:\/\/api.w.org\/{rel}","templated":true}]}}