{"id":9545,"date":"2023-11-11T18:40:50","date_gmt":"2023-11-11T10:40:50","guid":{"rendered":"http:\/\/www.rooderchina.com\/index.php\/product\/elektroroller-harley-scooter-citycoco-elektroscooter-coc-eec-rooder\/"},"modified":"2023-11-11T18:40:50","modified_gmt":"2023-11-11T10:40:50","slug":"elektroroller-harley-scooter-citycoco-elektroscooter-coc-eec-rooder","status":"publish","type":"product","link":"https:\/\/www.rooderchina.com\/fr\/produit\/elektroroller-harley-scooter-citycoco-elektroscooter-coc-eec-rooder\/","title":{"rendered":"Elektroroller Harley Scooter Citycoco Elektroscooter COC EEC ROODER"},"content":{"rendered":"<p><a href=\"https:\/\/www.rooderchina.com\/fr\/tag\/elektroroller\/\" title=\"View all posts in Elektroroller\" target=\"_blank\" rel=\"noopener\">Elektroroller<\/a> Harley Scooter <a href=\"https:\/\/www.rooderchina.com\/fr\/tag\/citycoco\/\" title=\"View all posts in Citycoco\" target=\"_blank\" rel=\"noopener\">Citycoco<\/a> Elektroscooter COC EEC ROODER<\/p>\n<p><span style=\"color: #ff0000;\"><strong>1.we are EU warehouse reseller supplier.<\/strong><\/span><\/p>\n<p>Dutch address:<\/p>\n<p>MFR Warehousing<br \/>\nEssebaan 43\/45, 2908 LJ<br \/>\nCapelle Aan Den Ijssel<\/p>\n<p>Rotterdam\u00a0Netherlands<\/p>\n<p>Contact Name: Gavin Lee<\/p>\n<p>Contact Number: 0031***<\/p>\n<p>Whatsapp: 008613632905138<\/p>\n<p>&nbsp;<\/p>\n<p><strong><span style=\"color: #ff0000;\">2.Our Youtube channel (unboxing, testing, design, factory, material, after-sales service, warranty&#8230;)<\/span><\/strong><\/p>\n<p><a title=\"citycoco youtube\" href=\"https:\/\/www.youtube.com\/user\/rooder2010\" target=\"_blank\" rel=\"noopener\">https:\/\/www.youtube.com\/user\/rooder2010<\/a><\/p>\n<p>Please Subscribe and Like us.\u00a0Rooder\u00a0Live Show Schedule.<\/p>\n<p>&nbsp;<\/p>\n<p>The following product Rooder mangosteen r804-m8 is certified COC (Certificate of Conformity),2000W EEC electric roller, is the latest and most fashionable design this\u00a0year, the electric roller, which we have LED headlights and flashlights, fashionable LED display design, CNC aluminium design, aluminium fork, front 12 inch aluminium\u00a0alloy rim, front and rear hydraulic disc brake, colorful design for customer choice.\u00a0The Rooder roller is approved by the EEC, each Citycoco roller has a COC certificate. And can drive road traffic in Europe, 2000W aluminum wheel powerful brushless\u00a0engine, comfortable large seat.\u00a060V 20A or 30ah lithium exchanger removable battery, long running power for the drive, battery box with stronger cover, more safety and longevity. 4A quick charger, 4-5 hours can be fully charged.<\/p>\n<p>If you need an electric roller to go to work, go to shopping, go to the beach or take a trip, this two-wheel electric roller is your best choice!<\/p>\n<p>We have warehouse in Holland and Germany, Min order 1 piece, fast shipping to Europe Union Countries such as Netherlands, Belgium, Germany, France, United Kingdom,\u00a0Monaco, Italy, Spain, Ireland, Denmark, Sweden, Finland, Greece, Lithuania, Latvia, Portugal, Estonia, Croatia, Romania, Hungary and so on.<\/p>\n<p>&nbsp;<\/p>\n<p>Description<\/p>\n<p>Mod\u00e8le : r804-m8<br \/>\nTaille des pneus : 18 pouces<br \/>\nmode de freinage : Frein \u00e0 disque<br \/>\nMont\u00e9e maximale : 30 degr\u00e9s<br \/>\nCouple maximum : 95N\/M<br \/>\nKilom\u00e9trage maximum : 50KM<br \/>\nVitesse maximale : 45 km\/h<br \/>\nCharge maximale : 200KG<br \/>\nBatterie amovible : batterie au lithium 60V20AH<br \/>\nTemps de charge : 5 heures<br \/>\nPuissance du moteur : 2000W<br \/>\nHorn : oui.<br \/>\nSuspension avant : oui<br \/>\nSuspension arri\u00e8re : oui<br \/>\nHorn : oui.<br \/>\nEclairage avant : oui<br \/>\nFeux de virage avant : oui<br \/>\nFeux de virage arri\u00e8re : oui<br \/>\nFeu d'arr\u00eat : oui<br \/>\n\u00c9cran LCD : oui<br \/>\nNW : 72KG GW : 82KG<br \/>\nTaille de l'emballage : 180*38*77cm<\/p>\n<p>Option: 3000w.<\/p>\n<p>more details, please check our youtube channel:<\/p>\n<p data-spm-anchor-id=\"a2700.wholesale.pronpeci14.i0.1d2775e8mQVU4q\"><a title=\"Rooder citycoco\" href=\"https:\/\/www.youtube.com\/watch?v=q041U4dO3yo \" target=\"_blank\" rel=\"noopener\">https:\/\/www.youtube.com\/watch?v=q041U4dO3yo\u00a0<\/a><\/p>\n<p data-spm-anchor-id=\"a2700.wholesale.pronpeci14.i0.1d2775e8mQVU4q\">\n<p><iframe loading=\"lazy\" src=\"https:\/\/www.youtube.com\/embed\/q041U4dO3yo?rel=0&amp;autoplay=0\" height=\"318\" width=\"385\" allowfullscreen=\"\" frameborder=\"0\"><\/iframe><\/p>","protected":false},"excerpt":{"rendered":"<h3>Description succincte :<\/h3>\n<p><p>Le groupe Rooder poss\u00e8de son propre brevet citycoco, et a pass\u00e9 l'approbation de la CEE en m\u00eame temps.<\/p>\n<p>Le scooter \u00e9lectrique Rooder citycoco R804-m8 est un nouveau design bas\u00e9 sur la premi\u00e8re g\u00e9n\u00e9ration de citycoco r804, il est \u00e9quip\u00e9 d'un si\u00e8ge unique, d'un moteur plus puissant et d'une batterie amovible, 12ah et 20ah en option. Il a pass\u00e9 le standard EEC 168\/2013 cat\u00e9gorie Le1B ainsi que les papiers VIN et COC pour l'enregistrement de l'utilisation l\u00e9gale en Europe. Nous avons des entrep\u00f4ts en Hollande et en Allemagne, une commande minimum d'une pi\u00e8ce est exp\u00e9di\u00e9e rapidement vers les pays de l'Union europ\u00e9enne tels que les Pays-Bas, la Belgique, l'Allemagne, la France et le Royaume-Uni,<br \/>\nMonaco, Italie, Espagne, Irlande, Danemark, Su\u00e8de, Finlande, Gr\u00e8ce, Lituanie, Lettonie, Portugal, Estonie, Croatie, Roumanie, Hongrie, etc.<\/p>\n<\/p>\n<p><\/p>\n<li><em>Marque : <\/em> OEM\/ODM\/ROODER<\/li>\n<li><em>Quantit\u00e9 minimale de commande : <\/em> 10 pi\u00e8ces\/pi\u00e8ces<\/li>\n<li><em>Capacit\u00e9 d'approvisionnement : <\/em> 10000 pi\u00e8ces par mois<\/li>\n<li><em>Port : <\/em> Shenzhen<\/li>\n<li><em>Conditions de paiement : <\/em> T\/T, L\/C, D\/A, D\/P<\/li>","protected":false},"featured_media":9547,"comment_status":"closed","ping_status":"open","template":"","meta":[],"product_brand":[],"product_cat":[464],"product_tag":[468,765,766,767,768,769,508,770],"class_list":{"0":"post-9545","1":"product","2":"type-product","3":"status-publish","4":"has-post-thumbnail","6":"product_cat-citycoco-choppers","7":"product_tag-citycoco","8":"product_tag-citycoco-coc","9":"product_tag-citycoco-coc-eec","10":"product_tag-citycoco-eec","11":"product_tag-elektroroller","12":"product_tag-elektroscooter","13":"product_tag-harley","14":"product_tag-harley-scooter","16":"first","17":"instock","18":"product-type-simple"},"yoast_head":"<!-- This site is optimized with the Yoast SEO plugin v21.7 - https:\/\/yoast.com\/wordpress\/plugins\/seo\/ -->\n<title>Elektroroller Harley Scooter Citycoco Elektroscooter COC EEC ROODER - Electric Scooters Bikes Citycoco Manufacturer<\/title>\n<meta name=\"robots\" content=\"index, follow, max-snippet:-1, max-image-preview:large, max-video-preview:-1\" \/>\n<link rel=\"canonical\" href=\"https:\/\/www.rooderchina.com\/fr\/produit\/elektroroller-harley-scooter-citycoco-elektroscooter-coc-eec-rooder\/\" \/>\n<meta property=\"og:locale\" content=\"fr_FR\" \/>\n<meta property=\"og:type\" content=\"article\" \/>\n<meta property=\"og:title\" content=\"Elektroroller Harley Scooter Citycoco Elektroscooter COC EEC ROODER - Electric Scooters Bikes Citycoco Manufacturer\" \/>\n<meta property=\"og:description\" content=\"Short Description: Rooder group has our own patent citycoco,\u00a0 and passed EEC approval at the same time. Rooder citycoco electric scooter R804-m8 is new design based on first generation citycoco r804, it comes with\u00a0single\u00a0seat, stronger motor and removable battery, 12ah and 20ah battery optional. It passed EEC standard 168\/2013 category Le1B as well as VIN and COC paper for register for street legal using in Europe. We have warehouse in Holland and Germany, Min order 1 piece, fast shipping to Europe Union Countries such as\u00a0Netherlands, Belgium, Germany, France, United Kingdom, Monaco, Italy, Spain, Ireland, Denmark, Sweden, Finland, Greece, Lithuania, Latvia, Portugal, Estonia, Croatia, Romania, Hungary and so on.    Brand: OEM\/ODM\/ROODER   Min.Order Quantity: 10 Piece\/Pieces   Supply Ability: 10000 Piece\/Pieces per Month   Port: Shenzhen   Payment Terms: T\/T, L\/C, D\/A, D\/P\" \/>\n<meta property=\"og:url\" content=\"https:\/\/www.rooderchina.com\/fr\/produit\/elektroroller-harley-scooter-citycoco-elektroscooter-coc-eec-rooder\/\" \/>\n<meta property=\"og:site_name\" content=\"Electric Scooters Bikes Citycoco Manufacturer\" \/>\n<meta property=\"article:publisher\" content=\"https:\/\/www.facebook.com\/rooder.tec\" \/>\n<meta property=\"og:image\" content=\"https:\/\/www.rooderchina.com\/wp-content\/uploads\/2023\/11\/9d3e868c.jpg\" \/>\n\t<meta property=\"og:image:width\" content=\"750\" \/>\n\t<meta property=\"og:image:height\" content=\"750\" \/>\n\t<meta property=\"og:image:type\" content=\"image\/jpeg\" \/>\n<meta name=\"twitter:card\" content=\"summary_large_image\" \/>\n<meta name=\"twitter:site\" content=\"@RooderTec\" \/>\n<meta name=\"twitter:label1\" content=\"Dur\u00e9e de lecture estim\u00e9e\" \/>\n\t<meta name=\"twitter:data1\" content=\"2 minutes\" \/>\n<script type=\"application\/ld+json\" class=\"yoast-schema-graph\">{\"@context\":\"https:\/\/schema.org\",\"@graph\":[{\"@type\":\"WebPage\",\"@id\":\"https:\/\/www.rooderchina.com\/product\/elektroroller-harley-scooter-citycoco-elektroscooter-coc-eec-rooder\/\",\"url\":\"https:\/\/www.rooderchina.com\/product\/elektroroller-harley-scooter-citycoco-elektroscooter-coc-eec-rooder\/\",\"name\":\"Elektroroller Harley Scooter Citycoco Elektroscooter COC EEC ROODER - Electric Scooters Bikes Citycoco Manufacturer\",\"isPartOf\":{\"@id\":\"https:\/\/www.rooderchina.com\/#website\"},\"datePublished\":\"2023-11-11T10:40:50+00:00\",\"dateModified\":\"2023-11-11T10:40:50+00:00\",\"breadcrumb\":{\"@id\":\"https:\/\/www.rooderchina.com\/product\/elektroroller-harley-scooter-citycoco-elektroscooter-coc-eec-rooder\/#breadcrumb\"},\"inLanguage\":\"fr-FR\",\"potentialAction\":[{\"@type\":\"ReadAction\",\"target\":[\"https:\/\/www.rooderchina.com\/product\/elektroroller-harley-scooter-citycoco-elektroscooter-coc-eec-rooder\/\"]}]},{\"@type\":\"BreadcrumbList\",\"@id\":\"https:\/\/www.rooderchina.com\/product\/elektroroller-harley-scooter-citycoco-elektroscooter-coc-eec-rooder\/#breadcrumb\",\"itemListElement\":[{\"@type\":\"ListItem\",\"position\":1,\"name\":\"HOME\",\"item\":\"https:\/\/www.rooderchina.com\/\"},{\"@type\":\"ListItem\",\"position\":2,\"name\":\"Shop\",\"item\":\"https:\/\/www.rooderchina.com\/shop\/\"},{\"@type\":\"ListItem\",\"position\":3,\"name\":\"Elektroroller Harley Scooter Citycoco Elektroscooter COC EEC ROODER\"}]},{\"@type\":\"WebSite\",\"@id\":\"https:\/\/www.rooderchina.com\/#website\",\"url\":\"https:\/\/www.rooderchina.com\/\",\"name\":\"Electric Scooters Bikes Citycoco Manufacturer\",\"description\":\"Rooder Technology Limited\",\"publisher\":{\"@id\":\"https:\/\/www.rooderchina.com\/#organization\"},\"potentialAction\":[{\"@type\":\"SearchAction\",\"target\":{\"@type\":\"EntryPoint\",\"urlTemplate\":\"https:\/\/www.rooderchina.com\/?s={search_term_string}\"},\"query-input\":\"required name=search_term_string\"}],\"inLanguage\":\"fr-FR\"},{\"@type\":\"Organization\",\"@id\":\"https:\/\/www.rooderchina.com\/#organization\",\"name\":\"Electric Scooters Bikes Citycoco Manufacturer\",\"url\":\"https:\/\/www.rooderchina.com\/\",\"logo\":{\"@type\":\"ImageObject\",\"inLanguage\":\"fr-FR\",\"@id\":\"https:\/\/www.rooderchina.com\/#\/schema\/logo\/image\/\",\"url\":\"https:\/\/www.rooderchina.com\/wp-content\/uploads\/2023\/12\/rooder2.jpg\",\"contentUrl\":\"https:\/\/www.rooderchina.com\/wp-content\/uploads\/2023\/12\/rooder2.jpg\",\"width\":1723,\"height\":1037,\"caption\":\"Electric Scooters Bikes Citycoco Manufacturer\"},\"image\":{\"@id\":\"https:\/\/www.rooderchina.com\/#\/schema\/logo\/image\/\"},\"sameAs\":[\"https:\/\/www.facebook.com\/rooder.tec\",\"https:\/\/twitter.com\/RooderTec\"]}]}<\/script>\n<!-- \/ Yoast SEO plugin. -->","yoast_head_json":{"title":"Elektroroller Harley Scooter Citycoco Elektroscooter COC EEC ROODER - Electric Scooters Bikes Citycoco Manufacturer","robots":{"index":"index","follow":"follow","max-snippet":"max-snippet:-1","max-image-preview":"max-image-preview:large","max-video-preview":"max-video-preview:-1"},"canonical":"https:\/\/www.rooderchina.com\/fr\/produit\/elektroroller-harley-scooter-citycoco-elektroscooter-coc-eec-rooder\/","og_locale":"fr_FR","og_type":"article","og_title":"Elektroroller Harley Scooter Citycoco Elektroscooter COC EEC ROODER - Electric Scooters Bikes Citycoco Manufacturer","og_description":"Short Description: Rooder group has our own patent citycoco,\u00a0 and passed EEC approval at the same time. Rooder citycoco electric scooter R804-m8 is new design based on first generation citycoco r804, it comes with\u00a0single\u00a0seat, stronger motor and removable battery, 12ah and 20ah battery optional. It passed EEC standard 168\/2013 category Le1B as well as VIN and COC paper for register for street legal using in Europe. We have warehouse in Holland and Germany, Min order 1 piece, fast shipping to Europe Union Countries such as\u00a0Netherlands, Belgium, Germany, France, United Kingdom, Monaco, Italy, Spain, Ireland, Denmark, Sweden, Finland, Greece, Lithuania, Latvia, Portugal, Estonia, Croatia, Romania, Hungary and so on.    Brand: OEM\/ODM\/ROODER   Min.Order Quantity: 10 Piece\/Pieces   Supply Ability: 10000 Piece\/Pieces per Month   Port: Shenzhen   Payment Terms: T\/T, L\/C, D\/A, D\/P","og_url":"https:\/\/www.rooderchina.com\/fr\/produit\/elektroroller-harley-scooter-citycoco-elektroscooter-coc-eec-rooder\/","og_site_name":"Electric Scooters Bikes Citycoco Manufacturer","article_publisher":"https:\/\/www.facebook.com\/rooder.tec","og_image":[{"width":750,"height":750,"url":"https:\/\/www.rooderchina.com\/wp-content\/uploads\/2023\/11\/9d3e868c.jpg","type":"image\/jpeg"}],"twitter_card":"summary_large_image","twitter_site":"@RooderTec","twitter_misc":{"Dur\u00e9e de lecture estim\u00e9e":"2 minutes"},"schema":{"@context":"https:\/\/schema.org","@graph":[{"@type":"WebPage","@id":"https:\/\/www.rooderchina.com\/product\/elektroroller-harley-scooter-citycoco-elektroscooter-coc-eec-rooder\/","url":"https:\/\/www.rooderchina.com\/product\/elektroroller-harley-scooter-citycoco-elektroscooter-coc-eec-rooder\/","name":"Elektroroller Harley Scooter Citycoco Elektroscooter COC EEC ROODER - Electric Scooters Bikes Citycoco Manufacturer","isPartOf":{"@id":"https:\/\/www.rooderchina.com\/#website"},"datePublished":"2023-11-11T10:40:50+00:00","dateModified":"2023-11-11T10:40:50+00:00","breadcrumb":{"@id":"https:\/\/www.rooderchina.com\/product\/elektroroller-harley-scooter-citycoco-elektroscooter-coc-eec-rooder\/#breadcrumb"},"inLanguage":"fr-FR","potentialAction":[{"@type":"ReadAction","target":["https:\/\/www.rooderchina.com\/product\/elektroroller-harley-scooter-citycoco-elektroscooter-coc-eec-rooder\/"]}]},{"@type":"BreadcrumbList","@id":"https:\/\/www.rooderchina.com\/product\/elektroroller-harley-scooter-citycoco-elektroscooter-coc-eec-rooder\/#breadcrumb","itemListElement":[{"@type":"ListItem","position":1,"name":"HOME","item":"https:\/\/www.rooderchina.com\/"},{"@type":"ListItem","position":2,"name":"Shop","item":"https:\/\/www.rooderchina.com\/shop\/"},{"@type":"ListItem","position":3,"name":"Elektroroller Harley Scooter Citycoco Elektroscooter COC EEC ROODER"}]},{"@type":"WebSite","@id":"https:\/\/www.rooderchina.com\/#website","url":"https:\/\/www.rooderchina.com\/","name":"Electric Scooters Bikes Citycoco Manufacturer","description":"Rooder Technology Limited","publisher":{"@id":"https:\/\/www.rooderchina.com\/#organization"},"potentialAction":[{"@type":"SearchAction","target":{"@type":"EntryPoint","urlTemplate":"https:\/\/www.rooderchina.com\/?s={search_term_string}"},"query-input":"required name=search_term_string"}],"inLanguage":"fr-FR"},{"@type":"Organization","@id":"https:\/\/www.rooderchina.com\/#organization","name":"Electric Scooters Bikes Citycoco Manufacturer","url":"https:\/\/www.rooderchina.com\/","logo":{"@type":"ImageObject","inLanguage":"fr-FR","@id":"https:\/\/www.rooderchina.com\/#\/schema\/logo\/image\/","url":"https:\/\/www.rooderchina.com\/wp-content\/uploads\/2023\/12\/rooder2.jpg","contentUrl":"https:\/\/www.rooderchina.com\/wp-content\/uploads\/2023\/12\/rooder2.jpg","width":1723,"height":1037,"caption":"Electric Scooters Bikes Citycoco Manufacturer"},"image":{"@id":"https:\/\/www.rooderchina.com\/#\/schema\/logo\/image\/"},"sameAs":["https:\/\/www.facebook.com\/rooder.tec","https:\/\/twitter.com\/RooderTec"]}]}},"_links":{"self":[{"href":"https:\/\/www.rooderchina.com\/fr\/wp-json\/wp\/v2\/product\/9545","targetHints":{"allow":["GET"]}}],"collection":[{"href":"https:\/\/www.rooderchina.com\/fr\/wp-json\/wp\/v2\/product"}],"about":[{"href":"https:\/\/www.rooderchina.com\/fr\/wp-json\/wp\/v2\/types\/product"}],"replies":[{"embeddable":true,"href":"https:\/\/www.rooderchina.com\/fr\/wp-json\/wp\/v2\/comments?post=9545"}],"version-history":[{"count":1,"href":"https:\/\/www.rooderchina.com\/fr\/wp-json\/wp\/v2\/product\/9545\/revisions"}],"predecessor-version":[{"id":9546,"href":"https:\/\/www.rooderchina.com\/fr\/wp-json\/wp\/v2\/product\/9545\/revisions\/9546"}],"wp:featuredmedia":[{"embeddable":true,"href":"https:\/\/www.rooderchina.com\/fr\/wp-json\/wp\/v2\/media\/9547"}],"wp:attachment":[{"href":"https:\/\/www.rooderchina.com\/fr\/wp-json\/wp\/v2\/media?parent=9545"}],"wp:term":[{"taxonomy":"product_brand","embeddable":true,"href":"https:\/\/www.rooderchina.com\/fr\/wp-json\/wp\/v2\/product_brand?post=9545"},{"taxonomy":"product_cat","embeddable":true,"href":"https:\/\/www.rooderchina.com\/fr\/wp-json\/wp\/v2\/product_cat?post=9545"},{"taxonomy":"product_tag","embeddable":true,"href":"https:\/\/www.rooderchina.com\/fr\/wp-json\/wp\/v2\/product_tag?post=9545"}],"curies":[{"name":"wp","href":"https:\/\/api.w.org\/{rel}","templated":true}]}}