{"id":9371,"date":"2023-11-11T18:35:38","date_gmt":"2023-11-11T10:35:38","guid":{"rendered":"http:\/\/www.rooderchina.com\/index.php\/product\/2-wheel-electric-scooter-w7-with-72v-removable-lithium-battery-2000w-brush-motor-off-road-tires\/"},"modified":"2023-11-20T01:47:11","modified_gmt":"2023-11-19T17:47:11","slug":"2-wheel-electric-scooter-w7-with-72v-removable-lithium-battery-2000w-brush-motor-off-road-tires","status":"publish","type":"product","link":"https:\/\/www.rooderchina.com\/fr\/produit\/2-wheel-electric-scooter-w7-with-72v-removable-lithium-battery-2000w-brush-motor-off-road-tires\/","title":{"rendered":"Scooter \u00e9lectrique 2 roues w7 avec batterie lithium 72v amovible 2000w moteur \u00e0 brosse pneus tout terrain"},"content":{"rendered":"<p>En tant que marque bien connue dans le pays et \u00e0 l'\u00e9tranger, Rooder b\u00e9n\u00e9ficie d'une excellente collaboration avec certaines entreprises de renom, telles que JD, TECENT, Alibaba, etc. Nos produits sont populaires aupr\u00e8s des clients du monde entier et se vendent tr\u00e8s bien en France, en Angleterre, en Espagne, en Allemagne, aux \u00c9tats-Unis, \u00e0 Singapour, en Cor\u00e9e du Sud, etc.<\/p>\n<p>Nous vous remercions de votre compr\u00e9hension et de l'int\u00e9r\u00eat que vous portez aux produits et services de Dream Industry.<\/p>\n<p><strong><a href=\"https:\/\/www.rooderchina.com\/fr\/tag\/2-wheel-electric-scooter\/\" title=\"Voir tous les messages dans Scooter \u00e9lectrique \u00e0 2 roues\" target=\"_blank\" rel=\"noopener\">Scooter \u00e9lectrique \u00e0 2 roues<\/a> w7 avec batterie lithium 72v amovible 2000w moteur \u00e0 brosse pneus tout terrain de segway 2 roues \u00e9lectrique <a href=\"https:\/\/www.rooderchina.com\/fr\/tag\/scooter\/\" title=\"Voir tous les messages de scooter\" target=\"_blank\" rel=\"noopener\">scooter<\/a> fournisseur usine soci\u00e9t\u00e9<\/strong><\/p>\n<\/p>\n<p>&nbsp;<\/p>\n<p>mod\u00e8le : w7<br \/>\npoids net 46 kg<br \/>\ndimensions 85 (l)x 45 (l) x 122 (h) cm<br \/>\nvitesse maximale 20km\/h<br \/>\ncharge maximale 200 kg<br \/>\nPort\u00e9e maximale : 35-40 km<br \/>\ncapacit\u00e9 de mont\u00e9e maximale 30 degr\u00e9s<br \/>\nrayon de braquage min 0<br \/>\ntemps de charge complet : 3h<br \/>\nbatterie lithium rechargeable et amovible : 84v,8.8ah panisonic<br \/>\nmoteur de brosse \u00e9lectrique<br \/>\ntension 100 v-240 v, 50\/60hz<br \/>\npuissance maximale : 4000 watts (2*2000w\/pc)<br \/>\ndur\u00e9e de vie de la batterie sup\u00e9rieure \u00e0 5 ans<br \/>\npneu 19in pneu \u00e0 vide<br \/>\nroue de 7 pouces (jante en aluminium)<br \/>\nhauteur de la poign\u00e9e r\u00e9glable de 80 \u00e0 130 cm<br \/>\npression standard 150 kpa<br \/>\naffichage de la batterie, de la tension, de la vitesse, de l'heure et du kilom\u00e9trage<br \/>\nlumi\u00e8res LED<\/p>\n<p>1 pi\u00e8ce\/carton<br \/>\nDimensions du carton : 92cm x 52cm x 63cm<br \/>\nnw:47kg, gw:60kg.<\/p>\n<p>d\u00e9tails de l'emballage :<br \/>\n88pcs en 20\u2032 gp,<br \/>\n191pcs en 40\u2032 gp.<br \/>\n241pcs en 40\u2032 hc<\/p>\n<p>&nbsp;<\/p>\n<p>PLUS DE PRODUIT :<\/p><\/p>","protected":false},"excerpt":{"rendered":"<h3>Description succincte :<\/h3>\n<p><p>Trouver un scooter 2 roues \u00e9quilibrant de haute qualit\u00e9, grossiste scooter 2 roues \u00e9quilibrant de Rooder scooter 2 roues \u00e9quilibrant fabricant fournisseur usine exportateur soci\u00e9t\u00e9<\/p>\n<p>Batterie lithium amovible 72v,<br \/>\n2000w*2 moteur,<br \/>\nmoteur de brosse puissant,<br \/>\npneus tout-terrain,<br \/>\ndirectement \u00e0 l'usine<\/p>\n<\/p>\n<p><\/p>\n<li><em>Marque : <\/em> OEM\/ODM\/ROODER<\/li>\n<li><em>Quantit\u00e9 minimale de commande : <\/em> 10 pi\u00e8ces\/pi\u00e8ces<\/li>\n<li><em>Capacit\u00e9 d'approvisionnement : <\/em> 10000 pi\u00e8ces par mois<\/li>\n<li><em>Port : <\/em> Shenzhen<\/li>\n<li><em>Conditions de paiement : <\/em> T\/T, L\/C, D\/A, D\/P<\/li>","protected":false},"featured_media":9373,"comment_status":"closed","ping_status":"closed","template":"","meta":[],"product_brand":[],"product_cat":[556],"product_tag":[692,551,693,694,695,696,697,698,699],"class_list":{"0":"post-9371","1":"product","2":"type-product","3":"status-publish","4":"has-post-thumbnail","6":"product_cat-others","7":"product_tag-2-wheel-balancing-scooter","8":"product_tag-2-wheel-electric-scooter","9":"product_tag-balance-scooter-10-inch","10":"product_tag-electric-scooters","11":"product_tag-hoverboard","12":"product_tag-hoverboard-10-inch","13":"product_tag-mini-bluetooth-hoverboard","14":"product_tag-scooter","15":"product_tag-self-balancing-hoverboard","17":"first","18":"instock","19":"product-type-simple"},"yoast_head":"<!-- This site is optimized with the Yoast SEO plugin v21.7 - https:\/\/yoast.com\/wordpress\/plugins\/seo\/ -->\n<title>2 wheel electric scooter w7 with 72v removable lithium battery 2000w brush motor off road tires - Electric Scooters Bikes Citycoco Manufacturer<\/title>\n<meta name=\"robots\" content=\"index, follow, max-snippet:-1, max-image-preview:large, max-video-preview:-1\" \/>\n<link rel=\"canonical\" href=\"https:\/\/www.rooderchina.com\/fr\/produit\/2-wheel-electric-scooter-w7-with-72v-removable-lithium-battery-2000w-brush-motor-off-road-tires\/\" \/>\n<meta property=\"og:locale\" content=\"fr_FR\" \/>\n<meta property=\"og:type\" content=\"article\" \/>\n<meta property=\"og:title\" content=\"2 wheel electric scooter w7 with 72v removable lithium battery 2000w brush motor off road tires - Electric Scooters Bikes Citycoco Manufacturer\" \/>\n<meta property=\"og:description\" content=\"Short Description: find high quality\u00a02 wheel balancing scooter, wholesale\u00a02 wheel balancing scooter from Rooder\u00a02 wheel balancing scooter manufacturer supplier factory exporter company 72v removable lithium battery, 2000w*2 motor, powerful brush motor, off road tires, factory directly    Brand: OEM\/ODM\/ROODER   Min.Order Quantity: 10 Piece\/Pieces   Supply Ability: 10000 Piece\/Pieces per Month   Port: Shenzhen   Payment Terms: T\/T, L\/C, D\/A, D\/P\" \/>\n<meta property=\"og:url\" content=\"https:\/\/www.rooderchina.com\/fr\/produit\/2-wheel-electric-scooter-w7-with-72v-removable-lithium-battery-2000w-brush-motor-off-road-tires\/\" \/>\n<meta property=\"og:site_name\" content=\"Electric Scooters Bikes Citycoco Manufacturer\" \/>\n<meta property=\"article:publisher\" content=\"https:\/\/www.facebook.com\/rooder.tec\" \/>\n<meta property=\"article:modified_time\" content=\"2023-11-19T17:47:11+00:00\" \/>\n<meta property=\"og:image\" content=\"https:\/\/www.rooderchina.com\/wp-content\/uploads\/2023\/11\/1df1f49a.jpg\" \/>\n\t<meta property=\"og:image:width\" content=\"750\" \/>\n\t<meta property=\"og:image:height\" content=\"750\" \/>\n\t<meta property=\"og:image:type\" content=\"image\/jpeg\" \/>\n<meta name=\"twitter:card\" content=\"summary_large_image\" \/>\n<meta name=\"twitter:site\" content=\"@RooderTec\" \/>\n<meta name=\"twitter:label1\" content=\"Dur\u00e9e de lecture estim\u00e9e\" \/>\n\t<meta name=\"twitter:data1\" content=\"1 minute\" \/>\n<script type=\"application\/ld+json\" class=\"yoast-schema-graph\">{\"@context\":\"https:\/\/schema.org\",\"@graph\":[{\"@type\":\"WebPage\",\"@id\":\"https:\/\/www.rooderchina.com\/product\/2-wheel-electric-scooter-w7-with-72v-removable-lithium-battery-2000w-brush-motor-off-road-tires\/\",\"url\":\"https:\/\/www.rooderchina.com\/product\/2-wheel-electric-scooter-w7-with-72v-removable-lithium-battery-2000w-brush-motor-off-road-tires\/\",\"name\":\"2 wheel electric scooter w7 with 72v removable lithium battery 2000w brush motor off road tires - Electric Scooters Bikes Citycoco Manufacturer\",\"isPartOf\":{\"@id\":\"https:\/\/www.rooderchina.com\/#website\"},\"datePublished\":\"2023-11-11T10:35:38+00:00\",\"dateModified\":\"2023-11-19T17:47:11+00:00\",\"breadcrumb\":{\"@id\":\"https:\/\/www.rooderchina.com\/product\/2-wheel-electric-scooter-w7-with-72v-removable-lithium-battery-2000w-brush-motor-off-road-tires\/#breadcrumb\"},\"inLanguage\":\"fr-FR\",\"potentialAction\":[{\"@type\":\"ReadAction\",\"target\":[\"https:\/\/www.rooderchina.com\/product\/2-wheel-electric-scooter-w7-with-72v-removable-lithium-battery-2000w-brush-motor-off-road-tires\/\"]}]},{\"@type\":\"BreadcrumbList\",\"@id\":\"https:\/\/www.rooderchina.com\/product\/2-wheel-electric-scooter-w7-with-72v-removable-lithium-battery-2000w-brush-motor-off-road-tires\/#breadcrumb\",\"itemListElement\":[{\"@type\":\"ListItem\",\"position\":1,\"name\":\"HOME\",\"item\":\"https:\/\/www.rooderchina.com\/\"},{\"@type\":\"ListItem\",\"position\":2,\"name\":\"Shop\",\"item\":\"https:\/\/www.rooderchina.com\/shop\/\"},{\"@type\":\"ListItem\",\"position\":3,\"name\":\"2 wheel electric scooter w7 with 72v removable lithium battery 2000w brush motor off road tires\"}]},{\"@type\":\"WebSite\",\"@id\":\"https:\/\/www.rooderchina.com\/#website\",\"url\":\"https:\/\/www.rooderchina.com\/\",\"name\":\"Electric Scooters Bikes Citycoco Manufacturer\",\"description\":\"Rooder Technology Limited\",\"publisher\":{\"@id\":\"https:\/\/www.rooderchina.com\/#organization\"},\"potentialAction\":[{\"@type\":\"SearchAction\",\"target\":{\"@type\":\"EntryPoint\",\"urlTemplate\":\"https:\/\/www.rooderchina.com\/?s={search_term_string}\"},\"query-input\":\"required name=search_term_string\"}],\"inLanguage\":\"fr-FR\"},{\"@type\":\"Organization\",\"@id\":\"https:\/\/www.rooderchina.com\/#organization\",\"name\":\"Electric Scooters Bikes Citycoco Manufacturer\",\"url\":\"https:\/\/www.rooderchina.com\/\",\"logo\":{\"@type\":\"ImageObject\",\"inLanguage\":\"fr-FR\",\"@id\":\"https:\/\/www.rooderchina.com\/#\/schema\/logo\/image\/\",\"url\":\"https:\/\/www.rooderchina.com\/wp-content\/uploads\/2023\/12\/rooder2.jpg\",\"contentUrl\":\"https:\/\/www.rooderchina.com\/wp-content\/uploads\/2023\/12\/rooder2.jpg\",\"width\":1723,\"height\":1037,\"caption\":\"Electric Scooters Bikes Citycoco Manufacturer\"},\"image\":{\"@id\":\"https:\/\/www.rooderchina.com\/#\/schema\/logo\/image\/\"},\"sameAs\":[\"https:\/\/www.facebook.com\/rooder.tec\",\"https:\/\/twitter.com\/RooderTec\"]}]}<\/script>\n<!-- \/ Yoast SEO plugin. -->","yoast_head_json":{"title":"2 wheel electric scooter w7 with 72v removable lithium battery 2000w brush motor off road tires - Electric Scooters Bikes Citycoco Manufacturer","robots":{"index":"index","follow":"follow","max-snippet":"max-snippet:-1","max-image-preview":"max-image-preview:large","max-video-preview":"max-video-preview:-1"},"canonical":"https:\/\/www.rooderchina.com\/fr\/produit\/2-wheel-electric-scooter-w7-with-72v-removable-lithium-battery-2000w-brush-motor-off-road-tires\/","og_locale":"fr_FR","og_type":"article","og_title":"2 wheel electric scooter w7 with 72v removable lithium battery 2000w brush motor off road tires - Electric Scooters Bikes Citycoco Manufacturer","og_description":"Short Description: find high quality\u00a02 wheel balancing scooter, wholesale\u00a02 wheel balancing scooter from Rooder\u00a02 wheel balancing scooter manufacturer supplier factory exporter company 72v removable lithium battery, 2000w*2 motor, powerful brush motor, off road tires, factory directly    Brand: OEM\/ODM\/ROODER   Min.Order Quantity: 10 Piece\/Pieces   Supply Ability: 10000 Piece\/Pieces per Month   Port: Shenzhen   Payment Terms: T\/T, L\/C, D\/A, D\/P","og_url":"https:\/\/www.rooderchina.com\/fr\/produit\/2-wheel-electric-scooter-w7-with-72v-removable-lithium-battery-2000w-brush-motor-off-road-tires\/","og_site_name":"Electric Scooters Bikes Citycoco Manufacturer","article_publisher":"https:\/\/www.facebook.com\/rooder.tec","article_modified_time":"2023-11-19T17:47:11+00:00","og_image":[{"width":750,"height":750,"url":"https:\/\/www.rooderchina.com\/wp-content\/uploads\/2023\/11\/1df1f49a.jpg","type":"image\/jpeg"}],"twitter_card":"summary_large_image","twitter_site":"@RooderTec","twitter_misc":{"Dur\u00e9e de lecture estim\u00e9e":"1 minute"},"schema":{"@context":"https:\/\/schema.org","@graph":[{"@type":"WebPage","@id":"https:\/\/www.rooderchina.com\/product\/2-wheel-electric-scooter-w7-with-72v-removable-lithium-battery-2000w-brush-motor-off-road-tires\/","url":"https:\/\/www.rooderchina.com\/product\/2-wheel-electric-scooter-w7-with-72v-removable-lithium-battery-2000w-brush-motor-off-road-tires\/","name":"2 wheel electric scooter w7 with 72v removable lithium battery 2000w brush motor off road tires - Electric Scooters Bikes Citycoco Manufacturer","isPartOf":{"@id":"https:\/\/www.rooderchina.com\/#website"},"datePublished":"2023-11-11T10:35:38+00:00","dateModified":"2023-11-19T17:47:11+00:00","breadcrumb":{"@id":"https:\/\/www.rooderchina.com\/product\/2-wheel-electric-scooter-w7-with-72v-removable-lithium-battery-2000w-brush-motor-off-road-tires\/#breadcrumb"},"inLanguage":"fr-FR","potentialAction":[{"@type":"ReadAction","target":["https:\/\/www.rooderchina.com\/product\/2-wheel-electric-scooter-w7-with-72v-removable-lithium-battery-2000w-brush-motor-off-road-tires\/"]}]},{"@type":"BreadcrumbList","@id":"https:\/\/www.rooderchina.com\/product\/2-wheel-electric-scooter-w7-with-72v-removable-lithium-battery-2000w-brush-motor-off-road-tires\/#breadcrumb","itemListElement":[{"@type":"ListItem","position":1,"name":"HOME","item":"https:\/\/www.rooderchina.com\/"},{"@type":"ListItem","position":2,"name":"Shop","item":"https:\/\/www.rooderchina.com\/shop\/"},{"@type":"ListItem","position":3,"name":"2 wheel electric scooter w7 with 72v removable lithium battery 2000w brush motor off road tires"}]},{"@type":"WebSite","@id":"https:\/\/www.rooderchina.com\/#website","url":"https:\/\/www.rooderchina.com\/","name":"Electric Scooters Bikes Citycoco Manufacturer","description":"Rooder Technology Limited","publisher":{"@id":"https:\/\/www.rooderchina.com\/#organization"},"potentialAction":[{"@type":"SearchAction","target":{"@type":"EntryPoint","urlTemplate":"https:\/\/www.rooderchina.com\/?s={search_term_string}"},"query-input":"required name=search_term_string"}],"inLanguage":"fr-FR"},{"@type":"Organization","@id":"https:\/\/www.rooderchina.com\/#organization","name":"Electric Scooters Bikes Citycoco Manufacturer","url":"https:\/\/www.rooderchina.com\/","logo":{"@type":"ImageObject","inLanguage":"fr-FR","@id":"https:\/\/www.rooderchina.com\/#\/schema\/logo\/image\/","url":"https:\/\/www.rooderchina.com\/wp-content\/uploads\/2023\/12\/rooder2.jpg","contentUrl":"https:\/\/www.rooderchina.com\/wp-content\/uploads\/2023\/12\/rooder2.jpg","width":1723,"height":1037,"caption":"Electric Scooters Bikes Citycoco Manufacturer"},"image":{"@id":"https:\/\/www.rooderchina.com\/#\/schema\/logo\/image\/"},"sameAs":["https:\/\/www.facebook.com\/rooder.tec","https:\/\/twitter.com\/RooderTec"]}]}},"_links":{"self":[{"href":"https:\/\/www.rooderchina.com\/fr\/wp-json\/wp\/v2\/product\/9371","targetHints":{"allow":["GET"]}}],"collection":[{"href":"https:\/\/www.rooderchina.com\/fr\/wp-json\/wp\/v2\/product"}],"about":[{"href":"https:\/\/www.rooderchina.com\/fr\/wp-json\/wp\/v2\/types\/product"}],"replies":[{"embeddable":true,"href":"https:\/\/www.rooderchina.com\/fr\/wp-json\/wp\/v2\/comments?post=9371"}],"version-history":[{"count":1,"href":"https:\/\/www.rooderchina.com\/fr\/wp-json\/wp\/v2\/product\/9371\/revisions"}],"predecessor-version":[{"id":9372,"href":"https:\/\/www.rooderchina.com\/fr\/wp-json\/wp\/v2\/product\/9371\/revisions\/9372"}],"wp:featuredmedia":[{"embeddable":true,"href":"https:\/\/www.rooderchina.com\/fr\/wp-json\/wp\/v2\/media\/9373"}],"wp:attachment":[{"href":"https:\/\/www.rooderchina.com\/fr\/wp-json\/wp\/v2\/media?parent=9371"}],"wp:term":[{"taxonomy":"product_brand","embeddable":true,"href":"https:\/\/www.rooderchina.com\/fr\/wp-json\/wp\/v2\/product_brand?post=9371"},{"taxonomy":"product_cat","embeddable":true,"href":"https:\/\/www.rooderchina.com\/fr\/wp-json\/wp\/v2\/product_cat?post=9371"},{"taxonomy":"product_tag","embeddable":true,"href":"https:\/\/www.rooderchina.com\/fr\/wp-json\/wp\/v2\/product_tag?post=9371"}],"curies":[{"name":"wp","href":"https:\/\/api.w.org\/{rel}","templated":true}]}}