{"id":9349,"date":"2023-11-11T18:35:38","date_gmt":"2023-11-11T10:35:38","guid":{"rendered":"http:\/\/www.rooderchina.com\/index.php\/product\/2-wheel-electric-self-balancing-scooter-r803n-with-adjustable-handlebar-10inch-tires-lithium-battery\/"},"modified":"2023-11-20T01:49:16","modified_gmt":"2023-11-19T17:49:16","slug":"2-wheel-electric-self-balancing-scooter-r803n-with-adjustable-handlebar-10inch-tires-lithium-battery","status":"publish","type":"product","link":"https:\/\/www.rooderchina.com\/fr\/produit\/2-wheel-electric-self-balancing-scooter-r803n-with-adjustable-handlebar-10inch-tires-lithium-battery\/","title":{"rendered":"Scooter \u00e9lectrique auto-\u00e9quilibrant \u00e0 2 roues r803n avec guidon r\u00e9glable pneus 10inch batterie lithium"},"content":{"rendered":"<p>Rooder&#8217;s product has been sold to more than 77 countries and regions. The most important markets include Scandinavian market, North America , Germany, France, Spain and Italy. Rooder also welcome OEM and ODM orders. Whether selecting a current product from our catalog or seeking engineering assistance for your application, you can talk to our customer service center.<\/p>\n<p>Rooder make our great effort to look for long-term cooperation with our partners to further develop our oversea business. You are welcomed to visit Rooder factory and we will give you our best support!<\/p>\n<p><strong><a href=\"https:\/\/www.rooderchina.com\/fr\/tag\/2-wheel-electric-self-balancing-scooter\/\" title=\"View all posts in 2 wheel electric self balancing scooter\" target=\"_blank\" rel=\"noopener\">2 wheel electric self balancing scooter<\/a> r803n with adjustable handlebar 10inch tires lithium battery from 2 wheel electric self balancing scooter manufacturer<\/strong><\/p>\n<\/p>\n<p>model: r803n<br \/>\nbatterie : 54.8v\/4.4ah batterie au lithium.<br \/>\nmotor: brushless motors: 350*2<br \/>\npneu : 10\u2033 pneumatique<br \/>\nautonomie par charge : 15-20 km<br \/>\nvitesse maximale : 16km\/h<br \/>\ncapacit\u00e9 de charge maximale : 85 kg<br \/>\ncharge minimale : 30 kg<br \/>\ncapacit\u00e9 d'escalade : 15 degr\u00e9s<br \/>\nd\u00e9gagement du ch\u00e2ssis : 30 mm<br \/>\n\u00e9tanche \u00e0 l'eau et \u00e0 la poussi\u00e8re : ip54<br \/>\nTemps de charge : 1 \u00e0 2 heures<br \/>\ncoque : abs+pc<br \/>\ng.w\/n.w : 15kg\/13kg<br \/>\nbuilt-in app control by android or ios.<\/p>\n<p>1 pi\u00e8ce\/carton<br \/>\nPoids net : 13 kg<br \/>\ngw:15kg<br \/>\nDimensions du carton : 61x29x39cm<br \/>\n0,068cbm\/pi\u00e8ce<\/p>\n<p>l'ordre des conteneurs :<br \/>\n428pcs en 20gp<br \/>\n914pcs en 40gp<br \/>\n1032pcs en 40hc<\/p>","protected":false},"excerpt":{"rendered":"<h3>Description succincte :<\/h3>\n<p><p>La soci\u00e9t\u00e9 Rooder est un fournisseur de scooter \u00e9lectrique \u00e0 2 roues auto-\u00e9quilibrant de haute qualit\u00e9, grossiste en scooter \u00e9lectrique \u00e0 2 roues auto-\u00e9quilibrant \u00e0 bas prix.<\/p>\n<p>batterie au lithium,<br \/>\nMoteur puissant de 350w,<br \/>\ncontr\u00f4le de l'application,<br \/>\nguidon r\u00e9glable,<br \/>\nprix de gros<\/p>\n<\/p>\n<p><\/p>\n<li><em>Marque : <\/em> OEM\/ODM\/ROODER<\/li>\n<li><em>Quantit\u00e9 minimale de commande : <\/em> 10 pi\u00e8ces\/pi\u00e8ces<\/li>\n<li><em>Capacit\u00e9 d'approvisionnement : <\/em> 10000 pi\u00e8ces par mois<\/li>\n<li><em>Port : <\/em> Shenzhen<\/li>\n<li><em>Conditions de paiement : <\/em> T\/T, L\/C, D\/A, D\/P<\/li>","protected":false},"featured_media":9351,"comment_status":"closed","ping_status":"closed","template":"","meta":[],"product_brand":[],"product_cat":[556],"product_tag":[673,674,675,676,677,678,679,680,681],"class_list":{"0":"post-9349","1":"product","2":"type-product","3":"status-publish","4":"has-post-thumbnail","6":"product_cat-others","7":"product_tag-2-wheel-electric-self-balancing-scooter","8":"product_tag-2-wheel-self-balancing-scooter","9":"product_tag-electric-chariot-scooter","10":"product_tag-hx-6-5inch-cheap-smart-balance","11":"product_tag-most-popular-hover-board-hot-sell-in-uk","12":"product_tag-new-style-eu-6-5-inch-hoverboard","13":"product_tag-offroad-self-balancing-scooter","14":"product_tag-self-balancing-scooters","15":"product_tag-two-wheels-electric-scooter","17":"first","18":"instock","19":"product-type-simple"},"yoast_head":"<!-- This site is optimized with the Yoast SEO plugin v21.7 - https:\/\/yoast.com\/wordpress\/plugins\/seo\/ -->\n<title>2 wheel electric self balancing scooter r803n with adjustable handlebar 10inch tires lithium battery - Electric Scooters Bikes Citycoco Manufacturer<\/title>\n<meta name=\"robots\" content=\"index, follow, max-snippet:-1, max-image-preview:large, max-video-preview:-1\" \/>\n<link rel=\"canonical\" href=\"https:\/\/www.rooderchina.com\/fr\/produit\/2-wheel-electric-self-balancing-scooter-r803n-with-adjustable-handlebar-10inch-tires-lithium-battery\/\" \/>\n<meta property=\"og:locale\" content=\"fr_FR\" \/>\n<meta property=\"og:type\" content=\"article\" \/>\n<meta property=\"og:title\" content=\"2 wheel electric self balancing scooter r803n with adjustable handlebar 10inch tires lithium battery - Electric Scooters Bikes Citycoco Manufacturer\" \/>\n<meta property=\"og:description\" content=\"Short Description: find high quality\u00a02 wheel electric self balancing scooter, wholesale cheap price\u00a02 wheel electric self balancing scooter from Rooder\u00a02 wheel electric self balancing scooter supplier factory manufacturer exporter company. lithium battery, 350w powerful motor, app control, adjustable handlebar, wholesale price    Brand: OEM\/ODM\/ROODER   Min.Order Quantity: 10 Piece\/Pieces   Supply Ability: 10000 Piece\/Pieces per Month   Port: Shenzhen   Payment Terms: T\/T, L\/C, D\/A, D\/P\" \/>\n<meta property=\"og:url\" content=\"https:\/\/www.rooderchina.com\/fr\/produit\/2-wheel-electric-self-balancing-scooter-r803n-with-adjustable-handlebar-10inch-tires-lithium-battery\/\" \/>\n<meta property=\"og:site_name\" content=\"Electric Scooters Bikes Citycoco Manufacturer\" \/>\n<meta property=\"article:publisher\" content=\"https:\/\/www.facebook.com\/rooder.tec\" \/>\n<meta property=\"article:modified_time\" content=\"2023-11-19T17:49:16+00:00\" \/>\n<meta property=\"og:image\" content=\"https:\/\/www.rooderchina.com\/wp-content\/uploads\/2023\/11\/b69907bd.jpg\" \/>\n\t<meta property=\"og:image:width\" content=\"750\" \/>\n\t<meta property=\"og:image:height\" content=\"750\" \/>\n\t<meta property=\"og:image:type\" content=\"image\/jpeg\" \/>\n<meta name=\"twitter:card\" content=\"summary_large_image\" \/>\n<meta name=\"twitter:site\" content=\"@RooderTec\" \/>\n<meta name=\"twitter:label1\" content=\"Dur\u00e9e de lecture estim\u00e9e\" \/>\n\t<meta name=\"twitter:data1\" content=\"1 minute\" \/>\n<script type=\"application\/ld+json\" class=\"yoast-schema-graph\">{\"@context\":\"https:\/\/schema.org\",\"@graph\":[{\"@type\":\"WebPage\",\"@id\":\"https:\/\/www.rooderchina.com\/product\/2-wheel-electric-self-balancing-scooter-r803n-with-adjustable-handlebar-10inch-tires-lithium-battery\/\",\"url\":\"https:\/\/www.rooderchina.com\/product\/2-wheel-electric-self-balancing-scooter-r803n-with-adjustable-handlebar-10inch-tires-lithium-battery\/\",\"name\":\"2 wheel electric self balancing scooter r803n with adjustable handlebar 10inch tires lithium battery - Electric Scooters Bikes Citycoco Manufacturer\",\"isPartOf\":{\"@id\":\"https:\/\/www.rooderchina.com\/#website\"},\"datePublished\":\"2023-11-11T10:35:38+00:00\",\"dateModified\":\"2023-11-19T17:49:16+00:00\",\"breadcrumb\":{\"@id\":\"https:\/\/www.rooderchina.com\/product\/2-wheel-electric-self-balancing-scooter-r803n-with-adjustable-handlebar-10inch-tires-lithium-battery\/#breadcrumb\"},\"inLanguage\":\"fr-FR\",\"potentialAction\":[{\"@type\":\"ReadAction\",\"target\":[\"https:\/\/www.rooderchina.com\/product\/2-wheel-electric-self-balancing-scooter-r803n-with-adjustable-handlebar-10inch-tires-lithium-battery\/\"]}]},{\"@type\":\"BreadcrumbList\",\"@id\":\"https:\/\/www.rooderchina.com\/product\/2-wheel-electric-self-balancing-scooter-r803n-with-adjustable-handlebar-10inch-tires-lithium-battery\/#breadcrumb\",\"itemListElement\":[{\"@type\":\"ListItem\",\"position\":1,\"name\":\"HOME\",\"item\":\"https:\/\/www.rooderchina.com\/\"},{\"@type\":\"ListItem\",\"position\":2,\"name\":\"Shop\",\"item\":\"https:\/\/www.rooderchina.com\/shop\/\"},{\"@type\":\"ListItem\",\"position\":3,\"name\":\"2 wheel electric self balancing scooter r803n with adjustable handlebar 10inch tires lithium battery\"}]},{\"@type\":\"WebSite\",\"@id\":\"https:\/\/www.rooderchina.com\/#website\",\"url\":\"https:\/\/www.rooderchina.com\/\",\"name\":\"Electric Scooters Bikes Citycoco Manufacturer\",\"description\":\"Rooder Technology Limited\",\"publisher\":{\"@id\":\"https:\/\/www.rooderchina.com\/#organization\"},\"potentialAction\":[{\"@type\":\"SearchAction\",\"target\":{\"@type\":\"EntryPoint\",\"urlTemplate\":\"https:\/\/www.rooderchina.com\/?s={search_term_string}\"},\"query-input\":\"required name=search_term_string\"}],\"inLanguage\":\"fr-FR\"},{\"@type\":\"Organization\",\"@id\":\"https:\/\/www.rooderchina.com\/#organization\",\"name\":\"Electric Scooters Bikes Citycoco Manufacturer\",\"url\":\"https:\/\/www.rooderchina.com\/\",\"logo\":{\"@type\":\"ImageObject\",\"inLanguage\":\"fr-FR\",\"@id\":\"https:\/\/www.rooderchina.com\/#\/schema\/logo\/image\/\",\"url\":\"https:\/\/www.rooderchina.com\/wp-content\/uploads\/2023\/12\/rooder2.jpg\",\"contentUrl\":\"https:\/\/www.rooderchina.com\/wp-content\/uploads\/2023\/12\/rooder2.jpg\",\"width\":1723,\"height\":1037,\"caption\":\"Electric Scooters Bikes Citycoco Manufacturer\"},\"image\":{\"@id\":\"https:\/\/www.rooderchina.com\/#\/schema\/logo\/image\/\"},\"sameAs\":[\"https:\/\/www.facebook.com\/rooder.tec\",\"https:\/\/twitter.com\/RooderTec\"]}]}<\/script>\n<!-- \/ Yoast SEO plugin. -->","yoast_head_json":{"title":"2 wheel electric self balancing scooter r803n with adjustable handlebar 10inch tires lithium battery - Electric Scooters Bikes Citycoco Manufacturer","robots":{"index":"index","follow":"follow","max-snippet":"max-snippet:-1","max-image-preview":"max-image-preview:large","max-video-preview":"max-video-preview:-1"},"canonical":"https:\/\/www.rooderchina.com\/fr\/produit\/2-wheel-electric-self-balancing-scooter-r803n-with-adjustable-handlebar-10inch-tires-lithium-battery\/","og_locale":"fr_FR","og_type":"article","og_title":"2 wheel electric self balancing scooter r803n with adjustable handlebar 10inch tires lithium battery - Electric Scooters Bikes Citycoco Manufacturer","og_description":"Short Description: find high quality\u00a02 wheel electric self balancing scooter, wholesale cheap price\u00a02 wheel electric self balancing scooter from Rooder\u00a02 wheel electric self balancing scooter supplier factory manufacturer exporter company. lithium battery, 350w powerful motor, app control, adjustable handlebar, wholesale price    Brand: OEM\/ODM\/ROODER   Min.Order Quantity: 10 Piece\/Pieces   Supply Ability: 10000 Piece\/Pieces per Month   Port: Shenzhen   Payment Terms: T\/T, L\/C, D\/A, D\/P","og_url":"https:\/\/www.rooderchina.com\/fr\/produit\/2-wheel-electric-self-balancing-scooter-r803n-with-adjustable-handlebar-10inch-tires-lithium-battery\/","og_site_name":"Electric Scooters Bikes Citycoco Manufacturer","article_publisher":"https:\/\/www.facebook.com\/rooder.tec","article_modified_time":"2023-11-19T17:49:16+00:00","og_image":[{"width":750,"height":750,"url":"https:\/\/www.rooderchina.com\/wp-content\/uploads\/2023\/11\/b69907bd.jpg","type":"image\/jpeg"}],"twitter_card":"summary_large_image","twitter_site":"@RooderTec","twitter_misc":{"Dur\u00e9e de lecture estim\u00e9e":"1 minute"},"schema":{"@context":"https:\/\/schema.org","@graph":[{"@type":"WebPage","@id":"https:\/\/www.rooderchina.com\/product\/2-wheel-electric-self-balancing-scooter-r803n-with-adjustable-handlebar-10inch-tires-lithium-battery\/","url":"https:\/\/www.rooderchina.com\/product\/2-wheel-electric-self-balancing-scooter-r803n-with-adjustable-handlebar-10inch-tires-lithium-battery\/","name":"2 wheel electric self balancing scooter r803n with adjustable handlebar 10inch tires lithium battery - Electric Scooters Bikes Citycoco Manufacturer","isPartOf":{"@id":"https:\/\/www.rooderchina.com\/#website"},"datePublished":"2023-11-11T10:35:38+00:00","dateModified":"2023-11-19T17:49:16+00:00","breadcrumb":{"@id":"https:\/\/www.rooderchina.com\/product\/2-wheel-electric-self-balancing-scooter-r803n-with-adjustable-handlebar-10inch-tires-lithium-battery\/#breadcrumb"},"inLanguage":"fr-FR","potentialAction":[{"@type":"ReadAction","target":["https:\/\/www.rooderchina.com\/product\/2-wheel-electric-self-balancing-scooter-r803n-with-adjustable-handlebar-10inch-tires-lithium-battery\/"]}]},{"@type":"BreadcrumbList","@id":"https:\/\/www.rooderchina.com\/product\/2-wheel-electric-self-balancing-scooter-r803n-with-adjustable-handlebar-10inch-tires-lithium-battery\/#breadcrumb","itemListElement":[{"@type":"ListItem","position":1,"name":"HOME","item":"https:\/\/www.rooderchina.com\/"},{"@type":"ListItem","position":2,"name":"Shop","item":"https:\/\/www.rooderchina.com\/shop\/"},{"@type":"ListItem","position":3,"name":"2 wheel electric self balancing scooter r803n with adjustable handlebar 10inch tires lithium battery"}]},{"@type":"WebSite","@id":"https:\/\/www.rooderchina.com\/#website","url":"https:\/\/www.rooderchina.com\/","name":"Electric Scooters Bikes Citycoco Manufacturer","description":"Rooder Technology Limited","publisher":{"@id":"https:\/\/www.rooderchina.com\/#organization"},"potentialAction":[{"@type":"SearchAction","target":{"@type":"EntryPoint","urlTemplate":"https:\/\/www.rooderchina.com\/?s={search_term_string}"},"query-input":"required name=search_term_string"}],"inLanguage":"fr-FR"},{"@type":"Organization","@id":"https:\/\/www.rooderchina.com\/#organization","name":"Electric Scooters Bikes Citycoco Manufacturer","url":"https:\/\/www.rooderchina.com\/","logo":{"@type":"ImageObject","inLanguage":"fr-FR","@id":"https:\/\/www.rooderchina.com\/#\/schema\/logo\/image\/","url":"https:\/\/www.rooderchina.com\/wp-content\/uploads\/2023\/12\/rooder2.jpg","contentUrl":"https:\/\/www.rooderchina.com\/wp-content\/uploads\/2023\/12\/rooder2.jpg","width":1723,"height":1037,"caption":"Electric Scooters Bikes Citycoco Manufacturer"},"image":{"@id":"https:\/\/www.rooderchina.com\/#\/schema\/logo\/image\/"},"sameAs":["https:\/\/www.facebook.com\/rooder.tec","https:\/\/twitter.com\/RooderTec"]}]}},"_links":{"self":[{"href":"https:\/\/www.rooderchina.com\/fr\/wp-json\/wp\/v2\/product\/9349","targetHints":{"allow":["GET"]}}],"collection":[{"href":"https:\/\/www.rooderchina.com\/fr\/wp-json\/wp\/v2\/product"}],"about":[{"href":"https:\/\/www.rooderchina.com\/fr\/wp-json\/wp\/v2\/types\/product"}],"replies":[{"embeddable":true,"href":"https:\/\/www.rooderchina.com\/fr\/wp-json\/wp\/v2\/comments?post=9349"}],"version-history":[{"count":1,"href":"https:\/\/www.rooderchina.com\/fr\/wp-json\/wp\/v2\/product\/9349\/revisions"}],"predecessor-version":[{"id":9350,"href":"https:\/\/www.rooderchina.com\/fr\/wp-json\/wp\/v2\/product\/9349\/revisions\/9350"}],"wp:featuredmedia":[{"embeddable":true,"href":"https:\/\/www.rooderchina.com\/fr\/wp-json\/wp\/v2\/media\/9351"}],"wp:attachment":[{"href":"https:\/\/www.rooderchina.com\/fr\/wp-json\/wp\/v2\/media?parent=9349"}],"wp:term":[{"taxonomy":"product_brand","embeddable":true,"href":"https:\/\/www.rooderchina.com\/fr\/wp-json\/wp\/v2\/product_brand?post=9349"},{"taxonomy":"product_cat","embeddable":true,"href":"https:\/\/www.rooderchina.com\/fr\/wp-json\/wp\/v2\/product_cat?post=9349"},{"taxonomy":"product_tag","embeddable":true,"href":"https:\/\/www.rooderchina.com\/fr\/wp-json\/wp\/v2\/product_tag?post=9349"}],"curies":[{"name":"wp","href":"https:\/\/api.w.org\/{rel}","templated":true}]}}