{"id":9337,"date":"2023-11-11T18:35:38","date_gmt":"2023-11-11T10:35:38","guid":{"rendered":"http:\/\/www.rooderchina.com\/index.php\/product\/electric-scooter-2000w-w7-with-19-inch-off-road-tires-golf-bag-holder-for-golf-cart-golf-course-club\/"},"modified":"2023-11-20T01:47:02","modified_gmt":"2023-11-19T17:47:02","slug":"electric-scooter-2000w-w7-with-19-inch-off-road-tires-golf-bag-holder-for-golf-cart-golf-course-club","status":"publish","type":"product","link":"https:\/\/www.rooderchina.com\/fr\/produit\/electric-scooter-2000w-w7-with-19-inch-off-road-tires-golf-bag-holder-for-golf-cart-golf-course-club\/","title":{"rendered":"scooter \u00e9lectrique 2000w w7 avec pneus tout terrain 19 pouces support de sac de golf pour chariot de golf club de golf"},"content":{"rendered":"<p>Our 3000 square meter factory ensures big production capacity with high quality products by strict controls on the manufacture process and quality inspection; Our professional and experienced R&amp;D team combining the up-to-date technology into every product design, provides strong technical support for clients customized needs. Our reliable quality products and excellent after sale services make rooder reputed brand well received by the customers from all over the world.<\/p>\n<p>Rooder focused on electric scooter, el skateboard, e-bike etc.<\/p>\n<p>Contact us now for more details.<\/p>\n<p><strong><a href=\"https:\/\/www.rooderchina.com\/fr\/tag\/electric-scooter-2000w\/\" title=\"View all posts in electric scooter 2000w\" target=\"_blank\" rel=\"noopener\">electric scooter 2000w<\/a> w7 with 19 inch off road tires golf bag holder for golf cart golf course club from electric scooter exporter company supplier manufacturer<\/strong><\/p>\n<\/p>\n<p>model: w7-golf<br \/>\npoids net 46 kg<br \/>\ndimensions 85 (l)x 45 (l) x 122 (h) cm<br \/>\nvitesse maximale 20km\/h<br \/>\ncharge maximale 200 kg<br \/>\nPort\u00e9e maximale : 35-40 km<br \/>\ncapacit\u00e9 de mont\u00e9e maximale 30 degr\u00e9s<br \/>\nrayon de braquage min 0<br \/>\ntemps de charge complet : 3h<br \/>\nbatterie lithium rechargeable et amovible : 84v,8.8ah panisonic<br \/>\nmoteur de brosse \u00e9lectrique<br \/>\ntension 100 v-240 v, 50\/60hz<br \/>\npuissance maximale : 4000 watts (2*2000w\/pc)<br \/>\ndur\u00e9e de vie de la batterie sup\u00e9rieure \u00e0 5 ans<br \/>\npneu 19in pneu \u00e0 vide<br \/>\nroue de 7 pouces (jante en aluminium)<br \/>\nhauteur de la poign\u00e9e r\u00e9glable de 80 \u00e0 130 cm<br \/>\npression standard 150 kpa<br \/>\naffichage de la batterie, de la tension, de la vitesse, de l'heure et du kilom\u00e9trage<br \/>\nlumi\u00e8res LED<\/p>\n<p>scooter carton size: 92cm x 52cm x 63cm<br \/>\ngw:60kg, nw:47kg, 0.281cmb\/piece<br \/>\ngolf holder carton size: 36*94*11cm, gw: 5.14kg, nw: 4kg, 0.037cbm\/piece<\/p>\n<p>l'ordre des conteneurs :<br \/>\n86set in 20gp<br \/>\n184set in 40gp<br \/>\n208set in 40hc<\/p>","protected":false},"excerpt":{"rendered":"<h3>Description succincte :<\/h3>\n<p><p>find high quality\u00a0off road e balance scooter, wholesale cheap price\u00a0off road e balance scooter from Rooder\u00a0off road e balance scooter manufacturer supplier factory exporter company<\/p>\n<p>support de sac de golf,<br \/>\nPneus de 19 pouces,<br \/>\nhors route,<br \/>\nBatterie au lithium 72v,<br \/>\nprix d'usine<\/p>\n<\/p>\n<p><\/p>\n<li><em>Marque : <\/em> OEM\/ODM\/ROODER<\/li>\n<li><em>Quantit\u00e9 minimale de commande : <\/em> 10 pi\u00e8ces\/pi\u00e8ces<\/li>\n<li><em>Capacit\u00e9 d'approvisionnement : <\/em> 10000 pi\u00e8ces par mois<\/li>\n<li><em>Port : <\/em> Shenzhen<\/li>\n<li><em>Conditions de paiement : <\/em> T\/T, L\/C, D\/A, D\/P<\/li>","protected":false},"featured_media":9339,"comment_status":"closed","ping_status":"closed","template":"","meta":[],"product_brand":[],"product_cat":[556],"product_tag":[662,663,664,665,666,667,668,669,670,671],"class_list":{"0":"post-9337","1":"product","2":"type-product","3":"status-publish","4":"has-post-thumbnail","6":"product_cat-others","7":"product_tag-8-inch-2-wheel-electric-scooter-self-balance-scooter","8":"product_tag-e-balance-scooter","9":"product_tag-ecorider","10":"product_tag-electric-scooter-2000w","11":"product_tag-electric-scooter-hoverboard","12":"product_tag-off-road-e-balance-scooter","13":"product_tag-off-road-electric-scooter","14":"product_tag-one-wheel-off-road-e-balance-scooter","15":"product_tag-scooter-hoverboard-dropshipping","16":"product_tag-self-balance-scooter","18":"first","19":"instock","20":"product-type-simple"},"yoast_head":"<!-- This site is optimized with the Yoast SEO plugin v21.7 - https:\/\/yoast.com\/wordpress\/plugins\/seo\/ -->\n<title>electric scooter 2000w w7 with 19 inch off road tires golf bag holder for golf cart golf course club - Electric Scooters Bikes Citycoco Manufacturer<\/title>\n<meta name=\"robots\" content=\"index, follow, max-snippet:-1, max-image-preview:large, max-video-preview:-1\" \/>\n<link rel=\"canonical\" href=\"https:\/\/www.rooderchina.com\/fr\/produit\/electric-scooter-2000w-w7-with-19-inch-off-road-tires-golf-bag-holder-for-golf-cart-golf-course-club\/\" \/>\n<meta property=\"og:locale\" content=\"fr_FR\" \/>\n<meta property=\"og:type\" content=\"article\" \/>\n<meta property=\"og:title\" content=\"electric scooter 2000w w7 with 19 inch off road tires golf bag holder for golf cart golf course club - Electric Scooters Bikes Citycoco Manufacturer\" \/>\n<meta property=\"og:description\" content=\"Short Description: find high quality\u00a0off road e balance scooter, wholesale cheap price\u00a0off road e balance scooter from Rooder\u00a0off road e balance scooter manufacturer supplier factory exporter company golf bag holder, 19 inch tires, off road, 72v lithium battery, factory price    Brand: OEM\/ODM\/ROODER   Min.Order Quantity: 10 Piece\/Pieces   Supply Ability: 10000 Piece\/Pieces per Month   Port: Shenzhen   Payment Terms: T\/T, L\/C, D\/A, D\/P\" \/>\n<meta property=\"og:url\" content=\"https:\/\/www.rooderchina.com\/fr\/produit\/electric-scooter-2000w-w7-with-19-inch-off-road-tires-golf-bag-holder-for-golf-cart-golf-course-club\/\" \/>\n<meta property=\"og:site_name\" content=\"Electric Scooters Bikes Citycoco Manufacturer\" \/>\n<meta property=\"article:publisher\" content=\"https:\/\/www.facebook.com\/rooder.tec\" \/>\n<meta property=\"article:modified_time\" content=\"2023-11-19T17:47:02+00:00\" \/>\n<meta property=\"og:image\" content=\"https:\/\/www.rooderchina.com\/wp-content\/uploads\/2023\/11\/79c78776.jpg\" \/>\n\t<meta property=\"og:image:width\" content=\"750\" \/>\n\t<meta property=\"og:image:height\" content=\"750\" \/>\n\t<meta property=\"og:image:type\" content=\"image\/jpeg\" \/>\n<meta name=\"twitter:card\" content=\"summary_large_image\" \/>\n<meta name=\"twitter:site\" content=\"@RooderTec\" \/>\n<meta name=\"twitter:label1\" content=\"Dur\u00e9e de lecture estim\u00e9e\" \/>\n\t<meta name=\"twitter:data1\" content=\"1 minute\" \/>\n<script type=\"application\/ld+json\" class=\"yoast-schema-graph\">{\"@context\":\"https:\/\/schema.org\",\"@graph\":[{\"@type\":\"WebPage\",\"@id\":\"https:\/\/www.rooderchina.com\/product\/electric-scooter-2000w-w7-with-19-inch-off-road-tires-golf-bag-holder-for-golf-cart-golf-course-club\/\",\"url\":\"https:\/\/www.rooderchina.com\/product\/electric-scooter-2000w-w7-with-19-inch-off-road-tires-golf-bag-holder-for-golf-cart-golf-course-club\/\",\"name\":\"electric scooter 2000w w7 with 19 inch off road tires golf bag holder for golf cart golf course club - Electric Scooters Bikes Citycoco Manufacturer\",\"isPartOf\":{\"@id\":\"https:\/\/www.rooderchina.com\/#website\"},\"datePublished\":\"2023-11-11T10:35:38+00:00\",\"dateModified\":\"2023-11-19T17:47:02+00:00\",\"breadcrumb\":{\"@id\":\"https:\/\/www.rooderchina.com\/product\/electric-scooter-2000w-w7-with-19-inch-off-road-tires-golf-bag-holder-for-golf-cart-golf-course-club\/#breadcrumb\"},\"inLanguage\":\"fr-FR\",\"potentialAction\":[{\"@type\":\"ReadAction\",\"target\":[\"https:\/\/www.rooderchina.com\/product\/electric-scooter-2000w-w7-with-19-inch-off-road-tires-golf-bag-holder-for-golf-cart-golf-course-club\/\"]}]},{\"@type\":\"BreadcrumbList\",\"@id\":\"https:\/\/www.rooderchina.com\/product\/electric-scooter-2000w-w7-with-19-inch-off-road-tires-golf-bag-holder-for-golf-cart-golf-course-club\/#breadcrumb\",\"itemListElement\":[{\"@type\":\"ListItem\",\"position\":1,\"name\":\"HOME\",\"item\":\"https:\/\/www.rooderchina.com\/\"},{\"@type\":\"ListItem\",\"position\":2,\"name\":\"Shop\",\"item\":\"https:\/\/www.rooderchina.com\/shop\/\"},{\"@type\":\"ListItem\",\"position\":3,\"name\":\"electric scooter 2000w w7 with 19 inch off road tires golf bag holder for golf cart golf course club\"}]},{\"@type\":\"WebSite\",\"@id\":\"https:\/\/www.rooderchina.com\/#website\",\"url\":\"https:\/\/www.rooderchina.com\/\",\"name\":\"Electric Scooters Bikes Citycoco Manufacturer\",\"description\":\"Rooder Technology Limited\",\"publisher\":{\"@id\":\"https:\/\/www.rooderchina.com\/#organization\"},\"potentialAction\":[{\"@type\":\"SearchAction\",\"target\":{\"@type\":\"EntryPoint\",\"urlTemplate\":\"https:\/\/www.rooderchina.com\/?s={search_term_string}\"},\"query-input\":\"required name=search_term_string\"}],\"inLanguage\":\"fr-FR\"},{\"@type\":\"Organization\",\"@id\":\"https:\/\/www.rooderchina.com\/#organization\",\"name\":\"Electric Scooters Bikes Citycoco Manufacturer\",\"url\":\"https:\/\/www.rooderchina.com\/\",\"logo\":{\"@type\":\"ImageObject\",\"inLanguage\":\"fr-FR\",\"@id\":\"https:\/\/www.rooderchina.com\/#\/schema\/logo\/image\/\",\"url\":\"https:\/\/www.rooderchina.com\/wp-content\/uploads\/2023\/12\/rooder2.jpg\",\"contentUrl\":\"https:\/\/www.rooderchina.com\/wp-content\/uploads\/2023\/12\/rooder2.jpg\",\"width\":1723,\"height\":1037,\"caption\":\"Electric Scooters Bikes Citycoco Manufacturer\"},\"image\":{\"@id\":\"https:\/\/www.rooderchina.com\/#\/schema\/logo\/image\/\"},\"sameAs\":[\"https:\/\/www.facebook.com\/rooder.tec\",\"https:\/\/twitter.com\/RooderTec\"]}]}<\/script>\n<!-- \/ Yoast SEO plugin. -->","yoast_head_json":{"title":"electric scooter 2000w w7 with 19 inch off road tires golf bag holder for golf cart golf course club - Electric Scooters Bikes Citycoco Manufacturer","robots":{"index":"index","follow":"follow","max-snippet":"max-snippet:-1","max-image-preview":"max-image-preview:large","max-video-preview":"max-video-preview:-1"},"canonical":"https:\/\/www.rooderchina.com\/fr\/produit\/electric-scooter-2000w-w7-with-19-inch-off-road-tires-golf-bag-holder-for-golf-cart-golf-course-club\/","og_locale":"fr_FR","og_type":"article","og_title":"electric scooter 2000w w7 with 19 inch off road tires golf bag holder for golf cart golf course club - Electric Scooters Bikes Citycoco Manufacturer","og_description":"Short Description: find high quality\u00a0off road e balance scooter, wholesale cheap price\u00a0off road e balance scooter from Rooder\u00a0off road e balance scooter manufacturer supplier factory exporter company golf bag holder, 19 inch tires, off road, 72v lithium battery, factory price    Brand: OEM\/ODM\/ROODER   Min.Order Quantity: 10 Piece\/Pieces   Supply Ability: 10000 Piece\/Pieces per Month   Port: Shenzhen   Payment Terms: T\/T, L\/C, D\/A, D\/P","og_url":"https:\/\/www.rooderchina.com\/fr\/produit\/electric-scooter-2000w-w7-with-19-inch-off-road-tires-golf-bag-holder-for-golf-cart-golf-course-club\/","og_site_name":"Electric Scooters Bikes Citycoco Manufacturer","article_publisher":"https:\/\/www.facebook.com\/rooder.tec","article_modified_time":"2023-11-19T17:47:02+00:00","og_image":[{"width":750,"height":750,"url":"https:\/\/www.rooderchina.com\/wp-content\/uploads\/2023\/11\/79c78776.jpg","type":"image\/jpeg"}],"twitter_card":"summary_large_image","twitter_site":"@RooderTec","twitter_misc":{"Dur\u00e9e de lecture estim\u00e9e":"1 minute"},"schema":{"@context":"https:\/\/schema.org","@graph":[{"@type":"WebPage","@id":"https:\/\/www.rooderchina.com\/product\/electric-scooter-2000w-w7-with-19-inch-off-road-tires-golf-bag-holder-for-golf-cart-golf-course-club\/","url":"https:\/\/www.rooderchina.com\/product\/electric-scooter-2000w-w7-with-19-inch-off-road-tires-golf-bag-holder-for-golf-cart-golf-course-club\/","name":"electric scooter 2000w w7 with 19 inch off road tires golf bag holder for golf cart golf course club - Electric Scooters Bikes Citycoco Manufacturer","isPartOf":{"@id":"https:\/\/www.rooderchina.com\/#website"},"datePublished":"2023-11-11T10:35:38+00:00","dateModified":"2023-11-19T17:47:02+00:00","breadcrumb":{"@id":"https:\/\/www.rooderchina.com\/product\/electric-scooter-2000w-w7-with-19-inch-off-road-tires-golf-bag-holder-for-golf-cart-golf-course-club\/#breadcrumb"},"inLanguage":"fr-FR","potentialAction":[{"@type":"ReadAction","target":["https:\/\/www.rooderchina.com\/product\/electric-scooter-2000w-w7-with-19-inch-off-road-tires-golf-bag-holder-for-golf-cart-golf-course-club\/"]}]},{"@type":"BreadcrumbList","@id":"https:\/\/www.rooderchina.com\/product\/electric-scooter-2000w-w7-with-19-inch-off-road-tires-golf-bag-holder-for-golf-cart-golf-course-club\/#breadcrumb","itemListElement":[{"@type":"ListItem","position":1,"name":"HOME","item":"https:\/\/www.rooderchina.com\/"},{"@type":"ListItem","position":2,"name":"Shop","item":"https:\/\/www.rooderchina.com\/shop\/"},{"@type":"ListItem","position":3,"name":"electric scooter 2000w w7 with 19 inch off road tires golf bag holder for golf cart golf course club"}]},{"@type":"WebSite","@id":"https:\/\/www.rooderchina.com\/#website","url":"https:\/\/www.rooderchina.com\/","name":"Electric Scooters Bikes Citycoco Manufacturer","description":"Rooder Technology Limited","publisher":{"@id":"https:\/\/www.rooderchina.com\/#organization"},"potentialAction":[{"@type":"SearchAction","target":{"@type":"EntryPoint","urlTemplate":"https:\/\/www.rooderchina.com\/?s={search_term_string}"},"query-input":"required name=search_term_string"}],"inLanguage":"fr-FR"},{"@type":"Organization","@id":"https:\/\/www.rooderchina.com\/#organization","name":"Electric Scooters Bikes Citycoco Manufacturer","url":"https:\/\/www.rooderchina.com\/","logo":{"@type":"ImageObject","inLanguage":"fr-FR","@id":"https:\/\/www.rooderchina.com\/#\/schema\/logo\/image\/","url":"https:\/\/www.rooderchina.com\/wp-content\/uploads\/2023\/12\/rooder2.jpg","contentUrl":"https:\/\/www.rooderchina.com\/wp-content\/uploads\/2023\/12\/rooder2.jpg","width":1723,"height":1037,"caption":"Electric Scooters Bikes Citycoco Manufacturer"},"image":{"@id":"https:\/\/www.rooderchina.com\/#\/schema\/logo\/image\/"},"sameAs":["https:\/\/www.facebook.com\/rooder.tec","https:\/\/twitter.com\/RooderTec"]}]}},"_links":{"self":[{"href":"https:\/\/www.rooderchina.com\/fr\/wp-json\/wp\/v2\/product\/9337","targetHints":{"allow":["GET"]}}],"collection":[{"href":"https:\/\/www.rooderchina.com\/fr\/wp-json\/wp\/v2\/product"}],"about":[{"href":"https:\/\/www.rooderchina.com\/fr\/wp-json\/wp\/v2\/types\/product"}],"replies":[{"embeddable":true,"href":"https:\/\/www.rooderchina.com\/fr\/wp-json\/wp\/v2\/comments?post=9337"}],"version-history":[{"count":1,"href":"https:\/\/www.rooderchina.com\/fr\/wp-json\/wp\/v2\/product\/9337\/revisions"}],"predecessor-version":[{"id":9338,"href":"https:\/\/www.rooderchina.com\/fr\/wp-json\/wp\/v2\/product\/9337\/revisions\/9338"}],"wp:featuredmedia":[{"embeddable":true,"href":"https:\/\/www.rooderchina.com\/fr\/wp-json\/wp\/v2\/media\/9339"}],"wp:attachment":[{"href":"https:\/\/www.rooderchina.com\/fr\/wp-json\/wp\/v2\/media?parent=9337"}],"wp:term":[{"taxonomy":"product_brand","embeddable":true,"href":"https:\/\/www.rooderchina.com\/fr\/wp-json\/wp\/v2\/product_brand?post=9337"},{"taxonomy":"product_cat","embeddable":true,"href":"https:\/\/www.rooderchina.com\/fr\/wp-json\/wp\/v2\/product_cat?post=9337"},{"taxonomy":"product_tag","embeddable":true,"href":"https:\/\/www.rooderchina.com\/fr\/wp-json\/wp\/v2\/product_tag?post=9337"}],"curies":[{"name":"wp","href":"https:\/\/api.w.org\/{rel}","templated":true}]}}