{"id":9316,"date":"2023-11-11T18:35:38","date_gmt":"2023-11-11T10:35:38","guid":{"rendered":"http:\/\/www.rooderchina.com\/index.php\/product\/smart-balance-hoverkart-with-6-5-inch-8-5-inch-or-10-inch-smart-balance-wheel-for-sale\/"},"modified":"2023-11-20T01:45:40","modified_gmt":"2023-11-19T17:45:40","slug":"smart-balance-hoverkart-with-6-5-inch-8-5-inch-or-10-inch-smart-balance-wheel-for-sale","status":"publish","type":"product","link":"https:\/\/www.rooderchina.com\/fr\/produit\/smart-balance-hoverkart-with-6-5-inch-8-5-inch-or-10-inch-smart-balance-wheel-for-sale\/","title":{"rendered":"smart balance hoverkart avec roue 6.5 inch 8.5 inch ou 10 inch smart balance \u00e0 vendre"},"content":{"rendered":"<p>We have professional engineer team which composed of 15 innovative designers. Many of them are with more than 8 years R&amp;D experience. They are always staying at the forefront of scooter technology, and working with the product&#8217;s users throughout the design process.<\/p>\n<p>Quality is our first priority! We offer over 5 years warranty to our customers. All the products are made strictly in accordance with ISO9001:2001 international quality management system, ISO14001 environment<\/p>\n<p>management Standards, and certified by UL, cUL, ETL, cETL, TUV, CE, RoHS, SAA, etc.<\/p>\n<p><strong><a href=\"https:\/\/www.rooderchina.com\/fr\/tag\/smart-balance-hoverkart\/\" title=\"View all posts in smart balance hoverkart\" target=\"_blank\" rel=\"noopener\">smart balance hoverkart<\/a> with 6.5 inch 8.5 inch or 10 inch smart balance wheel for sale from rooder <a href=\"https:\/\/www.rooderchina.com\/fr\/tag\/smart-balance-hoverkart\/\" title=\"View all posts in smart balance hoverkart\" target=\"_blank\" rel=\"noopener\">smart balance hoverkart<\/a> factory supplier exporter company<\/strong><\/p>\n<\/p>\n<p>&nbsp;<\/p>\n<p>1. name: off road <a href=\"https:\/\/www.rooderchina.com\/fr\/tag\/hoverkart\/\" title=\"View all posts in hoverkart\" target=\"_blank\" rel=\"noopener\">hoverkart<\/a><br \/>\n2. usage: put the hoverkart on the hoverboard, driver will enjoy more funs, easy to drive.<br \/>\n3. max speed: 20km\/h<br \/>\n4. material: iron+ABS+PU wheels.<br \/>\n5. Unit weight: 8kg.<br \/>\n6. max load capacity: 110KG.<br \/>\n7. NW: 8kg, GW: 10kg<br \/>\nNOTE: hoverboard excluded.<\/p>","protected":false},"excerpt":{"rendered":"<h3>Description succincte :<\/h3>\n<p><p>La soci\u00e9t\u00e9 Rooder est un fournisseur de scooter \u00e9lectrique, fabricant et exportateur de scooter \u00e9lectrique de haute qualit\u00e9.<\/p>\n<p>Simple \u00e0 mettre en place<br \/>\nConfortable, facile \u00e0 conduire<br \/>\nPratique, plus s\u00fbr qu'un hoverboard<br \/>\nBricolez votre hoverboad sur HoverKart<br \/>\nHoverboard directement fabriqu\u00e9 par le fabricant, support OEM<\/p>\n<\/p>\n<p><\/p>\n<li><em>Marque : <\/em> OEM\/ODM\/ROODER<\/li>\n<li><em>Quantit\u00e9 minimale de commande : <\/em> 10 pi\u00e8ces\/pi\u00e8ces<\/li>\n<li><em>Capacit\u00e9 d'approvisionnement : <\/em> 10000 pi\u00e8ces par mois<\/li>\n<li><em>Port : <\/em> Shenzhen<\/li>\n<li><em>Conditions de paiement : <\/em> T\/T, L\/C, D\/A, D\/P<\/li>","protected":false},"featured_media":9318,"comment_status":"closed","ping_status":"closed","template":"","meta":[],"product_brand":[],"product_cat":[556],"product_tag":[631,618,632,633,634,635,636,637,638,639,627,640,641,642,643],"class_list":{"0":"post-9316","1":"product","2":"type-product","3":"status-publish","4":"has-post-thumbnail","6":"product_cat-others","7":"product_tag-best-selling-go-kart-scooter","8":"product_tag-cheap-hoverkart","9":"product_tag-electric-scooter-hoverkart","10":"product_tag-go-kart","11":"product_tag-high-quality-hoverkart","12":"product_tag-hover-board-go-kart","13":"product_tag-hover-kart-electric-skateboard","14":"product_tag-hover-karting-hoverseat","15":"product_tag-hoverboard-adjustable-seat","16":"product_tag-hoverboard-go-kart","17":"product_tag-hoverkart","18":"product_tag-hoverkart-3-wheel-hoverboard-scooter-for-sale","19":"product_tag-hoverkart-scooter","20":"product_tag-karting","21":"product_tag-smart-balance-hoverkart","23":"first","24":"instock","25":"product-type-simple"},"yoast_head":"<!-- This site is optimized with the Yoast SEO plugin v21.7 - https:\/\/yoast.com\/wordpress\/plugins\/seo\/ -->\n<title>smart balance hoverkart with 6.5 inch 8.5 inch or 10 inch smart balance wheel for sale - Electric Scooters Bikes Citycoco Manufacturer<\/title>\n<meta name=\"robots\" content=\"index, follow, max-snippet:-1, max-image-preview:large, max-video-preview:-1\" \/>\n<link rel=\"canonical\" href=\"https:\/\/www.rooderchina.com\/fr\/produit\/smart-balance-hoverkart-with-6-5-inch-8-5-inch-or-10-inch-smart-balance-wheel-for-sale\/\" \/>\n<meta property=\"og:locale\" content=\"fr_FR\" \/>\n<meta property=\"og:type\" content=\"article\" \/>\n<meta property=\"og:title\" content=\"smart balance hoverkart with 6.5 inch 8.5 inch or 10 inch smart balance wheel for sale - Electric Scooters Bikes Citycoco Manufacturer\" \/>\n<meta property=\"og:description\" content=\"Short Description: find high quality\u00a0electric scooter hoverkart, wholesale cheap price\u00a0electric scooter hoverkart from Rooder\u00a0electric scooter hoverkart supplier factory manufacturer exporter company. Simple to set up Comfortable,easy to drive Practical, Safer than a hoverboard DIY your hoverboad to HoverKart Hoverboard manufacturer directly made,OEM support    Brand: OEM\/ODM\/ROODER   Min.Order Quantity: 10 Piece\/Pieces   Supply Ability: 10000 Piece\/Pieces per Month   Port: Shenzhen   Payment Terms: T\/T, L\/C, D\/A, D\/P\" \/>\n<meta property=\"og:url\" content=\"https:\/\/www.rooderchina.com\/fr\/produit\/smart-balance-hoverkart-with-6-5-inch-8-5-inch-or-10-inch-smart-balance-wheel-for-sale\/\" \/>\n<meta property=\"og:site_name\" content=\"Electric Scooters Bikes Citycoco Manufacturer\" \/>\n<meta property=\"article:publisher\" content=\"https:\/\/www.facebook.com\/rooder.tec\" \/>\n<meta property=\"article:modified_time\" content=\"2023-11-19T17:45:40+00:00\" \/>\n<meta property=\"og:image\" content=\"https:\/\/www.rooderchina.com\/wp-content\/uploads\/2023\/11\/557ab112.jpg\" \/>\n\t<meta property=\"og:image:width\" content=\"750\" \/>\n\t<meta property=\"og:image:height\" content=\"750\" \/>\n\t<meta property=\"og:image:type\" content=\"image\/jpeg\" \/>\n<meta name=\"twitter:card\" content=\"summary_large_image\" \/>\n<meta name=\"twitter:site\" content=\"@RooderTec\" \/>\n<meta name=\"twitter:label1\" content=\"Dur\u00e9e de lecture estim\u00e9e\" \/>\n\t<meta name=\"twitter:data1\" content=\"1 minute\" \/>\n<script type=\"application\/ld+json\" class=\"yoast-schema-graph\">{\"@context\":\"https:\/\/schema.org\",\"@graph\":[{\"@type\":\"WebPage\",\"@id\":\"https:\/\/www.rooderchina.com\/product\/smart-balance-hoverkart-with-6-5-inch-8-5-inch-or-10-inch-smart-balance-wheel-for-sale\/\",\"url\":\"https:\/\/www.rooderchina.com\/product\/smart-balance-hoverkart-with-6-5-inch-8-5-inch-or-10-inch-smart-balance-wheel-for-sale\/\",\"name\":\"smart balance hoverkart with 6.5 inch 8.5 inch or 10 inch smart balance wheel for sale - Electric Scooters Bikes Citycoco Manufacturer\",\"isPartOf\":{\"@id\":\"https:\/\/www.rooderchina.com\/#website\"},\"datePublished\":\"2023-11-11T10:35:38+00:00\",\"dateModified\":\"2023-11-19T17:45:40+00:00\",\"breadcrumb\":{\"@id\":\"https:\/\/www.rooderchina.com\/product\/smart-balance-hoverkart-with-6-5-inch-8-5-inch-or-10-inch-smart-balance-wheel-for-sale\/#breadcrumb\"},\"inLanguage\":\"fr-FR\",\"potentialAction\":[{\"@type\":\"ReadAction\",\"target\":[\"https:\/\/www.rooderchina.com\/product\/smart-balance-hoverkart-with-6-5-inch-8-5-inch-or-10-inch-smart-balance-wheel-for-sale\/\"]}]},{\"@type\":\"BreadcrumbList\",\"@id\":\"https:\/\/www.rooderchina.com\/product\/smart-balance-hoverkart-with-6-5-inch-8-5-inch-or-10-inch-smart-balance-wheel-for-sale\/#breadcrumb\",\"itemListElement\":[{\"@type\":\"ListItem\",\"position\":1,\"name\":\"HOME\",\"item\":\"https:\/\/www.rooderchina.com\/\"},{\"@type\":\"ListItem\",\"position\":2,\"name\":\"Shop\",\"item\":\"https:\/\/www.rooderchina.com\/shop\/\"},{\"@type\":\"ListItem\",\"position\":3,\"name\":\"smart balance hoverkart with 6.5 inch 8.5 inch or 10 inch smart balance wheel for sale\"}]},{\"@type\":\"WebSite\",\"@id\":\"https:\/\/www.rooderchina.com\/#website\",\"url\":\"https:\/\/www.rooderchina.com\/\",\"name\":\"Electric Scooters Bikes Citycoco Manufacturer\",\"description\":\"Rooder Technology Limited\",\"publisher\":{\"@id\":\"https:\/\/www.rooderchina.com\/#organization\"},\"potentialAction\":[{\"@type\":\"SearchAction\",\"target\":{\"@type\":\"EntryPoint\",\"urlTemplate\":\"https:\/\/www.rooderchina.com\/?s={search_term_string}\"},\"query-input\":\"required name=search_term_string\"}],\"inLanguage\":\"fr-FR\"},{\"@type\":\"Organization\",\"@id\":\"https:\/\/www.rooderchina.com\/#organization\",\"name\":\"Electric Scooters Bikes Citycoco Manufacturer\",\"url\":\"https:\/\/www.rooderchina.com\/\",\"logo\":{\"@type\":\"ImageObject\",\"inLanguage\":\"fr-FR\",\"@id\":\"https:\/\/www.rooderchina.com\/#\/schema\/logo\/image\/\",\"url\":\"https:\/\/www.rooderchina.com\/wp-content\/uploads\/2023\/12\/rooder2.jpg\",\"contentUrl\":\"https:\/\/www.rooderchina.com\/wp-content\/uploads\/2023\/12\/rooder2.jpg\",\"width\":1723,\"height\":1037,\"caption\":\"Electric Scooters Bikes Citycoco Manufacturer\"},\"image\":{\"@id\":\"https:\/\/www.rooderchina.com\/#\/schema\/logo\/image\/\"},\"sameAs\":[\"https:\/\/www.facebook.com\/rooder.tec\",\"https:\/\/twitter.com\/RooderTec\"]}]}<\/script>\n<!-- \/ Yoast SEO plugin. -->","yoast_head_json":{"title":"smart balance hoverkart with 6.5 inch 8.5 inch or 10 inch smart balance wheel for sale - Electric Scooters Bikes Citycoco Manufacturer","robots":{"index":"index","follow":"follow","max-snippet":"max-snippet:-1","max-image-preview":"max-image-preview:large","max-video-preview":"max-video-preview:-1"},"canonical":"https:\/\/www.rooderchina.com\/fr\/produit\/smart-balance-hoverkart-with-6-5-inch-8-5-inch-or-10-inch-smart-balance-wheel-for-sale\/","og_locale":"fr_FR","og_type":"article","og_title":"smart balance hoverkart with 6.5 inch 8.5 inch or 10 inch smart balance wheel for sale - Electric Scooters Bikes Citycoco Manufacturer","og_description":"Short Description: find high quality\u00a0electric scooter hoverkart, wholesale cheap price\u00a0electric scooter hoverkart from Rooder\u00a0electric scooter hoverkart supplier factory manufacturer exporter company. Simple to set up Comfortable,easy to drive Practical, Safer than a hoverboard DIY your hoverboad to HoverKart Hoverboard manufacturer directly made,OEM support    Brand: OEM\/ODM\/ROODER   Min.Order Quantity: 10 Piece\/Pieces   Supply Ability: 10000 Piece\/Pieces per Month   Port: Shenzhen   Payment Terms: T\/T, L\/C, D\/A, D\/P","og_url":"https:\/\/www.rooderchina.com\/fr\/produit\/smart-balance-hoverkart-with-6-5-inch-8-5-inch-or-10-inch-smart-balance-wheel-for-sale\/","og_site_name":"Electric Scooters Bikes Citycoco Manufacturer","article_publisher":"https:\/\/www.facebook.com\/rooder.tec","article_modified_time":"2023-11-19T17:45:40+00:00","og_image":[{"width":750,"height":750,"url":"https:\/\/www.rooderchina.com\/wp-content\/uploads\/2023\/11\/557ab112.jpg","type":"image\/jpeg"}],"twitter_card":"summary_large_image","twitter_site":"@RooderTec","twitter_misc":{"Dur\u00e9e de lecture estim\u00e9e":"1 minute"},"schema":{"@context":"https:\/\/schema.org","@graph":[{"@type":"WebPage","@id":"https:\/\/www.rooderchina.com\/product\/smart-balance-hoverkart-with-6-5-inch-8-5-inch-or-10-inch-smart-balance-wheel-for-sale\/","url":"https:\/\/www.rooderchina.com\/product\/smart-balance-hoverkart-with-6-5-inch-8-5-inch-or-10-inch-smart-balance-wheel-for-sale\/","name":"smart balance hoverkart with 6.5 inch 8.5 inch or 10 inch smart balance wheel for sale - Electric Scooters Bikes Citycoco Manufacturer","isPartOf":{"@id":"https:\/\/www.rooderchina.com\/#website"},"datePublished":"2023-11-11T10:35:38+00:00","dateModified":"2023-11-19T17:45:40+00:00","breadcrumb":{"@id":"https:\/\/www.rooderchina.com\/product\/smart-balance-hoverkart-with-6-5-inch-8-5-inch-or-10-inch-smart-balance-wheel-for-sale\/#breadcrumb"},"inLanguage":"fr-FR","potentialAction":[{"@type":"ReadAction","target":["https:\/\/www.rooderchina.com\/product\/smart-balance-hoverkart-with-6-5-inch-8-5-inch-or-10-inch-smart-balance-wheel-for-sale\/"]}]},{"@type":"BreadcrumbList","@id":"https:\/\/www.rooderchina.com\/product\/smart-balance-hoverkart-with-6-5-inch-8-5-inch-or-10-inch-smart-balance-wheel-for-sale\/#breadcrumb","itemListElement":[{"@type":"ListItem","position":1,"name":"HOME","item":"https:\/\/www.rooderchina.com\/"},{"@type":"ListItem","position":2,"name":"Shop","item":"https:\/\/www.rooderchina.com\/shop\/"},{"@type":"ListItem","position":3,"name":"smart balance hoverkart with 6.5 inch 8.5 inch or 10 inch smart balance wheel for sale"}]},{"@type":"WebSite","@id":"https:\/\/www.rooderchina.com\/#website","url":"https:\/\/www.rooderchina.com\/","name":"Electric Scooters Bikes Citycoco Manufacturer","description":"Rooder Technology Limited","publisher":{"@id":"https:\/\/www.rooderchina.com\/#organization"},"potentialAction":[{"@type":"SearchAction","target":{"@type":"EntryPoint","urlTemplate":"https:\/\/www.rooderchina.com\/?s={search_term_string}"},"query-input":"required name=search_term_string"}],"inLanguage":"fr-FR"},{"@type":"Organization","@id":"https:\/\/www.rooderchina.com\/#organization","name":"Electric Scooters Bikes Citycoco Manufacturer","url":"https:\/\/www.rooderchina.com\/","logo":{"@type":"ImageObject","inLanguage":"fr-FR","@id":"https:\/\/www.rooderchina.com\/#\/schema\/logo\/image\/","url":"https:\/\/www.rooderchina.com\/wp-content\/uploads\/2023\/12\/rooder2.jpg","contentUrl":"https:\/\/www.rooderchina.com\/wp-content\/uploads\/2023\/12\/rooder2.jpg","width":1723,"height":1037,"caption":"Electric Scooters Bikes Citycoco Manufacturer"},"image":{"@id":"https:\/\/www.rooderchina.com\/#\/schema\/logo\/image\/"},"sameAs":["https:\/\/www.facebook.com\/rooder.tec","https:\/\/twitter.com\/RooderTec"]}]}},"_links":{"self":[{"href":"https:\/\/www.rooderchina.com\/fr\/wp-json\/wp\/v2\/product\/9316","targetHints":{"allow":["GET"]}}],"collection":[{"href":"https:\/\/www.rooderchina.com\/fr\/wp-json\/wp\/v2\/product"}],"about":[{"href":"https:\/\/www.rooderchina.com\/fr\/wp-json\/wp\/v2\/types\/product"}],"replies":[{"embeddable":true,"href":"https:\/\/www.rooderchina.com\/fr\/wp-json\/wp\/v2\/comments?post=9316"}],"version-history":[{"count":1,"href":"https:\/\/www.rooderchina.com\/fr\/wp-json\/wp\/v2\/product\/9316\/revisions"}],"predecessor-version":[{"id":9317,"href":"https:\/\/www.rooderchina.com\/fr\/wp-json\/wp\/v2\/product\/9316\/revisions\/9317"}],"wp:featuredmedia":[{"embeddable":true,"href":"https:\/\/www.rooderchina.com\/fr\/wp-json\/wp\/v2\/media\/9318"}],"wp:attachment":[{"href":"https:\/\/www.rooderchina.com\/fr\/wp-json\/wp\/v2\/media?parent=9316"}],"wp:term":[{"taxonomy":"product_brand","embeddable":true,"href":"https:\/\/www.rooderchina.com\/fr\/wp-json\/wp\/v2\/product_brand?post=9316"},{"taxonomy":"product_cat","embeddable":true,"href":"https:\/\/www.rooderchina.com\/fr\/wp-json\/wp\/v2\/product_cat?post=9316"},{"taxonomy":"product_tag","embeddable":true,"href":"https:\/\/www.rooderchina.com\/fr\/wp-json\/wp\/v2\/product_tag?post=9316"}],"curies":[{"name":"wp","href":"https:\/\/api.w.org\/{rel}","templated":true}]}}