{"id":9262,"date":"2023-11-11T18:33:51","date_gmt":"2023-11-11T10:33:51","guid":{"rendered":"http:\/\/www.rooderchina.com\/index.php\/product\/china-electric-bike-r809-with-16-inch-tires-aluminum-alloy-frame-and-removable-lithium-battery-14kgs-only\/"},"modified":"2023-11-11T18:35:07","modified_gmt":"2023-11-11T10:35:07","slug":"china-electric-bike-r809-with-16-inch-tires-aluminum-alloy-frame-and-removable-lithium-battery-14kgs-only","status":"publish","type":"product","link":"https:\/\/www.rooderchina.com\/fr\/produit\/china-electric-bike-r809-with-16-inch-tires-aluminum-alloy-frame-and-removable-lithium-battery-14kgs-only\/","title":{"rendered":"v\u00e9lo \u00e9lectrique chinois r809 avec pneus 16 pouces cadre en alliage d'aluminium et batterie lithium amovible 14kgs seulement"},"content":{"rendered":"<p>Nous disposons d'une \u00e9quipe professionnelle de conception de produits et d'une \u00e9quipe de conception d'\u00e9clairage, qui peuvent vous offrir les meilleures solutions de transport personnel et d'\u00e9conomie d'\u00e9nergie. Nous avons \u00e9t\u00e9 honor\u00e9s en tant qu'entreprise nationale de haute technologie, entreprise de premier plan de Shenzhen et entreprise avanc\u00e9e de Chine dans le domaine des relations de travail harmonieuses.<\/p>\n<p><strong><a href=\"https:\/\/www.rooderchina.com\/fr\/tag\/china-electric-bike\/\" title=\"Voir tous les messages dans china electric bike\" target=\"_blank\" rel=\"noopener\">v\u00e9lo \u00e9lectrique chinois<\/a> avec pneus de 16 pouces, cadre en alliage d'aluminium et batterie lithium amovible 14kgs seulement chez Rooder <a href=\"https:\/\/www.rooderchina.com\/fr\/tag\/china-lightweight-electric-bike-manufacturers\/\" title=\"Voir tous les articles de china lightweight electric bike manufacturers\" target=\"_blank\" rel=\"noopener\">fabricants chinois de v\u00e9los \u00e9lectriques l\u00e9gers<\/a><\/strong><\/p>\n<p>\nmod\u00e8le : r809<br \/>\ntaille des roues : 16 pouces<br \/>\ncadre : cadre en aluminium<br \/>\nmoteur : 36v250w moteur sans engrenage<br \/>\nbatterie : 36v5.2a<br \/>\ntemps de charge : 3-4 heures<br \/>\nfreins : disques avant et arri\u00e8re<br \/>\ncoupe-jante jante 13g36h<br \/>\n\u00e9cran : \u00e9cran lcd<br \/>\ncharge max : 100kg<br \/>\nport\u00e9e : 50 km<br \/>\ntemps de charge : 3-4 heures<br \/>\nvitesse maximale : 25km\/h<br \/>\ntaille de l'emballage : 1320*650*260mm<br \/>\npoids net : 14kgs<br \/>\nPoids brut : 18 kg<\/p>","protected":false},"excerpt":{"rendered":"<h3>Description succincte :<\/h3>\n<p><p>Commandez un v\u00e9lo \u00e9lectrique chinois de haute qualit\u00e9, vendez en gros un v\u00e9lo \u00e9lectrique chinois bon march\u00e9 aupr\u00e8s des fabricants, fournisseurs et exportateurs de v\u00e9los \u00e9lectriques chinois de Rooder.<\/p>\n<p>16 pouces,<br \/>\nmoteur puissant,<br \/>\nbatterie amovible,<br \/>\ncadre en alliage d'aluminium,<br \/>\npoids l\u00e9ger<\/p>\n<\/p>\n<p><\/p>\n<li><em>Marque : <\/em> OEM\/ODM\/ROODER<\/li>\n<li><em>Quantit\u00e9 minimale de commande : <\/em> 10 pi\u00e8ces\/pi\u00e8ces<\/li>\n<li><em>Capacit\u00e9 d'approvisionnement : <\/em> 10000 pi\u00e8ces par mois<\/li>\n<li><em>Port : <\/em> Shenzhen<\/li>\n<li><em>Conditions de paiement : <\/em> T\/T, L\/C, D\/A, D\/P<\/li>","protected":false},"featured_media":9264,"comment_status":"closed","ping_status":"open","template":"","meta":[],"product_brand":[],"product_cat":[574],"product_tag":[575,576,577,578,579,580,581,582,583,584,585,586,587,588,589,590,591,592],"class_list":{"0":"post-9262","1":"product","2":"type-product","3":"status-publish","4":"has-post-thumbnail","6":"product_cat-electric-bicycles","7":"product_tag-8000watt-e-bike","8":"product_tag-big-tire-mini-bike","9":"product_tag-brushless-motor-bike","10":"product_tag-buy-electric-motorbike","11":"product_tag-china-electric-bike","12":"product_tag-china-lightweight-electric-bike-manufacturers","13":"product_tag-china-motorbike","14":"product_tag-chinese-electric-bike-manufacturers","15":"product_tag-e-bike-chopper","16":"product_tag-electric-chopper-bike","17":"product_tag-electric-one-wheel-bike","18":"product_tag-electric-scooter-bike-for-adults","19":"product_tag-harley-electric-bike","20":"product_tag-harley-mini-bike-for-sale","21":"product_tag-skillful-folding-electric-bike-supplier","22":"product_tag-stigo-bike","23":"product_tag-wholesale-carbon-fiber-mountain-bike-rims-factory","24":"product_tag-xiaomi-bike","26":"first","27":"instock","28":"product-type-simple"},"yoast_head":"<!-- This site is optimized with the Yoast SEO plugin v21.7 - https:\/\/yoast.com\/wordpress\/plugins\/seo\/ -->\n<title>china electric bike r809 with 16 inch tires aluminum alloy frame and removable lithium battery 14kgs only - Electric Scooters Bikes Citycoco Manufacturer<\/title>\n<meta name=\"robots\" content=\"index, follow, max-snippet:-1, max-image-preview:large, max-video-preview:-1\" \/>\n<link rel=\"canonical\" href=\"https:\/\/www.rooderchina.com\/fr\/produit\/china-electric-bike-r809-with-16-inch-tires-aluminum-alloy-frame-and-removable-lithium-battery-14kgs-only\/\" \/>\n<meta property=\"og:locale\" content=\"fr_FR\" \/>\n<meta property=\"og:type\" content=\"article\" \/>\n<meta property=\"og:title\" content=\"china electric bike r809 with 16 inch tires aluminum alloy frame and removable lithium battery 14kgs only - Electric Scooters Bikes Citycoco Manufacturer\" \/>\n<meta property=\"og:description\" content=\"Short Description: Order high quality\u00a0chinese electric bike, wholesale cheap\u00a0chinese electric bike from Rooder\u00a0chinese electric bike manufacturers\u00a0factories suppliers exporters companies 16inch, powerful motor, removable battery, aluminum alloy frame, light weight    Brand: OEM\/ODM\/ROODER   Min.Order Quantity: 10 Piece\/Pieces   Supply Ability: 10000 Piece\/Pieces per Month   Port: Shenzhen   Payment Terms: T\/T, L\/C, D\/A, D\/P\" \/>\n<meta property=\"og:url\" content=\"https:\/\/www.rooderchina.com\/fr\/produit\/china-electric-bike-r809-with-16-inch-tires-aluminum-alloy-frame-and-removable-lithium-battery-14kgs-only\/\" \/>\n<meta property=\"og:site_name\" content=\"Electric Scooters Bikes Citycoco Manufacturer\" \/>\n<meta property=\"article:publisher\" content=\"https:\/\/www.facebook.com\/rooder.tec\" \/>\n<meta property=\"article:modified_time\" content=\"2023-11-11T10:35:07+00:00\" \/>\n<meta property=\"og:image\" content=\"https:\/\/www.rooderchina.com\/wp-content\/uploads\/2023\/11\/3289183d.jpg\" \/>\n\t<meta property=\"og:image:width\" content=\"750\" \/>\n\t<meta property=\"og:image:height\" content=\"750\" \/>\n\t<meta property=\"og:image:type\" content=\"image\/jpeg\" \/>\n<meta name=\"twitter:card\" content=\"summary_large_image\" \/>\n<meta name=\"twitter:site\" content=\"@RooderTec\" \/>\n<meta name=\"twitter:label1\" content=\"Dur\u00e9e de lecture estim\u00e9e\" \/>\n\t<meta name=\"twitter:data1\" content=\"1 minute\" \/>\n<script type=\"application\/ld+json\" class=\"yoast-schema-graph\">{\"@context\":\"https:\/\/schema.org\",\"@graph\":[{\"@type\":\"WebPage\",\"@id\":\"https:\/\/www.rooderchina.com\/product\/china-electric-bike-r809-with-16-inch-tires-aluminum-alloy-frame-and-removable-lithium-battery-14kgs-only\/\",\"url\":\"https:\/\/www.rooderchina.com\/product\/china-electric-bike-r809-with-16-inch-tires-aluminum-alloy-frame-and-removable-lithium-battery-14kgs-only\/\",\"name\":\"china electric bike r809 with 16 inch tires aluminum alloy frame and removable lithium battery 14kgs only - Electric Scooters Bikes Citycoco Manufacturer\",\"isPartOf\":{\"@id\":\"https:\/\/www.rooderchina.com\/#website\"},\"datePublished\":\"2023-11-11T10:33:51+00:00\",\"dateModified\":\"2023-11-11T10:35:07+00:00\",\"breadcrumb\":{\"@id\":\"https:\/\/www.rooderchina.com\/product\/china-electric-bike-r809-with-16-inch-tires-aluminum-alloy-frame-and-removable-lithium-battery-14kgs-only\/#breadcrumb\"},\"inLanguage\":\"fr-FR\",\"potentialAction\":[{\"@type\":\"ReadAction\",\"target\":[\"https:\/\/www.rooderchina.com\/product\/china-electric-bike-r809-with-16-inch-tires-aluminum-alloy-frame-and-removable-lithium-battery-14kgs-only\/\"]}]},{\"@type\":\"BreadcrumbList\",\"@id\":\"https:\/\/www.rooderchina.com\/product\/china-electric-bike-r809-with-16-inch-tires-aluminum-alloy-frame-and-removable-lithium-battery-14kgs-only\/#breadcrumb\",\"itemListElement\":[{\"@type\":\"ListItem\",\"position\":1,\"name\":\"HOME\",\"item\":\"https:\/\/www.rooderchina.com\/\"},{\"@type\":\"ListItem\",\"position\":2,\"name\":\"Shop\",\"item\":\"https:\/\/www.rooderchina.com\/shop\/\"},{\"@type\":\"ListItem\",\"position\":3,\"name\":\"china electric bike r809 with 16 inch tires aluminum alloy frame and removable lithium battery 14kgs only\"}]},{\"@type\":\"WebSite\",\"@id\":\"https:\/\/www.rooderchina.com\/#website\",\"url\":\"https:\/\/www.rooderchina.com\/\",\"name\":\"Electric Scooters Bikes Citycoco Manufacturer\",\"description\":\"Rooder Technology Limited\",\"publisher\":{\"@id\":\"https:\/\/www.rooderchina.com\/#organization\"},\"potentialAction\":[{\"@type\":\"SearchAction\",\"target\":{\"@type\":\"EntryPoint\",\"urlTemplate\":\"https:\/\/www.rooderchina.com\/?s={search_term_string}\"},\"query-input\":\"required name=search_term_string\"}],\"inLanguage\":\"fr-FR\"},{\"@type\":\"Organization\",\"@id\":\"https:\/\/www.rooderchina.com\/#organization\",\"name\":\"Electric Scooters Bikes Citycoco Manufacturer\",\"url\":\"https:\/\/www.rooderchina.com\/\",\"logo\":{\"@type\":\"ImageObject\",\"inLanguage\":\"fr-FR\",\"@id\":\"https:\/\/www.rooderchina.com\/#\/schema\/logo\/image\/\",\"url\":\"https:\/\/www.rooderchina.com\/wp-content\/uploads\/2023\/12\/rooder2.jpg\",\"contentUrl\":\"https:\/\/www.rooderchina.com\/wp-content\/uploads\/2023\/12\/rooder2.jpg\",\"width\":1723,\"height\":1037,\"caption\":\"Electric Scooters Bikes Citycoco Manufacturer\"},\"image\":{\"@id\":\"https:\/\/www.rooderchina.com\/#\/schema\/logo\/image\/\"},\"sameAs\":[\"https:\/\/www.facebook.com\/rooder.tec\",\"https:\/\/twitter.com\/RooderTec\"]}]}<\/script>\n<!-- \/ Yoast SEO plugin. -->","yoast_head_json":{"title":"china electric bike r809 with 16 inch tires aluminum alloy frame and removable lithium battery 14kgs only - Electric Scooters Bikes Citycoco Manufacturer","robots":{"index":"index","follow":"follow","max-snippet":"max-snippet:-1","max-image-preview":"max-image-preview:large","max-video-preview":"max-video-preview:-1"},"canonical":"https:\/\/www.rooderchina.com\/fr\/produit\/china-electric-bike-r809-with-16-inch-tires-aluminum-alloy-frame-and-removable-lithium-battery-14kgs-only\/","og_locale":"fr_FR","og_type":"article","og_title":"china electric bike r809 with 16 inch tires aluminum alloy frame and removable lithium battery 14kgs only - Electric Scooters Bikes Citycoco Manufacturer","og_description":"Short Description: Order high quality\u00a0chinese electric bike, wholesale cheap\u00a0chinese electric bike from Rooder\u00a0chinese electric bike manufacturers\u00a0factories suppliers exporters companies 16inch, powerful motor, removable battery, aluminum alloy frame, light weight    Brand: OEM\/ODM\/ROODER   Min.Order Quantity: 10 Piece\/Pieces   Supply Ability: 10000 Piece\/Pieces per Month   Port: Shenzhen   Payment Terms: T\/T, L\/C, D\/A, D\/P","og_url":"https:\/\/www.rooderchina.com\/fr\/produit\/china-electric-bike-r809-with-16-inch-tires-aluminum-alloy-frame-and-removable-lithium-battery-14kgs-only\/","og_site_name":"Electric Scooters Bikes Citycoco Manufacturer","article_publisher":"https:\/\/www.facebook.com\/rooder.tec","article_modified_time":"2023-11-11T10:35:07+00:00","og_image":[{"width":750,"height":750,"url":"https:\/\/www.rooderchina.com\/wp-content\/uploads\/2023\/11\/3289183d.jpg","type":"image\/jpeg"}],"twitter_card":"summary_large_image","twitter_site":"@RooderTec","twitter_misc":{"Dur\u00e9e de lecture estim\u00e9e":"1 minute"},"schema":{"@context":"https:\/\/schema.org","@graph":[{"@type":"WebPage","@id":"https:\/\/www.rooderchina.com\/product\/china-electric-bike-r809-with-16-inch-tires-aluminum-alloy-frame-and-removable-lithium-battery-14kgs-only\/","url":"https:\/\/www.rooderchina.com\/product\/china-electric-bike-r809-with-16-inch-tires-aluminum-alloy-frame-and-removable-lithium-battery-14kgs-only\/","name":"china electric bike r809 with 16 inch tires aluminum alloy frame and removable lithium battery 14kgs only - Electric Scooters Bikes Citycoco Manufacturer","isPartOf":{"@id":"https:\/\/www.rooderchina.com\/#website"},"datePublished":"2023-11-11T10:33:51+00:00","dateModified":"2023-11-11T10:35:07+00:00","breadcrumb":{"@id":"https:\/\/www.rooderchina.com\/product\/china-electric-bike-r809-with-16-inch-tires-aluminum-alloy-frame-and-removable-lithium-battery-14kgs-only\/#breadcrumb"},"inLanguage":"fr-FR","potentialAction":[{"@type":"ReadAction","target":["https:\/\/www.rooderchina.com\/product\/china-electric-bike-r809-with-16-inch-tires-aluminum-alloy-frame-and-removable-lithium-battery-14kgs-only\/"]}]},{"@type":"BreadcrumbList","@id":"https:\/\/www.rooderchina.com\/product\/china-electric-bike-r809-with-16-inch-tires-aluminum-alloy-frame-and-removable-lithium-battery-14kgs-only\/#breadcrumb","itemListElement":[{"@type":"ListItem","position":1,"name":"HOME","item":"https:\/\/www.rooderchina.com\/"},{"@type":"ListItem","position":2,"name":"Shop","item":"https:\/\/www.rooderchina.com\/shop\/"},{"@type":"ListItem","position":3,"name":"china electric bike r809 with 16 inch tires aluminum alloy frame and removable lithium battery 14kgs only"}]},{"@type":"WebSite","@id":"https:\/\/www.rooderchina.com\/#website","url":"https:\/\/www.rooderchina.com\/","name":"Electric Scooters Bikes Citycoco Manufacturer","description":"Rooder Technology Limited","publisher":{"@id":"https:\/\/www.rooderchina.com\/#organization"},"potentialAction":[{"@type":"SearchAction","target":{"@type":"EntryPoint","urlTemplate":"https:\/\/www.rooderchina.com\/?s={search_term_string}"},"query-input":"required name=search_term_string"}],"inLanguage":"fr-FR"},{"@type":"Organization","@id":"https:\/\/www.rooderchina.com\/#organization","name":"Electric Scooters Bikes Citycoco Manufacturer","url":"https:\/\/www.rooderchina.com\/","logo":{"@type":"ImageObject","inLanguage":"fr-FR","@id":"https:\/\/www.rooderchina.com\/#\/schema\/logo\/image\/","url":"https:\/\/www.rooderchina.com\/wp-content\/uploads\/2023\/12\/rooder2.jpg","contentUrl":"https:\/\/www.rooderchina.com\/wp-content\/uploads\/2023\/12\/rooder2.jpg","width":1723,"height":1037,"caption":"Electric Scooters Bikes Citycoco Manufacturer"},"image":{"@id":"https:\/\/www.rooderchina.com\/#\/schema\/logo\/image\/"},"sameAs":["https:\/\/www.facebook.com\/rooder.tec","https:\/\/twitter.com\/RooderTec"]}]}},"_links":{"self":[{"href":"https:\/\/www.rooderchina.com\/fr\/wp-json\/wp\/v2\/product\/9262","targetHints":{"allow":["GET"]}}],"collection":[{"href":"https:\/\/www.rooderchina.com\/fr\/wp-json\/wp\/v2\/product"}],"about":[{"href":"https:\/\/www.rooderchina.com\/fr\/wp-json\/wp\/v2\/types\/product"}],"replies":[{"embeddable":true,"href":"https:\/\/www.rooderchina.com\/fr\/wp-json\/wp\/v2\/comments?post=9262"}],"version-history":[{"count":1,"href":"https:\/\/www.rooderchina.com\/fr\/wp-json\/wp\/v2\/product\/9262\/revisions"}],"predecessor-version":[{"id":9263,"href":"https:\/\/www.rooderchina.com\/fr\/wp-json\/wp\/v2\/product\/9262\/revisions\/9263"}],"wp:featuredmedia":[{"embeddable":true,"href":"https:\/\/www.rooderchina.com\/fr\/wp-json\/wp\/v2\/media\/9264"}],"wp:attachment":[{"href":"https:\/\/www.rooderchina.com\/fr\/wp-json\/wp\/v2\/media?parent=9262"}],"wp:term":[{"taxonomy":"product_brand","embeddable":true,"href":"https:\/\/www.rooderchina.com\/fr\/wp-json\/wp\/v2\/product_brand?post=9262"},{"taxonomy":"product_cat","embeddable":true,"href":"https:\/\/www.rooderchina.com\/fr\/wp-json\/wp\/v2\/product_cat?post=9262"},{"taxonomy":"product_tag","embeddable":true,"href":"https:\/\/www.rooderchina.com\/fr\/wp-json\/wp\/v2\/product_tag?post=9262"}],"curies":[{"name":"wp","href":"https:\/\/api.w.org\/{rel}","templated":true}]}}