{"id":9247,"date":"2023-11-11T18:33:51","date_gmt":"2023-11-11T10:33:51","guid":{"rendered":"http:\/\/www.rooderchina.com\/index.php\/product\/eec-citycoco-big-electric-wheel-scooter-harley-with-removable-battery-r804g-showed-electric-exhibition\/"},"modified":"2023-11-11T18:35:03","modified_gmt":"2023-11-11T10:35:03","slug":"eec-citycoco-big-electric-wheel-scooter-harley-with-removable-battery-r804g-showed-electric-exhibition","status":"publish","type":"product","link":"https:\/\/www.rooderchina.com\/fr\/produit\/eec-citycoco-big-electric-wheel-scooter-harley-with-removable-battery-r804g-showed-electric-exhibition\/","title":{"rendered":"EEC citycoco grande roue \u00e9lectrique scooter harley avec batterie amovible R804g a montr\u00e9 exposition \u00e9lectrique"},"content":{"rendered":"<section>\n<section>\n<section>\n<section>\n<section>\n<section>Shenzhen Rooder Technology Co., Ltd. is a export company, manufacturer and distributor of EEC citycoco big electric wheel scooter harley with removable battery, 2 wheel adult electrical scooter, self balancing scooter, kick scooter and so on.EEC citycoco big electric wheel scooter harley with removable battery showed electric exhibition<\/section>\n<section><\/section>\n<section>     <\/section>\n<\/section>\n<\/section>\n<\/section>\n<\/section>\n<\/section>","protected":false},"excerpt":{"rendered":"<h3>Description succincte :<\/h3>\n<p><p>Trouver un scooter \u00e0 roue \u00e9lectrique, un scooter seev, un scooter \u00e0 grande roue avec EEC citycoco de l'usine de Rooder EEC citycoco,\u00a0\u00a0<strong><\/strong>Fournisseur de scooters \u00e0 roues \u00e9lectriques, fabricant de roues \u00e9lectriques citycoco, exposant \u00e0 Mar Expo, HK Electric exhibition.<\/p>\n<section>\n<section>\n<section>\n<section>\n<section>\n<section>roue en aluminium : oui<br \/>\nsuspension avant et arri\u00e8re : oui<br \/>\nfeux de virage avant et arri\u00e8re : oui<br \/>\nfeu de freinage : oui<br \/>\nr\u00e9troviseur : oui<br \/>\nbatterie au lithium : oui<\/section>\n<\/section>\n<\/section>\n<\/section>\n<\/section>\n<\/section>\n<p><\/p>\n<li><em>Marque : <\/em> OEM\/ODM\/ROODER<\/li>\n<li><em>Quantit\u00e9 minimale de commande : <\/em> 10 pi\u00e8ces\/pi\u00e8ces<\/li>\n<li><em>Capacit\u00e9 d'approvisionnement : <\/em> 10000 pi\u00e8ces par mois<\/li>\n<li><em>Port : <\/em> Shenzhen<\/li>\n<li><em>Conditions de paiement : <\/em> T\/T, L\/C, D\/A, D\/P<\/li>","protected":false},"featured_media":9249,"comment_status":"closed","ping_status":"open","template":"","meta":[],"product_brand":[],"product_cat":[464],"product_tag":[],"class_list":{"0":"post-9247","1":"product","2":"type-product","3":"status-publish","4":"has-post-thumbnail","6":"product_cat-citycoco-choppers","8":"first","9":"instock","10":"product-type-simple"},"yoast_head":"<!-- This site is optimized with the Yoast SEO plugin v21.7 - https:\/\/yoast.com\/wordpress\/plugins\/seo\/ -->\n<title>EEC citycoco big electric wheel scooter harley with removable battery R804g showed electric exhibition - Electric Scooters Bikes Citycoco Manufacturer<\/title>\n<meta name=\"robots\" content=\"index, follow, max-snippet:-1, max-image-preview:large, max-video-preview:-1\" \/>\n<link rel=\"canonical\" href=\"https:\/\/www.rooderchina.com\/fr\/produit\/eec-citycoco-big-electric-wheel-scooter-harley-with-removable-battery-r804g-showed-electric-exhibition\/\" \/>\n<meta property=\"og:locale\" content=\"fr_FR\" \/>\n<meta property=\"og:type\" content=\"article\" \/>\n<meta property=\"og:title\" content=\"EEC citycoco big electric wheel scooter harley with removable battery R804g showed electric exhibition - Electric Scooters Bikes Citycoco Manufacturer\" \/>\n<meta property=\"og:description\" content=\"Short Description: Finding\u00a0big electric wheel scooter, seev\u00a0 scooter, big wheel scooter with EEC citycoco from Rooder EEC citycoco factory,\u00a0\u00a0electric wheel scooter supplier,\u00a0\u00a0citycoco big electric wheel manufacturer, display in Mar Expo, HK Electric exhibition.   aluminium wheel: yes front and rear shock suspension: yes front and rear turning lights: yes brake light: yes rearview mirror: yes lithium battery: yes      Brand: OEM\/ODM\/ROODER   Min.Order Quantity: 10 Piece\/Pieces   Supply Ability: 10000 Piece\/Pieces per Month   Port: Shenzhen   Payment Terms: T\/T, L\/C, D\/A, D\/P\" \/>\n<meta property=\"og:url\" content=\"https:\/\/www.rooderchina.com\/fr\/produit\/eec-citycoco-big-electric-wheel-scooter-harley-with-removable-battery-r804g-showed-electric-exhibition\/\" \/>\n<meta property=\"og:site_name\" content=\"Electric Scooters Bikes Citycoco Manufacturer\" \/>\n<meta property=\"article:publisher\" content=\"https:\/\/www.facebook.com\/rooder.tec\" \/>\n<meta property=\"article:modified_time\" content=\"2023-11-11T10:35:03+00:00\" \/>\n<meta property=\"og:image\" content=\"https:\/\/www.rooderchina.com\/wp-content\/uploads\/2023\/11\/cfdeb303.jpg\" \/>\n\t<meta property=\"og:image:width\" content=\"750\" \/>\n\t<meta property=\"og:image:height\" content=\"750\" \/>\n\t<meta property=\"og:image:type\" content=\"image\/jpeg\" \/>\n<meta name=\"twitter:card\" content=\"summary_large_image\" \/>\n<meta name=\"twitter:site\" content=\"@RooderTec\" \/>\n<script type=\"application\/ld+json\" class=\"yoast-schema-graph\">{\"@context\":\"https:\/\/schema.org\",\"@graph\":[{\"@type\":\"WebPage\",\"@id\":\"https:\/\/www.rooderchina.com\/product\/eec-citycoco-big-electric-wheel-scooter-harley-with-removable-battery-r804g-showed-electric-exhibition\/\",\"url\":\"https:\/\/www.rooderchina.com\/product\/eec-citycoco-big-electric-wheel-scooter-harley-with-removable-battery-r804g-showed-electric-exhibition\/\",\"name\":\"EEC citycoco big electric wheel scooter harley with removable battery R804g showed electric exhibition - Electric Scooters Bikes Citycoco Manufacturer\",\"isPartOf\":{\"@id\":\"https:\/\/www.rooderchina.com\/#website\"},\"datePublished\":\"2023-11-11T10:33:51+00:00\",\"dateModified\":\"2023-11-11T10:35:03+00:00\",\"breadcrumb\":{\"@id\":\"https:\/\/www.rooderchina.com\/product\/eec-citycoco-big-electric-wheel-scooter-harley-with-removable-battery-r804g-showed-electric-exhibition\/#breadcrumb\"},\"inLanguage\":\"fr-FR\",\"potentialAction\":[{\"@type\":\"ReadAction\",\"target\":[\"https:\/\/www.rooderchina.com\/product\/eec-citycoco-big-electric-wheel-scooter-harley-with-removable-battery-r804g-showed-electric-exhibition\/\"]}]},{\"@type\":\"BreadcrumbList\",\"@id\":\"https:\/\/www.rooderchina.com\/product\/eec-citycoco-big-electric-wheel-scooter-harley-with-removable-battery-r804g-showed-electric-exhibition\/#breadcrumb\",\"itemListElement\":[{\"@type\":\"ListItem\",\"position\":1,\"name\":\"HOME\",\"item\":\"https:\/\/www.rooderchina.com\/\"},{\"@type\":\"ListItem\",\"position\":2,\"name\":\"Shop\",\"item\":\"https:\/\/www.rooderchina.com\/shop\/\"},{\"@type\":\"ListItem\",\"position\":3,\"name\":\"EEC citycoco big electric wheel scooter harley with removable battery R804g showed electric exhibition\"}]},{\"@type\":\"WebSite\",\"@id\":\"https:\/\/www.rooderchina.com\/#website\",\"url\":\"https:\/\/www.rooderchina.com\/\",\"name\":\"Electric Scooters Bikes Citycoco Manufacturer\",\"description\":\"Rooder Technology Limited\",\"publisher\":{\"@id\":\"https:\/\/www.rooderchina.com\/#organization\"},\"potentialAction\":[{\"@type\":\"SearchAction\",\"target\":{\"@type\":\"EntryPoint\",\"urlTemplate\":\"https:\/\/www.rooderchina.com\/?s={search_term_string}\"},\"query-input\":\"required name=search_term_string\"}],\"inLanguage\":\"fr-FR\"},{\"@type\":\"Organization\",\"@id\":\"https:\/\/www.rooderchina.com\/#organization\",\"name\":\"Electric Scooters Bikes Citycoco Manufacturer\",\"url\":\"https:\/\/www.rooderchina.com\/\",\"logo\":{\"@type\":\"ImageObject\",\"inLanguage\":\"fr-FR\",\"@id\":\"https:\/\/www.rooderchina.com\/#\/schema\/logo\/image\/\",\"url\":\"https:\/\/www.rooderchina.com\/wp-content\/uploads\/2023\/12\/rooder2.jpg\",\"contentUrl\":\"https:\/\/www.rooderchina.com\/wp-content\/uploads\/2023\/12\/rooder2.jpg\",\"width\":1723,\"height\":1037,\"caption\":\"Electric Scooters Bikes Citycoco Manufacturer\"},\"image\":{\"@id\":\"https:\/\/www.rooderchina.com\/#\/schema\/logo\/image\/\"},\"sameAs\":[\"https:\/\/www.facebook.com\/rooder.tec\",\"https:\/\/twitter.com\/RooderTec\"]}]}<\/script>\n<!-- \/ Yoast SEO plugin. -->","yoast_head_json":{"title":"EEC citycoco big electric wheel scooter harley with removable battery R804g showed electric exhibition - Electric Scooters Bikes Citycoco Manufacturer","robots":{"index":"index","follow":"follow","max-snippet":"max-snippet:-1","max-image-preview":"max-image-preview:large","max-video-preview":"max-video-preview:-1"},"canonical":"https:\/\/www.rooderchina.com\/fr\/produit\/eec-citycoco-big-electric-wheel-scooter-harley-with-removable-battery-r804g-showed-electric-exhibition\/","og_locale":"fr_FR","og_type":"article","og_title":"EEC citycoco big electric wheel scooter harley with removable battery R804g showed electric exhibition - Electric Scooters Bikes Citycoco Manufacturer","og_description":"Short Description: Finding\u00a0big electric wheel scooter, seev\u00a0 scooter, big wheel scooter with EEC citycoco from Rooder EEC citycoco factory,\u00a0\u00a0electric wheel scooter supplier,\u00a0\u00a0citycoco big electric wheel manufacturer, display in Mar Expo, HK Electric exhibition.   aluminium wheel: yes front and rear shock suspension: yes front and rear turning lights: yes brake light: yes rearview mirror: yes lithium battery: yes      Brand: OEM\/ODM\/ROODER   Min.Order Quantity: 10 Piece\/Pieces   Supply Ability: 10000 Piece\/Pieces per Month   Port: Shenzhen   Payment Terms: T\/T, L\/C, D\/A, D\/P","og_url":"https:\/\/www.rooderchina.com\/fr\/produit\/eec-citycoco-big-electric-wheel-scooter-harley-with-removable-battery-r804g-showed-electric-exhibition\/","og_site_name":"Electric Scooters Bikes Citycoco Manufacturer","article_publisher":"https:\/\/www.facebook.com\/rooder.tec","article_modified_time":"2023-11-11T10:35:03+00:00","og_image":[{"width":750,"height":750,"url":"https:\/\/www.rooderchina.com\/wp-content\/uploads\/2023\/11\/cfdeb303.jpg","type":"image\/jpeg"}],"twitter_card":"summary_large_image","twitter_site":"@RooderTec","schema":{"@context":"https:\/\/schema.org","@graph":[{"@type":"WebPage","@id":"https:\/\/www.rooderchina.com\/product\/eec-citycoco-big-electric-wheel-scooter-harley-with-removable-battery-r804g-showed-electric-exhibition\/","url":"https:\/\/www.rooderchina.com\/product\/eec-citycoco-big-electric-wheel-scooter-harley-with-removable-battery-r804g-showed-electric-exhibition\/","name":"EEC citycoco big electric wheel scooter harley with removable battery R804g showed electric exhibition - Electric Scooters Bikes Citycoco Manufacturer","isPartOf":{"@id":"https:\/\/www.rooderchina.com\/#website"},"datePublished":"2023-11-11T10:33:51+00:00","dateModified":"2023-11-11T10:35:03+00:00","breadcrumb":{"@id":"https:\/\/www.rooderchina.com\/product\/eec-citycoco-big-electric-wheel-scooter-harley-with-removable-battery-r804g-showed-electric-exhibition\/#breadcrumb"},"inLanguage":"fr-FR","potentialAction":[{"@type":"ReadAction","target":["https:\/\/www.rooderchina.com\/product\/eec-citycoco-big-electric-wheel-scooter-harley-with-removable-battery-r804g-showed-electric-exhibition\/"]}]},{"@type":"BreadcrumbList","@id":"https:\/\/www.rooderchina.com\/product\/eec-citycoco-big-electric-wheel-scooter-harley-with-removable-battery-r804g-showed-electric-exhibition\/#breadcrumb","itemListElement":[{"@type":"ListItem","position":1,"name":"HOME","item":"https:\/\/www.rooderchina.com\/"},{"@type":"ListItem","position":2,"name":"Shop","item":"https:\/\/www.rooderchina.com\/shop\/"},{"@type":"ListItem","position":3,"name":"EEC citycoco big electric wheel scooter harley with removable battery R804g showed electric exhibition"}]},{"@type":"WebSite","@id":"https:\/\/www.rooderchina.com\/#website","url":"https:\/\/www.rooderchina.com\/","name":"Electric Scooters Bikes Citycoco Manufacturer","description":"Rooder Technology Limited","publisher":{"@id":"https:\/\/www.rooderchina.com\/#organization"},"potentialAction":[{"@type":"SearchAction","target":{"@type":"EntryPoint","urlTemplate":"https:\/\/www.rooderchina.com\/?s={search_term_string}"},"query-input":"required name=search_term_string"}],"inLanguage":"fr-FR"},{"@type":"Organization","@id":"https:\/\/www.rooderchina.com\/#organization","name":"Electric Scooters Bikes Citycoco Manufacturer","url":"https:\/\/www.rooderchina.com\/","logo":{"@type":"ImageObject","inLanguage":"fr-FR","@id":"https:\/\/www.rooderchina.com\/#\/schema\/logo\/image\/","url":"https:\/\/www.rooderchina.com\/wp-content\/uploads\/2023\/12\/rooder2.jpg","contentUrl":"https:\/\/www.rooderchina.com\/wp-content\/uploads\/2023\/12\/rooder2.jpg","width":1723,"height":1037,"caption":"Electric Scooters Bikes Citycoco Manufacturer"},"image":{"@id":"https:\/\/www.rooderchina.com\/#\/schema\/logo\/image\/"},"sameAs":["https:\/\/www.facebook.com\/rooder.tec","https:\/\/twitter.com\/RooderTec"]}]}},"_links":{"self":[{"href":"https:\/\/www.rooderchina.com\/fr\/wp-json\/wp\/v2\/product\/9247","targetHints":{"allow":["GET"]}}],"collection":[{"href":"https:\/\/www.rooderchina.com\/fr\/wp-json\/wp\/v2\/product"}],"about":[{"href":"https:\/\/www.rooderchina.com\/fr\/wp-json\/wp\/v2\/types\/product"}],"replies":[{"embeddable":true,"href":"https:\/\/www.rooderchina.com\/fr\/wp-json\/wp\/v2\/comments?post=9247"}],"version-history":[{"count":1,"href":"https:\/\/www.rooderchina.com\/fr\/wp-json\/wp\/v2\/product\/9247\/revisions"}],"predecessor-version":[{"id":9248,"href":"https:\/\/www.rooderchina.com\/fr\/wp-json\/wp\/v2\/product\/9247\/revisions\/9248"}],"wp:featuredmedia":[{"embeddable":true,"href":"https:\/\/www.rooderchina.com\/fr\/wp-json\/wp\/v2\/media\/9249"}],"wp:attachment":[{"href":"https:\/\/www.rooderchina.com\/fr\/wp-json\/wp\/v2\/media?parent=9247"}],"wp:term":[{"taxonomy":"product_brand","embeddable":true,"href":"https:\/\/www.rooderchina.com\/fr\/wp-json\/wp\/v2\/product_brand?post=9247"},{"taxonomy":"product_cat","embeddable":true,"href":"https:\/\/www.rooderchina.com\/fr\/wp-json\/wp\/v2\/product_cat?post=9247"},{"taxonomy":"product_tag","embeddable":true,"href":"https:\/\/www.rooderchina.com\/fr\/wp-json\/wp\/v2\/product_tag?post=9247"}],"curies":[{"name":"wp","href":"https:\/\/api.w.org\/{rel}","templated":true}]}}