{"id":9206,"date":"2023-11-11T18:33:51","date_gmt":"2023-11-11T10:33:51","guid":{"rendered":"http:\/\/www.rooderchina.com\/index.php\/product\/eec-approval-citycoco-harley-electric-scooter-with-two-removable-battery\/"},"modified":"2023-11-20T01:43:38","modified_gmt":"2023-11-19T17:43:38","slug":"eec-approval-citycoco-harley-electric-scooter-with-two-removable-battery","status":"publish","type":"product","link":"https:\/\/www.rooderchina.com\/fr\/produit\/eec-approval-citycoco-harley-electric-scooter-with-two-removable-battery\/","title":{"rendered":"Homologation CEE citycoco harley scooter \u00e9lectrique avec deux batteries amovibles"},"content":{"rendered":"<p><span style=\"font-size: x-large;\">Homologation CEE citycoco harley scooter \u00e9lectrique avec deux batteries amovibles<\/span><\/p>\n<p>&nbsp;<\/p>\n<p>Trouver le scooter \u00e9lectrique harley avec deux batteries amovibles homologu\u00e9 EEC citycoco de Rooder EEC citycoco factory est le seul et unique fournisseur de scooter \u00e9lectrique avec deux batteries amovibles EEC citycoco.<\/p>\n<p>&nbsp;<\/p>\n<p><iframe loading=\"lazy\" src=\"https:\/\/www.youtube.com\/embed\/dhUMCzsNik4?rel=0\" height=\"550\" width=\"1025\" allowfullscreen=\"\" frameborder=\"0\"><\/iframe><\/p>\n<p>          <span style=\"font-size: x-large; color: #ff0000;\">EEC certificate<\/span> <\/p>\n<section>\n<section>\n<section>\n<section>\n<section>\n<section><span style=\"font-size: x-large;\">More details of      <\/p>\n<section>\n<section>\n<section>\n<section>\n<section>\n<section>\n<section>\n<section>\n<section>\n<section>\n<section>\n<section><span style=\"font-size: large;\">Nous sommes les seuls \u00e0 disposer d'une double batterie amovible. Dans notre vie quotidienne, nous avons probablement besoin d'aller quelque part sur une longue distance.\u00a0<\/span><span style=\"font-size: large;\">\u00a0<\/span><span style=\"font-size: large;\">Batterie 12 AH : 35-40km\/h<\/span><\/p>\n<p><span style=\"font-size: large;\">Batterie 20 AH : 55-65km\/h<\/span><\/p>\n<p><span style=\"font-size: large;\">\u00a0<\/span><\/p>\n<p><span style=\"font-size: large;\">On peut imaginer que la batterie n'est pas assez puissante pour aller \u00e0 un endroit tr\u00e8s \u00e9loign\u00e9 et revenir ?  Parfois, la distance de croisi\u00e8re d\u00e9vie en raison du poids du chargement.<\/span><\/p>\n<\/p>\n<section>\n<section>\n<section>\n<section>\n<section>\n<section>Mod\u00e8le : r804s-EEC<br \/>\nTire size : 18\u00d79.5inch<br \/>\nmode de freinage : Frein \u00e0 disque<br \/>\nMont\u00e9e maximale : 18 degr\u00e9s<br \/>\nCouple maximum : 95N\/M<br \/>\nKilom\u00e9trage maximum : 35-40KM<br \/>\nVitesse maximale : 45 km\/h<br \/>\nCharge maximale : 200KG<br \/>\nBatterie amovible : batterie au lithium 60V12AH<br \/>\nTemps de charge : 4-6 heures<br \/>\nPuissance du moteur : 1500W<br \/>\nSuspension avant : oui<br \/>\nSuspension arri\u00e8re : oui<br \/>\nHorn : oui.<br \/>\nFeux de virage arri\u00e8re : oui<br \/>\nFeu d'arr\u00eat : oui<br \/>\n\u00c9cran LED : oui<br \/>\ndouble si\u00e8ge : oui<br \/>\nNW : 65KG GW : 70KG&nbsp;<\/p>\n<section>\n<section>\n<section>\n<section>\n<section>\n<section>Informations sur le paquet<\/section>\n<section>1PC\/carton<\/section>\n<section>Taille du carton : 1850*420*870mmNW:65kg, GW:70kg0.676CBM\/pcs<\/p>\n<\/p>\n<\/section>\n<\/section>\n<\/section>\n<\/section>\n<\/section>\n<\/section>\n<\/section>\n<\/section>\n<\/section>\n<\/section>\n<\/section>\n<\/section>\n<\/section>\n<\/section>\n<\/section>\n<\/section>\n<\/section>\n<\/section>\n<\/section>\n<\/section>\n<\/section>\n<\/section>\n<\/section>\n<\/section>\n<\/section>\n<\/section>\n<\/section>\n<\/section>\n<\/section>\n<\/section>","protected":false},"excerpt":{"rendered":"<h3>Description succincte :<\/h3>\n<p><p>Trouver le scooter \u00e9lectrique harley avec deux batteries amovibles homologu\u00e9 EEC citycoco de Rooder EEC citycoco factory est le seul et unique fournisseur de scooter \u00e9lectrique avec deux batteries amovibles EEC citycoco.<\/p>\n<\/p>\n<p><\/p>\n<li><em>Marque : <\/em> OEM\/ODM\/ROODER<\/li>\n<li><em>Quantit\u00e9 minimale de commande : <\/em> 10 pi\u00e8ces\/pi\u00e8ces<\/li>\n<li><em>Capacit\u00e9 d'approvisionnement : <\/em> 10000 pi\u00e8ces par mois<\/li>\n<li><em>Port : <\/em> Shenzhen<\/li>\n<li><em>Conditions de paiement : <\/em> T\/T, L\/C, D\/A, D\/P<\/li>\n<li><em>Moteur : <\/em> 1500w<\/li>\n<li><em>Batterie : <\/em> 12ah ou 20 ah *2<\/li>\n<li><em>Certificat : <\/em> EEC &#038; COC<\/li>","protected":false},"featured_media":9208,"comment_status":"closed","ping_status":"closed","template":"","meta":[],"product_brand":[],"product_cat":[464],"product_tag":[546,547,548,549],"class_list":{"0":"post-9206","1":"product","2":"type-product","3":"status-publish","4":"has-post-thumbnail","6":"product_cat-citycoco-choppers","7":"product_tag-coc-citycoco","8":"product_tag-coc-citycoco-factory","9":"product_tag-eec-citycoco-electric-scooter","10":"product_tag-eec-cityoco","12":"first","13":"instock","14":"product-type-simple"},"yoast_head":"<!-- This site is optimized with the Yoast SEO plugin v21.7 - https:\/\/yoast.com\/wordpress\/plugins\/seo\/ -->\n<title>EEC approval citycoco harley electric scooter with two removable battery - Electric Scooters Bikes Citycoco Manufacturer<\/title>\n<meta name=\"robots\" content=\"index, follow, max-snippet:-1, max-image-preview:large, max-video-preview:-1\" \/>\n<link rel=\"canonical\" href=\"https:\/\/www.rooderchina.com\/fr\/produit\/eec-approval-citycoco-harley-electric-scooter-with-two-removable-battery\/\" \/>\n<meta property=\"og:locale\" content=\"fr_FR\" \/>\n<meta property=\"og:type\" content=\"article\" \/>\n<meta property=\"og:title\" content=\"EEC approval citycoco harley electric scooter with two removable battery - Electric Scooters Bikes Citycoco Manufacturer\" \/>\n<meta property=\"og:description\" content=\"Short Description: Finding\u00a0EEC approval citycoco harley electric scooter with two removable battery from Rooder EEC citycoco factory with is\u00a0 one and only EEC\u00a0 citycoco with two removable battery supplier.    Brand: OEM\/ODM\/ROODER   Min.Order Quantity: 10 Piece\/Pieces   Supply Ability: 10000 Piece\/Pieces per Month   Port: Shenzhen   Payment Terms: T\/T, L\/C, D\/A, D\/P   Motor: 1500w   Battery: 12ah or 20 ah *2   Certificate: EEC &amp; COC\" \/>\n<meta property=\"og:url\" content=\"https:\/\/www.rooderchina.com\/fr\/produit\/eec-approval-citycoco-harley-electric-scooter-with-two-removable-battery\/\" \/>\n<meta property=\"og:site_name\" content=\"Electric Scooters Bikes Citycoco Manufacturer\" \/>\n<meta property=\"article:publisher\" content=\"https:\/\/www.facebook.com\/rooder.tec\" \/>\n<meta property=\"article:modified_time\" content=\"2023-11-19T17:43:38+00:00\" \/>\n<meta property=\"og:image\" content=\"https:\/\/www.rooderchina.com\/wp-content\/uploads\/2023\/11\/975899682.jpg\" \/>\n\t<meta property=\"og:image:width\" content=\"960\" \/>\n\t<meta property=\"og:image:height\" content=\"958\" \/>\n\t<meta property=\"og:image:type\" content=\"image\/jpeg\" \/>\n<meta name=\"twitter:card\" content=\"summary_large_image\" \/>\n<meta name=\"twitter:site\" content=\"@RooderTec\" \/>\n<meta name=\"twitter:label1\" content=\"Dur\u00e9e de lecture estim\u00e9e\" \/>\n\t<meta name=\"twitter:data1\" content=\"1 minute\" \/>\n<script type=\"application\/ld+json\" class=\"yoast-schema-graph\">{\"@context\":\"https:\/\/schema.org\",\"@graph\":[{\"@type\":\"WebPage\",\"@id\":\"https:\/\/www.rooderchina.com\/product\/eec-approval-citycoco-harley-electric-scooter-with-two-removable-battery\/\",\"url\":\"https:\/\/www.rooderchina.com\/product\/eec-approval-citycoco-harley-electric-scooter-with-two-removable-battery\/\",\"name\":\"EEC approval citycoco harley electric scooter with two removable battery - Electric Scooters Bikes Citycoco Manufacturer\",\"isPartOf\":{\"@id\":\"https:\/\/www.rooderchina.com\/#website\"},\"datePublished\":\"2023-11-11T10:33:51+00:00\",\"dateModified\":\"2023-11-19T17:43:38+00:00\",\"breadcrumb\":{\"@id\":\"https:\/\/www.rooderchina.com\/product\/eec-approval-citycoco-harley-electric-scooter-with-two-removable-battery\/#breadcrumb\"},\"inLanguage\":\"fr-FR\",\"potentialAction\":[{\"@type\":\"ReadAction\",\"target\":[\"https:\/\/www.rooderchina.com\/product\/eec-approval-citycoco-harley-electric-scooter-with-two-removable-battery\/\"]}]},{\"@type\":\"BreadcrumbList\",\"@id\":\"https:\/\/www.rooderchina.com\/product\/eec-approval-citycoco-harley-electric-scooter-with-two-removable-battery\/#breadcrumb\",\"itemListElement\":[{\"@type\":\"ListItem\",\"position\":1,\"name\":\"HOME\",\"item\":\"https:\/\/www.rooderchina.com\/\"},{\"@type\":\"ListItem\",\"position\":2,\"name\":\"Shop\",\"item\":\"https:\/\/www.rooderchina.com\/shop\/\"},{\"@type\":\"ListItem\",\"position\":3,\"name\":\"EEC approval citycoco harley electric scooter with two removable battery\"}]},{\"@type\":\"WebSite\",\"@id\":\"https:\/\/www.rooderchina.com\/#website\",\"url\":\"https:\/\/www.rooderchina.com\/\",\"name\":\"Electric Scooters Bikes Citycoco Manufacturer\",\"description\":\"Rooder Technology Limited\",\"publisher\":{\"@id\":\"https:\/\/www.rooderchina.com\/#organization\"},\"potentialAction\":[{\"@type\":\"SearchAction\",\"target\":{\"@type\":\"EntryPoint\",\"urlTemplate\":\"https:\/\/www.rooderchina.com\/?s={search_term_string}\"},\"query-input\":\"required name=search_term_string\"}],\"inLanguage\":\"fr-FR\"},{\"@type\":\"Organization\",\"@id\":\"https:\/\/www.rooderchina.com\/#organization\",\"name\":\"Electric Scooters Bikes Citycoco Manufacturer\",\"url\":\"https:\/\/www.rooderchina.com\/\",\"logo\":{\"@type\":\"ImageObject\",\"inLanguage\":\"fr-FR\",\"@id\":\"https:\/\/www.rooderchina.com\/#\/schema\/logo\/image\/\",\"url\":\"https:\/\/www.rooderchina.com\/wp-content\/uploads\/2023\/12\/rooder2.jpg\",\"contentUrl\":\"https:\/\/www.rooderchina.com\/wp-content\/uploads\/2023\/12\/rooder2.jpg\",\"width\":1723,\"height\":1037,\"caption\":\"Electric Scooters Bikes Citycoco Manufacturer\"},\"image\":{\"@id\":\"https:\/\/www.rooderchina.com\/#\/schema\/logo\/image\/\"},\"sameAs\":[\"https:\/\/www.facebook.com\/rooder.tec\",\"https:\/\/twitter.com\/RooderTec\"]}]}<\/script>\n<!-- \/ Yoast SEO plugin. -->","yoast_head_json":{"title":"EEC approval citycoco harley electric scooter with two removable battery - Electric Scooters Bikes Citycoco Manufacturer","robots":{"index":"index","follow":"follow","max-snippet":"max-snippet:-1","max-image-preview":"max-image-preview:large","max-video-preview":"max-video-preview:-1"},"canonical":"https:\/\/www.rooderchina.com\/fr\/produit\/eec-approval-citycoco-harley-electric-scooter-with-two-removable-battery\/","og_locale":"fr_FR","og_type":"article","og_title":"EEC approval citycoco harley electric scooter with two removable battery - Electric Scooters Bikes Citycoco Manufacturer","og_description":"Short Description: Finding\u00a0EEC approval citycoco harley electric scooter with two removable battery from Rooder EEC citycoco factory with is\u00a0 one and only EEC\u00a0 citycoco with two removable battery supplier.    Brand: OEM\/ODM\/ROODER   Min.Order Quantity: 10 Piece\/Pieces   Supply Ability: 10000 Piece\/Pieces per Month   Port: Shenzhen   Payment Terms: T\/T, L\/C, D\/A, D\/P   Motor: 1500w   Battery: 12ah or 20 ah *2   Certificate: EEC & COC","og_url":"https:\/\/www.rooderchina.com\/fr\/produit\/eec-approval-citycoco-harley-electric-scooter-with-two-removable-battery\/","og_site_name":"Electric Scooters Bikes Citycoco Manufacturer","article_publisher":"https:\/\/www.facebook.com\/rooder.tec","article_modified_time":"2023-11-19T17:43:38+00:00","og_image":[{"width":960,"height":958,"url":"https:\/\/www.rooderchina.com\/wp-content\/uploads\/2023\/11\/975899682.jpg","type":"image\/jpeg"}],"twitter_card":"summary_large_image","twitter_site":"@RooderTec","twitter_misc":{"Dur\u00e9e de lecture estim\u00e9e":"1 minute"},"schema":{"@context":"https:\/\/schema.org","@graph":[{"@type":"WebPage","@id":"https:\/\/www.rooderchina.com\/product\/eec-approval-citycoco-harley-electric-scooter-with-two-removable-battery\/","url":"https:\/\/www.rooderchina.com\/product\/eec-approval-citycoco-harley-electric-scooter-with-two-removable-battery\/","name":"EEC approval citycoco harley electric scooter with two removable battery - Electric Scooters Bikes Citycoco Manufacturer","isPartOf":{"@id":"https:\/\/www.rooderchina.com\/#website"},"datePublished":"2023-11-11T10:33:51+00:00","dateModified":"2023-11-19T17:43:38+00:00","breadcrumb":{"@id":"https:\/\/www.rooderchina.com\/product\/eec-approval-citycoco-harley-electric-scooter-with-two-removable-battery\/#breadcrumb"},"inLanguage":"fr-FR","potentialAction":[{"@type":"ReadAction","target":["https:\/\/www.rooderchina.com\/product\/eec-approval-citycoco-harley-electric-scooter-with-two-removable-battery\/"]}]},{"@type":"BreadcrumbList","@id":"https:\/\/www.rooderchina.com\/product\/eec-approval-citycoco-harley-electric-scooter-with-two-removable-battery\/#breadcrumb","itemListElement":[{"@type":"ListItem","position":1,"name":"HOME","item":"https:\/\/www.rooderchina.com\/"},{"@type":"ListItem","position":2,"name":"Shop","item":"https:\/\/www.rooderchina.com\/shop\/"},{"@type":"ListItem","position":3,"name":"EEC approval citycoco harley electric scooter with two removable battery"}]},{"@type":"WebSite","@id":"https:\/\/www.rooderchina.com\/#website","url":"https:\/\/www.rooderchina.com\/","name":"Electric Scooters Bikes Citycoco Manufacturer","description":"Rooder Technology Limited","publisher":{"@id":"https:\/\/www.rooderchina.com\/#organization"},"potentialAction":[{"@type":"SearchAction","target":{"@type":"EntryPoint","urlTemplate":"https:\/\/www.rooderchina.com\/?s={search_term_string}"},"query-input":"required name=search_term_string"}],"inLanguage":"fr-FR"},{"@type":"Organization","@id":"https:\/\/www.rooderchina.com\/#organization","name":"Electric Scooters Bikes Citycoco Manufacturer","url":"https:\/\/www.rooderchina.com\/","logo":{"@type":"ImageObject","inLanguage":"fr-FR","@id":"https:\/\/www.rooderchina.com\/#\/schema\/logo\/image\/","url":"https:\/\/www.rooderchina.com\/wp-content\/uploads\/2023\/12\/rooder2.jpg","contentUrl":"https:\/\/www.rooderchina.com\/wp-content\/uploads\/2023\/12\/rooder2.jpg","width":1723,"height":1037,"caption":"Electric Scooters Bikes Citycoco Manufacturer"},"image":{"@id":"https:\/\/www.rooderchina.com\/#\/schema\/logo\/image\/"},"sameAs":["https:\/\/www.facebook.com\/rooder.tec","https:\/\/twitter.com\/RooderTec"]}]}},"_links":{"self":[{"href":"https:\/\/www.rooderchina.com\/fr\/wp-json\/wp\/v2\/product\/9206","targetHints":{"allow":["GET"]}}],"collection":[{"href":"https:\/\/www.rooderchina.com\/fr\/wp-json\/wp\/v2\/product"}],"about":[{"href":"https:\/\/www.rooderchina.com\/fr\/wp-json\/wp\/v2\/types\/product"}],"replies":[{"embeddable":true,"href":"https:\/\/www.rooderchina.com\/fr\/wp-json\/wp\/v2\/comments?post=9206"}],"version-history":[{"count":1,"href":"https:\/\/www.rooderchina.com\/fr\/wp-json\/wp\/v2\/product\/9206\/revisions"}],"predecessor-version":[{"id":9207,"href":"https:\/\/www.rooderchina.com\/fr\/wp-json\/wp\/v2\/product\/9206\/revisions\/9207"}],"wp:featuredmedia":[{"embeddable":true,"href":"https:\/\/www.rooderchina.com\/fr\/wp-json\/wp\/v2\/media\/9208"}],"wp:attachment":[{"href":"https:\/\/www.rooderchina.com\/fr\/wp-json\/wp\/v2\/media?parent=9206"}],"wp:term":[{"taxonomy":"product_brand","embeddable":true,"href":"https:\/\/www.rooderchina.com\/fr\/wp-json\/wp\/v2\/product_brand?post=9206"},{"taxonomy":"product_cat","embeddable":true,"href":"https:\/\/www.rooderchina.com\/fr\/wp-json\/wp\/v2\/product_cat?post=9206"},{"taxonomy":"product_tag","embeddable":true,"href":"https:\/\/www.rooderchina.com\/fr\/wp-json\/wp\/v2\/product_tag?post=9206"}],"curies":[{"name":"wp","href":"https:\/\/api.w.org\/{rel}","templated":true}]}}