{"id":9180,"date":"2023-11-11T18:33:51","date_gmt":"2023-11-11T10:33:51","guid":{"rendered":"http:\/\/www.rooderchina.com\/index.php\/product\/1200w-electric-battery-powered-motorcycle-citycoco-harley-r804e-with-eec-front-lamp-rear-turn-brake-light-license-plate-lamp-rearview-mirrors-kickstand-and-dashboard\/"},"modified":"2023-11-11T18:34:36","modified_gmt":"2023-11-11T10:34:36","slug":"1200w-electric-battery-powered-motorcycle-citycoco-harley-r804e-with-eec-front-lamp-rear-turn-brake-light-license-plate-lamp-rearview-mirrors-kickstand-and-dashboard","status":"publish","type":"product","link":"https:\/\/www.rooderchina.com\/fr\/produit\/1200w-electric-battery-powered-motorcycle-citycoco-harley-r804e-with-eec-front-lamp-rear-turn-brake-light-license-plate-lamp-rearview-mirrors-kickstand-and-dashboard\/","title":{"rendered":"1200w electric motorcycle citycoco harley r804e with eec front lamp light rear turn brake light license plate lamp rearview mirrors kickstand and dashboard"},"content":{"rendered":"<p>Shenzhen Rooder Technology Co. est sp\u00e9cialis\u00e9e dans la conception et la production de scooters \u00e9lectriques Balance Citycoco, de motos \u00e0 deux roues, de motos \u00e9lectriques et de v\u00e9los \u00e9lectriques, etc.<\/p>\n<p>Nous disposons d'un service de recherche et d\u00e9veloppement et d'un service de contr\u00f4le de la qualit\u00e9 professionnels. Nous appliquons le strict syst\u00e8me de gestion de la qualit\u00e9 ISO9001 : 2000. Notre usine a obtenu plusieurs brevets uniques et la plupart de nos produits ont obtenu les certifications FCC, RoHS et CE. Nos principaux march\u00e9s sont la Su\u00e8de, la Hongrie, la Roumanie, l'Allemagne, la France, l'Italie, la Pologne, les Pays-Bas, l'Espagne, la Finlande, la Turquie, la Russie, la Norv\u00e8ge, Isra\u00ebl, l'Australie. Nous vendons \u00e9galement nos produits aux \u00c9tats-Unis, \u00e0 la Cor\u00e9e, au Japon, \u00e0 Hong Kong, \u00e0 Ta\u00efwan, \u00e0 l'Inde et au Moyen-Orient, etc.<\/p>\n<\/p>\n<p>&nbsp;<\/p>\n<p>&nbsp;<\/p>\n<p>vitesse maximale : 40 km\/h<br \/>\nautonomie (par charge) : 35-70km<br \/>\nangle d'ouverture maximal : 20<br \/>\npoids net : 65 kg<br \/>\nPoids brut : 71 kg<br \/>\ncharge max : 150kg<br \/>\npuissance du moteur : 1200w brushless motor<br \/>\ncapacit\u00e9 de la batterie : 60v 12-20ah<br \/>\nbatterie : batterie lithium amovible<br \/>\ntemps de charge : 4-6 heures<br \/>\ntaille des pneus : pneus en aluminium de 12 pouces<br \/>\namortisseur : amortisseur avant<br \/>\ntaille de la voiture enti\u00e8re : 175*78.4*70cm<br \/>\nDimensions du carton : 167*36*80cm<br \/>\ncouleur du cadre : noir\/blanc<br \/>\ncouleur des ailes : noir\/blanc\/orange\/pourpre\/rouge\/bleu<br \/>\nadditionnel : feu avant, feu arri\u00e8re, feu stop, \u00e9clairage de la plaque d'immatriculation, feu tournant, r\u00e9troviseur, b\u00e9quille, tableau de bord<\/p>\n<\/p>\n<p>&nbsp;<\/p>\n<p>1200w electric motorcycle citycoco harley r804e with eec front lamp light rear turn brake light license plate lamp rearview mirrors kickstand and dashboard<\/p><\/p>","protected":false},"excerpt":{"rendered":"<h3>Description succincte :<\/h3>\n<p><p>Trouver des motos \u00e9lectriques \u00e0 batterie 1200w de haute qualit\u00e9 et bon march\u00e9, citycoco harley electric scooter with eec, wholesale low price adult electric motorcycle from electrical bike supplier Rooder Technology Limited.<\/p>\n<p>cee : oui,<br \/>\ncoc : non,<br \/>\nfeu avant : oui,<br \/>\nfeu arri\u00e8re : oui,<br \/>\nfeu de freinage : oui,<br \/>\nlampe tournante : oui,<br \/>\n\u00e9clairage de la plaque d'immatriculation : oui<br \/>\nr\u00e9troviseurs : oui<br \/>\nb\u00e9quille : oui<br \/>\ntableau de bord : oui<\/p>\n<\/p>\n<p><\/p>\n<li><em>Marque : <\/em> OEM\/ODM\/ROODER<\/li>\n<li><em>Quantit\u00e9 minimale de commande : <\/em> 10 pi\u00e8ces\/pi\u00e8ces<\/li>\n<li><em>Capacit\u00e9 d'approvisionnement : <\/em> 10000 pi\u00e8ces par mois<\/li>\n<li><em>Port : <\/em> Shenzhen<\/li>\n<li><em>Conditions de paiement : <\/em> T\/T, L\/C, D\/A, D\/P<\/li>","protected":false},"featured_media":9182,"comment_status":"closed","ping_status":"open","template":"","meta":[],"product_brand":[],"product_cat":[464],"product_tag":[532,533,534,535,524,536,537,538,516,539,540,541,542,543,544],"class_list":{"0":"post-9180","1":"product","2":"type-product","3":"status-publish","4":"has-post-thumbnail","6":"product_cat-citycoco-choppers","7":"product_tag-1000w-electric-battery-powered-motorcycle","8":"product_tag-2-wheel-citycoco-electric-scooter","9":"product_tag-2-wheel-motorcycle","10":"product_tag-2-wheel-seev-citycoco-electric-scooter","11":"product_tag-adult-electric-motorcycle","12":"product_tag-adult-electric-scooters","13":"product_tag-citycoco-eec-coc","14":"product_tag-electric-bike","15":"product_tag-electric-motorcycle","16":"product_tag-electric-scooter-1200w","17":"product_tag-electric-scooter-balance-citycoco","18":"product_tag-electric-scooter-for-adults","19":"product_tag-harley-electric-scooter-factory","20":"product_tag-harley-motorbicycle","21":"product_tag-harleying-electric-scooter","23":"first","24":"instock","25":"product-type-simple"},"yoast_head":"<!-- This site is optimized with the Yoast SEO plugin v21.7 - https:\/\/yoast.com\/wordpress\/plugins\/seo\/ -->\n<title>1200w electric battery powered motorcycle citycoco harley r804e with eec front lamp rear turn brake light license plate lamp rearview mirrors kickstand and dashboard - Electric Scooters Bikes Citycoco Manufacturer<\/title>\n<meta name=\"robots\" content=\"index, follow, max-snippet:-1, max-image-preview:large, max-video-preview:-1\" \/>\n<link rel=\"canonical\" href=\"https:\/\/www.rooderchina.com\/fr\/produit\/1200w-electric-battery-powered-motorcycle-citycoco-harley-r804e-with-eec-front-lamp-rear-turn-brake-light-license-plate-lamp-rearview-mirrors-kickstand-and-dashboard\/\" \/>\n<meta property=\"og:locale\" content=\"fr_FR\" \/>\n<meta property=\"og:type\" content=\"article\" \/>\n<meta property=\"og:title\" content=\"1200w electric battery powered motorcycle citycoco harley r804e with eec front lamp rear turn brake light license plate lamp rearview mirrors kickstand and dashboard - Electric Scooters Bikes Citycoco Manufacturer\" \/>\n<meta property=\"og:description\" content=\"Short Description: find cheap and high quality\u00a01200w electric battery powered motorcycle, citycoco harley electric scooter with eec, wholesale low price\u00a0adult electric motorcycle from electrical bike supplier Rooder Technology Limited eec: yes, coc: no, front lamp: yes, rear lamp: yes, brake lamp: yes, turn lamp: yes, license plate light: yes rearview mirrors: yes kickstand: yes dashboard: yes    Brand: OEM\/ODM\/ROODER   Min.Order Quantity: 10 Piece\/Pieces   Supply Ability: 10000 Piece\/Pieces per Month   Port: Shenzhen   Payment Terms: T\/T, L\/C, D\/A, D\/P\" \/>\n<meta property=\"og:url\" content=\"https:\/\/www.rooderchina.com\/fr\/produit\/1200w-electric-battery-powered-motorcycle-citycoco-harley-r804e-with-eec-front-lamp-rear-turn-brake-light-license-plate-lamp-rearview-mirrors-kickstand-and-dashboard\/\" \/>\n<meta property=\"og:site_name\" content=\"Electric Scooters Bikes Citycoco Manufacturer\" \/>\n<meta property=\"article:publisher\" content=\"https:\/\/www.facebook.com\/rooder.tec\" \/>\n<meta property=\"article:modified_time\" content=\"2023-11-11T10:34:36+00:00\" \/>\n<meta property=\"og:image\" content=\"https:\/\/www.rooderchina.com\/wp-content\/uploads\/2023\/11\/13ec7395.jpg\" \/>\n\t<meta property=\"og:image:width\" content=\"750\" \/>\n\t<meta property=\"og:image:height\" content=\"750\" \/>\n\t<meta property=\"og:image:type\" content=\"image\/jpeg\" \/>\n<meta name=\"twitter:card\" content=\"summary_large_image\" \/>\n<meta name=\"twitter:site\" content=\"@RooderTec\" \/>\n<meta name=\"twitter:label1\" content=\"Dur\u00e9e de lecture estim\u00e9e\" \/>\n\t<meta name=\"twitter:data1\" content=\"1 minute\" \/>\n<script type=\"application\/ld+json\" class=\"yoast-schema-graph\">{\"@context\":\"https:\/\/schema.org\",\"@graph\":[{\"@type\":\"WebPage\",\"@id\":\"https:\/\/www.rooderchina.com\/product\/1200w-electric-battery-powered-motorcycle-citycoco-harley-r804e-with-eec-front-lamp-rear-turn-brake-light-license-plate-lamp-rearview-mirrors-kickstand-and-dashboard\/\",\"url\":\"https:\/\/www.rooderchina.com\/product\/1200w-electric-battery-powered-motorcycle-citycoco-harley-r804e-with-eec-front-lamp-rear-turn-brake-light-license-plate-lamp-rearview-mirrors-kickstand-and-dashboard\/\",\"name\":\"1200w electric battery powered motorcycle citycoco harley r804e with eec front lamp rear turn brake light license plate lamp rearview mirrors kickstand and dashboard - Electric Scooters Bikes Citycoco Manufacturer\",\"isPartOf\":{\"@id\":\"https:\/\/www.rooderchina.com\/#website\"},\"datePublished\":\"2023-11-11T10:33:51+00:00\",\"dateModified\":\"2023-11-11T10:34:36+00:00\",\"breadcrumb\":{\"@id\":\"https:\/\/www.rooderchina.com\/product\/1200w-electric-battery-powered-motorcycle-citycoco-harley-r804e-with-eec-front-lamp-rear-turn-brake-light-license-plate-lamp-rearview-mirrors-kickstand-and-dashboard\/#breadcrumb\"},\"inLanguage\":\"fr-FR\",\"potentialAction\":[{\"@type\":\"ReadAction\",\"target\":[\"https:\/\/www.rooderchina.com\/product\/1200w-electric-battery-powered-motorcycle-citycoco-harley-r804e-with-eec-front-lamp-rear-turn-brake-light-license-plate-lamp-rearview-mirrors-kickstand-and-dashboard\/\"]}]},{\"@type\":\"BreadcrumbList\",\"@id\":\"https:\/\/www.rooderchina.com\/product\/1200w-electric-battery-powered-motorcycle-citycoco-harley-r804e-with-eec-front-lamp-rear-turn-brake-light-license-plate-lamp-rearview-mirrors-kickstand-and-dashboard\/#breadcrumb\",\"itemListElement\":[{\"@type\":\"ListItem\",\"position\":1,\"name\":\"HOME\",\"item\":\"https:\/\/www.rooderchina.com\/\"},{\"@type\":\"ListItem\",\"position\":2,\"name\":\"Shop\",\"item\":\"https:\/\/www.rooderchina.com\/shop\/\"},{\"@type\":\"ListItem\",\"position\":3,\"name\":\"1200w electric battery powered motorcycle citycoco harley r804e with eec front lamp rear turn brake light license plate lamp rearview mirrors kickstand and dashboard\"}]},{\"@type\":\"WebSite\",\"@id\":\"https:\/\/www.rooderchina.com\/#website\",\"url\":\"https:\/\/www.rooderchina.com\/\",\"name\":\"Electric Scooters Bikes Citycoco Manufacturer\",\"description\":\"Rooder Technology Limited\",\"publisher\":{\"@id\":\"https:\/\/www.rooderchina.com\/#organization\"},\"potentialAction\":[{\"@type\":\"SearchAction\",\"target\":{\"@type\":\"EntryPoint\",\"urlTemplate\":\"https:\/\/www.rooderchina.com\/?s={search_term_string}\"},\"query-input\":\"required name=search_term_string\"}],\"inLanguage\":\"fr-FR\"},{\"@type\":\"Organization\",\"@id\":\"https:\/\/www.rooderchina.com\/#organization\",\"name\":\"Electric Scooters Bikes Citycoco Manufacturer\",\"url\":\"https:\/\/www.rooderchina.com\/\",\"logo\":{\"@type\":\"ImageObject\",\"inLanguage\":\"fr-FR\",\"@id\":\"https:\/\/www.rooderchina.com\/#\/schema\/logo\/image\/\",\"url\":\"https:\/\/www.rooderchina.com\/wp-content\/uploads\/2023\/12\/rooder2.jpg\",\"contentUrl\":\"https:\/\/www.rooderchina.com\/wp-content\/uploads\/2023\/12\/rooder2.jpg\",\"width\":1723,\"height\":1037,\"caption\":\"Electric Scooters Bikes Citycoco Manufacturer\"},\"image\":{\"@id\":\"https:\/\/www.rooderchina.com\/#\/schema\/logo\/image\/\"},\"sameAs\":[\"https:\/\/www.facebook.com\/rooder.tec\",\"https:\/\/twitter.com\/RooderTec\"]}]}<\/script>\n<!-- \/ Yoast SEO plugin. -->","yoast_head_json":{"title":"1200w electric battery powered motorcycle citycoco harley r804e with eec front lamp rear turn brake light license plate lamp rearview mirrors kickstand and dashboard - Electric Scooters Bikes Citycoco Manufacturer","robots":{"index":"index","follow":"follow","max-snippet":"max-snippet:-1","max-image-preview":"max-image-preview:large","max-video-preview":"max-video-preview:-1"},"canonical":"https:\/\/www.rooderchina.com\/fr\/produit\/1200w-electric-battery-powered-motorcycle-citycoco-harley-r804e-with-eec-front-lamp-rear-turn-brake-light-license-plate-lamp-rearview-mirrors-kickstand-and-dashboard\/","og_locale":"fr_FR","og_type":"article","og_title":"1200w electric battery powered motorcycle citycoco harley r804e with eec front lamp rear turn brake light license plate lamp rearview mirrors kickstand and dashboard - Electric Scooters Bikes Citycoco Manufacturer","og_description":"Short Description: find cheap and high quality\u00a01200w electric battery powered motorcycle, citycoco harley electric scooter with eec, wholesale low price\u00a0adult electric motorcycle from electrical bike supplier Rooder Technology Limited eec: yes, coc: no, front lamp: yes, rear lamp: yes, brake lamp: yes, turn lamp: yes, license plate light: yes rearview mirrors: yes kickstand: yes dashboard: yes    Brand: OEM\/ODM\/ROODER   Min.Order Quantity: 10 Piece\/Pieces   Supply Ability: 10000 Piece\/Pieces per Month   Port: Shenzhen   Payment Terms: T\/T, L\/C, D\/A, D\/P","og_url":"https:\/\/www.rooderchina.com\/fr\/produit\/1200w-electric-battery-powered-motorcycle-citycoco-harley-r804e-with-eec-front-lamp-rear-turn-brake-light-license-plate-lamp-rearview-mirrors-kickstand-and-dashboard\/","og_site_name":"Electric Scooters Bikes Citycoco Manufacturer","article_publisher":"https:\/\/www.facebook.com\/rooder.tec","article_modified_time":"2023-11-11T10:34:36+00:00","og_image":[{"width":750,"height":750,"url":"https:\/\/www.rooderchina.com\/wp-content\/uploads\/2023\/11\/13ec7395.jpg","type":"image\/jpeg"}],"twitter_card":"summary_large_image","twitter_site":"@RooderTec","twitter_misc":{"Dur\u00e9e de lecture estim\u00e9e":"1 minute"},"schema":{"@context":"https:\/\/schema.org","@graph":[{"@type":"WebPage","@id":"https:\/\/www.rooderchina.com\/product\/1200w-electric-battery-powered-motorcycle-citycoco-harley-r804e-with-eec-front-lamp-rear-turn-brake-light-license-plate-lamp-rearview-mirrors-kickstand-and-dashboard\/","url":"https:\/\/www.rooderchina.com\/product\/1200w-electric-battery-powered-motorcycle-citycoco-harley-r804e-with-eec-front-lamp-rear-turn-brake-light-license-plate-lamp-rearview-mirrors-kickstand-and-dashboard\/","name":"1200w electric battery powered motorcycle citycoco harley r804e with eec front lamp rear turn brake light license plate lamp rearview mirrors kickstand and dashboard - Electric Scooters Bikes Citycoco Manufacturer","isPartOf":{"@id":"https:\/\/www.rooderchina.com\/#website"},"datePublished":"2023-11-11T10:33:51+00:00","dateModified":"2023-11-11T10:34:36+00:00","breadcrumb":{"@id":"https:\/\/www.rooderchina.com\/product\/1200w-electric-battery-powered-motorcycle-citycoco-harley-r804e-with-eec-front-lamp-rear-turn-brake-light-license-plate-lamp-rearview-mirrors-kickstand-and-dashboard\/#breadcrumb"},"inLanguage":"fr-FR","potentialAction":[{"@type":"ReadAction","target":["https:\/\/www.rooderchina.com\/product\/1200w-electric-battery-powered-motorcycle-citycoco-harley-r804e-with-eec-front-lamp-rear-turn-brake-light-license-plate-lamp-rearview-mirrors-kickstand-and-dashboard\/"]}]},{"@type":"BreadcrumbList","@id":"https:\/\/www.rooderchina.com\/product\/1200w-electric-battery-powered-motorcycle-citycoco-harley-r804e-with-eec-front-lamp-rear-turn-brake-light-license-plate-lamp-rearview-mirrors-kickstand-and-dashboard\/#breadcrumb","itemListElement":[{"@type":"ListItem","position":1,"name":"HOME","item":"https:\/\/www.rooderchina.com\/"},{"@type":"ListItem","position":2,"name":"Shop","item":"https:\/\/www.rooderchina.com\/shop\/"},{"@type":"ListItem","position":3,"name":"1200w electric battery powered motorcycle citycoco harley r804e with eec front lamp rear turn brake light license plate lamp rearview mirrors kickstand and dashboard"}]},{"@type":"WebSite","@id":"https:\/\/www.rooderchina.com\/#website","url":"https:\/\/www.rooderchina.com\/","name":"Electric Scooters Bikes Citycoco Manufacturer","description":"Rooder Technology Limited","publisher":{"@id":"https:\/\/www.rooderchina.com\/#organization"},"potentialAction":[{"@type":"SearchAction","target":{"@type":"EntryPoint","urlTemplate":"https:\/\/www.rooderchina.com\/?s={search_term_string}"},"query-input":"required name=search_term_string"}],"inLanguage":"fr-FR"},{"@type":"Organization","@id":"https:\/\/www.rooderchina.com\/#organization","name":"Electric Scooters Bikes Citycoco Manufacturer","url":"https:\/\/www.rooderchina.com\/","logo":{"@type":"ImageObject","inLanguage":"fr-FR","@id":"https:\/\/www.rooderchina.com\/#\/schema\/logo\/image\/","url":"https:\/\/www.rooderchina.com\/wp-content\/uploads\/2023\/12\/rooder2.jpg","contentUrl":"https:\/\/www.rooderchina.com\/wp-content\/uploads\/2023\/12\/rooder2.jpg","width":1723,"height":1037,"caption":"Electric Scooters Bikes Citycoco Manufacturer"},"image":{"@id":"https:\/\/www.rooderchina.com\/#\/schema\/logo\/image\/"},"sameAs":["https:\/\/www.facebook.com\/rooder.tec","https:\/\/twitter.com\/RooderTec"]}]}},"_links":{"self":[{"href":"https:\/\/www.rooderchina.com\/fr\/wp-json\/wp\/v2\/product\/9180","targetHints":{"allow":["GET"]}}],"collection":[{"href":"https:\/\/www.rooderchina.com\/fr\/wp-json\/wp\/v2\/product"}],"about":[{"href":"https:\/\/www.rooderchina.com\/fr\/wp-json\/wp\/v2\/types\/product"}],"replies":[{"embeddable":true,"href":"https:\/\/www.rooderchina.com\/fr\/wp-json\/wp\/v2\/comments?post=9180"}],"version-history":[{"count":1,"href":"https:\/\/www.rooderchina.com\/fr\/wp-json\/wp\/v2\/product\/9180\/revisions"}],"predecessor-version":[{"id":9181,"href":"https:\/\/www.rooderchina.com\/fr\/wp-json\/wp\/v2\/product\/9180\/revisions\/9181"}],"wp:featuredmedia":[{"embeddable":true,"href":"https:\/\/www.rooderchina.com\/fr\/wp-json\/wp\/v2\/media\/9182"}],"wp:attachment":[{"href":"https:\/\/www.rooderchina.com\/fr\/wp-json\/wp\/v2\/media?parent=9180"}],"wp:term":[{"taxonomy":"product_brand","embeddable":true,"href":"https:\/\/www.rooderchina.com\/fr\/wp-json\/wp\/v2\/product_brand?post=9180"},{"taxonomy":"product_cat","embeddable":true,"href":"https:\/\/www.rooderchina.com\/fr\/wp-json\/wp\/v2\/product_cat?post=9180"},{"taxonomy":"product_tag","embeddable":true,"href":"https:\/\/www.rooderchina.com\/fr\/wp-json\/wp\/v2\/product_tag?post=9180"}],"curies":[{"name":"wp","href":"https:\/\/api.w.org\/{rel}","templated":true}]}}