{"id":9153,"date":"2023-11-11T18:33:51","date_gmt":"2023-11-11T10:33:51","guid":{"rendered":"http:\/\/www.rooderchina.com\/index.php\/product\/citycoco-harley-electric-scooter-r804-with-ce-1000w-60v-lithium-battery-and-2-big-wheel-fat-tire-for-adult-from-china-cheap-city-coco-harley-electric-motorcycle-bike-rooder-factory\/"},"modified":"2023-11-11T18:34:28","modified_gmt":"2023-11-11T10:34:28","slug":"citycoco-harley-electric-scooter-r804-with-ce-1000w-60v-lithium-battery-and-2-big-wheel-fat-tire-for-adult-from-china-cheap-city-coco-harley-electric-motorcycle-bike-rooder-factory","status":"publish","type":"product","link":"https:\/\/www.rooderchina.com\/fr\/produit\/citycoco-harley-electric-scooter-r804-with-ce-1000w-60v-lithium-battery-and-2-big-wheel-fat-tire-for-adult-from-china-cheap-city-coco-harley-electric-motorcycle-bike-rooder-factory\/","title":{"rendered":"citycoco harley electric scooter r804 with CE 1000w 60v lithium battery and 2 big wheel fat tire for adult from China cheap city coco harley electric motorcycle bike Rooder factory"},"content":{"rendered":"<p>Shenzhen Rooder Technology Co., Ltd. specializes in producing <a href=\"https:\/\/www.rooderchina.com\/fr\/tag\/60v-electric-scooter\/\" title=\"View all posts in 60v Electric Scooter\" target=\"_blank\" rel=\"noopener\">60v Electric Scooter<\/a>, <a href=\"https:\/\/www.rooderchina.com\/fr\/tag\/adult-electric-motorcycle\/\" title=\"View all posts in Adult Electric Motorcycle\" target=\"_blank\" rel=\"noopener\">Motocyclette \u00e9lectrique pour adultes<\/a>, <a href=\"https:\/\/www.rooderchina.com\/fr\/tag\/city-coco\/\" title=\"View all posts in City coco\" target=\"_blank\" rel=\"noopener\">Ville coco<\/a> and e-scooter citycoco with front shock absorption, it is located in shenzhen Guangdong. We enjoy convenient transportation of air, land and sea.<\/p>\n<p>Our company has passed the ISO9001 quality system certification, and our products have have obtained CE, FCC and Rohs certifications. We own the perfect modern management system, first-class testing equipment, high quality science and technology group, and sound tracking service system. Our products are widely marketed in the domestic market, and also exported to the worldwide market.<\/p>\n<p>&nbsp;<\/p>\n<p><strong>citycoco harley electric scooter r804 with CE 1000w 60v lithium battery and 2 big wheel fat tire for adult from China cheap city coco harley electric motorcycle bike Rooder factory\u00a0<\/strong><\/p>\n<\/p>\n<p>Le scooter \u00e9lectrique citycoco harley est con\u00e7u avec le dernier style. Nous fournissons plus de soixante couleurs pour vous permettre de choisir. Vous pouvez \u00e9galement nous contacter sur <a title=\"citycoco harley electric scooter r804 with CE 1000w 60v lithium battery and 2 big wheel fat tire for adult from China cheap city coco harley electric motorcycle bike Rooder factory \" href=\"https:\/\/www.RooderChina.com\" target=\"_blank\" rel=\"noopener\">www.RooderChina.com<\/a> pour cr\u00e9er votre propre style de couleur.<\/p>\n<p>Ce scooter \/ moto \/ v\u00e9lo \/ bicyclette \u00e9lectrique City Coco Harley est dot\u00e9 d'un c\u0153ur puissant au niveau du ch\u00e2ssis, d'une batterie lithium-ion de 60 Voltage, permettant de parcourir 35-40 kilom\u00e8tres. Il est \u00e9quip\u00e9 de pneus 18\u00d79.5 pouces super larges qui rendent le scooter \u00e9quilibr\u00e9 et stable. La vitesse maximale est de 35 km\/h, ce qui vous permet d'arriver \u00e0 votre destination \u00e0 temps.<\/p>\n<\/p>\n<p>Model:r804<br \/>\nLength : 1756mm<br \/>\nWidth : 750mm<br \/>\nWeight : 50kg<br \/>\nTire size : 18\u00d79.5inch<br \/>\nmode de freinage : Frein \u00e0 disque<br \/>\nMont\u00e9e maximale : 18 degr\u00e9s<br \/>\nCouple maximum : 95N\/M<br \/>\nKilom\u00e9trage maximum : 35-40KM<br \/>\nCharge maximale : 200KG<br \/>\nBattery specification : 60V8.8AH lithium battery<br \/>\nTemps de charge : 4 heures<br \/>\nMotor power : 800W<\/p>\n<p>1 pi\u00e8ce\/carton<br \/>\nTaille du carton : 1850*420*870mm<br \/>\nGW:60kg, NW:51kg<br \/>\n0,676CBM\/pc<\/p>\n<p>Commande de conteneurs :<br \/>\n43pcs en 20GP<br \/>\n92pcs en 40GP<br \/>\n104pcs en 40HC<\/p>\n<\/p>\n<p>&nbsp;<\/p>\n<p>find high quality cheap citycoco,\u00a0 60v electric scooter, harley electric scooter and fat tire electric scooter from Rooder e-scooter citycoco with front shock absorption, cheap electric motorcycle, electric scooter citycoco\u00a0manufacturer<\/p>\n<p>&nbsp;<\/p>\n<p>&nbsp;<\/p>\n<p>&nbsp;<\/p>\n<\/p>\n<p>&nbsp;<\/p>","protected":false},"excerpt":{"rendered":"<h3>Description succincte :<\/h3>\n<p><p>Le scooter \u00e9lectrique citycoco harley est con\u00e7u avec le dernier style. Nous fournissons plus de soixante couleurs pour vous permettre de choisir. Vous pouvez \u00e9galement nous contacter sur\u00a0<a title=\"citycoco harley electric scooter r804 with CE 1000w 60v lithium battery and 2 big wheel fat tire for adult from China cheap city coco harley electric motorcycle bike Rooder factory \" href=\"http:\/\/www.RooderChina.com\" target=\"_blank\" rel=\"noopener\">www.RooderChina.com<\/a>\u00a0pour cr\u00e9er votre propre style de couleur.<\/p>\n<p>Ce scooter \/ moto \/ v\u00e9lo \/ bicyclette \u00e9lectrique City Coco Harley est dot\u00e9 d'un c\u0153ur puissant au niveau du ch\u00e2ssis, d'une batterie lithium-ion de 60 Voltage, permettant de parcourir 35-40 kilom\u00e8tres. Il est \u00e9quip\u00e9 de pneus 18\u00d79.5 pouces super larges qui rendent le scooter \u00e9quilibr\u00e9 et stable. La vitesse maximale est de 35 km\/h, ce qui vous permet d'arriver \u00e0 votre destination \u00e0 temps.<\/p>\n<\/p>\n<p><\/p>\n<li><em>Marque : <\/em> OEM\/ODM\/ROODER<\/li>\n<li><em>Quantit\u00e9 minimale de commande : <\/em> 10 pi\u00e8ces\/pi\u00e8ces<\/li>\n<li><em>Capacit\u00e9 d'approvisionnement : <\/em> 10000 pi\u00e8ces par mois<\/li>\n<li><em>Port : <\/em> Shenzhen<\/li>\n<li><em>Conditions de paiement : <\/em> T\/T, L\/C, D\/A, D\/P<\/li>","protected":false},"featured_media":9155,"comment_status":"closed","ping_status":"open","template":"","meta":[],"product_brand":[],"product_cat":[464],"product_tag":[523,524,525,526,468,513,527,469,528,489,529,530,531,496,510],"class_list":{"0":"post-9153","1":"product","2":"type-product","3":"status-publish","4":"has-post-thumbnail","6":"product_cat-citycoco-choppers","7":"product_tag-60v-electric-scooter","8":"product_tag-adult-electric-motorcycle","9":"product_tag-cheap-electric-motorcycle","10":"product_tag-city-coco","11":"product_tag-citycoco","12":"product_tag-citycoco-electric-scooter","13":"product_tag-citycoco-factory","14":"product_tag-citycoco-harley-scooter","15":"product_tag-citycoco-manufacturer","16":"product_tag-citycoco-seev-woqu","17":"product_tag-e-scooter-citycoco-with-front-shock-absorption","18":"product_tag-electric-scooter","19":"product_tag-electric-scooter-citycoco","20":"product_tag-fat-tire-electric-scooter","21":"product_tag-harley-electric-scooter","23":"first","24":"instock","25":"product-type-simple"},"yoast_head":"<!-- This site is optimized with the Yoast SEO plugin v21.7 - https:\/\/yoast.com\/wordpress\/plugins\/seo\/ -->\n<title>citycoco harley electric scooter r804 with CE 1000w 60v lithium battery and 2 big wheel fat tire for adult from China cheap city coco harley electric motorcycle bike Rooder factory - Electric Scooters Bikes Citycoco Manufacturer<\/title>\n<meta name=\"robots\" content=\"index, follow, max-snippet:-1, max-image-preview:large, max-video-preview:-1\" \/>\n<link rel=\"canonical\" href=\"https:\/\/www.rooderchina.com\/fr\/produit\/citycoco-harley-electric-scooter-r804-with-ce-1000w-60v-lithium-battery-and-2-big-wheel-fat-tire-for-adult-from-china-cheap-city-coco-harley-electric-motorcycle-bike-rooder-factory\/\" \/>\n<meta property=\"og:locale\" content=\"fr_FR\" \/>\n<meta property=\"og:type\" content=\"article\" \/>\n<meta property=\"og:title\" content=\"citycoco harley electric scooter r804 with CE 1000w 60v lithium battery and 2 big wheel fat tire for adult from China cheap city coco harley electric motorcycle bike Rooder factory - Electric Scooters Bikes Citycoco Manufacturer\" \/>\n<meta property=\"og:description\" content=\"Short Description: The citycoco harley electric scooter is designed with the latest style. We provide more than sixty colors for you to choose. You can also contact with us on\u00a0www.RooderChina.com\u00a0to design your own color style. This city coco harley electric scooter \/ motorcycle \/ bike \/ bicycle\u00a0 has a powerful heart at the chassis, 60 Voltage lithium-ion battery, to support 35-40 kilometers riding. it comes with 18\u00d79.5 inch super wide tires make the scooter balanced and stable. Also, the toughness and wear resistance of the tire enable it an all terrain vehicle.The highest speed can arrive 35 km\/h, and take you to your destination on time.    Brand: OEM\/ODM\/ROODER   Min.Order Quantity: 10 Piece\/Pieces   Supply Ability: 10000 Piece\/Pieces per Month   Port: Shenzhen   Payment Terms: T\/T, L\/C, D\/A, D\/P\" \/>\n<meta property=\"og:url\" content=\"https:\/\/www.rooderchina.com\/fr\/produit\/citycoco-harley-electric-scooter-r804-with-ce-1000w-60v-lithium-battery-and-2-big-wheel-fat-tire-for-adult-from-china-cheap-city-coco-harley-electric-motorcycle-bike-rooder-factory\/\" \/>\n<meta property=\"og:site_name\" content=\"Electric Scooters Bikes Citycoco Manufacturer\" \/>\n<meta property=\"article:publisher\" content=\"https:\/\/www.facebook.com\/rooder.tec\" \/>\n<meta property=\"article:modified_time\" content=\"2023-11-11T10:34:28+00:00\" \/>\n<meta property=\"og:image\" content=\"https:\/\/www.rooderchina.com\/wp-content\/uploads\/2023\/11\/def45d85.jpg\" \/>\n\t<meta property=\"og:image:width\" content=\"750\" \/>\n\t<meta property=\"og:image:height\" content=\"750\" \/>\n\t<meta property=\"og:image:type\" content=\"image\/jpeg\" \/>\n<meta name=\"twitter:card\" content=\"summary_large_image\" \/>\n<meta name=\"twitter:site\" content=\"@RooderTec\" \/>\n<meta name=\"twitter:label1\" content=\"Dur\u00e9e de lecture estim\u00e9e\" \/>\n\t<meta name=\"twitter:data1\" content=\"2 minutes\" \/>\n<script type=\"application\/ld+json\" class=\"yoast-schema-graph\">{\"@context\":\"https:\/\/schema.org\",\"@graph\":[{\"@type\":\"WebPage\",\"@id\":\"https:\/\/www.rooderchina.com\/fr\/produit\/citycoco-harley-electric-scooter-r804-with-ce-1000w-60v-lithium-battery-and-2-big-wheel-fat-tire-for-adult-from-china-cheap-city-coco-harley-electric-motorcycle-bike-rooder-factory\/\",\"url\":\"https:\/\/www.rooderchina.com\/fr\/produit\/citycoco-harley-electric-scooter-r804-with-ce-1000w-60v-lithium-battery-and-2-big-wheel-fat-tire-for-adult-from-china-cheap-city-coco-harley-electric-motorcycle-bike-rooder-factory\/\",\"name\":\"citycoco harley electric scooter r804 with CE 1000w 60v lithium battery and 2 big wheel fat tire for adult from China cheap city coco harley electric motorcycle bike Rooder factory - Electric Scooters Bikes Citycoco Manufacturer\",\"isPartOf\":{\"@id\":\"https:\/\/www.rooderchina.com\/#website\"},\"datePublished\":\"2023-11-11T10:33:51+00:00\",\"dateModified\":\"2023-11-11T10:34:28+00:00\",\"breadcrumb\":{\"@id\":\"https:\/\/www.rooderchina.com\/fr\/produit\/citycoco-harley-electric-scooter-r804-with-ce-1000w-60v-lithium-battery-and-2-big-wheel-fat-tire-for-adult-from-china-cheap-city-coco-harley-electric-motorcycle-bike-rooder-factory\/#breadcrumb\"},\"inLanguage\":\"fr-FR\",\"potentialAction\":[{\"@type\":\"ReadAction\",\"target\":[\"https:\/\/www.rooderchina.com\/fr\/produit\/citycoco-harley-electric-scooter-r804-with-ce-1000w-60v-lithium-battery-and-2-big-wheel-fat-tire-for-adult-from-china-cheap-city-coco-harley-electric-motorcycle-bike-rooder-factory\/\"]}]},{\"@type\":\"BreadcrumbList\",\"@id\":\"https:\/\/www.rooderchina.com\/fr\/produit\/citycoco-harley-electric-scooter-r804-with-ce-1000w-60v-lithium-battery-and-2-big-wheel-fat-tire-for-adult-from-china-cheap-city-coco-harley-electric-motorcycle-bike-rooder-factory\/#breadcrumb\",\"itemListElement\":[{\"@type\":\"ListItem\",\"position\":1,\"name\":\"HOME\",\"item\":\"https:\/\/www.rooderchina.com\/\"},{\"@type\":\"ListItem\",\"position\":2,\"name\":\"Shop\",\"item\":\"https:\/\/www.rooderchina.com\/shop\/\"},{\"@type\":\"ListItem\",\"position\":3,\"name\":\"citycoco harley electric scooter r804 with CE 1000w 60v lithium battery and 2 big wheel fat tire for adult from China cheap city coco harley electric motorcycle bike Rooder factory\"}]},{\"@type\":\"WebSite\",\"@id\":\"https:\/\/www.rooderchina.com\/#website\",\"url\":\"https:\/\/www.rooderchina.com\/\",\"name\":\"Electric Scooters Bikes Citycoco Manufacturer\",\"description\":\"Rooder Technology Limited\",\"publisher\":{\"@id\":\"https:\/\/www.rooderchina.com\/#organization\"},\"potentialAction\":[{\"@type\":\"SearchAction\",\"target\":{\"@type\":\"EntryPoint\",\"urlTemplate\":\"https:\/\/www.rooderchina.com\/?s={search_term_string}\"},\"query-input\":\"required name=search_term_string\"}],\"inLanguage\":\"fr-FR\"},{\"@type\":\"Organization\",\"@id\":\"https:\/\/www.rooderchina.com\/#organization\",\"name\":\"Electric Scooters Bikes Citycoco Manufacturer\",\"url\":\"https:\/\/www.rooderchina.com\/\",\"logo\":{\"@type\":\"ImageObject\",\"inLanguage\":\"fr-FR\",\"@id\":\"https:\/\/www.rooderchina.com\/#\/schema\/logo\/image\/\",\"url\":\"https:\/\/www.rooderchina.com\/wp-content\/uploads\/2023\/12\/rooder2.jpg\",\"contentUrl\":\"https:\/\/www.rooderchina.com\/wp-content\/uploads\/2023\/12\/rooder2.jpg\",\"width\":1723,\"height\":1037,\"caption\":\"Electric Scooters Bikes Citycoco Manufacturer\"},\"image\":{\"@id\":\"https:\/\/www.rooderchina.com\/#\/schema\/logo\/image\/\"},\"sameAs\":[\"https:\/\/www.facebook.com\/rooder.tec\",\"https:\/\/twitter.com\/RooderTec\"]}]}<\/script>\n<!-- \/ Yoast SEO plugin. -->","yoast_head_json":{"title":"citycoco harley electric scooter r804 with CE 1000w 60v lithium battery and 2 big wheel fat tire for adult from China cheap city coco harley electric motorcycle bike Rooder factory - Electric Scooters Bikes Citycoco Manufacturer","robots":{"index":"index","follow":"follow","max-snippet":"max-snippet:-1","max-image-preview":"max-image-preview:large","max-video-preview":"max-video-preview:-1"},"canonical":"https:\/\/www.rooderchina.com\/fr\/produit\/citycoco-harley-electric-scooter-r804-with-ce-1000w-60v-lithium-battery-and-2-big-wheel-fat-tire-for-adult-from-china-cheap-city-coco-harley-electric-motorcycle-bike-rooder-factory\/","og_locale":"fr_FR","og_type":"article","og_title":"citycoco harley electric scooter r804 with CE 1000w 60v lithium battery and 2 big wheel fat tire for adult from China cheap city coco harley electric motorcycle bike Rooder factory - Electric Scooters Bikes Citycoco Manufacturer","og_description":"Short Description: The citycoco harley electric scooter is designed with the latest style. We provide more than sixty colors for you to choose. You can also contact with us on\u00a0www.RooderChina.com\u00a0to design your own color style. This city coco harley electric scooter \/ motorcycle \/ bike \/ bicycle\u00a0 has a powerful heart at the chassis, 60 Voltage lithium-ion battery, to support 35-40 kilometers riding. it comes with 18\u00d79.5 inch super wide tires make the scooter balanced and stable. Also, the toughness and wear resistance of the tire enable it an all terrain vehicle.The highest speed can arrive 35 km\/h, and take you to your destination on time.    Brand: OEM\/ODM\/ROODER   Min.Order Quantity: 10 Piece\/Pieces   Supply Ability: 10000 Piece\/Pieces per Month   Port: Shenzhen   Payment Terms: T\/T, L\/C, D\/A, D\/P","og_url":"https:\/\/www.rooderchina.com\/fr\/produit\/citycoco-harley-electric-scooter-r804-with-ce-1000w-60v-lithium-battery-and-2-big-wheel-fat-tire-for-adult-from-china-cheap-city-coco-harley-electric-motorcycle-bike-rooder-factory\/","og_site_name":"Electric Scooters Bikes Citycoco Manufacturer","article_publisher":"https:\/\/www.facebook.com\/rooder.tec","article_modified_time":"2023-11-11T10:34:28+00:00","og_image":[{"width":750,"height":750,"url":"https:\/\/www.rooderchina.com\/wp-content\/uploads\/2023\/11\/def45d85.jpg","type":"image\/jpeg"}],"twitter_card":"summary_large_image","twitter_site":"@RooderTec","twitter_misc":{"Dur\u00e9e de lecture estim\u00e9e":"2 minutes"},"schema":{"@context":"https:\/\/schema.org","@graph":[{"@type":"WebPage","@id":"https:\/\/www.rooderchina.com\/fr\/produit\/citycoco-harley-electric-scooter-r804-with-ce-1000w-60v-lithium-battery-and-2-big-wheel-fat-tire-for-adult-from-china-cheap-city-coco-harley-electric-motorcycle-bike-rooder-factory\/","url":"https:\/\/www.rooderchina.com\/fr\/produit\/citycoco-harley-electric-scooter-r804-with-ce-1000w-60v-lithium-battery-and-2-big-wheel-fat-tire-for-adult-from-china-cheap-city-coco-harley-electric-motorcycle-bike-rooder-factory\/","name":"citycoco harley electric scooter r804 with CE 1000w 60v lithium battery and 2 big wheel fat tire for adult from China cheap city coco harley electric motorcycle bike Rooder factory - Electric Scooters Bikes Citycoco Manufacturer","isPartOf":{"@id":"https:\/\/www.rooderchina.com\/#website"},"datePublished":"2023-11-11T10:33:51+00:00","dateModified":"2023-11-11T10:34:28+00:00","breadcrumb":{"@id":"https:\/\/www.rooderchina.com\/fr\/produit\/citycoco-harley-electric-scooter-r804-with-ce-1000w-60v-lithium-battery-and-2-big-wheel-fat-tire-for-adult-from-china-cheap-city-coco-harley-electric-motorcycle-bike-rooder-factory\/#breadcrumb"},"inLanguage":"fr-FR","potentialAction":[{"@type":"ReadAction","target":["https:\/\/www.rooderchina.com\/fr\/produit\/citycoco-harley-electric-scooter-r804-with-ce-1000w-60v-lithium-battery-and-2-big-wheel-fat-tire-for-adult-from-china-cheap-city-coco-harley-electric-motorcycle-bike-rooder-factory\/"]}]},{"@type":"BreadcrumbList","@id":"https:\/\/www.rooderchina.com\/fr\/produit\/citycoco-harley-electric-scooter-r804-with-ce-1000w-60v-lithium-battery-and-2-big-wheel-fat-tire-for-adult-from-china-cheap-city-coco-harley-electric-motorcycle-bike-rooder-factory\/#breadcrumb","itemListElement":[{"@type":"ListItem","position":1,"name":"HOME","item":"https:\/\/www.rooderchina.com\/"},{"@type":"ListItem","position":2,"name":"Shop","item":"https:\/\/www.rooderchina.com\/shop\/"},{"@type":"ListItem","position":3,"name":"citycoco harley electric scooter r804 with CE 1000w 60v lithium battery and 2 big wheel fat tire for adult from China cheap city coco harley electric motorcycle bike Rooder factory"}]},{"@type":"WebSite","@id":"https:\/\/www.rooderchina.com\/#website","url":"https:\/\/www.rooderchina.com\/","name":"Electric Scooters Bikes Citycoco Manufacturer","description":"Rooder Technology Limited","publisher":{"@id":"https:\/\/www.rooderchina.com\/#organization"},"potentialAction":[{"@type":"SearchAction","target":{"@type":"EntryPoint","urlTemplate":"https:\/\/www.rooderchina.com\/?s={search_term_string}"},"query-input":"required name=search_term_string"}],"inLanguage":"fr-FR"},{"@type":"Organization","@id":"https:\/\/www.rooderchina.com\/#organization","name":"Electric Scooters Bikes Citycoco Manufacturer","url":"https:\/\/www.rooderchina.com\/","logo":{"@type":"ImageObject","inLanguage":"fr-FR","@id":"https:\/\/www.rooderchina.com\/#\/schema\/logo\/image\/","url":"https:\/\/www.rooderchina.com\/wp-content\/uploads\/2023\/12\/rooder2.jpg","contentUrl":"https:\/\/www.rooderchina.com\/wp-content\/uploads\/2023\/12\/rooder2.jpg","width":1723,"height":1037,"caption":"Electric Scooters Bikes Citycoco Manufacturer"},"image":{"@id":"https:\/\/www.rooderchina.com\/#\/schema\/logo\/image\/"},"sameAs":["https:\/\/www.facebook.com\/rooder.tec","https:\/\/twitter.com\/RooderTec"]}]}},"_links":{"self":[{"href":"https:\/\/www.rooderchina.com\/fr\/wp-json\/wp\/v2\/product\/9153","targetHints":{"allow":["GET"]}}],"collection":[{"href":"https:\/\/www.rooderchina.com\/fr\/wp-json\/wp\/v2\/product"}],"about":[{"href":"https:\/\/www.rooderchina.com\/fr\/wp-json\/wp\/v2\/types\/product"}],"replies":[{"embeddable":true,"href":"https:\/\/www.rooderchina.com\/fr\/wp-json\/wp\/v2\/comments?post=9153"}],"version-history":[{"count":1,"href":"https:\/\/www.rooderchina.com\/fr\/wp-json\/wp\/v2\/product\/9153\/revisions"}],"predecessor-version":[{"id":9154,"href":"https:\/\/www.rooderchina.com\/fr\/wp-json\/wp\/v2\/product\/9153\/revisions\/9154"}],"wp:featuredmedia":[{"embeddable":true,"href":"https:\/\/www.rooderchina.com\/fr\/wp-json\/wp\/v2\/media\/9155"}],"wp:attachment":[{"href":"https:\/\/www.rooderchina.com\/fr\/wp-json\/wp\/v2\/media?parent=9153"}],"wp:term":[{"taxonomy":"product_brand","embeddable":true,"href":"https:\/\/www.rooderchina.com\/fr\/wp-json\/wp\/v2\/product_brand?post=9153"},{"taxonomy":"product_cat","embeddable":true,"href":"https:\/\/www.rooderchina.com\/fr\/wp-json\/wp\/v2\/product_cat?post=9153"},{"taxonomy":"product_tag","embeddable":true,"href":"https:\/\/www.rooderchina.com\/fr\/wp-json\/wp\/v2\/product_tag?post=9153"}],"curies":[{"name":"wp","href":"https:\/\/api.w.org\/{rel}","templated":true}]}}