{"id":9125,"date":"2023-11-11T18:33:51","date_gmt":"2023-11-11T10:33:51","guid":{"rendered":"http:\/\/www.rooderchina.com\/index.php\/product\/2018-li-ion-battery-electric-scooter-r804a-whit-high-quality-citycoco-harley-1000w-motor-front-rear-shock-absorption-brake-light-turning-light-and-rearview-mirrors\/"},"modified":"2023-11-11T18:34:21","modified_gmt":"2023-11-11T10:34:21","slug":"2018-li-ion-battery-electric-scooter-r804a-whit-high-quality-citycoco-harley-1000w-motor-front-rear-shock-absorption-brake-light-turning-light-and-rearview-mirrors","status":"publish","type":"product","link":"https:\/\/www.rooderchina.com\/fr\/produit\/2018-li-ion-battery-electric-scooter-r804a-whit-high-quality-citycoco-harley-1000w-motor-front-rear-shock-absorption-brake-light-turning-light-and-rearview-mirrors\/","title":{"rendered":"2018 li-ion batterie scooter \u00e9lectrique r804a whit de haute qualit\u00e9 citycoco harley 1000w moteur avant absorption des chocs arri\u00e8re lumi\u00e8re de frein lumi\u00e8re de virage et r\u00e9troviseurs."},"content":{"rendered":"<p>Shenzhen Rooder Technology Co. est une soci\u00e9t\u00e9 d'exportation, fabricant et distributeur de scooter \u00e9lectrique citycoco harley, scooter \u00e9lectrique 2 roues pour adulte, scooter auto-\u00e9quilibrant, skateboard \u00e9lectrique et autres produits de haute qualit\u00e9 et bon march\u00e9. Ces produits sont commercialis\u00e9s sous la marque Rooder. Notre objectif est de construire des produits qui offrent des alternatives rentables et sans \u00e9missions aux autres formes de transport pour les d\u00e9placements quotidiens, le sport et les loisirs. Notre but est de faire en sorte que chacun de nos clients reparte en sachant qu'il vient d'acheter un produit qui lui apporte tous les avantages suivants.<\/p>\n<p>&nbsp;<\/p>\n<p>2018 <a href=\"https:\/\/www.rooderchina.com\/fr\/tag\/li-ion-battery-electric-scooter\/\" title=\"Voir tous les articles dans scooter \u00e9lectrique \u00e0 batterie li-ion\" target=\"_blank\" rel=\"noopener\">scooter \u00e9lectrique \u00e0 batterie li-ion<\/a> r804a whit citycoco harley 1000w motor front rear shock absorption brake light turning light and rearview mirrors<\/p>\n<\/p>\n<p>&nbsp;<\/p>\n<p>Mod\u00e8le : r804a<br \/>\nJante : 12 pouces en alliage d'aluminium<br \/>\nTaille des pneus : 18 pouces<br \/>\nPuissance du moteur : moteur sans balai de 1000W<br \/>\nMont\u00e9e maximale : 30 degr\u00e9s<br \/>\nMode de freinage : Frein \u00e0 disque hydraulique<br \/>\nBatterie : Batterie au lithium 60V12AH<\/p>\n<p>Temps de charge : 4-6 heures<br \/>\nKilom\u00e9trage maximum : 35-40KM<br \/>\nVitesse : basse 25km\/h, moyenne 37km\/h, haute 47km\/h,<br \/>\nCharge maximale : 200KG<br \/>\nr\u00e9troviseur : oui<br \/>\nSuspension avant : oui<br \/>\nSuspension arri\u00e8re : oui<\/p>\n<p>Horn : oui.<br \/>\nEclairage avant : oui<br \/>\nFeux de virage avant : oui<br \/>\nFeux de virage arri\u00e8re : oui<br \/>\nFeu d'arr\u00eat : oui<br \/>\n\u00c9cran LED : oui<br \/>\nPort de charge USB : oui<br \/>\n1 pi\u00e8ce\/carton<br \/>\nTaille du carton : 186*42*80cm<br \/>\nGW:70kg, NW:65kg<br \/>\n0,625CBM\/pc<\/p>\n<p>Commande de conteneurs :<br \/>\n46pcs dans 20GP<br \/>\n99pcs dans 40GP<br \/>\n122pcs en 40HC<\/p>\n<\/p>\n<p>&nbsp;<\/p>\n<p>trouver\u00a0<a href=\"https:\/\/www.rooderchina.com\/fr\/tag\/high-quality-electric-harley-scooter\/\" title=\"Voir tous les messages dans scooter \u00e9lectrique harley de haute qualit\u00e9\" target=\"_blank\" rel=\"noopener\">scooter \u00e9lectrique harley de haute qualit\u00e9<\/a>,\u00a0<a href=\"https:\/\/www.rooderchina.com\/fr\/tag\/big-wheel-electric-scooter\/\" title=\"Voir tous les articles dans scooter \u00e9lectrique \u00e0 grande roue\" target=\"_blank\" rel=\"noopener\">scooter \u00e9lectrique \u00e0 grande roue<\/a>,\u00a0<a href=\"https:\/\/www.rooderchina.com\/fr\/tag\/electric-motorcycle\/\" title=\"Voir tous les articles dans moto \u00e9lectrique\" target=\"_blank\" rel=\"noopener\">moto \u00e9lectrique<\/a> et\u00a0<a href=\"https:\/\/www.rooderchina.com\/fr\/tag\/woqu-electric-scooter\/\" title=\"Voir tous les messages dans woqu electric scooter\" target=\"_blank\" rel=\"noopener\">scooter \u00e9lectrique woqu<\/a> de\u00a0<a href=\"https:\/\/www.rooderchina.com\/fr\/tag\/seev-citycoco\/\" title=\"Voir tous les messages de seev citycoco\" target=\"_blank\" rel=\"noopener\">seev citycoco<\/a>,\u00a0<a href=\"https:\/\/www.rooderchina.com\/fr\/tag\/electric-citycoco\/\" title=\"Voir tous les messages de electric citycoco\" target=\"_blank\" rel=\"noopener\">ville \u00e9lectriquecoco<\/a>,\u00a0<a href=\"https:\/\/www.rooderchina.com\/fr\/tag\/citycoco-scooter\/\" title=\"Voir tous les messages de citycoco scooter\" target=\"_blank\" rel=\"noopener\">scooter citycoco<\/a> et l'usine de scooters \u00e9lectriques citycoco Shenzhen Rooder Technology Co, Ltd.<\/p><\/p>","protected":false},"excerpt":{"rendered":"<h3>Description succincte :<\/h3>\n<p><p>Nous vous proposons des scooters \u00e9lectriques Harley, des scooters \u00e9lectriques \u00e0 grande roue, des motos \u00e9lectriques et des scooters \u00e9lectriques Woqu de haute qualit\u00e9, des scooters \u00e9lectriques citycoco, des scooters \u00e9lectriques citycoco, des scooters \u00e9lectriques citycoco et des scooters \u00e9lectriques citycoco de Shenzhen Rooder Technology Co.<\/p>\n<p>roue en aluminium : oui<br \/>\nsuspension avant et arri\u00e8re : oui<br \/>\nfeux de virage avant et arri\u00e8re : oui<br \/>\nfeu de freinage : oui<br \/>\nPort USB : oui<br \/>\nr\u00e9troviseur : oui<br \/>\nbatterie au lithium : oui<\/p>\n<\/p>\n<p><\/p>\n<li><em>Marque : <\/em> OEM\/ODM\/ROODER<\/li>\n<li><em>Quantit\u00e9 minimale de commande : <\/em> 10 pi\u00e8ces\/pi\u00e8ces<\/li>\n<li><em>Capacit\u00e9 d'approvisionnement : <\/em> 10000 pi\u00e8ces par mois<\/li>\n<li><em>Port : <\/em> Shenzhen<\/li>\n<li><em>Conditions de paiement : <\/em> T\/T, L\/C, D\/A, D\/P<\/li>\n<li><em>: <\/em> <\/li>","protected":false},"featured_media":9127,"comment_status":"closed","ping_status":"open","template":"","meta":[],"product_brand":[],"product_cat":[464],"product_tag":[512,487,513,472,514,515,516,517,518,519,520,521,479,522],"class_list":{"0":"post-9125","1":"product","2":"type-product","3":"status-publish","4":"has-post-thumbnail","6":"product_cat-citycoco-choppers","7":"product_tag-big-wheel-electric-scooter","8":"product_tag-citycoco-2000w","9":"product_tag-citycoco-electric-scooter","10":"product_tag-citycoco-scooter","11":"product_tag-eec-electric-scooter","12":"product_tag-electric-citycoco","13":"product_tag-electric-motorcycle","14":"product_tag-front-back-suspenison-fat-tire-electric-scooter","15":"product_tag-high-quality-electric-harley-scooter","16":"product_tag-li-ion-battery-electric-scooter","17":"product_tag-lithium-battery-harley-citycoco-2000w-eec-electric-scooter","18":"product_tag-mini-style-citycoco","19":"product_tag-seev-citycoco","20":"product_tag-woqu-electric-scooter","22":"first","23":"instock","24":"product-type-simple"},"yoast_head":"<!-- This site is optimized with the Yoast SEO plugin v21.7 - https:\/\/yoast.com\/wordpress\/plugins\/seo\/ -->\n<title>2018 li-ion battery electric scooter r804a whit high quality citycoco harley 1000w motor front rear shock absorption brake light turning light and rearview mirrors - Electric Scooters Bikes Citycoco Manufacturer<\/title>\n<meta name=\"robots\" content=\"index, follow, max-snippet:-1, max-image-preview:large, max-video-preview:-1\" \/>\n<link rel=\"canonical\" href=\"https:\/\/www.rooderchina.com\/fr\/produit\/2018-li-ion-battery-electric-scooter-r804a-whit-high-quality-citycoco-harley-1000w-motor-front-rear-shock-absorption-brake-light-turning-light-and-rearview-mirrors\/\" \/>\n<meta property=\"og:locale\" content=\"fr_FR\" \/>\n<meta property=\"og:type\" content=\"article\" \/>\n<meta property=\"og:title\" content=\"2018 li-ion battery electric scooter r804a whit high quality citycoco harley 1000w motor front rear shock absorption brake light turning light and rearview mirrors - Electric Scooters Bikes Citycoco Manufacturer\" \/>\n<meta property=\"og:description\" content=\"Short Description: find\u00a0high quality electric harley scooter,\u00a0big wheel electric scooter,\u00a0electric motorcycle and\u00a0woqu electric scooter from\u00a0seev citycoco,\u00a0electric citycoco,\u00a0citycoco scooter and\u00a0citycoco electric scooter factory\u00a0Shenzhen Rooder Technology Co., Ltd. aluminium wheel: yes front and rear shock suspension: yes front and rear turning lights: yes brake light: yes USB port: yes rearview mirror: yes lithium battery: yes    Brand: OEM\/ODM\/ROODER   Min.Order Quantity: 10 Piece\/Pieces   Supply Ability: 10000 Piece\/Pieces per Month   Port: Shenzhen   Payment Terms: T\/T, L\/C, D\/A, D\/P   :\" \/>\n<meta property=\"og:url\" content=\"https:\/\/www.rooderchina.com\/fr\/produit\/2018-li-ion-battery-electric-scooter-r804a-whit-high-quality-citycoco-harley-1000w-motor-front-rear-shock-absorption-brake-light-turning-light-and-rearview-mirrors\/\" \/>\n<meta property=\"og:site_name\" content=\"Electric Scooters Bikes Citycoco Manufacturer\" \/>\n<meta property=\"article:publisher\" content=\"https:\/\/www.facebook.com\/rooder.tec\" \/>\n<meta property=\"article:modified_time\" content=\"2023-11-11T10:34:21+00:00\" \/>\n<meta property=\"og:image\" content=\"https:\/\/www.rooderchina.com\/wp-content\/uploads\/2023\/11\/4445919d.jpg\" \/>\n\t<meta property=\"og:image:width\" content=\"750\" \/>\n\t<meta property=\"og:image:height\" content=\"750\" \/>\n\t<meta property=\"og:image:type\" content=\"image\/jpeg\" \/>\n<meta name=\"twitter:card\" content=\"summary_large_image\" \/>\n<meta name=\"twitter:site\" content=\"@RooderTec\" \/>\n<meta name=\"twitter:label1\" content=\"Dur\u00e9e de lecture estim\u00e9e\" \/>\n\t<meta name=\"twitter:data1\" content=\"1 minute\" \/>\n<script type=\"application\/ld+json\" class=\"yoast-schema-graph\">{\"@context\":\"https:\/\/schema.org\",\"@graph\":[{\"@type\":\"WebPage\",\"@id\":\"https:\/\/www.rooderchina.com\/product\/2018-li-ion-battery-electric-scooter-r804a-whit-high-quality-citycoco-harley-1000w-motor-front-rear-shock-absorption-brake-light-turning-light-and-rearview-mirrors\/\",\"url\":\"https:\/\/www.rooderchina.com\/product\/2018-li-ion-battery-electric-scooter-r804a-whit-high-quality-citycoco-harley-1000w-motor-front-rear-shock-absorption-brake-light-turning-light-and-rearview-mirrors\/\",\"name\":\"2018 li-ion battery electric scooter r804a whit high quality citycoco harley 1000w motor front rear shock absorption brake light turning light and rearview mirrors - Electric Scooters Bikes Citycoco Manufacturer\",\"isPartOf\":{\"@id\":\"https:\/\/www.rooderchina.com\/#website\"},\"datePublished\":\"2023-11-11T10:33:51+00:00\",\"dateModified\":\"2023-11-11T10:34:21+00:00\",\"breadcrumb\":{\"@id\":\"https:\/\/www.rooderchina.com\/product\/2018-li-ion-battery-electric-scooter-r804a-whit-high-quality-citycoco-harley-1000w-motor-front-rear-shock-absorption-brake-light-turning-light-and-rearview-mirrors\/#breadcrumb\"},\"inLanguage\":\"fr-FR\",\"potentialAction\":[{\"@type\":\"ReadAction\",\"target\":[\"https:\/\/www.rooderchina.com\/product\/2018-li-ion-battery-electric-scooter-r804a-whit-high-quality-citycoco-harley-1000w-motor-front-rear-shock-absorption-brake-light-turning-light-and-rearview-mirrors\/\"]}]},{\"@type\":\"BreadcrumbList\",\"@id\":\"https:\/\/www.rooderchina.com\/product\/2018-li-ion-battery-electric-scooter-r804a-whit-high-quality-citycoco-harley-1000w-motor-front-rear-shock-absorption-brake-light-turning-light-and-rearview-mirrors\/#breadcrumb\",\"itemListElement\":[{\"@type\":\"ListItem\",\"position\":1,\"name\":\"HOME\",\"item\":\"https:\/\/www.rooderchina.com\/\"},{\"@type\":\"ListItem\",\"position\":2,\"name\":\"Shop\",\"item\":\"https:\/\/www.rooderchina.com\/shop\/\"},{\"@type\":\"ListItem\",\"position\":3,\"name\":\"2018 li-ion battery electric scooter r804a whit high quality citycoco harley 1000w motor front rear shock absorption brake light turning light and rearview mirrors\"}]},{\"@type\":\"WebSite\",\"@id\":\"https:\/\/www.rooderchina.com\/#website\",\"url\":\"https:\/\/www.rooderchina.com\/\",\"name\":\"Electric Scooters Bikes Citycoco Manufacturer\",\"description\":\"Rooder Technology Limited\",\"publisher\":{\"@id\":\"https:\/\/www.rooderchina.com\/#organization\"},\"potentialAction\":[{\"@type\":\"SearchAction\",\"target\":{\"@type\":\"EntryPoint\",\"urlTemplate\":\"https:\/\/www.rooderchina.com\/?s={search_term_string}\"},\"query-input\":\"required name=search_term_string\"}],\"inLanguage\":\"fr-FR\"},{\"@type\":\"Organization\",\"@id\":\"https:\/\/www.rooderchina.com\/#organization\",\"name\":\"Electric Scooters Bikes Citycoco Manufacturer\",\"url\":\"https:\/\/www.rooderchina.com\/\",\"logo\":{\"@type\":\"ImageObject\",\"inLanguage\":\"fr-FR\",\"@id\":\"https:\/\/www.rooderchina.com\/#\/schema\/logo\/image\/\",\"url\":\"https:\/\/www.rooderchina.com\/wp-content\/uploads\/2023\/12\/rooder2.jpg\",\"contentUrl\":\"https:\/\/www.rooderchina.com\/wp-content\/uploads\/2023\/12\/rooder2.jpg\",\"width\":1723,\"height\":1037,\"caption\":\"Electric Scooters Bikes Citycoco Manufacturer\"},\"image\":{\"@id\":\"https:\/\/www.rooderchina.com\/#\/schema\/logo\/image\/\"},\"sameAs\":[\"https:\/\/www.facebook.com\/rooder.tec\",\"https:\/\/twitter.com\/RooderTec\"]}]}<\/script>\n<!-- \/ Yoast SEO plugin. -->","yoast_head_json":{"title":"2018 li-ion battery electric scooter r804a whit high quality citycoco harley 1000w motor front rear shock absorption brake light turning light and rearview mirrors - Electric Scooters Bikes Citycoco Manufacturer","robots":{"index":"index","follow":"follow","max-snippet":"max-snippet:-1","max-image-preview":"max-image-preview:large","max-video-preview":"max-video-preview:-1"},"canonical":"https:\/\/www.rooderchina.com\/fr\/produit\/2018-li-ion-battery-electric-scooter-r804a-whit-high-quality-citycoco-harley-1000w-motor-front-rear-shock-absorption-brake-light-turning-light-and-rearview-mirrors\/","og_locale":"fr_FR","og_type":"article","og_title":"2018 li-ion battery electric scooter r804a whit high quality citycoco harley 1000w motor front rear shock absorption brake light turning light and rearview mirrors - Electric Scooters Bikes Citycoco Manufacturer","og_description":"Short Description: find\u00a0high quality electric harley scooter,\u00a0big wheel electric scooter,\u00a0electric motorcycle and\u00a0woqu electric scooter from\u00a0seev citycoco,\u00a0electric citycoco,\u00a0citycoco scooter and\u00a0citycoco electric scooter factory\u00a0Shenzhen Rooder Technology Co., Ltd. aluminium wheel: yes front and rear shock suspension: yes front and rear turning lights: yes brake light: yes USB port: yes rearview mirror: yes lithium battery: yes    Brand: OEM\/ODM\/ROODER   Min.Order Quantity: 10 Piece\/Pieces   Supply Ability: 10000 Piece\/Pieces per Month   Port: Shenzhen   Payment Terms: T\/T, L\/C, D\/A, D\/P   :","og_url":"https:\/\/www.rooderchina.com\/fr\/produit\/2018-li-ion-battery-electric-scooter-r804a-whit-high-quality-citycoco-harley-1000w-motor-front-rear-shock-absorption-brake-light-turning-light-and-rearview-mirrors\/","og_site_name":"Electric Scooters Bikes Citycoco Manufacturer","article_publisher":"https:\/\/www.facebook.com\/rooder.tec","article_modified_time":"2023-11-11T10:34:21+00:00","og_image":[{"width":750,"height":750,"url":"https:\/\/www.rooderchina.com\/wp-content\/uploads\/2023\/11\/4445919d.jpg","type":"image\/jpeg"}],"twitter_card":"summary_large_image","twitter_site":"@RooderTec","twitter_misc":{"Dur\u00e9e de lecture estim\u00e9e":"1 minute"},"schema":{"@context":"https:\/\/schema.org","@graph":[{"@type":"WebPage","@id":"https:\/\/www.rooderchina.com\/product\/2018-li-ion-battery-electric-scooter-r804a-whit-high-quality-citycoco-harley-1000w-motor-front-rear-shock-absorption-brake-light-turning-light-and-rearview-mirrors\/","url":"https:\/\/www.rooderchina.com\/product\/2018-li-ion-battery-electric-scooter-r804a-whit-high-quality-citycoco-harley-1000w-motor-front-rear-shock-absorption-brake-light-turning-light-and-rearview-mirrors\/","name":"2018 li-ion battery electric scooter r804a whit high quality citycoco harley 1000w motor front rear shock absorption brake light turning light and rearview mirrors - Electric Scooters Bikes Citycoco Manufacturer","isPartOf":{"@id":"https:\/\/www.rooderchina.com\/#website"},"datePublished":"2023-11-11T10:33:51+00:00","dateModified":"2023-11-11T10:34:21+00:00","breadcrumb":{"@id":"https:\/\/www.rooderchina.com\/product\/2018-li-ion-battery-electric-scooter-r804a-whit-high-quality-citycoco-harley-1000w-motor-front-rear-shock-absorption-brake-light-turning-light-and-rearview-mirrors\/#breadcrumb"},"inLanguage":"fr-FR","potentialAction":[{"@type":"ReadAction","target":["https:\/\/www.rooderchina.com\/product\/2018-li-ion-battery-electric-scooter-r804a-whit-high-quality-citycoco-harley-1000w-motor-front-rear-shock-absorption-brake-light-turning-light-and-rearview-mirrors\/"]}]},{"@type":"BreadcrumbList","@id":"https:\/\/www.rooderchina.com\/product\/2018-li-ion-battery-electric-scooter-r804a-whit-high-quality-citycoco-harley-1000w-motor-front-rear-shock-absorption-brake-light-turning-light-and-rearview-mirrors\/#breadcrumb","itemListElement":[{"@type":"ListItem","position":1,"name":"HOME","item":"https:\/\/www.rooderchina.com\/"},{"@type":"ListItem","position":2,"name":"Shop","item":"https:\/\/www.rooderchina.com\/shop\/"},{"@type":"ListItem","position":3,"name":"2018 li-ion battery electric scooter r804a whit high quality citycoco harley 1000w motor front rear shock absorption brake light turning light and rearview mirrors"}]},{"@type":"WebSite","@id":"https:\/\/www.rooderchina.com\/#website","url":"https:\/\/www.rooderchina.com\/","name":"Electric Scooters Bikes Citycoco Manufacturer","description":"Rooder Technology Limited","publisher":{"@id":"https:\/\/www.rooderchina.com\/#organization"},"potentialAction":[{"@type":"SearchAction","target":{"@type":"EntryPoint","urlTemplate":"https:\/\/www.rooderchina.com\/?s={search_term_string}"},"query-input":"required name=search_term_string"}],"inLanguage":"fr-FR"},{"@type":"Organization","@id":"https:\/\/www.rooderchina.com\/#organization","name":"Electric Scooters Bikes Citycoco Manufacturer","url":"https:\/\/www.rooderchina.com\/","logo":{"@type":"ImageObject","inLanguage":"fr-FR","@id":"https:\/\/www.rooderchina.com\/#\/schema\/logo\/image\/","url":"https:\/\/www.rooderchina.com\/wp-content\/uploads\/2023\/12\/rooder2.jpg","contentUrl":"https:\/\/www.rooderchina.com\/wp-content\/uploads\/2023\/12\/rooder2.jpg","width":1723,"height":1037,"caption":"Electric Scooters Bikes Citycoco Manufacturer"},"image":{"@id":"https:\/\/www.rooderchina.com\/#\/schema\/logo\/image\/"},"sameAs":["https:\/\/www.facebook.com\/rooder.tec","https:\/\/twitter.com\/RooderTec"]}]}},"_links":{"self":[{"href":"https:\/\/www.rooderchina.com\/fr\/wp-json\/wp\/v2\/product\/9125","targetHints":{"allow":["GET"]}}],"collection":[{"href":"https:\/\/www.rooderchina.com\/fr\/wp-json\/wp\/v2\/product"}],"about":[{"href":"https:\/\/www.rooderchina.com\/fr\/wp-json\/wp\/v2\/types\/product"}],"replies":[{"embeddable":true,"href":"https:\/\/www.rooderchina.com\/fr\/wp-json\/wp\/v2\/comments?post=9125"}],"version-history":[{"count":1,"href":"https:\/\/www.rooderchina.com\/fr\/wp-json\/wp\/v2\/product\/9125\/revisions"}],"predecessor-version":[{"id":9126,"href":"https:\/\/www.rooderchina.com\/fr\/wp-json\/wp\/v2\/product\/9125\/revisions\/9126"}],"wp:featuredmedia":[{"embeddable":true,"href":"https:\/\/www.rooderchina.com\/fr\/wp-json\/wp\/v2\/media\/9127"}],"wp:attachment":[{"href":"https:\/\/www.rooderchina.com\/fr\/wp-json\/wp\/v2\/media?parent=9125"}],"wp:term":[{"taxonomy":"product_brand","embeddable":true,"href":"https:\/\/www.rooderchina.com\/fr\/wp-json\/wp\/v2\/product_brand?post=9125"},{"taxonomy":"product_cat","embeddable":true,"href":"https:\/\/www.rooderchina.com\/fr\/wp-json\/wp\/v2\/product_cat?post=9125"},{"taxonomy":"product_tag","embeddable":true,"href":"https:\/\/www.rooderchina.com\/fr\/wp-json\/wp\/v2\/product_tag?post=9125"}],"curies":[{"name":"wp","href":"https:\/\/api.w.org\/{rel}","templated":true}]}}