{"id":9089,"date":"2023-11-11T18:33:51","date_gmt":"2023-11-11T10:33:51","guid":{"rendered":"http:\/\/www.rooderchina.com\/index.php\/product\/harley-electric-scooter-1000w-r804c-with-two-big-motorcycle-wheel-fat-tire-60v-removable-lithium-battery-100-colors-from-rooder-e-scooter-exporter-company\/"},"modified":"2023-11-11T18:34:09","modified_gmt":"2023-11-11T10:34:09","slug":"harley-electric-scooter-1000w-r804c-with-two-big-motorcycle-wheel-fat-tire-60v-removable-lithium-battery-100-colors-from-rooder-e-scooter-exporter-company","status":"publish","type":"product","link":"https:\/\/www.rooderchina.com\/fr\/produit\/harley-electric-scooter-1000w-r804c-with-two-big-motorcycle-wheel-fat-tire-60v-removable-lithium-battery-100-colors-from-rooder-e-scooter-exporter-company\/","title":{"rendered":"scooter \u00e9lectrique harley 1000w r804c avec deux grandes roues de moto fat tire 60v batterie lithium amovible 100 couleurs de Rooder e-scooter exporter company"},"content":{"rendered":"<p>shenzhen rooder technology co. ltd. situ\u00e9 \u00e0 Guangdong, nous avons notre propre usine et des concepteurs pour soutenir nos produits.<br \/>\nNos principaux produits : <a href=\"https:\/\/www.rooderchina.com\/fr\/tag\/harley-electric-scooter-1000w\/\" title=\"Voir tous les messages dans harley electric scooter 1000w\" target=\"_blank\" rel=\"noopener\">scooter \u00e9lectrique harley 1000w<\/a> , <a href=\"https:\/\/www.rooderchina.com\/fr\/tag\/2-wheel-citycocoseevwoquscrooser\/\" title=\"Voir tous les messages dans 2 wheel citycoco\/seev\/woqu\/scrooser\" target=\"_blank\" rel=\"noopener\">2 roue citycoco\/seev\/woqu\/scrooser<\/a>, <a href=\"https:\/\/www.rooderchina.com\/fr\/tag\/fat-tire-electronic-bike\/\" title=\"Voir tous les messages dans fat tire electronic bike\" target=\"_blank\" rel=\"noopener\">v\u00e9lo \u00e9lectronique \u00e0 pneus larges<\/a> et ainsi de suite<br \/>\nTous les produits sont certifi\u00e9s CE, FCC, ROHS et ISO 9001.<\/p>\n<p><a href=\"https:\/\/www.rooderchina.com\/fr\/tag\/harley-electric-scooter-1000w\/\" title=\"Voir tous les messages dans harley electric scooter 1000w\" target=\"_blank\" rel=\"noopener\">scooter \u00e9lectrique harley 1000w<\/a> r804c avec deux grandes roues de moto \u00e0 pneus larges 60v batterie lithium amovible 100 couleurs de Rooder e-scooter exporter company<\/p>\n<\/p>\n<p>&nbsp;<\/p>\n<p>mod\u00e8le:r804c<br \/>\nlongueur : 1756mm<br \/>\nlargeur : 750mm<br \/>\nPoids : 50 kg<br \/>\ntaille des pneus : 18\u00d79.5inch<br \/>\nmode de freinage : frein \u00e0 disque<br \/>\nmont\u00e9e maximale : 18 degr\u00e9s<br \/>\ncouple maximum : 95n\/m<br \/>\nkilom\u00e9trage maximal : 35-40 km<br \/>\nvitesse : basse 25km\/h, moyenne 37km\/h, haute 47km\/h,<br \/>\ncharge maximale : 200kg<br \/>\nbatterie amovible : batterie au lithium 60v12ah<br \/>\nTemps de charge : 6 heures<br \/>\npuissance du moteur : 1000w<br \/>\nsuspension avant : oui<br \/>\nsuspension arri\u00e8re : oui<br \/>\n\u00e9clairage avant : oui<br \/>\nfeu stop : oui<br \/>\nsi\u00e8ge arri\u00e8re : oui<br \/>\nnw : 55kg gw : 70kg<br \/>\ntaille de l'emballage : 185*42*87cm<\/p>\n<p>1 pi\u00e8ce\/carton<br \/>\nTaille du carton : 1850*420*870mm<br \/>\ngw:70kg, nw:55kg<br \/>\n0,676cbm\/pi\u00e8ce<\/p>\n<p>l'ordre des conteneurs :<br \/>\n43pcs en 20gp<br \/>\n92pcs en 40gp<br \/>\n104pcs dans 40hc<\/p>\n<p>&nbsp;<\/p><\/p>","protected":false},"excerpt":{"rendered":"<h3>Description succincte :<\/h3>\n<p><p>trouver des scooters \u00e9lectriques harley 1000w et des scooters \u00e9lectriques de haute qualit\u00e9 et bon march\u00e9 aupr\u00e8s du fournisseur de scooters \u00e9lectriques harley 1000w et de scooters \u00e9lectriques de la soci\u00e9t\u00e9 shenzhen rooder technology co ltd.<\/p>\n<p>scooter \u00e9lectrique harley 1000w r804c avec deux grandes roues de moto fat tire 60v batterie lithium amovible 100 couleurs de Rooder e-scooter exporter company<\/p>\n<p>nouvelle conception de la lumi\u00e8re LED : oui.<br \/>\nbatterie lithium amovible : oui.<br \/>\ndeux si\u00e8ges : oui.<br \/>\nabsorption des chocs \u00e0 l'avant : oui<br \/>\nsuspension \u00e0 amortisseur arri\u00e8re\/arri\u00e8re : oui<\/p>\n<\/p>\n<p><\/p>\n<li><em>Marque : <\/em> OEM\/ODM\/ROODER<\/li>\n<li><em>Quantit\u00e9 minimale de commande : <\/em> 10 pi\u00e8ces\/pi\u00e8ces<\/li>\n<li><em>Capacit\u00e9 d'approvisionnement : <\/em> 10000 pi\u00e8ces par mois<\/li>\n<li><em>Port : <\/em> Shenzhen<\/li>\n<li><em>Conditions de paiement : <\/em> T\/T, L\/C, D\/A, D\/P<\/li>","protected":false},"featured_media":9091,"comment_status":"closed","ping_status":"open","template":"","meta":[],"product_brand":[],"product_cat":[464],"product_tag":[497,498,499,500,501,502,503,504,505,506,507,508,509,510,511],"class_list":{"0":"post-9089","1":"product","2":"type-product","3":"status-publish","4":"has-post-thumbnail","6":"product_cat-citycoco-choppers","7":"product_tag-1000w-2-wheels-electric-citycoco-scooter","8":"product_tag-1000w-electric-citycoco-scooter","9":"product_tag-1000w-electric-scooter","10":"product_tag-2-wheel-citycoco-seev-woqu-scrooser","11":"product_tag-adult-citycoco","12":"product_tag-adult-electric-scooter","13":"product_tag-citycoco-1000w","14":"product_tag-electric-motorcycle-scooter","15":"product_tag-electric-scooter-city-coco","16":"product_tag-fat-tire-electronic-bike","17":"product_tag-haley-type-power-bike","18":"product_tag-harley","19":"product_tag-harley-adult-electric-scooter","20":"product_tag-harley-electric-scooter","21":"product_tag-harley-electric-scooter-1000w","23":"first","24":"instock","25":"product-type-simple"},"yoast_head":"<!-- This site is optimized with the Yoast SEO plugin v21.7 - https:\/\/yoast.com\/wordpress\/plugins\/seo\/ -->\n<title>harley electric scooter 1000w r804c with two big motorcycle wheel fat tire 60v removable lithium battery 100 colors from Rooder e-scooter exporter company - Electric Scooters Bikes Citycoco Manufacturer<\/title>\n<meta name=\"robots\" content=\"index, follow, max-snippet:-1, max-image-preview:large, max-video-preview:-1\" \/>\n<link rel=\"canonical\" href=\"https:\/\/www.rooderchina.com\/fr\/produit\/harley-electric-scooter-1000w-r804c-with-two-big-motorcycle-wheel-fat-tire-60v-removable-lithium-battery-100-colors-from-rooder-e-scooter-exporter-company\/\" \/>\n<meta property=\"og:locale\" content=\"fr_FR\" \/>\n<meta property=\"og:type\" content=\"article\" \/>\n<meta property=\"og:title\" content=\"harley electric scooter 1000w r804c with two big motorcycle wheel fat tire 60v removable lithium battery 100 colors from Rooder e-scooter exporter company - Electric Scooters Bikes Citycoco Manufacturer\" \/>\n<meta property=\"og:description\" content=\"Short Description: find high quality and cheap harley electric scooter 1000w and\u00a0 electric motorcycle scooter from\u00a0harley electric scooter 1000w and\u00a0\u00a0electric motorcycle scooter supplier factory manufactur and exporter company shenzhen rooder technology co ltd harley electric scooter 1000w r804c with two big motorcycle wheel fat tire 60v removable lithium battery 100 colors from Rooder e-scooter exporter company new design led light: yes. removable lithium battery: yes. two seats: yes. front shock absorption: yes rear\/back shock absorber suspension : yes    Brand: OEM\/ODM\/ROODER   Min.Order Quantity: 10 Piece\/Pieces   Supply Ability: 10000 Piece\/Pieces per Month   Port: Shenzhen   Payment Terms: T\/T, L\/C, D\/A, D\/P\" \/>\n<meta property=\"og:url\" content=\"https:\/\/www.rooderchina.com\/fr\/produit\/harley-electric-scooter-1000w-r804c-with-two-big-motorcycle-wheel-fat-tire-60v-removable-lithium-battery-100-colors-from-rooder-e-scooter-exporter-company\/\" \/>\n<meta property=\"og:site_name\" content=\"Electric Scooters Bikes Citycoco Manufacturer\" \/>\n<meta property=\"article:publisher\" content=\"https:\/\/www.facebook.com\/rooder.tec\" \/>\n<meta property=\"article:modified_time\" content=\"2023-11-11T10:34:09+00:00\" \/>\n<meta property=\"og:image\" content=\"https:\/\/www.rooderchina.com\/wp-content\/uploads\/2023\/11\/110da37c.jpg\" \/>\n\t<meta property=\"og:image:width\" content=\"750\" \/>\n\t<meta property=\"og:image:height\" content=\"750\" \/>\n\t<meta property=\"og:image:type\" content=\"image\/jpeg\" \/>\n<meta name=\"twitter:card\" content=\"summary_large_image\" \/>\n<meta name=\"twitter:site\" content=\"@RooderTec\" \/>\n<meta name=\"twitter:label1\" content=\"Dur\u00e9e de lecture estim\u00e9e\" \/>\n\t<meta name=\"twitter:data1\" content=\"1 minute\" \/>\n<script type=\"application\/ld+json\" class=\"yoast-schema-graph\">{\"@context\":\"https:\/\/schema.org\",\"@graph\":[{\"@type\":\"WebPage\",\"@id\":\"https:\/\/www.rooderchina.com\/product\/harley-electric-scooter-1000w-r804c-with-two-big-motorcycle-wheel-fat-tire-60v-removable-lithium-battery-100-colors-from-rooder-e-scooter-exporter-company\/\",\"url\":\"https:\/\/www.rooderchina.com\/product\/harley-electric-scooter-1000w-r804c-with-two-big-motorcycle-wheel-fat-tire-60v-removable-lithium-battery-100-colors-from-rooder-e-scooter-exporter-company\/\",\"name\":\"harley electric scooter 1000w r804c with two big motorcycle wheel fat tire 60v removable lithium battery 100 colors from Rooder e-scooter exporter company - Electric Scooters Bikes Citycoco Manufacturer\",\"isPartOf\":{\"@id\":\"https:\/\/www.rooderchina.com\/#website\"},\"datePublished\":\"2023-11-11T10:33:51+00:00\",\"dateModified\":\"2023-11-11T10:34:09+00:00\",\"breadcrumb\":{\"@id\":\"https:\/\/www.rooderchina.com\/product\/harley-electric-scooter-1000w-r804c-with-two-big-motorcycle-wheel-fat-tire-60v-removable-lithium-battery-100-colors-from-rooder-e-scooter-exporter-company\/#breadcrumb\"},\"inLanguage\":\"fr-FR\",\"potentialAction\":[{\"@type\":\"ReadAction\",\"target\":[\"https:\/\/www.rooderchina.com\/product\/harley-electric-scooter-1000w-r804c-with-two-big-motorcycle-wheel-fat-tire-60v-removable-lithium-battery-100-colors-from-rooder-e-scooter-exporter-company\/\"]}]},{\"@type\":\"BreadcrumbList\",\"@id\":\"https:\/\/www.rooderchina.com\/product\/harley-electric-scooter-1000w-r804c-with-two-big-motorcycle-wheel-fat-tire-60v-removable-lithium-battery-100-colors-from-rooder-e-scooter-exporter-company\/#breadcrumb\",\"itemListElement\":[{\"@type\":\"ListItem\",\"position\":1,\"name\":\"HOME\",\"item\":\"https:\/\/www.rooderchina.com\/\"},{\"@type\":\"ListItem\",\"position\":2,\"name\":\"Shop\",\"item\":\"https:\/\/www.rooderchina.com\/shop\/\"},{\"@type\":\"ListItem\",\"position\":3,\"name\":\"harley electric scooter 1000w r804c with two big motorcycle wheel fat tire 60v removable lithium battery 100 colors from Rooder e-scooter exporter company\"}]},{\"@type\":\"WebSite\",\"@id\":\"https:\/\/www.rooderchina.com\/#website\",\"url\":\"https:\/\/www.rooderchina.com\/\",\"name\":\"Electric Scooters Bikes Citycoco Manufacturer\",\"description\":\"Rooder Technology Limited\",\"publisher\":{\"@id\":\"https:\/\/www.rooderchina.com\/#organization\"},\"potentialAction\":[{\"@type\":\"SearchAction\",\"target\":{\"@type\":\"EntryPoint\",\"urlTemplate\":\"https:\/\/www.rooderchina.com\/?s={search_term_string}\"},\"query-input\":\"required name=search_term_string\"}],\"inLanguage\":\"fr-FR\"},{\"@type\":\"Organization\",\"@id\":\"https:\/\/www.rooderchina.com\/#organization\",\"name\":\"Electric Scooters Bikes Citycoco Manufacturer\",\"url\":\"https:\/\/www.rooderchina.com\/\",\"logo\":{\"@type\":\"ImageObject\",\"inLanguage\":\"fr-FR\",\"@id\":\"https:\/\/www.rooderchina.com\/#\/schema\/logo\/image\/\",\"url\":\"https:\/\/www.rooderchina.com\/wp-content\/uploads\/2023\/12\/rooder2.jpg\",\"contentUrl\":\"https:\/\/www.rooderchina.com\/wp-content\/uploads\/2023\/12\/rooder2.jpg\",\"width\":1723,\"height\":1037,\"caption\":\"Electric Scooters Bikes Citycoco Manufacturer\"},\"image\":{\"@id\":\"https:\/\/www.rooderchina.com\/#\/schema\/logo\/image\/\"},\"sameAs\":[\"https:\/\/www.facebook.com\/rooder.tec\",\"https:\/\/twitter.com\/RooderTec\"]}]}<\/script>\n<!-- \/ Yoast SEO plugin. -->","yoast_head_json":{"title":"harley electric scooter 1000w r804c with two big motorcycle wheel fat tire 60v removable lithium battery 100 colors from Rooder e-scooter exporter company - Electric Scooters Bikes Citycoco Manufacturer","robots":{"index":"index","follow":"follow","max-snippet":"max-snippet:-1","max-image-preview":"max-image-preview:large","max-video-preview":"max-video-preview:-1"},"canonical":"https:\/\/www.rooderchina.com\/fr\/produit\/harley-electric-scooter-1000w-r804c-with-two-big-motorcycle-wheel-fat-tire-60v-removable-lithium-battery-100-colors-from-rooder-e-scooter-exporter-company\/","og_locale":"fr_FR","og_type":"article","og_title":"harley electric scooter 1000w r804c with two big motorcycle wheel fat tire 60v removable lithium battery 100 colors from Rooder e-scooter exporter company - Electric Scooters Bikes Citycoco Manufacturer","og_description":"Short Description: find high quality and cheap harley electric scooter 1000w and\u00a0 electric motorcycle scooter from\u00a0harley electric scooter 1000w and\u00a0\u00a0electric motorcycle scooter supplier factory manufactur and exporter company shenzhen rooder technology co ltd harley electric scooter 1000w r804c with two big motorcycle wheel fat tire 60v removable lithium battery 100 colors from Rooder e-scooter exporter company new design led light: yes. removable lithium battery: yes. two seats: yes. front shock absorption: yes rear\/back shock absorber suspension : yes    Brand: OEM\/ODM\/ROODER   Min.Order Quantity: 10 Piece\/Pieces   Supply Ability: 10000 Piece\/Pieces per Month   Port: Shenzhen   Payment Terms: T\/T, L\/C, D\/A, D\/P","og_url":"https:\/\/www.rooderchina.com\/fr\/produit\/harley-electric-scooter-1000w-r804c-with-two-big-motorcycle-wheel-fat-tire-60v-removable-lithium-battery-100-colors-from-rooder-e-scooter-exporter-company\/","og_site_name":"Electric Scooters Bikes Citycoco Manufacturer","article_publisher":"https:\/\/www.facebook.com\/rooder.tec","article_modified_time":"2023-11-11T10:34:09+00:00","og_image":[{"width":750,"height":750,"url":"https:\/\/www.rooderchina.com\/wp-content\/uploads\/2023\/11\/110da37c.jpg","type":"image\/jpeg"}],"twitter_card":"summary_large_image","twitter_site":"@RooderTec","twitter_misc":{"Dur\u00e9e de lecture estim\u00e9e":"1 minute"},"schema":{"@context":"https:\/\/schema.org","@graph":[{"@type":"WebPage","@id":"https:\/\/www.rooderchina.com\/product\/harley-electric-scooter-1000w-r804c-with-two-big-motorcycle-wheel-fat-tire-60v-removable-lithium-battery-100-colors-from-rooder-e-scooter-exporter-company\/","url":"https:\/\/www.rooderchina.com\/product\/harley-electric-scooter-1000w-r804c-with-two-big-motorcycle-wheel-fat-tire-60v-removable-lithium-battery-100-colors-from-rooder-e-scooter-exporter-company\/","name":"harley electric scooter 1000w r804c with two big motorcycle wheel fat tire 60v removable lithium battery 100 colors from Rooder e-scooter exporter company - Electric Scooters Bikes Citycoco Manufacturer","isPartOf":{"@id":"https:\/\/www.rooderchina.com\/#website"},"datePublished":"2023-11-11T10:33:51+00:00","dateModified":"2023-11-11T10:34:09+00:00","breadcrumb":{"@id":"https:\/\/www.rooderchina.com\/product\/harley-electric-scooter-1000w-r804c-with-two-big-motorcycle-wheel-fat-tire-60v-removable-lithium-battery-100-colors-from-rooder-e-scooter-exporter-company\/#breadcrumb"},"inLanguage":"fr-FR","potentialAction":[{"@type":"ReadAction","target":["https:\/\/www.rooderchina.com\/product\/harley-electric-scooter-1000w-r804c-with-two-big-motorcycle-wheel-fat-tire-60v-removable-lithium-battery-100-colors-from-rooder-e-scooter-exporter-company\/"]}]},{"@type":"BreadcrumbList","@id":"https:\/\/www.rooderchina.com\/product\/harley-electric-scooter-1000w-r804c-with-two-big-motorcycle-wheel-fat-tire-60v-removable-lithium-battery-100-colors-from-rooder-e-scooter-exporter-company\/#breadcrumb","itemListElement":[{"@type":"ListItem","position":1,"name":"HOME","item":"https:\/\/www.rooderchina.com\/"},{"@type":"ListItem","position":2,"name":"Shop","item":"https:\/\/www.rooderchina.com\/shop\/"},{"@type":"ListItem","position":3,"name":"harley electric scooter 1000w r804c with two big motorcycle wheel fat tire 60v removable lithium battery 100 colors from Rooder e-scooter exporter company"}]},{"@type":"WebSite","@id":"https:\/\/www.rooderchina.com\/#website","url":"https:\/\/www.rooderchina.com\/","name":"Electric Scooters Bikes Citycoco Manufacturer","description":"Rooder Technology Limited","publisher":{"@id":"https:\/\/www.rooderchina.com\/#organization"},"potentialAction":[{"@type":"SearchAction","target":{"@type":"EntryPoint","urlTemplate":"https:\/\/www.rooderchina.com\/?s={search_term_string}"},"query-input":"required name=search_term_string"}],"inLanguage":"fr-FR"},{"@type":"Organization","@id":"https:\/\/www.rooderchina.com\/#organization","name":"Electric Scooters Bikes Citycoco Manufacturer","url":"https:\/\/www.rooderchina.com\/","logo":{"@type":"ImageObject","inLanguage":"fr-FR","@id":"https:\/\/www.rooderchina.com\/#\/schema\/logo\/image\/","url":"https:\/\/www.rooderchina.com\/wp-content\/uploads\/2023\/12\/rooder2.jpg","contentUrl":"https:\/\/www.rooderchina.com\/wp-content\/uploads\/2023\/12\/rooder2.jpg","width":1723,"height":1037,"caption":"Electric Scooters Bikes Citycoco Manufacturer"},"image":{"@id":"https:\/\/www.rooderchina.com\/#\/schema\/logo\/image\/"},"sameAs":["https:\/\/www.facebook.com\/rooder.tec","https:\/\/twitter.com\/RooderTec"]}]}},"_links":{"self":[{"href":"https:\/\/www.rooderchina.com\/fr\/wp-json\/wp\/v2\/product\/9089","targetHints":{"allow":["GET"]}}],"collection":[{"href":"https:\/\/www.rooderchina.com\/fr\/wp-json\/wp\/v2\/product"}],"about":[{"href":"https:\/\/www.rooderchina.com\/fr\/wp-json\/wp\/v2\/types\/product"}],"replies":[{"embeddable":true,"href":"https:\/\/www.rooderchina.com\/fr\/wp-json\/wp\/v2\/comments?post=9089"}],"version-history":[{"count":1,"href":"https:\/\/www.rooderchina.com\/fr\/wp-json\/wp\/v2\/product\/9089\/revisions"}],"predecessor-version":[{"id":9090,"href":"https:\/\/www.rooderchina.com\/fr\/wp-json\/wp\/v2\/product\/9089\/revisions\/9090"}],"wp:featuredmedia":[{"embeddable":true,"href":"https:\/\/www.rooderchina.com\/fr\/wp-json\/wp\/v2\/media\/9091"}],"wp:attachment":[{"href":"https:\/\/www.rooderchina.com\/fr\/wp-json\/wp\/v2\/media?parent=9089"}],"wp:term":[{"taxonomy":"product_brand","embeddable":true,"href":"https:\/\/www.rooderchina.com\/fr\/wp-json\/wp\/v2\/product_brand?post=9089"},{"taxonomy":"product_cat","embeddable":true,"href":"https:\/\/www.rooderchina.com\/fr\/wp-json\/wp\/v2\/product_cat?post=9089"},{"taxonomy":"product_tag","embeddable":true,"href":"https:\/\/www.rooderchina.com\/fr\/wp-json\/wp\/v2\/product_tag?post=9089"}],"curies":[{"name":"wp","href":"https:\/\/api.w.org\/{rel}","templated":true}]}}