{"id":9029,"date":"2023-11-11T18:33:51","date_gmt":"2023-11-11T10:33:51","guid":{"rendered":"http:\/\/www.rooderchina.com\/index.php\/product\/3-wheel-electric-scooter-r804t-with-fat-tire-60v-lithium-battery-1000w-motor-customized-speed-skillful-colors-black-white-red-green-pink-yellow-orange-graffiti\/"},"modified":"2023-11-11T18:33:51","modified_gmt":"2023-11-11T10:33:51","slug":"3-wheel-electric-scooter-r804t-with-fat-tire-60v-lithium-battery-1000w-motor-customized-speed-skillful-colors-black-white-red-green-pink-yellow-orange-graffiti","status":"publish","type":"product","link":"https:\/\/www.rooderchina.com\/fr\/produit\/3-wheel-electric-scooter-r804t-with-fat-tire-60v-lithium-battery-1000w-motor-customized-speed-skillful-colors-black-white-red-green-pink-yellow-orange-graffiti\/","title":{"rendered":"scooter \u00e9lectrique 3 roues r804t avec fat tire batterie lithium 60v moteur 1000w vitesse personnalis\u00e9e couleurs habiles noir blanc rouge vert rose jaune orange graffiti"},"content":{"rendered":"<p>Rooder has maintained healthy development with our innovational system driven enterprise centered on the demand of users. We have developed into an enterprise with the research, development, production and sales together. Our products and services include <a href=\"https:\/\/www.rooderchina.com\/fr\/tag\/3-wheel-electric-scooter\/\" title=\"View all posts in 3 Wheel Electric Scooter\" target=\"_blank\" rel=\"noopener\">Scooter \u00e9lectrique \u00e0 3 roues<\/a>, cityccoco harley scooter, bike and two seats electric scooter.<\/p>\n<p>Rooder&#8217;s products has now been sold to more than fifty countries and regions around the world. In the domestic market, we have rapidly grasped 9.8% market share with fashionable look and stable performance of our products, well received by Chinese customers.<\/p>\n<\/p>\n<p>scooter \u00e9lectrique 3 roues r804t avec fat tire batterie lithium 60v moteur 1000w vitesse personnalis\u00e9e couleurs habiles noir blanc rouge vert rose jaune orange graffiti<\/p>\n<p>charge max : 200kg<br \/>\nvitesse maximale : 35km\/h<br \/>\nport\u00e9e : 35-40 km<br \/>\ncapacit\u00e9 de mont\u00e9e maximale : 30\u00b0.<br \/>\nbattery: 60v 12ah lithium battery<br \/>\nmaximum torque: 95n\/m<br \/>\ncharge time: 4-6 hours<br \/>\nmotor power:1000w<br \/>\nworking temperature: 10~40degree<br \/>\nPoids net : 60 kg<br \/>\nTaille du pneu : 18*9.5 pouces<br \/>\nproduct size:1759*780*700mm<br \/>\ncolor: black\/white\/red\/green\/pink\/yellow\/orange<\/p>\n<p>1 pi\u00e8ce\/carton<br \/>\ncarton size:191*98*69cm<br \/>\ngw:80kg, nw:60kg<br \/>\n1.292cbm\/piece<\/p>\n<p>l'ordre des conteneurs :<br \/>\n22pcs in 20gp<br \/>\n48pcs in 40gp<br \/>\n54pcs in 40hc<\/p>\n<p>&nbsp;<\/p><\/p>","protected":false},"excerpt":{"rendered":"<h3>Description succincte :<\/h3>\n<p><p>Nous vous proposons des scooters \u00e9lectriques harley de haute qualit\u00e9, des scooters citycoco, des scooters \u00e9lectriques \u00e0 3 roues en gros sur www.RooderChina.com de Shenzhen Rooder Technology Co.<\/p>\n<p>charge max : 200kg<br \/>\nvitesse maximale : 35km\/h<br \/>\nport\u00e9e : 35-40 km<br \/>\ncapacit\u00e9 de mont\u00e9e maximale : 30\u00b0.<br \/>\nPoids net : 60 kg<br \/>\nTaille du pneu : 18*9.5 pouces<\/p>\n<\/p>\n<p><\/p>\n<li><em>Marque : <\/em> OEM\/ODM\/ROODER<\/li>\n<li><em>Quantit\u00e9 minimale de commande : <\/em> 10 pi\u00e8ces\/pi\u00e8ces<\/li>\n<li><em>Capacit\u00e9 d'approvisionnement : <\/em> 10000 pi\u00e8ces par mois<\/li>\n<li><em>Port : <\/em> Shenzhen<\/li>\n<li><em>Conditions de paiement : <\/em> T\/T, L\/C, D\/A, D\/P<\/li>","protected":false},"featured_media":9031,"comment_status":"closed","ping_status":"open","template":"","meta":[],"product_brand":[],"product_cat":[464],"product_tag":[465,466,467,468,469,470,471,472,473,474,475,476,477,478,479],"class_list":{"0":"post-9029","1":"product","2":"type-product","3":"status-publish","4":"has-post-thumbnail","6":"product_cat-citycoco-choppers","7":"product_tag-3-wheel-electric-scooter","8":"product_tag-china-citycoco-suppliers","9":"product_tag-china-skillful-harley-electric-scooter-manufacturers","10":"product_tag-citycoco","11":"product_tag-citycoco-harley-scooter","12":"product_tag-citycoco-kaina","13":"product_tag-citycoco-romania","14":"product_tag-citycoco-scooter","15":"product_tag-citycoco-scooter-romania","16":"product_tag-citycoco-suomi","17":"product_tag-citycoco-suppliers","18":"product_tag-electric-scooter-harley","19":"product_tag-harley-e-scooter","20":"product_tag-scooter-citycoco","21":"product_tag-seev-citycoco","23":"first","24":"instock","25":"product-type-simple"},"yoast_head":"<!-- This site is optimized with the Yoast SEO plugin v21.7 - https:\/\/yoast.com\/wordpress\/plugins\/seo\/ -->\n<title>3 wheel electric scooter r804t with fat tire 60v lithium battery 1000w motor customized speed skillful colors black white red green pink yellow orange graffiti - Electric Scooters Bikes Citycoco Manufacturer<\/title>\n<meta name=\"robots\" content=\"index, follow, max-snippet:-1, max-image-preview:large, max-video-preview:-1\" \/>\n<link rel=\"canonical\" href=\"https:\/\/www.rooderchina.com\/fr\/produit\/3-wheel-electric-scooter-r804t-with-fat-tire-60v-lithium-battery-1000w-motor-customized-speed-skillful-colors-black-white-red-green-pink-yellow-orange-graffiti\/\" \/>\n<meta property=\"og:locale\" content=\"fr_FR\" \/>\n<meta property=\"og:type\" content=\"article\" \/>\n<meta property=\"og:title\" content=\"3 wheel electric scooter r804t with fat tire 60v lithium battery 1000w motor customized speed skillful colors black white red green pink yellow orange graffiti - Electric Scooters Bikes Citycoco Manufacturer\" \/>\n<meta property=\"og:description\" content=\"Short Description: find high quality cheap price china skillful harley electric scooter manufacturers,\u00a0scooter citycoco, wholesale\u00a03 wheel electric scooter on www.RooderChina.com from\u00a0Shenzhen Rooder Technology Co., Ltd. max load: 200kg max speed: 35km\/h range: 35-40km max climb capability: 30\u00b0 net weight:60kg tire size:18*9.5 inch    Brand: OEM\/ODM\/ROODER   Min.Order Quantity: 10 Piece\/Pieces   Supply Ability: 10000 Piece\/Pieces per Month   Port: Shenzhen   Payment Terms: T\/T, L\/C, D\/A, D\/P\" \/>\n<meta property=\"og:url\" content=\"https:\/\/www.rooderchina.com\/fr\/produit\/3-wheel-electric-scooter-r804t-with-fat-tire-60v-lithium-battery-1000w-motor-customized-speed-skillful-colors-black-white-red-green-pink-yellow-orange-graffiti\/\" \/>\n<meta property=\"og:site_name\" content=\"Electric Scooters Bikes Citycoco Manufacturer\" \/>\n<meta property=\"article:publisher\" content=\"https:\/\/www.facebook.com\/rooder.tec\" \/>\n<meta property=\"og:image\" content=\"https:\/\/www.rooderchina.com\/wp-content\/uploads\/2023\/11\/1363b1cb.jpg\" \/>\n\t<meta property=\"og:image:width\" content=\"750\" \/>\n\t<meta property=\"og:image:height\" content=\"750\" \/>\n\t<meta property=\"og:image:type\" content=\"image\/jpeg\" \/>\n<meta name=\"twitter:card\" content=\"summary_large_image\" \/>\n<meta name=\"twitter:site\" content=\"@RooderTec\" \/>\n<meta name=\"twitter:label1\" content=\"Dur\u00e9e de lecture estim\u00e9e\" \/>\n\t<meta name=\"twitter:data1\" content=\"1 minute\" \/>\n<script type=\"application\/ld+json\" class=\"yoast-schema-graph\">{\"@context\":\"https:\/\/schema.org\",\"@graph\":[{\"@type\":\"WebPage\",\"@id\":\"https:\/\/www.rooderchina.com\/product\/3-wheel-electric-scooter-r804t-with-fat-tire-60v-lithium-battery-1000w-motor-customized-speed-skillful-colors-black-white-red-green-pink-yellow-orange-graffiti\/\",\"url\":\"https:\/\/www.rooderchina.com\/product\/3-wheel-electric-scooter-r804t-with-fat-tire-60v-lithium-battery-1000w-motor-customized-speed-skillful-colors-black-white-red-green-pink-yellow-orange-graffiti\/\",\"name\":\"3 wheel electric scooter r804t with fat tire 60v lithium battery 1000w motor customized speed skillful colors black white red green pink yellow orange graffiti - Electric Scooters Bikes Citycoco Manufacturer\",\"isPartOf\":{\"@id\":\"https:\/\/www.rooderchina.com\/#website\"},\"datePublished\":\"2023-11-11T10:33:51+00:00\",\"dateModified\":\"2023-11-11T10:33:51+00:00\",\"breadcrumb\":{\"@id\":\"https:\/\/www.rooderchina.com\/product\/3-wheel-electric-scooter-r804t-with-fat-tire-60v-lithium-battery-1000w-motor-customized-speed-skillful-colors-black-white-red-green-pink-yellow-orange-graffiti\/#breadcrumb\"},\"inLanguage\":\"fr-FR\",\"potentialAction\":[{\"@type\":\"ReadAction\",\"target\":[\"https:\/\/www.rooderchina.com\/product\/3-wheel-electric-scooter-r804t-with-fat-tire-60v-lithium-battery-1000w-motor-customized-speed-skillful-colors-black-white-red-green-pink-yellow-orange-graffiti\/\"]}]},{\"@type\":\"BreadcrumbList\",\"@id\":\"https:\/\/www.rooderchina.com\/product\/3-wheel-electric-scooter-r804t-with-fat-tire-60v-lithium-battery-1000w-motor-customized-speed-skillful-colors-black-white-red-green-pink-yellow-orange-graffiti\/#breadcrumb\",\"itemListElement\":[{\"@type\":\"ListItem\",\"position\":1,\"name\":\"HOME\",\"item\":\"https:\/\/www.rooderchina.com\/\"},{\"@type\":\"ListItem\",\"position\":2,\"name\":\"Shop\",\"item\":\"https:\/\/www.rooderchina.com\/shop\/\"},{\"@type\":\"ListItem\",\"position\":3,\"name\":\"3 wheel electric scooter r804t with fat tire 60v lithium battery 1000w motor customized speed skillful colors black white red green pink yellow orange graffiti\"}]},{\"@type\":\"WebSite\",\"@id\":\"https:\/\/www.rooderchina.com\/#website\",\"url\":\"https:\/\/www.rooderchina.com\/\",\"name\":\"Electric Scooters Bikes Citycoco Manufacturer\",\"description\":\"Rooder Technology Limited\",\"publisher\":{\"@id\":\"https:\/\/www.rooderchina.com\/#organization\"},\"potentialAction\":[{\"@type\":\"SearchAction\",\"target\":{\"@type\":\"EntryPoint\",\"urlTemplate\":\"https:\/\/www.rooderchina.com\/?s={search_term_string}\"},\"query-input\":\"required name=search_term_string\"}],\"inLanguage\":\"fr-FR\"},{\"@type\":\"Organization\",\"@id\":\"https:\/\/www.rooderchina.com\/#organization\",\"name\":\"Electric Scooters Bikes Citycoco Manufacturer\",\"url\":\"https:\/\/www.rooderchina.com\/\",\"logo\":{\"@type\":\"ImageObject\",\"inLanguage\":\"fr-FR\",\"@id\":\"https:\/\/www.rooderchina.com\/#\/schema\/logo\/image\/\",\"url\":\"https:\/\/www.rooderchina.com\/wp-content\/uploads\/2023\/12\/rooder2.jpg\",\"contentUrl\":\"https:\/\/www.rooderchina.com\/wp-content\/uploads\/2023\/12\/rooder2.jpg\",\"width\":1723,\"height\":1037,\"caption\":\"Electric Scooters Bikes Citycoco Manufacturer\"},\"image\":{\"@id\":\"https:\/\/www.rooderchina.com\/#\/schema\/logo\/image\/\"},\"sameAs\":[\"https:\/\/www.facebook.com\/rooder.tec\",\"https:\/\/twitter.com\/RooderTec\"]}]}<\/script>\n<!-- \/ Yoast SEO plugin. -->","yoast_head_json":{"title":"3 wheel electric scooter r804t with fat tire 60v lithium battery 1000w motor customized speed skillful colors black white red green pink yellow orange graffiti - Electric Scooters Bikes Citycoco Manufacturer","robots":{"index":"index","follow":"follow","max-snippet":"max-snippet:-1","max-image-preview":"max-image-preview:large","max-video-preview":"max-video-preview:-1"},"canonical":"https:\/\/www.rooderchina.com\/fr\/produit\/3-wheel-electric-scooter-r804t-with-fat-tire-60v-lithium-battery-1000w-motor-customized-speed-skillful-colors-black-white-red-green-pink-yellow-orange-graffiti\/","og_locale":"fr_FR","og_type":"article","og_title":"3 wheel electric scooter r804t with fat tire 60v lithium battery 1000w motor customized speed skillful colors black white red green pink yellow orange graffiti - Electric Scooters Bikes Citycoco Manufacturer","og_description":"Short Description: find high quality cheap price china skillful harley electric scooter manufacturers,\u00a0scooter citycoco, wholesale\u00a03 wheel electric scooter on www.RooderChina.com from\u00a0Shenzhen Rooder Technology Co., Ltd. max load: 200kg max speed: 35km\/h range: 35-40km max climb capability: 30\u00b0 net weight:60kg tire size:18*9.5 inch    Brand: OEM\/ODM\/ROODER   Min.Order Quantity: 10 Piece\/Pieces   Supply Ability: 10000 Piece\/Pieces per Month   Port: Shenzhen   Payment Terms: T\/T, L\/C, D\/A, D\/P","og_url":"https:\/\/www.rooderchina.com\/fr\/produit\/3-wheel-electric-scooter-r804t-with-fat-tire-60v-lithium-battery-1000w-motor-customized-speed-skillful-colors-black-white-red-green-pink-yellow-orange-graffiti\/","og_site_name":"Electric Scooters Bikes Citycoco Manufacturer","article_publisher":"https:\/\/www.facebook.com\/rooder.tec","og_image":[{"width":750,"height":750,"url":"https:\/\/www.rooderchina.com\/wp-content\/uploads\/2023\/11\/1363b1cb.jpg","type":"image\/jpeg"}],"twitter_card":"summary_large_image","twitter_site":"@RooderTec","twitter_misc":{"Dur\u00e9e de lecture estim\u00e9e":"1 minute"},"schema":{"@context":"https:\/\/schema.org","@graph":[{"@type":"WebPage","@id":"https:\/\/www.rooderchina.com\/product\/3-wheel-electric-scooter-r804t-with-fat-tire-60v-lithium-battery-1000w-motor-customized-speed-skillful-colors-black-white-red-green-pink-yellow-orange-graffiti\/","url":"https:\/\/www.rooderchina.com\/product\/3-wheel-electric-scooter-r804t-with-fat-tire-60v-lithium-battery-1000w-motor-customized-speed-skillful-colors-black-white-red-green-pink-yellow-orange-graffiti\/","name":"3 wheel electric scooter r804t with fat tire 60v lithium battery 1000w motor customized speed skillful colors black white red green pink yellow orange graffiti - Electric Scooters Bikes Citycoco Manufacturer","isPartOf":{"@id":"https:\/\/www.rooderchina.com\/#website"},"datePublished":"2023-11-11T10:33:51+00:00","dateModified":"2023-11-11T10:33:51+00:00","breadcrumb":{"@id":"https:\/\/www.rooderchina.com\/product\/3-wheel-electric-scooter-r804t-with-fat-tire-60v-lithium-battery-1000w-motor-customized-speed-skillful-colors-black-white-red-green-pink-yellow-orange-graffiti\/#breadcrumb"},"inLanguage":"fr-FR","potentialAction":[{"@type":"ReadAction","target":["https:\/\/www.rooderchina.com\/product\/3-wheel-electric-scooter-r804t-with-fat-tire-60v-lithium-battery-1000w-motor-customized-speed-skillful-colors-black-white-red-green-pink-yellow-orange-graffiti\/"]}]},{"@type":"BreadcrumbList","@id":"https:\/\/www.rooderchina.com\/product\/3-wheel-electric-scooter-r804t-with-fat-tire-60v-lithium-battery-1000w-motor-customized-speed-skillful-colors-black-white-red-green-pink-yellow-orange-graffiti\/#breadcrumb","itemListElement":[{"@type":"ListItem","position":1,"name":"HOME","item":"https:\/\/www.rooderchina.com\/"},{"@type":"ListItem","position":2,"name":"Shop","item":"https:\/\/www.rooderchina.com\/shop\/"},{"@type":"ListItem","position":3,"name":"3 wheel electric scooter r804t with fat tire 60v lithium battery 1000w motor customized speed skillful colors black white red green pink yellow orange graffiti"}]},{"@type":"WebSite","@id":"https:\/\/www.rooderchina.com\/#website","url":"https:\/\/www.rooderchina.com\/","name":"Electric Scooters Bikes Citycoco Manufacturer","description":"Rooder Technology Limited","publisher":{"@id":"https:\/\/www.rooderchina.com\/#organization"},"potentialAction":[{"@type":"SearchAction","target":{"@type":"EntryPoint","urlTemplate":"https:\/\/www.rooderchina.com\/?s={search_term_string}"},"query-input":"required name=search_term_string"}],"inLanguage":"fr-FR"},{"@type":"Organization","@id":"https:\/\/www.rooderchina.com\/#organization","name":"Electric Scooters Bikes Citycoco Manufacturer","url":"https:\/\/www.rooderchina.com\/","logo":{"@type":"ImageObject","inLanguage":"fr-FR","@id":"https:\/\/www.rooderchina.com\/#\/schema\/logo\/image\/","url":"https:\/\/www.rooderchina.com\/wp-content\/uploads\/2023\/12\/rooder2.jpg","contentUrl":"https:\/\/www.rooderchina.com\/wp-content\/uploads\/2023\/12\/rooder2.jpg","width":1723,"height":1037,"caption":"Electric Scooters Bikes Citycoco Manufacturer"},"image":{"@id":"https:\/\/www.rooderchina.com\/#\/schema\/logo\/image\/"},"sameAs":["https:\/\/www.facebook.com\/rooder.tec","https:\/\/twitter.com\/RooderTec"]}]}},"_links":{"self":[{"href":"https:\/\/www.rooderchina.com\/fr\/wp-json\/wp\/v2\/product\/9029","targetHints":{"allow":["GET"]}}],"collection":[{"href":"https:\/\/www.rooderchina.com\/fr\/wp-json\/wp\/v2\/product"}],"about":[{"href":"https:\/\/www.rooderchina.com\/fr\/wp-json\/wp\/v2\/types\/product"}],"replies":[{"embeddable":true,"href":"https:\/\/www.rooderchina.com\/fr\/wp-json\/wp\/v2\/comments?post=9029"}],"version-history":[{"count":1,"href":"https:\/\/www.rooderchina.com\/fr\/wp-json\/wp\/v2\/product\/9029\/revisions"}],"predecessor-version":[{"id":9030,"href":"https:\/\/www.rooderchina.com\/fr\/wp-json\/wp\/v2\/product\/9029\/revisions\/9030"}],"wp:featuredmedia":[{"embeddable":true,"href":"https:\/\/www.rooderchina.com\/fr\/wp-json\/wp\/v2\/media\/9031"}],"wp:attachment":[{"href":"https:\/\/www.rooderchina.com\/fr\/wp-json\/wp\/v2\/media?parent=9029"}],"wp:term":[{"taxonomy":"product_brand","embeddable":true,"href":"https:\/\/www.rooderchina.com\/fr\/wp-json\/wp\/v2\/product_brand?post=9029"},{"taxonomy":"product_cat","embeddable":true,"href":"https:\/\/www.rooderchina.com\/fr\/wp-json\/wp\/v2\/product_cat?post=9029"},{"taxonomy":"product_tag","embeddable":true,"href":"https:\/\/www.rooderchina.com\/fr\/wp-json\/wp\/v2\/product_tag?post=9029"}],"curies":[{"name":"wp","href":"https:\/\/api.w.org\/{rel}","templated":true}]}}