{"id":24711,"date":"2023-12-24T17:53:28","date_gmt":"2023-12-24T09:53:28","guid":{"rendered":"https:\/\/www.rooderchina.com\/?post_type=product&#038;p=24711"},"modified":"2023-12-24T17:53:28","modified_gmt":"2023-12-24T09:53:28","slug":"dual-motor-electric-cycle-r809-s5-for-sale","status":"publish","type":"product","link":"https:\/\/www.rooderchina.com\/fr\/produit\/dual-motor-electric-cycle-r809-s5-for-sale\/","title":{"rendered":"Cycle \u00e9lectrique \u00e0 deux moteurs r809-s5 \u00e0 vendre"},"content":{"rendered":"<h4>Cycle \u00e9lectrique \u00e0 deux moteurs r809-s5 \u00e0 vendre<\/h4>\n<p>Nom de marque\uff1aRooder<br \/>\nNum\u00e9ro de mod\u00e8le\uff1ar809-s5<br \/>\nMat\u00e9riau du cadre\uff1a Alliage d'aluminium<br \/>\nColor\uff1anoir<br \/>\nBatterie\uff1a15AH<br \/>\nTension de la batterie\uff1a48V\uff0854V\uff09<br \/>\nTension du chargeur\uff1a100-240V 2A<br \/>\nFiche ronde standard europ\u00e9enne<br \/>\nPuissance du moteur\uff1a750 W, option : 750W*2<br \/>\nEngrenages\uff1aCinq engrenages<br \/>\nPneu\uff1aCST 20*4.0<br \/>\nFrein\uff1a \u00e0 disque<br \/>\nCapacit\u00e9 de pente\uff1a 30\u00b0.<br \/>\nVitesse maximale\uff1a45 km\/h<br \/>\nKilom\u00e9trage des v\u00e9hicules \u00e9lectriques purs\uff1a40-60KM<br \/>\nKilom\u00e9trage de l'assistance\uff1a70-110KM<\/p>","protected":false},"excerpt":{"rendered":"<p>Rooder electric cycle r809-s5, it\u2019s the newest model of 2022, it will come with 750w engine which supports 45km\/hmax speed<\/p>\n<p>ou une vitesse limit\u00e9e \u00e0 25km\/h, vous pouvez changer de vitesse en 1 minute. il supporte \u00e9galement un double moteur, un \u00e0 l'avant et un \u00e0 l'arri\u00e8re.<\/p>\n<p>the aluminum alloy is high quality and stronger, and it\u2019s just 31kg net weight, even with the removable battery, gross weight 36kgs only.<\/p>","protected":false},"featured_media":24719,"comment_status":"open","ping_status":"closed","template":"","meta":[],"product_brand":[],"product_cat":[574],"product_tag":[1200,1214],"class_list":{"0":"post-24711","1":"product","2":"type-product","3":"status-publish","4":"has-post-thumbnail","6":"product_cat-electric-bicycles","7":"product_tag-electric-cycle","8":"product_tag-r809-s5","10":"first","11":"instock","12":"shipping-taxable","13":"product-type-simple"},"yoast_head":"<!-- This site is optimized with the Yoast SEO plugin v21.7 - https:\/\/yoast.com\/wordpress\/plugins\/seo\/ -->\n<title>Dual Motor Electric Cycle r809-s5 for sale - Rooder Manufacturer<\/title>\n<meta name=\"description\" content=\"Rooder electric cycle r809-s5, it\u2019s the newest model of 2022, it will come with 750w engine which supports 45km\/hmax speedor 25km\/h limited speed, you can\" \/>\n<meta name=\"robots\" content=\"index, follow, max-snippet:-1, max-image-preview:large, max-video-preview:-1\" \/>\n<link rel=\"canonical\" href=\"https:\/\/www.rooderchina.com\/fr\/produit\/dual-motor-electric-cycle-r809-s5-for-sale\/\" \/>\n<meta property=\"og:locale\" content=\"fr_FR\" \/>\n<meta property=\"og:type\" content=\"article\" \/>\n<meta property=\"og:title\" content=\"Dual Motor Electric Cycle r809-s5 for sale - Rooder Manufacturer\" \/>\n<meta property=\"og:description\" content=\"Rooder electric cycle r809-s5, it\u2019s the newest model of 2022, it will come with 750w engine which supports 45km\/hmax speedor 25km\/h limited speed, you can\" \/>\n<meta property=\"og:url\" content=\"https:\/\/www.rooderchina.com\/fr\/produit\/dual-motor-electric-cycle-r809-s5-for-sale\/\" \/>\n<meta property=\"og:site_name\" content=\"Electric Scooters Bikes Citycoco Manufacturer\" \/>\n<meta property=\"article:publisher\" content=\"https:\/\/www.facebook.com\/rooder.tec\" \/>\n<meta property=\"og:image\" content=\"https:\/\/www.rooderchina.com\/wp-content\/uploads\/2023\/12\/Dual-Motor-Electric-Cycle-r809-s5-for-sale-8.jpg\" \/>\n\t<meta property=\"og:image:width\" content=\"1024\" \/>\n\t<meta property=\"og:image:height\" content=\"1024\" \/>\n\t<meta property=\"og:image:type\" content=\"image\/jpeg\" \/>\n<meta name=\"twitter:card\" content=\"summary_large_image\" \/>\n<meta name=\"twitter:site\" content=\"@RooderTec\" \/>\n<meta name=\"twitter:label1\" content=\"Dur\u00e9e de lecture estim\u00e9e\" \/>\n\t<meta name=\"twitter:data1\" content=\"1 minute\" \/>\n<script type=\"application\/ld+json\" class=\"yoast-schema-graph\">{\"@context\":\"https:\/\/schema.org\",\"@graph\":[{\"@type\":\"WebPage\",\"@id\":\"https:\/\/www.rooderchina.com\/product\/dual-motor-electric-cycle-r809-s5-for-sale\/\",\"url\":\"https:\/\/www.rooderchina.com\/product\/dual-motor-electric-cycle-r809-s5-for-sale\/\",\"name\":\"Dual Motor Electric Cycle r809-s5 for sale - Rooder Manufacturer\",\"isPartOf\":{\"@id\":\"https:\/\/www.rooderchina.com\/#website\"},\"datePublished\":\"2023-12-24T09:53:28+00:00\",\"dateModified\":\"2023-12-24T09:53:28+00:00\",\"description\":\"Rooder electric cycle r809-s5, it\u2019s the newest model of 2022, it will come with 750w engine which supports 45km\/hmax speedor 25km\/h limited speed, you can\",\"breadcrumb\":{\"@id\":\"https:\/\/www.rooderchina.com\/product\/dual-motor-electric-cycle-r809-s5-for-sale\/#breadcrumb\"},\"inLanguage\":\"fr-FR\",\"potentialAction\":[{\"@type\":\"ReadAction\",\"target\":[\"https:\/\/www.rooderchina.com\/product\/dual-motor-electric-cycle-r809-s5-for-sale\/\"]}]},{\"@type\":\"BreadcrumbList\",\"@id\":\"https:\/\/www.rooderchina.com\/product\/dual-motor-electric-cycle-r809-s5-for-sale\/#breadcrumb\",\"itemListElement\":[{\"@type\":\"ListItem\",\"position\":1,\"name\":\"HOME\",\"item\":\"https:\/\/www.rooderchina.com\/\"},{\"@type\":\"ListItem\",\"position\":2,\"name\":\"Shop\",\"item\":\"https:\/\/www.rooderchina.com\/shop\/\"},{\"@type\":\"ListItem\",\"position\":3,\"name\":\"Dual Motor Electric Cycle r809-s5 for sale\"}]},{\"@type\":\"WebSite\",\"@id\":\"https:\/\/www.rooderchina.com\/#website\",\"url\":\"https:\/\/www.rooderchina.com\/\",\"name\":\"Electric Scooters Bikes Citycoco Manufacturer\",\"description\":\"Rooder Technology Limited\",\"publisher\":{\"@id\":\"https:\/\/www.rooderchina.com\/#organization\"},\"potentialAction\":[{\"@type\":\"SearchAction\",\"target\":{\"@type\":\"EntryPoint\",\"urlTemplate\":\"https:\/\/www.rooderchina.com\/?s={search_term_string}\"},\"query-input\":\"required name=search_term_string\"}],\"inLanguage\":\"fr-FR\"},{\"@type\":\"Organization\",\"@id\":\"https:\/\/www.rooderchina.com\/#organization\",\"name\":\"Electric Scooters Bikes Citycoco Manufacturer\",\"url\":\"https:\/\/www.rooderchina.com\/\",\"logo\":{\"@type\":\"ImageObject\",\"inLanguage\":\"fr-FR\",\"@id\":\"https:\/\/www.rooderchina.com\/#\/schema\/logo\/image\/\",\"url\":\"https:\/\/www.rooderchina.com\/wp-content\/uploads\/2023\/12\/rooder2.jpg\",\"contentUrl\":\"https:\/\/www.rooderchina.com\/wp-content\/uploads\/2023\/12\/rooder2.jpg\",\"width\":1723,\"height\":1037,\"caption\":\"Electric Scooters Bikes Citycoco Manufacturer\"},\"image\":{\"@id\":\"https:\/\/www.rooderchina.com\/#\/schema\/logo\/image\/\"},\"sameAs\":[\"https:\/\/www.facebook.com\/rooder.tec\",\"https:\/\/twitter.com\/RooderTec\"]}]}<\/script>\n<!-- \/ Yoast SEO plugin. -->","yoast_head_json":{"title":"Dual Motor Electric Cycle r809-s5 for sale - Rooder Manufacturer","description":"Rooder electric cycle r809-s5, it\u2019s the newest model of 2022, it will come with 750w engine which supports 45km\/hmax speedor 25km\/h limited speed, you can","robots":{"index":"index","follow":"follow","max-snippet":"max-snippet:-1","max-image-preview":"max-image-preview:large","max-video-preview":"max-video-preview:-1"},"canonical":"https:\/\/www.rooderchina.com\/fr\/produit\/dual-motor-electric-cycle-r809-s5-for-sale\/","og_locale":"fr_FR","og_type":"article","og_title":"Dual Motor Electric Cycle r809-s5 for sale - Rooder Manufacturer","og_description":"Rooder electric cycle r809-s5, it\u2019s the newest model of 2022, it will come with 750w engine which supports 45km\/hmax speedor 25km\/h limited speed, you can","og_url":"https:\/\/www.rooderchina.com\/fr\/produit\/dual-motor-electric-cycle-r809-s5-for-sale\/","og_site_name":"Electric Scooters Bikes Citycoco Manufacturer","article_publisher":"https:\/\/www.facebook.com\/rooder.tec","og_image":[{"width":1024,"height":1024,"url":"https:\/\/www.rooderchina.com\/wp-content\/uploads\/2023\/12\/Dual-Motor-Electric-Cycle-r809-s5-for-sale-8.jpg","type":"image\/jpeg"}],"twitter_card":"summary_large_image","twitter_site":"@RooderTec","twitter_misc":{"Dur\u00e9e de lecture estim\u00e9e":"1 minute"},"schema":{"@context":"https:\/\/schema.org","@graph":[{"@type":"WebPage","@id":"https:\/\/www.rooderchina.com\/product\/dual-motor-electric-cycle-r809-s5-for-sale\/","url":"https:\/\/www.rooderchina.com\/product\/dual-motor-electric-cycle-r809-s5-for-sale\/","name":"Dual Motor Electric Cycle r809-s5 for sale - Rooder Manufacturer","isPartOf":{"@id":"https:\/\/www.rooderchina.com\/#website"},"datePublished":"2023-12-24T09:53:28+00:00","dateModified":"2023-12-24T09:53:28+00:00","description":"Rooder electric cycle r809-s5, it\u2019s the newest model of 2022, it will come with 750w engine which supports 45km\/hmax speedor 25km\/h limited speed, you can","breadcrumb":{"@id":"https:\/\/www.rooderchina.com\/product\/dual-motor-electric-cycle-r809-s5-for-sale\/#breadcrumb"},"inLanguage":"fr-FR","potentialAction":[{"@type":"ReadAction","target":["https:\/\/www.rooderchina.com\/product\/dual-motor-electric-cycle-r809-s5-for-sale\/"]}]},{"@type":"BreadcrumbList","@id":"https:\/\/www.rooderchina.com\/product\/dual-motor-electric-cycle-r809-s5-for-sale\/#breadcrumb","itemListElement":[{"@type":"ListItem","position":1,"name":"HOME","item":"https:\/\/www.rooderchina.com\/"},{"@type":"ListItem","position":2,"name":"Shop","item":"https:\/\/www.rooderchina.com\/shop\/"},{"@type":"ListItem","position":3,"name":"Dual Motor Electric Cycle r809-s5 for sale"}]},{"@type":"WebSite","@id":"https:\/\/www.rooderchina.com\/#website","url":"https:\/\/www.rooderchina.com\/","name":"Electric Scooters Bikes Citycoco Manufacturer","description":"Rooder Technology Limited","publisher":{"@id":"https:\/\/www.rooderchina.com\/#organization"},"potentialAction":[{"@type":"SearchAction","target":{"@type":"EntryPoint","urlTemplate":"https:\/\/www.rooderchina.com\/?s={search_term_string}"},"query-input":"required name=search_term_string"}],"inLanguage":"fr-FR"},{"@type":"Organization","@id":"https:\/\/www.rooderchina.com\/#organization","name":"Electric Scooters Bikes Citycoco Manufacturer","url":"https:\/\/www.rooderchina.com\/","logo":{"@type":"ImageObject","inLanguage":"fr-FR","@id":"https:\/\/www.rooderchina.com\/#\/schema\/logo\/image\/","url":"https:\/\/www.rooderchina.com\/wp-content\/uploads\/2023\/12\/rooder2.jpg","contentUrl":"https:\/\/www.rooderchina.com\/wp-content\/uploads\/2023\/12\/rooder2.jpg","width":1723,"height":1037,"caption":"Electric Scooters Bikes Citycoco Manufacturer"},"image":{"@id":"https:\/\/www.rooderchina.com\/#\/schema\/logo\/image\/"},"sameAs":["https:\/\/www.facebook.com\/rooder.tec","https:\/\/twitter.com\/RooderTec"]}]}},"_links":{"self":[{"href":"https:\/\/www.rooderchina.com\/fr\/wp-json\/wp\/v2\/product\/24711","targetHints":{"allow":["GET"]}}],"collection":[{"href":"https:\/\/www.rooderchina.com\/fr\/wp-json\/wp\/v2\/product"}],"about":[{"href":"https:\/\/www.rooderchina.com\/fr\/wp-json\/wp\/v2\/types\/product"}],"replies":[{"embeddable":true,"href":"https:\/\/www.rooderchina.com\/fr\/wp-json\/wp\/v2\/comments?post=24711"}],"version-history":[{"count":1,"href":"https:\/\/www.rooderchina.com\/fr\/wp-json\/wp\/v2\/product\/24711\/revisions"}],"predecessor-version":[{"id":24721,"href":"https:\/\/www.rooderchina.com\/fr\/wp-json\/wp\/v2\/product\/24711\/revisions\/24721"}],"wp:featuredmedia":[{"embeddable":true,"href":"https:\/\/www.rooderchina.com\/fr\/wp-json\/wp\/v2\/media\/24719"}],"wp:attachment":[{"href":"https:\/\/www.rooderchina.com\/fr\/wp-json\/wp\/v2\/media?parent=24711"}],"wp:term":[{"taxonomy":"product_brand","embeddable":true,"href":"https:\/\/www.rooderchina.com\/fr\/wp-json\/wp\/v2\/product_brand?post=24711"},{"taxonomy":"product_cat","embeddable":true,"href":"https:\/\/www.rooderchina.com\/fr\/wp-json\/wp\/v2\/product_cat?post=24711"},{"taxonomy":"product_tag","embeddable":true,"href":"https:\/\/www.rooderchina.com\/fr\/wp-json\/wp\/v2\/product_tag?post=24711"}],"curies":[{"name":"wp","href":"https:\/\/api.w.org\/{rel}","templated":true}]}}