{"id":10382,"date":"2023-11-11T19:11:04","date_gmt":"2023-11-11T11:11:04","guid":{"rendered":"http:\/\/www.rooderchina.com\/index.php\/product\/electric-scooter-hoverboard-r807h-with-10-inch-off-road-xiaomi-wheel-front-rear-led-light-for-sale-from-rooder-technolgoy-electric-scooter-hoverboard-factory\/"},"modified":"2023-11-11T19:11:05","modified_gmt":"2023-11-11T11:11:05","slug":"electric-scooter-hoverboard-r807h-with-10-inch-off-road-xiaomi-wheel-front-rear-led-light-for-sale-from-rooder-technolgoy-electric-scooter-hoverboard-factory","status":"publish","type":"product","link":"https:\/\/www.rooderchina.com\/fr\/produit\/electric-scooter-hoverboard-r807h-with-10-inch-off-road-xiaomi-wheel-front-rear-led-light-for-sale-from-rooder-technolgoy-electric-scooter-hoverboard-factory\/","title":{"rendered":"Scooter \u00e9lectrique hoverboard r807h avec roue xiaomi de 10 pouces \u00e0 l'avant et \u00e0 l'arri\u00e8re pour la vente de scooter \u00e9lectrique hoverboard de Rooder technolgoy."},"content":{"rendered":"<p>Rooder technology limited est \u00e9tabli depuis plus de 7 ans, nous fabriquons professionnellement <a href=\"https:\/\/www.rooderchina.com\/fr\/tag\/electric-scooter-hoverboard\/\" title=\"Voir tous les messages dans scooter \u00e9lectrique hoverboard\" target=\"_blank\" rel=\"noopener\">scooter \u00e9lectrique hoverboard<\/a>. L'usine est situ\u00e9e dans le Guangdong, occupe plus de 3000 m\u00e8tres carr\u00e9s et emploie plus de 200 personnes depuis le d\u00e9but. Nous disposons de notre propre \u00e9quipe de d\u00e9veloppement technologique et de conception, et nous nous concentrons sur une qualit\u00e9 stable et professionnelle et un co\u00fbt comp\u00e9titif correspondant au march\u00e9 international.<\/p>\n<p><strong>Scooter \u00e9lectrique hoverboard r807h avec roue xiaomi de 10 pouces \u00e0 l'avant et \u00e0 l'arri\u00e8re pour la vente de scooter \u00e9lectrique hoverboard de Rooder technolgoy.<\/strong><\/p>\n<\/p>\n<p>mod\u00e8le : r807h<br \/>\nbatterie : batterie li-ion int\u00e9gr\u00e9e (36v, 4.4 ah) samsung<br \/>\nkilom\u00e9trage maximal : 20 km<br \/>\npuissance du moteur : 350w*2<br \/>\ncharging requirements:ac100-240v\/50-60hz<br \/>\nautonomie par chargeur : 15-20 km<br \/>\nVitesse maximale : 10km\/h<br \/>\ncharge max : 120kg<br \/>\nMont\u00e9e maximale : \u226415 degr\u00e9s<br \/>\nPoids net : 13,5 kg<br \/>\ntaille du pneu : 10 pouces<br \/>\nhauteur du padel : 270mm<br \/>\nd\u00e9monstration de puissance : lumi\u00e8re LED<br \/>\noption de couleur : noir, blanc, bleu, vert, rouge<br \/>\nDimensions du carton : 71cm x 35cm x 36cm<br \/>\ngw : 15kgs<br \/>\noption : bluetooth \/ t\u00e9l\u00e9commande<\/p>\n<p>1 pi\u00e8ce\/carton<br \/>\nPoids net : 12 kg<br \/>\ngw:15kg<br \/>\nDimensions du carton : 71cm x 35cm x 36cm<br \/>\n0,089cbm\/pc<\/p>\n<p>l'ordre des conteneurs :<br \/>\n324pcs en 20gp<br \/>\n693pcs en 40gp<br \/>\n782pcs en 40hc<\/p>\n<p>code hs : 8711600010<\/p><\/p>","protected":false},"excerpt":{"rendered":"<h3>Description succincte :<\/h3>\n<p><p>Vente en gros de scooter \u00e9lectrique hoverboard de haute qualit\u00e9 \u00e0 bas prix, acheter scooter \u00e9lectrique hoverboard de Rooder scooter \u00e9lectrique hoverboard fournisseur usine fabricant exportateur soci\u00e9t\u00e9 sur www.RooderChina.com<\/p>\n<p>10,5 pouces<br \/>\npneu tout-terrain<br \/>\ntout terrain<br \/>\nfeux avant et arri\u00e8re \u00e0 diodes \u00e9lectroluminescentes<br \/>\napplication taotao<br \/>\nBluetooth<\/p>\n<\/p>\n<p><\/p>\n<li><em>Marque : <\/em> OEM\/ODM\/ROODER<\/li>\n<li><em>Quantit\u00e9 minimale de commande : <\/em> 10 pi\u00e8ces\/pi\u00e8ces<\/li>\n<li><em>Capacit\u00e9 d'approvisionnement : <\/em> 10000 pi\u00e8ces par mois<\/li>\n<li><em>Port : <\/em> Shenzhen<\/li>\n<li><em>Conditions de paiement : <\/em> T\/T, L\/C, D\/A, D\/P<\/li>","protected":false},"featured_media":10384,"comment_status":"closed","ping_status":"open","template":"","meta":[],"product_brand":[],"product_cat":[556],"product_tag":[1095,666,1096,1097,1098,1099,1100,1101,1102,1103,1104,1105,1106,1107,1108,699],"class_list":{"0":"post-10382","1":"product","2":"type-product","3":"status-publish","4":"has-post-thumbnail","6":"product_cat-others","7":"product_tag-airboard-hoverboard","8":"product_tag-electric-scooter-hoverboard","9":"product_tag-gold-hoverboard","10":"product_tag-hoverboard-app","11":"product_tag-hoverboard-balancing-scooter","12":"product_tag-hoverboard-blue","13":"product_tag-hoverboard-for-sale","14":"product_tag-hoverboard-for-sale-price","15":"product_tag-hoverboard-segway","16":"product_tag-hoverboard-shop","17":"product_tag-hoverboard-wheels","18":"product_tag-hoverboards-on-sale","19":"product_tag-make-a-hoverboard","20":"product_tag-safe-cheap-hoverboards","21":"product_tag-segway-hoverboard-price","22":"product_tag-self-balancing-hoverboard","24":"first","25":"instock","26":"product-type-simple"},"yoast_head":"<!-- This site is optimized with the Yoast SEO plugin v21.7 - https:\/\/yoast.com\/wordpress\/plugins\/seo\/ -->\n<title>electric scooter hoverboard r807h with 10 inch off road xiaomi wheel front rear led light for sale from Rooder technolgoy electric scooter hoverboard factory - Electric Scooters Bikes Citycoco Manufacturer<\/title>\n<meta name=\"robots\" content=\"index, follow, max-snippet:-1, max-image-preview:large, max-video-preview:-1\" \/>\n<link rel=\"canonical\" href=\"https:\/\/www.rooderchina.com\/fr\/produit\/electric-scooter-hoverboard-r807h-with-10-inch-off-road-xiaomi-wheel-front-rear-led-light-for-sale-from-rooder-technolgoy-electric-scooter-hoverboard-factory\/\" \/>\n<meta property=\"og:locale\" content=\"fr_FR\" \/>\n<meta property=\"og:type\" content=\"article\" \/>\n<meta property=\"og:title\" content=\"electric scooter hoverboard r807h with 10 inch off road xiaomi wheel front rear led light for sale from Rooder technolgoy electric scooter hoverboard factory - Electric Scooters Bikes Citycoco Manufacturer\" \/>\n<meta property=\"og:description\" content=\"Short Description: wholesale high quality low price\u00a0electric scooter hoverboard, buy\u00a0electric scooter hoverboard from Rooder\u00a0electric scooter hoverboard supplier factory manufacturer exporter company on www.RooderChina.com 10.5 inch off road tire all terrain front and rear led lights taotao app bluetooth    Brand: OEM\/ODM\/ROODER   Min.Order Quantity: 10 Piece\/Pieces   Supply Ability: 10000 Piece\/Pieces per Month   Port: Shenzhen   Payment Terms: T\/T, L\/C, D\/A, D\/P\" \/>\n<meta property=\"og:url\" content=\"https:\/\/www.rooderchina.com\/fr\/produit\/electric-scooter-hoverboard-r807h-with-10-inch-off-road-xiaomi-wheel-front-rear-led-light-for-sale-from-rooder-technolgoy-electric-scooter-hoverboard-factory\/\" \/>\n<meta property=\"og:site_name\" content=\"Electric Scooters Bikes Citycoco Manufacturer\" \/>\n<meta property=\"article:publisher\" content=\"https:\/\/www.facebook.com\/rooder.tec\" \/>\n<meta property=\"article:modified_time\" content=\"2023-11-11T11:11:05+00:00\" \/>\n<meta property=\"og:image\" content=\"https:\/\/www.rooderchina.com\/wp-content\/uploads\/2023\/11\/d9e52280.jpg\" \/>\n\t<meta property=\"og:image:width\" content=\"750\" \/>\n\t<meta property=\"og:image:height\" content=\"750\" \/>\n\t<meta property=\"og:image:type\" content=\"image\/jpeg\" \/>\n<meta name=\"twitter:card\" content=\"summary_large_image\" \/>\n<meta name=\"twitter:site\" content=\"@RooderTec\" \/>\n<meta name=\"twitter:label1\" content=\"Dur\u00e9e de lecture estim\u00e9e\" \/>\n\t<meta name=\"twitter:data1\" content=\"1 minute\" \/>\n<script type=\"application\/ld+json\" class=\"yoast-schema-graph\">{\"@context\":\"https:\/\/schema.org\",\"@graph\":[{\"@type\":\"WebPage\",\"@id\":\"https:\/\/www.rooderchina.com\/product\/electric-scooter-hoverboard-r807h-with-10-inch-off-road-xiaomi-wheel-front-rear-led-light-for-sale-from-rooder-technolgoy-electric-scooter-hoverboard-factory\/\",\"url\":\"https:\/\/www.rooderchina.com\/product\/electric-scooter-hoverboard-r807h-with-10-inch-off-road-xiaomi-wheel-front-rear-led-light-for-sale-from-rooder-technolgoy-electric-scooter-hoverboard-factory\/\",\"name\":\"electric scooter hoverboard r807h with 10 inch off road xiaomi wheel front rear led light for sale from Rooder technolgoy electric scooter hoverboard factory - Electric Scooters Bikes Citycoco Manufacturer\",\"isPartOf\":{\"@id\":\"https:\/\/www.rooderchina.com\/#website\"},\"datePublished\":\"2023-11-11T11:11:04+00:00\",\"dateModified\":\"2023-11-11T11:11:05+00:00\",\"breadcrumb\":{\"@id\":\"https:\/\/www.rooderchina.com\/product\/electric-scooter-hoverboard-r807h-with-10-inch-off-road-xiaomi-wheel-front-rear-led-light-for-sale-from-rooder-technolgoy-electric-scooter-hoverboard-factory\/#breadcrumb\"},\"inLanguage\":\"fr-FR\",\"potentialAction\":[{\"@type\":\"ReadAction\",\"target\":[\"https:\/\/www.rooderchina.com\/product\/electric-scooter-hoverboard-r807h-with-10-inch-off-road-xiaomi-wheel-front-rear-led-light-for-sale-from-rooder-technolgoy-electric-scooter-hoverboard-factory\/\"]}]},{\"@type\":\"BreadcrumbList\",\"@id\":\"https:\/\/www.rooderchina.com\/product\/electric-scooter-hoverboard-r807h-with-10-inch-off-road-xiaomi-wheel-front-rear-led-light-for-sale-from-rooder-technolgoy-electric-scooter-hoverboard-factory\/#breadcrumb\",\"itemListElement\":[{\"@type\":\"ListItem\",\"position\":1,\"name\":\"HOME\",\"item\":\"https:\/\/www.rooderchina.com\/\"},{\"@type\":\"ListItem\",\"position\":2,\"name\":\"Shop\",\"item\":\"https:\/\/www.rooderchina.com\/shop\/\"},{\"@type\":\"ListItem\",\"position\":3,\"name\":\"electric scooter hoverboard r807h with 10 inch off road xiaomi wheel front rear led light for sale from Rooder technolgoy electric scooter hoverboard factory\"}]},{\"@type\":\"WebSite\",\"@id\":\"https:\/\/www.rooderchina.com\/#website\",\"url\":\"https:\/\/www.rooderchina.com\/\",\"name\":\"Electric Scooters Bikes Citycoco Manufacturer\",\"description\":\"Rooder Technology Limited\",\"publisher\":{\"@id\":\"https:\/\/www.rooderchina.com\/#organization\"},\"potentialAction\":[{\"@type\":\"SearchAction\",\"target\":{\"@type\":\"EntryPoint\",\"urlTemplate\":\"https:\/\/www.rooderchina.com\/?s={search_term_string}\"},\"query-input\":\"required name=search_term_string\"}],\"inLanguage\":\"fr-FR\"},{\"@type\":\"Organization\",\"@id\":\"https:\/\/www.rooderchina.com\/#organization\",\"name\":\"Electric Scooters Bikes Citycoco Manufacturer\",\"url\":\"https:\/\/www.rooderchina.com\/\",\"logo\":{\"@type\":\"ImageObject\",\"inLanguage\":\"fr-FR\",\"@id\":\"https:\/\/www.rooderchina.com\/#\/schema\/logo\/image\/\",\"url\":\"https:\/\/www.rooderchina.com\/wp-content\/uploads\/2023\/12\/rooder2.jpg\",\"contentUrl\":\"https:\/\/www.rooderchina.com\/wp-content\/uploads\/2023\/12\/rooder2.jpg\",\"width\":1723,\"height\":1037,\"caption\":\"Electric Scooters Bikes Citycoco Manufacturer\"},\"image\":{\"@id\":\"https:\/\/www.rooderchina.com\/#\/schema\/logo\/image\/\"},\"sameAs\":[\"https:\/\/www.facebook.com\/rooder.tec\",\"https:\/\/twitter.com\/RooderTec\"]}]}<\/script>\n<!-- \/ Yoast SEO plugin. -->","yoast_head_json":{"title":"electric scooter hoverboard r807h with 10 inch off road xiaomi wheel front rear led light for sale from Rooder technolgoy electric scooter hoverboard factory - Electric Scooters Bikes Citycoco Manufacturer","robots":{"index":"index","follow":"follow","max-snippet":"max-snippet:-1","max-image-preview":"max-image-preview:large","max-video-preview":"max-video-preview:-1"},"canonical":"https:\/\/www.rooderchina.com\/fr\/produit\/electric-scooter-hoverboard-r807h-with-10-inch-off-road-xiaomi-wheel-front-rear-led-light-for-sale-from-rooder-technolgoy-electric-scooter-hoverboard-factory\/","og_locale":"fr_FR","og_type":"article","og_title":"electric scooter hoverboard r807h with 10 inch off road xiaomi wheel front rear led light for sale from Rooder technolgoy electric scooter hoverboard factory - Electric Scooters Bikes Citycoco Manufacturer","og_description":"Short Description: wholesale high quality low price\u00a0electric scooter hoverboard, buy\u00a0electric scooter hoverboard from Rooder\u00a0electric scooter hoverboard supplier factory manufacturer exporter company on www.RooderChina.com 10.5 inch off road tire all terrain front and rear led lights taotao app bluetooth    Brand: OEM\/ODM\/ROODER   Min.Order Quantity: 10 Piece\/Pieces   Supply Ability: 10000 Piece\/Pieces per Month   Port: Shenzhen   Payment Terms: T\/T, L\/C, D\/A, D\/P","og_url":"https:\/\/www.rooderchina.com\/fr\/produit\/electric-scooter-hoverboard-r807h-with-10-inch-off-road-xiaomi-wheel-front-rear-led-light-for-sale-from-rooder-technolgoy-electric-scooter-hoverboard-factory\/","og_site_name":"Electric Scooters Bikes Citycoco Manufacturer","article_publisher":"https:\/\/www.facebook.com\/rooder.tec","article_modified_time":"2023-11-11T11:11:05+00:00","og_image":[{"width":750,"height":750,"url":"https:\/\/www.rooderchina.com\/wp-content\/uploads\/2023\/11\/d9e52280.jpg","type":"image\/jpeg"}],"twitter_card":"summary_large_image","twitter_site":"@RooderTec","twitter_misc":{"Dur\u00e9e de lecture estim\u00e9e":"1 minute"},"schema":{"@context":"https:\/\/schema.org","@graph":[{"@type":"WebPage","@id":"https:\/\/www.rooderchina.com\/product\/electric-scooter-hoverboard-r807h-with-10-inch-off-road-xiaomi-wheel-front-rear-led-light-for-sale-from-rooder-technolgoy-electric-scooter-hoverboard-factory\/","url":"https:\/\/www.rooderchina.com\/product\/electric-scooter-hoverboard-r807h-with-10-inch-off-road-xiaomi-wheel-front-rear-led-light-for-sale-from-rooder-technolgoy-electric-scooter-hoverboard-factory\/","name":"electric scooter hoverboard r807h with 10 inch off road xiaomi wheel front rear led light for sale from Rooder technolgoy electric scooter hoverboard factory - Electric Scooters Bikes Citycoco Manufacturer","isPartOf":{"@id":"https:\/\/www.rooderchina.com\/#website"},"datePublished":"2023-11-11T11:11:04+00:00","dateModified":"2023-11-11T11:11:05+00:00","breadcrumb":{"@id":"https:\/\/www.rooderchina.com\/product\/electric-scooter-hoverboard-r807h-with-10-inch-off-road-xiaomi-wheel-front-rear-led-light-for-sale-from-rooder-technolgoy-electric-scooter-hoverboard-factory\/#breadcrumb"},"inLanguage":"fr-FR","potentialAction":[{"@type":"ReadAction","target":["https:\/\/www.rooderchina.com\/product\/electric-scooter-hoverboard-r807h-with-10-inch-off-road-xiaomi-wheel-front-rear-led-light-for-sale-from-rooder-technolgoy-electric-scooter-hoverboard-factory\/"]}]},{"@type":"BreadcrumbList","@id":"https:\/\/www.rooderchina.com\/product\/electric-scooter-hoverboard-r807h-with-10-inch-off-road-xiaomi-wheel-front-rear-led-light-for-sale-from-rooder-technolgoy-electric-scooter-hoverboard-factory\/#breadcrumb","itemListElement":[{"@type":"ListItem","position":1,"name":"HOME","item":"https:\/\/www.rooderchina.com\/"},{"@type":"ListItem","position":2,"name":"Shop","item":"https:\/\/www.rooderchina.com\/shop\/"},{"@type":"ListItem","position":3,"name":"electric scooter hoverboard r807h with 10 inch off road xiaomi wheel front rear led light for sale from Rooder technolgoy electric scooter hoverboard factory"}]},{"@type":"WebSite","@id":"https:\/\/www.rooderchina.com\/#website","url":"https:\/\/www.rooderchina.com\/","name":"Electric Scooters Bikes Citycoco Manufacturer","description":"Rooder Technology Limited","publisher":{"@id":"https:\/\/www.rooderchina.com\/#organization"},"potentialAction":[{"@type":"SearchAction","target":{"@type":"EntryPoint","urlTemplate":"https:\/\/www.rooderchina.com\/?s={search_term_string}"},"query-input":"required name=search_term_string"}],"inLanguage":"fr-FR"},{"@type":"Organization","@id":"https:\/\/www.rooderchina.com\/#organization","name":"Electric Scooters Bikes Citycoco Manufacturer","url":"https:\/\/www.rooderchina.com\/","logo":{"@type":"ImageObject","inLanguage":"fr-FR","@id":"https:\/\/www.rooderchina.com\/#\/schema\/logo\/image\/","url":"https:\/\/www.rooderchina.com\/wp-content\/uploads\/2023\/12\/rooder2.jpg","contentUrl":"https:\/\/www.rooderchina.com\/wp-content\/uploads\/2023\/12\/rooder2.jpg","width":1723,"height":1037,"caption":"Electric Scooters Bikes Citycoco Manufacturer"},"image":{"@id":"https:\/\/www.rooderchina.com\/#\/schema\/logo\/image\/"},"sameAs":["https:\/\/www.facebook.com\/rooder.tec","https:\/\/twitter.com\/RooderTec"]}]}},"_links":{"self":[{"href":"https:\/\/www.rooderchina.com\/fr\/wp-json\/wp\/v2\/product\/10382","targetHints":{"allow":["GET"]}}],"collection":[{"href":"https:\/\/www.rooderchina.com\/fr\/wp-json\/wp\/v2\/product"}],"about":[{"href":"https:\/\/www.rooderchina.com\/fr\/wp-json\/wp\/v2\/types\/product"}],"replies":[{"embeddable":true,"href":"https:\/\/www.rooderchina.com\/fr\/wp-json\/wp\/v2\/comments?post=10382"}],"version-history":[{"count":1,"href":"https:\/\/www.rooderchina.com\/fr\/wp-json\/wp\/v2\/product\/10382\/revisions"}],"predecessor-version":[{"id":10383,"href":"https:\/\/www.rooderchina.com\/fr\/wp-json\/wp\/v2\/product\/10382\/revisions\/10383"}],"wp:featuredmedia":[{"embeddable":true,"href":"https:\/\/www.rooderchina.com\/fr\/wp-json\/wp\/v2\/media\/10384"}],"wp:attachment":[{"href":"https:\/\/www.rooderchina.com\/fr\/wp-json\/wp\/v2\/media?parent=10382"}],"wp:term":[{"taxonomy":"product_brand","embeddable":true,"href":"https:\/\/www.rooderchina.com\/fr\/wp-json\/wp\/v2\/product_brand?post=10382"},{"taxonomy":"product_cat","embeddable":true,"href":"https:\/\/www.rooderchina.com\/fr\/wp-json\/wp\/v2\/product_cat?post=10382"},{"taxonomy":"product_tag","embeddable":true,"href":"https:\/\/www.rooderchina.com\/fr\/wp-json\/wp\/v2\/product_tag?post=10382"}],"curies":[{"name":"wp","href":"https:\/\/api.w.org\/{rel}","templated":true}]}}