{"id":10310,"date":"2023-11-11T19:10:00","date_gmt":"2023-11-11T11:10:00","guid":{"rendered":"http:\/\/www.rooderchina.com\/index.php\/product\/two-wheels-smart-self-balancing-scooters-r8-with-6-5-inch-smart-blance-wheel-lg-samsung-battery-bluetooth-bag-taotao-app-and-graffiti-camouflage-chrome-colors\/"},"modified":"2023-11-11T19:10:00","modified_gmt":"2023-11-11T11:10:00","slug":"two-wheels-smart-self-balancing-scooters-r8-with-6-5-inch-smart-blance-wheel-lg-samsung-battery-bluetooth-bag-taotao-app-and-graffiti-camouflage-chrome-colors","status":"publish","type":"product","link":"https:\/\/www.rooderchina.com\/fr\/produit\/two-wheels-smart-self-balancing-scooters-r8-with-6-5-inch-smart-blance-wheel-lg-samsung-battery-bluetooth-bag-taotao-app-and-graffiti-camouflage-chrome-colors\/","title":{"rendered":"scooter deux roues r8 avec roue de 6.5 pouces lg samsung batterie bluetooth sac taotao app et graffiti camouflage chrome couleurs"},"content":{"rendered":"<p>Currently our products range including: <a href=\"https:\/\/www.rooderchina.com\/fr\/tag\/two-wheels-smart-self-balancing-scooters\/\" title=\"Voir tous les messages dans deux roues smart self balancing scooters\" target=\"_blank\" rel=\"noopener\">two wheels smart self balancing scooters<\/a>, skateboard, bicycle and other similar products.<\/p>\n<p>it&#8217;s hot selling in Germany, Russia, Italy, Spain, Sweden, Swiss, Hungary, Romania, Finland, Holland, France, Norway, Austria, Israel, Australia, Hongkong, Brazil, Peru etc.<\/p>\n<p>Our factory has ISO9001 certificate. Balance scooter with CE FCC RoHS approve.<\/p>\n<p>Company principle is &#8220;Responsible for the customer, the staff, to be responsible for the society&#8221;.<\/p>\n<p>Welcome to be our customers, and grow with us.<\/p>\n<p>&nbsp;<\/p>\n<p><strong><a href=\"https:\/\/www.rooderchina.com\/fr\/tag\/two-wheels-smart-self-balancing-scooters\/\" title=\"Voir tous les messages dans deux roues smart self balancing scooters\" target=\"_blank\" rel=\"noopener\">two wheels smart self balancing scooters<\/a> r8 with 6.5 inch smart blance wheel lg samsung battery bluetooth bag taotao app and graffiti camouflage chrome colors<\/strong><\/p>\n<\/p>\n<p>&nbsp;<\/p>\n<p>model: r8<br \/>\ndim:584*186*178mm<br \/>\nnet weight:10kgs<br \/>\nground clearance :30mm<br \/>\nplatform height:110mm<br \/>\ntire size:6.5\u2033 170mm<br \/>\nmax load:100kgs<br \/>\nvitesse maximale autoris\u00e9e : 10km\/h<br \/>\nPort\u00e9e : 15-20 km<br \/>\nRayon de braquage minimal : 0<br \/>\nlimite maximale d'escalade : 15<br \/>\nbatterie:lithium-ion 36v 4.4ah samsung<br \/>\nTemp\u00e9rature d'utilisation : 0\u2103~40\u2103<br \/>\nTemp\u00e9rature de fonctionnement : -15\u2103~50\u2103<br \/>\nmoteur : 350w*2<br \/>\npower requirements:ac100-240v\/50-60hz<br \/>\nTemps de charge : 2-3h<br \/>\npacking carton: 65*25*25cm<br \/>\ngross weight: 12kg<br \/>\navailable color: black, white, red, blue, green and gold etc.<br \/>\noption : bluetooth \/ t\u00e9l\u00e9commande<\/p>\n<\/p>\n<p>&nbsp;<\/p>\n<p>1 pi\u00e8ce\/carton<br \/>\nnet weight:10kg<br \/>\ngw:12kg<br \/>\nproduct size:584*186*178mm<br \/>\ncarton size:65*25*25cm<br \/>\n0.045cbm\/piece<\/p>\n<p>&nbsp;<\/p>\n<p><span style=\"font-size: 13px;\">l'ordre des conteneurs :<\/span><\/p>\n<p>650pcs in 20gp<br \/>\n1390pcs in 40gp<br \/>\n1569pcs in 40hc<br \/>\ncode hs : 8711600010<\/p>\n<p>&nbsp;<\/p>","protected":false},"excerpt":{"rendered":"<h3>Description succincte :<\/h3>\n<p><p>Acheter des scooters \u00e0 deux roues intelligents et auto-\u00e9quilibrants de haute qualit\u00e9, prix bas, grossiste scooters \u00e0 deux roues intelligents et auto-\u00e9quilibrants du fournisseur de scooters \u00e0 deux roues intelligents et auto-\u00e9quilibrants Rooder, usine fabricant exportateur sur www.RooderChina.com.<\/p>\n<p>option :<br \/>\nBluetooth<br \/>\n\u00e0 distance<br \/>\nbatterie samsung<br \/>\napplication taotao<br \/>\nsac<br \/>\ngraffiti couleur<br \/>\ncouleur camouflage<br \/>\ncouleur chrome<\/p>\n<\/p>\n<p><\/p>\n<li><em>Marque : <\/em> OEM\/ODM\/ROODER<\/li>\n<li><em>Quantit\u00e9 minimale de commande : <\/em> 10 pi\u00e8ces\/pi\u00e8ces<\/li>\n<li><em>Capacit\u00e9 d'approvisionnement : <\/em> 10000 pi\u00e8ces par mois<\/li>\n<li><em>Port : <\/em> Shenzhen<\/li>\n<li><em>Conditions de paiement : <\/em> T\/T, L\/C, D\/A, D\/P<\/li>","protected":false},"featured_media":10312,"comment_status":"closed","ping_status":"open","template":"","meta":[],"product_brand":[],"product_cat":[556],"product_tag":[1066,1067,1068,1069,1070,1071,1072,1073,1074,1075,1076,1077,1078,1079,1080],"class_list":{"0":"post-10310","1":"product","2":"type-product","3":"status-publish","4":"has-post-thumbnail","6":"product_cat-others","7":"product_tag-2-wheel-hoverboard-for-sale","8":"product_tag-best-hoverboard-for-sale","9":"product_tag-best-hoverboard-price","10":"product_tag-best-price-hover-board","11":"product_tag-black-self-balancing-scooter","12":"product_tag-electric-hoverboard-cheap","13":"product_tag-hoverboard-for-sale-real","14":"product_tag-hoverboard-for-sale-white","15":"product_tag-hoverboard-segway-for-sale-cheap","16":"product_tag-new-hoover-board","17":"product_tag-original-hoverboard-for-sale","18":"product_tag-segway-hoverboard-for-sale-cheap","19":"product_tag-swegway","20":"product_tag-the-hoverboard-company","21":"product_tag-two-wheels-smart-self-balancing-scooters","23":"first","24":"instock","25":"product-type-simple"},"yoast_head":"<!-- This site is optimized with the Yoast SEO plugin v21.7 - https:\/\/yoast.com\/wordpress\/plugins\/seo\/ -->\n<title>two wheels smart self balancing scooters r8 with 6.5 inch smart blance wheel lg samsung battery bluetooth bag taotao app and graffiti camouflage chrome colors - Electric Scooters Bikes Citycoco Manufacturer<\/title>\n<meta name=\"robots\" content=\"index, follow, max-snippet:-1, max-image-preview:large, max-video-preview:-1\" \/>\n<link rel=\"canonical\" href=\"https:\/\/www.rooderchina.com\/fr\/produit\/two-wheels-smart-self-balancing-scooters-r8-with-6-5-inch-smart-blance-wheel-lg-samsung-battery-bluetooth-bag-taotao-app-and-graffiti-camouflage-chrome-colors\/\" \/>\n<meta property=\"og:locale\" content=\"fr_FR\" \/>\n<meta property=\"og:type\" content=\"article\" \/>\n<meta property=\"og:title\" content=\"two wheels smart self balancing scooters r8 with 6.5 inch smart blance wheel lg samsung battery bluetooth bag taotao app and graffiti camouflage chrome colors - Electric Scooters Bikes Citycoco Manufacturer\" \/>\n<meta property=\"og:description\" content=\"Short Description: Buy high quality cheap price two wheels smart self balancing scooters, wholesale\u00a0two wheels smart self balancing scooters from Rooder\u00a0two wheels smart self balancing scooters supplier factory manufacturer exporter company on www.RooderChina.com option: bluetooth remote samsung battery taotao app bag graffiti color camouflage color chrome colour    Brand: OEM\/ODM\/ROODER   Min.Order Quantity: 10 Piece\/Pieces   Supply Ability: 10000 Piece\/Pieces per Month   Port: Shenzhen   Payment Terms: T\/T, L\/C, D\/A, D\/P\" \/>\n<meta property=\"og:url\" content=\"https:\/\/www.rooderchina.com\/fr\/produit\/two-wheels-smart-self-balancing-scooters-r8-with-6-5-inch-smart-blance-wheel-lg-samsung-battery-bluetooth-bag-taotao-app-and-graffiti-camouflage-chrome-colors\/\" \/>\n<meta property=\"og:site_name\" content=\"Electric Scooters Bikes Citycoco Manufacturer\" \/>\n<meta property=\"article:publisher\" content=\"https:\/\/www.facebook.com\/rooder.tec\" \/>\n<meta property=\"og:image\" content=\"https:\/\/www.rooderchina.com\/wp-content\/uploads\/2023\/11\/f34c8ccf.jpg\" \/>\n\t<meta property=\"og:image:width\" content=\"750\" \/>\n\t<meta property=\"og:image:height\" content=\"750\" \/>\n\t<meta property=\"og:image:type\" content=\"image\/jpeg\" \/>\n<meta name=\"twitter:card\" content=\"summary_large_image\" \/>\n<meta name=\"twitter:site\" content=\"@RooderTec\" \/>\n<meta name=\"twitter:label1\" content=\"Dur\u00e9e de lecture estim\u00e9e\" \/>\n\t<meta name=\"twitter:data1\" content=\"1 minute\" \/>\n<script type=\"application\/ld+json\" class=\"yoast-schema-graph\">{\"@context\":\"https:\/\/schema.org\",\"@graph\":[{\"@type\":\"WebPage\",\"@id\":\"https:\/\/www.rooderchina.com\/product\/two-wheels-smart-self-balancing-scooters-r8-with-6-5-inch-smart-blance-wheel-lg-samsung-battery-bluetooth-bag-taotao-app-and-graffiti-camouflage-chrome-colors\/\",\"url\":\"https:\/\/www.rooderchina.com\/product\/two-wheels-smart-self-balancing-scooters-r8-with-6-5-inch-smart-blance-wheel-lg-samsung-battery-bluetooth-bag-taotao-app-and-graffiti-camouflage-chrome-colors\/\",\"name\":\"two wheels smart self balancing scooters r8 with 6.5 inch smart blance wheel lg samsung battery bluetooth bag taotao app and graffiti camouflage chrome colors - Electric Scooters Bikes Citycoco Manufacturer\",\"isPartOf\":{\"@id\":\"https:\/\/www.rooderchina.com\/#website\"},\"datePublished\":\"2023-11-11T11:10:00+00:00\",\"dateModified\":\"2023-11-11T11:10:00+00:00\",\"breadcrumb\":{\"@id\":\"https:\/\/www.rooderchina.com\/product\/two-wheels-smart-self-balancing-scooters-r8-with-6-5-inch-smart-blance-wheel-lg-samsung-battery-bluetooth-bag-taotao-app-and-graffiti-camouflage-chrome-colors\/#breadcrumb\"},\"inLanguage\":\"fr-FR\",\"potentialAction\":[{\"@type\":\"ReadAction\",\"target\":[\"https:\/\/www.rooderchina.com\/product\/two-wheels-smart-self-balancing-scooters-r8-with-6-5-inch-smart-blance-wheel-lg-samsung-battery-bluetooth-bag-taotao-app-and-graffiti-camouflage-chrome-colors\/\"]}]},{\"@type\":\"BreadcrumbList\",\"@id\":\"https:\/\/www.rooderchina.com\/product\/two-wheels-smart-self-balancing-scooters-r8-with-6-5-inch-smart-blance-wheel-lg-samsung-battery-bluetooth-bag-taotao-app-and-graffiti-camouflage-chrome-colors\/#breadcrumb\",\"itemListElement\":[{\"@type\":\"ListItem\",\"position\":1,\"name\":\"HOME\",\"item\":\"https:\/\/www.rooderchina.com\/\"},{\"@type\":\"ListItem\",\"position\":2,\"name\":\"Shop\",\"item\":\"https:\/\/www.rooderchina.com\/shop\/\"},{\"@type\":\"ListItem\",\"position\":3,\"name\":\"two wheels smart self balancing scooters r8 with 6.5 inch smart blance wheel lg samsung battery bluetooth bag taotao app and graffiti camouflage chrome colors\"}]},{\"@type\":\"WebSite\",\"@id\":\"https:\/\/www.rooderchina.com\/#website\",\"url\":\"https:\/\/www.rooderchina.com\/\",\"name\":\"Electric Scooters Bikes Citycoco Manufacturer\",\"description\":\"Rooder Technology Limited\",\"publisher\":{\"@id\":\"https:\/\/www.rooderchina.com\/#organization\"},\"potentialAction\":[{\"@type\":\"SearchAction\",\"target\":{\"@type\":\"EntryPoint\",\"urlTemplate\":\"https:\/\/www.rooderchina.com\/?s={search_term_string}\"},\"query-input\":\"required name=search_term_string\"}],\"inLanguage\":\"fr-FR\"},{\"@type\":\"Organization\",\"@id\":\"https:\/\/www.rooderchina.com\/#organization\",\"name\":\"Electric Scooters Bikes Citycoco Manufacturer\",\"url\":\"https:\/\/www.rooderchina.com\/\",\"logo\":{\"@type\":\"ImageObject\",\"inLanguage\":\"fr-FR\",\"@id\":\"https:\/\/www.rooderchina.com\/#\/schema\/logo\/image\/\",\"url\":\"https:\/\/www.rooderchina.com\/wp-content\/uploads\/2023\/12\/rooder2.jpg\",\"contentUrl\":\"https:\/\/www.rooderchina.com\/wp-content\/uploads\/2023\/12\/rooder2.jpg\",\"width\":1723,\"height\":1037,\"caption\":\"Electric Scooters Bikes Citycoco Manufacturer\"},\"image\":{\"@id\":\"https:\/\/www.rooderchina.com\/#\/schema\/logo\/image\/\"},\"sameAs\":[\"https:\/\/www.facebook.com\/rooder.tec\",\"https:\/\/twitter.com\/RooderTec\"]}]}<\/script>\n<!-- \/ Yoast SEO plugin. -->","yoast_head_json":{"title":"two wheels smart self balancing scooters r8 with 6.5 inch smart blance wheel lg samsung battery bluetooth bag taotao app and graffiti camouflage chrome colors - Electric Scooters Bikes Citycoco Manufacturer","robots":{"index":"index","follow":"follow","max-snippet":"max-snippet:-1","max-image-preview":"max-image-preview:large","max-video-preview":"max-video-preview:-1"},"canonical":"https:\/\/www.rooderchina.com\/fr\/produit\/two-wheels-smart-self-balancing-scooters-r8-with-6-5-inch-smart-blance-wheel-lg-samsung-battery-bluetooth-bag-taotao-app-and-graffiti-camouflage-chrome-colors\/","og_locale":"fr_FR","og_type":"article","og_title":"two wheels smart self balancing scooters r8 with 6.5 inch smart blance wheel lg samsung battery bluetooth bag taotao app and graffiti camouflage chrome colors - Electric Scooters Bikes Citycoco Manufacturer","og_description":"Short Description: Buy high quality cheap price two wheels smart self balancing scooters, wholesale\u00a0two wheels smart self balancing scooters from Rooder\u00a0two wheels smart self balancing scooters supplier factory manufacturer exporter company on www.RooderChina.com option: bluetooth remote samsung battery taotao app bag graffiti color camouflage color chrome colour    Brand: OEM\/ODM\/ROODER   Min.Order Quantity: 10 Piece\/Pieces   Supply Ability: 10000 Piece\/Pieces per Month   Port: Shenzhen   Payment Terms: T\/T, L\/C, D\/A, D\/P","og_url":"https:\/\/www.rooderchina.com\/fr\/produit\/two-wheels-smart-self-balancing-scooters-r8-with-6-5-inch-smart-blance-wheel-lg-samsung-battery-bluetooth-bag-taotao-app-and-graffiti-camouflage-chrome-colors\/","og_site_name":"Electric Scooters Bikes Citycoco Manufacturer","article_publisher":"https:\/\/www.facebook.com\/rooder.tec","og_image":[{"width":750,"height":750,"url":"https:\/\/www.rooderchina.com\/wp-content\/uploads\/2023\/11\/f34c8ccf.jpg","type":"image\/jpeg"}],"twitter_card":"summary_large_image","twitter_site":"@RooderTec","twitter_misc":{"Dur\u00e9e de lecture estim\u00e9e":"1 minute"},"schema":{"@context":"https:\/\/schema.org","@graph":[{"@type":"WebPage","@id":"https:\/\/www.rooderchina.com\/product\/two-wheels-smart-self-balancing-scooters-r8-with-6-5-inch-smart-blance-wheel-lg-samsung-battery-bluetooth-bag-taotao-app-and-graffiti-camouflage-chrome-colors\/","url":"https:\/\/www.rooderchina.com\/product\/two-wheels-smart-self-balancing-scooters-r8-with-6-5-inch-smart-blance-wheel-lg-samsung-battery-bluetooth-bag-taotao-app-and-graffiti-camouflage-chrome-colors\/","name":"two wheels smart self balancing scooters r8 with 6.5 inch smart blance wheel lg samsung battery bluetooth bag taotao app and graffiti camouflage chrome colors - Electric Scooters Bikes Citycoco Manufacturer","isPartOf":{"@id":"https:\/\/www.rooderchina.com\/#website"},"datePublished":"2023-11-11T11:10:00+00:00","dateModified":"2023-11-11T11:10:00+00:00","breadcrumb":{"@id":"https:\/\/www.rooderchina.com\/product\/two-wheels-smart-self-balancing-scooters-r8-with-6-5-inch-smart-blance-wheel-lg-samsung-battery-bluetooth-bag-taotao-app-and-graffiti-camouflage-chrome-colors\/#breadcrumb"},"inLanguage":"fr-FR","potentialAction":[{"@type":"ReadAction","target":["https:\/\/www.rooderchina.com\/product\/two-wheels-smart-self-balancing-scooters-r8-with-6-5-inch-smart-blance-wheel-lg-samsung-battery-bluetooth-bag-taotao-app-and-graffiti-camouflage-chrome-colors\/"]}]},{"@type":"BreadcrumbList","@id":"https:\/\/www.rooderchina.com\/product\/two-wheels-smart-self-balancing-scooters-r8-with-6-5-inch-smart-blance-wheel-lg-samsung-battery-bluetooth-bag-taotao-app-and-graffiti-camouflage-chrome-colors\/#breadcrumb","itemListElement":[{"@type":"ListItem","position":1,"name":"HOME","item":"https:\/\/www.rooderchina.com\/"},{"@type":"ListItem","position":2,"name":"Shop","item":"https:\/\/www.rooderchina.com\/shop\/"},{"@type":"ListItem","position":3,"name":"two wheels smart self balancing scooters r8 with 6.5 inch smart blance wheel lg samsung battery bluetooth bag taotao app and graffiti camouflage chrome colors"}]},{"@type":"WebSite","@id":"https:\/\/www.rooderchina.com\/#website","url":"https:\/\/www.rooderchina.com\/","name":"Electric Scooters Bikes Citycoco Manufacturer","description":"Rooder Technology Limited","publisher":{"@id":"https:\/\/www.rooderchina.com\/#organization"},"potentialAction":[{"@type":"SearchAction","target":{"@type":"EntryPoint","urlTemplate":"https:\/\/www.rooderchina.com\/?s={search_term_string}"},"query-input":"required name=search_term_string"}],"inLanguage":"fr-FR"},{"@type":"Organization","@id":"https:\/\/www.rooderchina.com\/#organization","name":"Electric Scooters Bikes Citycoco Manufacturer","url":"https:\/\/www.rooderchina.com\/","logo":{"@type":"ImageObject","inLanguage":"fr-FR","@id":"https:\/\/www.rooderchina.com\/#\/schema\/logo\/image\/","url":"https:\/\/www.rooderchina.com\/wp-content\/uploads\/2023\/12\/rooder2.jpg","contentUrl":"https:\/\/www.rooderchina.com\/wp-content\/uploads\/2023\/12\/rooder2.jpg","width":1723,"height":1037,"caption":"Electric Scooters Bikes Citycoco Manufacturer"},"image":{"@id":"https:\/\/www.rooderchina.com\/#\/schema\/logo\/image\/"},"sameAs":["https:\/\/www.facebook.com\/rooder.tec","https:\/\/twitter.com\/RooderTec"]}]}},"_links":{"self":[{"href":"https:\/\/www.rooderchina.com\/fr\/wp-json\/wp\/v2\/product\/10310","targetHints":{"allow":["GET"]}}],"collection":[{"href":"https:\/\/www.rooderchina.com\/fr\/wp-json\/wp\/v2\/product"}],"about":[{"href":"https:\/\/www.rooderchina.com\/fr\/wp-json\/wp\/v2\/types\/product"}],"replies":[{"embeddable":true,"href":"https:\/\/www.rooderchina.com\/fr\/wp-json\/wp\/v2\/comments?post=10310"}],"version-history":[{"count":1,"href":"https:\/\/www.rooderchina.com\/fr\/wp-json\/wp\/v2\/product\/10310\/revisions"}],"predecessor-version":[{"id":10311,"href":"https:\/\/www.rooderchina.com\/fr\/wp-json\/wp\/v2\/product\/10310\/revisions\/10311"}],"wp:featuredmedia":[{"embeddable":true,"href":"https:\/\/www.rooderchina.com\/fr\/wp-json\/wp\/v2\/media\/10312"}],"wp:attachment":[{"href":"https:\/\/www.rooderchina.com\/fr\/wp-json\/wp\/v2\/media?parent=10310"}],"wp:term":[{"taxonomy":"product_brand","embeddable":true,"href":"https:\/\/www.rooderchina.com\/fr\/wp-json\/wp\/v2\/product_brand?post=10310"},{"taxonomy":"product_cat","embeddable":true,"href":"https:\/\/www.rooderchina.com\/fr\/wp-json\/wp\/v2\/product_cat?post=10310"},{"taxonomy":"product_tag","embeddable":true,"href":"https:\/\/www.rooderchina.com\/fr\/wp-json\/wp\/v2\/product_tag?post=10310"}],"curies":[{"name":"wp","href":"https:\/\/api.w.org\/{rel}","templated":true}]}}