{"id":10206,"date":"2023-11-11T19:07:53","date_gmt":"2023-11-11T11:07:53","guid":{"rendered":"http:\/\/www.rooderchina.com\/index.php\/product\/mini-4-wheel-electric-skateboard-r800n-with-24v-lithium-battery-3kgs-only-wholesale-price\/"},"modified":"2023-11-20T01:44:35","modified_gmt":"2023-11-19T17:44:35","slug":"mini-4-wheel-electric-skateboard-r800n-with-24v-lithium-battery-3kgs-only-wholesale-price","status":"publish","type":"product","link":"https:\/\/www.rooderchina.com\/fr\/produit\/mini-4-wheel-electric-skateboard-r800n-with-24v-lithium-battery-3kgs-only-wholesale-price\/","title":{"rendered":"mini skateboard \u00e9lectrique 4 roues r800n avec batterie lithium 24v 3kgs seulement prix de gros"},"content":{"rendered":"<p>Nous sommes une entreprise avec plus de 5 ans d'exp\u00e9rience qui se sp\u00e9cialise dans la R&amp;D, la fabrication et la vente de produits en plastique, situ\u00e9e dans le district de Longhua, \u00e0 Shenzhen. Nous disposons d'une usine de plus de 3000 m\u00e8tres carr\u00e9s et d'un groupe de travailleurs comp\u00e9tents et exp\u00e9riment\u00e9s.<\/p>\n<p>En raison de l'expansion de la production, nous avons \u00e9largi le champ d'application de la loi sur la protection de l'environnement. <a href=\"https:\/\/www.rooderchina.com\/fr\/tag\/electric-skateboard-hoverboard\/\" title=\"View all posts in electric skateboard hoverboard\" target=\"_blank\" rel=\"noopener\">skateboard \u00e9lectrique hoverboard<\/a> Nous fournissons des scooters auto-\u00e9quilibr\u00e9s nouveaux et chauds aux clients du monde entier gr\u00e2ce \u00e0 nos prix d'usine comp\u00e9titifs. La capacit\u00e9 de production mensuelle est de plus de 10000 pi\u00e8ces. Tous nos produits sont certifi\u00e9s ROHS, CE, FCC, etc.<\/p>\n<p>Nous garantissons une excellente qualit\u00e9, des capacit\u00e9s tr\u00e8s efficaces et une production dans les d\u00e9lais. Pour r\u00e9pondre aux besoins de nos clients.<\/p>\n<p><strong>mini 4 roues <a href=\"https:\/\/www.rooderchina.com\/fr\/tag\/electric-skateboard\/\" title=\"View all posts in electric skateboard\" target=\"_blank\" rel=\"noopener\">skateboard \u00e9lectrique<\/a> r800n avec batterie lithium 24v 3kgs seulement prix de gros<\/strong><\/p>\n<\/p>\n<p>&nbsp;<\/p>\n<p>mod\u00e8le : r800n<br \/>\nkilom\u00e9trage : 10 km<br \/>\nvitesse maximale : 15km\/h<br \/>\ncapacit\u00e9 d'escalade : 18 degr\u00e9s<br \/>\ncharge maximale : 100 kg<br \/>\ntemp\u00e9rature de fonctionnement : -40 degr\u00e9s \u00e0 70 degr\u00e9s<br \/>\npuissance du moteur : 150w<br \/>\nbatterie : batterie lithium 24v 2.2ah.<br \/>\nTemps de charge : 1,5 heure<br \/>\ntemp\u00e9rature de chargement : 0-45 degr\u00e9s<br \/>\nprotection contre les surcharges : oui<br \/>\nchargeur : 90-240v 50-60hz<br \/>\ndimensions du v\u00e9hicule : 430*160cm<br \/>\ntype de pneu : pneus pleins pu<br \/>\ntaille du pneu : 72*51mm<br \/>\ntaille de l'emballage : 44cm*24cm*17cm<br \/>\nnw : 3kg, gw : 5kg<br \/>\nListe de colisage : skateboard, chargeur, t\u00e9l\u00e9commande<\/p>\n<p>1 pi\u00e8ce\/carton<br \/>\ntaille du carton : 44*24*17cm<br \/>\ngw:3kg, nw:5kg<br \/>\n0,018cbm\/pi\u00e8ce<\/p>\n<p>l'ordre des conteneurs :<br \/>\n1615pcs en 20gp<br \/>\n3454pcs en 40gp<br \/>\n389pcs en 40hc<\/p>","protected":false},"excerpt":{"rendered":"<h3>Description succincte :<\/h3>\n<p><p>grossiste scooter \u00e9lectrique 4 roues, trouver scooter \u00e9lectrique 4 roues de haute qualit\u00e9 prix bas de scooter \u00e9lectrique 4 roues usine fabricant fournisseur exportateur soci\u00e9t\u00e9 Rooder Technology Limited www.RooderChina.com<br \/>\nbatterie au lithium,<br \/>\nroues en pu,<br \/>\nMoteur 24v,<br \/>\n3kgs seulement,<br \/>\nsac \u00e0 dos skateboard<\/p>\n<p>&nbsp;<\/p>\n<\/p>\n<p><\/p>\n<li><em>Marque : <\/em> OEM\/ODM\/ROODER<\/li>\n<li><em>Quantit\u00e9 minimale de commande : <\/em> 10 pi\u00e8ces\/pi\u00e8ces<\/li>\n<li><em>Capacit\u00e9 d'approvisionnement : <\/em> 10000 pi\u00e8ces par mois<\/li>\n<li><em>Port : <\/em> Shenzhen<\/li>\n<li><em>Conditions de paiement : <\/em> T\/T, L\/C, D\/A, D\/P<\/li>","protected":false},"featured_media":10208,"comment_status":"closed","ping_status":"closed","template":"","meta":[],"product_brand":[],"product_cat":[556],"product_tag":[1028,1029,1030,650,1031,1032,1033,1034,1035],"class_list":{"0":"post-10206","1":"product","2":"type-product","3":"status-publish","4":"has-post-thumbnail","6":"product_cat-others","7":"product_tag-adult-electric-skateboard","8":"product_tag-electric-longboard-skateboard","9":"product_tag-electric-motor-skateboard","10":"product_tag-electric-skateboard","11":"product_tag-electric-skateboard-hoverboard","12":"product_tag-motor-skateboard","13":"product_tag-oem-electric-skateboard","14":"product_tag-skateboard-electric","15":"product_tag-skateboard-electric-scooter","17":"first","18":"instock","19":"product-type-simple"},"yoast_head":"<!-- This site is optimized with the Yoast SEO plugin v21.7 - https:\/\/yoast.com\/wordpress\/plugins\/seo\/ -->\n<title>mini 4 wheel electric skateboard r800n with 24v lithium battery 3kgs only wholesale price - Electric Scooters Bikes Citycoco Manufacturer<\/title>\n<meta name=\"robots\" content=\"index, follow, max-snippet:-1, max-image-preview:large, max-video-preview:-1\" \/>\n<link rel=\"canonical\" href=\"https:\/\/www.rooderchina.com\/fr\/produto\/mini-4-wheel-electric-skateboard-r800n-with-24v-lithium-battery-3kgs-only-wholesale-price\/\" \/>\n<meta property=\"og:locale\" content=\"fr_FR\" \/>\n<meta property=\"og:type\" content=\"article\" \/>\n<meta property=\"og:title\" content=\"mini 4 wheel electric skateboard r800n with 24v lithium battery 3kgs only wholesale price - Electric Scooters Bikes Citycoco Manufacturer\" \/>\n<meta property=\"og:description\" content=\"Short Description: wholesale 4 wheel electric scooter, find high quality cheap price 4 wheel electric scooter from 4 wheel electric scooter factory manufacturer supplier exporter company Rooder Technology Limited www.RooderChina.com lithium battery, pu wheels, 24v motor, 3kgs only, backpack skateboard &nbsp;    Brand: OEM\/ODM\/ROODER   Min.Order Quantity: 10 Piece\/Pieces   Supply Ability: 10000 Piece\/Pieces per Month   Port: Shenzhen   Payment Terms: T\/T, L\/C, D\/A, D\/P\" \/>\n<meta property=\"og:url\" content=\"https:\/\/www.rooderchina.com\/fr\/produto\/mini-4-wheel-electric-skateboard-r800n-with-24v-lithium-battery-3kgs-only-wholesale-price\/\" \/>\n<meta property=\"og:site_name\" content=\"Electric Scooters Bikes Citycoco Manufacturer\" \/>\n<meta property=\"article:publisher\" content=\"https:\/\/www.facebook.com\/rooder.tec\" \/>\n<meta property=\"article:modified_time\" content=\"2023-11-19T17:44:35+00:00\" \/>\n<meta property=\"og:image\" content=\"https:\/\/www.rooderchina.com\/wp-content\/uploads\/2023\/11\/2220c1f3.jpg\" \/>\n\t<meta property=\"og:image:width\" content=\"750\" \/>\n\t<meta property=\"og:image:height\" content=\"750\" \/>\n\t<meta property=\"og:image:type\" content=\"image\/jpeg\" \/>\n<meta name=\"twitter:card\" content=\"summary_large_image\" \/>\n<meta name=\"twitter:site\" content=\"@RooderTec\" \/>\n<meta name=\"twitter:label1\" content=\"Dur\u00e9e de lecture estim\u00e9e\" \/>\n\t<meta name=\"twitter:data1\" content=\"1 minute\" \/>\n<script type=\"application\/ld+json\" class=\"yoast-schema-graph\">{\"@context\":\"https:\/\/schema.org\",\"@graph\":[{\"@type\":\"WebPage\",\"@id\":\"https:\/\/www.rooderchina.com\/pt\/produto\/mini-4-wheel-electric-skateboard-r800n-with-24v-lithium-battery-3kgs-only-wholesale-price\/\",\"url\":\"https:\/\/www.rooderchina.com\/pt\/produto\/mini-4-wheel-electric-skateboard-r800n-with-24v-lithium-battery-3kgs-only-wholesale-price\/\",\"name\":\"mini 4 wheel electric skateboard r800n with 24v lithium battery 3kgs only wholesale price - Electric Scooters Bikes Citycoco Manufacturer\",\"isPartOf\":{\"@id\":\"https:\/\/www.rooderchina.com\/#website\"},\"datePublished\":\"2023-11-11T11:07:53+00:00\",\"dateModified\":\"2023-11-19T17:44:35+00:00\",\"breadcrumb\":{\"@id\":\"https:\/\/www.rooderchina.com\/pt\/produto\/mini-4-wheel-electric-skateboard-r800n-with-24v-lithium-battery-3kgs-only-wholesale-price\/#breadcrumb\"},\"inLanguage\":\"fr-FR\",\"potentialAction\":[{\"@type\":\"ReadAction\",\"target\":[\"https:\/\/www.rooderchina.com\/pt\/produto\/mini-4-wheel-electric-skateboard-r800n-with-24v-lithium-battery-3kgs-only-wholesale-price\/\"]}]},{\"@type\":\"BreadcrumbList\",\"@id\":\"https:\/\/www.rooderchina.com\/pt\/produto\/mini-4-wheel-electric-skateboard-r800n-with-24v-lithium-battery-3kgs-only-wholesale-price\/#breadcrumb\",\"itemListElement\":[{\"@type\":\"ListItem\",\"position\":1,\"name\":\"HOME\",\"item\":\"https:\/\/www.rooderchina.com\/\"},{\"@type\":\"ListItem\",\"position\":2,\"name\":\"Shop\",\"item\":\"https:\/\/www.rooderchina.com\/shop\/\"},{\"@type\":\"ListItem\",\"position\":3,\"name\":\"mini 4 wheel electric skateboard r800n with 24v lithium battery 3kgs only wholesale price\"}]},{\"@type\":\"WebSite\",\"@id\":\"https:\/\/www.rooderchina.com\/#website\",\"url\":\"https:\/\/www.rooderchina.com\/\",\"name\":\"Electric Scooters Bikes Citycoco Manufacturer\",\"description\":\"Rooder Technology Limited\",\"publisher\":{\"@id\":\"https:\/\/www.rooderchina.com\/#organization\"},\"potentialAction\":[{\"@type\":\"SearchAction\",\"target\":{\"@type\":\"EntryPoint\",\"urlTemplate\":\"https:\/\/www.rooderchina.com\/?s={search_term_string}\"},\"query-input\":\"required name=search_term_string\"}],\"inLanguage\":\"fr-FR\"},{\"@type\":\"Organization\",\"@id\":\"https:\/\/www.rooderchina.com\/#organization\",\"name\":\"Electric Scooters Bikes Citycoco Manufacturer\",\"url\":\"https:\/\/www.rooderchina.com\/\",\"logo\":{\"@type\":\"ImageObject\",\"inLanguage\":\"fr-FR\",\"@id\":\"https:\/\/www.rooderchina.com\/#\/schema\/logo\/image\/\",\"url\":\"https:\/\/www.rooderchina.com\/wp-content\/uploads\/2023\/12\/rooder2.jpg\",\"contentUrl\":\"https:\/\/www.rooderchina.com\/wp-content\/uploads\/2023\/12\/rooder2.jpg\",\"width\":1723,\"height\":1037,\"caption\":\"Electric Scooters Bikes Citycoco Manufacturer\"},\"image\":{\"@id\":\"https:\/\/www.rooderchina.com\/#\/schema\/logo\/image\/\"},\"sameAs\":[\"https:\/\/www.facebook.com\/rooder.tec\",\"https:\/\/twitter.com\/RooderTec\"]}]}<\/script>\n<!-- \/ Yoast SEO plugin. -->","yoast_head_json":{"title":"mini 4 wheel electric skateboard r800n with 24v lithium battery 3kgs only wholesale price - Electric Scooters Bikes Citycoco Manufacturer","robots":{"index":"index","follow":"follow","max-snippet":"max-snippet:-1","max-image-preview":"max-image-preview:large","max-video-preview":"max-video-preview:-1"},"canonical":"https:\/\/www.rooderchina.com\/fr\/produto\/mini-4-wheel-electric-skateboard-r800n-with-24v-lithium-battery-3kgs-only-wholesale-price\/","og_locale":"fr_FR","og_type":"article","og_title":"mini 4 wheel electric skateboard r800n with 24v lithium battery 3kgs only wholesale price - Electric Scooters Bikes Citycoco Manufacturer","og_description":"Short Description: wholesale 4 wheel electric scooter, find high quality cheap price 4 wheel electric scooter from 4 wheel electric scooter factory manufacturer supplier exporter company Rooder Technology Limited www.RooderChina.com lithium battery, pu wheels, 24v motor, 3kgs only, backpack skateboard &nbsp;    Brand: OEM\/ODM\/ROODER   Min.Order Quantity: 10 Piece\/Pieces   Supply Ability: 10000 Piece\/Pieces per Month   Port: Shenzhen   Payment Terms: T\/T, L\/C, D\/A, D\/P","og_url":"https:\/\/www.rooderchina.com\/fr\/produto\/mini-4-wheel-electric-skateboard-r800n-with-24v-lithium-battery-3kgs-only-wholesale-price\/","og_site_name":"Electric Scooters Bikes Citycoco Manufacturer","article_publisher":"https:\/\/www.facebook.com\/rooder.tec","article_modified_time":"2023-11-19T17:44:35+00:00","og_image":[{"width":750,"height":750,"url":"https:\/\/www.rooderchina.com\/wp-content\/uploads\/2023\/11\/2220c1f3.jpg","type":"image\/jpeg"}],"twitter_card":"summary_large_image","twitter_site":"@RooderTec","twitter_misc":{"Dur\u00e9e de lecture estim\u00e9e":"1 minute"},"schema":{"@context":"https:\/\/schema.org","@graph":[{"@type":"WebPage","@id":"https:\/\/www.rooderchina.com\/pt\/produto\/mini-4-wheel-electric-skateboard-r800n-with-24v-lithium-battery-3kgs-only-wholesale-price\/","url":"https:\/\/www.rooderchina.com\/pt\/produto\/mini-4-wheel-electric-skateboard-r800n-with-24v-lithium-battery-3kgs-only-wholesale-price\/","name":"mini 4 wheel electric skateboard r800n with 24v lithium battery 3kgs only wholesale price - Electric Scooters Bikes Citycoco Manufacturer","isPartOf":{"@id":"https:\/\/www.rooderchina.com\/#website"},"datePublished":"2023-11-11T11:07:53+00:00","dateModified":"2023-11-19T17:44:35+00:00","breadcrumb":{"@id":"https:\/\/www.rooderchina.com\/pt\/produto\/mini-4-wheel-electric-skateboard-r800n-with-24v-lithium-battery-3kgs-only-wholesale-price\/#breadcrumb"},"inLanguage":"fr-FR","potentialAction":[{"@type":"ReadAction","target":["https:\/\/www.rooderchina.com\/pt\/produto\/mini-4-wheel-electric-skateboard-r800n-with-24v-lithium-battery-3kgs-only-wholesale-price\/"]}]},{"@type":"BreadcrumbList","@id":"https:\/\/www.rooderchina.com\/pt\/produto\/mini-4-wheel-electric-skateboard-r800n-with-24v-lithium-battery-3kgs-only-wholesale-price\/#breadcrumb","itemListElement":[{"@type":"ListItem","position":1,"name":"HOME","item":"https:\/\/www.rooderchina.com\/"},{"@type":"ListItem","position":2,"name":"Shop","item":"https:\/\/www.rooderchina.com\/shop\/"},{"@type":"ListItem","position":3,"name":"mini 4 wheel electric skateboard r800n with 24v lithium battery 3kgs only wholesale price"}]},{"@type":"WebSite","@id":"https:\/\/www.rooderchina.com\/#website","url":"https:\/\/www.rooderchina.com\/","name":"Electric Scooters Bikes Citycoco Manufacturer","description":"Rooder Technology Limited","publisher":{"@id":"https:\/\/www.rooderchina.com\/#organization"},"potentialAction":[{"@type":"SearchAction","target":{"@type":"EntryPoint","urlTemplate":"https:\/\/www.rooderchina.com\/?s={search_term_string}"},"query-input":"required name=search_term_string"}],"inLanguage":"fr-FR"},{"@type":"Organization","@id":"https:\/\/www.rooderchina.com\/#organization","name":"Electric Scooters Bikes Citycoco Manufacturer","url":"https:\/\/www.rooderchina.com\/","logo":{"@type":"ImageObject","inLanguage":"fr-FR","@id":"https:\/\/www.rooderchina.com\/#\/schema\/logo\/image\/","url":"https:\/\/www.rooderchina.com\/wp-content\/uploads\/2023\/12\/rooder2.jpg","contentUrl":"https:\/\/www.rooderchina.com\/wp-content\/uploads\/2023\/12\/rooder2.jpg","width":1723,"height":1037,"caption":"Electric Scooters Bikes Citycoco Manufacturer"},"image":{"@id":"https:\/\/www.rooderchina.com\/#\/schema\/logo\/image\/"},"sameAs":["https:\/\/www.facebook.com\/rooder.tec","https:\/\/twitter.com\/RooderTec"]}]}},"_links":{"self":[{"href":"https:\/\/www.rooderchina.com\/fr\/wp-json\/wp\/v2\/product\/10206","targetHints":{"allow":["GET"]}}],"collection":[{"href":"https:\/\/www.rooderchina.com\/fr\/wp-json\/wp\/v2\/product"}],"about":[{"href":"https:\/\/www.rooderchina.com\/fr\/wp-json\/wp\/v2\/types\/product"}],"replies":[{"embeddable":true,"href":"https:\/\/www.rooderchina.com\/fr\/wp-json\/wp\/v2\/comments?post=10206"}],"version-history":[{"count":1,"href":"https:\/\/www.rooderchina.com\/fr\/wp-json\/wp\/v2\/product\/10206\/revisions"}],"predecessor-version":[{"id":10207,"href":"https:\/\/www.rooderchina.com\/fr\/wp-json\/wp\/v2\/product\/10206\/revisions\/10207"}],"wp:featuredmedia":[{"embeddable":true,"href":"https:\/\/www.rooderchina.com\/fr\/wp-json\/wp\/v2\/media\/10208"}],"wp:attachment":[{"href":"https:\/\/www.rooderchina.com\/fr\/wp-json\/wp\/v2\/media?parent=10206"}],"wp:term":[{"taxonomy":"product_brand","embeddable":true,"href":"https:\/\/www.rooderchina.com\/fr\/wp-json\/wp\/v2\/product_brand?post=10206"},{"taxonomy":"product_cat","embeddable":true,"href":"https:\/\/www.rooderchina.com\/fr\/wp-json\/wp\/v2\/product_cat?post=10206"},{"taxonomy":"product_tag","embeddable":true,"href":"https:\/\/www.rooderchina.com\/fr\/wp-json\/wp\/v2\/product_tag?post=10206"}],"curies":[{"name":"wp","href":"https:\/\/api.w.org\/{rel}","templated":true}]}}