{"id":10182,"date":"2023-11-11T19:06:39","date_gmt":"2023-11-11T11:06:39","guid":{"rendered":"http:\/\/www.rooderchina.com\/index.php\/product\/skateboard-electric-hoverboard-r800c-with-4-wheel-400w-motor-remote-control-for-adult\/"},"modified":"2023-11-20T01:44:42","modified_gmt":"2023-11-19T17:44:42","slug":"skateboard-electric-hoverboard-r800c-with-4-wheel-400w-motor-remote-control-for-adult","status":"publish","type":"product","link":"https:\/\/www.rooderchina.com\/fr\/produit\/skateboard-electric-hoverboard-r800c-with-4-wheel-400w-motor-remote-control-for-adult\/","title":{"rendered":"skateboard \u00e9lectrique hoverboard r800c avec 4 roues 400w moteur t\u00e9l\u00e9commande pour adulte"},"content":{"rendered":"<p>Nous sommes une entreprise \u00e0 \u00e9chelle unique sp\u00e9cialis\u00e9e dans la production, le d\u00e9veloppement de produits, la conception et la vente. Nos produits comprennent des bicyclettes \u00e9lectriques, <a href=\"https:\/\/www.rooderchina.com\/fr\/tag\/electric-skateboard-remote-control\/\" title=\"Voir tous les articles de la rubrique t\u00e9l\u00e9commande de skateboard \u00e9lectrique\" target=\"_blank\" rel=\"noopener\">t\u00e9l\u00e9commande pour skateboard \u00e9lectrique<\/a>les scooters \u00e9lectriques, etc. Les produits sont export\u00e9s vers les march\u00e9s d'outre-mer : \u00c9tats-Unis, Europe, Italie, Allemagne, France, Suisse, Su\u00e8de, Portugal, Cor\u00e9e du Sud, Australie, Malaisie, Japon et autres pays et r\u00e9gions.<\/p>\n<p>Depuis sa cr\u00e9ation, l'entreprise s'est concentr\u00e9e sur le d\u00e9veloppement et la gestion de produits de batteries au lithium. Elle a toujours adh\u00e9r\u00e9 \u00e0 la mission de l'entreprise \"\u00eatre \u00e0 la pointe du progr\u00e8s dans le domaine du lithium, r\u00e9ussir dans la qualit\u00e9\" et s'efforcer d'atteindre l'excellence professionnelle. Gr\u00e2ce \u00e0 un \u00e9quipement international de pointe et \u00e0 un excellent personnel de recherche et de d\u00e9veloppement, nous nous d\u00e9veloppons rapidement et devenons des entreprises de production professionnelle de v\u00e9hicules au lithium de premier plan sur le plan technique. Les applications des produits ont \u00e9galement permis d'obtenir des r\u00e9sultats remarquables dans l'industrie des v\u00e9hicules \u00e9lectriques.<\/p>\n<p><strong><a href=\"https:\/\/www.rooderchina.com\/fr\/tag\/skateboard-electric-hoverboard\/\" title=\"Voir tous les messages dans skateboard hoverboard \u00e9lectrique\" target=\"_blank\" rel=\"noopener\">skateboard hoverboard \u00e9lectrique<\/a> r800c avec 4 roues 400w moteur t\u00e9l\u00e9commande pour adulte<\/strong><\/p>\n<\/p>\n<p>&nbsp;<\/p>\n<p>mod\u00e8le:r800c<br \/>\nkilom\u00e9trage : 15 km<br \/>\nvitesse maximale : 25km\/h<br \/>\ncapacit\u00e9 d'escalade : 18 degr\u00e9s<br \/>\ncharge maximale : 150 kg<br \/>\ntemp\u00e9rature de fonctionnement : -40 degr\u00e9s \u00e0 70 degr\u00e9s<br \/>\npuissance du moteur de la roue : 400w*2<br \/>\nbatterie : batterie lithium 24v 4.4ah.<br \/>\nTemps de charge : 2 heures<br \/>\ntemp\u00e9rature de chargement : 0-45 degr\u00e9s<br \/>\nprotection contre les surcharges : oui<br \/>\nchargeur : 90-240v 50-60hz<br \/>\ndimensions du v\u00e9hicule : 90*21*11cm<br \/>\ntype de pneu : pneus pleins pu<br \/>\ntaille du pneu : 72*51mm<br \/>\ntaille de l'emballage : 92cm*25cm*17cm<br \/>\nnw : 6kg, gw : 8.5kg<br \/>\nListe de colisage : skateboard, chargeur, t\u00e9l\u00e9commande<\/p>\n<p>1 pi\u00e8ce\/carton<br \/>\nTaille du carton : 74*27*16cm<br \/>\ngw:3.8kg, nw:5.5kg<br \/>\n0,032cbm\/pi\u00e8ce<\/p>\n<p>l'ordre des conteneurs :<br \/>\n907pcs en 20gp<br \/>\n1939pcs en 40gp<br \/>\n2190pcs en 40hc<\/p>","protected":false},"excerpt":{"rendered":"<h3>Description succincte :<\/h3>\n<p><p>Trouvez des planches \u00e0 roulettes \u00e9lectriques de haute qualit\u00e9, des planches \u00e0 roulettes \u00e9lectriques en gros \u00e0 bas prix de Rooder China skateboard electric hoverboard supplier exporter company manufacturer factory sur www.RooderChina.com.<\/p>\n<p>Vitesse maximale de 25 km\/h,<br \/>\ncharge maximale de 150 kg,<br \/>\ndeux moteurs,<br \/>\nbatterie au lithium,<br \/>\nt\u00e9l\u00e9commande<\/p>\n<\/p>\n<p><\/p>\n<li><em>Marque : <\/em> OEM\/ODM\/ROODER<\/li>\n<li><em>Quantit\u00e9 minimale de commande : <\/em> 10 pi\u00e8ces\/pi\u00e8ces<\/li>\n<li><em>Capacit\u00e9 d'approvisionnement : <\/em> 10000 pi\u00e8ces par mois<\/li>\n<li><em>Port : <\/em> Shenzhen<\/li>\n<li><em>Conditions de paiement : <\/em> T\/T, L\/C, D\/A, D\/P<\/li>","protected":false},"featured_media":10184,"comment_status":"closed","ping_status":"closed","template":"","meta":[],"product_brand":[],"product_cat":[556],"product_tag":[1010,1011,1012,1013,1014,1015,1016,1017,1018],"class_list":{"0":"post-10182","1":"product","2":"type-product","3":"status-publish","4":"has-post-thumbnail","6":"product_cat-others","7":"product_tag-e-skateboard-wheels-motor","8":"product_tag-e-skateboard-with-remote-control","9":"product_tag-electric-skateboard-remote-control","10":"product_tag-electric-skateboard-wholesale","11":"product_tag-four-wheel-electric-skateboard","12":"product_tag-long-electric-skateboard","13":"product_tag-samsung-electric-skateboard","14":"product_tag-skateboard-electric-hoverboard","15":"product_tag-skateboard-with-remote-control","17":"first","18":"instock","19":"product-type-simple"},"yoast_head":"<!-- This site is optimized with the Yoast SEO plugin v21.7 - https:\/\/yoast.com\/wordpress\/plugins\/seo\/ -->\n<title>skateboard electric hoverboard r800c with 4 wheel 400w motor remote control for adult - Electric Scooters Bikes Citycoco Manufacturer<\/title>\n<meta name=\"robots\" content=\"index, follow, max-snippet:-1, max-image-preview:large, max-video-preview:-1\" \/>\n<link rel=\"canonical\" href=\"https:\/\/www.rooderchina.com\/fr\/produit\/skateboard-electric-hoverboard-r800c-with-4-wheel-400w-motor-remote-control-for-adult\/\" \/>\n<meta property=\"og:locale\" content=\"fr_FR\" \/>\n<meta property=\"og:type\" content=\"article\" \/>\n<meta property=\"og:title\" content=\"skateboard electric hoverboard r800c with 4 wheel 400w motor remote control for adult - Electric Scooters Bikes Citycoco Manufacturer\" \/>\n<meta property=\"og:description\" content=\"Short Description: find high quality\u00a0skateboard electric hoverboard, wholesale low price\u00a0skateboard electric hoverboard from Rooder China\u00a0skateboard electric hoverboard supplier exporter company manufacturer factory on www.RooderChina.com 25kmh max speed, max load 150kg, dual motors, lithium battery, remote control    Brand: OEM\/ODM\/ROODER   Min.Order Quantity: 10 Piece\/Pieces   Supply Ability: 10000 Piece\/Pieces per Month   Port: Shenzhen   Payment Terms: T\/T, L\/C, D\/A, D\/P\" \/>\n<meta property=\"og:url\" content=\"https:\/\/www.rooderchina.com\/fr\/produit\/skateboard-electric-hoverboard-r800c-with-4-wheel-400w-motor-remote-control-for-adult\/\" \/>\n<meta property=\"og:site_name\" content=\"Electric Scooters Bikes Citycoco Manufacturer\" \/>\n<meta property=\"article:publisher\" content=\"https:\/\/www.facebook.com\/rooder.tec\" \/>\n<meta property=\"article:modified_time\" content=\"2023-11-19T17:44:42+00:00\" \/>\n<meta property=\"og:image\" content=\"https:\/\/www.rooderchina.com\/wp-content\/uploads\/2023\/11\/672716bc.jpg\" \/>\n\t<meta property=\"og:image:width\" content=\"750\" \/>\n\t<meta property=\"og:image:height\" content=\"750\" \/>\n\t<meta property=\"og:image:type\" content=\"image\/jpeg\" \/>\n<meta name=\"twitter:card\" content=\"summary_large_image\" \/>\n<meta name=\"twitter:site\" content=\"@RooderTec\" \/>\n<meta name=\"twitter:label1\" content=\"Dur\u00e9e de lecture estim\u00e9e\" \/>\n\t<meta name=\"twitter:data1\" content=\"1 minute\" \/>\n<script type=\"application\/ld+json\" class=\"yoast-schema-graph\">{\"@context\":\"https:\/\/schema.org\",\"@graph\":[{\"@type\":\"WebPage\",\"@id\":\"https:\/\/www.rooderchina.com\/product\/skateboard-electric-hoverboard-r800c-with-4-wheel-400w-motor-remote-control-for-adult\/\",\"url\":\"https:\/\/www.rooderchina.com\/product\/skateboard-electric-hoverboard-r800c-with-4-wheel-400w-motor-remote-control-for-adult\/\",\"name\":\"skateboard electric hoverboard r800c with 4 wheel 400w motor remote control for adult - Electric Scooters Bikes Citycoco Manufacturer\",\"isPartOf\":{\"@id\":\"https:\/\/www.rooderchina.com\/#website\"},\"datePublished\":\"2023-11-11T11:06:39+00:00\",\"dateModified\":\"2023-11-19T17:44:42+00:00\",\"breadcrumb\":{\"@id\":\"https:\/\/www.rooderchina.com\/product\/skateboard-electric-hoverboard-r800c-with-4-wheel-400w-motor-remote-control-for-adult\/#breadcrumb\"},\"inLanguage\":\"fr-FR\",\"potentialAction\":[{\"@type\":\"ReadAction\",\"target\":[\"https:\/\/www.rooderchina.com\/product\/skateboard-electric-hoverboard-r800c-with-4-wheel-400w-motor-remote-control-for-adult\/\"]}]},{\"@type\":\"BreadcrumbList\",\"@id\":\"https:\/\/www.rooderchina.com\/product\/skateboard-electric-hoverboard-r800c-with-4-wheel-400w-motor-remote-control-for-adult\/#breadcrumb\",\"itemListElement\":[{\"@type\":\"ListItem\",\"position\":1,\"name\":\"HOME\",\"item\":\"https:\/\/www.rooderchina.com\/\"},{\"@type\":\"ListItem\",\"position\":2,\"name\":\"Shop\",\"item\":\"https:\/\/www.rooderchina.com\/shop\/\"},{\"@type\":\"ListItem\",\"position\":3,\"name\":\"skateboard electric hoverboard r800c with 4 wheel 400w motor remote control for adult\"}]},{\"@type\":\"WebSite\",\"@id\":\"https:\/\/www.rooderchina.com\/#website\",\"url\":\"https:\/\/www.rooderchina.com\/\",\"name\":\"Electric Scooters Bikes Citycoco Manufacturer\",\"description\":\"Rooder Technology Limited\",\"publisher\":{\"@id\":\"https:\/\/www.rooderchina.com\/#organization\"},\"potentialAction\":[{\"@type\":\"SearchAction\",\"target\":{\"@type\":\"EntryPoint\",\"urlTemplate\":\"https:\/\/www.rooderchina.com\/?s={search_term_string}\"},\"query-input\":\"required name=search_term_string\"}],\"inLanguage\":\"fr-FR\"},{\"@type\":\"Organization\",\"@id\":\"https:\/\/www.rooderchina.com\/#organization\",\"name\":\"Electric Scooters Bikes Citycoco Manufacturer\",\"url\":\"https:\/\/www.rooderchina.com\/\",\"logo\":{\"@type\":\"ImageObject\",\"inLanguage\":\"fr-FR\",\"@id\":\"https:\/\/www.rooderchina.com\/#\/schema\/logo\/image\/\",\"url\":\"https:\/\/www.rooderchina.com\/wp-content\/uploads\/2023\/12\/rooder2.jpg\",\"contentUrl\":\"https:\/\/www.rooderchina.com\/wp-content\/uploads\/2023\/12\/rooder2.jpg\",\"width\":1723,\"height\":1037,\"caption\":\"Electric Scooters Bikes Citycoco Manufacturer\"},\"image\":{\"@id\":\"https:\/\/www.rooderchina.com\/#\/schema\/logo\/image\/\"},\"sameAs\":[\"https:\/\/www.facebook.com\/rooder.tec\",\"https:\/\/twitter.com\/RooderTec\"]}]}<\/script>\n<!-- \/ Yoast SEO plugin. -->","yoast_head_json":{"title":"skateboard electric hoverboard r800c with 4 wheel 400w motor remote control for adult - Electric Scooters Bikes Citycoco Manufacturer","robots":{"index":"index","follow":"follow","max-snippet":"max-snippet:-1","max-image-preview":"max-image-preview:large","max-video-preview":"max-video-preview:-1"},"canonical":"https:\/\/www.rooderchina.com\/fr\/produit\/skateboard-electric-hoverboard-r800c-with-4-wheel-400w-motor-remote-control-for-adult\/","og_locale":"fr_FR","og_type":"article","og_title":"skateboard electric hoverboard r800c with 4 wheel 400w motor remote control for adult - Electric Scooters Bikes Citycoco Manufacturer","og_description":"Short Description: find high quality\u00a0skateboard electric hoverboard, wholesale low price\u00a0skateboard electric hoverboard from Rooder China\u00a0skateboard electric hoverboard supplier exporter company manufacturer factory on www.RooderChina.com 25kmh max speed, max load 150kg, dual motors, lithium battery, remote control    Brand: OEM\/ODM\/ROODER   Min.Order Quantity: 10 Piece\/Pieces   Supply Ability: 10000 Piece\/Pieces per Month   Port: Shenzhen   Payment Terms: T\/T, L\/C, D\/A, D\/P","og_url":"https:\/\/www.rooderchina.com\/fr\/produit\/skateboard-electric-hoverboard-r800c-with-4-wheel-400w-motor-remote-control-for-adult\/","og_site_name":"Electric Scooters Bikes Citycoco Manufacturer","article_publisher":"https:\/\/www.facebook.com\/rooder.tec","article_modified_time":"2023-11-19T17:44:42+00:00","og_image":[{"width":750,"height":750,"url":"https:\/\/www.rooderchina.com\/wp-content\/uploads\/2023\/11\/672716bc.jpg","type":"image\/jpeg"}],"twitter_card":"summary_large_image","twitter_site":"@RooderTec","twitter_misc":{"Dur\u00e9e de lecture estim\u00e9e":"1 minute"},"schema":{"@context":"https:\/\/schema.org","@graph":[{"@type":"WebPage","@id":"https:\/\/www.rooderchina.com\/product\/skateboard-electric-hoverboard-r800c-with-4-wheel-400w-motor-remote-control-for-adult\/","url":"https:\/\/www.rooderchina.com\/product\/skateboard-electric-hoverboard-r800c-with-4-wheel-400w-motor-remote-control-for-adult\/","name":"skateboard electric hoverboard r800c with 4 wheel 400w motor remote control for adult - Electric Scooters Bikes Citycoco Manufacturer","isPartOf":{"@id":"https:\/\/www.rooderchina.com\/#website"},"datePublished":"2023-11-11T11:06:39+00:00","dateModified":"2023-11-19T17:44:42+00:00","breadcrumb":{"@id":"https:\/\/www.rooderchina.com\/product\/skateboard-electric-hoverboard-r800c-with-4-wheel-400w-motor-remote-control-for-adult\/#breadcrumb"},"inLanguage":"fr-FR","potentialAction":[{"@type":"ReadAction","target":["https:\/\/www.rooderchina.com\/product\/skateboard-electric-hoverboard-r800c-with-4-wheel-400w-motor-remote-control-for-adult\/"]}]},{"@type":"BreadcrumbList","@id":"https:\/\/www.rooderchina.com\/product\/skateboard-electric-hoverboard-r800c-with-4-wheel-400w-motor-remote-control-for-adult\/#breadcrumb","itemListElement":[{"@type":"ListItem","position":1,"name":"HOME","item":"https:\/\/www.rooderchina.com\/"},{"@type":"ListItem","position":2,"name":"Shop","item":"https:\/\/www.rooderchina.com\/shop\/"},{"@type":"ListItem","position":3,"name":"skateboard electric hoverboard r800c with 4 wheel 400w motor remote control for adult"}]},{"@type":"WebSite","@id":"https:\/\/www.rooderchina.com\/#website","url":"https:\/\/www.rooderchina.com\/","name":"Electric Scooters Bikes Citycoco Manufacturer","description":"Rooder Technology Limited","publisher":{"@id":"https:\/\/www.rooderchina.com\/#organization"},"potentialAction":[{"@type":"SearchAction","target":{"@type":"EntryPoint","urlTemplate":"https:\/\/www.rooderchina.com\/?s={search_term_string}"},"query-input":"required name=search_term_string"}],"inLanguage":"fr-FR"},{"@type":"Organization","@id":"https:\/\/www.rooderchina.com\/#organization","name":"Electric Scooters Bikes Citycoco Manufacturer","url":"https:\/\/www.rooderchina.com\/","logo":{"@type":"ImageObject","inLanguage":"fr-FR","@id":"https:\/\/www.rooderchina.com\/#\/schema\/logo\/image\/","url":"https:\/\/www.rooderchina.com\/wp-content\/uploads\/2023\/12\/rooder2.jpg","contentUrl":"https:\/\/www.rooderchina.com\/wp-content\/uploads\/2023\/12\/rooder2.jpg","width":1723,"height":1037,"caption":"Electric Scooters Bikes Citycoco Manufacturer"},"image":{"@id":"https:\/\/www.rooderchina.com\/#\/schema\/logo\/image\/"},"sameAs":["https:\/\/www.facebook.com\/rooder.tec","https:\/\/twitter.com\/RooderTec"]}]}},"_links":{"self":[{"href":"https:\/\/www.rooderchina.com\/fr\/wp-json\/wp\/v2\/product\/10182","targetHints":{"allow":["GET"]}}],"collection":[{"href":"https:\/\/www.rooderchina.com\/fr\/wp-json\/wp\/v2\/product"}],"about":[{"href":"https:\/\/www.rooderchina.com\/fr\/wp-json\/wp\/v2\/types\/product"}],"replies":[{"embeddable":true,"href":"https:\/\/www.rooderchina.com\/fr\/wp-json\/wp\/v2\/comments?post=10182"}],"version-history":[{"count":1,"href":"https:\/\/www.rooderchina.com\/fr\/wp-json\/wp\/v2\/product\/10182\/revisions"}],"predecessor-version":[{"id":10183,"href":"https:\/\/www.rooderchina.com\/fr\/wp-json\/wp\/v2\/product\/10182\/revisions\/10183"}],"wp:featuredmedia":[{"embeddable":true,"href":"https:\/\/www.rooderchina.com\/fr\/wp-json\/wp\/v2\/media\/10184"}],"wp:attachment":[{"href":"https:\/\/www.rooderchina.com\/fr\/wp-json\/wp\/v2\/media?parent=10182"}],"wp:term":[{"taxonomy":"product_brand","embeddable":true,"href":"https:\/\/www.rooderchina.com\/fr\/wp-json\/wp\/v2\/product_brand?post=10182"},{"taxonomy":"product_cat","embeddable":true,"href":"https:\/\/www.rooderchina.com\/fr\/wp-json\/wp\/v2\/product_cat?post=10182"},{"taxonomy":"product_tag","embeddable":true,"href":"https:\/\/www.rooderchina.com\/fr\/wp-json\/wp\/v2\/product_tag?post=10182"}],"curies":[{"name":"wp","href":"https:\/\/api.w.org\/{rel}","templated":true}]}}