{"id":9995,"date":"2023-11-11T18:56:08","date_gmt":"2023-11-11T10:56:08","guid":{"rendered":"http:\/\/www.rooderchina.com\/index.php\/product\/2-wheel-hoverboard-r808-with-off-rod-all-terrain-smart-wheels-lithium-battery-auto-balance-pull-rod-dual-bluetooth-speaker\/"},"modified":"2023-11-11T18:56:25","modified_gmt":"2023-11-11T10:56:25","slug":"2-wheel-hoverboard-r808-with-off-rod-all-terrain-smart-wheels-lithium-battery-auto-balance-pull-rod-dual-bluetooth-speaker","status":"publish","type":"product","link":"https:\/\/www.rooderchina.com\/es\/producto\/2-wheel-hoverboard-r808-with-off-rod-all-terrain-smart-wheels-lithium-battery-auto-balance-pull-rod-dual-bluetooth-speaker\/","title":{"rendered":"2 ruedas hoverboard r808 con off rod todo terreno smart wheels bater\u00eda de litio auto balance pull rod dual bluetooth speaker"},"content":{"rendered":"<p>we are a manufacturer of electric bike, electric scooter, electric skateboard with well-equipped testing facilities and strong technical force.<\/p>\n<p>With a wide range, good quality, reasonable prices and stylish designs, our products are extensively used in electric bike and other industries.<\/p>\n<p>Our products are widely recognized and trusted by users and can meet continuously changing economic and social needs.<\/p>\n<p>Damos la bienvenida a nuevos y viejos clientes de todos los \u00e1mbitos de la vida para ponerse en contacto con nosotros para futuras relaciones comerciales y el \u00e9xito mutuo.<\/p>\n<p><strong><a href=\"https:\/\/www.rooderchina.com\/es\/tag\/2-wheel-hoverboard\/\" title=\"View all posts in 2 wheel hoverboard\" target=\"_blank\" rel=\"noopener\">hoverboard de 2 ruedas<\/a> r808 with off rod all terrain smart wheels lithium battery auto balance pull rod dual bluetooth speaker<\/strong><\/p>\n<\/p>\n<p>&nbsp;<\/p>\n<section>\n<section>\n<section>\n<section>\n<section>\n<section>modelo: r808<br \/>\npeso neto:14kgs<br \/>\ntama\u00f1o del neum\u00e1tico:8.5\u2033<br \/>\ncarga m\u00e1xima:120kgs<br \/>\nl\u00edmite de velocidad m\u00e1xima:12km\/h<br \/>\nalcance:10-15km<br \/>\nradio de giro m\u00ednimo:0<br \/>\nl\u00edmite m\u00e1ximo de ascenso:15<br \/>\nbater\u00eda: samsung de i\u00f3n-litio 36v 4,4ah extra\u00edble<br \/>\nTemperatura de carga:0\u2103~40\u2103<br \/>\nTemperatura de funcionamiento:-15\u2103~50\u2103<br \/>\nmotor: 350w*2<br \/>\npower requirements:ac100-240v\/50-60hz<br \/>\ntiempo de carga:2-3h<br \/>\nembalaje cart\u00f3n: 77*29*33cm<br \/>\npeso bruto: 16 kg<br \/>\noption: bluetooth \/ remote control \/ pull rod \/ app1piece\/carton<br \/>\npeso neto:14kg<br \/>\ngw:16kg<br \/>\nTama\u00f1o de la caja:73*26*28cm<br \/>\n0,047cbm\/pieza<\/p>\n<p>orden de los contenedores:<br \/>\n623pcs en 20gp<br \/>\n1331pcs en 40gp<br \/>\n1503pcs en 40hc<\/p>\n<\/section>\n<\/section>\n<\/section>\n<\/section>\n<\/section>\n<\/section>","protected":false},"excerpt":{"rendered":"<h3>Breve descripci\u00f3n:<\/h3>\n<p><p>encontrar alta calidad bajo precio hoverboard scooter el\u00e9ctrico, venta al por mayor hoverboard scooter el\u00e9ctrico de Rooder hoverboard scooter el\u00e9ctrico proveedor f\u00e1brica exportador empresa fabricante en www.RooderChina.com<\/p>\n<p>todo terreno,<br \/>\n8,5 pulgadas,<br \/>\ndoble altavoz bluetooth,<br \/>\nauto balance.<br \/>\napp,<br \/>\ntirar de la barra,<br \/>\nbater\u00eda samsung<\/p>\n<\/p>\n<p><\/p>\n<li><em>Marca: <\/em> OEM\/ODM\/RODER<\/li>\n<li><em>Cantidad m\u00ednima de pedido: <\/em> 10 piezas\/piezas<\/li>\n<li><em>Capacidad de suministro: <\/em> 10000 piezas por mes<\/li>\n<li><em>Puerto: <\/em> Shenzhen<\/li>\n<li><em>Condiciones de pago: <\/em> T\/T, L\/C, D\/A, D\/P<\/li>","protected":false},"featured_media":9997,"comment_status":"closed","ping_status":"open","template":"","meta":[],"product_brand":[],"product_cat":[556],"product_tag":[910,911,912,913,914,915,916,727,917,918,919,653],"class_list":{"0":"post-9995","1":"product","2":"type-product","3":"status-publish","4":"has-post-thumbnail","6":"product_cat-others","7":"product_tag-2-wheel-hoverboard","8":"product_tag-bluetooth-scooter-hoverboard","9":"product_tag-dropshipping-scooter-hoverboard-r2","10":"product_tag-electric-scooter-balancing-hoverboard","11":"product_tag-hoverboard-10-inch-scooter","12":"product_tag-hoverboard-electric-scooter","13":"product_tag-hoverboard-electric-skateboard-scooter","14":"product_tag-hoverboard-scooter","15":"product_tag-hoverboard-scooter-1000w","16":"product_tag-hoverboard-scooterhoverboard-electrical","17":"product_tag-lowest-price-hoverboard-scooter","18":"product_tag-scooter-hoverboard","20":"first","21":"instock","22":"product-type-simple"},"yoast_head":"<!-- This site is optimized with the Yoast SEO plugin v21.7 - https:\/\/yoast.com\/wordpress\/plugins\/seo\/ -->\n<title>2 wheel hoverboard r808 with off rod all terrain smart wheels lithium battery auto balance pull rod dual bluetooth speaker - Electric Scooters Bikes Citycoco Manufacturer<\/title>\n<meta name=\"robots\" content=\"index, follow, max-snippet:-1, max-image-preview:large, max-video-preview:-1\" \/>\n<link rel=\"canonical\" href=\"https:\/\/www.rooderchina.com\/es\/producto\/2-wheel-hoverboard-r808-with-off-rod-all-terrain-smart-wheels-lithium-battery-auto-balance-pull-rod-dual-bluetooth-speaker\/\" \/>\n<meta property=\"og:locale\" content=\"es_ES\" \/>\n<meta property=\"og:type\" content=\"article\" \/>\n<meta property=\"og:title\" content=\"2 wheel hoverboard r808 with off rod all terrain smart wheels lithium battery auto balance pull rod dual bluetooth speaker - Electric Scooters Bikes Citycoco Manufacturer\" \/>\n<meta property=\"og:description\" content=\"Short Description: find high quality low price\u00a0hoverboard electric scooter, wholesale\u00a0hoverboard electric scooter from Rooder\u00a0hoverboard electric scooter supplier factory exporter company manufacturer on www.RooderChina.com all terrain, 8.5 inch, dual bluetooth speaker, auto balance. app, pull rod, samsung battery    Brand: OEM\/ODM\/ROODER   Min.Order Quantity: 10 Piece\/Pieces   Supply Ability: 10000 Piece\/Pieces per Month   Port: Shenzhen   Payment Terms: T\/T, L\/C, D\/A, D\/P\" \/>\n<meta property=\"og:url\" content=\"https:\/\/www.rooderchina.com\/es\/producto\/2-wheel-hoverboard-r808-with-off-rod-all-terrain-smart-wheels-lithium-battery-auto-balance-pull-rod-dual-bluetooth-speaker\/\" \/>\n<meta property=\"og:site_name\" content=\"Electric Scooters Bikes Citycoco Manufacturer\" \/>\n<meta property=\"article:publisher\" content=\"https:\/\/www.facebook.com\/rooder.tec\" \/>\n<meta property=\"article:modified_time\" content=\"2023-11-11T10:56:25+00:00\" \/>\n<meta property=\"og:image\" content=\"https:\/\/www.rooderchina.com\/wp-content\/uploads\/2023\/11\/16ad1f9f.jpg\" \/>\n\t<meta property=\"og:image:width\" content=\"750\" \/>\n\t<meta property=\"og:image:height\" content=\"750\" \/>\n\t<meta property=\"og:image:type\" content=\"image\/jpeg\" \/>\n<meta name=\"twitter:card\" content=\"summary_large_image\" \/>\n<meta name=\"twitter:site\" content=\"@RooderTec\" \/>\n<meta name=\"twitter:label1\" content=\"Tiempo de lectura\" \/>\n\t<meta name=\"twitter:data1\" content=\"1 minuto\" \/>\n<script type=\"application\/ld+json\" class=\"yoast-schema-graph\">{\"@context\":\"https:\/\/schema.org\",\"@graph\":[{\"@type\":\"WebPage\",\"@id\":\"https:\/\/www.rooderchina.com\/product\/2-wheel-hoverboard-r808-with-off-rod-all-terrain-smart-wheels-lithium-battery-auto-balance-pull-rod-dual-bluetooth-speaker\/\",\"url\":\"https:\/\/www.rooderchina.com\/product\/2-wheel-hoverboard-r808-with-off-rod-all-terrain-smart-wheels-lithium-battery-auto-balance-pull-rod-dual-bluetooth-speaker\/\",\"name\":\"2 wheel hoverboard r808 with off rod all terrain smart wheels lithium battery auto balance pull rod dual bluetooth speaker - Electric Scooters Bikes Citycoco Manufacturer\",\"isPartOf\":{\"@id\":\"https:\/\/www.rooderchina.com\/#website\"},\"datePublished\":\"2023-11-11T10:56:08+00:00\",\"dateModified\":\"2023-11-11T10:56:25+00:00\",\"breadcrumb\":{\"@id\":\"https:\/\/www.rooderchina.com\/product\/2-wheel-hoverboard-r808-with-off-rod-all-terrain-smart-wheels-lithium-battery-auto-balance-pull-rod-dual-bluetooth-speaker\/#breadcrumb\"},\"inLanguage\":\"es-AR\",\"potentialAction\":[{\"@type\":\"ReadAction\",\"target\":[\"https:\/\/www.rooderchina.com\/product\/2-wheel-hoverboard-r808-with-off-rod-all-terrain-smart-wheels-lithium-battery-auto-balance-pull-rod-dual-bluetooth-speaker\/\"]}]},{\"@type\":\"BreadcrumbList\",\"@id\":\"https:\/\/www.rooderchina.com\/product\/2-wheel-hoverboard-r808-with-off-rod-all-terrain-smart-wheels-lithium-battery-auto-balance-pull-rod-dual-bluetooth-speaker\/#breadcrumb\",\"itemListElement\":[{\"@type\":\"ListItem\",\"position\":1,\"name\":\"HOME\",\"item\":\"https:\/\/www.rooderchina.com\/\"},{\"@type\":\"ListItem\",\"position\":2,\"name\":\"Shop\",\"item\":\"https:\/\/www.rooderchina.com\/shop\/\"},{\"@type\":\"ListItem\",\"position\":3,\"name\":\"2 wheel hoverboard r808 with off rod all terrain smart wheels lithium battery auto balance pull rod dual bluetooth speaker\"}]},{\"@type\":\"WebSite\",\"@id\":\"https:\/\/www.rooderchina.com\/#website\",\"url\":\"https:\/\/www.rooderchina.com\/\",\"name\":\"Electric Scooters Bikes Citycoco Manufacturer\",\"description\":\"Rooder Technology Limited\",\"publisher\":{\"@id\":\"https:\/\/www.rooderchina.com\/#organization\"},\"potentialAction\":[{\"@type\":\"SearchAction\",\"target\":{\"@type\":\"EntryPoint\",\"urlTemplate\":\"https:\/\/www.rooderchina.com\/?s={search_term_string}\"},\"query-input\":\"required name=search_term_string\"}],\"inLanguage\":\"es-AR\"},{\"@type\":\"Organization\",\"@id\":\"https:\/\/www.rooderchina.com\/#organization\",\"name\":\"Electric Scooters Bikes Citycoco Manufacturer\",\"url\":\"https:\/\/www.rooderchina.com\/\",\"logo\":{\"@type\":\"ImageObject\",\"inLanguage\":\"es-AR\",\"@id\":\"https:\/\/www.rooderchina.com\/#\/schema\/logo\/image\/\",\"url\":\"https:\/\/www.rooderchina.com\/wp-content\/uploads\/2023\/12\/rooder2.jpg\",\"contentUrl\":\"https:\/\/www.rooderchina.com\/wp-content\/uploads\/2023\/12\/rooder2.jpg\",\"width\":1723,\"height\":1037,\"caption\":\"Electric Scooters Bikes Citycoco Manufacturer\"},\"image\":{\"@id\":\"https:\/\/www.rooderchina.com\/#\/schema\/logo\/image\/\"},\"sameAs\":[\"https:\/\/www.facebook.com\/rooder.tec\",\"https:\/\/twitter.com\/RooderTec\"]}]}<\/script>\n<!-- \/ Yoast SEO plugin. -->","yoast_head_json":{"title":"2 wheel hoverboard r808 with off rod all terrain smart wheels lithium battery auto balance pull rod dual bluetooth speaker - Electric Scooters Bikes Citycoco Manufacturer","robots":{"index":"index","follow":"follow","max-snippet":"max-snippet:-1","max-image-preview":"max-image-preview:large","max-video-preview":"max-video-preview:-1"},"canonical":"https:\/\/www.rooderchina.com\/es\/producto\/2-wheel-hoverboard-r808-with-off-rod-all-terrain-smart-wheels-lithium-battery-auto-balance-pull-rod-dual-bluetooth-speaker\/","og_locale":"es_ES","og_type":"article","og_title":"2 wheel hoverboard r808 with off rod all terrain smart wheels lithium battery auto balance pull rod dual bluetooth speaker - Electric Scooters Bikes Citycoco Manufacturer","og_description":"Short Description: find high quality low price\u00a0hoverboard electric scooter, wholesale\u00a0hoverboard electric scooter from Rooder\u00a0hoverboard electric scooter supplier factory exporter company manufacturer on www.RooderChina.com all terrain, 8.5 inch, dual bluetooth speaker, auto balance. app, pull rod, samsung battery    Brand: OEM\/ODM\/ROODER   Min.Order Quantity: 10 Piece\/Pieces   Supply Ability: 10000 Piece\/Pieces per Month   Port: Shenzhen   Payment Terms: T\/T, L\/C, D\/A, D\/P","og_url":"https:\/\/www.rooderchina.com\/es\/producto\/2-wheel-hoverboard-r808-with-off-rod-all-terrain-smart-wheels-lithium-battery-auto-balance-pull-rod-dual-bluetooth-speaker\/","og_site_name":"Electric Scooters Bikes Citycoco Manufacturer","article_publisher":"https:\/\/www.facebook.com\/rooder.tec","article_modified_time":"2023-11-11T10:56:25+00:00","og_image":[{"width":750,"height":750,"url":"https:\/\/www.rooderchina.com\/wp-content\/uploads\/2023\/11\/16ad1f9f.jpg","type":"image\/jpeg"}],"twitter_card":"summary_large_image","twitter_site":"@RooderTec","twitter_misc":{"Tiempo de lectura":"1 minuto"},"schema":{"@context":"https:\/\/schema.org","@graph":[{"@type":"WebPage","@id":"https:\/\/www.rooderchina.com\/product\/2-wheel-hoverboard-r808-with-off-rod-all-terrain-smart-wheels-lithium-battery-auto-balance-pull-rod-dual-bluetooth-speaker\/","url":"https:\/\/www.rooderchina.com\/product\/2-wheel-hoverboard-r808-with-off-rod-all-terrain-smart-wheels-lithium-battery-auto-balance-pull-rod-dual-bluetooth-speaker\/","name":"2 wheel hoverboard r808 with off rod all terrain smart wheels lithium battery auto balance pull rod dual bluetooth speaker - Electric Scooters Bikes Citycoco Manufacturer","isPartOf":{"@id":"https:\/\/www.rooderchina.com\/#website"},"datePublished":"2023-11-11T10:56:08+00:00","dateModified":"2023-11-11T10:56:25+00:00","breadcrumb":{"@id":"https:\/\/www.rooderchina.com\/product\/2-wheel-hoverboard-r808-with-off-rod-all-terrain-smart-wheels-lithium-battery-auto-balance-pull-rod-dual-bluetooth-speaker\/#breadcrumb"},"inLanguage":"es-AR","potentialAction":[{"@type":"ReadAction","target":["https:\/\/www.rooderchina.com\/product\/2-wheel-hoverboard-r808-with-off-rod-all-terrain-smart-wheels-lithium-battery-auto-balance-pull-rod-dual-bluetooth-speaker\/"]}]},{"@type":"BreadcrumbList","@id":"https:\/\/www.rooderchina.com\/product\/2-wheel-hoverboard-r808-with-off-rod-all-terrain-smart-wheels-lithium-battery-auto-balance-pull-rod-dual-bluetooth-speaker\/#breadcrumb","itemListElement":[{"@type":"ListItem","position":1,"name":"HOME","item":"https:\/\/www.rooderchina.com\/"},{"@type":"ListItem","position":2,"name":"Shop","item":"https:\/\/www.rooderchina.com\/shop\/"},{"@type":"ListItem","position":3,"name":"2 wheel hoverboard r808 with off rod all terrain smart wheels lithium battery auto balance pull rod dual bluetooth speaker"}]},{"@type":"WebSite","@id":"https:\/\/www.rooderchina.com\/#website","url":"https:\/\/www.rooderchina.com\/","name":"Electric Scooters Bikes Citycoco Manufacturer","description":"Rooder Technology Limited","publisher":{"@id":"https:\/\/www.rooderchina.com\/#organization"},"potentialAction":[{"@type":"SearchAction","target":{"@type":"EntryPoint","urlTemplate":"https:\/\/www.rooderchina.com\/?s={search_term_string}"},"query-input":"required name=search_term_string"}],"inLanguage":"es-AR"},{"@type":"Organization","@id":"https:\/\/www.rooderchina.com\/#organization","name":"Electric Scooters Bikes Citycoco Manufacturer","url":"https:\/\/www.rooderchina.com\/","logo":{"@type":"ImageObject","inLanguage":"es-AR","@id":"https:\/\/www.rooderchina.com\/#\/schema\/logo\/image\/","url":"https:\/\/www.rooderchina.com\/wp-content\/uploads\/2023\/12\/rooder2.jpg","contentUrl":"https:\/\/www.rooderchina.com\/wp-content\/uploads\/2023\/12\/rooder2.jpg","width":1723,"height":1037,"caption":"Electric Scooters Bikes Citycoco Manufacturer"},"image":{"@id":"https:\/\/www.rooderchina.com\/#\/schema\/logo\/image\/"},"sameAs":["https:\/\/www.facebook.com\/rooder.tec","https:\/\/twitter.com\/RooderTec"]}]}},"_links":{"self":[{"href":"https:\/\/www.rooderchina.com\/es\/wp-json\/wp\/v2\/product\/9995","targetHints":{"allow":["GET"]}}],"collection":[{"href":"https:\/\/www.rooderchina.com\/es\/wp-json\/wp\/v2\/product"}],"about":[{"href":"https:\/\/www.rooderchina.com\/es\/wp-json\/wp\/v2\/types\/product"}],"replies":[{"embeddable":true,"href":"https:\/\/www.rooderchina.com\/es\/wp-json\/wp\/v2\/comments?post=9995"}],"version-history":[{"count":1,"href":"https:\/\/www.rooderchina.com\/es\/wp-json\/wp\/v2\/product\/9995\/revisions"}],"predecessor-version":[{"id":9996,"href":"https:\/\/www.rooderchina.com\/es\/wp-json\/wp\/v2\/product\/9995\/revisions\/9996"}],"wp:featuredmedia":[{"embeddable":true,"href":"https:\/\/www.rooderchina.com\/es\/wp-json\/wp\/v2\/media\/9997"}],"wp:attachment":[{"href":"https:\/\/www.rooderchina.com\/es\/wp-json\/wp\/v2\/media?parent=9995"}],"wp:term":[{"taxonomy":"product_brand","embeddable":true,"href":"https:\/\/www.rooderchina.com\/es\/wp-json\/wp\/v2\/product_brand?post=9995"},{"taxonomy":"product_cat","embeddable":true,"href":"https:\/\/www.rooderchina.com\/es\/wp-json\/wp\/v2\/product_cat?post=9995"},{"taxonomy":"product_tag","embeddable":true,"href":"https:\/\/www.rooderchina.com\/es\/wp-json\/wp\/v2\/product_tag?post=9995"}],"curies":[{"name":"wp","href":"https:\/\/api.w.org\/{rel}","templated":true}]}}