{"id":9985,"date":"2023-11-11T18:56:08","date_gmt":"2023-11-11T10:56:08","guid":{"rendered":"http:\/\/www.rooderchina.com\/index.php\/product\/2-wheels-scooter-r803a-for-adulsts-with-5-5-inch-tire-folding-aluminum-alloy-24v-lithium-battery-wholesale-price\/"},"modified":"2023-11-11T18:56:08","modified_gmt":"2023-11-11T10:56:08","slug":"2-wheels-scooter-r803a-for-adulsts-with-5-5-inch-tire-folding-aluminum-alloy-24v-lithium-battery-wholesale-price","status":"publish","type":"product","link":"https:\/\/www.rooderchina.com\/es\/producto\/2-wheels-scooter-r803a-for-adulsts-with-5-5-inch-tire-folding-aluminum-alloy-24v-lithium-battery-wholesale-price\/","title":{"rendered":"2 ruedas scooter r803a para adulsts con 5.5 pulgadas neum\u00e1tico plegable de aleaci\u00f3n de aluminio 24v bater\u00eda de litio precio al por mayor"},"content":{"rendered":"<p>We are specialized in manufacturing electric scooters.<\/p>\n<p>With an experienced and professional team, we have exported our products to many countries and regions around the world, especially America and Europe. Our<br \/>\nproducts enjoy a good reputation among our customers.<\/p>\n<p>We welcome customers, business associations and friends from all parts of the world to contact us and seek cooperation for mutual benefits.<\/p>\n<p><strong>2 wheels scooter for adulsts <strong>r803a\u00a0<\/strong>with 5.5 inch tire folding aluminum alloy 24v lithium battery wholesale price<\/strong><\/p>\n<\/p>\n<p>model: r803a<br \/>\nfolding electric scooter with aluminum alloy<br \/>\nrange: 10-15km<br \/>\nbattery: 24v 4.4ah 18650 lithium ion cells<br \/>\nmotor: 24v 250w brushless motor<br \/>\ntop speed: 25 km\/h<br \/>\ntypical climbing angle: 25 degree<br \/>\ncharger: ac100~240v input<br \/>\ncharging time: 2-3 hours<br \/>\nmax. weight limit: 100 kgs<br \/>\navailable colors: black, white, green, red, blue etc<br \/>\nfolding size:100*40*23 cm<br \/>\noverall size: 92*40*100 cm<br \/>\npackage size:105*16*24 cm<\/p>\n<p>1 pieza\/cart\u00f3n<br \/>\ncarton size:105*16*26 cm<br \/>\nnw:8kg, gw:10kg<\/p>\n<p>orden de los contenedores:<br \/>\n509pcs in 20gp<br \/>\n1099pcs in 40gp<br \/>\n1384pcs in 40hc<\/p>","protected":false},"excerpt":{"rendered":"<h3>Breve descripci\u00f3n:<\/h3>\n<p><p>encontrar alta calidad precio barato scooter el\u00e9ctrico plegable, venta al por mayor scooter el\u00e9ctrico plegable de Rooder scooter el\u00e9ctrico plegable fabricante exportador empresa proveedor de f\u00e1brica en www.rooderchina.com<\/p>\n<p>Neum\u00e1tico de 5,5 pulgadas,<br \/>\naleaci\u00f3n de aluminio,<br \/>\nbater\u00eda de litio,<br \/>\ndirectamente a la f\u00e1brica,<br \/>\nprecio al por mayor<\/p>\n<\/p>\n<p><\/p>\n<li><em>Marca: <\/em> OEM\/ODM\/RODER<\/li>\n<li><em>Cantidad m\u00ednima de pedido: <\/em> 10 piezas\/piezas<\/li>\n<li><em>Capacidad de suministro: <\/em> 10000 piezas por mes<\/li>\n<li><em>Puerto: <\/em> Shenzhen<\/li>\n<li><em>Condiciones de pago: <\/em> T\/T, L\/C, D\/A, D\/P<\/li>","protected":false},"featured_media":9987,"comment_status":"closed","ping_status":"open","template":"","meta":[],"product_brand":[],"product_cat":[829],"product_tag":[780,901,902,536,514,903,904,905,906,907,908,909,706],"class_list":{"0":"post-9985","1":"product","2":"type-product","3":"status-publish","4":"has-post-thumbnail","6":"product_cat-electric-scooters","7":"product_tag-1500w-electric-scooter","8":"product_tag-2-wheels-scooter-for-adults","9":"product_tag-3000w-high-power-electric-scooter","10":"product_tag-adult-electric-scooters","11":"product_tag-eec-electric-scooter","12":"product_tag-electric-folding-scooter","13":"product_tag-electric-mobility-scooter","14":"product_tag-electric-scooter-1200w-72v","15":"product_tag-foldable-scooter","16":"product_tag-golf-cart","17":"product_tag-mobility-scooter","18":"product_tag-motor-scooter","19":"product_tag-two-wheel-scooter","21":"first","22":"instock","23":"product-type-simple"},"yoast_head":"<!-- This site is optimized with the Yoast SEO plugin v21.7 - https:\/\/yoast.com\/wordpress\/plugins\/seo\/ -->\n<title>2 wheels scooter r803a for adulsts with 5.5 inch tire folding aluminum alloy 24v lithium battery wholesale price - Electric Scooters Bikes Citycoco Manufacturer<\/title>\n<meta name=\"robots\" content=\"index, follow, max-snippet:-1, max-image-preview:large, max-video-preview:-1\" \/>\n<link rel=\"canonical\" href=\"https:\/\/www.rooderchina.com\/es\/producto\/2-wheels-scooter-r803a-for-adulsts-with-5-5-inch-tire-folding-aluminum-alloy-24v-lithium-battery-wholesale-price\/\" \/>\n<meta property=\"og:locale\" content=\"es_ES\" \/>\n<meta property=\"og:type\" content=\"article\" \/>\n<meta property=\"og:title\" content=\"2 wheels scooter r803a for adulsts with 5.5 inch tire folding aluminum alloy 24v lithium battery wholesale price - Electric Scooters Bikes Citycoco Manufacturer\" \/>\n<meta property=\"og:description\" content=\"Short Description: find high quality cheap price\u00a0electric folding scooter, wholesale\u00a0electric folding scooter from Rooder\u00a0electric folding scooter manufacturer exporter company factory supplier on www.rooderchina.com 5.5 inch tire, aluminum alloy, lithium battery, factory directly, wholesale price    Brand: OEM\/ODM\/ROODER   Min.Order Quantity: 10 Piece\/Pieces   Supply Ability: 10000 Piece\/Pieces per Month   Port: Shenzhen   Payment Terms: T\/T, L\/C, D\/A, D\/P\" \/>\n<meta property=\"og:url\" content=\"https:\/\/www.rooderchina.com\/es\/producto\/2-wheels-scooter-r803a-for-adulsts-with-5-5-inch-tire-folding-aluminum-alloy-24v-lithium-battery-wholesale-price\/\" \/>\n<meta property=\"og:site_name\" content=\"Electric Scooters Bikes Citycoco Manufacturer\" \/>\n<meta property=\"article:publisher\" content=\"https:\/\/www.facebook.com\/rooder.tec\" \/>\n<meta property=\"og:image\" content=\"https:\/\/www.rooderchina.com\/wp-content\/uploads\/2023\/11\/ad1fd10b.jpg\" \/>\n\t<meta property=\"og:image:width\" content=\"750\" \/>\n\t<meta property=\"og:image:height\" content=\"750\" \/>\n\t<meta property=\"og:image:type\" content=\"image\/jpeg\" \/>\n<meta name=\"twitter:card\" content=\"summary_large_image\" \/>\n<meta name=\"twitter:site\" content=\"@RooderTec\" \/>\n<meta name=\"twitter:label1\" content=\"Tiempo de lectura\" \/>\n\t<meta name=\"twitter:data1\" content=\"1 minuto\" \/>\n<script type=\"application\/ld+json\" class=\"yoast-schema-graph\">{\"@context\":\"https:\/\/schema.org\",\"@graph\":[{\"@type\":\"WebPage\",\"@id\":\"https:\/\/www.rooderchina.com\/product\/2-wheels-scooter-r803a-for-adulsts-with-5-5-inch-tire-folding-aluminum-alloy-24v-lithium-battery-wholesale-price\/\",\"url\":\"https:\/\/www.rooderchina.com\/product\/2-wheels-scooter-r803a-for-adulsts-with-5-5-inch-tire-folding-aluminum-alloy-24v-lithium-battery-wholesale-price\/\",\"name\":\"2 wheels scooter r803a for adulsts with 5.5 inch tire folding aluminum alloy 24v lithium battery wholesale price - Electric Scooters Bikes Citycoco Manufacturer\",\"isPartOf\":{\"@id\":\"https:\/\/www.rooderchina.com\/#website\"},\"datePublished\":\"2023-11-11T10:56:08+00:00\",\"dateModified\":\"2023-11-11T10:56:08+00:00\",\"breadcrumb\":{\"@id\":\"https:\/\/www.rooderchina.com\/product\/2-wheels-scooter-r803a-for-adulsts-with-5-5-inch-tire-folding-aluminum-alloy-24v-lithium-battery-wholesale-price\/#breadcrumb\"},\"inLanguage\":\"es-AR\",\"potentialAction\":[{\"@type\":\"ReadAction\",\"target\":[\"https:\/\/www.rooderchina.com\/product\/2-wheels-scooter-r803a-for-adulsts-with-5-5-inch-tire-folding-aluminum-alloy-24v-lithium-battery-wholesale-price\/\"]}]},{\"@type\":\"BreadcrumbList\",\"@id\":\"https:\/\/www.rooderchina.com\/product\/2-wheels-scooter-r803a-for-adulsts-with-5-5-inch-tire-folding-aluminum-alloy-24v-lithium-battery-wholesale-price\/#breadcrumb\",\"itemListElement\":[{\"@type\":\"ListItem\",\"position\":1,\"name\":\"HOME\",\"item\":\"https:\/\/www.rooderchina.com\/\"},{\"@type\":\"ListItem\",\"position\":2,\"name\":\"Shop\",\"item\":\"https:\/\/www.rooderchina.com\/shop\/\"},{\"@type\":\"ListItem\",\"position\":3,\"name\":\"2 wheels scooter r803a for adulsts with 5.5 inch tire folding aluminum alloy 24v lithium battery wholesale price\"}]},{\"@type\":\"WebSite\",\"@id\":\"https:\/\/www.rooderchina.com\/#website\",\"url\":\"https:\/\/www.rooderchina.com\/\",\"name\":\"Electric Scooters Bikes Citycoco Manufacturer\",\"description\":\"Rooder Technology Limited\",\"publisher\":{\"@id\":\"https:\/\/www.rooderchina.com\/#organization\"},\"potentialAction\":[{\"@type\":\"SearchAction\",\"target\":{\"@type\":\"EntryPoint\",\"urlTemplate\":\"https:\/\/www.rooderchina.com\/?s={search_term_string}\"},\"query-input\":\"required name=search_term_string\"}],\"inLanguage\":\"es-AR\"},{\"@type\":\"Organization\",\"@id\":\"https:\/\/www.rooderchina.com\/#organization\",\"name\":\"Electric Scooters Bikes Citycoco Manufacturer\",\"url\":\"https:\/\/www.rooderchina.com\/\",\"logo\":{\"@type\":\"ImageObject\",\"inLanguage\":\"es-AR\",\"@id\":\"https:\/\/www.rooderchina.com\/#\/schema\/logo\/image\/\",\"url\":\"https:\/\/www.rooderchina.com\/wp-content\/uploads\/2023\/12\/rooder2.jpg\",\"contentUrl\":\"https:\/\/www.rooderchina.com\/wp-content\/uploads\/2023\/12\/rooder2.jpg\",\"width\":1723,\"height\":1037,\"caption\":\"Electric Scooters Bikes Citycoco Manufacturer\"},\"image\":{\"@id\":\"https:\/\/www.rooderchina.com\/#\/schema\/logo\/image\/\"},\"sameAs\":[\"https:\/\/www.facebook.com\/rooder.tec\",\"https:\/\/twitter.com\/RooderTec\"]}]}<\/script>\n<!-- \/ Yoast SEO plugin. -->","yoast_head_json":{"title":"2 wheels scooter r803a for adulsts with 5.5 inch tire folding aluminum alloy 24v lithium battery wholesale price - Electric Scooters Bikes Citycoco Manufacturer","robots":{"index":"index","follow":"follow","max-snippet":"max-snippet:-1","max-image-preview":"max-image-preview:large","max-video-preview":"max-video-preview:-1"},"canonical":"https:\/\/www.rooderchina.com\/es\/producto\/2-wheels-scooter-r803a-for-adulsts-with-5-5-inch-tire-folding-aluminum-alloy-24v-lithium-battery-wholesale-price\/","og_locale":"es_ES","og_type":"article","og_title":"2 wheels scooter r803a for adulsts with 5.5 inch tire folding aluminum alloy 24v lithium battery wholesale price - Electric Scooters Bikes Citycoco Manufacturer","og_description":"Short Description: find high quality cheap price\u00a0electric folding scooter, wholesale\u00a0electric folding scooter from Rooder\u00a0electric folding scooter manufacturer exporter company factory supplier on www.rooderchina.com 5.5 inch tire, aluminum alloy, lithium battery, factory directly, wholesale price    Brand: OEM\/ODM\/ROODER   Min.Order Quantity: 10 Piece\/Pieces   Supply Ability: 10000 Piece\/Pieces per Month   Port: Shenzhen   Payment Terms: T\/T, L\/C, D\/A, D\/P","og_url":"https:\/\/www.rooderchina.com\/es\/producto\/2-wheels-scooter-r803a-for-adulsts-with-5-5-inch-tire-folding-aluminum-alloy-24v-lithium-battery-wholesale-price\/","og_site_name":"Electric Scooters Bikes Citycoco Manufacturer","article_publisher":"https:\/\/www.facebook.com\/rooder.tec","og_image":[{"width":750,"height":750,"url":"https:\/\/www.rooderchina.com\/wp-content\/uploads\/2023\/11\/ad1fd10b.jpg","type":"image\/jpeg"}],"twitter_card":"summary_large_image","twitter_site":"@RooderTec","twitter_misc":{"Tiempo de lectura":"1 minuto"},"schema":{"@context":"https:\/\/schema.org","@graph":[{"@type":"WebPage","@id":"https:\/\/www.rooderchina.com\/product\/2-wheels-scooter-r803a-for-adulsts-with-5-5-inch-tire-folding-aluminum-alloy-24v-lithium-battery-wholesale-price\/","url":"https:\/\/www.rooderchina.com\/product\/2-wheels-scooter-r803a-for-adulsts-with-5-5-inch-tire-folding-aluminum-alloy-24v-lithium-battery-wholesale-price\/","name":"2 wheels scooter r803a for adulsts with 5.5 inch tire folding aluminum alloy 24v lithium battery wholesale price - Electric Scooters Bikes Citycoco Manufacturer","isPartOf":{"@id":"https:\/\/www.rooderchina.com\/#website"},"datePublished":"2023-11-11T10:56:08+00:00","dateModified":"2023-11-11T10:56:08+00:00","breadcrumb":{"@id":"https:\/\/www.rooderchina.com\/product\/2-wheels-scooter-r803a-for-adulsts-with-5-5-inch-tire-folding-aluminum-alloy-24v-lithium-battery-wholesale-price\/#breadcrumb"},"inLanguage":"es-AR","potentialAction":[{"@type":"ReadAction","target":["https:\/\/www.rooderchina.com\/product\/2-wheels-scooter-r803a-for-adulsts-with-5-5-inch-tire-folding-aluminum-alloy-24v-lithium-battery-wholesale-price\/"]}]},{"@type":"BreadcrumbList","@id":"https:\/\/www.rooderchina.com\/product\/2-wheels-scooter-r803a-for-adulsts-with-5-5-inch-tire-folding-aluminum-alloy-24v-lithium-battery-wholesale-price\/#breadcrumb","itemListElement":[{"@type":"ListItem","position":1,"name":"HOME","item":"https:\/\/www.rooderchina.com\/"},{"@type":"ListItem","position":2,"name":"Shop","item":"https:\/\/www.rooderchina.com\/shop\/"},{"@type":"ListItem","position":3,"name":"2 wheels scooter r803a for adulsts with 5.5 inch tire folding aluminum alloy 24v lithium battery wholesale price"}]},{"@type":"WebSite","@id":"https:\/\/www.rooderchina.com\/#website","url":"https:\/\/www.rooderchina.com\/","name":"Electric Scooters Bikes Citycoco Manufacturer","description":"Rooder Technology Limited","publisher":{"@id":"https:\/\/www.rooderchina.com\/#organization"},"potentialAction":[{"@type":"SearchAction","target":{"@type":"EntryPoint","urlTemplate":"https:\/\/www.rooderchina.com\/?s={search_term_string}"},"query-input":"required name=search_term_string"}],"inLanguage":"es-AR"},{"@type":"Organization","@id":"https:\/\/www.rooderchina.com\/#organization","name":"Electric Scooters Bikes Citycoco Manufacturer","url":"https:\/\/www.rooderchina.com\/","logo":{"@type":"ImageObject","inLanguage":"es-AR","@id":"https:\/\/www.rooderchina.com\/#\/schema\/logo\/image\/","url":"https:\/\/www.rooderchina.com\/wp-content\/uploads\/2023\/12\/rooder2.jpg","contentUrl":"https:\/\/www.rooderchina.com\/wp-content\/uploads\/2023\/12\/rooder2.jpg","width":1723,"height":1037,"caption":"Electric Scooters Bikes Citycoco Manufacturer"},"image":{"@id":"https:\/\/www.rooderchina.com\/#\/schema\/logo\/image\/"},"sameAs":["https:\/\/www.facebook.com\/rooder.tec","https:\/\/twitter.com\/RooderTec"]}]}},"_links":{"self":[{"href":"https:\/\/www.rooderchina.com\/es\/wp-json\/wp\/v2\/product\/9985","targetHints":{"allow":["GET"]}}],"collection":[{"href":"https:\/\/www.rooderchina.com\/es\/wp-json\/wp\/v2\/product"}],"about":[{"href":"https:\/\/www.rooderchina.com\/es\/wp-json\/wp\/v2\/types\/product"}],"replies":[{"embeddable":true,"href":"https:\/\/www.rooderchina.com\/es\/wp-json\/wp\/v2\/comments?post=9985"}],"version-history":[{"count":1,"href":"https:\/\/www.rooderchina.com\/es\/wp-json\/wp\/v2\/product\/9985\/revisions"}],"predecessor-version":[{"id":9986,"href":"https:\/\/www.rooderchina.com\/es\/wp-json\/wp\/v2\/product\/9985\/revisions\/9986"}],"wp:featuredmedia":[{"embeddable":true,"href":"https:\/\/www.rooderchina.com\/es\/wp-json\/wp\/v2\/media\/9987"}],"wp:attachment":[{"href":"https:\/\/www.rooderchina.com\/es\/wp-json\/wp\/v2\/media?parent=9985"}],"wp:term":[{"taxonomy":"product_brand","embeddable":true,"href":"https:\/\/www.rooderchina.com\/es\/wp-json\/wp\/v2\/product_brand?post=9985"},{"taxonomy":"product_cat","embeddable":true,"href":"https:\/\/www.rooderchina.com\/es\/wp-json\/wp\/v2\/product_cat?post=9985"},{"taxonomy":"product_tag","embeddable":true,"href":"https:\/\/www.rooderchina.com\/es\/wp-json\/wp\/v2\/product_tag?post=9985"}],"curies":[{"name":"wp","href":"https:\/\/api.w.org\/{rel}","templated":true}]}}