{"id":9966,"date":"2023-11-11T18:55:21","date_gmt":"2023-11-11T10:55:21","guid":{"rendered":"http:\/\/www.rooderchina.com\/index.php\/product\/citycoco-scooter-echopper-rooder-larsky-4000w\/"},"modified":"2023-11-11T18:55:37","modified_gmt":"2023-11-11T10:55:37","slug":"citycoco-scooter-echopper-rooder-larsky-4000w","status":"publish","type":"product","link":"https:\/\/www.rooderchina.com\/es\/producto\/citycoco-scooter-echopper-rooder-larsky-4000w\/","title":{"rendered":"citycoco scooter echopper Rooder larsky 4000w"},"content":{"rendered":"<p>Rooder es un fabricante profesional de scooters con gran capacidad en I+D, producci\u00f3n, marketing y servicio al cliente. Honrado como Shenzhen National Hi-tech Enterprise, Mangosteen de dise\u00f1o independiente y productos fabricados scooter es en gran medida nos califica para ser uno de los mayores fabricantes, proveedores y exportadores de scooter el\u00e9ctrico en China. tenemos 6 auto SMD production linesand 12 l\u00edneas de producci\u00f3n de montaje. Nuestra producci\u00f3n diaria es de 500 piezas al mes. Adoptamos m\u00e1quinas avanzadas de soldadura por ola, soldadura por reflujo y SMD, esfera integradora, goniofot\u00f3metro y otros equipos modernos, que permiten que nuestros productos cumplan con la m\u00e1s alta demanda de calidad y tecnolog\u00eda en el mercado internacional de scooters. Rooder es una de las empresas lideres en la certificacion ISO9001 en la industria de Shenzhen.<\/p>\n<\/p>\n<p>Ahora tenemos nuestros scooters homologados UL, EEC DOT para cumplir con la normativa norteamericana. Al mismo tiempo, estamos haciendo todo lo posible para mejorar el TUV, CE y RoHS escooters aprobados para adaptarse al creciente mercado europeo. En la actualidad, nuestro mercado se ha ampliado a m\u00e1s de 150 pa\u00edses y regiones, como Europa, Am\u00e9rica, Ocean\u00eda, \u00c1frica, Sudeste Asi\u00e1tico, Oriente Medio y Jap\u00f3n. \"Calidad, innovaci\u00f3n, integridad y servicio\" son nuestros principios. El objetivo de Rooder es ofrecer a los clientes los productos y servicios m\u00e1s seguros, respetuosos con el medio ambiente, que ahorren energ\u00eda y de mayor calidad. Impulsados por la innovaci\u00f3n y la mejora continuas, nos comprometemos a hacer realidad el objetivo de \"RooderLeading a commute innovation\".<\/p>\n<\/p>\n<p>Especificaci\u00f3n:<\/p>\n<table style=\"width: 100%;\">\n<tbody>\n<tr>\n<td><strong>Modelo<\/strong><\/td>\n<td><strong>Rooder Larsky<\/strong><\/td>\n<\/tr>\n<tr>\n<td>Marca<\/td>\n<td>Rooder<\/td>\n<\/tr>\n<tr>\n<td>Material del marco<\/td>\n<td>Armaz\u00f3n de aleaci\u00f3n de hierro sin costuras<\/td>\n<\/tr>\n<tr>\n<td>Tama\u00f1o del neum\u00e1tico delantero<\/td>\n<td>215\/40-12<\/td>\n<\/tr>\n<tr>\n<td>Tama\u00f1o del neum\u00e1tico trasero<\/td>\n<td>215\/40-12<\/td>\n<\/tr>\n<tr>\n<td>Presi\u00f3n de los neum\u00e1ticos<\/td>\n<td>delantero 151kpa, trasero 151kpa<\/td>\n<\/tr>\n<tr>\n<td>Horquilla delantera<\/td>\n<td>ronzlla tenedor mec\u00e1nico<\/td>\n<\/tr>\n<tr>\n<td>Sistema de cambio<\/td>\n<td>NO<\/td>\n<\/tr>\n<tr>\n<td>Tipo de freno<\/td>\n<td>Freno de disco delantero y trasero<\/td>\n<\/tr>\n<tr>\n<td>Potencia del motor<\/td>\n<td>Motor sin escobillas de 60 V y 4000 W<\/td>\n<\/tr>\n<tr>\n<td>Velocidad m\u00e1xima<\/td>\n<td>45 km\/h para Europa, 85 km\/h para EE.UU. y Brasil<\/td>\n<\/tr>\n<tr>\n<td>Grade-ability<\/td>\n<td>30 grados<\/td>\n<\/tr>\n<tr>\n<td>Carga m\u00e1xima<\/td>\n<td>200 kg<\/td>\n<\/tr>\n<tr>\n<td>Bater\u00eda<\/td>\n<td>Bater\u00eda extra\u00edble de iones de litio de 60 V y 40 Ah<\/td>\n<\/tr>\n<tr>\n<td>Gama<\/td>\n<td>80-100 km<\/td>\n<\/tr>\n<tr>\n<td>Cargador<\/td>\n<td>MGSD 67,2 V, 6 A<\/td>\n<\/tr>\n<tr>\n<td>Tiempo de carga<\/td>\n<td>6-7 horas<\/td>\n<\/tr>\n<tr>\n<td>Temperatura de trabajo<\/td>\n<td>-20~40\u2103<\/td>\n<\/tr>\n<tr>\n<td>Norma de estanqueidad<\/td>\n<td>IP54<\/td>\n<\/tr>\n<tr>\n<td>Mostrar<\/td>\n<td>Pantalla LCD<\/td>\n<\/tr>\n<tr>\n<td>Amortiguador delantero<\/td>\n<td>Amortiguador hidr\u00e1ulico Horquilla<\/td>\n<\/tr>\n<tr>\n<td>Amortiguador trasero<\/td>\n<td>Amortiguador de muelle de aleaci\u00f3n de aluminio<\/td>\n<\/tr>\n<tr>\n<td>Sistema de iluminaci\u00f3n<\/td>\n<td>Faro LED, luz de freno, intermitentes, reflector lateral,<\/td>\n<\/tr>\n<tr>\n<td>Altura del sill\u00edn<\/td>\n<td>63,5 cm<\/td>\n<\/tr>\n<tr>\n<td>Altura adecuada<\/td>\n<td>160-210 cm<\/td>\n<\/tr>\n<tr>\n<td>Alarma<\/td>\n<td>alarma con mando a distancia de 2 piezas<\/td>\n<\/tr>\n<tr>\n<td>Peso neto del producto<\/td>\n<td>81 kg<\/td>\n<\/tr>\n<tr>\n<td>Peso bruto<\/td>\n<td>92 kg<\/td>\n<\/tr>\n<tr>\n<td>Certificados<\/td>\n<td>CE, FCC, ROHS, EEC, COC, CNIT, UTAC, DOT, MSDS, UN38.3<\/td>\n<\/tr>\n<tr>\n<td>Tama\u00f1o del producto<\/td>\n<td>210*91*130 cm \uff08L*W*H)<\/td>\n<\/tr>\n<tr>\n<td>Tama\u00f1o del envase<\/td>\n<td>188*37,5*77 cm\uff08L*W*H)<\/td>\n<\/tr>\n<tr>\n<td>Lista de paquetes<\/td>\n<td>citycoco <a href=\"https:\/\/www.rooderchina.com\/es\/tag\/larsky\/\" title=\"Ver todos los puestos en larsky\" target=\"_blank\" rel=\"noopener\">larsky<\/a>, espejos, cargador, herramientas, manual de usuario<\/td>\n<\/tr>\n<\/tbody>\n<\/table>\n<p><strong>Rooder Larsky 4<\/strong><strong>000W 40AH Electr\u00f3nica:<\/strong><\/p>\n<table style=\"width: 100%;\">\n<tbody>\n<tr>\n<td><strong>Bater\u00eda<\/strong><\/td>\n<td>Bater\u00eda de litio extra\u00edble de 60V\/40AH, 2400WH, autonom\u00eda de 80-100km dependiendo del estado de la carretera, el peso del conductor, la velocidad, etc.<\/td>\n<\/tr>\n<tr>\n<td><strong>Cargador<\/strong><\/td>\n<td>Cargador r\u00e1pido RONZLLA 67.2V~6A, carga completa en 6-7 horas. (40ah\/6a=6.66h)<\/td>\n<\/tr>\n<tr>\n<td><strong>Controlador<\/strong><\/td>\n<td>60V\/70A Controlador integrado que soporta una velocidad de 85kmph+.<\/td>\n<\/tr>\n<tr>\n<td><strong>Mostrar<\/strong><\/td>\n<td>LCD tipo motor<br \/>\ncon indicador de carga, veloc\u00edmetro,<br \/>\ncuentakil\u00f3metros, cuentakil\u00f3metros parcial, nivel de marcha del acelerador, etc.<\/td>\n<\/tr>\n<tr>\n<td><strong>Motor<\/strong><\/td>\n<td>Motorreductor DC sin escobillas de 4000W con 150 NM de par m\u00e1ximo, hasta 85km\/h (velocidad m\u00e1xima). Marca del motor: SS motor.<\/td>\n<\/tr>\n<tr>\n<td><strong>Luces<\/strong><\/td>\n<td>Frontal: Faro delantero sobredimensionado con luz de giro<br \/>\nTraseros: Piloto trasero integrado en el guardabarros con luz de freno e intermitente.<\/td>\n<\/tr>\n<tr>\n<td><strong>Acelerador<\/strong><\/td>\n<td>Tres niveles de acelerador de marchas por defecto. 45 km\/h como m\u00e1ximo para el mercado europeo y 85 km\/h para los mercados de EE. UU. y Brasil.<\/td>\n<\/tr>\n<tr>\n<td><strong>Caballete<\/strong><\/td>\n<td>Corte el\u00e9ctrico al subir al caballete<\/td>\n<\/tr>\n<\/tbody>\n<\/table>\n<p><strong>Componentes Larsky:<\/strong><\/p>\n<table style=\"width: 100%;\">\n<tbody>\n<tr>\n<td><strong>Neum\u00e1ticos<\/strong><\/td>\n<td>Neum\u00e1ticos sin c\u00e1mara de vac\u00edo de 12\u2033 de grano recto<\/td>\n<\/tr>\n<tr>\n<td><strong>Guardabarros<\/strong><\/td>\n<td>Fabricado en material ABS por RONZLLA.<\/td>\n<\/tr>\n<tr>\n<td><strong>Frenos<\/strong><\/td>\n<td>Frenos de disco hidr\u00e1ulicos delanteros y traseros<\/td>\n<\/tr>\n<tr>\n<td><strong>Marco<\/strong><\/td>\n<td>Armaz\u00f3n de aleaci\u00f3n de hierro sin costuras<\/td>\n<\/tr>\n<tr>\n<td><strong>Suspensi\u00f3n delantera<\/strong><\/td>\n<td>Amortiguador hidr\u00e1ulico Horquilla<\/td>\n<\/tr>\n<tr>\n<td><strong>Suspensi\u00f3n trasera<\/strong><\/td>\n<td>Amortiguador de muelle de acero<\/td>\n<\/tr>\n<tr>\n<td><strong>Asiento<\/strong><\/td>\n<td>Asiento largo de cuero para 2 personas<\/td>\n<\/tr>\n<tr>\n<td><strong>Reposapi\u00e9s<\/strong><\/td>\n<td>Plegable<\/td>\n<\/tr>\n<\/tbody>\n<\/table>\n<p><strong>Rooder e chopper Larsky Geometr\u00eda:<\/strong><\/p>\n<table style=\"width: 100%;\">\n<tbody>\n<tr>\n<td><strong>Altura del asiento<\/strong><\/td>\n<td>63,5 cm<\/td>\n<\/tr>\n<tr>\n<td><strong>Altura del manillar<\/strong><\/td>\n<td>77 cm<\/td>\n<\/tr>\n<tr>\n<td><strong>Longitud total<\/strong><\/td>\n<td>212 cm<\/td>\n<\/tr>\n<tr>\n<td><strong>Anchura del manillar<\/strong><\/td>\n<td>85 cm<\/td>\n<\/tr>\n<tr>\n<td><strong>Longitud de la suspensi\u00f3n trasera<\/strong><\/td>\n<td>24,38 cm<\/td>\n<\/tr>\n<tr>\n<td><strong>Tama\u00f1o del reposapi\u00e9s<\/strong><\/td>\n<td>12,44 cm * 14,47 cm<\/td>\n<\/tr>\n<tr>\n<td><strong>Longitud de la pata de cabra<\/strong><\/td>\n<td>17 cm<\/td>\n<\/tr>\n<tr>\n<td><strong>Tama\u00f1o del controlador<\/strong><\/td>\n<td>17,2 cm* 9,4 cm<\/td>\n<\/tr>\n<tr>\n<td><strong>Latiguillo de freno delantero<\/strong><\/td>\n<td>1100 mm<\/td>\n<\/tr>\n<tr>\n<td><strong>Latiguillo de freno trasero<\/strong><\/td>\n<td>2250 mm<\/td>\n<\/tr>\n<tr>\n<td><strong>Tama\u00f1o de la placa de matr\u00edcula trasera<\/strong><\/td>\n<td>14,45 cm * 12,5 cm<\/td>\n<\/tr>\n<tr>\n<td><strong>Dep\u00f3sito hidr\u00e1ulico<\/strong><\/td>\n<td>24 ml<\/td>\n<\/tr>\n<tr>\n<td><strong>Gradeabilidad<\/strong><\/td>\n<td>30\u00b0<\/td>\n<\/tr>\n<tr>\n<td><strong>Presi\u00f3n de los neum\u00e1ticos<\/strong><\/td>\n<td>Delantero: 151 kPa, Trasero: 151 kPa<\/td>\n<\/tr>\n<tr>\n<td>\u00a0<strong>Peso neto<\/strong><\/td>\n<td>76 kg<\/td>\n<\/tr>\n<tr>\n<td><strong>Peso bruto<\/strong><\/td>\n<td>100 kg<\/td>\n<\/tr>\n<tr>\n<td><strong>Carga m\u00e1xima<\/strong><\/td>\n<td>200 kg<\/td>\n<\/tr>\n<tr>\n<td><strong>Altura recomendada del piloto<\/strong><\/td>\n<td>M\u00e1s de 140 cm<\/td>\n<\/tr>\n<\/tbody>\n<\/table>\n<p>&nbsp;<\/p>\n<p><strong>V\u00eddeo de\u00a0<a href=\"https:\/\/www.rooderchina.com\/es\/tag\/citycoco-scooter\/\" title=\"Ver todos los comentarios en citycoco scooter\" target=\"_blank\" rel=\"noopener\">citycoco scooter<\/a> <a href=\"https:\/\/www.rooderchina.com\/es\/tag\/echopper\/\" title=\"Ver todas las entradas en echopper\" target=\"_blank\" rel=\"noopener\">echopper<\/a> Rooder larsky 4000w:<\/strong><br \/>\n<iframe loading=\"lazy\" title=\"citycoco scooter echopper Rooder larsky 4000w\" src=\"https:\/\/www.youtube.com\/embed\/qzwRc_YbSWU?rel=0&amp;autoplay=0\" height=\"318\" width=\"385\" allowfullscreen=\"\" frameborder=\"0\"><\/iframe><\/p>","protected":false},"excerpt":{"rendered":"<h3>Breve descripci\u00f3n:<\/h3>\n<p><p>Rooder Technology co, LTD, fundada en 2018, es una empresa de alta tecnolog\u00eda dedicada a la investigaci\u00f3n, desarrollo, producci\u00f3n y venta de city coco, chopper, motocicleta el\u00e9ctrica, scooter el\u00e9ctrico.<\/p>\n<p>Certificado ISO 9001, 10 a\u00f1os de historia Aprobado por TUV, UL, FCC, CE, ROHS, EEC, COC, DOT,<\/p>\n<p>Patente de Dise\u00f1o y Nueva Patente Pr\u00e1ctica.<\/p>\n<p>1. dise\u00f1o de la empresa SENEN<br \/>\n2. Motor de 4000w<br \/>\n3. velocidad m\u00e1xima 85 km\/h, dise\u00f1ado para el mercado brasile\u00f1o y estadounidense<br \/>\n4. Bater\u00eda de larga autonom\u00eda 40ah 80-100km<br \/>\n5. 6a cargador r\u00e1pido, 6-7 a plena carga 40ah<br \/>\n6. opci\u00f3n de velocidad 25\/45\/65 km\/h para el mercado europeo<br \/>\n7. marco de alta calidad con 2 a\u00f1os de garant\u00eda<br \/>\n8. pantalla resistente al agua<br \/>\n9. asiento largo 2 personas<\/p>\n<\/p>\n<p><\/p>\n<li><em>Marca: <\/em> OEM\/ODM\/RODER<\/li>\n<li><em>Cantidad m\u00ednima de pedido: <\/em> 10 piezas\/piezas<\/li>\n<li><em>Capacidad de suministro: <\/em> 10000 piezas por mes<\/li>\n<li><em>Puerto: <\/em> Shenzhen<\/li>\n<li><em>Condiciones de pago: <\/em> T\/T, L\/C, D\/A, D\/P<\/li>","protected":false},"featured_media":9968,"comment_status":"closed","ping_status":"open","template":"","meta":[],"product_brand":[],"product_cat":[464],"product_tag":[468,897,472,898,899,745,756,900],"class_list":{"0":"post-9966","1":"product","2":"type-product","3":"status-publish","4":"has-post-thumbnail","6":"product_cat-citycoco-choppers","7":"product_tag-citycoco","8":"product_tag-citycoco-4000w","9":"product_tag-citycoco-scooter","10":"product_tag-echopper","11":"product_tag-larsky","12":"product_tag-rooder","13":"product_tag-rooder-citycoco","14":"product_tag-rooder-larsky","16":"first","17":"instock","18":"product-type-simple"},"yoast_head":"<!-- This site is optimized with the Yoast SEO plugin v21.7 - https:\/\/yoast.com\/wordpress\/plugins\/seo\/ -->\n<title>citycoco scooter echopper Rooder larsky 4000w - Electric Scooters Bikes Citycoco Manufacturer<\/title>\n<meta name=\"robots\" content=\"index, follow, max-snippet:-1, max-image-preview:large, max-video-preview:-1\" \/>\n<link rel=\"canonical\" href=\"https:\/\/www.rooderchina.com\/es\/producto\/citycoco-scooter-echopper-rooder-larsky-4000w\/\" \/>\n<meta property=\"og:locale\" content=\"es_ES\" \/>\n<meta property=\"og:type\" content=\"article\" \/>\n<meta property=\"og:title\" content=\"citycoco scooter echopper Rooder larsky 4000w - Electric Scooters Bikes Citycoco Manufacturer\" \/>\n<meta property=\"og:description\" content=\"Short Description: Rooder Technology co., LTD., founded in 2018, is a high-tech enterprise engaged in the research, development, production and sales of city coco, chopper, electric motorcycle, electric scooter. ISO 9001 certified, 10 years history TUV, UL, FCC, CE, ROHS, EEC, COC, DOT approved, Design Patent and New Practical Patent. 1. design by SENEN company 2. 4000w engine 3. max speed 85kmph, design for brazil and USA market 4. 40ah long range battery 80-100km 5. 6a fast charger, 6-7 to full charge 40ah 6. option speed 25\/45\/65kmph for european market 7. high quality frame with 2 years warranty 8. waterproof display 9. long seat 2 persons    Brand: OEM\/ODM\/ROODER   Min.Order Quantity: 10 Piece\/Pieces   Supply Ability: 10000 Piece\/Pieces per Month   Port: Shenzhen   Payment Terms: T\/T, L\/C, D\/A, D\/P\" \/>\n<meta property=\"og:url\" content=\"https:\/\/www.rooderchina.com\/es\/producto\/citycoco-scooter-echopper-rooder-larsky-4000w\/\" \/>\n<meta property=\"og:site_name\" content=\"Electric Scooters Bikes Citycoco Manufacturer\" \/>\n<meta property=\"article:publisher\" content=\"https:\/\/www.facebook.com\/rooder.tec\" \/>\n<meta property=\"article:modified_time\" content=\"2023-11-11T10:55:37+00:00\" \/>\n<meta property=\"og:image\" content=\"https:\/\/www.rooderchina.com\/wp-content\/uploads\/2023\/11\/citycoco-scooter-echopper-Rooder-larsky-4000w-1.jpg\" \/>\n\t<meta property=\"og:image:width\" content=\"1024\" \/>\n\t<meta property=\"og:image:height\" content=\"1024\" \/>\n\t<meta property=\"og:image:type\" content=\"image\/jpeg\" \/>\n<meta name=\"twitter:card\" content=\"summary_large_image\" \/>\n<meta name=\"twitter:site\" content=\"@RooderTec\" \/>\n<meta name=\"twitter:label1\" content=\"Tiempo de lectura\" \/>\n\t<meta name=\"twitter:data1\" content=\"3 minutos\" \/>\n<script type=\"application\/ld+json\" class=\"yoast-schema-graph\">{\"@context\":\"https:\/\/schema.org\",\"@graph\":[{\"@type\":\"WebPage\",\"@id\":\"https:\/\/www.rooderchina.com\/product\/citycoco-scooter-echopper-rooder-larsky-4000w\/\",\"url\":\"https:\/\/www.rooderchina.com\/product\/citycoco-scooter-echopper-rooder-larsky-4000w\/\",\"name\":\"citycoco scooter echopper Rooder larsky 4000w - Electric Scooters Bikes Citycoco Manufacturer\",\"isPartOf\":{\"@id\":\"https:\/\/www.rooderchina.com\/#website\"},\"datePublished\":\"2023-11-11T10:55:21+00:00\",\"dateModified\":\"2023-11-11T10:55:37+00:00\",\"breadcrumb\":{\"@id\":\"https:\/\/www.rooderchina.com\/product\/citycoco-scooter-echopper-rooder-larsky-4000w\/#breadcrumb\"},\"inLanguage\":\"es-AR\",\"potentialAction\":[{\"@type\":\"ReadAction\",\"target\":[\"https:\/\/www.rooderchina.com\/product\/citycoco-scooter-echopper-rooder-larsky-4000w\/\"]}]},{\"@type\":\"BreadcrumbList\",\"@id\":\"https:\/\/www.rooderchina.com\/product\/citycoco-scooter-echopper-rooder-larsky-4000w\/#breadcrumb\",\"itemListElement\":[{\"@type\":\"ListItem\",\"position\":1,\"name\":\"HOME\",\"item\":\"https:\/\/www.rooderchina.com\/\"},{\"@type\":\"ListItem\",\"position\":2,\"name\":\"Shop\",\"item\":\"https:\/\/www.rooderchina.com\/shop\/\"},{\"@type\":\"ListItem\",\"position\":3,\"name\":\"citycoco scooter echopper Rooder larsky 4000w\"}]},{\"@type\":\"WebSite\",\"@id\":\"https:\/\/www.rooderchina.com\/#website\",\"url\":\"https:\/\/www.rooderchina.com\/\",\"name\":\"Electric Scooters Bikes Citycoco Manufacturer\",\"description\":\"Rooder Technology Limited\",\"publisher\":{\"@id\":\"https:\/\/www.rooderchina.com\/#organization\"},\"potentialAction\":[{\"@type\":\"SearchAction\",\"target\":{\"@type\":\"EntryPoint\",\"urlTemplate\":\"https:\/\/www.rooderchina.com\/?s={search_term_string}\"},\"query-input\":\"required name=search_term_string\"}],\"inLanguage\":\"es-AR\"},{\"@type\":\"Organization\",\"@id\":\"https:\/\/www.rooderchina.com\/#organization\",\"name\":\"Electric Scooters Bikes Citycoco Manufacturer\",\"url\":\"https:\/\/www.rooderchina.com\/\",\"logo\":{\"@type\":\"ImageObject\",\"inLanguage\":\"es-AR\",\"@id\":\"https:\/\/www.rooderchina.com\/#\/schema\/logo\/image\/\",\"url\":\"https:\/\/www.rooderchina.com\/wp-content\/uploads\/2023\/12\/rooder2.jpg\",\"contentUrl\":\"https:\/\/www.rooderchina.com\/wp-content\/uploads\/2023\/12\/rooder2.jpg\",\"width\":1723,\"height\":1037,\"caption\":\"Electric Scooters Bikes Citycoco Manufacturer\"},\"image\":{\"@id\":\"https:\/\/www.rooderchina.com\/#\/schema\/logo\/image\/\"},\"sameAs\":[\"https:\/\/www.facebook.com\/rooder.tec\",\"https:\/\/twitter.com\/RooderTec\"]}]}<\/script>\n<!-- \/ Yoast SEO plugin. -->","yoast_head_json":{"title":"citycoco scooter echopper Rooder larsky 4000w - Electric Scooters Bikes Citycoco Manufacturer","robots":{"index":"index","follow":"follow","max-snippet":"max-snippet:-1","max-image-preview":"max-image-preview:large","max-video-preview":"max-video-preview:-1"},"canonical":"https:\/\/www.rooderchina.com\/es\/producto\/citycoco-scooter-echopper-rooder-larsky-4000w\/","og_locale":"es_ES","og_type":"article","og_title":"citycoco scooter echopper Rooder larsky 4000w - Electric Scooters Bikes Citycoco Manufacturer","og_description":"Short Description: Rooder Technology co., LTD., founded in 2018, is a high-tech enterprise engaged in the research, development, production and sales of city coco, chopper, electric motorcycle, electric scooter. ISO 9001 certified, 10 years history TUV, UL, FCC, CE, ROHS, EEC, COC, DOT approved, Design Patent and New Practical Patent. 1. design by SENEN company 2. 4000w engine 3. max speed 85kmph, design for brazil and USA market 4. 40ah long range battery 80-100km 5. 6a fast charger, 6-7 to full charge 40ah 6. option speed 25\/45\/65kmph for european market 7. high quality frame with 2 years warranty 8. waterproof display 9. long seat 2 persons    Brand: OEM\/ODM\/ROODER   Min.Order Quantity: 10 Piece\/Pieces   Supply Ability: 10000 Piece\/Pieces per Month   Port: Shenzhen   Payment Terms: T\/T, L\/C, D\/A, D\/P","og_url":"https:\/\/www.rooderchina.com\/es\/producto\/citycoco-scooter-echopper-rooder-larsky-4000w\/","og_site_name":"Electric Scooters Bikes Citycoco Manufacturer","article_publisher":"https:\/\/www.facebook.com\/rooder.tec","article_modified_time":"2023-11-11T10:55:37+00:00","og_image":[{"width":1024,"height":1024,"url":"https:\/\/www.rooderchina.com\/wp-content\/uploads\/2023\/11\/citycoco-scooter-echopper-Rooder-larsky-4000w-1.jpg","type":"image\/jpeg"}],"twitter_card":"summary_large_image","twitter_site":"@RooderTec","twitter_misc":{"Tiempo de lectura":"3 minutos"},"schema":{"@context":"https:\/\/schema.org","@graph":[{"@type":"WebPage","@id":"https:\/\/www.rooderchina.com\/product\/citycoco-scooter-echopper-rooder-larsky-4000w\/","url":"https:\/\/www.rooderchina.com\/product\/citycoco-scooter-echopper-rooder-larsky-4000w\/","name":"citycoco scooter echopper Rooder larsky 4000w - Electric Scooters Bikes Citycoco Manufacturer","isPartOf":{"@id":"https:\/\/www.rooderchina.com\/#website"},"datePublished":"2023-11-11T10:55:21+00:00","dateModified":"2023-11-11T10:55:37+00:00","breadcrumb":{"@id":"https:\/\/www.rooderchina.com\/product\/citycoco-scooter-echopper-rooder-larsky-4000w\/#breadcrumb"},"inLanguage":"es-AR","potentialAction":[{"@type":"ReadAction","target":["https:\/\/www.rooderchina.com\/product\/citycoco-scooter-echopper-rooder-larsky-4000w\/"]}]},{"@type":"BreadcrumbList","@id":"https:\/\/www.rooderchina.com\/product\/citycoco-scooter-echopper-rooder-larsky-4000w\/#breadcrumb","itemListElement":[{"@type":"ListItem","position":1,"name":"HOME","item":"https:\/\/www.rooderchina.com\/"},{"@type":"ListItem","position":2,"name":"Shop","item":"https:\/\/www.rooderchina.com\/shop\/"},{"@type":"ListItem","position":3,"name":"citycoco scooter echopper Rooder larsky 4000w"}]},{"@type":"WebSite","@id":"https:\/\/www.rooderchina.com\/#website","url":"https:\/\/www.rooderchina.com\/","name":"Electric Scooters Bikes Citycoco Manufacturer","description":"Rooder Technology Limited","publisher":{"@id":"https:\/\/www.rooderchina.com\/#organization"},"potentialAction":[{"@type":"SearchAction","target":{"@type":"EntryPoint","urlTemplate":"https:\/\/www.rooderchina.com\/?s={search_term_string}"},"query-input":"required name=search_term_string"}],"inLanguage":"es-AR"},{"@type":"Organization","@id":"https:\/\/www.rooderchina.com\/#organization","name":"Electric Scooters Bikes Citycoco Manufacturer","url":"https:\/\/www.rooderchina.com\/","logo":{"@type":"ImageObject","inLanguage":"es-AR","@id":"https:\/\/www.rooderchina.com\/#\/schema\/logo\/image\/","url":"https:\/\/www.rooderchina.com\/wp-content\/uploads\/2023\/12\/rooder2.jpg","contentUrl":"https:\/\/www.rooderchina.com\/wp-content\/uploads\/2023\/12\/rooder2.jpg","width":1723,"height":1037,"caption":"Electric Scooters Bikes Citycoco Manufacturer"},"image":{"@id":"https:\/\/www.rooderchina.com\/#\/schema\/logo\/image\/"},"sameAs":["https:\/\/www.facebook.com\/rooder.tec","https:\/\/twitter.com\/RooderTec"]}]}},"_links":{"self":[{"href":"https:\/\/www.rooderchina.com\/es\/wp-json\/wp\/v2\/product\/9966","targetHints":{"allow":["GET"]}}],"collection":[{"href":"https:\/\/www.rooderchina.com\/es\/wp-json\/wp\/v2\/product"}],"about":[{"href":"https:\/\/www.rooderchina.com\/es\/wp-json\/wp\/v2\/types\/product"}],"replies":[{"embeddable":true,"href":"https:\/\/www.rooderchina.com\/es\/wp-json\/wp\/v2\/comments?post=9966"}],"version-history":[{"count":1,"href":"https:\/\/www.rooderchina.com\/es\/wp-json\/wp\/v2\/product\/9966\/revisions"}],"predecessor-version":[{"id":9967,"href":"https:\/\/www.rooderchina.com\/es\/wp-json\/wp\/v2\/product\/9966\/revisions\/9967"}],"wp:featuredmedia":[{"embeddable":true,"href":"https:\/\/www.rooderchina.com\/es\/wp-json\/wp\/v2\/media\/9968"}],"wp:attachment":[{"href":"https:\/\/www.rooderchina.com\/es\/wp-json\/wp\/v2\/media?parent=9966"}],"wp:term":[{"taxonomy":"product_brand","embeddable":true,"href":"https:\/\/www.rooderchina.com\/es\/wp-json\/wp\/v2\/product_brand?post=9966"},{"taxonomy":"product_cat","embeddable":true,"href":"https:\/\/www.rooderchina.com\/es\/wp-json\/wp\/v2\/product_cat?post=9966"},{"taxonomy":"product_tag","embeddable":true,"href":"https:\/\/www.rooderchina.com\/es\/wp-json\/wp\/v2\/product_tag?post=9966"}],"curies":[{"name":"wp","href":"https:\/\/api.w.org\/{rel}","templated":true}]}}