{"id":9958,"date":"2023-11-11T18:55:21","date_gmt":"2023-11-11T10:55:21","guid":{"rendered":"http:\/\/www.rooderchina.com\/index.php\/product\/rooder-mangosteen-m1ps-electric-motorcycle-4000w-80kmph\/"},"modified":"2023-12-15T09:43:14","modified_gmt":"2023-12-15T01:43:14","slug":"rooder-mangosteen-m1ps-electric-motorcycle-4000w-80kmph","status":"publish","type":"product","link":"https:\/\/www.rooderchina.com\/es\/producto\/rooder-mangosteen-m1ps-electric-motorcycle-4000w-80kmph\/","title":{"rendered":"Rooder mangosteen m1ps motocicleta el\u00e9ctrica 4000w 80kmph"},"content":{"rendered":"<p>Rooder <a title=\"Ver todos los comentarios en mangosteen m1ps\" href=\"https:\/\/www.rooderchina.com\/es\/tag\/mangosteen-m1ps\/\" target=\"_blank\" rel=\"noopener\">mangost\u00e1n m1ps<\/a> <a title=\"Ver todas las entradas en moto el\u00e9ctrica\" href=\"https:\/\/www.rooderchina.com\/es\/tag\/electric-motorcycle\/\" target=\"_blank\" rel=\"noopener\">motocicleta el\u00e9ctrica<\/a> 4000w 80kmph<\/p>\n<p>De 0 a 1, de nada a algo, Otros pueden pasar 1 d\u00eda, Nosotros pasamos 5 a\u00f1os. Mangost\u00e1n SARA m1ps, Recogiendo las preferencias de 80.000 clientes de Super M1 (2018) en todo el mundo, Actualizado desde el maravilloso Arrow M1P (2019), Despu\u00e9s de repetidas pruebas de la cadena de suministro Runner M8 (2020), Y luego a la excelencia del Alligator M2 (2021), S-A-R-A (nuevo en 2022) combina muchas ventajas, Ligero, de moda, de alto rendimiento, rentable, Estreno mundial el 15 de julio de 2022, Se buscan agentes exclusivos en todo el mundo. Marca Mangosteen <a title=\"Ver todas las entradas en moto el\u00e9ctrica\" href=\"https:\/\/www.rooderchina.com\/es\/tag\/electric-motorcycle\/\" target=\"_blank\" rel=\"noopener\">motocicleta el\u00e9ctrica<\/a>, Una marca sobre la creaci\u00f3n, el compartir y el amor, Le invitamos a compartir la contrase\u00f1a de la riqueza global, Las plazas son limitadas, por orden de llegada.<\/p>\n<p>&nbsp;<\/p>\n<p><iframe loading=\"lazy\" title=\"Rooder mangosteen m1ps motocicleta el\u00e9ctrica 4000w 80kmph\" src=\"https:\/\/www.youtube.com\/embed\/f0QJqd5arEQ?rel=0&amp;autoplay=0\" width=\"385\" height=\"318\" frameborder=\"0\" allowfullscreen=\"allowfullscreen\"><\/iframe><\/p>\n<p><strong>Especificaci\u00f3n:<\/strong><\/p>\n<table style=\"width: 100%;\">\n<tbody>\n<tr>\n<td><strong>Modelo<\/strong><\/td>\n<td><strong>Mangost\u00e1n Rooder m1ps<\/strong><\/td>\n<\/tr>\n<tr>\n<td>Marca<\/td>\n<td>Mangost\u00e1n \/ Rooder seg\u00fan existencias<\/td>\n<\/tr>\n<tr>\n<td>Material del marco<\/td>\n<td>Armaz\u00f3n de aleaci\u00f3n de hierro sin costuras<\/td>\n<\/tr>\n<tr>\n<td>Tama\u00f1o del neum\u00e1tico delantero<\/td>\n<td>130\/70-12<\/td>\n<\/tr>\n<tr>\n<td>Tama\u00f1o del neum\u00e1tico trasero<\/td>\n<td>215\/40-12<\/td>\n<\/tr>\n<tr>\n<td>Presi\u00f3n de los neum\u00e1ticos<\/td>\n<td>delantero 225kpa, trasero 151kpa<\/td>\n<\/tr>\n<tr>\n<td>Horquilla delantera<\/td>\n<td>ronzlla tenedor mec\u00e1nico<\/td>\n<\/tr>\n<tr>\n<td>Sistema de cambio<\/td>\n<td>NO<\/td>\n<\/tr>\n<tr>\n<td>Tipo de freno<\/td>\n<td>Freno de disco delantero y trasero<\/td>\n<\/tr>\n<tr>\n<td>Potencia del motor<\/td>\n<td>Motor sin escobillas de 72 V y 4000 W<\/td>\n<\/tr>\n<tr>\n<td>Velocidad m\u00e1xima<\/td>\n<td>80 km\/h para Europa<\/td>\n<\/tr>\n<tr>\n<td>Grade-ability<\/td>\n<td>40 grados<\/td>\n<\/tr>\n<tr>\n<td>Carga m\u00e1xima<\/td>\n<td>200 kg<\/td>\n<\/tr>\n<tr>\n<td>Bater\u00eda<\/td>\n<td>Bater\u00eda extra\u00edble de iones de litio de 72 V y 40 Ah<\/td>\n<\/tr>\n<tr>\n<td>Gama<\/td>\n<td>80-120 km<\/td>\n<\/tr>\n<tr>\n<td>Cargador<\/td>\n<td>MGSD 72V, 5A<\/td>\n<\/tr>\n<tr>\n<td>Tiempo de carga<\/td>\n<td>7-8 horas<\/td>\n<\/tr>\n<tr>\n<td>Temperatura de trabajo<\/td>\n<td>-20~40\u2103<\/td>\n<\/tr>\n<tr>\n<td>Norma de estanqueidad<\/td>\n<td>IP54<\/td>\n<\/tr>\n<tr>\n<td>Mostrar<\/td>\n<td>Pantalla LCD<\/td>\n<\/tr>\n<tr>\n<td>Amortiguador delantero<\/td>\n<td>Amortiguador hidr\u00e1ulico Horquilla<\/td>\n<\/tr>\n<tr>\n<td>Amortiguador trasero<\/td>\n<td>Amortiguador de muelle de aleaci\u00f3n de aluminio<\/td>\n<\/tr>\n<tr>\n<td>Sistema de iluminaci\u00f3n<\/td>\n<td>Faro LED, luz de freno, intermitentes, reflector lateral,<\/td>\n<\/tr>\n<tr>\n<td>Altura del sill\u00edn<\/td>\n<td>63,5 cm<\/td>\n<\/tr>\n<tr>\n<td>Altura adecuada<\/td>\n<td>160-210 cm<\/td>\n<\/tr>\n<tr>\n<td>Alarma<\/td>\n<td>alarma con mando a distancia de 2 piezas<\/td>\n<\/tr>\n<tr>\n<td>Peso neto del producto<\/td>\n<td>81 kg<\/td>\n<\/tr>\n<tr>\n<td>Peso bruto<\/td>\n<td>92 kg<\/td>\n<\/tr>\n<tr>\n<td>Certificados<\/td>\n<td>CE, FCC, ROHS, EEC, COC, CNIT, UTAC, DOT, MSDS, UN38.3<\/td>\n<\/tr>\n<tr>\n<td>Tama\u00f1o del producto<\/td>\n<td>210*91*130 cm \uff08L*W*H)<\/td>\n<\/tr>\n<tr>\n<td>Tama\u00f1o del envase<\/td>\n<td>188*37,5*77 cm\uff08L*W*H)<\/td>\n<\/tr>\n<tr>\n<td>Lista de paquetes<\/td>\n<td>citycoco m1ps escooter, espejos, cargador, herramientas, manual de usuario<\/td>\n<\/tr>\n<\/tbody>\n<\/table>\n<p>&nbsp;<\/p>\n<p><strong>fotos:<\/strong><\/p>","protected":false},"excerpt":{"rendered":"<h3>Breve descripci\u00f3n:<\/h3>\n<p>m1ps motocicleta el\u00e9ctrica Rooder magosteen chopper.<\/p>\n<p>1. Cargador r\u00e1pido de 72v 13ah, 3 horas para cargar completamente la bater\u00eda de litio.<\/p>\n<p>2. 72V 4000w potente motor, 80kmph.<\/p>\n<p>3. Bater\u00eda extra\u00edble 72v 40ah, autonom\u00eda de 80 a 100 km.<\/p>\n<p>4. Controlador 72v 80A.<\/p>\n<p>5. Motor 72v 170N\/M<\/p>\n<p>6.  CE CEE COC DOT<\/p>\n<p>7. FDS UN38.3<\/p>\n<p>8. Stock en la UE y EE.UU., sin MOQ.<\/p>\n<p>&nbsp;<\/p>\n<p>&nbsp;<\/p>\n<ul>\n<li><em>Marca: <\/em> OEM\/ODM\/RODER<\/li>\n<li><em>Cantidad m\u00ednima de pedido: <\/em> 10 piezas\/piezas<\/li>\n<li><em>Capacidad de suministro: <\/em> 10000 piezas por mes<\/li>\n<li><em>Puerto: <\/em> Shenzhen<\/li>\n<li><em>Condiciones de pago: <\/em> T\/T, L\/C, D\/A, D\/P<\/li>\n<\/ul>\n<p>&nbsp;<\/p>","protected":false},"featured_media":9960,"comment_status":"closed","ping_status":"closed","template":"","meta":[],"product_brand":[],"product_cat":[464],"product_tag":[516,894,754,895,745,896],"class_list":{"0":"post-9958","1":"product","2":"type-product","3":"status-publish","4":"has-post-thumbnail","6":"product_cat-citycoco-choppers","7":"product_tag-electric-motorcycle","8":"product_tag-mangosteen-4000w","9":"product_tag-mangosteen-m1ps","10":"product_tag-motorcycle","11":"product_tag-rooder","12":"product_tag-rooder-m1ps","14":"first","15":"instock","16":"featured","17":"product-type-simple"},"yoast_head":"<!-- This site is optimized with the Yoast SEO plugin v21.7 - https:\/\/yoast.com\/wordpress\/plugins\/seo\/ -->\n<title>Rooder mangosteen m1ps electric motorcycle 4000w 80kmph - Electric Scooters Bikes Citycoco Manufacturer<\/title>\n<meta name=\"robots\" content=\"index, follow, max-snippet:-1, max-image-preview:large, max-video-preview:-1\" \/>\n<link rel=\"canonical\" href=\"https:\/\/www.rooderchina.com\/es\/producto\/rooder-mangosteen-m1ps-electric-motorcycle-4000w-80kmph\/\" \/>\n<meta property=\"og:locale\" content=\"es_ES\" \/>\n<meta property=\"og:type\" content=\"article\" \/>\n<meta property=\"og:title\" content=\"Rooder mangosteen m1ps electric motorcycle 4000w 80kmph - Electric Scooters Bikes Citycoco Manufacturer\" \/>\n<meta property=\"og:description\" content=\"Short Description: m1ps electric motorcycle Rooder magosteen chopper.  1. 72v 13ah fast charger, 3 hours to full charge the lithium battery.  2. 72V 4000w powerful motor, 80kmph.  3. 72v 40ah removable battery, 80 to 100 km range.  4. 72v 80A controller.  5. 72v 170N\/M motor  6.\u00a0 CE EEC COC DOT  7. MSDS UN38.3  8. EU and US stock, no MOQ.  &nbsp;  &nbsp;   Brand: OEM\/ODM\/ROODER  Min.Order Quantity: 10 Piece\/Pieces  Supply Ability: 10000 Piece\/Pieces per Month  Port: Shenzhen  Payment Terms: T\/T, L\/C, D\/A, D\/P  &nbsp;\" \/>\n<meta property=\"og:url\" content=\"https:\/\/www.rooderchina.com\/es\/producto\/rooder-mangosteen-m1ps-electric-motorcycle-4000w-80kmph\/\" \/>\n<meta property=\"og:site_name\" content=\"Electric Scooters Bikes Citycoco Manufacturer\" \/>\n<meta property=\"article:publisher\" content=\"https:\/\/www.facebook.com\/rooder.tec\" \/>\n<meta property=\"article:modified_time\" content=\"2023-12-15T01:43:14+00:00\" \/>\n<meta property=\"og:image\" content=\"https:\/\/www.rooderchina.com\/wp-content\/uploads\/2023\/11\/Rooder-mangosteen-m1ps-electric-motorcycle-4000w-80kmph-1.jpg\" \/>\n\t<meta property=\"og:image:width\" content=\"1024\" \/>\n\t<meta property=\"og:image:height\" content=\"1024\" \/>\n\t<meta property=\"og:image:type\" content=\"image\/jpeg\" \/>\n<meta name=\"twitter:card\" content=\"summary_large_image\" \/>\n<meta name=\"twitter:site\" content=\"@RooderTec\" \/>\n<meta name=\"twitter:label1\" content=\"Tiempo de lectura\" \/>\n\t<meta name=\"twitter:data1\" content=\"2 minutos\" \/>\n<script type=\"application\/ld+json\" class=\"yoast-schema-graph\">{\"@context\":\"https:\/\/schema.org\",\"@graph\":[{\"@type\":\"WebPage\",\"@id\":\"https:\/\/www.rooderchina.com\/product\/rooder-mangosteen-m1ps-electric-motorcycle-4000w-80kmph\/\",\"url\":\"https:\/\/www.rooderchina.com\/product\/rooder-mangosteen-m1ps-electric-motorcycle-4000w-80kmph\/\",\"name\":\"Rooder mangosteen m1ps electric motorcycle 4000w 80kmph - Electric Scooters Bikes Citycoco Manufacturer\",\"isPartOf\":{\"@id\":\"https:\/\/www.rooderchina.com\/#website\"},\"datePublished\":\"2023-11-11T10:55:21+00:00\",\"dateModified\":\"2023-12-15T01:43:14+00:00\",\"breadcrumb\":{\"@id\":\"https:\/\/www.rooderchina.com\/product\/rooder-mangosteen-m1ps-electric-motorcycle-4000w-80kmph\/#breadcrumb\"},\"inLanguage\":\"es-AR\",\"potentialAction\":[{\"@type\":\"ReadAction\",\"target\":[\"https:\/\/www.rooderchina.com\/product\/rooder-mangosteen-m1ps-electric-motorcycle-4000w-80kmph\/\"]}]},{\"@type\":\"BreadcrumbList\",\"@id\":\"https:\/\/www.rooderchina.com\/product\/rooder-mangosteen-m1ps-electric-motorcycle-4000w-80kmph\/#breadcrumb\",\"itemListElement\":[{\"@type\":\"ListItem\",\"position\":1,\"name\":\"HOME\",\"item\":\"https:\/\/www.rooderchina.com\/\"},{\"@type\":\"ListItem\",\"position\":2,\"name\":\"Shop\",\"item\":\"https:\/\/www.rooderchina.com\/shop\/\"},{\"@type\":\"ListItem\",\"position\":3,\"name\":\"Rooder mangosteen m1ps electric motorcycle 4000w 80kmph\"}]},{\"@type\":\"WebSite\",\"@id\":\"https:\/\/www.rooderchina.com\/#website\",\"url\":\"https:\/\/www.rooderchina.com\/\",\"name\":\"Electric Scooters Bikes Citycoco Manufacturer\",\"description\":\"Rooder Technology Limited\",\"publisher\":{\"@id\":\"https:\/\/www.rooderchina.com\/#organization\"},\"potentialAction\":[{\"@type\":\"SearchAction\",\"target\":{\"@type\":\"EntryPoint\",\"urlTemplate\":\"https:\/\/www.rooderchina.com\/?s={search_term_string}\"},\"query-input\":\"required name=search_term_string\"}],\"inLanguage\":\"es-AR\"},{\"@type\":\"Organization\",\"@id\":\"https:\/\/www.rooderchina.com\/#organization\",\"name\":\"Electric Scooters Bikes Citycoco Manufacturer\",\"url\":\"https:\/\/www.rooderchina.com\/\",\"logo\":{\"@type\":\"ImageObject\",\"inLanguage\":\"es-AR\",\"@id\":\"https:\/\/www.rooderchina.com\/#\/schema\/logo\/image\/\",\"url\":\"https:\/\/www.rooderchina.com\/wp-content\/uploads\/2023\/12\/rooder2.jpg\",\"contentUrl\":\"https:\/\/www.rooderchina.com\/wp-content\/uploads\/2023\/12\/rooder2.jpg\",\"width\":1723,\"height\":1037,\"caption\":\"Electric Scooters Bikes Citycoco Manufacturer\"},\"image\":{\"@id\":\"https:\/\/www.rooderchina.com\/#\/schema\/logo\/image\/\"},\"sameAs\":[\"https:\/\/www.facebook.com\/rooder.tec\",\"https:\/\/twitter.com\/RooderTec\"]}]}<\/script>\n<!-- \/ Yoast SEO plugin. -->","yoast_head_json":{"title":"Rooder mangosteen m1ps electric motorcycle 4000w 80kmph - Electric Scooters Bikes Citycoco Manufacturer","robots":{"index":"index","follow":"follow","max-snippet":"max-snippet:-1","max-image-preview":"max-image-preview:large","max-video-preview":"max-video-preview:-1"},"canonical":"https:\/\/www.rooderchina.com\/es\/producto\/rooder-mangosteen-m1ps-electric-motorcycle-4000w-80kmph\/","og_locale":"es_ES","og_type":"article","og_title":"Rooder mangosteen m1ps electric motorcycle 4000w 80kmph - Electric Scooters Bikes Citycoco Manufacturer","og_description":"Short Description: m1ps electric motorcycle Rooder magosteen chopper.  1. 72v 13ah fast charger, 3 hours to full charge the lithium battery.  2. 72V 4000w powerful motor, 80kmph.  3. 72v 40ah removable battery, 80 to 100 km range.  4. 72v 80A controller.  5. 72v 170N\/M motor  6.\u00a0 CE EEC COC DOT  7. MSDS UN38.3  8. EU and US stock, no MOQ.  &nbsp;  &nbsp;   Brand: OEM\/ODM\/ROODER  Min.Order Quantity: 10 Piece\/Pieces  Supply Ability: 10000 Piece\/Pieces per Month  Port: Shenzhen  Payment Terms: T\/T, L\/C, D\/A, D\/P  &nbsp;","og_url":"https:\/\/www.rooderchina.com\/es\/producto\/rooder-mangosteen-m1ps-electric-motorcycle-4000w-80kmph\/","og_site_name":"Electric Scooters Bikes Citycoco Manufacturer","article_publisher":"https:\/\/www.facebook.com\/rooder.tec","article_modified_time":"2023-12-15T01:43:14+00:00","og_image":[{"width":1024,"height":1024,"url":"https:\/\/www.rooderchina.com\/wp-content\/uploads\/2023\/11\/Rooder-mangosteen-m1ps-electric-motorcycle-4000w-80kmph-1.jpg","type":"image\/jpeg"}],"twitter_card":"summary_large_image","twitter_site":"@RooderTec","twitter_misc":{"Tiempo de lectura":"2 minutos"},"schema":{"@context":"https:\/\/schema.org","@graph":[{"@type":"WebPage","@id":"https:\/\/www.rooderchina.com\/product\/rooder-mangosteen-m1ps-electric-motorcycle-4000w-80kmph\/","url":"https:\/\/www.rooderchina.com\/product\/rooder-mangosteen-m1ps-electric-motorcycle-4000w-80kmph\/","name":"Rooder mangosteen m1ps electric motorcycle 4000w 80kmph - Electric Scooters Bikes Citycoco Manufacturer","isPartOf":{"@id":"https:\/\/www.rooderchina.com\/#website"},"datePublished":"2023-11-11T10:55:21+00:00","dateModified":"2023-12-15T01:43:14+00:00","breadcrumb":{"@id":"https:\/\/www.rooderchina.com\/product\/rooder-mangosteen-m1ps-electric-motorcycle-4000w-80kmph\/#breadcrumb"},"inLanguage":"es-AR","potentialAction":[{"@type":"ReadAction","target":["https:\/\/www.rooderchina.com\/product\/rooder-mangosteen-m1ps-electric-motorcycle-4000w-80kmph\/"]}]},{"@type":"BreadcrumbList","@id":"https:\/\/www.rooderchina.com\/product\/rooder-mangosteen-m1ps-electric-motorcycle-4000w-80kmph\/#breadcrumb","itemListElement":[{"@type":"ListItem","position":1,"name":"HOME","item":"https:\/\/www.rooderchina.com\/"},{"@type":"ListItem","position":2,"name":"Shop","item":"https:\/\/www.rooderchina.com\/shop\/"},{"@type":"ListItem","position":3,"name":"Rooder mangosteen m1ps electric motorcycle 4000w 80kmph"}]},{"@type":"WebSite","@id":"https:\/\/www.rooderchina.com\/#website","url":"https:\/\/www.rooderchina.com\/","name":"Electric Scooters Bikes Citycoco Manufacturer","description":"Rooder Technology Limited","publisher":{"@id":"https:\/\/www.rooderchina.com\/#organization"},"potentialAction":[{"@type":"SearchAction","target":{"@type":"EntryPoint","urlTemplate":"https:\/\/www.rooderchina.com\/?s={search_term_string}"},"query-input":"required name=search_term_string"}],"inLanguage":"es-AR"},{"@type":"Organization","@id":"https:\/\/www.rooderchina.com\/#organization","name":"Electric Scooters Bikes Citycoco Manufacturer","url":"https:\/\/www.rooderchina.com\/","logo":{"@type":"ImageObject","inLanguage":"es-AR","@id":"https:\/\/www.rooderchina.com\/#\/schema\/logo\/image\/","url":"https:\/\/www.rooderchina.com\/wp-content\/uploads\/2023\/12\/rooder2.jpg","contentUrl":"https:\/\/www.rooderchina.com\/wp-content\/uploads\/2023\/12\/rooder2.jpg","width":1723,"height":1037,"caption":"Electric Scooters Bikes Citycoco Manufacturer"},"image":{"@id":"https:\/\/www.rooderchina.com\/#\/schema\/logo\/image\/"},"sameAs":["https:\/\/www.facebook.com\/rooder.tec","https:\/\/twitter.com\/RooderTec"]}]}},"_links":{"self":[{"href":"https:\/\/www.rooderchina.com\/es\/wp-json\/wp\/v2\/product\/9958","targetHints":{"allow":["GET"]}}],"collection":[{"href":"https:\/\/www.rooderchina.com\/es\/wp-json\/wp\/v2\/product"}],"about":[{"href":"https:\/\/www.rooderchina.com\/es\/wp-json\/wp\/v2\/types\/product"}],"replies":[{"embeddable":true,"href":"https:\/\/www.rooderchina.com\/es\/wp-json\/wp\/v2\/comments?post=9958"}],"version-history":[{"count":2,"href":"https:\/\/www.rooderchina.com\/es\/wp-json\/wp\/v2\/product\/9958\/revisions"}],"predecessor-version":[{"id":18316,"href":"https:\/\/www.rooderchina.com\/es\/wp-json\/wp\/v2\/product\/9958\/revisions\/18316"}],"wp:featuredmedia":[{"embeddable":true,"href":"https:\/\/www.rooderchina.com\/es\/wp-json\/wp\/v2\/media\/9960"}],"wp:attachment":[{"href":"https:\/\/www.rooderchina.com\/es\/wp-json\/wp\/v2\/media?parent=9958"}],"wp:term":[{"taxonomy":"product_brand","embeddable":true,"href":"https:\/\/www.rooderchina.com\/es\/wp-json\/wp\/v2\/product_brand?post=9958"},{"taxonomy":"product_cat","embeddable":true,"href":"https:\/\/www.rooderchina.com\/es\/wp-json\/wp\/v2\/product_cat?post=9958"},{"taxonomy":"product_tag","embeddable":true,"href":"https:\/\/www.rooderchina.com\/es\/wp-json\/wp\/v2\/product_tag?post=9958"}],"curies":[{"name":"wp","href":"https:\/\/api.w.org\/{rel}","templated":true}]}}