{"id":9949,"date":"2023-11-11T18:54:58","date_gmt":"2023-11-11T10:54:58","guid":{"rendered":"http:\/\/www.rooderchina.com\/index.php\/product\/rooder-r803o10-best-long-range-electric-scooter-48v-3200w-21ah\/"},"modified":"2023-11-11T18:55:10","modified_gmt":"2023-11-11T10:55:10","slug":"rooder-r803o10-best-long-range-electric-scooter-48v-3200w-21ah","status":"publish","type":"product","link":"https:\/\/www.rooderchina.com\/es\/producto\/rooder-r803o10-best-long-range-electric-scooter-48v-3200w-21ah\/","title":{"rendered":"Rooder r803o10 mejor scooter el\u00e9ctrico de larga autonom\u00eda 48v 3200w 21ah"},"content":{"rendered":"<table style=\"width: 423px;\" border=\"0\" cellspacing=\"0\" cellpadding=\"0\">\n<colgroup>\n<col width=\"149\" \/>\n<col width=\"274\" \/> <\/colgroup>\n<tbody>\n<tr>\n<td width=\"149\" height=\"19\">Modelo<\/td>\n<td width=\"274\">\u00a0<a href=\"https:\/\/www.rooderchina.com\/es\/tag\/r803o10\/\" title=\"View all posts in r803o10\" target=\"_blank\" rel=\"noopener\">r803o10<\/a><\/td>\n<\/tr>\n<tr>\n<td height=\"19\">NW<\/td>\n<td>\u00a043kgs<\/td>\n<\/tr>\n<tr>\n<td height=\"19\">Neum\u00e1tico<\/td>\n<td>\u00a010 inches tires<\/td>\n<\/tr>\n<tr>\n<td height=\"19\">Carga m\u00e1xima<\/td>\n<td>\u00a0200KG<\/td>\n<\/tr>\n<tr>\n<td height=\"19\">Motor<\/td>\n<td>\u00a048V1600KW*2<\/td>\n<\/tr>\n<tr>\n<td height=\"19\">Velocidad m\u00e1xima<\/td>\n<td>\u00a060-70km\/h<\/td>\n<\/tr>\n<tr>\n<td height=\"19\">Controlador<\/td>\n<td>\u00a0controladores dobles<\/td>\n<\/tr>\n<tr>\n<td height=\"19\">Frenos<\/td>\n<td>\u00a0Frenos de aceite hidr\u00e1ulicos delanteros y traseros<\/td>\n<\/tr>\n<tr>\n<td height=\"19\">Amortigua<\/td>\n<td>\u00a0Amortiguadores de muelle delanteros y traseros<\/td>\n<\/tr>\n<tr>\n<td height=\"19\">Luces<\/td>\n<td>\u00a02*lights + motorcycle horns<\/td>\n<\/tr>\n<tr>\n<td height=\"19\">Mostrar<\/td>\n<td>\u00a0velocidad, bater\u00eda y kilometraje<\/td>\n<\/tr>\n<tr>\n<td height=\"19\">Cargador<\/td>\n<td>\u00a0Cargador 4A<\/td>\n<\/tr>\n<tr>\n<td height=\"19\">Pendiente de ascenso<\/td>\n<td>\u00a0aprox. 30 grados<\/td>\n<\/tr>\n<tr>\n<td height=\"19\">Grado de impermeabilidad<\/td>\n<td>\u00a0IP54<\/td>\n<\/tr>\n<tr>\n<td height=\"19\">Tensi\u00f3n de entrada del cargador<\/td>\n<td>\u00a0100 - 240 V, 50 \/ 60 Hz<\/td>\n<\/tr>\n<tr>\n<td height=\"19\">Bater\u00eda<\/td>\n<td>\u00a048v21ah lithium battery<\/td>\n<\/tr>\n<tr>\n<td height=\"19\">Tiempo de carga<\/td>\n<td>\u00a06-7 horas<\/td>\n<\/tr>\n<tr>\n<td height=\"19\">Tama\u00f1o desplegable<\/td>\n<td>\u00a0133*57*130cm<\/td>\n<\/tr>\n<tr>\n<td height=\"19\">Tama\u00f1o plegable<\/td>\n<td>\u00a0123*23*47cm<\/td>\n<\/tr>\n<tr>\n<td height=\"19\">Tama\u00f1o del embalaje<\/td>\n<td>\u00a0137*36*57cm<\/td>\n<\/tr>\n<tr>\n<td height=\"19\">GW<\/td>\n<td>\u00a048kgs<\/td>\n<\/tr>\n<\/tbody>\n<\/table>\n<p>&nbsp;<br \/>\n<iframe loading=\"lazy\" title=\"scooter el\u00e9ctrico\" src=\"https:\/\/www.youtube.com\/embed\/ghKKVi9CVHA?rel=0&amp;autoplay=0\" height=\"318\" width=\"385\" allowfullscreen=\"\" frameborder=\"0\"><\/iframe><\/p>","protected":false},"excerpt":{"rendered":"<h3>Breve descripci\u00f3n:<\/h3>\n<p><p>Rooder Technology Co., Ltd. es una f\u00e1brica especializada en scooters el\u00e9ctricos y todo tipo de bicicletas el\u00e9ctricas en China. Nuestros principales productos son motores, scooters, kits de conversi\u00f3n para bicicletas el\u00e9ctricas, bicicletas el\u00e9ctricas de monta\u00f1a y ciudad, bicicletas el\u00e9ctricas con neum\u00e1ticos gordos y piezas relativas para bicicletas el\u00e9ctricas. Con mucha experiencia en esta industria, la empresa ha establecido una cooperaci\u00f3n buena y estable con muchos proveedores. Con el fin de proporcionar el mejor kit de conversi\u00f3n ebike y el mejor producto de integraci\u00f3n ebike, la empresa siempre est\u00e1 haciendo todo lo posible para mejorar y desarrollar.<\/p>\n<p>Ha establecido un estricto sistema de producci\u00f3n, control de calidad y pruebas. Hasta ahora, tiene muchos clientes de ebikes y kits en todo el mundo y goza de una buena reputaci\u00f3n. Nuestras ventajas:1. Servicio pre y postventa inmediato y excelente2. Soporte t\u00e9cnico profesional en electr\u00f3nica y ebikes3. S\u00f3lida relaci\u00f3n con clientes de todo el mundo4. Estricto sistema de producci\u00f3n y pruebas para garantizar que todos los productos cumplen los requisitos antes de la entrega. Con el lema \"La calidad hace al cliente, el servicio mantiene al cliente\", cumplimos lo que prometemos. Invitamos cordial y sinceramente a los clientes nacionales y extranjeros a ponerse en contacto con nosotros para negociar negocios, intercambiar informaci\u00f3n y cooperar con nosotros.<\/p>\n<\/p>\n<p><\/p>\n<li><em>Marca: <\/em> OEM\/ODM\/RODER<\/li>\n<li><em>Cantidad m\u00ednima de pedido: <\/em> 10 piezas\/piezas<\/li>\n<li><em>Capacidad de suministro: <\/em> 10000 piezas por mes<\/li>\n<li><em>Puerto: <\/em> Shenzhen<\/li>\n<li><em>Condiciones de pago: <\/em> T\/T, L\/C, D\/A, D\/P<\/li>","protected":false},"featured_media":9951,"comment_status":"closed","ping_status":"open","template":"","meta":[],"product_brand":[],"product_cat":[829],"product_tag":[891,530,892,745,893],"class_list":{"0":"post-9949","1":"product","2":"type-product","3":"status-publish","4":"has-post-thumbnail","6":"product_cat-electric-scooters","7":"product_tag-best-long-range-electric-scooter","8":"product_tag-electric-scooter","9":"product_tag-r803o10","10":"product_tag-rooder","11":"product_tag-rooder-r803o10","13":"first","14":"instock","15":"product-type-simple"},"yoast_head":"<!-- This site is optimized with the Yoast SEO plugin v21.7 - https:\/\/yoast.com\/wordpress\/plugins\/seo\/ -->\n<title>Rooder r803o10 best long range electric scooter 48v 3200w 21ah - Electric Scooters Bikes Citycoco Manufacturer<\/title>\n<meta name=\"robots\" content=\"index, follow, max-snippet:-1, max-image-preview:large, max-video-preview:-1\" \/>\n<link rel=\"canonical\" href=\"https:\/\/www.rooderchina.com\/es\/producto\/rooder-r803o10-best-long-range-electric-scooter-48v-3200w-21ah\/\" \/>\n<meta property=\"og:locale\" content=\"es_ES\" \/>\n<meta property=\"og:type\" content=\"article\" \/>\n<meta property=\"og:title\" content=\"Rooder r803o10 best long range electric scooter 48v 3200w 21ah - Electric Scooters Bikes Citycoco Manufacturer\" \/>\n<meta property=\"og:description\" content=\"Short Description: Rooder Technology Co., Ltd. is a factory specialized in electric scooters and all kinds of electric bicycles in China. Our main products are motors, scooters, electric bike conversion kits, mountain and city electric bikes, fat tyre electric bikes and relative parts for electric bicycles. With much experience in this industry, company has established a good and stable cooperation with many suppliers. In order to provide the best ebike conversion kit and ebike integration product, company is always doing its best to improve and develop. It has setted up strict production, quality control and test system. Until now, it has many ebikes and kits customers around the world and have a good reputation. Our advantages:1. Instant and excellent pre and after sales service2. Professional technical support in electronics and ebikes3. Solid relationship with customers around the world4. Strict production and test system to insure each product qualified before delivery Aimed at &#8220;Quality make customer, service retain customer&#8221; we just do what we promise. Warmly and sincerely welcome domestic and abroad customers to contact us to negotiate business, exchange information and cooperate with us!    Brand: OEM\/ODM\/ROODER   Min.Order Quantity: 10 Piece\/Pieces   Supply Ability: 10000 Piece\/Pieces per Month   Port: Shenzhen   Payment Terms: T\/T, L\/C, D\/A, D\/P\" \/>\n<meta property=\"og:url\" content=\"https:\/\/www.rooderchina.com\/es\/producto\/rooder-r803o10-best-long-range-electric-scooter-48v-3200w-21ah\/\" \/>\n<meta property=\"og:site_name\" content=\"Electric Scooters Bikes Citycoco Manufacturer\" \/>\n<meta property=\"article:publisher\" content=\"https:\/\/www.facebook.com\/rooder.tec\" \/>\n<meta property=\"article:modified_time\" content=\"2023-11-11T10:55:10+00:00\" \/>\n<meta property=\"og:image\" content=\"https:\/\/www.rooderchina.com\/wp-content\/uploads\/2023\/11\/Rooder-r803o10-best-long-range-electric-scooter-48v-3200w-21ah-1.jpg\" \/>\n\t<meta property=\"og:image:width\" content=\"1000\" \/>\n\t<meta property=\"og:image:height\" content=\"1000\" \/>\n\t<meta property=\"og:image:type\" content=\"image\/jpeg\" \/>\n<meta name=\"twitter:card\" content=\"summary_large_image\" \/>\n<meta name=\"twitter:site\" content=\"@RooderTec\" \/>\n<script type=\"application\/ld+json\" class=\"yoast-schema-graph\">{\"@context\":\"https:\/\/schema.org\",\"@graph\":[{\"@type\":\"WebPage\",\"@id\":\"https:\/\/www.rooderchina.com\/product\/rooder-r803o10-best-long-range-electric-scooter-48v-3200w-21ah\/\",\"url\":\"https:\/\/www.rooderchina.com\/product\/rooder-r803o10-best-long-range-electric-scooter-48v-3200w-21ah\/\",\"name\":\"Rooder r803o10 best long range electric scooter 48v 3200w 21ah - Electric Scooters Bikes Citycoco Manufacturer\",\"isPartOf\":{\"@id\":\"https:\/\/www.rooderchina.com\/#website\"},\"datePublished\":\"2023-11-11T10:54:58+00:00\",\"dateModified\":\"2023-11-11T10:55:10+00:00\",\"breadcrumb\":{\"@id\":\"https:\/\/www.rooderchina.com\/product\/rooder-r803o10-best-long-range-electric-scooter-48v-3200w-21ah\/#breadcrumb\"},\"inLanguage\":\"es-AR\",\"potentialAction\":[{\"@type\":\"ReadAction\",\"target\":[\"https:\/\/www.rooderchina.com\/product\/rooder-r803o10-best-long-range-electric-scooter-48v-3200w-21ah\/\"]}]},{\"@type\":\"BreadcrumbList\",\"@id\":\"https:\/\/www.rooderchina.com\/product\/rooder-r803o10-best-long-range-electric-scooter-48v-3200w-21ah\/#breadcrumb\",\"itemListElement\":[{\"@type\":\"ListItem\",\"position\":1,\"name\":\"HOME\",\"item\":\"https:\/\/www.rooderchina.com\/\"},{\"@type\":\"ListItem\",\"position\":2,\"name\":\"Shop\",\"item\":\"https:\/\/www.rooderchina.com\/shop\/\"},{\"@type\":\"ListItem\",\"position\":3,\"name\":\"Rooder r803o10 best long range electric scooter 48v 3200w 21ah\"}]},{\"@type\":\"WebSite\",\"@id\":\"https:\/\/www.rooderchina.com\/#website\",\"url\":\"https:\/\/www.rooderchina.com\/\",\"name\":\"Electric Scooters Bikes Citycoco Manufacturer\",\"description\":\"Rooder Technology Limited\",\"publisher\":{\"@id\":\"https:\/\/www.rooderchina.com\/#organization\"},\"potentialAction\":[{\"@type\":\"SearchAction\",\"target\":{\"@type\":\"EntryPoint\",\"urlTemplate\":\"https:\/\/www.rooderchina.com\/?s={search_term_string}\"},\"query-input\":\"required name=search_term_string\"}],\"inLanguage\":\"es-AR\"},{\"@type\":\"Organization\",\"@id\":\"https:\/\/www.rooderchina.com\/#organization\",\"name\":\"Electric Scooters Bikes Citycoco Manufacturer\",\"url\":\"https:\/\/www.rooderchina.com\/\",\"logo\":{\"@type\":\"ImageObject\",\"inLanguage\":\"es-AR\",\"@id\":\"https:\/\/www.rooderchina.com\/#\/schema\/logo\/image\/\",\"url\":\"https:\/\/www.rooderchina.com\/wp-content\/uploads\/2023\/12\/rooder2.jpg\",\"contentUrl\":\"https:\/\/www.rooderchina.com\/wp-content\/uploads\/2023\/12\/rooder2.jpg\",\"width\":1723,\"height\":1037,\"caption\":\"Electric Scooters Bikes Citycoco Manufacturer\"},\"image\":{\"@id\":\"https:\/\/www.rooderchina.com\/#\/schema\/logo\/image\/\"},\"sameAs\":[\"https:\/\/www.facebook.com\/rooder.tec\",\"https:\/\/twitter.com\/RooderTec\"]}]}<\/script>\n<!-- \/ Yoast SEO plugin. -->","yoast_head_json":{"title":"Rooder r803o10 best long range electric scooter 48v 3200w 21ah - Electric Scooters Bikes Citycoco Manufacturer","robots":{"index":"index","follow":"follow","max-snippet":"max-snippet:-1","max-image-preview":"max-image-preview:large","max-video-preview":"max-video-preview:-1"},"canonical":"https:\/\/www.rooderchina.com\/es\/producto\/rooder-r803o10-best-long-range-electric-scooter-48v-3200w-21ah\/","og_locale":"es_ES","og_type":"article","og_title":"Rooder r803o10 best long range electric scooter 48v 3200w 21ah - Electric Scooters Bikes Citycoco Manufacturer","og_description":"Short Description: Rooder Technology Co., Ltd. is a factory specialized in electric scooters and all kinds of electric bicycles in China. Our main products are motors, scooters, electric bike conversion kits, mountain and city electric bikes, fat tyre electric bikes and relative parts for electric bicycles. With much experience in this industry, company has established a good and stable cooperation with many suppliers. In order to provide the best ebike conversion kit and ebike integration product, company is always doing its best to improve and develop. It has setted up strict production, quality control and test system. Until now, it has many ebikes and kits customers around the world and have a good reputation. Our advantages:1. Instant and excellent pre and after sales service2. Professional technical support in electronics and ebikes3. Solid relationship with customers around the world4. Strict production and test system to insure each product qualified before delivery Aimed at &#8220;Quality make customer, service retain customer&#8221; we just do what we promise. Warmly and sincerely welcome domestic and abroad customers to contact us to negotiate business, exchange information and cooperate with us!    Brand: OEM\/ODM\/ROODER   Min.Order Quantity: 10 Piece\/Pieces   Supply Ability: 10000 Piece\/Pieces per Month   Port: Shenzhen   Payment Terms: T\/T, L\/C, D\/A, D\/P","og_url":"https:\/\/www.rooderchina.com\/es\/producto\/rooder-r803o10-best-long-range-electric-scooter-48v-3200w-21ah\/","og_site_name":"Electric Scooters Bikes Citycoco Manufacturer","article_publisher":"https:\/\/www.facebook.com\/rooder.tec","article_modified_time":"2023-11-11T10:55:10+00:00","og_image":[{"width":1000,"height":1000,"url":"https:\/\/www.rooderchina.com\/wp-content\/uploads\/2023\/11\/Rooder-r803o10-best-long-range-electric-scooter-48v-3200w-21ah-1.jpg","type":"image\/jpeg"}],"twitter_card":"summary_large_image","twitter_site":"@RooderTec","schema":{"@context":"https:\/\/schema.org","@graph":[{"@type":"WebPage","@id":"https:\/\/www.rooderchina.com\/product\/rooder-r803o10-best-long-range-electric-scooter-48v-3200w-21ah\/","url":"https:\/\/www.rooderchina.com\/product\/rooder-r803o10-best-long-range-electric-scooter-48v-3200w-21ah\/","name":"Rooder r803o10 best long range electric scooter 48v 3200w 21ah - Electric Scooters Bikes Citycoco Manufacturer","isPartOf":{"@id":"https:\/\/www.rooderchina.com\/#website"},"datePublished":"2023-11-11T10:54:58+00:00","dateModified":"2023-11-11T10:55:10+00:00","breadcrumb":{"@id":"https:\/\/www.rooderchina.com\/product\/rooder-r803o10-best-long-range-electric-scooter-48v-3200w-21ah\/#breadcrumb"},"inLanguage":"es-AR","potentialAction":[{"@type":"ReadAction","target":["https:\/\/www.rooderchina.com\/product\/rooder-r803o10-best-long-range-electric-scooter-48v-3200w-21ah\/"]}]},{"@type":"BreadcrumbList","@id":"https:\/\/www.rooderchina.com\/product\/rooder-r803o10-best-long-range-electric-scooter-48v-3200w-21ah\/#breadcrumb","itemListElement":[{"@type":"ListItem","position":1,"name":"HOME","item":"https:\/\/www.rooderchina.com\/"},{"@type":"ListItem","position":2,"name":"Shop","item":"https:\/\/www.rooderchina.com\/shop\/"},{"@type":"ListItem","position":3,"name":"Rooder r803o10 best long range electric scooter 48v 3200w 21ah"}]},{"@type":"WebSite","@id":"https:\/\/www.rooderchina.com\/#website","url":"https:\/\/www.rooderchina.com\/","name":"Electric Scooters Bikes Citycoco Manufacturer","description":"Rooder Technology Limited","publisher":{"@id":"https:\/\/www.rooderchina.com\/#organization"},"potentialAction":[{"@type":"SearchAction","target":{"@type":"EntryPoint","urlTemplate":"https:\/\/www.rooderchina.com\/?s={search_term_string}"},"query-input":"required name=search_term_string"}],"inLanguage":"es-AR"},{"@type":"Organization","@id":"https:\/\/www.rooderchina.com\/#organization","name":"Electric Scooters Bikes Citycoco Manufacturer","url":"https:\/\/www.rooderchina.com\/","logo":{"@type":"ImageObject","inLanguage":"es-AR","@id":"https:\/\/www.rooderchina.com\/#\/schema\/logo\/image\/","url":"https:\/\/www.rooderchina.com\/wp-content\/uploads\/2023\/12\/rooder2.jpg","contentUrl":"https:\/\/www.rooderchina.com\/wp-content\/uploads\/2023\/12\/rooder2.jpg","width":1723,"height":1037,"caption":"Electric Scooters Bikes Citycoco Manufacturer"},"image":{"@id":"https:\/\/www.rooderchina.com\/#\/schema\/logo\/image\/"},"sameAs":["https:\/\/www.facebook.com\/rooder.tec","https:\/\/twitter.com\/RooderTec"]}]}},"_links":{"self":[{"href":"https:\/\/www.rooderchina.com\/es\/wp-json\/wp\/v2\/product\/9949","targetHints":{"allow":["GET"]}}],"collection":[{"href":"https:\/\/www.rooderchina.com\/es\/wp-json\/wp\/v2\/product"}],"about":[{"href":"https:\/\/www.rooderchina.com\/es\/wp-json\/wp\/v2\/types\/product"}],"replies":[{"embeddable":true,"href":"https:\/\/www.rooderchina.com\/es\/wp-json\/wp\/v2\/comments?post=9949"}],"version-history":[{"count":1,"href":"https:\/\/www.rooderchina.com\/es\/wp-json\/wp\/v2\/product\/9949\/revisions"}],"predecessor-version":[{"id":9950,"href":"https:\/\/www.rooderchina.com\/es\/wp-json\/wp\/v2\/product\/9949\/revisions\/9950"}],"wp:featuredmedia":[{"embeddable":true,"href":"https:\/\/www.rooderchina.com\/es\/wp-json\/wp\/v2\/media\/9951"}],"wp:attachment":[{"href":"https:\/\/www.rooderchina.com\/es\/wp-json\/wp\/v2\/media?parent=9949"}],"wp:term":[{"taxonomy":"product_brand","embeddable":true,"href":"https:\/\/www.rooderchina.com\/es\/wp-json\/wp\/v2\/product_brand?post=9949"},{"taxonomy":"product_cat","embeddable":true,"href":"https:\/\/www.rooderchina.com\/es\/wp-json\/wp\/v2\/product_cat?post=9949"},{"taxonomy":"product_tag","embeddable":true,"href":"https:\/\/www.rooderchina.com\/es\/wp-json\/wp\/v2\/product_tag?post=9949"}],"curies":[{"name":"wp","href":"https:\/\/api.w.org\/{rel}","templated":true}]}}