{"id":9898,"date":"2023-11-11T18:54:09","date_gmt":"2023-11-11T10:54:09","guid":{"rendered":"http:\/\/www.rooderchina.com\/index.php\/product\/rooder-r803o13-e-scooter-best-range-60v-5600w-38ah\/"},"modified":"2023-11-11T18:54:10","modified_gmt":"2023-11-11T10:54:10","slug":"rooder-r803o13-e-scooter-best-range-60v-5600w-38ah","status":"publish","type":"product","link":"https:\/\/www.rooderchina.com\/es\/producto\/rooder-r803o13-e-scooter-best-range-60v-5600w-38ah\/","title":{"rendered":"Rooder r803o13 e scooter mejor gama 60v 5600w 38ah"},"content":{"rendered":"<table style=\"width: 424px;\" border=\"0\" cellspacing=\"0\" cellpadding=\"0\">\n<colgroup>\n<col width=\"149\" \/>\n<col width=\"275\" \/> <\/colgroup>\n<tbody>\n<tr>\n<td width=\"149\" height=\"19\">Modelo<\/td>\n<td width=\"275\">\u00a0<a href=\"https:\/\/www.rooderchina.com\/es\/tag\/r803o13\/\" title=\"View all posts in r803o13\" target=\"_blank\" rel=\"noopener\">r803o13<\/a><\/td>\n<\/tr>\n<tr>\n<td height=\"19\">NW<\/td>\n<td>\u00a046kgs<\/td>\n<\/tr>\n<tr>\n<td height=\"19\">Neum\u00e1tico<\/td>\n<td>\u00a014inches tires, (14*5.0-6.5)<\/td>\n<\/tr>\n<tr>\n<td height=\"19\">Carga m\u00e1xima<\/td>\n<td>\u00a0170KG<\/td>\n<\/tr>\n<tr>\n<td height=\"19\">Motor<\/td>\n<td>\u00a060V2.8KW*2<\/td>\n<\/tr>\n<tr>\n<td height=\"19\">Velocidad m\u00e1xima<\/td>\n<td>\u00a070-80km\/h<\/td>\n<\/tr>\n<tr>\n<td height=\"19\">Controlador<\/td>\n<td>\u00a0controladores duales de 45A<\/td>\n<\/tr>\n<tr>\n<td height=\"19\">Frenos<\/td>\n<td>\u00a0Frenos de aceite hidr\u00e1ulicos delanteros y traseros<\/td>\n<\/tr>\n<tr>\n<td height=\"19\">Amortigua<\/td>\n<td>\u00a0Amortiguadores de muelle delanteros y traseros<\/td>\n<\/tr>\n<tr>\n<td height=\"19\">Luces<\/td>\n<td>\u00a02*Luces U7 + bocinas de moto<\/td>\n<\/tr>\n<tr>\n<td height=\"19\">Mostrar<\/td>\n<td>\u00a0Pantalla LCD, velocidad, bater\u00eda y kilometraje<\/td>\n<\/tr>\n<tr>\n<td height=\"19\">Cargador<\/td>\n<td>\u00a0Cargador 4A<\/td>\n<\/tr>\n<tr>\n<td height=\"19\">Pendiente de ascenso<\/td>\n<td>\u00a0aprox. 30 grados<\/td>\n<\/tr>\n<tr>\n<td height=\"19\">Grado de impermeabilidad<\/td>\n<td>\u00a0IP54<\/td>\n<\/tr>\n<tr>\n<td height=\"19\">Tensi\u00f3n de entrada del cargador<\/td>\n<td>\u00a0100 - 240 V, 50 \/ 60 Hz<\/td>\n<\/tr>\n<tr>\n<td height=\"19\">Bater\u00eda<\/td>\n<td>\u00a0Bater\u00eda de litio 60v38ah<\/td>\n<\/tr>\n<tr>\n<td height=\"19\">Tiempo de carga<\/td>\n<td>\u00a05-10 hours<\/td>\n<\/tr>\n<tr>\n<td height=\"19\">Tama\u00f1o desplegable<\/td>\n<td>\u00a0138*30*140cm<\/td>\n<\/tr>\n<tr>\n<td height=\"19\">Tama\u00f1o plegable<\/td>\n<td>\u00a0138*30*47cm<\/td>\n<\/tr>\n<tr>\n<td height=\"19\">Tama\u00f1o del embalaje<\/td>\n<td>\u00a0140*34*53cm<\/td>\n<\/tr>\n<tr>\n<td height=\"19\">GW<\/td>\n<td>\u00a050kgs<\/td>\n<\/tr>\n<\/tbody>\n<\/table>\n<p>&nbsp;<\/p>\n<p>&nbsp;<\/p>\n<p><iframe loading=\"lazy\" title=\"scooter el\u00e9ctrico\" src=\"https:\/\/www.youtube.com\/embed\/mGf0_OLftnk?rel=0&amp;autoplay=0\" height=\"318\" width=\"385\" allowfullscreen=\"\" frameborder=\"0\"><\/iframe><\/p>","protected":false},"excerpt":{"rendered":"<h3>Breve descripci\u00f3n:<\/h3>\n<p><p>Rooder Technology Co., Ltd. es una integraci\u00f3n de I+D, fabricaci\u00f3n, circulaci\u00f3n y servicio al cliente. La empresa ha acumulado una rica experiencia en investigaci\u00f3n y desarrollo tecnol\u00f3gico, gesti\u00f3n de producci\u00f3n y ventas. Estamos decididos a vender productos a varios pa\u00edses. Hemos superado las certificaciones 3C e ISO. De acuerdo con las necesidades de desarrollo del mercado y los conceptos de vida del consumidor, anteponemos la calidad del producto. Cada a\u00f1o lanzamos al mercado m\u00e1s de 80 productos de desarrollo independiente para satisfacer las necesidades diarias de los consumidores.<\/p>\n<\/p>\n<p><\/p>\n<li><em>Marca: <\/em> OEM\/ODM\/RODER<\/li>\n<li><em>Cantidad m\u00ednima de pedido: <\/em> 10 piezas\/piezas<\/li>\n<li><em>Capacidad de suministro: <\/em> 10000 piezas por mes<\/li>\n<li><em>Puerto: <\/em> Shenzhen<\/li>\n<li><em>Condiciones de pago: <\/em> T\/T, L\/C, D\/A, D\/P<\/li>","protected":false},"featured_media":9900,"comment_status":"closed","ping_status":"open","template":"","meta":[],"product_brand":[],"product_cat":[829],"product_tag":[876,530,877,745,878],"class_list":{"0":"post-9898","1":"product","2":"type-product","3":"status-publish","4":"has-post-thumbnail","6":"product_cat-electric-scooters","7":"product_tag-e-scooter-best-range","8":"product_tag-electric-scooter","9":"product_tag-r803o13","10":"product_tag-rooder","11":"product_tag-rooder-r803o13","13":"first","14":"instock","15":"product-type-simple"},"yoast_head":"<!-- This site is optimized with the Yoast SEO plugin v21.7 - https:\/\/yoast.com\/wordpress\/plugins\/seo\/ -->\n<title>Rooder r803o13 e scooter best range 60v 5600w 38ah - Electric Scooters Bikes Citycoco Manufacturer<\/title>\n<meta name=\"robots\" content=\"index, follow, max-snippet:-1, max-image-preview:large, max-video-preview:-1\" \/>\n<link rel=\"canonical\" href=\"https:\/\/www.rooderchina.com\/es\/producto\/rooder-r803o13-e-scooter-best-range-60v-5600w-38ah\/\" \/>\n<meta property=\"og:locale\" content=\"es_ES\" \/>\n<meta property=\"og:type\" content=\"article\" \/>\n<meta property=\"og:title\" content=\"Rooder r803o13 e scooter best range 60v 5600w 38ah - Electric Scooters Bikes Citycoco Manufacturer\" \/>\n<meta property=\"og:description\" content=\"Short Description: Rooder Technology Co., Ltd. is a integration of R &amp; D, manufacturing, circulation, and customer service. The company has accumulated rich experience in technology research and development, production management, and sales. We are determined to sell products to various countries. We have passed 3C and ISO certifications. According to market development needs and consumer life concepts, we put product quality first. Each year we put more than 80 independent development products into the market to meet the daily needs of consumers.    Brand: OEM\/ODM\/ROODER   Min.Order Quantity: 10 Piece\/Pieces   Supply Ability: 10000 Piece\/Pieces per Month   Port: Shenzhen   Payment Terms: T\/T, L\/C, D\/A, D\/P\" \/>\n<meta property=\"og:url\" content=\"https:\/\/www.rooderchina.com\/es\/producto\/rooder-r803o13-e-scooter-best-range-60v-5600w-38ah\/\" \/>\n<meta property=\"og:site_name\" content=\"Electric Scooters Bikes Citycoco Manufacturer\" \/>\n<meta property=\"article:publisher\" content=\"https:\/\/www.facebook.com\/rooder.tec\" \/>\n<meta property=\"article:modified_time\" content=\"2023-11-11T10:54:10+00:00\" \/>\n<meta property=\"og:image\" content=\"https:\/\/www.rooderchina.com\/wp-content\/uploads\/2023\/11\/Rooder-r803o13-e-scooter-best-range-60v-5600w-38ah-1.jpg\" \/>\n\t<meta property=\"og:image:width\" content=\"1000\" \/>\n\t<meta property=\"og:image:height\" content=\"1000\" \/>\n\t<meta property=\"og:image:type\" content=\"image\/jpeg\" \/>\n<meta name=\"twitter:card\" content=\"summary_large_image\" \/>\n<meta name=\"twitter:site\" content=\"@RooderTec\" \/>\n<script type=\"application\/ld+json\" class=\"yoast-schema-graph\">{\"@context\":\"https:\/\/schema.org\",\"@graph\":[{\"@type\":\"WebPage\",\"@id\":\"https:\/\/www.rooderchina.com\/product\/rooder-r803o13-e-scooter-best-range-60v-5600w-38ah\/\",\"url\":\"https:\/\/www.rooderchina.com\/product\/rooder-r803o13-e-scooter-best-range-60v-5600w-38ah\/\",\"name\":\"Rooder r803o13 e scooter best range 60v 5600w 38ah - Electric Scooters Bikes Citycoco Manufacturer\",\"isPartOf\":{\"@id\":\"https:\/\/www.rooderchina.com\/#website\"},\"datePublished\":\"2023-11-11T10:54:09+00:00\",\"dateModified\":\"2023-11-11T10:54:10+00:00\",\"breadcrumb\":{\"@id\":\"https:\/\/www.rooderchina.com\/product\/rooder-r803o13-e-scooter-best-range-60v-5600w-38ah\/#breadcrumb\"},\"inLanguage\":\"es-AR\",\"potentialAction\":[{\"@type\":\"ReadAction\",\"target\":[\"https:\/\/www.rooderchina.com\/product\/rooder-r803o13-e-scooter-best-range-60v-5600w-38ah\/\"]}]},{\"@type\":\"BreadcrumbList\",\"@id\":\"https:\/\/www.rooderchina.com\/product\/rooder-r803o13-e-scooter-best-range-60v-5600w-38ah\/#breadcrumb\",\"itemListElement\":[{\"@type\":\"ListItem\",\"position\":1,\"name\":\"HOME\",\"item\":\"https:\/\/www.rooderchina.com\/\"},{\"@type\":\"ListItem\",\"position\":2,\"name\":\"Shop\",\"item\":\"https:\/\/www.rooderchina.com\/shop\/\"},{\"@type\":\"ListItem\",\"position\":3,\"name\":\"Rooder r803o13 e scooter best range 60v 5600w 38ah\"}]},{\"@type\":\"WebSite\",\"@id\":\"https:\/\/www.rooderchina.com\/#website\",\"url\":\"https:\/\/www.rooderchina.com\/\",\"name\":\"Electric Scooters Bikes Citycoco Manufacturer\",\"description\":\"Rooder Technology Limited\",\"publisher\":{\"@id\":\"https:\/\/www.rooderchina.com\/#organization\"},\"potentialAction\":[{\"@type\":\"SearchAction\",\"target\":{\"@type\":\"EntryPoint\",\"urlTemplate\":\"https:\/\/www.rooderchina.com\/?s={search_term_string}\"},\"query-input\":\"required name=search_term_string\"}],\"inLanguage\":\"es-AR\"},{\"@type\":\"Organization\",\"@id\":\"https:\/\/www.rooderchina.com\/#organization\",\"name\":\"Electric Scooters Bikes Citycoco Manufacturer\",\"url\":\"https:\/\/www.rooderchina.com\/\",\"logo\":{\"@type\":\"ImageObject\",\"inLanguage\":\"es-AR\",\"@id\":\"https:\/\/www.rooderchina.com\/#\/schema\/logo\/image\/\",\"url\":\"https:\/\/www.rooderchina.com\/wp-content\/uploads\/2023\/12\/rooder2.jpg\",\"contentUrl\":\"https:\/\/www.rooderchina.com\/wp-content\/uploads\/2023\/12\/rooder2.jpg\",\"width\":1723,\"height\":1037,\"caption\":\"Electric Scooters Bikes Citycoco Manufacturer\"},\"image\":{\"@id\":\"https:\/\/www.rooderchina.com\/#\/schema\/logo\/image\/\"},\"sameAs\":[\"https:\/\/www.facebook.com\/rooder.tec\",\"https:\/\/twitter.com\/RooderTec\"]}]}<\/script>\n<!-- \/ Yoast SEO plugin. -->","yoast_head_json":{"title":"Rooder r803o13 e scooter best range 60v 5600w 38ah - Electric Scooters Bikes Citycoco Manufacturer","robots":{"index":"index","follow":"follow","max-snippet":"max-snippet:-1","max-image-preview":"max-image-preview:large","max-video-preview":"max-video-preview:-1"},"canonical":"https:\/\/www.rooderchina.com\/es\/producto\/rooder-r803o13-e-scooter-best-range-60v-5600w-38ah\/","og_locale":"es_ES","og_type":"article","og_title":"Rooder r803o13 e scooter best range 60v 5600w 38ah - Electric Scooters Bikes Citycoco Manufacturer","og_description":"Short Description: Rooder Technology Co., Ltd. is a integration of R &amp; D, manufacturing, circulation, and customer service. The company has accumulated rich experience in technology research and development, production management, and sales. We are determined to sell products to various countries. We have passed 3C and ISO certifications. According to market development needs and consumer life concepts, we put product quality first. Each year we put more than 80 independent development products into the market to meet the daily needs of consumers.    Brand: OEM\/ODM\/ROODER   Min.Order Quantity: 10 Piece\/Pieces   Supply Ability: 10000 Piece\/Pieces per Month   Port: Shenzhen   Payment Terms: T\/T, L\/C, D\/A, D\/P","og_url":"https:\/\/www.rooderchina.com\/es\/producto\/rooder-r803o13-e-scooter-best-range-60v-5600w-38ah\/","og_site_name":"Electric Scooters Bikes Citycoco Manufacturer","article_publisher":"https:\/\/www.facebook.com\/rooder.tec","article_modified_time":"2023-11-11T10:54:10+00:00","og_image":[{"width":1000,"height":1000,"url":"https:\/\/www.rooderchina.com\/wp-content\/uploads\/2023\/11\/Rooder-r803o13-e-scooter-best-range-60v-5600w-38ah-1.jpg","type":"image\/jpeg"}],"twitter_card":"summary_large_image","twitter_site":"@RooderTec","schema":{"@context":"https:\/\/schema.org","@graph":[{"@type":"WebPage","@id":"https:\/\/www.rooderchina.com\/product\/rooder-r803o13-e-scooter-best-range-60v-5600w-38ah\/","url":"https:\/\/www.rooderchina.com\/product\/rooder-r803o13-e-scooter-best-range-60v-5600w-38ah\/","name":"Rooder r803o13 e scooter best range 60v 5600w 38ah - Electric Scooters Bikes Citycoco Manufacturer","isPartOf":{"@id":"https:\/\/www.rooderchina.com\/#website"},"datePublished":"2023-11-11T10:54:09+00:00","dateModified":"2023-11-11T10:54:10+00:00","breadcrumb":{"@id":"https:\/\/www.rooderchina.com\/product\/rooder-r803o13-e-scooter-best-range-60v-5600w-38ah\/#breadcrumb"},"inLanguage":"es-AR","potentialAction":[{"@type":"ReadAction","target":["https:\/\/www.rooderchina.com\/product\/rooder-r803o13-e-scooter-best-range-60v-5600w-38ah\/"]}]},{"@type":"BreadcrumbList","@id":"https:\/\/www.rooderchina.com\/product\/rooder-r803o13-e-scooter-best-range-60v-5600w-38ah\/#breadcrumb","itemListElement":[{"@type":"ListItem","position":1,"name":"HOME","item":"https:\/\/www.rooderchina.com\/"},{"@type":"ListItem","position":2,"name":"Shop","item":"https:\/\/www.rooderchina.com\/shop\/"},{"@type":"ListItem","position":3,"name":"Rooder r803o13 e scooter best range 60v 5600w 38ah"}]},{"@type":"WebSite","@id":"https:\/\/www.rooderchina.com\/#website","url":"https:\/\/www.rooderchina.com\/","name":"Electric Scooters Bikes Citycoco Manufacturer","description":"Rooder Technology Limited","publisher":{"@id":"https:\/\/www.rooderchina.com\/#organization"},"potentialAction":[{"@type":"SearchAction","target":{"@type":"EntryPoint","urlTemplate":"https:\/\/www.rooderchina.com\/?s={search_term_string}"},"query-input":"required name=search_term_string"}],"inLanguage":"es-AR"},{"@type":"Organization","@id":"https:\/\/www.rooderchina.com\/#organization","name":"Electric Scooters Bikes Citycoco Manufacturer","url":"https:\/\/www.rooderchina.com\/","logo":{"@type":"ImageObject","inLanguage":"es-AR","@id":"https:\/\/www.rooderchina.com\/#\/schema\/logo\/image\/","url":"https:\/\/www.rooderchina.com\/wp-content\/uploads\/2023\/12\/rooder2.jpg","contentUrl":"https:\/\/www.rooderchina.com\/wp-content\/uploads\/2023\/12\/rooder2.jpg","width":1723,"height":1037,"caption":"Electric Scooters Bikes Citycoco Manufacturer"},"image":{"@id":"https:\/\/www.rooderchina.com\/#\/schema\/logo\/image\/"},"sameAs":["https:\/\/www.facebook.com\/rooder.tec","https:\/\/twitter.com\/RooderTec"]}]}},"_links":{"self":[{"href":"https:\/\/www.rooderchina.com\/es\/wp-json\/wp\/v2\/product\/9898","targetHints":{"allow":["GET"]}}],"collection":[{"href":"https:\/\/www.rooderchina.com\/es\/wp-json\/wp\/v2\/product"}],"about":[{"href":"https:\/\/www.rooderchina.com\/es\/wp-json\/wp\/v2\/types\/product"}],"replies":[{"embeddable":true,"href":"https:\/\/www.rooderchina.com\/es\/wp-json\/wp\/v2\/comments?post=9898"}],"version-history":[{"count":1,"href":"https:\/\/www.rooderchina.com\/es\/wp-json\/wp\/v2\/product\/9898\/revisions"}],"predecessor-version":[{"id":9899,"href":"https:\/\/www.rooderchina.com\/es\/wp-json\/wp\/v2\/product\/9898\/revisions\/9899"}],"wp:featuredmedia":[{"embeddable":true,"href":"https:\/\/www.rooderchina.com\/es\/wp-json\/wp\/v2\/media\/9900"}],"wp:attachment":[{"href":"https:\/\/www.rooderchina.com\/es\/wp-json\/wp\/v2\/media?parent=9898"}],"wp:term":[{"taxonomy":"product_brand","embeddable":true,"href":"https:\/\/www.rooderchina.com\/es\/wp-json\/wp\/v2\/product_brand?post=9898"},{"taxonomy":"product_cat","embeddable":true,"href":"https:\/\/www.rooderchina.com\/es\/wp-json\/wp\/v2\/product_cat?post=9898"},{"taxonomy":"product_tag","embeddable":true,"href":"https:\/\/www.rooderchina.com\/es\/wp-json\/wp\/v2\/product_tag?post=9898"}],"curies":[{"name":"wp","href":"https:\/\/api.w.org\/{rel}","templated":true}]}}