{"id":9864,"date":"2023-11-11T18:51:21","date_gmt":"2023-11-11T10:51:21","guid":{"rendered":"http:\/\/www.rooderchina.com\/index.php\/product\/rooder-r803o17-high-power-e-scooter-52v-6000w-20ah\/"},"modified":"2023-11-11T18:51:43","modified_gmt":"2023-11-11T10:51:43","slug":"rooder-r803o17-high-power-e-scooter-52v-6000w-20ah","status":"publish","type":"product","link":"https:\/\/www.rooderchina.com\/es\/producto\/rooder-r803o17-high-power-e-scooter-52v-6000w-20ah\/","title":{"rendered":"Rooder r803o17 e scooter de alta potencia 52v 6000w 20ah"},"content":{"rendered":"<table style=\"width: 423px;\" border=\"0\" cellspacing=\"0\" cellpadding=\"0\">\n<colgroup>\n<col width=\"149\" \/>\n<col width=\"274\" \/> <\/colgroup>\n<tbody>\n<tr>\n<td width=\"149\" height=\"19\">Modelo<\/td>\n<td width=\"274\">\u00a0<a href=\"https:\/\/www.rooderchina.com\/es\/tag\/r803o17\/\" title=\"View all posts in r803o17\" target=\"_blank\" rel=\"noopener\">r803o17<\/a><\/td>\n<\/tr>\n<tr>\n<td height=\"19\">NW<\/td>\n<td>\u00a052kgs<\/td>\n<\/tr>\n<tr>\n<td height=\"19\">Neum\u00e1tico<\/td>\n<td>\u00a0Neum\u00e1ticos de 11 pulgadas, (100\/65-6.5)<\/td>\n<\/tr>\n<tr>\n<td height=\"19\">Carga m\u00e1xima<\/td>\n<td>\u00a0170KG<\/td>\n<\/tr>\n<tr>\n<td height=\"19\">Motor<\/td>\n<td>\u00a052V3KW*2<\/td>\n<\/tr>\n<tr>\n<td height=\"19\">Velocidad m\u00e1xima<\/td>\n<td>\u00a060-65km\/h<\/td>\n<\/tr>\n<tr>\n<td height=\"19\">Controlador<\/td>\n<td>\u00a0controladores dobles<\/td>\n<\/tr>\n<tr>\n<td height=\"19\">Frenos<\/td>\n<td>\u00a0Frenos de aceite hidr\u00e1ulicos delanteros y traseros<\/td>\n<\/tr>\n<tr>\n<td height=\"19\">Amortigua<\/td>\n<td>\u00a0Amortiguadores de muelle delanteros y traseros<\/td>\n<\/tr>\n<tr>\n<td height=\"19\">Luces<\/td>\n<td>\u00a02pcs luces + cuernos de la motocicleta<\/td>\n<\/tr>\n<tr>\n<td height=\"19\">Mostrar<\/td>\n<td>\u00a0Pantalla LCD, velocidad, bater\u00eda y kilometraje<\/td>\n<\/tr>\n<tr>\n<td height=\"19\">Cargador<\/td>\n<td>\u00a0Cargador 4A<\/td>\n<\/tr>\n<tr>\n<td height=\"19\">Pendiente de ascenso<\/td>\n<td>\u00a0approx 55 degree<\/td>\n<\/tr>\n<tr>\n<td height=\"19\">Grado de impermeabilidad<\/td>\n<td>\u00a0IP54<\/td>\n<\/tr>\n<tr>\n<td height=\"19\">Tensi\u00f3n de entrada del cargador<\/td>\n<td>\u00a0100 - 240 V, 50 \/ 60 Hz<\/td>\n<\/tr>\n<tr>\n<td height=\"19\">Bater\u00eda<\/td>\n<td>\u00a052v20ah lithium battery<\/td>\n<\/tr>\n<tr>\n<td height=\"19\">Tiempo de carga<\/td>\n<td>\u00a03-5 hours<\/td>\n<\/tr>\n<tr>\n<td height=\"19\">Tama\u00f1o desplegable<\/td>\n<td>\u00a0131*75*130cm<\/td>\n<\/tr>\n<tr>\n<td height=\"19\">Tama\u00f1o plegable<\/td>\n<td>\u00a0133*29*49cm<\/td>\n<\/tr>\n<tr>\n<td height=\"19\">Tama\u00f1o del embalaje<\/td>\n<td>\u00a0148*37*58cm<\/td>\n<\/tr>\n<tr>\n<td height=\"19\">GW<\/td>\n<td>\u00a058kgs<\/td>\n<\/tr>\n<\/tbody>\n<\/table>\n<p>&nbsp;<\/p>\n<p>&nbsp;<\/p>\n<p><iframe loading=\"lazy\" title=\"scooter el\u00e9ctrico\" src=\"https:\/\/www.youtube.com\/embed\/yXTdxe1k78s?rel=0&amp;autoplay=0\" height=\"318\" width=\"385\" allowfullscreen=\"\" frameborder=\"0\"><\/iframe><\/p>","protected":false},"excerpt":{"rendered":"<h3>Breve descripci\u00f3n:<\/h3>\n<p><p>La empresa se dedica al dise\u00f1o, desarrollo y fabricaci\u00f3n de scooters el\u00e9ctricos, motocicletas el\u00e9ctricas y bicicletas el\u00e9ctricas. Los principales productos son escooer, citycoco chopper y moto. Los productos se venden bien en m\u00e1s de 20 provincias y ciudades de todo el pa\u00eds y se exportan a m\u00e1s de 30 pa\u00edses y regiones.<\/p>\n<\/p>\n<p><\/p>\n<li><em>Marca: <\/em> OEM\/ODM\/RODER<\/li>\n<li><em>Cantidad m\u00ednima de pedido: <\/em> 10 piezas\/piezas<\/li>\n<li><em>Capacidad de suministro: <\/em> 10000 piezas por mes<\/li>\n<li><em>Puerto: <\/em> Shenzhen<\/li>\n<li><em>Condiciones de pago: <\/em> T\/T, L\/C, D\/A, D\/P<\/li>","protected":false},"featured_media":9866,"comment_status":"closed","ping_status":"open","template":"","meta":[],"product_brand":[],"product_cat":[829],"product_tag":[530,867,868,745,869],"class_list":{"0":"post-9864","1":"product","2":"type-product","3":"status-publish","4":"has-post-thumbnail","6":"product_cat-electric-scooters","7":"product_tag-electric-scooter","8":"product_tag-high-power-e-scooter","9":"product_tag-r803o17","10":"product_tag-rooder","11":"product_tag-rooder-r803o17","13":"first","14":"instock","15":"product-type-simple"},"yoast_head":"<!-- This site is optimized with the Yoast SEO plugin v21.7 - https:\/\/yoast.com\/wordpress\/plugins\/seo\/ -->\n<title>Rooder r803o17 high power e scooter 52v 6000w 20ah - Electric Scooters Bikes Citycoco Manufacturer<\/title>\n<meta name=\"robots\" content=\"index, follow, max-snippet:-1, max-image-preview:large, max-video-preview:-1\" \/>\n<link rel=\"canonical\" href=\"https:\/\/www.rooderchina.com\/es\/producto\/rooder-r803o17-high-power-e-scooter-52v-6000w-20ah\/\" \/>\n<meta property=\"og:locale\" content=\"es_ES\" \/>\n<meta property=\"og:type\" content=\"article\" \/>\n<meta property=\"og:title\" content=\"Rooder r803o17 high power e scooter 52v 6000w 20ah - Electric Scooters Bikes Citycoco Manufacturer\" \/>\n<meta property=\"og:description\" content=\"Short Description: The company is engaged in the design, development and manufacture of electric scooter, electric motorcycle and electric bicycle. The main products are escooer, citycoco chopper, moto. The products sell well in more than 20 provinces and cities across the country and are exported to more than 30 countries and regions.    Brand: OEM\/ODM\/ROODER   Min.Order Quantity: 10 Piece\/Pieces   Supply Ability: 10000 Piece\/Pieces per Month   Port: Shenzhen   Payment Terms: T\/T, L\/C, D\/A, D\/P\" \/>\n<meta property=\"og:url\" content=\"https:\/\/www.rooderchina.com\/es\/producto\/rooder-r803o17-high-power-e-scooter-52v-6000w-20ah\/\" \/>\n<meta property=\"og:site_name\" content=\"Electric Scooters Bikes Citycoco Manufacturer\" \/>\n<meta property=\"article:publisher\" content=\"https:\/\/www.facebook.com\/rooder.tec\" \/>\n<meta property=\"article:modified_time\" content=\"2023-11-11T10:51:43+00:00\" \/>\n<meta property=\"og:image\" content=\"https:\/\/www.rooderchina.com\/wp-content\/uploads\/2023\/11\/Rooder-r803o17-high-power-e-scooter-52v-6000w-20ah-1.jpg\" \/>\n\t<meta property=\"og:image:width\" content=\"1000\" \/>\n\t<meta property=\"og:image:height\" content=\"1000\" \/>\n\t<meta property=\"og:image:type\" content=\"image\/jpeg\" \/>\n<meta name=\"twitter:card\" content=\"summary_large_image\" \/>\n<meta name=\"twitter:site\" content=\"@RooderTec\" \/>\n<script type=\"application\/ld+json\" class=\"yoast-schema-graph\">{\"@context\":\"https:\/\/schema.org\",\"@graph\":[{\"@type\":\"WebPage\",\"@id\":\"https:\/\/www.rooderchina.com\/product\/rooder-r803o17-high-power-e-scooter-52v-6000w-20ah\/\",\"url\":\"https:\/\/www.rooderchina.com\/product\/rooder-r803o17-high-power-e-scooter-52v-6000w-20ah\/\",\"name\":\"Rooder r803o17 high power e scooter 52v 6000w 20ah - Electric Scooters Bikes Citycoco Manufacturer\",\"isPartOf\":{\"@id\":\"https:\/\/www.rooderchina.com\/#website\"},\"datePublished\":\"2023-11-11T10:51:21+00:00\",\"dateModified\":\"2023-11-11T10:51:43+00:00\",\"breadcrumb\":{\"@id\":\"https:\/\/www.rooderchina.com\/product\/rooder-r803o17-high-power-e-scooter-52v-6000w-20ah\/#breadcrumb\"},\"inLanguage\":\"es-AR\",\"potentialAction\":[{\"@type\":\"ReadAction\",\"target\":[\"https:\/\/www.rooderchina.com\/product\/rooder-r803o17-high-power-e-scooter-52v-6000w-20ah\/\"]}]},{\"@type\":\"BreadcrumbList\",\"@id\":\"https:\/\/www.rooderchina.com\/product\/rooder-r803o17-high-power-e-scooter-52v-6000w-20ah\/#breadcrumb\",\"itemListElement\":[{\"@type\":\"ListItem\",\"position\":1,\"name\":\"HOME\",\"item\":\"https:\/\/www.rooderchina.com\/\"},{\"@type\":\"ListItem\",\"position\":2,\"name\":\"Shop\",\"item\":\"https:\/\/www.rooderchina.com\/shop\/\"},{\"@type\":\"ListItem\",\"position\":3,\"name\":\"Rooder r803o17 high power e scooter 52v 6000w 20ah\"}]},{\"@type\":\"WebSite\",\"@id\":\"https:\/\/www.rooderchina.com\/#website\",\"url\":\"https:\/\/www.rooderchina.com\/\",\"name\":\"Electric Scooters Bikes Citycoco Manufacturer\",\"description\":\"Rooder Technology Limited\",\"publisher\":{\"@id\":\"https:\/\/www.rooderchina.com\/#organization\"},\"potentialAction\":[{\"@type\":\"SearchAction\",\"target\":{\"@type\":\"EntryPoint\",\"urlTemplate\":\"https:\/\/www.rooderchina.com\/?s={search_term_string}\"},\"query-input\":\"required name=search_term_string\"}],\"inLanguage\":\"es-AR\"},{\"@type\":\"Organization\",\"@id\":\"https:\/\/www.rooderchina.com\/#organization\",\"name\":\"Electric Scooters Bikes Citycoco Manufacturer\",\"url\":\"https:\/\/www.rooderchina.com\/\",\"logo\":{\"@type\":\"ImageObject\",\"inLanguage\":\"es-AR\",\"@id\":\"https:\/\/www.rooderchina.com\/#\/schema\/logo\/image\/\",\"url\":\"https:\/\/www.rooderchina.com\/wp-content\/uploads\/2023\/12\/rooder2.jpg\",\"contentUrl\":\"https:\/\/www.rooderchina.com\/wp-content\/uploads\/2023\/12\/rooder2.jpg\",\"width\":1723,\"height\":1037,\"caption\":\"Electric Scooters Bikes Citycoco Manufacturer\"},\"image\":{\"@id\":\"https:\/\/www.rooderchina.com\/#\/schema\/logo\/image\/\"},\"sameAs\":[\"https:\/\/www.facebook.com\/rooder.tec\",\"https:\/\/twitter.com\/RooderTec\"]}]}<\/script>\n<!-- \/ Yoast SEO plugin. -->","yoast_head_json":{"title":"Rooder r803o17 high power e scooter 52v 6000w 20ah - Electric Scooters Bikes Citycoco Manufacturer","robots":{"index":"index","follow":"follow","max-snippet":"max-snippet:-1","max-image-preview":"max-image-preview:large","max-video-preview":"max-video-preview:-1"},"canonical":"https:\/\/www.rooderchina.com\/es\/producto\/rooder-r803o17-high-power-e-scooter-52v-6000w-20ah\/","og_locale":"es_ES","og_type":"article","og_title":"Rooder r803o17 high power e scooter 52v 6000w 20ah - Electric Scooters Bikes Citycoco Manufacturer","og_description":"Short Description: The company is engaged in the design, development and manufacture of electric scooter, electric motorcycle and electric bicycle. The main products are escooer, citycoco chopper, moto. The products sell well in more than 20 provinces and cities across the country and are exported to more than 30 countries and regions.    Brand: OEM\/ODM\/ROODER   Min.Order Quantity: 10 Piece\/Pieces   Supply Ability: 10000 Piece\/Pieces per Month   Port: Shenzhen   Payment Terms: T\/T, L\/C, D\/A, D\/P","og_url":"https:\/\/www.rooderchina.com\/es\/producto\/rooder-r803o17-high-power-e-scooter-52v-6000w-20ah\/","og_site_name":"Electric Scooters Bikes Citycoco Manufacturer","article_publisher":"https:\/\/www.facebook.com\/rooder.tec","article_modified_time":"2023-11-11T10:51:43+00:00","og_image":[{"width":1000,"height":1000,"url":"https:\/\/www.rooderchina.com\/wp-content\/uploads\/2023\/11\/Rooder-r803o17-high-power-e-scooter-52v-6000w-20ah-1.jpg","type":"image\/jpeg"}],"twitter_card":"summary_large_image","twitter_site":"@RooderTec","schema":{"@context":"https:\/\/schema.org","@graph":[{"@type":"WebPage","@id":"https:\/\/www.rooderchina.com\/product\/rooder-r803o17-high-power-e-scooter-52v-6000w-20ah\/","url":"https:\/\/www.rooderchina.com\/product\/rooder-r803o17-high-power-e-scooter-52v-6000w-20ah\/","name":"Rooder r803o17 high power e scooter 52v 6000w 20ah - Electric Scooters Bikes Citycoco Manufacturer","isPartOf":{"@id":"https:\/\/www.rooderchina.com\/#website"},"datePublished":"2023-11-11T10:51:21+00:00","dateModified":"2023-11-11T10:51:43+00:00","breadcrumb":{"@id":"https:\/\/www.rooderchina.com\/product\/rooder-r803o17-high-power-e-scooter-52v-6000w-20ah\/#breadcrumb"},"inLanguage":"es-AR","potentialAction":[{"@type":"ReadAction","target":["https:\/\/www.rooderchina.com\/product\/rooder-r803o17-high-power-e-scooter-52v-6000w-20ah\/"]}]},{"@type":"BreadcrumbList","@id":"https:\/\/www.rooderchina.com\/product\/rooder-r803o17-high-power-e-scooter-52v-6000w-20ah\/#breadcrumb","itemListElement":[{"@type":"ListItem","position":1,"name":"HOME","item":"https:\/\/www.rooderchina.com\/"},{"@type":"ListItem","position":2,"name":"Shop","item":"https:\/\/www.rooderchina.com\/shop\/"},{"@type":"ListItem","position":3,"name":"Rooder r803o17 high power e scooter 52v 6000w 20ah"}]},{"@type":"WebSite","@id":"https:\/\/www.rooderchina.com\/#website","url":"https:\/\/www.rooderchina.com\/","name":"Electric Scooters Bikes Citycoco Manufacturer","description":"Rooder Technology Limited","publisher":{"@id":"https:\/\/www.rooderchina.com\/#organization"},"potentialAction":[{"@type":"SearchAction","target":{"@type":"EntryPoint","urlTemplate":"https:\/\/www.rooderchina.com\/?s={search_term_string}"},"query-input":"required name=search_term_string"}],"inLanguage":"es-AR"},{"@type":"Organization","@id":"https:\/\/www.rooderchina.com\/#organization","name":"Electric Scooters Bikes Citycoco Manufacturer","url":"https:\/\/www.rooderchina.com\/","logo":{"@type":"ImageObject","inLanguage":"es-AR","@id":"https:\/\/www.rooderchina.com\/#\/schema\/logo\/image\/","url":"https:\/\/www.rooderchina.com\/wp-content\/uploads\/2023\/12\/rooder2.jpg","contentUrl":"https:\/\/www.rooderchina.com\/wp-content\/uploads\/2023\/12\/rooder2.jpg","width":1723,"height":1037,"caption":"Electric Scooters Bikes Citycoco Manufacturer"},"image":{"@id":"https:\/\/www.rooderchina.com\/#\/schema\/logo\/image\/"},"sameAs":["https:\/\/www.facebook.com\/rooder.tec","https:\/\/twitter.com\/RooderTec"]}]}},"_links":{"self":[{"href":"https:\/\/www.rooderchina.com\/es\/wp-json\/wp\/v2\/product\/9864","targetHints":{"allow":["GET"]}}],"collection":[{"href":"https:\/\/www.rooderchina.com\/es\/wp-json\/wp\/v2\/product"}],"about":[{"href":"https:\/\/www.rooderchina.com\/es\/wp-json\/wp\/v2\/types\/product"}],"replies":[{"embeddable":true,"href":"https:\/\/www.rooderchina.com\/es\/wp-json\/wp\/v2\/comments?post=9864"}],"version-history":[{"count":1,"href":"https:\/\/www.rooderchina.com\/es\/wp-json\/wp\/v2\/product\/9864\/revisions"}],"predecessor-version":[{"id":9865,"href":"https:\/\/www.rooderchina.com\/es\/wp-json\/wp\/v2\/product\/9864\/revisions\/9865"}],"wp:featuredmedia":[{"embeddable":true,"href":"https:\/\/www.rooderchina.com\/es\/wp-json\/wp\/v2\/media\/9866"}],"wp:attachment":[{"href":"https:\/\/www.rooderchina.com\/es\/wp-json\/wp\/v2\/media?parent=9864"}],"wp:term":[{"taxonomy":"product_brand","embeddable":true,"href":"https:\/\/www.rooderchina.com\/es\/wp-json\/wp\/v2\/product_brand?post=9864"},{"taxonomy":"product_cat","embeddable":true,"href":"https:\/\/www.rooderchina.com\/es\/wp-json\/wp\/v2\/product_cat?post=9864"},{"taxonomy":"product_tag","embeddable":true,"href":"https:\/\/www.rooderchina.com\/es\/wp-json\/wp\/v2\/product_tag?post=9864"}],"curies":[{"name":"wp","href":"https:\/\/api.w.org\/{rel}","templated":true}]}}