{"id":9803,"date":"2023-11-11T18:49:56","date_gmt":"2023-11-11T10:49:56","guid":{"rendered":"http:\/\/www.rooderchina.com\/index.php\/product\/cb02-mini-rooder-ebike-for-children-wholesale-price\/"},"modified":"2023-11-11T18:50:09","modified_gmt":"2023-11-11T10:50:09","slug":"cb02-mini-rooder-ebike-for-children-wholesale-price","status":"publish","type":"product","link":"https:\/\/www.rooderchina.com\/es\/producto\/cb02-mini-rooder-ebike-for-children-wholesale-price\/","title":{"rendered":"cb02 mini Rooder ebike para ni\u00f1os precio al por mayor"},"content":{"rendered":"<p><strong>V\u00eddeo:<\/strong><\/p>\n<p><iframe loading=\"lazy\" title=\"bicicleta el\u00e9ctrica\" src=\"https:\/\/www.youtube.com\/embed\/G5xleR43vbU?rel=0&amp;autoplay=0\" height=\"318\" width=\"385\" allowfullscreen=\"\" frameborder=\"0\"><\/iframe><\/p>\n<p><strong>Especificaciones:<\/strong><\/p>\n<table style=\"width: 538px;\" border=\"0\" cellspacing=\"0\" cellpadding=\"0\">\n<tbody>\n<tr>\n<td width=\"165\">\n<p align=\"center\"><b>Modelo<\/b><\/p>\n<\/td>\n<td width=\"373\">\n<p align=\"left\"><b>CB01A(with chain) and CB01B(without chain)<\/b><\/p>\n<\/td>\n<\/tr>\n<tr>\n<td width=\"165\">\n<p align=\"center\">Marca<\/p>\n<\/td>\n<td width=\"373\">\n<p align=\"left\">Rooder<\/p>\n<\/td>\n<\/tr>\n<tr>\n<td width=\"165\">\n<p align=\"center\"><b>Material del marco<\/b><\/p>\n<\/td>\n<td width=\"373\">\n<p align=\"left\">Armaz\u00f3n de aleaci\u00f3n de hierro sin costuras<\/p>\n<\/td>\n<\/tr>\n<tr>\n<td width=\"165\">\n<p align=\"center\">Tama\u00f1o del neum\u00e1tico<\/p>\n<\/td>\n<td width=\"373\">\n<p align=\"left\">20*5 inch fat tire<\/p>\n<\/td>\n<\/tr>\n<tr>\n<td width=\"165\">\n<p align=\"center\">Horquilla delantera<\/p>\n<\/td>\n<td width=\"373\">\n<p align=\"left\">ronzlla tenedor mec\u00e1nico<\/p>\n<\/td>\n<\/tr>\n<tr>\n<td width=\"165\">\n<p align=\"center\">Tipo de freno<\/p>\n<\/td>\n<td width=\"373\">\n<p align=\"left\">Freno de disco delantero y trasero<\/p>\n<\/td>\n<\/tr>\n<tr>\n<td width=\"165\">\n<p align=\"center\"><b>Potencia del motor<\/b><\/p>\n<\/td>\n<td width=\"373\">\n<p align=\"left\">48V 500W\/1000W motor with spoke wheel<\/p>\n<\/td>\n<\/tr>\n<tr>\n<td width=\"165\">\n<p align=\"center\"><b>Velocidad m\u00e1xima<\/b><\/p>\n<\/td>\n<td width=\"373\">\n<p align=\"left\">500w 25-45km\/h, 1000w 25-50km\/h \/h.<\/p>\n<\/td>\n<\/tr>\n<tr>\n<td width=\"165\">\n<p align=\"center\"><b>Grade-ability<\/b><\/p>\n<\/td>\n<td width=\"373\">\n<p align=\"left\">20 degrees<\/p>\n<\/td>\n<\/tr>\n<tr>\n<td width=\"165\">\n<p align=\"center\">Carga m\u00e1xima<\/p>\n<\/td>\n<td width=\"373\">\n<p align=\"left\">150 kg<\/p>\n<\/td>\n<\/tr>\n<tr>\n<td width=\"165\">\n<p align=\"center\"><b>Bater\u00eda<\/b><\/p>\n<\/td>\n<td width=\"373\">\n<p align=\"left\">48V 10Ah, 15Ah, 20Ah and 40Ah lithium battery<\/p>\n<\/td>\n<\/tr>\n<tr>\n<td width=\"165\">\n<p align=\"center\">Gama<\/p>\n<\/td>\n<td width=\"373\">\n<p align=\"left\">10a 10-30 km, 15a 15-45km, 40a 40-120km.<\/p>\n<\/td>\n<\/tr>\n<tr>\n<td width=\"165\">\n<p align=\"center\"><b>Cargador<\/b><\/p>\n<\/td>\n<td width=\"373\">\n<p align=\"left\">54,6V 2A<\/p>\n<\/td>\n<\/tr>\n<tr>\n<td width=\"165\">\n<p align=\"center\"><b>Tiempo de carga<\/b><\/p>\n<\/td>\n<td width=\"373\">\n<p align=\"left\">5-10 horas dependiendo de la bater\u00eda<\/p>\n<\/td>\n<\/tr>\n<tr>\n<td width=\"165\">\n<p align=\"center\">Temperatura de trabajo<\/p>\n<\/td>\n<td width=\"373\">\n<p align=\"left\">-20~40\u2103<\/p>\n<\/td>\n<\/tr>\n<tr>\n<td width=\"165\">\n<p align=\"center\">Norma de estanqueidad<\/p>\n<\/td>\n<td width=\"373\">\n<p align=\"left\">IP65<\/p>\n<\/td>\n<\/tr>\n<tr>\n<td width=\"165\">\n<p align=\"center\">Mostrar<\/p>\n<\/td>\n<td width=\"373\">\n<p align=\"left\">Pantalla LCD<\/p>\n<\/td>\n<\/tr>\n<tr>\n<td width=\"165\">\n<p align=\"center\">Amortiguador delantero<\/p>\n<\/td>\n<td width=\"373\">\n<p align=\"left\">Amortiguador hidr\u00e1ulico Horquilla<\/p>\n<\/td>\n<\/tr>\n<tr>\n<td width=\"165\">\n<p align=\"center\">Amortiguador trasero<\/p>\n<\/td>\n<td width=\"373\">\n<p align=\"left\">NONE<\/p>\n<\/td>\n<\/tr>\n<tr>\n<td width=\"165\">\n<p align=\"center\">Sistema de iluminaci\u00f3n<\/p>\n<\/td>\n<td width=\"373\">\n<p align=\"left\">Faro LED<\/p>\n<\/td>\n<\/tr>\n<tr>\n<td width=\"165\">\n<p align=\"center\">Peso neto del producto<\/p>\n<\/td>\n<td width=\"373\">\n<p align=\"left\">35 kgs<\/p>\n<\/td>\n<\/tr>\n<tr>\n<td width=\"165\">\n<p align=\"center\">Peso bruto<\/p>\n<\/td>\n<td width=\"373\">\n<p align=\"left\">48 kgs<\/p>\n<\/td>\n<\/tr>\n<tr>\n<td width=\"165\">\n<p align=\"center\">Certificados<\/p>\n<\/td>\n<td width=\"373\">\n<p align=\"left\">CE, FCC, ROHS, MSDS, UN38.3<\/p>\n<\/td>\n<\/tr>\n<tr>\n<td width=\"165\">\n<p align=\"center\">Tama\u00f1o del envase<\/p>\n<\/td>\n<td width=\"373\">\n<p align=\"left\">158\u00d728\u00d773cm\uff08L*W*H)<\/p>\n<\/td>\n<\/tr>\n<tr>\n<td width=\"165\">\n<p align=\"center\">Lista de paquetes<\/p>\n<\/td>\n<td width=\"373\">\n<p align=\"left\">bicicleta, cargador, herramientas, manual del usuario<\/p>\n<\/td>\n<\/tr>\n<\/tbody>\n<\/table>\n<p><strong>Fotos:<\/strong><\/p>\n<\/p>\n<p>&nbsp;<\/p>","protected":false},"excerpt":{"rendered":"<h3>Breve descripci\u00f3n:<\/h3>\n<p><p>Rooder es uno de los proveedores m\u00e1s profesionales en el campo del deporte al aire libre, los principales productos incluyen scooter el\u00e9ctrico, bicicleta el\u00e9ctrica, etc. Tenemos almacenes en Alemania, Polonia y Am\u00e9rica para apoyar el env\u00edo de la gota en el mercado europeo y de los E.E.U.U. con plazo de expedici\u00f3n m\u00e1s r\u00e1pido. Nuestra f\u00e1brica en China tiene 4000 metros cuadrados de taller, con m\u00e1s de 100 empleados, departamento de control de calidad, departamento de ingenier\u00eda, departamento de dise\u00f1o, departamento de servicio post-venta.<\/p>\n<p>Siempre nos esforzamos por ofrecer productos de alta calidad, seguros y fiables a todos los clientes. Adem\u00e1s, tenemos m\u00e1s de 6 a\u00f1os de cooperaci\u00f3n con la empresa de log\u00edstica para garantizar la seguridad del transporte. Nos centramos en el m\u00e1s popular, venta caliente y la seguridad e scooter e estilo de la bici en el mercado, el desarrollo de los productos de gama alta con baja garant\u00eda, ofreciendo el perfecto conjunto completo de una parada de servicio de negocios. Ganar-Ganar gran relaci\u00f3n de negocios es siempre nuestra persecuci\u00f3n.<\/p>\n<\/p>\n<p><\/p>\n<li><em>Marca: <\/em> OEM\/ODM\/RODER<\/li>\n<li><em>Cantidad m\u00ednima de pedido: <\/em> 10 piezas\/piezas<\/li>\n<li><em>Capacidad de suministro: <\/em> 10000 piezas por mes<\/li>\n<li><em>Puerto: <\/em> Shenzhen<\/li>\n<li><em>Condiciones de pago: <\/em> T\/T, L\/C, D\/A, D\/P<\/li>","protected":false},"featured_media":9805,"comment_status":"closed","ping_status":"open","template":"","meta":[],"product_brand":[],"product_cat":[574],"product_tag":[855,850,745,856,853],"class_list":{"0":"post-9803","1":"product","2":"type-product","3":"status-publish","4":"has-post-thumbnail","6":"product_cat-electric-bicycles","7":"product_tag-cb02-mini","8":"product_tag-ebike","9":"product_tag-rooder","10":"product_tag-rooder-cb02-mini","11":"product_tag-rooder-ebike","13":"first","14":"instock","15":"product-type-simple"},"yoast_head":"<!-- This site is optimized with the Yoast SEO plugin v21.7 - https:\/\/yoast.com\/wordpress\/plugins\/seo\/ -->\n<title>cb02 mini Rooder ebike for children wholesale price - Electric Scooters Bikes Citycoco Manufacturer<\/title>\n<meta name=\"robots\" content=\"index, follow, max-snippet:-1, max-image-preview:large, max-video-preview:-1\" \/>\n<link rel=\"canonical\" href=\"https:\/\/www.rooderchina.com\/es\/producto\/cb02-mini-rooder-ebike-for-children-wholesale-price\/\" \/>\n<meta property=\"og:locale\" content=\"es_ES\" \/>\n<meta property=\"og:type\" content=\"article\" \/>\n<meta property=\"og:title\" content=\"cb02 mini Rooder ebike for children wholesale price - Electric Scooters Bikes Citycoco Manufacturer\" \/>\n<meta property=\"og:description\" content=\"Short Description: Rooder is one of the most professional supplier in outdoor sport field, main products including electric scooter, electric bike, etc. We have warehouse in Germany, Poland and America to support drop shipping in European &amp; USA market with fastest delivery time. For our China factory, it has 4000 square meters workshop, with more than 100 staffs, QC\/QA department, Engineer department, designer department, after-sale service department. We always strive to provide high-quality, safe, and reliable products for all customers. Besides, we have more than 6 years cooperated logistics company to ensure the safety transportation. We focus on the most popular, hot selling and safety e scooter e bike style in the market, developing the high-end products with low warranty, offering the perfect one stop full set of business service. Win-Win great business relationship is always our pursuing.    Brand: OEM\/ODM\/ROODER   Min.Order Quantity: 10 Piece\/Pieces   Supply Ability: 10000 Piece\/Pieces per Month   Port: Shenzhen   Payment Terms: T\/T, L\/C, D\/A, D\/P\" \/>\n<meta property=\"og:url\" content=\"https:\/\/www.rooderchina.com\/es\/producto\/cb02-mini-rooder-ebike-for-children-wholesale-price\/\" \/>\n<meta property=\"og:site_name\" content=\"Electric Scooters Bikes Citycoco Manufacturer\" \/>\n<meta property=\"article:publisher\" content=\"https:\/\/www.facebook.com\/rooder.tec\" \/>\n<meta property=\"article:modified_time\" content=\"2023-11-11T10:50:09+00:00\" \/>\n<meta property=\"og:image\" content=\"https:\/\/www.rooderchina.com\/wp-content\/uploads\/2023\/11\/cb02-mini-Rooder-ebike-for-children-wholesale-price-1.jpg\" \/>\n\t<meta property=\"og:image:width\" content=\"1000\" \/>\n\t<meta property=\"og:image:height\" content=\"1000\" \/>\n\t<meta property=\"og:image:type\" content=\"image\/jpeg\" \/>\n<meta name=\"twitter:card\" content=\"summary_large_image\" \/>\n<meta name=\"twitter:site\" content=\"@RooderTec\" \/>\n<meta name=\"twitter:label1\" content=\"Tiempo de lectura\" \/>\n\t<meta name=\"twitter:data1\" content=\"1 minuto\" \/>\n<script type=\"application\/ld+json\" class=\"yoast-schema-graph\">{\"@context\":\"https:\/\/schema.org\",\"@graph\":[{\"@type\":\"WebPage\",\"@id\":\"https:\/\/www.rooderchina.com\/product\/cb02-mini-rooder-ebike-for-children-wholesale-price\/\",\"url\":\"https:\/\/www.rooderchina.com\/product\/cb02-mini-rooder-ebike-for-children-wholesale-price\/\",\"name\":\"cb02 mini Rooder ebike for children wholesale price - Electric Scooters Bikes Citycoco Manufacturer\",\"isPartOf\":{\"@id\":\"https:\/\/www.rooderchina.com\/#website\"},\"datePublished\":\"2023-11-11T10:49:56+00:00\",\"dateModified\":\"2023-11-11T10:50:09+00:00\",\"breadcrumb\":{\"@id\":\"https:\/\/www.rooderchina.com\/product\/cb02-mini-rooder-ebike-for-children-wholesale-price\/#breadcrumb\"},\"inLanguage\":\"es-AR\",\"potentialAction\":[{\"@type\":\"ReadAction\",\"target\":[\"https:\/\/www.rooderchina.com\/product\/cb02-mini-rooder-ebike-for-children-wholesale-price\/\"]}]},{\"@type\":\"BreadcrumbList\",\"@id\":\"https:\/\/www.rooderchina.com\/product\/cb02-mini-rooder-ebike-for-children-wholesale-price\/#breadcrumb\",\"itemListElement\":[{\"@type\":\"ListItem\",\"position\":1,\"name\":\"HOME\",\"item\":\"https:\/\/www.rooderchina.com\/\"},{\"@type\":\"ListItem\",\"position\":2,\"name\":\"Shop\",\"item\":\"https:\/\/www.rooderchina.com\/shop\/\"},{\"@type\":\"ListItem\",\"position\":3,\"name\":\"cb02 mini Rooder ebike for children wholesale price\"}]},{\"@type\":\"WebSite\",\"@id\":\"https:\/\/www.rooderchina.com\/#website\",\"url\":\"https:\/\/www.rooderchina.com\/\",\"name\":\"Electric Scooters Bikes Citycoco Manufacturer\",\"description\":\"Rooder Technology Limited\",\"publisher\":{\"@id\":\"https:\/\/www.rooderchina.com\/#organization\"},\"potentialAction\":[{\"@type\":\"SearchAction\",\"target\":{\"@type\":\"EntryPoint\",\"urlTemplate\":\"https:\/\/www.rooderchina.com\/?s={search_term_string}\"},\"query-input\":\"required name=search_term_string\"}],\"inLanguage\":\"es-AR\"},{\"@type\":\"Organization\",\"@id\":\"https:\/\/www.rooderchina.com\/#organization\",\"name\":\"Electric Scooters Bikes Citycoco Manufacturer\",\"url\":\"https:\/\/www.rooderchina.com\/\",\"logo\":{\"@type\":\"ImageObject\",\"inLanguage\":\"es-AR\",\"@id\":\"https:\/\/www.rooderchina.com\/#\/schema\/logo\/image\/\",\"url\":\"https:\/\/www.rooderchina.com\/wp-content\/uploads\/2023\/12\/rooder2.jpg\",\"contentUrl\":\"https:\/\/www.rooderchina.com\/wp-content\/uploads\/2023\/12\/rooder2.jpg\",\"width\":1723,\"height\":1037,\"caption\":\"Electric Scooters Bikes Citycoco Manufacturer\"},\"image\":{\"@id\":\"https:\/\/www.rooderchina.com\/#\/schema\/logo\/image\/\"},\"sameAs\":[\"https:\/\/www.facebook.com\/rooder.tec\",\"https:\/\/twitter.com\/RooderTec\"]}]}<\/script>\n<!-- \/ Yoast SEO plugin. -->","yoast_head_json":{"title":"cb02 mini Rooder ebike for children wholesale price - Electric Scooters Bikes Citycoco Manufacturer","robots":{"index":"index","follow":"follow","max-snippet":"max-snippet:-1","max-image-preview":"max-image-preview:large","max-video-preview":"max-video-preview:-1"},"canonical":"https:\/\/www.rooderchina.com\/es\/producto\/cb02-mini-rooder-ebike-for-children-wholesale-price\/","og_locale":"es_ES","og_type":"article","og_title":"cb02 mini Rooder ebike for children wholesale price - Electric Scooters Bikes Citycoco Manufacturer","og_description":"Short Description: Rooder is one of the most professional supplier in outdoor sport field, main products including electric scooter, electric bike, etc. We have warehouse in Germany, Poland and America to support drop shipping in European &amp; USA market with fastest delivery time. For our China factory, it has 4000 square meters workshop, with more than 100 staffs, QC\/QA department, Engineer department, designer department, after-sale service department. We always strive to provide high-quality, safe, and reliable products for all customers. Besides, we have more than 6 years cooperated logistics company to ensure the safety transportation. We focus on the most popular, hot selling and safety e scooter e bike style in the market, developing the high-end products with low warranty, offering the perfect one stop full set of business service. Win-Win great business relationship is always our pursuing.    Brand: OEM\/ODM\/ROODER   Min.Order Quantity: 10 Piece\/Pieces   Supply Ability: 10000 Piece\/Pieces per Month   Port: Shenzhen   Payment Terms: T\/T, L\/C, D\/A, D\/P","og_url":"https:\/\/www.rooderchina.com\/es\/producto\/cb02-mini-rooder-ebike-for-children-wholesale-price\/","og_site_name":"Electric Scooters Bikes Citycoco Manufacturer","article_publisher":"https:\/\/www.facebook.com\/rooder.tec","article_modified_time":"2023-11-11T10:50:09+00:00","og_image":[{"width":1000,"height":1000,"url":"https:\/\/www.rooderchina.com\/wp-content\/uploads\/2023\/11\/cb02-mini-Rooder-ebike-for-children-wholesale-price-1.jpg","type":"image\/jpeg"}],"twitter_card":"summary_large_image","twitter_site":"@RooderTec","twitter_misc":{"Tiempo de lectura":"1 minuto"},"schema":{"@context":"https:\/\/schema.org","@graph":[{"@type":"WebPage","@id":"https:\/\/www.rooderchina.com\/product\/cb02-mini-rooder-ebike-for-children-wholesale-price\/","url":"https:\/\/www.rooderchina.com\/product\/cb02-mini-rooder-ebike-for-children-wholesale-price\/","name":"cb02 mini Rooder ebike for children wholesale price - Electric Scooters Bikes Citycoco Manufacturer","isPartOf":{"@id":"https:\/\/www.rooderchina.com\/#website"},"datePublished":"2023-11-11T10:49:56+00:00","dateModified":"2023-11-11T10:50:09+00:00","breadcrumb":{"@id":"https:\/\/www.rooderchina.com\/product\/cb02-mini-rooder-ebike-for-children-wholesale-price\/#breadcrumb"},"inLanguage":"es-AR","potentialAction":[{"@type":"ReadAction","target":["https:\/\/www.rooderchina.com\/product\/cb02-mini-rooder-ebike-for-children-wholesale-price\/"]}]},{"@type":"BreadcrumbList","@id":"https:\/\/www.rooderchina.com\/product\/cb02-mini-rooder-ebike-for-children-wholesale-price\/#breadcrumb","itemListElement":[{"@type":"ListItem","position":1,"name":"HOME","item":"https:\/\/www.rooderchina.com\/"},{"@type":"ListItem","position":2,"name":"Shop","item":"https:\/\/www.rooderchina.com\/shop\/"},{"@type":"ListItem","position":3,"name":"cb02 mini Rooder ebike for children wholesale price"}]},{"@type":"WebSite","@id":"https:\/\/www.rooderchina.com\/#website","url":"https:\/\/www.rooderchina.com\/","name":"Electric Scooters Bikes Citycoco Manufacturer","description":"Rooder Technology Limited","publisher":{"@id":"https:\/\/www.rooderchina.com\/#organization"},"potentialAction":[{"@type":"SearchAction","target":{"@type":"EntryPoint","urlTemplate":"https:\/\/www.rooderchina.com\/?s={search_term_string}"},"query-input":"required name=search_term_string"}],"inLanguage":"es-AR"},{"@type":"Organization","@id":"https:\/\/www.rooderchina.com\/#organization","name":"Electric Scooters Bikes Citycoco Manufacturer","url":"https:\/\/www.rooderchina.com\/","logo":{"@type":"ImageObject","inLanguage":"es-AR","@id":"https:\/\/www.rooderchina.com\/#\/schema\/logo\/image\/","url":"https:\/\/www.rooderchina.com\/wp-content\/uploads\/2023\/12\/rooder2.jpg","contentUrl":"https:\/\/www.rooderchina.com\/wp-content\/uploads\/2023\/12\/rooder2.jpg","width":1723,"height":1037,"caption":"Electric Scooters Bikes Citycoco Manufacturer"},"image":{"@id":"https:\/\/www.rooderchina.com\/#\/schema\/logo\/image\/"},"sameAs":["https:\/\/www.facebook.com\/rooder.tec","https:\/\/twitter.com\/RooderTec"]}]}},"_links":{"self":[{"href":"https:\/\/www.rooderchina.com\/es\/wp-json\/wp\/v2\/product\/9803","targetHints":{"allow":["GET"]}}],"collection":[{"href":"https:\/\/www.rooderchina.com\/es\/wp-json\/wp\/v2\/product"}],"about":[{"href":"https:\/\/www.rooderchina.com\/es\/wp-json\/wp\/v2\/types\/product"}],"replies":[{"embeddable":true,"href":"https:\/\/www.rooderchina.com\/es\/wp-json\/wp\/v2\/comments?post=9803"}],"version-history":[{"count":1,"href":"https:\/\/www.rooderchina.com\/es\/wp-json\/wp\/v2\/product\/9803\/revisions"}],"predecessor-version":[{"id":9804,"href":"https:\/\/www.rooderchina.com\/es\/wp-json\/wp\/v2\/product\/9803\/revisions\/9804"}],"wp:featuredmedia":[{"embeddable":true,"href":"https:\/\/www.rooderchina.com\/es\/wp-json\/wp\/v2\/media\/9805"}],"wp:attachment":[{"href":"https:\/\/www.rooderchina.com\/es\/wp-json\/wp\/v2\/media?parent=9803"}],"wp:term":[{"taxonomy":"product_brand","embeddable":true,"href":"https:\/\/www.rooderchina.com\/es\/wp-json\/wp\/v2\/product_brand?post=9803"},{"taxonomy":"product_cat","embeddable":true,"href":"https:\/\/www.rooderchina.com\/es\/wp-json\/wp\/v2\/product_cat?post=9803"},{"taxonomy":"product_tag","embeddable":true,"href":"https:\/\/www.rooderchina.com\/es\/wp-json\/wp\/v2\/product_tag?post=9803"}],"curies":[{"name":"wp","href":"https:\/\/api.w.org\/{rel}","templated":true}]}}