{"id":9793,"date":"2023-11-11T18:49:56","date_gmt":"2023-11-11T10:49:56","guid":{"rendered":"http:\/\/www.rooderchina.com\/index.php\/product\/cb02-rooder-fat-tire-ebike-for-adults-wholesale-price\/"},"modified":"2023-11-20T02:22:09","modified_gmt":"2023-11-19T18:22:09","slug":"cb02-rooder-fat-tire-ebike-for-adults-wholesale-price","status":"publish","type":"product","link":"https:\/\/www.rooderchina.com\/es\/producto\/cb02-rooder-fat-tire-ebike-for-adults-wholesale-price\/","title":{"rendered":"cb02 Rooder fat tire ebike para adultos precio al por mayor"},"content":{"rendered":"<p><strong>V\u00eddeo:<\/strong><\/p>\n<p><iframe loading=\"lazy\" title=\"bicicleta el\u00e9ctrica\" src=\"https:\/\/www.youtube.com\/embed\/5SP3DMKYTbc?rel=0&amp;autoplay=0\" height=\"318\" width=\"385\" allowfullscreen=\"\" frameborder=\"0\"><\/iframe><\/p>\n<p><strong>Especificaciones:<\/strong><\/p>\n<table style=\"width: 538px;\" border=\"0\" cellspacing=\"0\" cellpadding=\"0\">\n<tbody>\n<tr>\n<td width=\"165\">\n<p align=\"center\"><b>Modelo<\/b><\/p>\n<\/td>\n<td width=\"373\">\n<p align=\"left\"><b>CB02(adultos) y CB02 mini(ni\u00f1os)<\/b><\/p>\n<\/td>\n<\/tr>\n<tr>\n<td width=\"165\">\n<p align=\"center\">Marca<\/p>\n<\/td>\n<td width=\"373\">\n<p align=\"left\">Rooder<\/p>\n<\/td>\n<\/tr>\n<tr>\n<td width=\"165\">\n<p align=\"center\"><b>Material del marco<\/b><\/p>\n<\/td>\n<td width=\"373\">\n<p align=\"left\">Armaz\u00f3n de aleaci\u00f3n de hierro sin costuras<\/p>\n<\/td>\n<\/tr>\n<tr>\n<td width=\"165\">\n<p align=\"center\">Tama\u00f1o del neum\u00e1tico<\/p>\n<\/td>\n<td width=\"373\">\n<p align=\"left\">Neum\u00e1tico grueso de 20*4 \/ 16*3 pulgadas<\/p>\n<\/td>\n<\/tr>\n<tr>\n<td width=\"165\">\n<p align=\"center\">Horquilla delantera<\/p>\n<\/td>\n<td width=\"373\">\n<p align=\"left\">ronzlla tenedor mec\u00e1nico<\/p>\n<\/td>\n<\/tr>\n<tr>\n<td width=\"165\">\n<p align=\"center\">Tipo de freno<\/p>\n<\/td>\n<td width=\"373\">\n<p align=\"left\">Freno de disco delantero y trasero<\/p>\n<\/td>\n<\/tr>\n<tr>\n<td width=\"165\">\n<p align=\"center\"><b>Potencia del motor<\/b><\/p>\n<\/td>\n<td width=\"373\">\n<p align=\"left\">Motor de 48 V 350 W\/500 W<\/p>\n<\/td>\n<\/tr>\n<tr>\n<td width=\"165\">\n<p align=\"center\"><b>Velocidad m\u00e1xima<\/b><\/p>\n<\/td>\n<td width=\"373\">\n<p align=\"left\">350w 15-25km\/h, 500w 25-45km\/h \/h.<\/p>\n<\/td>\n<\/tr>\n<tr>\n<td width=\"165\">\n<p align=\"center\"><b>Grade-ability<\/b><\/p>\n<\/td>\n<td width=\"373\">\n<p align=\"left\">15-20 grados<\/p>\n<\/td>\n<\/tr>\n<tr>\n<td width=\"165\">\n<p align=\"center\">Carga m\u00e1xima<\/p>\n<\/td>\n<td width=\"373\">\n<p align=\"left\">150 kg<\/p>\n<\/td>\n<\/tr>\n<tr>\n<td width=\"165\">\n<p align=\"center\"><b>Bater\u00eda<\/b><\/p>\n<\/td>\n<td width=\"373\">\n<p align=\"left\">Bater\u00eda de litio 48V 10Ah, 15Ah, 20Ah<\/p>\n<\/td>\n<\/tr>\n<tr>\n<td width=\"165\">\n<p align=\"center\">Gama<\/p>\n<\/td>\n<td width=\"373\">\n<p align=\"left\">10a 10-30 km, 15a 15-45km, 40a 40-120km.<\/p>\n<\/td>\n<\/tr>\n<tr>\n<td width=\"165\">\n<p align=\"center\"><b>Cargador<\/b><\/p>\n<\/td>\n<td width=\"373\">\n<p align=\"left\">54,6V 2A<\/p>\n<\/td>\n<\/tr>\n<tr>\n<td width=\"165\">\n<p align=\"center\"><b>Tiempo de carga<\/b><\/p>\n<\/td>\n<td width=\"373\">\n<p align=\"left\">5-10 horas dependiendo de la bater\u00eda<\/p>\n<\/td>\n<\/tr>\n<tr>\n<td width=\"165\">\n<p align=\"center\">Temperatura de trabajo<\/p>\n<\/td>\n<td width=\"373\">\n<p align=\"left\">-20~40\u2103<\/p>\n<\/td>\n<\/tr>\n<tr>\n<td width=\"165\">\n<p align=\"center\">Norma de estanqueidad<\/p>\n<\/td>\n<td width=\"373\">\n<p align=\"left\">IP65<\/p>\n<\/td>\n<\/tr>\n<tr>\n<td width=\"165\">\n<p align=\"center\">Mostrar<\/p>\n<\/td>\n<td width=\"373\">\n<p align=\"left\">Pantalla LCD<\/p>\n<\/td>\n<\/tr>\n<tr>\n<td width=\"165\">\n<p align=\"center\">Amortiguador delantero<\/p>\n<\/td>\n<td width=\"373\">\n<p align=\"left\">Amortiguador hidr\u00e1ulico Horquilla<\/p>\n<\/td>\n<\/tr>\n<tr>\n<td width=\"165\">\n<p align=\"center\">Amortiguador trasero<\/p>\n<\/td>\n<td width=\"373\">\n<p align=\"left\">Amortiguador de muelle de aleaci\u00f3n de aluminio<\/p>\n<\/td>\n<\/tr>\n<tr>\n<td width=\"165\">\n<p align=\"center\">Sistema de iluminaci\u00f3n<\/p>\n<\/td>\n<td width=\"373\">\n<p align=\"left\">Faro LED<\/p>\n<\/td>\n<\/tr>\n<tr>\n<td width=\"165\">\n<p align=\"center\">Peso neto del producto<\/p>\n<\/td>\n<td width=\"373\">\n<p align=\"left\">35 kgs y 28kgs<\/p>\n<\/td>\n<\/tr>\n<tr>\n<td width=\"165\">\n<p align=\"center\">Peso bruto<\/p>\n<\/td>\n<td width=\"373\">\n<p align=\"left\">48 kgs y 41kgs<\/p>\n<\/td>\n<\/tr>\n<tr>\n<td width=\"165\">\n<p align=\"center\">Certificados<\/p>\n<\/td>\n<td width=\"373\">\n<p align=\"left\">CE, FCC, ROHS, MSDS, UN38.3<\/p>\n<\/td>\n<\/tr>\n<tr>\n<td width=\"165\">\n<p align=\"center\">Tama\u00f1o del envase<\/p>\n<\/td>\n<td width=\"373\">\n<p align=\"left\">138\u00d728,5\u00d788cm y 130\u00d728,5\u00d770cm\uff08L*W*H)<\/p>\n<\/td>\n<\/tr>\n<tr>\n<td width=\"165\">\n<p align=\"center\">Lista de paquetes<\/p>\n<\/td>\n<td width=\"373\">\n<p align=\"left\">bicicleta, cargador, herramientas, manual del usuario<\/p>\n<\/td>\n<\/tr>\n<tr>\n<td width=\"165\">\n<p align=\"center\">Contenedor 40HQ<\/p>\n<\/td>\n<td width=\"373\">\n<p align=\"left\">194 piezas y 261 piezas<\/p>\n<\/td>\n<\/tr>\n<\/tbody>\n<\/table>\n<p><strong>fotos:<\/strong><\/p>\n<\/p>\n<p>&nbsp;<\/p>","protected":false},"excerpt":{"rendered":"<h3>Breve descripci\u00f3n:<\/h3>\n<p><p>Llevamos 15 a\u00f1os en el campo de los scooters el\u00e9ctricos, hemos exportado bicicletas el\u00e9ctricas, scooters el\u00e9ctricos y otros productos. Seguiremos desarrollando nuestro negocio y sirviendo a nuestros clientes. Nuestro lema es mucha mejor calidad y mucho m\u00e1s r\u00e1pido servicio post-venta.<\/p>\n<p>Nuestras ventajas:1) Tenemos una rica experiencia en exportaci\u00f3n y despacho de aduanas2) Tenemos almacenes en Europa, aceptamos negocios de env\u00edo drop3) Somos el socio estrat\u00e9gico de la f\u00e1brica de primera clase, nuestro servicio post-venta es eficaz y a tiempo. Nuestro principal trabajo es intentar nuestra mejor ayuda para resolver todas sus preguntas y preocupaciones, no s\u00f3lo ofrecemos productos de alta calidad, sino tambi\u00e9n un servicio satisfecho.<\/p>\n<p>Ofrecemos un servicio integral, le ayudamos a ahorrar tiempo y energ\u00eda, apoyamos su trabajo y su negocio, le ayudamos a ganar el mercado, le ayudamos a ganar m\u00e1s dinero, todos ganamos. \u00a1Vamos de la mano para crear un futuro mejor juntos!<\/p>\n<\/p>\n<p><\/p>\n<li><em>Marca: <\/em> OEM\/ODM\/RODER<\/li>\n<li><em>Cantidad m\u00ednima de pedido: <\/em> 10 piezas\/piezas<\/li>\n<li><em>Capacidad de suministro: <\/em> 10000 piezas por mes<\/li>\n<li><em>Puerto: <\/em> Shenzhen<\/li>\n<li><em>Condiciones de pago: <\/em> T\/T, L\/C, D\/A, D\/P<\/li>","protected":false},"featured_media":9795,"comment_status":"closed","ping_status":"open","template":"","meta":[],"product_brand":[],"product_cat":[574],"product_tag":[849,850,851,745,852,853,854],"class_list":{"0":"post-9793","1":"product","2":"type-product","3":"status-publish","4":"has-post-thumbnail","6":"product_cat-electric-bicycles","7":"product_tag-cb02","8":"product_tag-ebike","9":"product_tag-fat-tire-ebike","10":"product_tag-rooder","11":"product_tag-rooder-cb02","12":"product_tag-rooder-ebike","13":"product_tag-rooder-wholesale-price","15":"first","16":"instock","17":"featured","18":"product-type-simple"},"yoast_head":"<!-- This site is optimized with the Yoast SEO plugin v21.7 - https:\/\/yoast.com\/wordpress\/plugins\/seo\/ -->\n<title>cb02 Rooder fat tire ebike for adults wholesale price - Electric Scooters Bikes Citycoco Manufacturer<\/title>\n<meta name=\"robots\" content=\"index, follow, max-snippet:-1, max-image-preview:large, max-video-preview:-1\" \/>\n<link rel=\"canonical\" href=\"https:\/\/www.rooderchina.com\/es\/producto\/cb02-rooder-fat-tire-ebike-for-adults-wholesale-price\/\" \/>\n<meta property=\"og:locale\" content=\"es_ES\" \/>\n<meta property=\"og:type\" content=\"article\" \/>\n<meta property=\"og:title\" content=\"cb02 Rooder fat tire ebike for adults wholesale price - Electric Scooters Bikes Citycoco Manufacturer\" \/>\n<meta property=\"og:description\" content=\"Short Description: we have been in the field of electric scooter for 15 years, we have exported electric bicycles, electric scooters, and other products. We will continue to develop our business and serve our customers. Our slogan is much better quality and much faster after-sales service. Our advantages:1) We have rich experience in export and customs clearance2) We have warehouses in Europe, we accept drop shipping business3) We are the first-class factory&#8217;s strategic partner, our after-sales service is effective and in time. Our main work is try our best help to solve all your questions and concerns, we not only offer top quality products but also satisfied service. We offer one-stop service, help to save your time and energy, we will support your work and business, help you win the market, help you earn more money, win-win. Let&#8217;s hand in hand to create a better future together!    Brand: OEM\/ODM\/ROODER   Min.Order Quantity: 10 Piece\/Pieces   Supply Ability: 10000 Piece\/Pieces per Month   Port: Shenzhen   Payment Terms: T\/T, L\/C, D\/A, D\/P\" \/>\n<meta property=\"og:url\" content=\"https:\/\/www.rooderchina.com\/es\/producto\/cb02-rooder-fat-tire-ebike-for-adults-wholesale-price\/\" \/>\n<meta property=\"og:site_name\" content=\"Electric Scooters Bikes Citycoco Manufacturer\" \/>\n<meta property=\"article:publisher\" content=\"https:\/\/www.facebook.com\/rooder.tec\" \/>\n<meta property=\"article:modified_time\" content=\"2023-11-19T18:22:09+00:00\" \/>\n<meta property=\"og:image\" content=\"https:\/\/www.rooderchina.com\/wp-content\/uploads\/2023\/11\/cb02-Rooder-fat-tire-ebike-for-adults-wholesale-price-1.jpg\" \/>\n\t<meta property=\"og:image:width\" content=\"1000\" \/>\n\t<meta property=\"og:image:height\" content=\"1000\" \/>\n\t<meta property=\"og:image:type\" content=\"image\/jpeg\" \/>\n<meta name=\"twitter:card\" content=\"summary_large_image\" \/>\n<meta name=\"twitter:site\" content=\"@RooderTec\" \/>\n<meta name=\"twitter:label1\" content=\"Tiempo de lectura\" \/>\n\t<meta name=\"twitter:data1\" content=\"1 minuto\" \/>\n<script type=\"application\/ld+json\" class=\"yoast-schema-graph\">{\"@context\":\"https:\/\/schema.org\",\"@graph\":[{\"@type\":\"WebPage\",\"@id\":\"https:\/\/www.rooderchina.com\/product\/cb02-rooder-fat-tire-ebike-for-adults-wholesale-price\/\",\"url\":\"https:\/\/www.rooderchina.com\/product\/cb02-rooder-fat-tire-ebike-for-adults-wholesale-price\/\",\"name\":\"cb02 Rooder fat tire ebike for adults wholesale price - Electric Scooters Bikes Citycoco Manufacturer\",\"isPartOf\":{\"@id\":\"https:\/\/www.rooderchina.com\/#website\"},\"datePublished\":\"2023-11-11T10:49:56+00:00\",\"dateModified\":\"2023-11-19T18:22:09+00:00\",\"breadcrumb\":{\"@id\":\"https:\/\/www.rooderchina.com\/product\/cb02-rooder-fat-tire-ebike-for-adults-wholesale-price\/#breadcrumb\"},\"inLanguage\":\"es-AR\",\"potentialAction\":[{\"@type\":\"ReadAction\",\"target\":[\"https:\/\/www.rooderchina.com\/product\/cb02-rooder-fat-tire-ebike-for-adults-wholesale-price\/\"]}]},{\"@type\":\"BreadcrumbList\",\"@id\":\"https:\/\/www.rooderchina.com\/product\/cb02-rooder-fat-tire-ebike-for-adults-wholesale-price\/#breadcrumb\",\"itemListElement\":[{\"@type\":\"ListItem\",\"position\":1,\"name\":\"HOME\",\"item\":\"https:\/\/www.rooderchina.com\/\"},{\"@type\":\"ListItem\",\"position\":2,\"name\":\"Shop\",\"item\":\"https:\/\/www.rooderchina.com\/shop\/\"},{\"@type\":\"ListItem\",\"position\":3,\"name\":\"cb02 Rooder fat tire ebike for adults wholesale price\"}]},{\"@type\":\"WebSite\",\"@id\":\"https:\/\/www.rooderchina.com\/#website\",\"url\":\"https:\/\/www.rooderchina.com\/\",\"name\":\"Electric Scooters Bikes Citycoco Manufacturer\",\"description\":\"Rooder Technology Limited\",\"publisher\":{\"@id\":\"https:\/\/www.rooderchina.com\/#organization\"},\"potentialAction\":[{\"@type\":\"SearchAction\",\"target\":{\"@type\":\"EntryPoint\",\"urlTemplate\":\"https:\/\/www.rooderchina.com\/?s={search_term_string}\"},\"query-input\":\"required name=search_term_string\"}],\"inLanguage\":\"es-AR\"},{\"@type\":\"Organization\",\"@id\":\"https:\/\/www.rooderchina.com\/#organization\",\"name\":\"Electric Scooters Bikes Citycoco Manufacturer\",\"url\":\"https:\/\/www.rooderchina.com\/\",\"logo\":{\"@type\":\"ImageObject\",\"inLanguage\":\"es-AR\",\"@id\":\"https:\/\/www.rooderchina.com\/#\/schema\/logo\/image\/\",\"url\":\"https:\/\/www.rooderchina.com\/wp-content\/uploads\/2023\/12\/rooder2.jpg\",\"contentUrl\":\"https:\/\/www.rooderchina.com\/wp-content\/uploads\/2023\/12\/rooder2.jpg\",\"width\":1723,\"height\":1037,\"caption\":\"Electric Scooters Bikes Citycoco Manufacturer\"},\"image\":{\"@id\":\"https:\/\/www.rooderchina.com\/#\/schema\/logo\/image\/\"},\"sameAs\":[\"https:\/\/www.facebook.com\/rooder.tec\",\"https:\/\/twitter.com\/RooderTec\"]}]}<\/script>\n<!-- \/ Yoast SEO plugin. -->","yoast_head_json":{"title":"cb02 Rooder fat tire ebike for adults wholesale price - Electric Scooters Bikes Citycoco Manufacturer","robots":{"index":"index","follow":"follow","max-snippet":"max-snippet:-1","max-image-preview":"max-image-preview:large","max-video-preview":"max-video-preview:-1"},"canonical":"https:\/\/www.rooderchina.com\/es\/producto\/cb02-rooder-fat-tire-ebike-for-adults-wholesale-price\/","og_locale":"es_ES","og_type":"article","og_title":"cb02 Rooder fat tire ebike for adults wholesale price - Electric Scooters Bikes Citycoco Manufacturer","og_description":"Short Description: we have been in the field of electric scooter for 15 years, we have exported electric bicycles, electric scooters, and other products. We will continue to develop our business and serve our customers. Our slogan is much better quality and much faster after-sales service. Our advantages:1) We have rich experience in export and customs clearance2) We have warehouses in Europe, we accept drop shipping business3) We are the first-class factory&#8217;s strategic partner, our after-sales service is effective and in time. Our main work is try our best help to solve all your questions and concerns, we not only offer top quality products but also satisfied service. We offer one-stop service, help to save your time and energy, we will support your work and business, help you win the market, help you earn more money, win-win. Let&#8217;s hand in hand to create a better future together!    Brand: OEM\/ODM\/ROODER   Min.Order Quantity: 10 Piece\/Pieces   Supply Ability: 10000 Piece\/Pieces per Month   Port: Shenzhen   Payment Terms: T\/T, L\/C, D\/A, D\/P","og_url":"https:\/\/www.rooderchina.com\/es\/producto\/cb02-rooder-fat-tire-ebike-for-adults-wholesale-price\/","og_site_name":"Electric Scooters Bikes Citycoco Manufacturer","article_publisher":"https:\/\/www.facebook.com\/rooder.tec","article_modified_time":"2023-11-19T18:22:09+00:00","og_image":[{"width":1000,"height":1000,"url":"https:\/\/www.rooderchina.com\/wp-content\/uploads\/2023\/11\/cb02-Rooder-fat-tire-ebike-for-adults-wholesale-price-1.jpg","type":"image\/jpeg"}],"twitter_card":"summary_large_image","twitter_site":"@RooderTec","twitter_misc":{"Tiempo de lectura":"1 minuto"},"schema":{"@context":"https:\/\/schema.org","@graph":[{"@type":"WebPage","@id":"https:\/\/www.rooderchina.com\/product\/cb02-rooder-fat-tire-ebike-for-adults-wholesale-price\/","url":"https:\/\/www.rooderchina.com\/product\/cb02-rooder-fat-tire-ebike-for-adults-wholesale-price\/","name":"cb02 Rooder fat tire ebike for adults wholesale price - Electric Scooters Bikes Citycoco Manufacturer","isPartOf":{"@id":"https:\/\/www.rooderchina.com\/#website"},"datePublished":"2023-11-11T10:49:56+00:00","dateModified":"2023-11-19T18:22:09+00:00","breadcrumb":{"@id":"https:\/\/www.rooderchina.com\/product\/cb02-rooder-fat-tire-ebike-for-adults-wholesale-price\/#breadcrumb"},"inLanguage":"es-AR","potentialAction":[{"@type":"ReadAction","target":["https:\/\/www.rooderchina.com\/product\/cb02-rooder-fat-tire-ebike-for-adults-wholesale-price\/"]}]},{"@type":"BreadcrumbList","@id":"https:\/\/www.rooderchina.com\/product\/cb02-rooder-fat-tire-ebike-for-adults-wholesale-price\/#breadcrumb","itemListElement":[{"@type":"ListItem","position":1,"name":"HOME","item":"https:\/\/www.rooderchina.com\/"},{"@type":"ListItem","position":2,"name":"Shop","item":"https:\/\/www.rooderchina.com\/shop\/"},{"@type":"ListItem","position":3,"name":"cb02 Rooder fat tire ebike for adults wholesale price"}]},{"@type":"WebSite","@id":"https:\/\/www.rooderchina.com\/#website","url":"https:\/\/www.rooderchina.com\/","name":"Electric Scooters Bikes Citycoco Manufacturer","description":"Rooder Technology Limited","publisher":{"@id":"https:\/\/www.rooderchina.com\/#organization"},"potentialAction":[{"@type":"SearchAction","target":{"@type":"EntryPoint","urlTemplate":"https:\/\/www.rooderchina.com\/?s={search_term_string}"},"query-input":"required name=search_term_string"}],"inLanguage":"es-AR"},{"@type":"Organization","@id":"https:\/\/www.rooderchina.com\/#organization","name":"Electric Scooters Bikes Citycoco Manufacturer","url":"https:\/\/www.rooderchina.com\/","logo":{"@type":"ImageObject","inLanguage":"es-AR","@id":"https:\/\/www.rooderchina.com\/#\/schema\/logo\/image\/","url":"https:\/\/www.rooderchina.com\/wp-content\/uploads\/2023\/12\/rooder2.jpg","contentUrl":"https:\/\/www.rooderchina.com\/wp-content\/uploads\/2023\/12\/rooder2.jpg","width":1723,"height":1037,"caption":"Electric Scooters Bikes Citycoco Manufacturer"},"image":{"@id":"https:\/\/www.rooderchina.com\/#\/schema\/logo\/image\/"},"sameAs":["https:\/\/www.facebook.com\/rooder.tec","https:\/\/twitter.com\/RooderTec"]}]}},"_links":{"self":[{"href":"https:\/\/www.rooderchina.com\/es\/wp-json\/wp\/v2\/product\/9793","targetHints":{"allow":["GET"]}}],"collection":[{"href":"https:\/\/www.rooderchina.com\/es\/wp-json\/wp\/v2\/product"}],"about":[{"href":"https:\/\/www.rooderchina.com\/es\/wp-json\/wp\/v2\/types\/product"}],"replies":[{"embeddable":true,"href":"https:\/\/www.rooderchina.com\/es\/wp-json\/wp\/v2\/comments?post=9793"}],"version-history":[{"count":1,"href":"https:\/\/www.rooderchina.com\/es\/wp-json\/wp\/v2\/product\/9793\/revisions"}],"predecessor-version":[{"id":9794,"href":"https:\/\/www.rooderchina.com\/es\/wp-json\/wp\/v2\/product\/9793\/revisions\/9794"}],"wp:featuredmedia":[{"embeddable":true,"href":"https:\/\/www.rooderchina.com\/es\/wp-json\/wp\/v2\/media\/9795"}],"wp:attachment":[{"href":"https:\/\/www.rooderchina.com\/es\/wp-json\/wp\/v2\/media?parent=9793"}],"wp:term":[{"taxonomy":"product_brand","embeddable":true,"href":"https:\/\/www.rooderchina.com\/es\/wp-json\/wp\/v2\/product_brand?post=9793"},{"taxonomy":"product_cat","embeddable":true,"href":"https:\/\/www.rooderchina.com\/es\/wp-json\/wp\/v2\/product_cat?post=9793"},{"taxonomy":"product_tag","embeddable":true,"href":"https:\/\/www.rooderchina.com\/es\/wp-json\/wp\/v2\/product_tag?post=9793"}],"curies":[{"name":"wp","href":"https:\/\/api.w.org\/{rel}","templated":true}]}}