{"id":9785,"date":"2023-11-11T18:49:12","date_gmt":"2023-11-11T10:49:12","guid":{"rendered":"http:\/\/www.rooderchina.com\/index.php\/product\/cb01b-rooder-fat-tire-electric-bike-48v-1000w-40ah-wholesale-price\/"},"modified":"2023-11-11T18:49:45","modified_gmt":"2023-11-11T10:49:45","slug":"cb01b-rooder-fat-tire-electric-bike-48v-1000w-40ah-wholesale-price","status":"publish","type":"product","link":"https:\/\/www.rooderchina.com\/es\/producto\/cb01b-rooder-fat-tire-electric-bike-48v-1000w-40ah-wholesale-price\/","title":{"rendered":"cb01b Rooder fat tire bicicleta el\u00e9ctrica 48v 1000w 40ah precio al por mayor"},"content":{"rendered":"<p><strong>Videos:<\/strong><\/p>\n<p><iframe loading=\"lazy\" title=\"bicicleta el\u00e9ctrica\" src=\"https:\/\/www.youtube.com\/embed\/INJQyz4pw2U?rel=0&amp;autoplay=0\" height=\"318\" width=\"385\" allowfullscreen=\"\" frameborder=\"0\"><\/iframe><\/p>\n<p><strong>Specfications:<\/strong><\/p>\n<table style=\"width: 538px;\" border=\"0\" cellspacing=\"0\" cellpadding=\"0\">\n<tbody>\n<tr>\n<td width=\"165\">\n<p align=\"center\"><b>Modelo<\/b><\/p>\n<\/td>\n<td width=\"373\">\n<p align=\"left\"><b>CB01A(with chain) and CB01B(without chain)<\/b><\/p>\n<\/td>\n<\/tr>\n<tr>\n<td width=\"165\">\n<p align=\"center\">Marca<\/p>\n<\/td>\n<td width=\"373\">\n<p align=\"left\">Rooder<\/p>\n<\/td>\n<\/tr>\n<tr>\n<td width=\"165\">\n<p align=\"center\"><b>Material del marco<\/b><\/p>\n<\/td>\n<td width=\"373\">\n<p align=\"left\">Armaz\u00f3n de aleaci\u00f3n de hierro sin costuras<\/p>\n<\/td>\n<\/tr>\n<tr>\n<td width=\"165\">\n<p align=\"center\">Tama\u00f1o del neum\u00e1tico<\/p>\n<\/td>\n<td width=\"373\">\n<p align=\"left\">20*5 inch fat tire<\/p>\n<\/td>\n<\/tr>\n<tr>\n<td width=\"165\">\n<p align=\"center\">Horquilla delantera<\/p>\n<\/td>\n<td width=\"373\">\n<p align=\"left\">ronzlla tenedor mec\u00e1nico<\/p>\n<\/td>\n<\/tr>\n<tr>\n<td width=\"165\">\n<p align=\"center\">Tipo de freno<\/p>\n<\/td>\n<td width=\"373\">\n<p align=\"left\">Freno de disco delantero y trasero<\/p>\n<\/td>\n<\/tr>\n<tr>\n<td width=\"165\">\n<p align=\"center\"><b>Potencia del motor<\/b><\/p>\n<\/td>\n<td width=\"373\">\n<p align=\"left\">48V 500W\/1000W motor with spoke wheel<\/p>\n<\/td>\n<\/tr>\n<tr>\n<td width=\"165\">\n<p align=\"center\"><b>Velocidad m\u00e1xima<\/b><\/p>\n<\/td>\n<td width=\"373\">\n<p align=\"left\">500w 25-45km\/h, 1000w 25-50km\/h \/h.<\/p>\n<\/td>\n<\/tr>\n<tr>\n<td width=\"165\">\n<p align=\"center\"><b>Grade-ability<\/b><\/p>\n<\/td>\n<td width=\"373\">\n<p align=\"left\">20 degrees<\/p>\n<\/td>\n<\/tr>\n<tr>\n<td width=\"165\">\n<p align=\"center\">Carga m\u00e1xima<\/p>\n<\/td>\n<td width=\"373\">\n<p align=\"left\">150 kg<\/p>\n<\/td>\n<\/tr>\n<tr>\n<td width=\"165\">\n<p align=\"center\"><b>Bater\u00eda<\/b><\/p>\n<\/td>\n<td width=\"373\">\n<p align=\"left\">48V 10Ah, 15Ah, 20Ah and 40Ah lithium battery<\/p>\n<\/td>\n<\/tr>\n<tr>\n<td width=\"165\">\n<p align=\"center\">Gama<\/p>\n<\/td>\n<td width=\"373\">\n<p align=\"left\">10a 10-30 km, 15a 15-45km, 40a 40-120km.<\/p>\n<\/td>\n<\/tr>\n<tr>\n<td width=\"165\">\n<p align=\"center\"><b>Cargador<\/b><\/p>\n<\/td>\n<td width=\"373\">\n<p align=\"left\">54,6V 2A<\/p>\n<\/td>\n<\/tr>\n<tr>\n<td width=\"165\">\n<p align=\"center\"><b>Tiempo de carga<\/b><\/p>\n<\/td>\n<td width=\"373\">\n<p align=\"left\">5-10 horas dependiendo de la bater\u00eda<\/p>\n<\/td>\n<\/tr>\n<tr>\n<td width=\"165\">\n<p align=\"center\">Temperatura de trabajo<\/p>\n<\/td>\n<td width=\"373\">\n<p align=\"left\">-20~40\u2103<\/p>\n<\/td>\n<\/tr>\n<tr>\n<td width=\"165\">\n<p align=\"center\">Norma de estanqueidad<\/p>\n<\/td>\n<td width=\"373\">\n<p align=\"left\">IP65<\/p>\n<\/td>\n<\/tr>\n<tr>\n<td width=\"165\">\n<p align=\"center\">Mostrar<\/p>\n<\/td>\n<td width=\"373\">\n<p align=\"left\">Pantalla LCD<\/p>\n<\/td>\n<\/tr>\n<tr>\n<td width=\"165\">\n<p align=\"center\">Amortiguador delantero<\/p>\n<\/td>\n<td width=\"373\">\n<p align=\"left\">Amortiguador hidr\u00e1ulico Horquilla<\/p>\n<\/td>\n<\/tr>\n<tr>\n<td width=\"165\">\n<p align=\"center\">Amortiguador trasero<\/p>\n<\/td>\n<td width=\"373\">\n<p align=\"left\">NONE<\/p>\n<\/td>\n<\/tr>\n<tr>\n<td width=\"165\">\n<p align=\"center\">Sistema de iluminaci\u00f3n<\/p>\n<\/td>\n<td width=\"373\">\n<p align=\"left\">Faro LED<\/p>\n<\/td>\n<\/tr>\n<tr>\n<td width=\"165\">\n<p align=\"center\">Peso neto del producto<\/p>\n<\/td>\n<td width=\"373\">\n<p align=\"left\">35 kgs<\/p>\n<\/td>\n<\/tr>\n<tr>\n<td width=\"165\">\n<p align=\"center\">Peso bruto<\/p>\n<\/td>\n<td width=\"373\">\n<p align=\"left\">48 kgs<\/p>\n<\/td>\n<\/tr>\n<tr>\n<td width=\"165\">\n<p align=\"center\">Certificados<\/p>\n<\/td>\n<td width=\"373\">\n<p align=\"left\">CE, FCC, ROHS, MSDS, UN38.3<\/p>\n<\/td>\n<\/tr>\n<tr>\n<td width=\"165\">\n<p align=\"center\">Tama\u00f1o del envase<\/p>\n<\/td>\n<td width=\"373\">\n<p align=\"left\">158\u00d728\u00d773cm\uff08L*W*H)<\/p>\n<\/td>\n<\/tr>\n<tr>\n<td width=\"165\">\n<p align=\"center\">Lista de paquetes<\/p>\n<\/td>\n<td width=\"373\">\n<p align=\"left\"><a href=\"https:\/\/www.rooderchina.com\/es\/tag\/bike\/\" title=\"View all posts in bike\" target=\"_blank\" rel=\"noopener\">bicicleta<\/a>, charger, tools, user manual<\/p>\n<\/td>\n<\/tr>\n<\/tbody>\n<\/table>\n<p><strong>Fotos:<\/strong><\/p><\/p>","protected":false},"excerpt":{"rendered":"<h3>Breve descripci\u00f3n:<\/h3>\n<p><p>Rooder Technology Co., Ltd es una empresa de alta tecnolog\u00eda que integra investigaci\u00f3n y desarrollo, producci\u00f3n y comercio con un capital registrado de 2 millones. Nuestros principales productos son scooters el\u00e9ctricos, scooters de movilidad, el remolque para silla de ruedas, citycoco chopper, etc. Contamos con el reconocimiento del sistema de calidad internacional IS09001 y el sistema de garant\u00eda de calidad IS013485:2003 y la certificaci\u00f3n del sistema de calidad y medio ambiente ISO14001.<\/p>\n<p>Nuestros productos est\u00e1n aprobados por las organizaciones de inspecci\u00f3n de las autoridades chinas y la certificaci\u00f3n CE de la UE. Tambi\u00e9n ofrecemos soluciones personalizadas. Como sus socios sinceros, Rooder Group se compromete a proporcionar comodidad para los discapacitados y los ancianos, y hacer la vida colorida.<\/p>\n<\/p>\n<p><\/p>\n<li><em>Marca: <\/em> OEM\/ODM\/RODER<\/li>\n<li><em>Cantidad m\u00ednima de pedido: <\/em> 10 piezas\/piezas<\/li>\n<li><em>Capacidad de suministro: <\/em> 10000 piezas por mes<\/li>\n<li><em>Puerto: <\/em> Shenzhen<\/li>\n<li><em>Condiciones de pago: <\/em> T\/T, L\/C, D\/A, D\/P<\/li>","protected":false},"featured_media":9787,"comment_status":"closed","ping_status":"open","template":"","meta":[],"product_brand":[],"product_cat":[574],"product_tag":[844,845,538,846,745,847,848],"class_list":{"0":"post-9785","1":"product","2":"type-product","3":"status-publish","4":"has-post-thumbnail","6":"product_cat-electric-bicycles","7":"product_tag-bike","8":"product_tag-cb01b","9":"product_tag-electric-bike","10":"product_tag-fat-tire-electric-bike","11":"product_tag-rooder","12":"product_tag-rooder-bike","13":"product_tag-rooder-cb01b","15":"first","16":"instock","17":"product-type-simple"},"yoast_head":"<!-- This site is optimized with the Yoast SEO plugin v21.7 - https:\/\/yoast.com\/wordpress\/plugins\/seo\/ -->\n<title>cb01b Rooder fat tire electric bike 48v 1000w 40ah wholesale price - Electric Scooters Bikes Citycoco Manufacturer<\/title>\n<meta name=\"robots\" content=\"index, follow, max-snippet:-1, max-image-preview:large, max-video-preview:-1\" \/>\n<link rel=\"canonical\" href=\"https:\/\/www.rooderchina.com\/es\/producto\/cb01b-rooder-fat-tire-electric-bike-48v-1000w-40ah-wholesale-price\/\" \/>\n<meta property=\"og:locale\" content=\"es_ES\" \/>\n<meta property=\"og:type\" content=\"article\" \/>\n<meta property=\"og:title\" content=\"cb01b Rooder fat tire electric bike 48v 1000w 40ah wholesale price - Electric Scooters Bikes Citycoco Manufacturer\" \/>\n<meta property=\"og:description\" content=\"Short Description: Rooder Technology Co., Ltd is a high-tech enterprise integrating research and development, production and trade with a registered capital of 2 million. Our main products are electric scooter, mobility scooters, the trailer for wheelchair, citycoco chopper, etc. We have been recognized by IS09001 international quality system and IS013485:2003 quality assurance system and ISO14001 quality and environmental system certification. Our products are approved by China authority inspection organizations and EU CE Certification. We also support customized solution. As your sincere partners, Rooder Group is committed to providing convenience for the disabled and the elderly, and make life colorful.    Brand: OEM\/ODM\/ROODER   Min.Order Quantity: 10 Piece\/Pieces   Supply Ability: 10000 Piece\/Pieces per Month   Port: Shenzhen   Payment Terms: T\/T, L\/C, D\/A, D\/P\" \/>\n<meta property=\"og:url\" content=\"https:\/\/www.rooderchina.com\/es\/producto\/cb01b-rooder-fat-tire-electric-bike-48v-1000w-40ah-wholesale-price\/\" \/>\n<meta property=\"og:site_name\" content=\"Electric Scooters Bikes Citycoco Manufacturer\" \/>\n<meta property=\"article:publisher\" content=\"https:\/\/www.facebook.com\/rooder.tec\" \/>\n<meta property=\"article:modified_time\" content=\"2023-11-11T10:49:45+00:00\" \/>\n<meta property=\"og:image\" content=\"https:\/\/www.rooderchina.com\/wp-content\/uploads\/2023\/11\/cb01b-Rooder-fat-tire-electric-bike-48v-1000w-40ah-wholesale-price-1.jpg\" \/>\n\t<meta property=\"og:image:width\" content=\"1000\" \/>\n\t<meta property=\"og:image:height\" content=\"1000\" \/>\n\t<meta property=\"og:image:type\" content=\"image\/jpeg\" \/>\n<meta name=\"twitter:card\" content=\"summary_large_image\" \/>\n<meta name=\"twitter:site\" content=\"@RooderTec\" \/>\n<meta name=\"twitter:label1\" content=\"Tiempo de lectura\" \/>\n\t<meta name=\"twitter:data1\" content=\"1 minuto\" \/>\n<script type=\"application\/ld+json\" class=\"yoast-schema-graph\">{\"@context\":\"https:\/\/schema.org\",\"@graph\":[{\"@type\":\"WebPage\",\"@id\":\"https:\/\/www.rooderchina.com\/product\/cb01b-rooder-fat-tire-electric-bike-48v-1000w-40ah-wholesale-price\/\",\"url\":\"https:\/\/www.rooderchina.com\/product\/cb01b-rooder-fat-tire-electric-bike-48v-1000w-40ah-wholesale-price\/\",\"name\":\"cb01b Rooder fat tire electric bike 48v 1000w 40ah wholesale price - Electric Scooters Bikes Citycoco Manufacturer\",\"isPartOf\":{\"@id\":\"https:\/\/www.rooderchina.com\/#website\"},\"datePublished\":\"2023-11-11T10:49:12+00:00\",\"dateModified\":\"2023-11-11T10:49:45+00:00\",\"breadcrumb\":{\"@id\":\"https:\/\/www.rooderchina.com\/product\/cb01b-rooder-fat-tire-electric-bike-48v-1000w-40ah-wholesale-price\/#breadcrumb\"},\"inLanguage\":\"es-AR\",\"potentialAction\":[{\"@type\":\"ReadAction\",\"target\":[\"https:\/\/www.rooderchina.com\/product\/cb01b-rooder-fat-tire-electric-bike-48v-1000w-40ah-wholesale-price\/\"]}]},{\"@type\":\"BreadcrumbList\",\"@id\":\"https:\/\/www.rooderchina.com\/product\/cb01b-rooder-fat-tire-electric-bike-48v-1000w-40ah-wholesale-price\/#breadcrumb\",\"itemListElement\":[{\"@type\":\"ListItem\",\"position\":1,\"name\":\"HOME\",\"item\":\"https:\/\/www.rooderchina.com\/\"},{\"@type\":\"ListItem\",\"position\":2,\"name\":\"Shop\",\"item\":\"https:\/\/www.rooderchina.com\/shop\/\"},{\"@type\":\"ListItem\",\"position\":3,\"name\":\"cb01b Rooder fat tire electric bike 48v 1000w 40ah wholesale price\"}]},{\"@type\":\"WebSite\",\"@id\":\"https:\/\/www.rooderchina.com\/#website\",\"url\":\"https:\/\/www.rooderchina.com\/\",\"name\":\"Electric Scooters Bikes Citycoco Manufacturer\",\"description\":\"Rooder Technology Limited\",\"publisher\":{\"@id\":\"https:\/\/www.rooderchina.com\/#organization\"},\"potentialAction\":[{\"@type\":\"SearchAction\",\"target\":{\"@type\":\"EntryPoint\",\"urlTemplate\":\"https:\/\/www.rooderchina.com\/?s={search_term_string}\"},\"query-input\":\"required name=search_term_string\"}],\"inLanguage\":\"es-AR\"},{\"@type\":\"Organization\",\"@id\":\"https:\/\/www.rooderchina.com\/#organization\",\"name\":\"Electric Scooters Bikes Citycoco Manufacturer\",\"url\":\"https:\/\/www.rooderchina.com\/\",\"logo\":{\"@type\":\"ImageObject\",\"inLanguage\":\"es-AR\",\"@id\":\"https:\/\/www.rooderchina.com\/#\/schema\/logo\/image\/\",\"url\":\"https:\/\/www.rooderchina.com\/wp-content\/uploads\/2023\/12\/rooder2.jpg\",\"contentUrl\":\"https:\/\/www.rooderchina.com\/wp-content\/uploads\/2023\/12\/rooder2.jpg\",\"width\":1723,\"height\":1037,\"caption\":\"Electric Scooters Bikes Citycoco Manufacturer\"},\"image\":{\"@id\":\"https:\/\/www.rooderchina.com\/#\/schema\/logo\/image\/\"},\"sameAs\":[\"https:\/\/www.facebook.com\/rooder.tec\",\"https:\/\/twitter.com\/RooderTec\"]}]}<\/script>\n<!-- \/ Yoast SEO plugin. -->","yoast_head_json":{"title":"cb01b Rooder fat tire electric bike 48v 1000w 40ah wholesale price - Electric Scooters Bikes Citycoco Manufacturer","robots":{"index":"index","follow":"follow","max-snippet":"max-snippet:-1","max-image-preview":"max-image-preview:large","max-video-preview":"max-video-preview:-1"},"canonical":"https:\/\/www.rooderchina.com\/es\/producto\/cb01b-rooder-fat-tire-electric-bike-48v-1000w-40ah-wholesale-price\/","og_locale":"es_ES","og_type":"article","og_title":"cb01b Rooder fat tire electric bike 48v 1000w 40ah wholesale price - Electric Scooters Bikes Citycoco Manufacturer","og_description":"Short Description: Rooder Technology Co., Ltd is a high-tech enterprise integrating research and development, production and trade with a registered capital of 2 million. Our main products are electric scooter, mobility scooters, the trailer for wheelchair, citycoco chopper, etc. We have been recognized by IS09001 international quality system and IS013485:2003 quality assurance system and ISO14001 quality and environmental system certification. Our products are approved by China authority inspection organizations and EU CE Certification. We also support customized solution. As your sincere partners, Rooder Group is committed to providing convenience for the disabled and the elderly, and make life colorful.    Brand: OEM\/ODM\/ROODER   Min.Order Quantity: 10 Piece\/Pieces   Supply Ability: 10000 Piece\/Pieces per Month   Port: Shenzhen   Payment Terms: T\/T, L\/C, D\/A, D\/P","og_url":"https:\/\/www.rooderchina.com\/es\/producto\/cb01b-rooder-fat-tire-electric-bike-48v-1000w-40ah-wholesale-price\/","og_site_name":"Electric Scooters Bikes Citycoco Manufacturer","article_publisher":"https:\/\/www.facebook.com\/rooder.tec","article_modified_time":"2023-11-11T10:49:45+00:00","og_image":[{"width":1000,"height":1000,"url":"https:\/\/www.rooderchina.com\/wp-content\/uploads\/2023\/11\/cb01b-Rooder-fat-tire-electric-bike-48v-1000w-40ah-wholesale-price-1.jpg","type":"image\/jpeg"}],"twitter_card":"summary_large_image","twitter_site":"@RooderTec","twitter_misc":{"Tiempo de lectura":"1 minuto"},"schema":{"@context":"https:\/\/schema.org","@graph":[{"@type":"WebPage","@id":"https:\/\/www.rooderchina.com\/product\/cb01b-rooder-fat-tire-electric-bike-48v-1000w-40ah-wholesale-price\/","url":"https:\/\/www.rooderchina.com\/product\/cb01b-rooder-fat-tire-electric-bike-48v-1000w-40ah-wholesale-price\/","name":"cb01b Rooder fat tire electric bike 48v 1000w 40ah wholesale price - Electric Scooters Bikes Citycoco Manufacturer","isPartOf":{"@id":"https:\/\/www.rooderchina.com\/#website"},"datePublished":"2023-11-11T10:49:12+00:00","dateModified":"2023-11-11T10:49:45+00:00","breadcrumb":{"@id":"https:\/\/www.rooderchina.com\/product\/cb01b-rooder-fat-tire-electric-bike-48v-1000w-40ah-wholesale-price\/#breadcrumb"},"inLanguage":"es-AR","potentialAction":[{"@type":"ReadAction","target":["https:\/\/www.rooderchina.com\/product\/cb01b-rooder-fat-tire-electric-bike-48v-1000w-40ah-wholesale-price\/"]}]},{"@type":"BreadcrumbList","@id":"https:\/\/www.rooderchina.com\/product\/cb01b-rooder-fat-tire-electric-bike-48v-1000w-40ah-wholesale-price\/#breadcrumb","itemListElement":[{"@type":"ListItem","position":1,"name":"HOME","item":"https:\/\/www.rooderchina.com\/"},{"@type":"ListItem","position":2,"name":"Shop","item":"https:\/\/www.rooderchina.com\/shop\/"},{"@type":"ListItem","position":3,"name":"cb01b Rooder fat tire electric bike 48v 1000w 40ah wholesale price"}]},{"@type":"WebSite","@id":"https:\/\/www.rooderchina.com\/#website","url":"https:\/\/www.rooderchina.com\/","name":"Electric Scooters Bikes Citycoco Manufacturer","description":"Rooder Technology Limited","publisher":{"@id":"https:\/\/www.rooderchina.com\/#organization"},"potentialAction":[{"@type":"SearchAction","target":{"@type":"EntryPoint","urlTemplate":"https:\/\/www.rooderchina.com\/?s={search_term_string}"},"query-input":"required name=search_term_string"}],"inLanguage":"es-AR"},{"@type":"Organization","@id":"https:\/\/www.rooderchina.com\/#organization","name":"Electric Scooters Bikes Citycoco Manufacturer","url":"https:\/\/www.rooderchina.com\/","logo":{"@type":"ImageObject","inLanguage":"es-AR","@id":"https:\/\/www.rooderchina.com\/#\/schema\/logo\/image\/","url":"https:\/\/www.rooderchina.com\/wp-content\/uploads\/2023\/12\/rooder2.jpg","contentUrl":"https:\/\/www.rooderchina.com\/wp-content\/uploads\/2023\/12\/rooder2.jpg","width":1723,"height":1037,"caption":"Electric Scooters Bikes Citycoco Manufacturer"},"image":{"@id":"https:\/\/www.rooderchina.com\/#\/schema\/logo\/image\/"},"sameAs":["https:\/\/www.facebook.com\/rooder.tec","https:\/\/twitter.com\/RooderTec"]}]}},"_links":{"self":[{"href":"https:\/\/www.rooderchina.com\/es\/wp-json\/wp\/v2\/product\/9785","targetHints":{"allow":["GET"]}}],"collection":[{"href":"https:\/\/www.rooderchina.com\/es\/wp-json\/wp\/v2\/product"}],"about":[{"href":"https:\/\/www.rooderchina.com\/es\/wp-json\/wp\/v2\/types\/product"}],"replies":[{"embeddable":true,"href":"https:\/\/www.rooderchina.com\/es\/wp-json\/wp\/v2\/comments?post=9785"}],"version-history":[{"count":1,"href":"https:\/\/www.rooderchina.com\/es\/wp-json\/wp\/v2\/product\/9785\/revisions"}],"predecessor-version":[{"id":9786,"href":"https:\/\/www.rooderchina.com\/es\/wp-json\/wp\/v2\/product\/9785\/revisions\/9786"}],"wp:featuredmedia":[{"embeddable":true,"href":"https:\/\/www.rooderchina.com\/es\/wp-json\/wp\/v2\/media\/9787"}],"wp:attachment":[{"href":"https:\/\/www.rooderchina.com\/es\/wp-json\/wp\/v2\/media?parent=9785"}],"wp:term":[{"taxonomy":"product_brand","embeddable":true,"href":"https:\/\/www.rooderchina.com\/es\/wp-json\/wp\/v2\/product_brand?post=9785"},{"taxonomy":"product_cat","embeddable":true,"href":"https:\/\/www.rooderchina.com\/es\/wp-json\/wp\/v2\/product_cat?post=9785"},{"taxonomy":"product_tag","embeddable":true,"href":"https:\/\/www.rooderchina.com\/es\/wp-json\/wp\/v2\/product_tag?post=9785"}],"curies":[{"name":"wp","href":"https:\/\/api.w.org\/{rel}","templated":true}]}}