{"id":9775,"date":"2023-11-11T18:49:12","date_gmt":"2023-11-11T10:49:12","guid":{"rendered":"http:\/\/www.rooderchina.com\/index.php\/product\/mangosteen-m1p-custom-rooder-2000w-30ah-battery-eec-coc-for-sale\/"},"modified":"2023-12-08T18:43:05","modified_gmt":"2023-12-08T10:43:05","slug":"mangosteen-m1p-custom-rooder-2000w-30ah-battery-eec-coc-for-sale","status":"publish","type":"product","link":"https:\/\/www.rooderchina.com\/es\/producto\/mangosteen-m1p-custom-rooder-2000w-30ah-battery-eec-coc-for-sale\/","title":{"rendered":"mangost\u00e1n m1p personalizado Rooder 2000w 30ah bater\u00eda CEE COC para la venta."},"content":{"rendered":"<p>Mangosteen <a title=\"View all posts in m1p\" href=\"https:\/\/www.rooderchina.com\/es\/tag\/m1p\/\" target=\"_blank\" rel=\"noopener\">m1p<\/a> custom Rooder Specifications:<\/p>\n<p>Model: Rooder m1ps SARA-E, 60v 2000w 30ah 65kmph<\/p>\n<p>Brand: Rooder\/ Mangosteen \/ depends on stock<\/p>\n<p>Frame material: Seamless iron alloy frame<\/p>\n<p>Front Tyre size: Rubber 130\/70-12 TNT E4 \/ DOT<\/p>\n<p>Rear Tyre size: Rubber 215\/40-12 TNT E4 \/ DOT<\/p>\n<p>Tyre pressure: front 225kpa, rear 151kpa<\/p>\n<p>Front fork: ronzlla mechanical Fork<\/p>\n<p>Brake type: High quality Front and Rear Disc brake<\/p>\n<p>Motor power: 60 Voltage, 2000W powerful brushless engine. Option 3000w, 4000w and DIY 8000w(2024-2025)<\/p>\n<p>Max speed: 45km\/h COC for Europe, 65km\/h or 40 MPH for US, Canada, Australia, Brazil, Dubai and worldwide.<\/p>\n<p>Grade-ability: 30 degrees<\/p>\n<p>Max loading: 200 kgs or 440 pounds for heavy adults<\/p>\n<p>Battery: 60V, 30Ah Lithium-ion <a title=\"View all posts in mangosteen\" href=\"https:\/\/www.rooderchina.com\/es\/tag\/mangosteen\/\" target=\"_blank\" rel=\"noopener\">mangost\u00e1n<\/a> removable battery. Option: 20ah, 40ah and 50ah.<\/p>\n<p>Range: 60-80 km mileage per charge<\/p>\n<p>Charger: 67.2V, 5A fast charger<\/p>\n<p>Charging time: 6 hours<\/p>\n<p>Working temperature: -20~40\u2103, no problem for Russia, Canada and EU.<\/p>\n<p>Waterproof standard: IP54<\/p>\n<p>Display: LCD display, charge indicator, speedometer, odometer, trip odometer, throttle gear level etc<\/p>\n<p>Front ShockAbsorber: Hydraulic shock Fork<\/p>\n<p>Rear Shock Absorber: Aluminum alloy spring shock absorber<\/p>\n<p>Light system: LED headlight, brake light, turn lights<\/p>\n<p>Saddle height: 63.5 cm<\/p>\n<p>Suitable height: 160-210 cm, Adjustable handlebar<\/p>\n<p>Alarm: alarm with 2 pieces remote<\/p>\n<p>Product net weight: 92 kgs or 202 pounds<\/p>\n<p>Gross weight: 122 kgs or 269 pounds<\/p>\n<p>Certificates: CE, FCC, ROHS, EEC, COC,MSDS, UN38.3<\/p>\n<p>Product size: 212*85*110 cm \uff08L*W*H)<\/p>\n<p>Package size: 190*40*87.5 cm\uff08L*W*H)<\/p>\n<p>Package list: city coco scooter, mirrors, charger, tools, citycoco manual<\/p>\n<p>20GP container: 40 units<\/p>\n<p>40HQ container: 105 units<\/p>\n<p><strong><a title=\"View all posts in mangosteen m1p\" href=\"https:\/\/www.rooderchina.com\/es\/tag\/mangosteen-m1p\/\" target=\"_blank\" rel=\"noopener\">mangost\u00e1n m1p<\/a> Images:<\/strong><\/p>\n<p><a title=\"View all posts in mangosteen m1p\" href=\"https:\/\/www.rooderchina.com\/es\/tag\/mangosteen-m1p\/\" target=\"_blank\" rel=\"noopener\">mangost\u00e1n m1p<\/a> review video by\u00a0Gavin Lee from Rooder Group.<\/p>\n<p><iframe loading=\"lazy\" title=\"mangost\u00e1n m1p\" src=\"https:\/\/www.youtube.com\/embed\/Pn90zgkh5ew?rel=0&amp;autoplay=0\" width=\"480\" height=\"270\" frameborder=\"0\" allowfullscreen=\"allowfullscreen\"><\/iframe><\/p>\n<p>m1p scooter factory, it\u2019s made by Shenzhen Rooder Technology Co., Limited<\/p>\n<p><iframe loading=\"lazy\" title=\"m1p scooter factory\" src=\"https:\/\/www.youtube.com\/embed\/uk7SKZr9NGg?rel=0&amp;autoplay=0\" width=\"480\" height=\"270\" frameborder=\"0\" allowfullscreen=\"allowfullscreen\"><\/iframe><\/p>\n<p>&nbsp;<\/p>\n<p><strong><a title=\"View all posts in mangosteen\" href=\"https:\/\/www.rooderchina.com\/es\/tag\/mangosteen\/\" target=\"_blank\" rel=\"noopener\">mangost\u00e1n<\/a> m1p is made by\u00a0Rooder technology Co., Ltd.<\/strong><\/p>\n<p>Founded in 2010, Rooder technology Co., Ltd. is one of a leading manufacturers of electric scooter, self-balance scooter, e-bike, integrating R&amp;D, production, sales and service. With more than 8 years experience in riding traffic tools design and production, we are confident that we have the capabilities to build up a prestigious brand domestically and worldwide.<\/p>\n<p>We have been serving various customers all over the world like Europe, USA, South America, the Middle East, Japan and Korea etc. Our products passed ROHS, CE, UL certification. All kinds of OEM &amp; ODM orders are welcomed !<\/p>","protected":false},"excerpt":{"rendered":"<h3>Breve descripci\u00f3n:<\/h3>\n<p>El Mangosteen M1P es un scooter el\u00e9ctrico con una bater\u00eda de litio de 60V 30Ah que puede recorrer hasta 55 millas con una sola carga. La bater\u00eda Rooder es extra\u00edble, por lo que se puede cargar en cualquier lugar que tenga acceso a una toma de corriente. El M1P tiene un dise\u00f1o de bater\u00eda de intercambio r\u00e1pido que permite una carga f\u00e1cil. Puedes comprar el scooter m1p en Rooder Group al mejor precio al por mayor. whatsap +8613632905138<\/p>\n<p>&nbsp;<\/p>\n<p>&nbsp;<\/p>\n<ul>\n<li><em>Marca: <\/em> OEM\/ODM\/RODER<\/li>\n<li><em>Cantidad m\u00ednima de pedido: <\/em> 10 piezas\/piezas<\/li>\n<li><em>Capacidad de suministro: <\/em> 10000 piezas por mes<\/li>\n<li><em>Puerto: <\/em> Shenzhen<\/li>\n<li><em>Condiciones de pago: <\/em> T\/T, L\/C, D\/A, D\/P<\/li>\n<\/ul>\n<p>&nbsp;<\/p>","protected":false},"featured_media":9777,"comment_status":"closed","ping_status":"closed","template":"","meta":[],"product_brand":[],"product_cat":[464],"product_tag":[837,734,738,1183],"class_list":{"0":"post-9775","1":"product","2":"type-product","3":"status-publish","4":"has-post-thumbnail","6":"product_cat-citycoco-choppers","7":"product_tag-m1p","8":"product_tag-mangosteen","9":"product_tag-mangosteen-m1p","10":"product_tag-rooder-citycoco-chopper-electric-scooter","12":"first","13":"instock","14":"product-type-simple"},"yoast_head":"<!-- This site is optimized with the Yoast SEO plugin v21.7 - https:\/\/yoast.com\/wordpress\/plugins\/seo\/ -->\n<title>mangosteen m1p custom Rooder 2000w 30ah battery EEC COC for sale. - Electric Scooters Bikes Citycoco Manufacturer<\/title>\n<meta name=\"robots\" content=\"index, follow, max-snippet:-1, max-image-preview:large, max-video-preview:-1\" \/>\n<link rel=\"canonical\" href=\"https:\/\/www.rooderchina.com\/es\/producto\/mangosteen-m1p-custom-rooder-2000w-30ah-battery-eec-coc-for-sale\/\" \/>\n<meta property=\"og:locale\" content=\"es_ES\" \/>\n<meta property=\"og:type\" content=\"article\" \/>\n<meta property=\"og:title\" content=\"mangosteen m1p custom Rooder 2000w 30ah battery EEC COC for sale. - Electric Scooters Bikes Citycoco Manufacturer\" \/>\n<meta property=\"og:description\" content=\"Short Description: The Mangosteen M1P is an electric scooter with a 60V 30Ah lithium battery that can travel up to 55 miles on a single charge. The Rooder battery is removable, so you can charge it anywhere you have access to a power outlet. The M1P has a quick swap battery design that allows for easy charging. You can buy the m1p scooter from Rooder Group at the best wholesale price. whatsap +8613632905138  &nbsp;  &nbsp;   Brand: OEM\/ODM\/ROODER  Min.Order Quantity: 10 Piece\/Pieces  Supply Ability: 10000 Piece\/Pieces per Month  Port: Shenzhen  Payment Terms: T\/T, L\/C, D\/A, D\/P  &nbsp;\" \/>\n<meta property=\"og:url\" content=\"https:\/\/www.rooderchina.com\/es\/producto\/mangosteen-m1p-custom-rooder-2000w-30ah-battery-eec-coc-for-sale\/\" \/>\n<meta property=\"og:site_name\" content=\"Electric Scooters Bikes Citycoco Manufacturer\" \/>\n<meta property=\"article:publisher\" content=\"https:\/\/www.facebook.com\/rooder.tec\" \/>\n<meta property=\"article:modified_time\" content=\"2023-12-08T10:43:05+00:00\" \/>\n<meta property=\"og:image\" content=\"https:\/\/www.rooderchina.com\/wp-content\/uploads\/2023\/11\/mangosteen-m1p-custom-Rooder-2000w-30ah-battery-EEC-COC-for-sale-1.jpg\" \/>\n\t<meta property=\"og:image:width\" content=\"1000\" \/>\n\t<meta property=\"og:image:height\" content=\"1000\" \/>\n\t<meta property=\"og:image:type\" content=\"image\/jpeg\" \/>\n<meta name=\"twitter:card\" content=\"summary_large_image\" \/>\n<meta name=\"twitter:site\" content=\"@RooderTec\" \/>\n<meta name=\"twitter:label1\" content=\"Tiempo de lectura\" \/>\n\t<meta name=\"twitter:data1\" content=\"2 minutos\" \/>\n<script type=\"application\/ld+json\" class=\"yoast-schema-graph\">{\"@context\":\"https:\/\/schema.org\",\"@graph\":[{\"@type\":\"WebPage\",\"@id\":\"https:\/\/www.rooderchina.com\/product\/mangosteen-m1p-custom-rooder-2000w-30ah-battery-eec-coc-for-sale\/\",\"url\":\"https:\/\/www.rooderchina.com\/product\/mangosteen-m1p-custom-rooder-2000w-30ah-battery-eec-coc-for-sale\/\",\"name\":\"mangosteen m1p custom Rooder 2000w 30ah battery EEC COC for sale. - Electric Scooters Bikes Citycoco Manufacturer\",\"isPartOf\":{\"@id\":\"https:\/\/www.rooderchina.com\/#website\"},\"datePublished\":\"2023-11-11T10:49:12+00:00\",\"dateModified\":\"2023-12-08T10:43:05+00:00\",\"breadcrumb\":{\"@id\":\"https:\/\/www.rooderchina.com\/product\/mangosteen-m1p-custom-rooder-2000w-30ah-battery-eec-coc-for-sale\/#breadcrumb\"},\"inLanguage\":\"es-AR\",\"potentialAction\":[{\"@type\":\"ReadAction\",\"target\":[\"https:\/\/www.rooderchina.com\/product\/mangosteen-m1p-custom-rooder-2000w-30ah-battery-eec-coc-for-sale\/\"]}]},{\"@type\":\"BreadcrumbList\",\"@id\":\"https:\/\/www.rooderchina.com\/product\/mangosteen-m1p-custom-rooder-2000w-30ah-battery-eec-coc-for-sale\/#breadcrumb\",\"itemListElement\":[{\"@type\":\"ListItem\",\"position\":1,\"name\":\"HOME\",\"item\":\"https:\/\/www.rooderchina.com\/\"},{\"@type\":\"ListItem\",\"position\":2,\"name\":\"Shop\",\"item\":\"https:\/\/www.rooderchina.com\/shop\/\"},{\"@type\":\"ListItem\",\"position\":3,\"name\":\"mangosteen m1p custom Rooder 2000w 30ah battery EEC COC for sale.\"}]},{\"@type\":\"WebSite\",\"@id\":\"https:\/\/www.rooderchina.com\/#website\",\"url\":\"https:\/\/www.rooderchina.com\/\",\"name\":\"Electric Scooters Bikes Citycoco Manufacturer\",\"description\":\"Rooder Technology Limited\",\"publisher\":{\"@id\":\"https:\/\/www.rooderchina.com\/#organization\"},\"potentialAction\":[{\"@type\":\"SearchAction\",\"target\":{\"@type\":\"EntryPoint\",\"urlTemplate\":\"https:\/\/www.rooderchina.com\/?s={search_term_string}\"},\"query-input\":\"required name=search_term_string\"}],\"inLanguage\":\"es-AR\"},{\"@type\":\"Organization\",\"@id\":\"https:\/\/www.rooderchina.com\/#organization\",\"name\":\"Electric Scooters Bikes Citycoco Manufacturer\",\"url\":\"https:\/\/www.rooderchina.com\/\",\"logo\":{\"@type\":\"ImageObject\",\"inLanguage\":\"es-AR\",\"@id\":\"https:\/\/www.rooderchina.com\/#\/schema\/logo\/image\/\",\"url\":\"https:\/\/www.rooderchina.com\/wp-content\/uploads\/2023\/12\/rooder2.jpg\",\"contentUrl\":\"https:\/\/www.rooderchina.com\/wp-content\/uploads\/2023\/12\/rooder2.jpg\",\"width\":1723,\"height\":1037,\"caption\":\"Electric Scooters Bikes Citycoco Manufacturer\"},\"image\":{\"@id\":\"https:\/\/www.rooderchina.com\/#\/schema\/logo\/image\/\"},\"sameAs\":[\"https:\/\/www.facebook.com\/rooder.tec\",\"https:\/\/twitter.com\/RooderTec\"]}]}<\/script>\n<!-- \/ Yoast SEO plugin. -->","yoast_head_json":{"title":"mangosteen m1p custom Rooder 2000w 30ah battery EEC COC for sale. - Electric Scooters Bikes Citycoco Manufacturer","robots":{"index":"index","follow":"follow","max-snippet":"max-snippet:-1","max-image-preview":"max-image-preview:large","max-video-preview":"max-video-preview:-1"},"canonical":"https:\/\/www.rooderchina.com\/es\/producto\/mangosteen-m1p-custom-rooder-2000w-30ah-battery-eec-coc-for-sale\/","og_locale":"es_ES","og_type":"article","og_title":"mangosteen m1p custom Rooder 2000w 30ah battery EEC COC for sale. - Electric Scooters Bikes Citycoco Manufacturer","og_description":"Short Description: The Mangosteen M1P is an electric scooter with a 60V 30Ah lithium battery that can travel up to 55 miles on a single charge. The Rooder battery is removable, so you can charge it anywhere you have access to a power outlet. The M1P has a quick swap battery design that allows for easy charging. You can buy the m1p scooter from Rooder Group at the best wholesale price. whatsap +8613632905138  &nbsp;  &nbsp;   Brand: OEM\/ODM\/ROODER  Min.Order Quantity: 10 Piece\/Pieces  Supply Ability: 10000 Piece\/Pieces per Month  Port: Shenzhen  Payment Terms: T\/T, L\/C, D\/A, D\/P  &nbsp;","og_url":"https:\/\/www.rooderchina.com\/es\/producto\/mangosteen-m1p-custom-rooder-2000w-30ah-battery-eec-coc-for-sale\/","og_site_name":"Electric Scooters Bikes Citycoco Manufacturer","article_publisher":"https:\/\/www.facebook.com\/rooder.tec","article_modified_time":"2023-12-08T10:43:05+00:00","og_image":[{"width":1000,"height":1000,"url":"https:\/\/www.rooderchina.com\/wp-content\/uploads\/2023\/11\/mangosteen-m1p-custom-Rooder-2000w-30ah-battery-EEC-COC-for-sale-1.jpg","type":"image\/jpeg"}],"twitter_card":"summary_large_image","twitter_site":"@RooderTec","twitter_misc":{"Tiempo de lectura":"2 minutos"},"schema":{"@context":"https:\/\/schema.org","@graph":[{"@type":"WebPage","@id":"https:\/\/www.rooderchina.com\/product\/mangosteen-m1p-custom-rooder-2000w-30ah-battery-eec-coc-for-sale\/","url":"https:\/\/www.rooderchina.com\/product\/mangosteen-m1p-custom-rooder-2000w-30ah-battery-eec-coc-for-sale\/","name":"mangosteen m1p custom Rooder 2000w 30ah battery EEC COC for sale. - Electric Scooters Bikes Citycoco Manufacturer","isPartOf":{"@id":"https:\/\/www.rooderchina.com\/#website"},"datePublished":"2023-11-11T10:49:12+00:00","dateModified":"2023-12-08T10:43:05+00:00","breadcrumb":{"@id":"https:\/\/www.rooderchina.com\/product\/mangosteen-m1p-custom-rooder-2000w-30ah-battery-eec-coc-for-sale\/#breadcrumb"},"inLanguage":"es-AR","potentialAction":[{"@type":"ReadAction","target":["https:\/\/www.rooderchina.com\/product\/mangosteen-m1p-custom-rooder-2000w-30ah-battery-eec-coc-for-sale\/"]}]},{"@type":"BreadcrumbList","@id":"https:\/\/www.rooderchina.com\/product\/mangosteen-m1p-custom-rooder-2000w-30ah-battery-eec-coc-for-sale\/#breadcrumb","itemListElement":[{"@type":"ListItem","position":1,"name":"HOME","item":"https:\/\/www.rooderchina.com\/"},{"@type":"ListItem","position":2,"name":"Shop","item":"https:\/\/www.rooderchina.com\/shop\/"},{"@type":"ListItem","position":3,"name":"mangosteen m1p custom Rooder 2000w 30ah battery EEC COC for sale."}]},{"@type":"WebSite","@id":"https:\/\/www.rooderchina.com\/#website","url":"https:\/\/www.rooderchina.com\/","name":"Electric Scooters Bikes Citycoco Manufacturer","description":"Rooder Technology Limited","publisher":{"@id":"https:\/\/www.rooderchina.com\/#organization"},"potentialAction":[{"@type":"SearchAction","target":{"@type":"EntryPoint","urlTemplate":"https:\/\/www.rooderchina.com\/?s={search_term_string}"},"query-input":"required name=search_term_string"}],"inLanguage":"es-AR"},{"@type":"Organization","@id":"https:\/\/www.rooderchina.com\/#organization","name":"Electric Scooters Bikes Citycoco Manufacturer","url":"https:\/\/www.rooderchina.com\/","logo":{"@type":"ImageObject","inLanguage":"es-AR","@id":"https:\/\/www.rooderchina.com\/#\/schema\/logo\/image\/","url":"https:\/\/www.rooderchina.com\/wp-content\/uploads\/2023\/12\/rooder2.jpg","contentUrl":"https:\/\/www.rooderchina.com\/wp-content\/uploads\/2023\/12\/rooder2.jpg","width":1723,"height":1037,"caption":"Electric Scooters Bikes Citycoco Manufacturer"},"image":{"@id":"https:\/\/www.rooderchina.com\/#\/schema\/logo\/image\/"},"sameAs":["https:\/\/www.facebook.com\/rooder.tec","https:\/\/twitter.com\/RooderTec"]}]}},"_links":{"self":[{"href":"https:\/\/www.rooderchina.com\/es\/wp-json\/wp\/v2\/product\/9775","targetHints":{"allow":["GET"]}}],"collection":[{"href":"https:\/\/www.rooderchina.com\/es\/wp-json\/wp\/v2\/product"}],"about":[{"href":"https:\/\/www.rooderchina.com\/es\/wp-json\/wp\/v2\/types\/product"}],"replies":[{"embeddable":true,"href":"https:\/\/www.rooderchina.com\/es\/wp-json\/wp\/v2\/comments?post=9775"}],"version-history":[{"count":2,"href":"https:\/\/www.rooderchina.com\/es\/wp-json\/wp\/v2\/product\/9775\/revisions"}],"predecessor-version":[{"id":18121,"href":"https:\/\/www.rooderchina.com\/es\/wp-json\/wp\/v2\/product\/9775\/revisions\/18121"}],"wp:featuredmedia":[{"embeddable":true,"href":"https:\/\/www.rooderchina.com\/es\/wp-json\/wp\/v2\/media\/9777"}],"wp:attachment":[{"href":"https:\/\/www.rooderchina.com\/es\/wp-json\/wp\/v2\/media?parent=9775"}],"wp:term":[{"taxonomy":"product_brand","embeddable":true,"href":"https:\/\/www.rooderchina.com\/es\/wp-json\/wp\/v2\/product_brand?post=9775"},{"taxonomy":"product_cat","embeddable":true,"href":"https:\/\/www.rooderchina.com\/es\/wp-json\/wp\/v2\/product_cat?post=9775"},{"taxonomy":"product_tag","embeddable":true,"href":"https:\/\/www.rooderchina.com\/es\/wp-json\/wp\/v2\/product_tag?post=9775"}],"curies":[{"name":"wp","href":"https:\/\/api.w.org\/{rel}","templated":true}]}}